{"id":2725,"date":"2018-07-17T08:39:27","date_gmt":"2018-07-17T06:39:27","guid":{"rendered":"https:\/\/litteraturbanken.se\/skoladev\/?page_id=2725"},"modified":"2020-03-02T13:02:52","modified_gmt":"2020-03-02T12:02:52","slug":"poesi-forfattare-karin-boye-morgon","status":"publish","type":"page","link":"https:\/\/litteraturbanken.se\/skolan\/poesi-forfattare-karin-boye-morgon\/","title":{"rendered":"Poesi\/F\u00f6rfattare\/Karin Boye\/Morgon"},"content":{"rendered":"\t\t<div data-elementor-type=\"wp-post\" data-elementor-id=\"2725\" class=\"elementor elementor-2725\">\n\t\t\t\t\t\t<section class=\"elementor-section elementor-top-section elementor-element elementor-element-e513031 elementor-section-boxed elementor-section-height-default elementor-section-height-default\" data-id=\"e513031\" data-element_type=\"section\" data-e-type=\"section\">\n\t\t\t\t\t\t<div class=\"elementor-container elementor-column-gap-default\">\n\t\t\t\t\t<div class=\"elementor-column elementor-col-100 elementor-top-column elementor-element elementor-element-da03c6d\" data-id=\"da03c6d\" data-element_type=\"column\" data-e-type=\"column\">\n\t\t\t<div class=\"elementor-widget-wrap elementor-element-populated\">\n\t\t\t\t\t\t<div class=\"elementor-element elementor-element-60e5d90 elementor-widget elementor-widget-spacer\" data-id=\"60e5d90\" data-element_type=\"widget\" data-e-type=\"widget\" data-widget_type=\"spacer.default\">\n\t\t\t\t<div class=\"elementor-widget-container\">\n\t\t\t\t\t\t\t<div class=\"elementor-spacer\">\n\t\t\t<div class=\"elementor-spacer-inner\"><\/div>\n\t\t<\/div>\n\t\t\t\t\t\t<\/div>\n\t\t\t\t<\/div>\n\t\t\t\t\t<\/div>\n\t\t<\/div>\n\t\t\t\t\t<\/div>\n\t\t<\/section>\n\t\t\t\t<section class=\"elementor-section elementor-inner-section elementor-element elementor-element-61a44ea elementor-section-boxed elementor-section-height-default elementor-section-height-default\" data-id=\"61a44ea\" data-element_type=\"section\" data-e-type=\"section\">\n\t\t\t\t\t\t<div class=\"elementor-container elementor-column-gap-default\">\n\t\t\t\t\t<div class=\"elementor-column elementor-col-66 elementor-inner-column elementor-element elementor-element-376b327\" data-id=\"376b327\" data-element_type=\"column\" data-e-type=\"column\" data-settings=\"{&quot;background_background&quot;:&quot;classic&quot;}\">\n\t\t\t<div class=\"elementor-widget-wrap elementor-element-populated\">\n\t\t\t\t\t\t<div class=\"elementor-element elementor-element-6c78445 elementor-widget elementor-widget-heading\" data-id=\"6c78445\" data-element_type=\"widget\" data-e-type=\"widget\" data-widget_type=\"heading.default\">\n\t\t\t\t<div class=\"elementor-widget-container\">\n\t\t\t\t\t<h2 class=\"elementor-heading-title elementor-size-default\">Morgon<\/h2>\t\t\t\t<\/div>\n\t\t\t\t<\/div>\n\t\t\t\t<div class=\"elementor-element elementor-element-72fab7e elementor-widget elementor-widget-text-editor\" data-id=\"72fab7e\" data-element_type=\"widget\" data-e-type=\"widget\" data-widget_type=\"text-editor.default\">\n\t\t\t\t<div class=\"elementor-widget-container\">\n\t\t\t\t\t\t\t\t\t<p>Av <a href=\"https:\/\/litteraturbanken.se\/skolan\/?page_id=136\"><em>Karin Boye<\/em><\/a><\/p>\t\t\t\t\t\t\t\t<\/div>\n\t\t\t\t<\/div>\n\t\t\t\t<div class=\"elementor-element elementor-element-68bb3cc elementor-widget elementor-widget-text-editor\" data-id=\"68bb3cc\" data-element_type=\"widget\" data-e-type=\"widget\" data-widget_type=\"text-editor.default\">\n\t\t\t\t<div class=\"elementor-widget-container\">\n\t\t\t\t\t\t\t\t\t<p><strong>Ur:\u00a0<\/strong><i>Moln\u00a0<\/i><span style=\"font-size: 15px; letter-spacing: 0.6px;\">(1922)<\/span><span style=\"font-size: 15px; letter-spacing: 0.6px;\">\u00a0\u00a0<\/span><strong>\u00c5rskurs:\u00a0<\/strong>7\u20139 \u00a0\u00a0<strong>Tema:\u00a0<\/strong>K\u00e4rlek,\u00a0Lycklig k\u00e4rlek,\u00a0V\u00e5r<\/p>\t\t\t\t\t\t\t\t<\/div>\n\t\t\t\t<\/div>\n\t\t\t\t<div class=\"elementor-element elementor-element-93380a3 elementor-widget elementor-widget-text-editor\" data-id=\"93380a3\" data-element_type=\"widget\" data-e-type=\"widget\" data-widget_type=\"text-editor.default\">\n\t\t\t\t<div class=\"elementor-widget-container\">\n\t\t\t\t\t\t\t\t\t<div class=\"_lg\"><div class=\"_l\"><div class=\"lg _lg\"><div class=\"l _l\"><div class=\"l _l\"><span id=\"lb29291_5555\" class=\"w\">N\u00e4r<\/span>\u00a0<span id=\"lb29291_5557\" class=\"w\">morgonens<\/span>\u00a0<span id=\"lb29291_5559\" class=\"w\">sol<\/span>\u00a0<span id=\"lb29291_5561\" class=\"w\">genom<\/span>\u00a0<span id=\"lb29291_5563\" class=\"w\">rutan<\/span>\u00a0<span id=\"lb29291_5565\" class=\"w\">smyger<\/span><span id=\"lb29291_5566\" class=\"w\">,<\/span><\/div><div class=\"l _l\"><span id=\"lb29291_5570\" class=\"w\">glad<\/span>\u00a0<span id=\"lb29291_5572\" class=\"w\">och<\/span>\u00a0<span id=\"lb29291_5574\" class=\"w\">f\u00f6rsiktig<\/span><span id=\"lb29291_5575\" class=\"w\">,<\/span><\/div><div class=\"l _l\"><span id=\"lb29291_5579\" class=\"w\">lik<\/span>\u00a0<span id=\"lb29291_5581\" class=\"w\">ett<\/span>\u00a0<span id=\"lb29291_5583\" class=\"w\">barn<\/span><span id=\"lb29291_5584\" class=\"w\">,<\/span>\u00a0<span id=\"lb29291_5586\" class=\"w\">som<\/span>\u00a0<span id=\"lb29291_5588\" class=\"w\">vill<\/span>\u00a0<span id=\"lb29291_5590\" class=\"w\">\u00f6verraska<\/span><\/div><div class=\"l _l\"><span id=\"lb29291_5594\" class=\"w\">tidigt<\/span><span id=\"lb29291_5595\" class=\"w\">,<\/span>\u00a0<span id=\"lb29291_5597\" class=\"w\">tidigt<\/span>\u00a0<span id=\"lb29291_5599\" class=\"w\">en<\/span>\u00a0<span id=\"lb29291_5601\" class=\"w\">festlig<\/span>\u00a0<span id=\"lb29291_5603\" class=\"w\">dag<\/span>\u00a0<span id=\"lb29291_5605\" class=\"w\">\u2013<\/span><\/div><div class=\"l _l\"><span id=\"lb29291_5609\" class=\"w\">d\u00e5<\/span>\u00a0<span id=\"lb29291_5611\" class=\"w\">str\u00e4cker<\/span>\u00a0<span id=\"lb29291_5613\" class=\"w\">jag<\/span>\u00a0<span id=\"lb29291_5615\" class=\"w\">full<\/span>\u00a0<span id=\"lb29291_5617\" class=\"w\">av<\/span>\u00a0<span id=\"lb29291_5619\" class=\"w\">v\u00e4xande<\/span>\u00a0<span id=\"lb29291_5621\" class=\"w\">jubel<\/span><\/div><div class=\"l _l\"><span id=\"lb29291_5625\" class=\"w\">\u00f6ppna<\/span>\u00a0<span id=\"lb29291_5627\" class=\"w\">famnen<\/span>\u00a0<span id=\"lb29291_5629\" class=\"w\">mot<\/span>\u00a0<span id=\"lb29291_5631\" class=\"w\">stundande<\/span>\u00a0<span id=\"lb29291_5633\" class=\"w\">dag<\/span>\u00a0<span id=\"lb29291_5635\" class=\"w\">\u2013<\/span><\/div><div class=\"l _l\"><span id=\"lb29291_5639\" class=\"w\">ty<\/span>\u00a0<span id=\"lb29291_5641\" class=\"w\">dagen<\/span>\u00a0<span id=\"lb29291_5643\" class=\"w\">\u00e4r<\/span>\u00a0<span id=\"lb29291_5645\" class=\"w\">du<\/span><span id=\"lb29291_5646\" class=\"w\">,<\/span><\/div><div class=\"l _l\"><span id=\"lb29291_5650\" class=\"w\">och<\/span>\u00a0<span id=\"lb29291_5652\" class=\"w\">ljuset<\/span>\u00a0<span id=\"lb29291_5654\" class=\"w\">\u00e4r<\/span>\u00a0<span id=\"lb29291_5656\" class=\"w\">du<\/span><span id=\"lb29291_5657\" class=\"w\">,<\/span><\/div><div class=\"l _l\"><span id=\"lb29291_5661\" class=\"w\">solen<\/span>\u00a0<span id=\"lb29291_5663\" class=\"w\">\u00e4r<\/span>\u00a0<span id=\"lb29291_5665\" class=\"w\">du<\/span><span id=\"lb29291_5666\" class=\"w\">,<\/span><\/div><div class=\"l _l\"><span id=\"lb29291_5670\" class=\"w\">och<\/span>\u00a0<span id=\"lb29291_5672\" class=\"w\">v\u00e5ren<\/span>\u00a0<span id=\"lb29291_5674\" class=\"w\">\u00e4r<\/span>\u00a0<span id=\"lb29291_5676\" class=\"w\">du<\/span><span id=\"lb29291_5677\" class=\"w\">,<\/span><\/div><div class=\"l _l\"><span id=\"lb29291_5681\" class=\"w\">och<\/span>\u00a0&#8230;&#8230;&#8230;&#8230;&#8230;&#8230;&#8230;&#8230;.<span id=\"lb29291_5683\" class=\"w\"><\/span><span id=\"lb29291_5702\" class=\"w\"><\/span><\/div><div>\u00a0<\/div><div><em>H\u00e4r f\u00e5r du avsluta dikten p\u00e5 egen hand &#8211; se uppgiften nedan.<\/em><\/div><\/div><\/div><\/div><\/div>\t\t\t\t\t\t\t\t<\/div>\n\t\t\t\t<\/div>\n\t\t\t\t\t<\/div>\n\t\t<\/div>\n\t\t\t\t<div class=\"elementor-column elementor-col-33 elementor-inner-column elementor-element elementor-element-1fab27d\" data-id=\"1fab27d\" data-element_type=\"column\" data-e-type=\"column\">\n\t\t\t<div class=\"elementor-widget-wrap elementor-element-populated\">\n\t\t\t\t\t\t<div class=\"elementor-element elementor-element-a100f1a elementor-widget elementor-widget-wp-widget-media_audio\" data-id=\"a100f1a\" data-element_type=\"widget\" data-e-type=\"widget\" data-widget_type=\"wp-widget-media_audio.default\">\n\t\t\t\t<div class=\"elementor-widget-container\">\n\t\t\t\t\t<h5>Paulina Helgeson l\u00e4ser \u201dMorgon\u201d av Karin Boye.<\/h5><audio class=\"wp-audio-shortcode\" id=\"audio-2725-1\" preload=\"none\" style=\"width: 100%;\" controls=\"controls\"><source type=\"audio\/mpeg\" src=\"https:\/\/litteraturbanken.se\/skolan\/wp-content\/uploads\/2019\/03\/boye_morgon_helgeson.mp3?_=1\" \/><source type=\"audio\/mpeg\" src=\"https:\/\/litteraturbanken.se\/skolan\/wp-content\/uploads\/2019\/03\/boye_morgon_helgeson.mp3?_=1\" \/><a href=\"https:\/\/litteraturbanken.se\/skolan\/wp-content\/uploads\/2019\/03\/boye_morgon_helgeson.mp3\">https:\/\/litteraturbanken.se\/skolan\/wp-content\/uploads\/2019\/03\/boye_morgon_helgeson.mp3<\/a><\/audio>\t\t\t\t<\/div>\n\t\t\t\t<\/div>\n\t\t\t\t<div class=\"elementor-element elementor-element-7a16fd3 elementor-icon-list--layout-traditional elementor-list-item-link-full_width elementor-widget elementor-widget-icon-list\" data-id=\"7a16fd3\" data-element_type=\"widget\" data-e-type=\"widget\" data-widget_type=\"icon-list.default\">\n\t\t\t\t<div class=\"elementor-widget-container\">\n\t\t\t\t\t\t\t<ul class=\"elementor-icon-list-items\">\n\t\t\t\t\t\t\t<li class=\"elementor-icon-list-item\">\n\t\t\t\t\t\t\t\t\t\t\t<a href=\"https:\/\/litteraturbanken.se\/forfattare\/BoyeK\/titlar\/Moln\/sida\/30\/etext\" target=\"_blank\">\n\n\t\t\t\t\t\t\t\t\t\t\t\t<span class=\"elementor-icon-list-icon\">\n\t\t\t\t\t\t\t\t\t\t\t\t\t\t\t\t<i class=\"fa fa-file-text-o\" aria-hidden=\"true\"><\/i>\n\t\t\t\t\t\t\t\t\t\t\t\t\t<\/span>\n\t\t\t\t\t\t\t\t\t\t<span class=\"elementor-icon-list-text\">L\u00e4s dikten p\u00e5 Litteraturbanken<\/span>\n\t\t\t\t\t\t\t\t\t\t\t<\/a>\n\t\t\t\t\t\t\t\t\t<\/li>\n\t\t\t\t\t\t\t\t<li class=\"elementor-icon-list-item\">\n\t\t\t\t\t\t\t\t\t\t\t<a href=\"https:\/\/litteraturbanken.se\/skolan\/?page_id=261\" target=\"_blank\">\n\n\t\t\t\t\t\t\t\t\t\t\t\t<span class=\"elementor-icon-list-icon\">\n\t\t\t\t\t\t\t\t\t\t\t\t\t\t\t\t<i class=\"fa fa-file-text-o\" aria-hidden=\"true\"><\/i>\n\t\t\t\t\t\t\t\t\t\t\t\t\t<\/span>\n\t\t\t\t\t\t\t\t\t\t<span class=\"elementor-icon-list-text\">Termer och begrepp<\/span>\n\t\t\t\t\t\t\t\t\t\t\t<\/a>\n\t\t\t\t\t\t\t\t\t<\/li>\n\t\t\t\t\t\t<\/ul>\n\t\t\t\t\t\t<\/div>\n\t\t\t\t<\/div>\n\t\t\t\t<div class=\"elementor-element elementor-element-afc2597 elementor-align-center elementor-widget elementor-widget-button\" data-id=\"afc2597\" data-element_type=\"widget\" data-e-type=\"widget\" data-widget_type=\"button.default\">\n\t\t\t\t<div class=\"elementor-widget-container\">\n\t\t\t\t\t\t\t\t\t<div class=\"elementor-button-wrapper\">\n\t\t\t\t\t<a class=\"elementor-button elementor-button-link elementor-size-md elementor-animation-grow\" href=\"#7\">\n\t\t\t\t\t\t<span class=\"elementor-button-content-wrapper\">\n\t\t\t\t\t\t<span class=\"elementor-button-icon\">\n\t\t\t\t\t\t\t\t\t<i class=\"fa fa-pencil\" aria-hidden=\"true\"><\/i>\n\t\t\t\t\t\t\t<\/span>\n\t\t\t\t\t\t\t\t\t<span class=\"elementor-button-text\">Uppgift, \u00e5k 7\u20139<\/span>\n\t\t\t\t\t<\/span>\n\t\t\t\t\t<\/a>\n\t\t\t\t<\/div>\n\t\t\t\t\t\t\t\t<\/div>\n\t\t\t\t<\/div>\n\t\t\t\t<div class=\"elementor-element elementor-element-3c339ee elementor-widget elementor-widget-image\" data-id=\"3c339ee\" data-element_type=\"widget\" data-e-type=\"widget\" data-widget_type=\"image.default\">\n\t\t\t\t<div class=\"elementor-widget-container\">\n\t\t\t\t\t\t\t\t\t\t\t\t\t\t\t<img fetchpriority=\"high\" decoding=\"async\" width=\"300\" height=\"300\" src=\"https:\/\/litteraturbanken.se\/skolan\/wp-content\/uploads\/2019\/03\/lb_skolan_2019_knapp_f\u00f6rfattarbild_karinboye_rosa-e1553014689438.jpg\" class=\"attachment-full size-full wp-image-12919\" alt=\"\" \/>\t\t\t\t\t\t\t\t\t\t\t\t\t\t\t<\/div>\n\t\t\t\t<\/div>\n\t\t\t\t\t<\/div>\n\t\t<\/div>\n\t\t\t\t\t<\/div>\n\t\t<\/section>\n\t\t\t\t<section class=\"elementor-section elementor-top-section elementor-element elementor-element-57b2ba5 elementor-section-boxed elementor-section-height-default elementor-section-height-default\" data-id=\"57b2ba5\" data-element_type=\"section\" data-e-type=\"section\">\n\t\t\t\t\t\t<div class=\"elementor-container elementor-column-gap-default\">\n\t\t\t\t\t<div class=\"elementor-column elementor-col-100 elementor-top-column elementor-element elementor-element-9d75b38\" data-id=\"9d75b38\" data-element_type=\"column\" data-e-type=\"column\">\n\t\t\t<div class=\"elementor-widget-wrap elementor-element-populated\">\n\t\t\t\t\t\t<div class=\"elementor-element elementor-element-e754642 elementor-widget elementor-widget-spacer\" data-id=\"e754642\" data-element_type=\"widget\" data-e-type=\"widget\" data-widget_type=\"spacer.default\">\n\t\t\t\t<div class=\"elementor-widget-container\">\n\t\t\t\t\t\t\t<div class=\"elementor-spacer\">\n\t\t\t<div class=\"elementor-spacer-inner\"><\/div>\n\t\t<\/div>\n\t\t\t\t\t\t<\/div>\n\t\t\t\t<\/div>\n\t\t\t\t\t<\/div>\n\t\t<\/div>\n\t\t\t\t\t<\/div>\n\t\t<\/section>\n\t\t\t\t<section class=\"elementor-section elementor-top-section elementor-element elementor-element-7536f94 elementor-section-boxed elementor-section-height-default elementor-section-height-default\" data-id=\"7536f94\" data-element_type=\"section\" data-e-type=\"section\">\n\t\t\t\t\t\t<div class=\"elementor-container elementor-column-gap-default\">\n\t\t\t\t\t<div class=\"elementor-column elementor-col-100 elementor-top-column elementor-element elementor-element-b5ad96c\" data-id=\"b5ad96c\" data-element_type=\"column\" data-e-type=\"column\" data-settings=\"{&quot;background_background&quot;:&quot;classic&quot;}\">\n\t\t\t<div class=\"elementor-widget-wrap elementor-element-populated\">\n\t\t\t\t\t\t<div class=\"elementor-element elementor-element-0e4b2d9 elementor-widget elementor-widget-menu-anchor\" data-id=\"0e4b2d9\" data-element_type=\"widget\" data-e-type=\"widget\" data-widget_type=\"menu-anchor.default\">\n\t\t\t\t<div class=\"elementor-widget-container\">\n\t\t\t\t\t\t\t<div class=\"elementor-menu-anchor\" id=\"7\"><\/div>\n\t\t\t\t\t\t<\/div>\n\t\t\t\t<\/div>\n\t\t\t\t<section class=\"elementor-section elementor-inner-section elementor-element elementor-element-1fa9a05 elementor-section-boxed elementor-section-height-default elementor-section-height-default\" data-id=\"1fa9a05\" data-element_type=\"section\" data-e-type=\"section\">\n\t\t\t\t\t\t<div class=\"elementor-container elementor-column-gap-default\">\n\t\t\t\t\t<div class=\"elementor-column elementor-col-100 elementor-inner-column elementor-element elementor-element-8875b6a\" data-id=\"8875b6a\" data-element_type=\"column\" data-e-type=\"column\">\n\t\t\t<div class=\"elementor-widget-wrap elementor-element-populated\">\n\t\t\t\t\t\t<div class=\"elementor-element elementor-element-ef3e271 elementor-view-framed elementor-shape-circle elementor-widget elementor-widget-icon\" data-id=\"ef3e271\" data-element_type=\"widget\" data-e-type=\"widget\" data-widget_type=\"icon.default\">\n\t\t\t\t<div class=\"elementor-widget-container\">\n\t\t\t\t\t\t\t<div class=\"elementor-icon-wrapper\">\n\t\t\t<div class=\"elementor-icon\">\n\t\t\t\t\t\t\t<i class=\"fa fa-pencil\" aria-hidden=\"true\"><\/i>\n\t\t\t\t\t\t<\/div>\n\t\t<\/div>\n\t\t\t\t\t\t<\/div>\n\t\t\t\t<\/div>\n\t\t\t\t<div class=\"elementor-element elementor-element-531d9b2 elementor-widget elementor-widget-toggle\" data-id=\"531d9b2\" data-element_type=\"widget\" data-e-type=\"widget\" data-widget_type=\"toggle.default\">\n\t\t\t\t<div class=\"elementor-widget-container\">\n\t\t\t\t\t\t\t<div class=\"elementor-toggle\">\n\t\t\t\t\t\t\t<div class=\"elementor-toggle-item\">\n\t\t\t\t\t<div id=\"elementor-tab-title-8711\" class=\"elementor-tab-title\" data-tab=\"1\" role=\"button\" aria-controls=\"elementor-tab-content-8711\" aria-expanded=\"false\">\n\t\t\t\t\t\t\t\t\t\t\t\t<span class=\"elementor-toggle-icon elementor-toggle-icon-left\" aria-hidden=\"true\">\n\t\t\t\t\t\t\t\t\t\t\t\t\t\t\t<i class=\"elementor-toggle-icon-closed fa fa-chevron-right\"><\/i>\n\t\t\t\t\t\t\t\t<i class=\"elementor-toggle-icon-opened fa fa-chevron-down\"><\/i>\n\t\t\t\t\t\t\t\t\t\t\t\t\t<\/span>\n\t\t\t\t\t\t\t\t\t\t\t\t<a class=\"elementor-toggle-title\" tabindex=\"0\">\u00c5rskurs 7\u20139<\/a>\n\t\t\t\t\t<\/div>\n\n\t\t\t\t\t<div id=\"elementor-tab-content-8711\" class=\"elementor-tab-content elementor-clearfix\" data-tab=\"1\" role=\"region\" aria-labelledby=\"elementor-tab-title-8711\"><p>Formulera ett eget slut p\u00e5 dikten. V\u00e4nta med att l\u00e4sa dikten i sin helhet\u00a0<a href=\"https:\/\/litteraturbanken.se\/f\u00f6rfattare\/BoyeK\/titlar\/Moln\/sida\/30\/etext\" target=\"_blank\" rel=\"noopener\">H\u00c4R<\/a>\u00a0till dess att du har skrivit dina egna avslutande rader.<\/p><p>Dikten inneh\u00e5ller en rad positivt laddade ord. Vilka?<\/p><\/div>\n\t\t\t\t<\/div>\n\t\t\t\t\t\t\t\t<\/div>\n\t\t\t\t\t\t<\/div>\n\t\t\t\t<\/div>\n\t\t\t\t\t<\/div>\n\t\t<\/div>\n\t\t\t\t\t<\/div>\n\t\t<\/section>\n\t\t\t\t<div class=\"elementor-element elementor-element-5a9a265 elementor-widget elementor-widget-spacer\" data-id=\"5a9a265\" data-element_type=\"widget\" data-e-type=\"widget\" data-widget_type=\"spacer.default\">\n\t\t\t\t<div class=\"elementor-widget-container\">\n\t\t\t\t\t\t\t<div class=\"elementor-spacer\">\n\t\t\t<div class=\"elementor-spacer-inner\"><\/div>\n\t\t<\/div>\n\t\t\t\t\t\t<\/div>\n\t\t\t\t<\/div>\n\t\t\t\t\t<\/div>\n\t\t<\/div>\n\t\t\t\t\t<\/div>\n\t\t<\/section>\n\t\t\t\t<section class=\"elementor-section elementor-top-section elementor-element elementor-element-f3f76f2 elementor-section-boxed elementor-section-height-default elementor-section-height-default\" data-id=\"f3f76f2\" data-element_type=\"section\" data-e-type=\"section\">\n\t\t\t\t\t\t<div class=\"elementor-container elementor-column-gap-default\">\n\t\t\t\t\t<div class=\"elementor-column elementor-col-100 elementor-top-column elementor-element elementor-element-91ff51a\" data-id=\"91ff51a\" data-element_type=\"column\" data-e-type=\"column\">\n\t\t\t<div class=\"elementor-widget-wrap elementor-element-populated\">\n\t\t\t\t\t\t<div class=\"elementor-element elementor-element-fc05ce0 elementor-widget elementor-widget-spacer\" data-id=\"fc05ce0\" data-element_type=\"widget\" data-e-type=\"widget\" data-widget_type=\"spacer.default\">\n\t\t\t\t<div class=\"elementor-widget-container\">\n\t\t\t\t\t\t\t<div class=\"elementor-spacer\">\n\t\t\t<div class=\"elementor-spacer-inner\"><\/div>\n\t\t<\/div>\n\t\t\t\t\t\t<\/div>\n\t\t\t\t<\/div>\n\t\t\t\t\t<\/div>\n\t\t<\/div>\n\t\t\t\t\t<\/div>\n\t\t<\/section>\n\t\t\t\t<\/div>\n\t\t","protected":false},"excerpt":{"rendered":"<p>Morgon Av Karin Boye Ur:\u00a0Moln\u00a0(1922)\u00a0\u00a0\u00c5rskurs:\u00a07\u20139 \u00a0\u00a0Tema:\u00a0K\u00e4rlek,\u00a0Lycklig k\u00e4rlek,\u00a0V\u00e5r N\u00e4r\u00a0morgonens\u00a0sol\u00a0genom\u00a0rutan\u00a0smyger,glad\u00a0och\u00a0f\u00f6rsiktig,lik\u00a0ett\u00a0barn,\u00a0som\u00a0vill\u00a0\u00f6verraskatidigt,\u00a0tidigt\u00a0en\u00a0festlig\u00a0dag\u00a0\u2013d\u00e5\u00a0str\u00e4cker\u00a0jag\u00a0full\u00a0av\u00a0v\u00e4xande\u00a0jubel\u00f6ppna\u00a0famnen\u00a0mot\u00a0stundande\u00a0dag\u00a0\u2013ty\u00a0dagen\u00a0\u00e4r\u00a0du,och\u00a0ljuset\u00a0\u00e4r\u00a0du,solen\u00a0\u00e4r\u00a0du,och\u00a0v\u00e5ren\u00a0\u00e4r\u00a0du,och\u00a0&#8230;&#8230;&#8230;&#8230;&#8230;&#8230;&#8230;&#8230;.\u00a0H\u00e4r f\u00e5r du avsluta dikten p\u00e5 egen hand &#8211; se uppgiften nedan. L\u00e4s dikten p\u00e5 Litteraturbanken Termer och begrepp Uppgift, \u00e5k 7\u20139 \u00c5rskurs 7\u20139 Formulera ett eget slut p\u00e5 dikten. V\u00e4nta med att l\u00e4sa dikten i sin helhet\u00a0H\u00c4R\u00a0till dess att du har skrivit dina egna avslutande rader. Dikten [&hellip;]<\/p>\n","protected":false},"author":5,"featured_media":0,"parent":0,"menu_order":0,"comment_status":"closed","ping_status":"closed","template":"","meta":{"ocean_post_layout":"full-screen","ocean_both_sidebars_style":"","ocean_both_sidebars_content_width":0,"ocean_both_sidebars_sidebars_width":0,"ocean_sidebar":"0","ocean_second_sidebar":"0","ocean_disable_margins":"enable","ocean_add_body_class":"","ocean_shortcode_before_top_bar":"","ocean_shortcode_after_top_bar":"","ocean_shortcode_before_header":"","ocean_shortcode_after_header":"","ocean_has_shortcode":"","ocean_shortcode_after_title":"","ocean_shortcode_before_footer_widgets":"","ocean_shortcode_after_footer_widgets":"","ocean_shortcode_before_footer_bottom":"","ocean_shortcode_after_footer_bottom":"","ocean_display_top_bar":"default","ocean_display_header":"default","ocean_header_style":"","ocean_center_header_left_menu":"0","ocean_custom_header_template":"0","ocean_custom_logo":0,"ocean_custom_retina_logo":0,"ocean_custom_logo_max_width":0,"ocean_custom_logo_tablet_max_width":0,"ocean_custom_logo_mobile_max_width":0,"ocean_custom_logo_max_height":0,"ocean_custom_logo_tablet_max_height":0,"ocean_custom_logo_mobile_max_height":0,"ocean_header_custom_menu":"0","ocean_menu_typo_font_family":"0","ocean_menu_typo_font_subset":"","ocean_menu_typo_font_size":0,"ocean_menu_typo_font_size_tablet":0,"ocean_menu_typo_font_size_mobile":0,"ocean_menu_typo_font_size_unit":"px","ocean_menu_typo_font_weight":"","ocean_menu_typo_font_weight_tablet":"","ocean_menu_typo_font_weight_mobile":"","ocean_menu_typo_transform":"","ocean_menu_typo_transform_tablet":"","ocean_menu_typo_transform_mobile":"","ocean_menu_typo_line_height":0,"ocean_menu_typo_line_height_tablet":0,"ocean_menu_typo_line_height_mobile":0,"ocean_menu_typo_line_height_unit":"","ocean_menu_typo_spacing":0,"ocean_menu_typo_spacing_tablet":0,"ocean_menu_typo_spacing_mobile":0,"ocean_menu_typo_spacing_unit":"","ocean_menu_link_color":"","ocean_menu_link_color_hover":"","ocean_menu_link_color_active":"","ocean_menu_link_background":"","ocean_menu_link_hover_background":"","ocean_menu_link_active_background":"","ocean_menu_social_links_bg":"","ocean_menu_social_hover_links_bg":"","ocean_menu_social_links_color":"","ocean_menu_social_hover_links_color":"","ocean_disable_title":"on","ocean_disable_heading":"default","ocean_post_title":"","ocean_post_subheading":"","ocean_post_title_style":"","ocean_post_title_background_color":"","ocean_post_title_background":0,"ocean_post_title_bg_image_position":"","ocean_post_title_bg_image_attachment":"","ocean_post_title_bg_image_repeat":"","ocean_post_title_bg_image_size":"","ocean_post_title_height":0,"ocean_post_title_bg_overlay":0.5,"ocean_post_title_bg_overlay_color":"","ocean_disable_breadcrumbs":"default","ocean_breadcrumbs_color":"","ocean_breadcrumbs_separator_color":"","ocean_breadcrumbs_links_color":"","ocean_breadcrumbs_links_hover_color":"","ocean_display_footer_widgets":"default","ocean_display_footer_bottom":"default","ocean_custom_footer_template":"0","footnotes":""},"class_list":["post-2725","page","type-page","status-publish","hentry","entry"],"_links":{"self":[{"href":"https:\/\/litteraturbanken.se\/skolan\/wp-json\/wp\/v2\/pages\/2725","targetHints":{"allow":["GET"]}}],"collection":[{"href":"https:\/\/litteraturbanken.se\/skolan\/wp-json\/wp\/v2\/pages"}],"about":[{"href":"https:\/\/litteraturbanken.se\/skolan\/wp-json\/wp\/v2\/types\/page"}],"author":[{"embeddable":true,"href":"https:\/\/litteraturbanken.se\/skolan\/wp-json\/wp\/v2\/users\/5"}],"replies":[{"embeddable":true,"href":"https:\/\/litteraturbanken.se\/skolan\/wp-json\/wp\/v2\/comments?post=2725"}],"version-history":[{"count":34,"href":"https:\/\/litteraturbanken.se\/skolan\/wp-json\/wp\/v2\/pages\/2725\/revisions"}],"predecessor-version":[{"id":20358,"href":"https:\/\/litteraturbanken.se\/skolan\/wp-json\/wp\/v2\/pages\/2725\/revisions\/20358"}],"wp:attachment":[{"href":"https:\/\/litteraturbanken.se\/skolan\/wp-json\/wp\/v2\/media?parent=2725"}],"curies":[{"name":"wp","href":"https:\/\/api.w.org\/{rel}","templated":true}]}}