{"id":3055,"date":"2018-07-17T18:59:33","date_gmt":"2018-07-17T16:59:33","guid":{"rendered":"https:\/\/litteraturbanken.se\/skoladev\/?page_id=3055"},"modified":"2020-03-02T11:17:54","modified_gmt":"2020-03-02T10:17:54","slug":"poesi-forfattare-carl-michael-bellman-mark-hur-var-skugga","status":"publish","type":"page","link":"https:\/\/litteraturbanken.se\/skolan\/poesi-forfattare-carl-michael-bellman-mark-hur-var-skugga\/","title":{"rendered":"Poesi\/F\u00f6rfattare\/Carl Michael Bellman\/M\u00e4rk hur v\u00e5r skugga"},"content":{"rendered":"\t\t<div data-elementor-type=\"wp-post\" data-elementor-id=\"3055\" class=\"elementor elementor-3055\">\n\t\t\t\t\t\t<section class=\"elementor-section elementor-top-section elementor-element elementor-element-737e0fa elementor-section-boxed elementor-section-height-default elementor-section-height-default\" data-id=\"737e0fa\" data-element_type=\"section\" data-e-type=\"section\">\n\t\t\t\t\t\t<div class=\"elementor-container elementor-column-gap-default\">\n\t\t\t\t\t<div class=\"elementor-column elementor-col-100 elementor-top-column elementor-element elementor-element-1b102c5\" data-id=\"1b102c5\" data-element_type=\"column\" data-e-type=\"column\">\n\t\t\t<div class=\"elementor-widget-wrap elementor-element-populated\">\n\t\t\t\t\t\t<div class=\"elementor-element elementor-element-62bed93 elementor-widget elementor-widget-spacer\" data-id=\"62bed93\" data-element_type=\"widget\" data-e-type=\"widget\" data-widget_type=\"spacer.default\">\n\t\t\t\t<div class=\"elementor-widget-container\">\n\t\t\t\t\t\t\t<div class=\"elementor-spacer\">\n\t\t\t<div class=\"elementor-spacer-inner\"><\/div>\n\t\t<\/div>\n\t\t\t\t\t\t<\/div>\n\t\t\t\t<\/div>\n\t\t\t\t\t<\/div>\n\t\t<\/div>\n\t\t\t\t\t<\/div>\n\t\t<\/section>\n\t\t\t\t<section class=\"elementor-section elementor-inner-section elementor-element elementor-element-6039ecb elementor-section-boxed elementor-section-height-default elementor-section-height-default\" data-id=\"6039ecb\" data-element_type=\"section\" data-e-type=\"section\">\n\t\t\t\t\t\t<div class=\"elementor-container elementor-column-gap-default\">\n\t\t\t\t\t<div class=\"elementor-column elementor-col-66 elementor-inner-column elementor-element elementor-element-7452b48\" data-id=\"7452b48\" data-element_type=\"column\" data-e-type=\"column\" data-settings=\"{&quot;background_background&quot;:&quot;classic&quot;}\">\n\t\t\t<div class=\"elementor-widget-wrap elementor-element-populated\">\n\t\t\t\t\t\t<div class=\"elementor-element elementor-element-d6cb2ef elementor-widget elementor-widget-heading\" data-id=\"d6cb2ef\" data-element_type=\"widget\" data-e-type=\"widget\" data-widget_type=\"heading.default\">\n\t\t\t\t<div class=\"elementor-widget-container\">\n\t\t\t\t\t<h2 class=\"elementor-heading-title elementor-size-default\">M\u00e4rk hur v\u00e5r skugga \n<\/h2>\t\t\t\t<\/div>\n\t\t\t\t<\/div>\n\t\t\t\t<div class=\"elementor-element elementor-element-7644cda elementor-widget elementor-widget-heading\" data-id=\"7644cda\" data-element_type=\"widget\" data-e-type=\"widget\" data-widget_type=\"heading.default\">\n\t\t\t\t<div class=\"elementor-widget-container\">\n\t\t\t\t\t<h2 class=\"elementor-heading-title elementor-size-default\">Fredmans epistel N:o 81 \n<\/h2>\t\t\t\t<\/div>\n\t\t\t\t<\/div>\n\t\t\t\t<div class=\"elementor-element elementor-element-20a2313 elementor-widget elementor-widget-text-editor\" data-id=\"20a2313\" data-element_type=\"widget\" data-e-type=\"widget\" data-widget_type=\"text-editor.default\">\n\t\t\t\t<div class=\"elementor-widget-container\">\n\t\t\t\t\t\t\t\t\t<p>Av <a href=\"https:\/\/litteraturbanken.se\/skolan\/?page_id=5789\"><em>Carl Michael Bellman<\/em><\/a><\/p>\t\t\t\t\t\t\t\t<\/div>\n\t\t\t\t<\/div>\n\t\t\t\t<div class=\"elementor-element elementor-element-2f59cdb elementor-widget elementor-widget-text-editor\" data-id=\"2f59cdb\" data-element_type=\"widget\" data-e-type=\"widget\" data-widget_type=\"text-editor.default\">\n\t\t\t\t<div class=\"elementor-widget-container\">\n\t\t\t\t\t\t\t\t\t<p><strong>Ur:\u00a0<\/strong><em>Dikter I <\/em>(1916)\u00a0<span style=\"font-size: 15px; letter-spacing: 0.6px;\">\u00a0<\/span><strong>\u00c5rskurs:\u00a0<\/strong>Gymnasium\u00a0 <strong>Tema:\u00a0<\/strong>1700-tal, D\u00f6den<\/p>\t\t\t\t\t\t\t\t<\/div>\n\t\t\t\t<\/div>\n\t\t\t\t<div class=\"elementor-element elementor-element-498105d elementor-widget elementor-widget-text-editor\" data-id=\"498105d\" data-element_type=\"widget\" data-e-type=\"widget\" data-widget_type=\"text-editor.default\">\n\t\t\t\t<div class=\"elementor-widget-container\">\n\t\t\t\t\t\t\t\t\t<div class=\"_head b center chaptername\"><div class=\"titlepage\"><p><i><span class=\"italic\">Till\u00a0Gr\u00e4lmakar\u00a0L\u00f6fberg\u00a0i\u00a0Sterbhuset\u00a0vid\u00a0Danto\u00a0bommen<\/span>,<\/i><br \/><i><span class=\"italic\">diktad\u00a0vid\u00a0Graven<\/span>.<\/i><br \/><i><span class=\"italic\">Dedicerad\u00a0till\u00a0Doctor<\/span>\u00a0BLAD.<\/i><\/p><p>M\u00e4rk\u00a0hur\u00a0v\u00e5r\u00a0skugga,\u00a0m\u00e4rk\u00a0Movitz\u00a0Mon\u00a0Fr\u00e8re!<br \/>Innom\u00a0ett\u00a0m\u00f6rker\u00a0sig\u00a0slutar,<br \/>Hur\u00a0Guld\u00a0och\u00a0Purpur\u00a0i\u00a0Sk\u00e5veln,\u00a0den\u00a0d\u00e4r,<br \/>Byts\u00a0till\u00a0grus\u00a0och\u00a0klutar.<br \/>Vinkar\u00a0Charon\u00a0fr\u00e5n\u00a0sin\u00a0brusande\u00a0\u00e4lv,<br \/>Och\u00a0tre\u00a0g\u00e5nger\u00a0sen\u00a0D\u00f6dgr\u00e4varen\u00a0sj\u00e4lv,<br \/>Mer\u00a0du\u00a0din\u00a0druva\u00a0ej\u00a0kryster.<br \/>D\u00e4rf\u00f6re\u00a0<span class=\"italic\">Movitz<\/span>\u00a0kom\u00a0hj\u00e4lp\u00a0mig\u00a0och\u00a0v\u00e4lv<br \/>Gravsten\u00a0\u00f6ver\u00a0v\u00e5r\u00a0Syster.<\/p><p>Ack\u00a0l\u00e4ngtansv\u00e4rda\u00a0och\u00a0bortskymda\u00a0skjul,<br \/>Under\u00a0de\u00a0susande\u00a0grenar,<br \/>D\u00e4r\u00a0Tid\u00a0och\u00a0D\u00f6den\u00a0en\u00a0sk\u00f6nhet\u00a0och\u00a0ful<br \/>Till\u00a0ett\u00a0stoft\u00a0f\u00f6renar!<br \/>Till\u00a0dig\u00a0aldrig\u00a0Avund\u00a0s\u00f6kt\u00a0n\u00e5gon\u00a0stig,<br \/>Lyckan,\u00a0eljest\u00a0uti\u00a0flykten\u00a0s\u00e5\u00a0vig,<br \/>Aldrig\u00a0kring\u00a0Grifterna\u00a0ilar.<br \/>Ov\u00e4n\u00a0d\u00e4r\u00a0v\u00e4pnad,\u00a0vad\u00a0synes\u00a0v\u00e4l\u00a0dig?<br \/>Bryter\u00a0fromt\u00a0sina\u00a0pilar.<\/p><p>Lillklockan\u00a0kl\u00e4mtar\u00a0till\u00a0Storklockans\u00a0d\u00f6n,<br \/>L\u00f6vad\u00a0st\u00e5r\u00a0Cantorn\u00a0i\u00a0porten;<br \/>Och\u00a0vid\u00a0de\u00a0skr\u00e5lande\u00a0Gossarnas\u00a0b\u00f6n,<br \/>Helgar\u00a0denna\u00a0orten.<br \/>V\u00e4gen\u00a0opp\u00a0till\u00a0Templets\u00a0griftprydda\u00a0stad<br \/>Trampas\u00a0mellan\u00a0Rosors\u00a0gulnade\u00a0blad,<br \/>Multnade\u00a0Plankor\u00a0och\u00a0B\u00e5rar;<br \/>Till\u00a0dess\u00a0den\u00a0l\u00e5nga\u00a0och\u00a0svartkl\u00e4dda\u00a0rad,<br \/>Djupt\u00a0sig\u00a0bugar\u00a0med\u00a0t\u00e5rar.<\/p><p>S\u00e5\u00a0gick\u00a0till\u00a0vila,\u00a0fr\u00e5n\u00a0Slagsm\u00e5l\u00a0och\u00a0Bal,<br \/>Gr\u00e4lmakar\u00a0<span class=\"italic\">L\u00f6fberg<\/span>,\u00a0din\u00a0maka;<br \/>D\u00e4r,\u00a0dit\u00a0\u00e5t\u00a0gr\u00e4set\u00a0l\u00e5nghalsig\u00a0och\u00a0smal,<br \/>Du\u00a0\u00e4n\u00a0glor\u00a0tilbaka.<br \/>Hon\u00a0fr\u00e5n\u00a0Danto\u00a0bommen\u00a0skildes\u00a0i\u00a0dag,<br \/>Och\u00a0med\u00a0Henne\u00a0alla\u00a0lustiga\u00a0lag;<br \/>Vem\u00a0skall\u00a0nu\u00a0Flaskan\u00a0befalla.<br \/>T\u00f6rstig\u00a0var\u00a0hon\u00a0och\u00a0utt\u00f6rstig\u00a0\u00e4r\u00a0jag;<br \/>Vi\u00a0\u00e4r\u00a0t\u00f6rstiga\u00a0alla.<\/p><\/div><\/div>\t\t\t\t\t\t\t\t<\/div>\n\t\t\t\t<\/div>\n\t\t\t\t\t<\/div>\n\t\t<\/div>\n\t\t\t\t<div class=\"elementor-column elementor-col-33 elementor-inner-column elementor-element elementor-element-3c4b89b\" data-id=\"3c4b89b\" data-element_type=\"column\" data-e-type=\"column\">\n\t\t\t<div class=\"elementor-widget-wrap elementor-element-populated\">\n\t\t\t\t\t\t<div class=\"elementor-element elementor-element-d6c30de elementor-icon-list--layout-traditional elementor-list-item-link-full_width elementor-widget elementor-widget-icon-list\" data-id=\"d6c30de\" data-element_type=\"widget\" data-e-type=\"widget\" data-widget_type=\"icon-list.default\">\n\t\t\t\t<div class=\"elementor-widget-container\">\n\t\t\t\t\t\t\t<ul class=\"elementor-icon-list-items\">\n\t\t\t\t\t\t\t<li class=\"elementor-icon-list-item\">\n\t\t\t\t\t\t\t\t\t\t\t<a href=\"https:\/\/litteraturbanken.se\/forfattare\/BellmanCM\/titlar\/Dikter1\/sida\/261\/faksimil\" target=\"_blank\">\n\n\t\t\t\t\t\t\t\t\t\t\t\t<span class=\"elementor-icon-list-icon\">\n\t\t\t\t\t\t\t\t\t\t\t\t\t\t\t\t<i class=\"fa fa-file-text-o\" aria-hidden=\"true\"><\/i>\n\t\t\t\t\t\t\t\t\t\t\t\t\t<\/span>\n\t\t\t\t\t\t\t\t\t\t<span class=\"elementor-icon-list-text\">L\u00e4s dikten p\u00e5 Litteraturbanken<\/span>\n\t\t\t\t\t\t\t\t\t\t\t<\/a>\n\t\t\t\t\t\t\t\t\t<\/li>\n\t\t\t\t\t\t\t\t<li class=\"elementor-icon-list-item\">\n\t\t\t\t\t\t\t\t\t\t\t<a href=\"https:\/\/litteraturbanken.se\/skolan\/?page_id=261\" target=\"_blank\">\n\n\t\t\t\t\t\t\t\t\t\t\t\t<span class=\"elementor-icon-list-icon\">\n\t\t\t\t\t\t\t\t\t\t\t\t\t\t\t\t<i class=\"fa fa-file-text-o\" aria-hidden=\"true\"><\/i>\n\t\t\t\t\t\t\t\t\t\t\t\t\t<\/span>\n\t\t\t\t\t\t\t\t\t\t<span class=\"elementor-icon-list-text\">Termer och begrepp<\/span>\n\t\t\t\t\t\t\t\t\t\t\t<\/a>\n\t\t\t\t\t\t\t\t\t<\/li>\n\t\t\t\t\t\t<\/ul>\n\t\t\t\t\t\t<\/div>\n\t\t\t\t<\/div>\n\t\t\t\t<div class=\"elementor-element elementor-element-df4dbd4 elementor-align-center elementor-widget elementor-widget-button\" data-id=\"df4dbd4\" data-element_type=\"widget\" data-e-type=\"widget\" data-widget_type=\"button.default\">\n\t\t\t\t<div class=\"elementor-widget-container\">\n\t\t\t\t\t\t\t\t\t<div class=\"elementor-button-wrapper\">\n\t\t\t\t\t<a class=\"elementor-button elementor-button-link elementor-size-md elementor-animation-grow\" href=\"#uppgiftF-3\">\n\t\t\t\t\t\t<span class=\"elementor-button-content-wrapper\">\n\t\t\t\t\t\t<span class=\"elementor-button-icon\">\n\t\t\t\t\t\t\t\t\t<i class=\"fa fa-pencil\" aria-hidden=\"true\"><\/i>\n\t\t\t\t\t\t\t<\/span>\n\t\t\t\t\t\t\t\t\t<span class=\"elementor-button-text\">Uppgift, Gymnasium<\/span>\n\t\t\t\t\t<\/span>\n\t\t\t\t\t<\/a>\n\t\t\t\t<\/div>\n\t\t\t\t\t\t\t\t<\/div>\n\t\t\t\t<\/div>\n\t\t\t\t<div class=\"elementor-element elementor-element-0b34798 elementor-widget elementor-widget-image\" data-id=\"0b34798\" data-element_type=\"widget\" data-e-type=\"widget\" data-widget_type=\"image.default\">\n\t\t\t\t<div class=\"elementor-widget-container\">\n\t\t\t\t\t\t\t\t\t\t\t\t\t\t\t<img fetchpriority=\"high\" decoding=\"async\" width=\"300\" height=\"300\" src=\"https:\/\/litteraturbanken.se\/skolan\/wp-content\/uploads\/2019\/03\/lb_skolan_2019_knapp_bellman_ny_r\u00f6d-e1553013796489.jpg\" class=\"attachment-full size-full wp-image-13709\" alt=\"\" \/>\t\t\t\t\t\t\t\t\t\t\t\t\t\t\t<\/div>\n\t\t\t\t<\/div>\n\t\t\t\t\t<\/div>\n\t\t<\/div>\n\t\t\t\t\t<\/div>\n\t\t<\/section>\n\t\t\t\t<section class=\"elementor-section elementor-top-section elementor-element elementor-element-232b1c7 elementor-section-boxed elementor-section-height-default elementor-section-height-default\" data-id=\"232b1c7\" data-element_type=\"section\" data-e-type=\"section\">\n\t\t\t\t\t\t<div class=\"elementor-container elementor-column-gap-default\">\n\t\t\t\t\t<div class=\"elementor-column elementor-col-100 elementor-top-column elementor-element elementor-element-2482c3a\" data-id=\"2482c3a\" data-element_type=\"column\" data-e-type=\"column\">\n\t\t\t<div class=\"elementor-widget-wrap elementor-element-populated\">\n\t\t\t\t\t\t<div class=\"elementor-element elementor-element-f3662e2 elementor-widget elementor-widget-spacer\" data-id=\"f3662e2\" data-element_type=\"widget\" data-e-type=\"widget\" data-widget_type=\"spacer.default\">\n\t\t\t\t<div class=\"elementor-widget-container\">\n\t\t\t\t\t\t\t<div class=\"elementor-spacer\">\n\t\t\t<div class=\"elementor-spacer-inner\"><\/div>\n\t\t<\/div>\n\t\t\t\t\t\t<\/div>\n\t\t\t\t<\/div>\n\t\t\t\t\t<\/div>\n\t\t<\/div>\n\t\t\t\t\t<\/div>\n\t\t<\/section>\n\t\t\t\t<section class=\"elementor-section elementor-top-section elementor-element elementor-element-c7d2bbe elementor-section-boxed elementor-section-height-default elementor-section-height-default\" data-id=\"c7d2bbe\" data-element_type=\"section\" data-e-type=\"section\">\n\t\t\t\t\t\t<div class=\"elementor-container elementor-column-gap-default\">\n\t\t\t\t\t<div class=\"elementor-column elementor-col-100 elementor-top-column elementor-element elementor-element-6d4e363\" data-id=\"6d4e363\" data-element_type=\"column\" data-e-type=\"column\" data-settings=\"{&quot;background_background&quot;:&quot;classic&quot;}\">\n\t\t\t<div class=\"elementor-widget-wrap elementor-element-populated\">\n\t\t\t\t\t\t<section class=\"elementor-section elementor-inner-section elementor-element elementor-element-abe12bf elementor-section-boxed elementor-section-height-default elementor-section-height-default\" data-id=\"abe12bf\" data-element_type=\"section\" data-e-type=\"section\">\n\t\t\t\t\t\t<div class=\"elementor-container elementor-column-gap-default\">\n\t\t\t\t\t<div class=\"elementor-column elementor-col-100 elementor-inner-column elementor-element elementor-element-3d8a1ff\" data-id=\"3d8a1ff\" data-element_type=\"column\" data-e-type=\"column\">\n\t\t\t<div class=\"elementor-widget-wrap elementor-element-populated\">\n\t\t\t\t\t\t<div class=\"elementor-element elementor-element-f90c342 elementor-widget elementor-widget-menu-anchor\" data-id=\"f90c342\" data-element_type=\"widget\" data-e-type=\"widget\" data-widget_type=\"menu-anchor.default\">\n\t\t\t\t<div class=\"elementor-widget-container\">\n\t\t\t\t\t\t\t<div class=\"elementor-menu-anchor\" id=\"uppgiftF-3\"><\/div>\n\t\t\t\t\t\t<\/div>\n\t\t\t\t<\/div>\n\t\t\t\t<div class=\"elementor-element elementor-element-eea849b elementor-view-framed elementor-shape-circle elementor-widget elementor-widget-icon\" data-id=\"eea849b\" data-element_type=\"widget\" data-e-type=\"widget\" data-widget_type=\"icon.default\">\n\t\t\t\t<div class=\"elementor-widget-container\">\n\t\t\t\t\t\t\t<div class=\"elementor-icon-wrapper\">\n\t\t\t<div class=\"elementor-icon\">\n\t\t\t\t\t\t\t<i class=\"fa fa-pencil\" aria-hidden=\"true\"><\/i>\n\t\t\t\t\t\t<\/div>\n\t\t<\/div>\n\t\t\t\t\t\t<\/div>\n\t\t\t\t<\/div>\n\t\t\t\t<div class=\"elementor-element elementor-element-9c53d16 elementor-widget elementor-widget-toggle\" data-id=\"9c53d16\" data-element_type=\"widget\" data-e-type=\"widget\" data-widget_type=\"toggle.default\">\n\t\t\t\t<div class=\"elementor-widget-container\">\n\t\t\t\t\t\t\t<div class=\"elementor-toggle\">\n\t\t\t\t\t\t\t<div class=\"elementor-toggle-item\">\n\t\t\t\t\t<div id=\"elementor-tab-title-1631\" class=\"elementor-tab-title\" data-tab=\"1\" role=\"button\" aria-controls=\"elementor-tab-content-1631\" aria-expanded=\"false\">\n\t\t\t\t\t\t\t\t\t\t\t\t<span class=\"elementor-toggle-icon elementor-toggle-icon-left\" aria-hidden=\"true\">\n\t\t\t\t\t\t\t\t\t\t\t\t\t\t\t<i class=\"elementor-toggle-icon-closed fa fa-chevron-right\"><\/i>\n\t\t\t\t\t\t\t\t<i class=\"elementor-toggle-icon-opened fa fa-chevron-down\"><\/i>\n\t\t\t\t\t\t\t\t\t\t\t\t\t<\/span>\n\t\t\t\t\t\t\t\t\t\t\t\t<a class=\"elementor-toggle-title\" tabindex=\"0\">Gymnasium<\/a>\n\t\t\t\t\t<\/div>\n\n\t\t\t\t\t<div id=\"elementor-tab-content-1631\" class=\"elementor-tab-content elementor-clearfix\" data-tab=\"1\" role=\"region\" aria-labelledby=\"elementor-tab-title-1631\"><h2>Om texten<\/h2><p>Flera svenska artister har tolkat \u201dM\u00e4rk hur v\u00e5r skugga\u201d, bland andra Fred \u00c5kerstr\u00f6m (1969), Cornelis Vreeswijk (1977), Imperiet (1985) och Sofia Karlsson (2007) och ett par Black Metal-band har ocks\u00e5 gjort inspelningar av den.<\/p><p>Dikten som \u00e4r en monolog av Fredman \u00e4r riktad till Movitz i de tre f\u00f6rsta stroferna medan den sista riktas till Gr\u00e4lmakar L\u00f6fberg vars fru begravs. Scenen utspelas p\u00e5 Maria kyrkog\u00e5rd i Stockholm d\u00e4r Danto bommen st\u00e5r. Kyrkog\u00e5rdar brukar beskrivas som skr\u00e4ckfyllda platser.\u00a0<\/p><p>\u00a0<\/p><h2>Samtala<\/h2><p>Samtala om hur diktaren ser p\u00e5 denna kyrkog\u00e5rd och p\u00e5 d\u00f6den.<\/p><h2>\u00a0<\/h2><h2>S\u00f6k vidare<\/h2><p>Ta reda p\u00e5 mer om\u00a0<span class=\"personname\">Bellman<\/span>\u00a0h\u00e4r p\u00e5 Litteraturbankens Skola och p\u00e5\u00a0<a class=\"ulink\" href=\"http:\/\/www.bellman.org\/\" target=\"_blank\" rel=\"noopener\">Bellmans\u00e4llskapets hemsida<\/a>. D\u00e4r finns en s\u00e4rskild resurs f\u00f6r l\u00e4rare och elever: \u201dSkolarbete om Bellman\u201d.<\/p><\/div>\n\t\t\t\t<\/div>\n\t\t\t\t\t\t\t\t<\/div>\n\t\t\t\t\t\t<\/div>\n\t\t\t\t<\/div>\n\t\t\t\t\t<\/div>\n\t\t<\/div>\n\t\t\t\t\t<\/div>\n\t\t<\/section>\n\t\t\t\t\t<\/div>\n\t\t<\/div>\n\t\t\t\t\t<\/div>\n\t\t<\/section>\n\t\t\t\t<section class=\"elementor-section elementor-top-section elementor-element elementor-element-0e07d82 elementor-section-boxed elementor-section-height-default elementor-section-height-default\" data-id=\"0e07d82\" data-element_type=\"section\" data-e-type=\"section\">\n\t\t\t\t\t\t<div class=\"elementor-container elementor-column-gap-default\">\n\t\t\t\t\t<div class=\"elementor-column elementor-col-100 elementor-top-column elementor-element elementor-element-ea3d89d\" data-id=\"ea3d89d\" data-element_type=\"column\" data-e-type=\"column\">\n\t\t\t<div class=\"elementor-widget-wrap elementor-element-populated\">\n\t\t\t\t\t\t<div class=\"elementor-element elementor-element-f17bd83 elementor-widget elementor-widget-spacer\" data-id=\"f17bd83\" data-element_type=\"widget\" data-e-type=\"widget\" data-widget_type=\"spacer.default\">\n\t\t\t\t<div class=\"elementor-widget-container\">\n\t\t\t\t\t\t\t<div class=\"elementor-spacer\">\n\t\t\t<div class=\"elementor-spacer-inner\"><\/div>\n\t\t<\/div>\n\t\t\t\t\t\t<\/div>\n\t\t\t\t<\/div>\n\t\t\t\t\t<\/div>\n\t\t<\/div>\n\t\t\t\t\t<\/div>\n\t\t<\/section>\n\t\t\t\t<\/div>\n\t\t","protected":false},"excerpt":{"rendered":"<p>M\u00e4rk hur v\u00e5r skugga Fredmans epistel N:o 81 Av Carl Michael Bellman Ur:\u00a0Dikter I (1916)\u00a0\u00a0\u00c5rskurs:\u00a0Gymnasium\u00a0 Tema:\u00a01700-tal, D\u00f6den Till\u00a0Gr\u00e4lmakar\u00a0L\u00f6fberg\u00a0i\u00a0Sterbhuset\u00a0vid\u00a0Danto\u00a0bommen,diktad\u00a0vid\u00a0Graven.Dedicerad\u00a0till\u00a0Doctor\u00a0BLAD. M\u00e4rk\u00a0hur\u00a0v\u00e5r\u00a0skugga,\u00a0m\u00e4rk\u00a0Movitz\u00a0Mon\u00a0Fr\u00e8re!Innom\u00a0ett\u00a0m\u00f6rker\u00a0sig\u00a0slutar,Hur\u00a0Guld\u00a0och\u00a0Purpur\u00a0i\u00a0Sk\u00e5veln,\u00a0den\u00a0d\u00e4r,Byts\u00a0till\u00a0grus\u00a0och\u00a0klutar.Vinkar\u00a0Charon\u00a0fr\u00e5n\u00a0sin\u00a0brusande\u00a0\u00e4lv,Och\u00a0tre\u00a0g\u00e5nger\u00a0sen\u00a0D\u00f6dgr\u00e4varen\u00a0sj\u00e4lv,Mer\u00a0du\u00a0din\u00a0druva\u00a0ej\u00a0kryster.D\u00e4rf\u00f6re\u00a0Movitz\u00a0kom\u00a0hj\u00e4lp\u00a0mig\u00a0och\u00a0v\u00e4lvGravsten\u00a0\u00f6ver\u00a0v\u00e5r\u00a0Syster. Ack\u00a0l\u00e4ngtansv\u00e4rda\u00a0och\u00a0bortskymda\u00a0skjul,Under\u00a0de\u00a0susande\u00a0grenar,D\u00e4r\u00a0Tid\u00a0och\u00a0D\u00f6den\u00a0en\u00a0sk\u00f6nhet\u00a0och\u00a0fulTill\u00a0ett\u00a0stoft\u00a0f\u00f6renar!Till\u00a0dig\u00a0aldrig\u00a0Avund\u00a0s\u00f6kt\u00a0n\u00e5gon\u00a0stig,Lyckan,\u00a0eljest\u00a0uti\u00a0flykten\u00a0s\u00e5\u00a0vig,Aldrig\u00a0kring\u00a0Grifterna\u00a0ilar.Ov\u00e4n\u00a0d\u00e4r\u00a0v\u00e4pnad,\u00a0vad\u00a0synes\u00a0v\u00e4l\u00a0dig?Bryter\u00a0fromt\u00a0sina\u00a0pilar. Lillklockan\u00a0kl\u00e4mtar\u00a0till\u00a0Storklockans\u00a0d\u00f6n,L\u00f6vad\u00a0st\u00e5r\u00a0Cantorn\u00a0i\u00a0porten;Och\u00a0vid\u00a0de\u00a0skr\u00e5lande\u00a0Gossarnas\u00a0b\u00f6n,Helgar\u00a0denna\u00a0orten.V\u00e4gen\u00a0opp\u00a0till\u00a0Templets\u00a0griftprydda\u00a0stadTrampas\u00a0mellan\u00a0Rosors\u00a0gulnade\u00a0blad,Multnade\u00a0Plankor\u00a0och\u00a0B\u00e5rar;Till\u00a0dess\u00a0den\u00a0l\u00e5nga\u00a0och\u00a0svartkl\u00e4dda\u00a0rad,Djupt\u00a0sig\u00a0bugar\u00a0med\u00a0t\u00e5rar. S\u00e5\u00a0gick\u00a0till\u00a0vila,\u00a0fr\u00e5n\u00a0Slagsm\u00e5l\u00a0och\u00a0Bal,Gr\u00e4lmakar\u00a0L\u00f6fberg,\u00a0din\u00a0maka;D\u00e4r,\u00a0dit\u00a0\u00e5t\u00a0gr\u00e4set\u00a0l\u00e5nghalsig\u00a0och\u00a0smal,Du\u00a0\u00e4n\u00a0glor\u00a0tilbaka.Hon\u00a0fr\u00e5n\u00a0Danto\u00a0bommen\u00a0skildes\u00a0i\u00a0dag,Och\u00a0med\u00a0Henne\u00a0alla\u00a0lustiga\u00a0lag;Vem\u00a0skall\u00a0nu\u00a0Flaskan\u00a0befalla.T\u00f6rstig\u00a0var\u00a0hon\u00a0och\u00a0utt\u00f6rstig\u00a0\u00e4r\u00a0jag;Vi\u00a0\u00e4r\u00a0t\u00f6rstiga\u00a0alla. L\u00e4s dikten p\u00e5 Litteraturbanken Termer och begrepp Uppgift, Gymnasium Gymnasium Om texten Flera svenska artister har tolkat \u201dM\u00e4rk hur v\u00e5r skugga\u201d, bland andra Fred \u00c5kerstr\u00f6m (1969), Cornelis Vreeswijk (1977), Imperiet (1985) och Sofia [&hellip;]<\/p>\n","protected":false},"author":5,"featured_media":0,"parent":0,"menu_order":0,"comment_status":"closed","ping_status":"closed","template":"","meta":{"ocean_post_layout":"full-screen","ocean_both_sidebars_style":"","ocean_both_sidebars_content_width":0,"ocean_both_sidebars_sidebars_width":0,"ocean_sidebar":"0","ocean_second_sidebar":"0","ocean_disable_margins":"enable","ocean_add_body_class":"","ocean_shortcode_before_top_bar":"","ocean_shortcode_after_top_bar":"","ocean_shortcode_before_header":"","ocean_shortcode_after_header":"","ocean_has_shortcode":"","ocean_shortcode_after_title":"","ocean_shortcode_before_footer_widgets":"","ocean_shortcode_after_footer_widgets":"","ocean_shortcode_before_footer_bottom":"","ocean_shortcode_after_footer_bottom":"","ocean_display_top_bar":"default","ocean_display_header":"default","ocean_header_style":"","ocean_center_header_left_menu":"0","ocean_custom_header_template":"0","ocean_custom_logo":0,"ocean_custom_retina_logo":0,"ocean_custom_logo_max_width":0,"ocean_custom_logo_tablet_max_width":0,"ocean_custom_logo_mobile_max_width":0,"ocean_custom_logo_max_height":0,"ocean_custom_logo_tablet_max_height":0,"ocean_custom_logo_mobile_max_height":0,"ocean_header_custom_menu":"0","ocean_menu_typo_font_family":"0","ocean_menu_typo_font_subset":"","ocean_menu_typo_font_size":0,"ocean_menu_typo_font_size_tablet":0,"ocean_menu_typo_font_size_mobile":0,"ocean_menu_typo_font_size_unit":"px","ocean_menu_typo_font_weight":"","ocean_menu_typo_font_weight_tablet":"","ocean_menu_typo_font_weight_mobile":"","ocean_menu_typo_transform":"","ocean_menu_typo_transform_tablet":"","ocean_menu_typo_transform_mobile":"","ocean_menu_typo_line_height":0,"ocean_menu_typo_line_height_tablet":0,"ocean_menu_typo_line_height_mobile":0,"ocean_menu_typo_line_height_unit":"","ocean_menu_typo_spacing":0,"ocean_menu_typo_spacing_tablet":0,"ocean_menu_typo_spacing_mobile":0,"ocean_menu_typo_spacing_unit":"","ocean_menu_link_color":"","ocean_menu_link_color_hover":"","ocean_menu_link_color_active":"","ocean_menu_link_background":"","ocean_menu_link_hover_background":"","ocean_menu_link_active_background":"","ocean_menu_social_links_bg":"","ocean_menu_social_hover_links_bg":"","ocean_menu_social_links_color":"","ocean_menu_social_hover_links_color":"","ocean_disable_title":"on","ocean_disable_heading":"default","ocean_post_title":"","ocean_post_subheading":"","ocean_post_title_style":"","ocean_post_title_background_color":"","ocean_post_title_background":0,"ocean_post_title_bg_image_position":"","ocean_post_title_bg_image_attachment":"","ocean_post_title_bg_image_repeat":"","ocean_post_title_bg_image_size":"","ocean_post_title_height":0,"ocean_post_title_bg_overlay":0.5,"ocean_post_title_bg_overlay_color":"","ocean_disable_breadcrumbs":"default","ocean_breadcrumbs_color":"","ocean_breadcrumbs_separator_color":"","ocean_breadcrumbs_links_color":"","ocean_breadcrumbs_links_hover_color":"","ocean_display_footer_widgets":"default","ocean_display_footer_bottom":"default","ocean_custom_footer_template":"0","footnotes":""},"class_list":["post-3055","page","type-page","status-publish","hentry","entry"],"_links":{"self":[{"href":"https:\/\/litteraturbanken.se\/skolan\/wp-json\/wp\/v2\/pages\/3055","targetHints":{"allow":["GET"]}}],"collection":[{"href":"https:\/\/litteraturbanken.se\/skolan\/wp-json\/wp\/v2\/pages"}],"about":[{"href":"https:\/\/litteraturbanken.se\/skolan\/wp-json\/wp\/v2\/types\/page"}],"author":[{"embeddable":true,"href":"https:\/\/litteraturbanken.se\/skolan\/wp-json\/wp\/v2\/users\/5"}],"replies":[{"embeddable":true,"href":"https:\/\/litteraturbanken.se\/skolan\/wp-json\/wp\/v2\/comments?post=3055"}],"version-history":[{"count":31,"href":"https:\/\/litteraturbanken.se\/skolan\/wp-json\/wp\/v2\/pages\/3055\/revisions"}],"predecessor-version":[{"id":20327,"href":"https:\/\/litteraturbanken.se\/skolan\/wp-json\/wp\/v2\/pages\/3055\/revisions\/20327"}],"wp:attachment":[{"href":"https:\/\/litteraturbanken.se\/skolan\/wp-json\/wp\/v2\/media?parent=3055"}],"curies":[{"name":"wp","href":"https:\/\/api.w.org\/{rel}","templated":true}]}}