{"id":3072,"date":"2018-07-17T19:15:13","date_gmt":"2018-07-17T17:15:13","guid":{"rendered":"https:\/\/litteraturbanken.se\/skoladev\/?page_id=3072"},"modified":"2020-03-02T10:43:02","modified_gmt":"2020-03-02T09:43:02","slug":"poesi-forfattare-dan-andersson-en-spelmans-jordafard","status":"publish","type":"page","link":"https:\/\/litteraturbanken.se\/skolan\/poesi-forfattare-dan-andersson-en-spelmans-jordafard\/","title":{"rendered":"Poesi\/F\u00f6rfattare\/Dan Andersson\/En spelmans jordaf\u00e4rd"},"content":{"rendered":"\t\t<div data-elementor-type=\"wp-post\" data-elementor-id=\"3072\" class=\"elementor elementor-3072\">\n\t\t\t\t\t\t<section class=\"elementor-section elementor-top-section elementor-element elementor-element-75e616f elementor-section-boxed elementor-section-height-default elementor-section-height-default\" data-id=\"75e616f\" data-element_type=\"section\" data-e-type=\"section\" data-settings=\"{&quot;background_background&quot;:&quot;classic&quot;}\">\n\t\t\t\t\t\t<div class=\"elementor-container elementor-column-gap-default\">\n\t\t\t\t\t<div class=\"elementor-column elementor-col-100 elementor-top-column elementor-element elementor-element-0a0137a\" data-id=\"0a0137a\" data-element_type=\"column\" data-e-type=\"column\" data-settings=\"{&quot;background_background&quot;:&quot;classic&quot;}\">\n\t\t\t<div class=\"elementor-widget-wrap elementor-element-populated\">\n\t\t\t\t\t\t<div class=\"elementor-element elementor-element-ec462ac elementor-widget elementor-widget-spacer\" data-id=\"ec462ac\" data-element_type=\"widget\" data-e-type=\"widget\" data-widget_type=\"spacer.default\">\n\t\t\t\t<div class=\"elementor-widget-container\">\n\t\t\t\t\t\t\t<div class=\"elementor-spacer\">\n\t\t\t<div class=\"elementor-spacer-inner\"><\/div>\n\t\t<\/div>\n\t\t\t\t\t\t<\/div>\n\t\t\t\t<\/div>\n\t\t\t\t\t<\/div>\n\t\t<\/div>\n\t\t\t\t\t<\/div>\n\t\t<\/section>\n\t\t\t\t<section class=\"elementor-section elementor-inner-section elementor-element elementor-element-69a42f9 elementor-section-boxed elementor-section-height-default elementor-section-height-default\" data-id=\"69a42f9\" data-element_type=\"section\" data-e-type=\"section\" data-settings=\"{&quot;background_background&quot;:&quot;classic&quot;}\">\n\t\t\t\t\t\t<div class=\"elementor-container elementor-column-gap-default\">\n\t\t\t\t\t<div class=\"elementor-column elementor-col-66 elementor-inner-column elementor-element elementor-element-26f1c3c\" data-id=\"26f1c3c\" data-element_type=\"column\" data-e-type=\"column\" data-settings=\"{&quot;background_background&quot;:&quot;classic&quot;}\">\n\t\t\t<div class=\"elementor-widget-wrap elementor-element-populated\">\n\t\t\t\t\t\t<div class=\"elementor-element elementor-element-7ef0e95 elementor-widget elementor-widget-heading\" data-id=\"7ef0e95\" data-element_type=\"widget\" data-e-type=\"widget\" data-widget_type=\"heading.default\">\n\t\t\t\t<div class=\"elementor-widget-container\">\n\t\t\t\t\t<h2 class=\"elementor-heading-title elementor-size-default\">En spelmans jordaf\u00e4rd<\/h2>\t\t\t\t<\/div>\n\t\t\t\t<\/div>\n\t\t\t\t<div class=\"elementor-element elementor-element-b8a380f elementor-widget elementor-widget-text-editor\" data-id=\"b8a380f\" data-element_type=\"widget\" data-e-type=\"widget\" data-widget_type=\"text-editor.default\">\n\t\t\t\t<div class=\"elementor-widget-container\">\n\t\t\t\t\t\t\t\t\t<p>Av <a href=\"https:\/\/litteraturbanken.se\/skolan\/?page_id=109\"><em>Dan Andersson<\/em><\/a><\/p>\t\t\t\t\t\t\t\t<\/div>\n\t\t\t\t<\/div>\n\t\t\t\t<div class=\"elementor-element elementor-element-5f2cfdd elementor-widget elementor-widget-text-editor\" data-id=\"5f2cfdd\" data-element_type=\"widget\" data-e-type=\"widget\" data-widget_type=\"text-editor.default\">\n\t\t\t\t<div class=\"elementor-widget-container\">\n\t\t\t\t\t\t\t\t\t<p><strong>Ur:<\/strong>\u00a0<em>Svarta ballader\u00a0<\/em>(1917)<strong>\u00a0\u00c5rskurs:<\/strong>\u00a0Gymnasium\u00a0\u00a0<strong>Tema:<\/strong>\u00a0D\u00f6den<\/p>\t\t\t\t\t\t\t\t<\/div>\n\t\t\t\t<\/div>\n\t\t\t\t<div class=\"elementor-element elementor-element-3ffbb55 elementor-widget elementor-widget-text-editor\" data-id=\"3ffbb55\" data-element_type=\"widget\" data-e-type=\"widget\" data-widget_type=\"text-editor.default\">\n\t\t\t\t<div class=\"elementor-widget-container\">\n\t\t\t\t\t\t\t\t\t<div class=\"titlepage\"><div class=\"titlepage\"><p>F\u00f6rr \u00e4n rosig morgon lyser \u00f6ver Himmelmora kam,<br \/>se, d\u00e5 b\u00e4rs d\u00e4r ut en d\u00f6d fr\u00e5n Berga by.<br \/>\u00d6ver backarnas sm\u00e5 blommor g\u00e5r det tysta t\u00e5get fram,<br \/>under morgonhimlens svala, gr\u00e5a sky.<br \/>Tunga st\u00f6vlar taga steg \u00f6ver rosens\u00e5llad teg,<br \/>tunga huvuden s\u00e4j b\u00f6ja som i b\u00f6n.<br \/>Bort ur \u00f6demarkens n\u00f6d b\u00e4rs en dr\u00f6mmare som d\u00f6d,<br \/>\u00f6ver \u00e4ng som under daggen lyser gr\u00f6n.<\/p><p>Han var underlig och ensam, s\u00e4ja fyra svarta m\u00e4n,<br \/>han led ofta brist p\u00e5 husrum och br\u00f6d. \u2013<br \/>Se en konung, s\u00e4ja rosorna, och trampas p\u00e5 igen,<br \/>se en konung och en dr\u00f6mmare \u00e4r d\u00f6d!<br \/>Det \u00e4r l\u00e5ngt, s\u00e4ja b\u00e4rarna, det k\u00e4nns som m\u00e5nga mil,<br \/>och n\u00e4r hetare blir dagen g\u00e5r man tr\u00f6tt. \u2013<br \/>G\u00e5ngen varligt, talen sakta, susar s\u00e4lg och sjunger pil,<br \/>det \u00e4r kanske n\u00e5gon blomma som har d\u00f6tt.<\/p><p>Men n\u00e4r kistan vaggar svart genom v\u00e5rens gr\u00f6na skog,<br \/>g\u00e5r en tystnad genom morgonvaknad teg,<br \/>och d\u00e5 stannar v\u00e4stanvinden f\u00f6r att lyssna vem som tog<br \/>mitt i rosorna s\u00e5 stora tunga steg.<br \/>Det \u00e4r bara Olle spelman, susar tall och sjunger gran,<br \/>han har lyktat sina heml\u00f6sa \u00e5r. \u2013<br \/>Det var lustigt, svarar vinden, om jag vore en orkan,<br \/>jag skulle spela hela v\u00e4gen d\u00e4r han g\u00e5r!<\/p><p>\u00d6ver ljung och gula myrar gungas h\u00e5rda d\u00f6da ben,<br \/>gungas tr\u00f6ttsamt genom solens bleka ro.<br \/>Men n\u00e4r kv\u00e4llen svalkar h\u00e4rlig \u00f6ver lingonris och sten,<br \/>h\u00f6rs det tunga tramp i Himmelmora mo.<br \/>Tramp av fyra tr\u00f6tta m\u00e4n, som i sorg g\u00e5 hem igen,<br \/>och de b\u00f6ja sina huvun som i b\u00f6n.<br \/>Men djupt i djupa grova sp\u00e5r trampas rosorna till s\u00e5r,<br \/>mitt i \u00e4ng som under daggen lyser gr\u00f6n.<\/p><p>Han \u00e4r borta, s\u00e4ja fyra, det blir tungt f\u00f6r hans mor,<br \/>som p\u00e5 fattigg\u00e5ln i Torberga g\u00e5r. \u2013<br \/>Varf\u00f6r trampas vi av klackar, varf\u00f6r slitas vi av skor?<br \/>j\u00e4mra rosorna och visa sina s\u00e5r.<br \/>Det \u00e4r D\u00f6den som har dansat genom Himmelmora mo,<br \/>susa tistlarna p\u00e5 kl\u00f6vervallens ren.<br \/>Han har slipat er till tr\u00e4ck med sin gamla grova sko,<br \/>n\u00e4r han dansade med dr\u00f6mmarens ben.<\/p><p>\u00d6ver gr\u00e4s och gr\u00e5a hus flyger natten som ett sus,<br \/>bleka stj\u00e4rnor blinka fattigt fr\u00e5n sin sky.<br \/>\u00d6ver heden ifr\u00e5n v\u00e4ster ned\u00e5t tj\u00e4rnen g\u00e5r ett ljus,<br \/>g\u00e5r en s\u00e5ng \u00f6ver n\u00e4ckross\u00e5llad dy.<br \/>Och stormen sjunger svart och vitt<br \/>och i skum kring H\u00e4rna\u00f6n<br \/>sjunga v\u00e5gorna om \u00f6demarkens n\u00f6d.<br \/>\u00d6ver svarta vreda vatten spelar natten upp till b\u00f6n,<br \/>ty en spelman och en dr\u00f6mmare \u00e4r d\u00f6d.<\/p><\/div><\/div>\t\t\t\t\t\t\t\t<\/div>\n\t\t\t\t<\/div>\n\t\t\t\t\t<\/div>\n\t\t<\/div>\n\t\t\t\t<div class=\"elementor-column elementor-col-33 elementor-inner-column elementor-element elementor-element-788cf0d\" data-id=\"788cf0d\" data-element_type=\"column\" data-e-type=\"column\">\n\t\t\t<div class=\"elementor-widget-wrap elementor-element-populated\">\n\t\t\t\t\t\t<div class=\"elementor-element elementor-element-60c8758 elementor-widget elementor-widget-wp-widget-media_audio\" data-id=\"60c8758\" data-element_type=\"widget\" data-e-type=\"widget\" data-widget_type=\"wp-widget-media_audio.default\">\n\t\t\t\t<div class=\"elementor-widget-container\">\n\t\t\t\t\t<h5>Agneta Pleijel l\u00e4ser \u201dEn spelmans jordaf\u00e4rd\u201d<\/h5><audio class=\"wp-audio-shortcode\" id=\"audio-3072-1\" preload=\"none\" style=\"width: 100%;\" controls=\"controls\"><source type=\"audio\/mpeg\" src=\"https:\/\/litteraturbanken.se\/red\/ljud\/pleijel\/andersson_enspelmansjordafard_pleijel.mp3?_=1\" \/><source type=\"audio\/mpeg\" src=\"https:\/\/litteraturbanken.se\/red\/ljud\/pleijel\/andersson_enspelmansjordafard_pleijel.mp3?_=1\" \/><a href=\"https:\/\/litteraturbanken.se\/red\/ljud\/pleijel\/andersson_enspelmansjordafard_pleijel.mp3\">https:\/\/litteraturbanken.se\/red\/ljud\/pleijel\/andersson_enspelmansjordafard_pleijel.mp3<\/a><\/audio>\t\t\t\t<\/div>\n\t\t\t\t<\/div>\n\t\t\t\t<div class=\"elementor-element elementor-element-1a70714 elementor-icon-list--layout-traditional elementor-list-item-link-full_width elementor-widget elementor-widget-icon-list\" data-id=\"1a70714\" data-element_type=\"widget\" data-e-type=\"widget\" data-widget_type=\"icon-list.default\">\n\t\t\t\t<div class=\"elementor-widget-container\">\n\t\t\t\t\t\t\t<ul class=\"elementor-icon-list-items\">\n\t\t\t\t\t\t\t<li class=\"elementor-icon-list-item\">\n\t\t\t\t\t\t\t\t\t\t\t<a href=\"https:\/\/litteraturbanken.se\/forfattare\/AnderssonD\/titlar\/SvartaBallader\/sida\/8\/etext\" target=\"_blank\">\n\n\t\t\t\t\t\t\t\t\t\t\t\t<span class=\"elementor-icon-list-icon\">\n\t\t\t\t\t\t\t\t\t\t\t\t\t\t\t\t<i class=\"fa fa-file-text-o\" aria-hidden=\"true\"><\/i>\n\t\t\t\t\t\t\t\t\t\t\t\t\t<\/span>\n\t\t\t\t\t\t\t\t\t\t<span class=\"elementor-icon-list-text\">L\u00e4s dikten p\u00e5 Litteraturbanken<\/span>\n\t\t\t\t\t\t\t\t\t\t\t<\/a>\n\t\t\t\t\t\t\t\t\t<\/li>\n\t\t\t\t\t\t\t\t<li class=\"elementor-icon-list-item\">\n\t\t\t\t\t\t\t\t\t\t\t<a href=\"https:\/\/litteraturbanken.se\/skolan\/?page_id=261\" target=\"_blank\">\n\n\t\t\t\t\t\t\t\t\t\t\t\t<span class=\"elementor-icon-list-icon\">\n\t\t\t\t\t\t\t\t\t\t\t\t\t\t\t\t<i class=\"fa fa-file-text-o\" aria-hidden=\"true\"><\/i>\n\t\t\t\t\t\t\t\t\t\t\t\t\t<\/span>\n\t\t\t\t\t\t\t\t\t\t<span class=\"elementor-icon-list-text\">Termer och begrepp<\/span>\n\t\t\t\t\t\t\t\t\t\t\t<\/a>\n\t\t\t\t\t\t\t\t\t<\/li>\n\t\t\t\t\t\t<\/ul>\n\t\t\t\t\t\t<\/div>\n\t\t\t\t<\/div>\n\t\t\t\t<div class=\"elementor-element elementor-element-7cf5d51 elementor-align-center elementor-widget elementor-widget-button\" data-id=\"7cf5d51\" data-element_type=\"widget\" data-e-type=\"widget\" data-widget_type=\"button.default\">\n\t\t\t\t<div class=\"elementor-widget-container\">\n\t\t\t\t\t\t\t\t\t<div class=\"elementor-button-wrapper\">\n\t\t\t\t\t<a class=\"elementor-button elementor-button-link elementor-size-md elementor-animation-grow\" href=\"#gy\">\n\t\t\t\t\t\t<span class=\"elementor-button-content-wrapper\">\n\t\t\t\t\t\t<span class=\"elementor-button-icon\">\n\t\t\t\t\t\t\t\t\t<i class=\"fa fa-pencil\" aria-hidden=\"true\"><\/i>\n\t\t\t\t\t\t\t<\/span>\n\t\t\t\t\t\t\t\t\t<span class=\"elementor-button-text\">Uppgift, Gymnasium<\/span>\n\t\t\t\t\t<\/span>\n\t\t\t\t\t<\/a>\n\t\t\t\t<\/div>\n\t\t\t\t\t\t\t\t<\/div>\n\t\t\t\t<\/div>\n\t\t\t\t<div class=\"elementor-element elementor-element-0b9dd6c elementor-widget elementor-widget-image\" data-id=\"0b9dd6c\" data-element_type=\"widget\" data-e-type=\"widget\" data-widget_type=\"image.default\">\n\t\t\t\t<div class=\"elementor-widget-container\">\n\t\t\t\t\t\t\t\t\t\t\t\t\t\t\t<img fetchpriority=\"high\" decoding=\"async\" width=\"1024\" height=\"1024\" src=\"https:\/\/litteraturbanken.se\/skolan\/wp-content\/uploads\/2019\/02\/lb_skolan_2019_knapp_f\u00f6rfattarbild_danandersson_gr\u00f6n-1024x1024.jpg\" class=\"attachment-large size-large wp-image-12911\" alt=\"\" srcset=\"https:\/\/litteraturbanken.se\/skolan\/wp-content\/uploads\/2019\/02\/lb_skolan_2019_knapp_f\u00f6rfattarbild_danandersson_gr\u00f6n-1024x1024.jpg 1024w, https:\/\/litteraturbanken.se\/skolan\/wp-content\/uploads\/2019\/02\/lb_skolan_2019_knapp_f\u00f6rfattarbild_danandersson_gr\u00f6n-150x150.jpg 150w, https:\/\/litteraturbanken.se\/skolan\/wp-content\/uploads\/2019\/02\/lb_skolan_2019_knapp_f\u00f6rfattarbild_danandersson_gr\u00f6n-e1553014730686.jpg 300w, https:\/\/litteraturbanken.se\/skolan\/wp-content\/uploads\/2019\/02\/lb_skolan_2019_knapp_f\u00f6rfattarbild_danandersson_gr\u00f6n-768x768.jpg 768w\" sizes=\"(max-width: 1024px) 100vw, 1024px\" \/>\t\t\t\t\t\t\t\t\t\t\t\t\t\t\t<\/div>\n\t\t\t\t<\/div>\n\t\t\t\t\t<\/div>\n\t\t<\/div>\n\t\t\t\t\t<\/div>\n\t\t<\/section>\n\t\t\t\t<section class=\"elementor-section elementor-top-section elementor-element elementor-element-a2f2ec4 elementor-section-boxed elementor-section-height-default elementor-section-height-default\" data-id=\"a2f2ec4\" data-element_type=\"section\" data-e-type=\"section\" data-settings=\"{&quot;background_background&quot;:&quot;classic&quot;}\">\n\t\t\t\t\t\t<div class=\"elementor-container elementor-column-gap-default\">\n\t\t\t\t\t<div class=\"elementor-column elementor-col-100 elementor-top-column elementor-element elementor-element-75f571c\" data-id=\"75f571c\" data-element_type=\"column\" data-e-type=\"column\">\n\t\t\t<div class=\"elementor-widget-wrap elementor-element-populated\">\n\t\t\t\t\t\t<div class=\"elementor-element elementor-element-26119ba elementor-widget elementor-widget-spacer\" data-id=\"26119ba\" data-element_type=\"widget\" data-e-type=\"widget\" data-widget_type=\"spacer.default\">\n\t\t\t\t<div class=\"elementor-widget-container\">\n\t\t\t\t\t\t\t<div class=\"elementor-spacer\">\n\t\t\t<div class=\"elementor-spacer-inner\"><\/div>\n\t\t<\/div>\n\t\t\t\t\t\t<\/div>\n\t\t\t\t<\/div>\n\t\t\t\t\t<\/div>\n\t\t<\/div>\n\t\t\t\t\t<\/div>\n\t\t<\/section>\n\t\t\t\t<section class=\"elementor-section elementor-top-section elementor-element elementor-element-64073b1 elementor-section-boxed elementor-section-height-default elementor-section-height-default\" data-id=\"64073b1\" data-element_type=\"section\" data-e-type=\"section\" data-settings=\"{&quot;background_background&quot;:&quot;classic&quot;}\">\n\t\t\t\t\t\t<div class=\"elementor-container elementor-column-gap-default\">\n\t\t\t\t\t<div class=\"elementor-column elementor-col-100 elementor-top-column elementor-element elementor-element-9f02230\" data-id=\"9f02230\" data-element_type=\"column\" data-e-type=\"column\" data-settings=\"{&quot;background_background&quot;:&quot;classic&quot;}\">\n\t\t\t<div class=\"elementor-widget-wrap elementor-element-populated\">\n\t\t\t\t\t\t<section class=\"elementor-section elementor-inner-section elementor-element elementor-element-fe55690 elementor-section-boxed elementor-section-height-default elementor-section-height-default\" data-id=\"fe55690\" data-element_type=\"section\" data-e-type=\"section\">\n\t\t\t\t\t\t<div class=\"elementor-container elementor-column-gap-default\">\n\t\t\t\t\t<div class=\"elementor-column elementor-col-100 elementor-inner-column elementor-element elementor-element-e8009bd\" data-id=\"e8009bd\" data-element_type=\"column\" data-e-type=\"column\">\n\t\t\t<div class=\"elementor-widget-wrap elementor-element-populated\">\n\t\t\t\t\t\t<div class=\"elementor-element elementor-element-9bf5afb elementor-widget elementor-widget-menu-anchor\" data-id=\"9bf5afb\" data-element_type=\"widget\" data-e-type=\"widget\" data-widget_type=\"menu-anchor.default\">\n\t\t\t\t<div class=\"elementor-widget-container\">\n\t\t\t\t\t\t\t<div class=\"elementor-menu-anchor\" id=\"gy\"><\/div>\n\t\t\t\t\t\t<\/div>\n\t\t\t\t<\/div>\n\t\t\t\t<div class=\"elementor-element elementor-element-97e79cd elementor-view-framed elementor-shape-circle elementor-widget elementor-widget-icon\" data-id=\"97e79cd\" data-element_type=\"widget\" data-e-type=\"widget\" data-widget_type=\"icon.default\">\n\t\t\t\t<div class=\"elementor-widget-container\">\n\t\t\t\t\t\t\t<div class=\"elementor-icon-wrapper\">\n\t\t\t<div class=\"elementor-icon\">\n\t\t\t\t\t\t\t<i class=\"fa fa-pencil\" aria-hidden=\"true\"><\/i>\n\t\t\t\t\t\t<\/div>\n\t\t<\/div>\n\t\t\t\t\t\t<\/div>\n\t\t\t\t<\/div>\n\t\t\t\t<div class=\"elementor-element elementor-element-8c5bfd6 elementor-widget elementor-widget-toggle\" data-id=\"8c5bfd6\" data-element_type=\"widget\" data-e-type=\"widget\" data-widget_type=\"toggle.default\">\n\t\t\t\t<div class=\"elementor-widget-container\">\n\t\t\t\t\t\t\t<div class=\"elementor-toggle\">\n\t\t\t\t\t\t\t<div class=\"elementor-toggle-item\">\n\t\t\t\t\t<div id=\"elementor-tab-title-1471\" class=\"elementor-tab-title\" data-tab=\"1\" role=\"button\" aria-controls=\"elementor-tab-content-1471\" aria-expanded=\"false\">\n\t\t\t\t\t\t\t\t\t\t\t\t<span class=\"elementor-toggle-icon elementor-toggle-icon-left\" aria-hidden=\"true\">\n\t\t\t\t\t\t\t\t\t\t\t\t\t\t\t<i class=\"elementor-toggle-icon-closed fa fa-chevron-right\"><\/i>\n\t\t\t\t\t\t\t\t<i class=\"elementor-toggle-icon-opened fa fa-chevron-down\"><\/i>\n\t\t\t\t\t\t\t\t\t\t\t\t\t<\/span>\n\t\t\t\t\t\t\t\t\t\t\t\t<a class=\"elementor-toggle-title\" tabindex=\"0\">Gymnasium<\/a>\n\t\t\t\t\t<\/div>\n\n\t\t\t\t\t<div id=\"elementor-tab-content-1471\" class=\"elementor-tab-content elementor-clearfix\" data-tab=\"1\" role=\"region\" aria-labelledby=\"elementor-tab-title-1471\"><h2>Om dikten<\/h2><p class=\"lb_tonsatt\">Dikten har tonsatts.<\/p><h3>\u00a0<\/h3><h2>Fr\u00e5gor<\/h2><p>1 Vad \u00e4r det som h\u00e4nder i dikten?<\/p><p>2 Hur anv\u00e4nds naturen f\u00f6r att beskriva den d\u00f6da?<\/p><\/div>\n\t\t\t\t<\/div>\n\t\t\t\t\t\t\t\t<\/div>\n\t\t\t\t\t\t<\/div>\n\t\t\t\t<\/div>\n\t\t\t\t\t<\/div>\n\t\t<\/div>\n\t\t\t\t\t<\/div>\n\t\t<\/section>\n\t\t\t\t<div class=\"elementor-element elementor-element-90954ed elementor-widget elementor-widget-spacer\" data-id=\"90954ed\" data-element_type=\"widget\" data-e-type=\"widget\" data-widget_type=\"spacer.default\">\n\t\t\t\t<div class=\"elementor-widget-container\">\n\t\t\t\t\t\t\t<div class=\"elementor-spacer\">\n\t\t\t<div class=\"elementor-spacer-inner\"><\/div>\n\t\t<\/div>\n\t\t\t\t\t\t<\/div>\n\t\t\t\t<\/div>\n\t\t\t\t\t<\/div>\n\t\t<\/div>\n\t\t\t\t\t<\/div>\n\t\t<\/section>\n\t\t\t\t<section class=\"elementor-section elementor-top-section elementor-element elementor-element-5cdbab7 elementor-section-boxed elementor-section-height-default elementor-section-height-default\" data-id=\"5cdbab7\" data-element_type=\"section\" data-e-type=\"section\">\n\t\t\t\t\t\t<div class=\"elementor-container elementor-column-gap-default\">\n\t\t\t\t\t<div class=\"elementor-column elementor-col-100 elementor-top-column elementor-element elementor-element-2f4333a\" data-id=\"2f4333a\" data-element_type=\"column\" data-e-type=\"column\">\n\t\t\t<div class=\"elementor-widget-wrap elementor-element-populated\">\n\t\t\t\t\t\t<div class=\"elementor-element elementor-element-8b8c81a elementor-widget elementor-widget-spacer\" data-id=\"8b8c81a\" data-element_type=\"widget\" data-e-type=\"widget\" data-widget_type=\"spacer.default\">\n\t\t\t\t<div class=\"elementor-widget-container\">\n\t\t\t\t\t\t\t<div class=\"elementor-spacer\">\n\t\t\t<div class=\"elementor-spacer-inner\"><\/div>\n\t\t<\/div>\n\t\t\t\t\t\t<\/div>\n\t\t\t\t<\/div>\n\t\t\t\t\t<\/div>\n\t\t<\/div>\n\t\t\t\t\t<\/div>\n\t\t<\/section>\n\t\t\t\t<\/div>\n\t\t","protected":false},"excerpt":{"rendered":"<p>En spelmans jordaf\u00e4rd Av Dan Andersson Ur:\u00a0Svarta ballader\u00a0(1917)\u00a0\u00c5rskurs:\u00a0Gymnasium\u00a0\u00a0Tema:\u00a0D\u00f6den F\u00f6rr \u00e4n rosig morgon lyser \u00f6ver Himmelmora kam,se, d\u00e5 b\u00e4rs d\u00e4r ut en d\u00f6d fr\u00e5n Berga by.\u00d6ver backarnas sm\u00e5 blommor g\u00e5r det tysta t\u00e5get fram,under morgonhimlens svala, gr\u00e5a sky.Tunga st\u00f6vlar taga steg \u00f6ver rosens\u00e5llad teg,tunga huvuden s\u00e4j b\u00f6ja som i b\u00f6n.Bort ur \u00f6demarkens n\u00f6d b\u00e4rs en dr\u00f6mmare [&hellip;]<\/p>\n","protected":false},"author":5,"featured_media":0,"parent":0,"menu_order":0,"comment_status":"closed","ping_status":"closed","template":"","meta":{"ocean_post_layout":"full-screen","ocean_both_sidebars_style":"","ocean_both_sidebars_content_width":0,"ocean_both_sidebars_sidebars_width":0,"ocean_sidebar":"0","ocean_second_sidebar":"0","ocean_disable_margins":"enable","ocean_add_body_class":"","ocean_shortcode_before_top_bar":"","ocean_shortcode_after_top_bar":"","ocean_shortcode_before_header":"","ocean_shortcode_after_header":"","ocean_has_shortcode":"","ocean_shortcode_after_title":"","ocean_shortcode_before_footer_widgets":"","ocean_shortcode_after_footer_widgets":"","ocean_shortcode_before_footer_bottom":"","ocean_shortcode_after_footer_bottom":"","ocean_display_top_bar":"default","ocean_display_header":"default","ocean_header_style":"","ocean_center_header_left_menu":"0","ocean_custom_header_template":"0","ocean_custom_logo":0,"ocean_custom_retina_logo":0,"ocean_custom_logo_max_width":0,"ocean_custom_logo_tablet_max_width":0,"ocean_custom_logo_mobile_max_width":0,"ocean_custom_logo_max_height":0,"ocean_custom_logo_tablet_max_height":0,"ocean_custom_logo_mobile_max_height":0,"ocean_header_custom_menu":"0","ocean_menu_typo_font_family":"0","ocean_menu_typo_font_subset":"","ocean_menu_typo_font_size":0,"ocean_menu_typo_font_size_tablet":0,"ocean_menu_typo_font_size_mobile":0,"ocean_menu_typo_font_size_unit":"px","ocean_menu_typo_font_weight":"","ocean_menu_typo_font_weight_tablet":"","ocean_menu_typo_font_weight_mobile":"","ocean_menu_typo_transform":"","ocean_menu_typo_transform_tablet":"","ocean_menu_typo_transform_mobile":"","ocean_menu_typo_line_height":0,"ocean_menu_typo_line_height_tablet":0,"ocean_menu_typo_line_height_mobile":0,"ocean_menu_typo_line_height_unit":"","ocean_menu_typo_spacing":0,"ocean_menu_typo_spacing_tablet":0,"ocean_menu_typo_spacing_mobile":0,"ocean_menu_typo_spacing_unit":"","ocean_menu_link_color":"","ocean_menu_link_color_hover":"","ocean_menu_link_color_active":"","ocean_menu_link_background":"","ocean_menu_link_hover_background":"","ocean_menu_link_active_background":"","ocean_menu_social_links_bg":"","ocean_menu_social_hover_links_bg":"","ocean_menu_social_links_color":"","ocean_menu_social_hover_links_color":"","ocean_disable_title":"on","ocean_disable_heading":"default","ocean_post_title":"","ocean_post_subheading":"","ocean_post_title_style":"","ocean_post_title_background_color":"","ocean_post_title_background":0,"ocean_post_title_bg_image_position":"","ocean_post_title_bg_image_attachment":"","ocean_post_title_bg_image_repeat":"","ocean_post_title_bg_image_size":"","ocean_post_title_height":0,"ocean_post_title_bg_overlay":0.5,"ocean_post_title_bg_overlay_color":"","ocean_disable_breadcrumbs":"default","ocean_breadcrumbs_color":"","ocean_breadcrumbs_separator_color":"","ocean_breadcrumbs_links_color":"","ocean_breadcrumbs_links_hover_color":"","ocean_display_footer_widgets":"default","ocean_display_footer_bottom":"default","ocean_custom_footer_template":"0","footnotes":""},"class_list":["post-3072","page","type-page","status-publish","hentry","entry"],"_links":{"self":[{"href":"https:\/\/litteraturbanken.se\/skolan\/wp-json\/wp\/v2\/pages\/3072","targetHints":{"allow":["GET"]}}],"collection":[{"href":"https:\/\/litteraturbanken.se\/skolan\/wp-json\/wp\/v2\/pages"}],"about":[{"href":"https:\/\/litteraturbanken.se\/skolan\/wp-json\/wp\/v2\/types\/page"}],"author":[{"embeddable":true,"href":"https:\/\/litteraturbanken.se\/skolan\/wp-json\/wp\/v2\/users\/5"}],"replies":[{"embeddable":true,"href":"https:\/\/litteraturbanken.se\/skolan\/wp-json\/wp\/v2\/comments?post=3072"}],"version-history":[{"count":35,"href":"https:\/\/litteraturbanken.se\/skolan\/wp-json\/wp\/v2\/pages\/3072\/revisions"}],"predecessor-version":[{"id":20308,"href":"https:\/\/litteraturbanken.se\/skolan\/wp-json\/wp\/v2\/pages\/3072\/revisions\/20308"}],"wp:attachment":[{"href":"https:\/\/litteraturbanken.se\/skolan\/wp-json\/wp\/v2\/media?parent=3072"}],"curies":[{"name":"wp","href":"https:\/\/api.w.org\/{rel}","templated":true}]}}