{"id":3119,"date":"2018-07-17T20:08:00","date_gmt":"2018-07-17T18:08:00","guid":{"rendered":"https:\/\/litteraturbanken.se\/skoladev\/?page_id=3119"},"modified":"2020-02-13T13:49:23","modified_gmt":"2020-02-13T12:49:23","slug":"poesi-forfattare-johan-ludvig-runeberg-den-doende","status":"publish","type":"page","link":"https:\/\/litteraturbanken.se\/skolan\/poesi-forfattare-johan-ludvig-runeberg-den-doende\/","title":{"rendered":"Poesi\/F\u00f6rfattare\/Johan Ludvig Runeberg\/Den d\u00f6ende"},"content":{"rendered":"\t\t<div data-elementor-type=\"wp-post\" data-elementor-id=\"3119\" class=\"elementor elementor-3119\">\n\t\t\t\t\t\t<section class=\"elementor-section elementor-top-section elementor-element elementor-element-05331a0 elementor-section-boxed elementor-section-height-default elementor-section-height-default\" data-id=\"05331a0\" data-element_type=\"section\" data-e-type=\"section\">\n\t\t\t\t\t\t<div class=\"elementor-container elementor-column-gap-default\">\n\t\t\t\t\t<div class=\"elementor-column elementor-col-100 elementor-top-column elementor-element elementor-element-840194c\" data-id=\"840194c\" data-element_type=\"column\" data-e-type=\"column\">\n\t\t\t<div class=\"elementor-widget-wrap elementor-element-populated\">\n\t\t\t\t\t\t<div class=\"elementor-element elementor-element-33b174a elementor-widget elementor-widget-spacer\" data-id=\"33b174a\" data-element_type=\"widget\" data-e-type=\"widget\" data-widget_type=\"spacer.default\">\n\t\t\t\t<div class=\"elementor-widget-container\">\n\t\t\t\t\t\t\t<div class=\"elementor-spacer\">\n\t\t\t<div class=\"elementor-spacer-inner\"><\/div>\n\t\t<\/div>\n\t\t\t\t\t\t<\/div>\n\t\t\t\t<\/div>\n\t\t\t\t\t<\/div>\n\t\t<\/div>\n\t\t\t\t\t<\/div>\n\t\t<\/section>\n\t\t\t\t<section class=\"elementor-section elementor-inner-section elementor-element elementor-element-78c9a51 elementor-section-boxed elementor-section-height-default elementor-section-height-default\" data-id=\"78c9a51\" data-element_type=\"section\" data-e-type=\"section\">\n\t\t\t\t\t\t<div class=\"elementor-container elementor-column-gap-default\">\n\t\t\t\t\t<div class=\"elementor-column elementor-col-66 elementor-inner-column elementor-element elementor-element-4d7307f\" data-id=\"4d7307f\" data-element_type=\"column\" data-e-type=\"column\" data-settings=\"{&quot;background_background&quot;:&quot;classic&quot;}\">\n\t\t\t<div class=\"elementor-widget-wrap elementor-element-populated\">\n\t\t\t\t\t\t<div class=\"elementor-element elementor-element-b185bfc elementor-widget elementor-widget-heading\" data-id=\"b185bfc\" data-element_type=\"widget\" data-e-type=\"widget\" data-widget_type=\"heading.default\">\n\t\t\t\t<div class=\"elementor-widget-container\">\n\t\t\t\t\t<h2 class=\"elementor-heading-title elementor-size-default\">Den d\u00f6ende<\/h2>\t\t\t\t<\/div>\n\t\t\t\t<\/div>\n\t\t\t\t<div class=\"elementor-element elementor-element-7313634 elementor-widget elementor-widget-text-editor\" data-id=\"7313634\" data-element_type=\"widget\" data-e-type=\"widget\" data-widget_type=\"text-editor.default\">\n\t\t\t\t<div class=\"elementor-widget-container\">\n\t\t\t\t\t\t\t\t\t<p>Av <a href=\"https:\/\/litteraturbanken.se\/skolan\/?page_id=142&amp;preview_nonce=5893baa4b1\"><em>Johan Ludvig Runeberg<\/em><\/a><\/p>\t\t\t\t\t\t\t\t<\/div>\n\t\t\t\t<\/div>\n\t\t\t\t<div class=\"elementor-element elementor-element-311c44e elementor-widget elementor-widget-text-editor\" data-id=\"311c44e\" data-element_type=\"widget\" data-e-type=\"widget\" data-widget_type=\"text-editor.default\">\n\t\t\t\t<div class=\"elementor-widget-container\">\n\t\t\t\t\t\t\t\t\t<p><strong>Ur:<\/strong>\u00a0<em>Dikter\u00a0<\/em><span style=\"font-size: 15px; letter-spacing: 0.6px;\"><span class=\"ng-binding\" aria-hidden=\"false\">(1998)<\/span><\/span>\u00a0\u00a0<strong>\u00c5rskurs<\/strong>: Gymnasium\u00a0\u00a0\u00a0 <strong>Tema<\/strong>:\u00a0D\u00f6den,\u00a0Vinter och jul<\/p>\t\t\t\t\t\t\t\t<\/div>\n\t\t\t\t<\/div>\n\t\t\t\t<div class=\"elementor-element elementor-element-d10db2a elementor-widget elementor-widget-text-editor\" data-id=\"d10db2a\" data-element_type=\"widget\" data-e-type=\"widget\" data-widget_type=\"text-editor.default\">\n\t\t\t\t<div class=\"elementor-widget-container\">\n\t\t\t\t\t\t\t\t\t<p>Den\u00a0l\u00e5nga\u00a0natten\u00a0g\u00e5tt\u00a0till\u00a0\u00e4nda\u00a0snart:<br \/>Blir\u00a0icke\u00a0valvet\u00a0redan\u00a0ljust\u00a0och\u00a0klart?<br \/>Och\u00a0f\u00e5r\u00a0ej\u00a0tr\u00e4skets\u00a0sn\u00f6\u00a0ett\u00a0h\u00f6gre\u00a0sken?<br \/>Var\u00a0det\u00a0ej\u00a0orrens\u00a0rop,\u00a0som\u00a0h\u00f6rdes\u00a0ren?<\/p><p>N\u00e4r\u00a0morgonsolen\u00a0gl\u00f6der\u00a0innan\u00a0kort,<br \/>och\u00a0sn\u00f6n\u00a0p\u00e5\u00a0taket\u00a0b\u00f6rjar\u00a0sm\u00e4lta\u00a0bort,<br \/>och\u00a0droppa\u00a0efter\u00a0droppa\u00a0ren\u00a0jag\u00a0ser<br \/>f\u00f6rbi\u00a0den\u00a0\u00f6ppna\u00a0gluggen\u00a0falla\u00a0ner,<\/p><p>och\u00a0syrsan\u00a0tystnat\u00a0inne,\u00a0och\u00a0jag\u00a0h\u00f6r<br \/>den\u00a0muntra\u00a0sparven\u00a0kvittra\u00a0utanf\u00f6r;<br \/>d\u00e5\u00a0h\u00e5llen\u00a0mig\u00a0en\u00a0annan\u00a0s\u00e4ng\u00a0beredd,<br \/>en\u00a0k\u00e4rve\u00a0halm,\u00a0p\u00e5\u00a0stugans\u00a0trappa\u00a0bredd.<\/p><p>Ty\u00a0jag\u00a0vill\u00a0ledas\u00a0dit,\u00a0och\u00a0vila\u00a0d\u00e4r,<br \/>och\u00a0se\u00a0hur\u00a0sk\u00f6n\u00a0och\u00a0glad\u00a0naturen\u00a0\u00e4r,<br \/>och\u00a0fr\u00f6jdas\u00a0\u00e4n\u00a0en\u00a0g\u00e5ng\u00a0\u00e5t\u00a0land\u00a0och\u00a0sj\u00f6,<br \/>och\u00a0sen\u00a0i\u00a0v\u00e5ren,\u00a0d\u00e4r\u00a0jag\u00a0levat,\u00a0d\u00f6.<\/p>\t\t\t\t\t\t\t\t<\/div>\n\t\t\t\t<\/div>\n\t\t\t\t\t<\/div>\n\t\t<\/div>\n\t\t\t\t<div class=\"elementor-column elementor-col-33 elementor-inner-column elementor-element elementor-element-30a63d1\" data-id=\"30a63d1\" data-element_type=\"column\" data-e-type=\"column\">\n\t\t\t<div class=\"elementor-widget-wrap elementor-element-populated\">\n\t\t\t\t\t\t<div class=\"elementor-element elementor-element-5234867 elementor-widget elementor-widget-wp-widget-media_audio\" data-id=\"5234867\" data-element_type=\"widget\" data-e-type=\"widget\" data-widget_type=\"wp-widget-media_audio.default\">\n\t\t\t\t<div class=\"elementor-widget-container\">\n\t\t\t\t\t<h5>Dick Cla\u00e9sson l\u00e4ser \u201dDen d\u00f6ende\u201d av Johan Ludvig Runeberg.<\/h5><audio class=\"wp-audio-shortcode\" id=\"audio-3119-1\" preload=\"none\" style=\"width: 100%;\" controls=\"controls\"><source type=\"audio\/mpeg\" src=\"https:\/\/litteraturbanken.se\/skolan\/wp-content\/uploads\/2019\/03\/runeberg_dendoende_claesson.mp3?_=1\" \/><source type=\"audio\/mpeg\" src=\"https:\/\/litteraturbanken.se\/skolan\/wp-content\/uploads\/2019\/03\/runeberg_dendoende_claesson.mp3?_=1\" \/><a href=\"https:\/\/litteraturbanken.se\/skolan\/wp-content\/uploads\/2019\/03\/runeberg_dendoende_claesson.mp3\">https:\/\/litteraturbanken.se\/skolan\/wp-content\/uploads\/2019\/03\/runeberg_dendoende_claesson.mp3<\/a><\/audio>\t\t\t\t<\/div>\n\t\t\t\t<\/div>\n\t\t\t\t<div class=\"elementor-element elementor-element-59ea590 elementor-icon-list--layout-traditional elementor-list-item-link-full_width elementor-widget elementor-widget-icon-list\" data-id=\"59ea590\" data-element_type=\"widget\" data-e-type=\"widget\" data-widget_type=\"icon-list.default\">\n\t\t\t\t<div class=\"elementor-widget-container\">\n\t\t\t\t\t\t\t<ul class=\"elementor-icon-list-items\">\n\t\t\t\t\t\t\t<li class=\"elementor-icon-list-item\">\n\t\t\t\t\t\t\t\t\t\t\t<a href=\"https:\/\/litteraturbanken.se\/forfattare\/RunebergJL\/titlar\/Dikter\/sida\/179\/etext\" target=\"_blank\">\n\n\t\t\t\t\t\t\t\t\t\t\t\t<span class=\"elementor-icon-list-icon\">\n\t\t\t\t\t\t\t\t\t\t\t\t\t\t\t\t<i class=\"fa fa-file-text-o\" aria-hidden=\"true\"><\/i>\n\t\t\t\t\t\t\t\t\t\t\t\t\t<\/span>\n\t\t\t\t\t\t\t\t\t\t<span class=\"elementor-icon-list-text\">L\u00e4s dikten p\u00e5 Litteraturbanken<\/span>\n\t\t\t\t\t\t\t\t\t\t\t<\/a>\n\t\t\t\t\t\t\t\t\t<\/li>\n\t\t\t\t\t\t\t\t<li class=\"elementor-icon-list-item\">\n\t\t\t\t\t\t\t\t\t\t\t<a href=\"https:\/\/litteraturbanken.se\/skolan\/?page_id=261\" target=\"_blank\">\n\n\t\t\t\t\t\t\t\t\t\t\t\t<span class=\"elementor-icon-list-icon\">\n\t\t\t\t\t\t\t\t\t\t\t\t\t\t\t\t<i class=\"fa fa-file-text-o\" aria-hidden=\"true\"><\/i>\n\t\t\t\t\t\t\t\t\t\t\t\t\t<\/span>\n\t\t\t\t\t\t\t\t\t\t<span class=\"elementor-icon-list-text\">Termer och begrepp<\/span>\n\t\t\t\t\t\t\t\t\t\t\t<\/a>\n\t\t\t\t\t\t\t\t\t<\/li>\n\t\t\t\t\t\t<\/ul>\n\t\t\t\t\t\t<\/div>\n\t\t\t\t<\/div>\n\t\t\t\t<div class=\"elementor-element elementor-element-eb10374 elementor-align-center elementor-widget elementor-widget-button\" data-id=\"eb10374\" data-element_type=\"widget\" data-e-type=\"widget\" data-widget_type=\"button.default\">\n\t\t\t\t<div class=\"elementor-widget-container\">\n\t\t\t\t\t\t\t\t\t<div class=\"elementor-button-wrapper\">\n\t\t\t\t\t<a class=\"elementor-button elementor-button-link elementor-size-md elementor-animation-grow\" href=\"#uppgift\">\n\t\t\t\t\t\t<span class=\"elementor-button-content-wrapper\">\n\t\t\t\t\t\t<span class=\"elementor-button-icon\">\n\t\t\t\t\t\t\t\t\t<i class=\"fa fa-pencil\" aria-hidden=\"true\"><\/i>\n\t\t\t\t\t\t\t<\/span>\n\t\t\t\t\t\t\t\t\t<span class=\"elementor-button-text\">Uppgift, Gymnasium<\/span>\n\t\t\t\t\t<\/span>\n\t\t\t\t\t<\/a>\n\t\t\t\t<\/div>\n\t\t\t\t\t\t\t\t<\/div>\n\t\t\t\t<\/div>\n\t\t\t\t<div class=\"elementor-element elementor-element-086f612 elementor-widget elementor-widget-image\" data-id=\"086f612\" data-element_type=\"widget\" data-e-type=\"widget\" data-widget_type=\"image.default\">\n\t\t\t\t<div class=\"elementor-widget-container\">\n\t\t\t\t\t\t\t\t\t\t\t\t\t\t\t<img fetchpriority=\"high\" decoding=\"async\" width=\"300\" height=\"300\" src=\"https:\/\/litteraturbanken.se\/skolan\/wp-content\/uploads\/2019\/03\/lb_skolan_2019_knapp_f\u00f6rfattarbild_runeberg_r\u00f6d-e1553013294765.jpg\" class=\"attachment-full size-full wp-image-13774\" alt=\"\" \/>\t\t\t\t\t\t\t\t\t\t\t\t\t\t\t<\/div>\n\t\t\t\t<\/div>\n\t\t\t\t\t<\/div>\n\t\t<\/div>\n\t\t\t\t\t<\/div>\n\t\t<\/section>\n\t\t\t\t<section class=\"elementor-section elementor-top-section elementor-element elementor-element-5a7f689 elementor-section-boxed elementor-section-height-default elementor-section-height-default\" data-id=\"5a7f689\" data-element_type=\"section\" data-e-type=\"section\">\n\t\t\t\t\t\t<div class=\"elementor-container elementor-column-gap-default\">\n\t\t\t\t\t<div class=\"elementor-column elementor-col-100 elementor-top-column elementor-element elementor-element-86275a4\" data-id=\"86275a4\" data-element_type=\"column\" data-e-type=\"column\">\n\t\t\t<div class=\"elementor-widget-wrap elementor-element-populated\">\n\t\t\t\t\t\t<div class=\"elementor-element elementor-element-18daf6c elementor-widget elementor-widget-spacer\" data-id=\"18daf6c\" data-element_type=\"widget\" data-e-type=\"widget\" data-widget_type=\"spacer.default\">\n\t\t\t\t<div class=\"elementor-widget-container\">\n\t\t\t\t\t\t\t<div class=\"elementor-spacer\">\n\t\t\t<div class=\"elementor-spacer-inner\"><\/div>\n\t\t<\/div>\n\t\t\t\t\t\t<\/div>\n\t\t\t\t<\/div>\n\t\t\t\t\t<\/div>\n\t\t<\/div>\n\t\t\t\t\t<\/div>\n\t\t<\/section>\n\t\t\t\t<section class=\"elementor-section elementor-top-section elementor-element elementor-element-ee7ff17 elementor-section-boxed elementor-section-height-default elementor-section-height-default\" data-id=\"ee7ff17\" data-element_type=\"section\" data-e-type=\"section\">\n\t\t\t\t\t\t<div class=\"elementor-container elementor-column-gap-default\">\n\t\t\t\t\t<div class=\"elementor-column elementor-col-100 elementor-top-column elementor-element elementor-element-f5fb217\" data-id=\"f5fb217\" data-element_type=\"column\" data-e-type=\"column\" data-settings=\"{&quot;background_background&quot;:&quot;classic&quot;}\">\n\t\t\t<div class=\"elementor-widget-wrap elementor-element-populated\">\n\t\t\t\t\t\t<section class=\"elementor-section elementor-inner-section elementor-element elementor-element-93cd029 elementor-section-boxed elementor-section-height-default elementor-section-height-default\" data-id=\"93cd029\" data-element_type=\"section\" data-e-type=\"section\">\n\t\t\t\t\t\t<div class=\"elementor-container elementor-column-gap-default\">\n\t\t\t\t\t<div class=\"elementor-column elementor-col-100 elementor-inner-column elementor-element elementor-element-1fd1aaf\" data-id=\"1fd1aaf\" data-element_type=\"column\" data-e-type=\"column\">\n\t\t\t<div class=\"elementor-widget-wrap elementor-element-populated\">\n\t\t\t\t\t\t<div class=\"elementor-element elementor-element-c86a519 elementor-widget elementor-widget-menu-anchor\" data-id=\"c86a519\" data-element_type=\"widget\" data-e-type=\"widget\" data-widget_type=\"menu-anchor.default\">\n\t\t\t\t<div class=\"elementor-widget-container\">\n\t\t\t\t\t\t\t<div class=\"elementor-menu-anchor\" id=\"uppgift\"><\/div>\n\t\t\t\t\t\t<\/div>\n\t\t\t\t<\/div>\n\t\t\t\t<div class=\"elementor-element elementor-element-c19009a elementor-view-framed elementor-shape-circle elementor-widget elementor-widget-icon\" data-id=\"c19009a\" data-element_type=\"widget\" data-e-type=\"widget\" data-widget_type=\"icon.default\">\n\t\t\t\t<div class=\"elementor-widget-container\">\n\t\t\t\t\t\t\t<div class=\"elementor-icon-wrapper\">\n\t\t\t<div class=\"elementor-icon\">\n\t\t\t\t\t\t\t<i class=\"fa fa-pencil\" aria-hidden=\"true\"><\/i>\n\t\t\t\t\t\t<\/div>\n\t\t<\/div>\n\t\t\t\t\t\t<\/div>\n\t\t\t\t<\/div>\n\t\t\t\t<div class=\"elementor-element elementor-element-b39f917 elementor-widget elementor-widget-toggle\" data-id=\"b39f917\" data-element_type=\"widget\" data-e-type=\"widget\" data-widget_type=\"toggle.default\">\n\t\t\t\t<div class=\"elementor-widget-container\">\n\t\t\t\t\t\t\t<div class=\"elementor-toggle\">\n\t\t\t\t\t\t\t<div class=\"elementor-toggle-item\">\n\t\t\t\t\t<div id=\"elementor-tab-title-1881\" class=\"elementor-tab-title\" data-tab=\"1\" role=\"button\" aria-controls=\"elementor-tab-content-1881\" aria-expanded=\"false\">\n\t\t\t\t\t\t\t\t\t\t\t\t<span class=\"elementor-toggle-icon elementor-toggle-icon-left\" aria-hidden=\"true\">\n\t\t\t\t\t\t\t\t\t\t\t\t\t\t\t<i class=\"elementor-toggle-icon-closed fa fa-chevron-right\"><\/i>\n\t\t\t\t\t\t\t\t<i class=\"elementor-toggle-icon-opened fa fa-chevron-down\"><\/i>\n\t\t\t\t\t\t\t\t\t\t\t\t\t<\/span>\n\t\t\t\t\t\t\t\t\t\t\t\t<a class=\"elementor-toggle-title\" tabindex=\"0\">Gymnasium<\/a>\n\t\t\t\t\t<\/div>\n\n\t\t\t\t\t<div id=\"elementor-tab-content-1881\" class=\"elementor-tab-content elementor-clearfix\" data-tab=\"1\" role=\"region\" aria-labelledby=\"elementor-tab-title-1881\"><p><span style=\"font-family: 'Roboto Condensed', 'Roboto Condensed'; font-size: 16px; font-style: normal; font-variant-caps: normal;\">Just den h\u00e4r dikten \u00e4r inte kopplad till n\u00e5gon specifik uppgift, utan h\u00e4r skall du v\u00e4lja ett av f\u00f6rslagen p\u00e5 sidan <u><a href=\"https:\/\/litteraturbanken.se\/skolan\/poesi-analysmodeller\/\">\u201d6 s\u00e4tt att analysera dikter\u201d<\/a>.<\/u><\/span><span style=\"font-family: 'Roboto Condensed', 'Roboto Condensed'; font-size: 16px; font-style: normal; font-variant-caps: normal;\">&nbsp; Arbeta sedan med dikten med hj\u00e4lp av n\u00e5gon av metoderna d\u00e4r.<\/span><\/p><\/div>\n\t\t\t\t<\/div>\n\t\t\t\t\t\t\t\t<\/div>\n\t\t\t\t\t\t<\/div>\n\t\t\t\t<\/div>\n\t\t\t\t\t<\/div>\n\t\t<\/div>\n\t\t\t\t\t<\/div>\n\t\t<\/section>\n\t\t\t\t\t<\/div>\n\t\t<\/div>\n\t\t\t\t\t<\/div>\n\t\t<\/section>\n\t\t\t\t<section class=\"elementor-section elementor-top-section elementor-element elementor-element-957ac3c elementor-section-boxed elementor-section-height-default elementor-section-height-default\" data-id=\"957ac3c\" data-element_type=\"section\" data-e-type=\"section\">\n\t\t\t\t\t\t<div class=\"elementor-container elementor-column-gap-default\">\n\t\t\t\t\t<div class=\"elementor-column elementor-col-100 elementor-top-column elementor-element elementor-element-aef9535\" data-id=\"aef9535\" data-element_type=\"column\" data-e-type=\"column\">\n\t\t\t<div class=\"elementor-widget-wrap elementor-element-populated\">\n\t\t\t\t\t\t<div class=\"elementor-element elementor-element-9920a1e elementor-widget elementor-widget-spacer\" data-id=\"9920a1e\" data-element_type=\"widget\" data-e-type=\"widget\" data-widget_type=\"spacer.default\">\n\t\t\t\t<div class=\"elementor-widget-container\">\n\t\t\t\t\t\t\t<div class=\"elementor-spacer\">\n\t\t\t<div class=\"elementor-spacer-inner\"><\/div>\n\t\t<\/div>\n\t\t\t\t\t\t<\/div>\n\t\t\t\t<\/div>\n\t\t\t\t\t<\/div>\n\t\t<\/div>\n\t\t\t\t\t<\/div>\n\t\t<\/section>\n\t\t\t\t<\/div>\n\t\t","protected":false},"excerpt":{"rendered":"<p>Den d\u00f6ende Av Johan Ludvig Runeberg Ur:\u00a0Dikter\u00a0(1998)\u00a0\u00a0\u00c5rskurs: Gymnasium\u00a0\u00a0\u00a0 Tema:\u00a0D\u00f6den,\u00a0Vinter och jul Den\u00a0l\u00e5nga\u00a0natten\u00a0g\u00e5tt\u00a0till\u00a0\u00e4nda\u00a0snart:Blir\u00a0icke\u00a0valvet\u00a0redan\u00a0ljust\u00a0och\u00a0klart?Och\u00a0f\u00e5r\u00a0ej\u00a0tr\u00e4skets\u00a0sn\u00f6\u00a0ett\u00a0h\u00f6gre\u00a0sken?Var\u00a0det\u00a0ej\u00a0orrens\u00a0rop,\u00a0som\u00a0h\u00f6rdes\u00a0ren? N\u00e4r\u00a0morgonsolen\u00a0gl\u00f6der\u00a0innan\u00a0kort,och\u00a0sn\u00f6n\u00a0p\u00e5\u00a0taket\u00a0b\u00f6rjar\u00a0sm\u00e4lta\u00a0bort,och\u00a0droppa\u00a0efter\u00a0droppa\u00a0ren\u00a0jag\u00a0serf\u00f6rbi\u00a0den\u00a0\u00f6ppna\u00a0gluggen\u00a0falla\u00a0ner, och\u00a0syrsan\u00a0tystnat\u00a0inne,\u00a0och\u00a0jag\u00a0h\u00f6rden\u00a0muntra\u00a0sparven\u00a0kvittra\u00a0utanf\u00f6r;d\u00e5\u00a0h\u00e5llen\u00a0mig\u00a0en\u00a0annan\u00a0s\u00e4ng\u00a0beredd,en\u00a0k\u00e4rve\u00a0halm,\u00a0p\u00e5\u00a0stugans\u00a0trappa\u00a0bredd. Ty\u00a0jag\u00a0vill\u00a0ledas\u00a0dit,\u00a0och\u00a0vila\u00a0d\u00e4r,och\u00a0se\u00a0hur\u00a0sk\u00f6n\u00a0och\u00a0glad\u00a0naturen\u00a0\u00e4r,och\u00a0fr\u00f6jdas\u00a0\u00e4n\u00a0en\u00a0g\u00e5ng\u00a0\u00e5t\u00a0land\u00a0och\u00a0sj\u00f6,och\u00a0sen\u00a0i\u00a0v\u00e5ren,\u00a0d\u00e4r\u00a0jag\u00a0levat,\u00a0d\u00f6. L\u00e4s dikten p\u00e5 Litteraturbanken Termer och begrepp Uppgift, Gymnasium Gymnasium Just den h\u00e4r dikten \u00e4r inte kopplad till n\u00e5gon specifik uppgift, utan h\u00e4r skall du v\u00e4lja ett av f\u00f6rslagen p\u00e5 sidan \u201d6 s\u00e4tt att analysera dikter\u201d.&nbsp; Arbeta sedan med dikten [&hellip;]<\/p>\n","protected":false},"author":5,"featured_media":0,"parent":0,"menu_order":0,"comment_status":"closed","ping_status":"closed","template":"","meta":{"ocean_post_layout":"full-screen","ocean_both_sidebars_style":"","ocean_both_sidebars_content_width":0,"ocean_both_sidebars_sidebars_width":0,"ocean_sidebar":"0","ocean_second_sidebar":"0","ocean_disable_margins":"enable","ocean_add_body_class":"","ocean_shortcode_before_top_bar":"","ocean_shortcode_after_top_bar":"","ocean_shortcode_before_header":"","ocean_shortcode_after_header":"","ocean_has_shortcode":"","ocean_shortcode_after_title":"","ocean_shortcode_before_footer_widgets":"","ocean_shortcode_after_footer_widgets":"","ocean_shortcode_before_footer_bottom":"","ocean_shortcode_after_footer_bottom":"","ocean_display_top_bar":"default","ocean_display_header":"default","ocean_header_style":"","ocean_center_header_left_menu":"0","ocean_custom_header_template":"0","ocean_custom_logo":0,"ocean_custom_retina_logo":0,"ocean_custom_logo_max_width":0,"ocean_custom_logo_tablet_max_width":0,"ocean_custom_logo_mobile_max_width":0,"ocean_custom_logo_max_height":0,"ocean_custom_logo_tablet_max_height":0,"ocean_custom_logo_mobile_max_height":0,"ocean_header_custom_menu":"0","ocean_menu_typo_font_family":"0","ocean_menu_typo_font_subset":"","ocean_menu_typo_font_size":0,"ocean_menu_typo_font_size_tablet":0,"ocean_menu_typo_font_size_mobile":0,"ocean_menu_typo_font_size_unit":"px","ocean_menu_typo_font_weight":"","ocean_menu_typo_font_weight_tablet":"","ocean_menu_typo_font_weight_mobile":"","ocean_menu_typo_transform":"","ocean_menu_typo_transform_tablet":"","ocean_menu_typo_transform_mobile":"","ocean_menu_typo_line_height":0,"ocean_menu_typo_line_height_tablet":0,"ocean_menu_typo_line_height_mobile":0,"ocean_menu_typo_line_height_unit":"","ocean_menu_typo_spacing":0,"ocean_menu_typo_spacing_tablet":0,"ocean_menu_typo_spacing_mobile":0,"ocean_menu_typo_spacing_unit":"","ocean_menu_link_color":"","ocean_menu_link_color_hover":"","ocean_menu_link_color_active":"","ocean_menu_link_background":"","ocean_menu_link_hover_background":"","ocean_menu_link_active_background":"","ocean_menu_social_links_bg":"","ocean_menu_social_hover_links_bg":"","ocean_menu_social_links_color":"","ocean_menu_social_hover_links_color":"","ocean_disable_title":"on","ocean_disable_heading":"default","ocean_post_title":"","ocean_post_subheading":"","ocean_post_title_style":"","ocean_post_title_background_color":"","ocean_post_title_background":0,"ocean_post_title_bg_image_position":"","ocean_post_title_bg_image_attachment":"","ocean_post_title_bg_image_repeat":"","ocean_post_title_bg_image_size":"","ocean_post_title_height":0,"ocean_post_title_bg_overlay":0.5,"ocean_post_title_bg_overlay_color":"","ocean_disable_breadcrumbs":"default","ocean_breadcrumbs_color":"","ocean_breadcrumbs_separator_color":"","ocean_breadcrumbs_links_color":"","ocean_breadcrumbs_links_hover_color":"","ocean_display_footer_widgets":"default","ocean_display_footer_bottom":"default","ocean_custom_footer_template":"0","footnotes":""},"class_list":["post-3119","page","type-page","status-publish","hentry","entry"],"_links":{"self":[{"href":"https:\/\/litteraturbanken.se\/skolan\/wp-json\/wp\/v2\/pages\/3119","targetHints":{"allow":["GET"]}}],"collection":[{"href":"https:\/\/litteraturbanken.se\/skolan\/wp-json\/wp\/v2\/pages"}],"about":[{"href":"https:\/\/litteraturbanken.se\/skolan\/wp-json\/wp\/v2\/types\/page"}],"author":[{"embeddable":true,"href":"https:\/\/litteraturbanken.se\/skolan\/wp-json\/wp\/v2\/users\/5"}],"replies":[{"embeddable":true,"href":"https:\/\/litteraturbanken.se\/skolan\/wp-json\/wp\/v2\/comments?post=3119"}],"version-history":[{"count":25,"href":"https:\/\/litteraturbanken.se\/skolan\/wp-json\/wp\/v2\/pages\/3119\/revisions"}],"predecessor-version":[{"id":20148,"href":"https:\/\/litteraturbanken.se\/skolan\/wp-json\/wp\/v2\/pages\/3119\/revisions\/20148"}],"wp:attachment":[{"href":"https:\/\/litteraturbanken.se\/skolan\/wp-json\/wp\/v2\/media?parent=3119"}],"curies":[{"name":"wp","href":"https:\/\/api.w.org\/{rel}","templated":true}]}}