{"id":3479,"date":"2018-07-19T09:42:05","date_gmt":"2018-07-19T07:42:05","guid":{"rendered":"https:\/\/litteraturbanken.se\/skoladev\/?page_id=3479"},"modified":"2020-02-11T14:46:29","modified_gmt":"2020-02-11T13:46:29","slug":"poesi-forfattare-israel-kolmodin-den-blomstertid","status":"publish","type":"page","link":"https:\/\/litteraturbanken.se\/skolan\/poesi-forfattare-israel-kolmodin-den-blomstertid\/","title":{"rendered":"Poesi\/F\u00f6rfattare\/Israel Kolmodin\/Den blomstertid"},"content":{"rendered":"\t\t<div data-elementor-type=\"wp-post\" data-elementor-id=\"3479\" class=\"elementor elementor-3479\">\n\t\t\t\t\t\t<section class=\"elementor-section elementor-top-section elementor-element elementor-element-6b020df elementor-section-boxed elementor-section-height-default elementor-section-height-default\" data-id=\"6b020df\" data-element_type=\"section\" data-e-type=\"section\">\n\t\t\t\t\t\t<div class=\"elementor-container elementor-column-gap-default\">\n\t\t\t\t\t<div class=\"elementor-column elementor-col-100 elementor-top-column elementor-element elementor-element-2f11fb9\" data-id=\"2f11fb9\" data-element_type=\"column\" data-e-type=\"column\">\n\t\t\t<div class=\"elementor-widget-wrap elementor-element-populated\">\n\t\t\t\t\t\t<div class=\"elementor-element elementor-element-45c265e elementor-widget elementor-widget-spacer\" data-id=\"45c265e\" data-element_type=\"widget\" data-e-type=\"widget\" data-widget_type=\"spacer.default\">\n\t\t\t\t<div class=\"elementor-widget-container\">\n\t\t\t\t\t\t\t<div class=\"elementor-spacer\">\n\t\t\t<div class=\"elementor-spacer-inner\"><\/div>\n\t\t<\/div>\n\t\t\t\t\t\t<\/div>\n\t\t\t\t<\/div>\n\t\t\t\t\t<\/div>\n\t\t<\/div>\n\t\t\t\t\t<\/div>\n\t\t<\/section>\n\t\t\t\t<section class=\"elementor-section elementor-inner-section elementor-element elementor-element-f3ada0f elementor-section-boxed elementor-section-height-default elementor-section-height-default\" data-id=\"f3ada0f\" data-element_type=\"section\" data-e-type=\"section\">\n\t\t\t\t\t\t<div class=\"elementor-container elementor-column-gap-default\">\n\t\t\t\t\t<div class=\"elementor-column elementor-col-66 elementor-inner-column elementor-element elementor-element-2b1c2fc\" data-id=\"2b1c2fc\" data-element_type=\"column\" data-e-type=\"column\" data-settings=\"{&quot;background_background&quot;:&quot;classic&quot;}\">\n\t\t\t<div class=\"elementor-widget-wrap elementor-element-populated\">\n\t\t\t\t\t\t<div class=\"elementor-element elementor-element-86919ce elementor-widget elementor-widget-heading\" data-id=\"86919ce\" data-element_type=\"widget\" data-e-type=\"widget\" data-widget_type=\"heading.default\">\n\t\t\t\t<div class=\"elementor-widget-container\">\n\t\t\t\t\t<h2 class=\"elementor-heading-title elementor-size-default\">Den blomstertid nu kommer<\/h2>\t\t\t\t<\/div>\n\t\t\t\t<\/div>\n\t\t\t\t<div class=\"elementor-element elementor-element-e1a6091 elementor-widget elementor-widget-text-editor\" data-id=\"e1a6091\" data-element_type=\"widget\" data-e-type=\"widget\" data-widget_type=\"text-editor.default\">\n\t\t\t\t<div class=\"elementor-widget-container\">\n\t\t\t\t\t\t\t\t\t<p>Av\u00a0<a href=\"https:\/\/litteraturbanken.se\/skolan\/?page_id=3475\"><em>Israel Kolmodin<\/em><\/a><\/p>\t\t\t\t\t\t\t\t<\/div>\n\t\t\t\t<\/div>\n\t\t\t\t<div class=\"elementor-element elementor-element-da31ff1 elementor-widget elementor-widget-text-editor\" data-id=\"da31ff1\" data-element_type=\"widget\" data-e-type=\"widget\" data-widget_type=\"text-editor.default\">\n\t\t\t\t<div class=\"elementor-widget-container\">\n\t\t\t\t\t\t\t\t\t<p><strong>Ur:<\/strong>\u00a0<em>Then Swenska Psalm-Boken<\/em>\u00a0<a class=\"title ng-binding\"><span class=\"ng-binding\" aria-hidden=\"false\">(1694)<\/span><\/a><span style=\"font-size: 15px; letter-spacing: 0.6px;\">\u00a0\u00a0<\/span><strong>\u00c5rskurs:<\/strong>\u00a0<a href=\"https:\/\/litteraturbanken.se\/skolan\/?page_id=294\" target=\"_blank\" rel=\"noopener\">7\u20139<\/a>\u00a0\u00a0<strong>\u00a0Tema:<\/strong>\u00a0<a href=\"https:\/\/litteraturbanken.se\/skolan\/?page_id=12563\">1600-tal<\/a><\/p>\t\t\t\t\t\t\t\t<\/div>\n\t\t\t\t<\/div>\n\t\t\t\t<div class=\"elementor-element elementor-element-ac1b481 elementor-widget elementor-widget-text-editor\" data-id=\"ac1b481\" data-element_type=\"widget\" data-e-type=\"widget\" data-widget_type=\"text-editor.default\">\n\t\t\t\t<div class=\"elementor-widget-container\">\n\t\t\t\t\t\t\t\t\t<div class=\"titlepage\"><p>1.<\/p><p>Den\u00a0blomstertid\u00a0nu\u00a0kommer<br \/>Med\u00a0lust\u00a0och\u00a0f\u00e4gring\u00a0stor,<br \/>Nu\u00a0nalkas\u00a0ljuve\u00a0Sommar,<br \/>D\u00e5\u00a0gr\u00e4s\u00a0och\u00a0\u00f6rter\u00a0gror.<br \/>Den\u00a0blida\u00a0Sol\u00a0uppv\u00e4rmer<br \/>Allt\u00a0vad\u00a0har\u00a0varit\u00a0d\u00f6tt;<br \/>D\u00e5\u00a0hon\u00a0oss\u00a0skrider\u00a0n\u00e4rmer,<br \/>Blir\u00a0det\u00a0p\u00e5\u00a0nyo\u00a0f\u00f6tt.<\/p><p>2.\u00a0<\/p><p>De\u00a0fagra\u00a0blomster\u00e4ngar<br \/>Och\u00a0\u00e5krens\u00a0\u00e4dla\u00a0s\u00e4d,<br \/>De\u00a0gr\u00f6nskand\u2019\u00a0\u00f6rtes\u00e4ngar<br \/>Och\u00a0alla\u00a0gr\u00f6na\u00a0tr\u00e4d,<br \/>De\u00a0skola\u00a0oss\u00a0p\u00e5minna<br \/>Guds\u00a0godhets\u00a0rikedom:<br \/>Att\u00a0vi\u00a0Guds\u00a0n\u00e5d\u00a0besinna,<br \/>Som\u00a0r\u00e4cker\u00a0\u00e5ret\u00a0om.<\/p><p>3.\u00a0<\/p><p>Man\u00a0h\u00f6rer\u00a0f\u00e5glar\u00a0sjunga<br \/>Med\u00a0m\u00e5ngahanda\u00a0ljud;<br \/>Skall\u00a0icke\u00a0d\u00e5\u00a0v\u00e5r\u00a0tunga<br \/>Lovs\u00e4ga\u00a0Herran\u00a0Gud?<br \/>Min\u00a0sj\u00e4l,\u00a0upph\u00f6j\u00a0Guds\u00a0\u00e4ra<br \/>Med\u00a0lov\u00a0och\u00a0gl\u00e4djes\u00e5ng,<br \/>Som\u00a0fr\u00f6jda\u00a0vill\u00a0och\u00a0n\u00e4ra<br \/>Oss\u00a0med\u00a0v\u00e4lg\u00e4rning\u00a0m\u00e5ng.<\/p><p>4.\u00a0<\/p><p>Du\u00a0\u00e4dle\u00a0Jesu\u00a0Kriste,<br \/>V\u00e5r\u00a0gl\u00e4dje-Sol\u00a0och\u00a0skin,<br \/>Bliv\u00a0hos\u00a0oss\u00a0till\u00a0v\u00e5rt\u00a0siste;<br \/>Uppv\u00e4rm\u00a0v\u00e5rt\u00a0kalla\u00a0sinn:<br \/>Giv\u00a0k\u00e4rleks\u00a0eld\u00a0i\u00a0hj\u00e4rta:<br \/>F\u00f6rnya\u00a0sj\u00e4l\u00a0och\u00a0and:<br \/>V\u00e4nd\u00a0bort\u00a0all\u00a0sorg\u00a0och\u00a0sm\u00e4rta,<br \/>Med\u00a0dine\u00a0milda\u00a0hand.<\/p><p>5.\u00a0<\/p><p>Du\u00a0Sarons\u00a0blomster\u00a0sk\u00f6na,<br \/>Du\u00a0Lilja\u00a0i\u00a0gr\u00f6n\u00a0dal,<br \/>Ack!\u00a0v\u00e4rdes\u00a0sj\u00e4len\u00a0kr\u00f6na<br \/>Med\u00a0dygder\u00a0till\u00a0stort\u00a0tal:<br \/>Din\u00a0n\u00e5d\u00a0l\u00e5t\u00a0henne\u00a0fukta<br \/>Som\u00a0dagg\u00a0utav\u00a0Sion;<br \/>Att\u00a0hon\u00a0m\u00e5\u00a0ljuvligt\u00a0lukta,<br \/>Som\u00a0ros\u00a0i\u00a0Libanon.<\/p><p>6.\u00a0<\/p><p>V\u00e4lsigna\u00a0\u00e5rets\u00a0gr\u00f6da,<br \/>Och\u00a0vattna\u00a0du\u00a0v\u00e5rt\u00a0land:<br \/>Giv\u00a0oss\u00a0n\u00f6dtorftig\u00a0f\u00f6da;<br \/>V\u00e4lsigna\u00a0sj\u00f6\u00a0och\u00a0strand.<br \/>Din\u00a0fotsp\u00e5r\u00a0drype\u00a0av\u00a0fetma.<br \/>Bespisa\u00a0med\u00a0ditt\u00a0Ord,<br \/>Och\u00a0med\u00a0dess\u00a0ljuve\u00a0s\u00f6tma,<br \/>Oss\u00a0upp\u00e5\u00a0denna\u00a0jord.<\/p><\/div>\t\t\t\t\t\t\t\t<\/div>\n\t\t\t\t<\/div>\n\t\t\t\t\t<\/div>\n\t\t<\/div>\n\t\t\t\t<div class=\"elementor-column elementor-col-33 elementor-inner-column elementor-element elementor-element-23d9769\" data-id=\"23d9769\" data-element_type=\"column\" data-e-type=\"column\">\n\t\t\t<div class=\"elementor-widget-wrap elementor-element-populated\">\n\t\t\t\t\t\t<div class=\"elementor-element elementor-element-537a836 elementor-widget elementor-widget-wp-widget-media_audio\" data-id=\"537a836\" data-element_type=\"widget\" data-e-type=\"widget\" data-widget_type=\"wp-widget-media_audio.default\">\n\t\t\t\t<div class=\"elementor-widget-container\">\n\t\t\t\t\t<h5>Paulina Helgeson l\u00e4ser \u201dDen blomstertid nu kommer\u201d av Israel Kolmodin.<\/h5><audio class=\"wp-audio-shortcode\" id=\"audio-3479-1\" preload=\"none\" style=\"width: 100%;\" controls=\"controls\"><source type=\"audio\/mpeg\" src=\"https:\/\/litteraturbanken.se\/skolan\/wp-content\/uploads\/2019\/04\/kolmodin_denblomstertidnukommer_helgeson.mp3?_=1\" \/><source type=\"audio\/mpeg\" src=\"https:\/\/litteraturbanken.se\/skolan\/wp-content\/uploads\/2019\/04\/kolmodin_denblomstertidnukommer_helgeson.mp3?_=1\" \/><a href=\"https:\/\/litteraturbanken.se\/skolan\/wp-content\/uploads\/2019\/04\/kolmodin_denblomstertidnukommer_helgeson.mp3\">https:\/\/litteraturbanken.se\/skolan\/wp-content\/uploads\/2019\/04\/kolmodin_denblomstertidnukommer_helgeson.mp3<\/a><\/audio>\t\t\t\t<\/div>\n\t\t\t\t<\/div>\n\t\t\t\t<div class=\"elementor-element elementor-element-c4dd140 elementor-icon-list--layout-traditional elementor-list-item-link-full_width elementor-widget elementor-widget-icon-list\" data-id=\"c4dd140\" data-element_type=\"widget\" data-e-type=\"widget\" data-widget_type=\"icon-list.default\">\n\t\t\t\t<div class=\"elementor-widget-container\">\n\t\t\t\t\t\t\t<ul class=\"elementor-icon-list-items\">\n\t\t\t\t\t\t\t<li class=\"elementor-icon-list-item\">\n\t\t\t\t\t\t\t\t\t\t\t<a href=\"https:\/\/litteraturbanken.se\/forfattare\/SwedbergJ\/titlar\/Psalmboken1694\/sida\/381\/faksimil\" target=\"_blank\">\n\n\t\t\t\t\t\t\t\t\t\t\t\t<span class=\"elementor-icon-list-icon\">\n\t\t\t\t\t\t\t\t\t\t\t\t\t\t\t\t<i class=\"fa fa-file-text-o\" aria-hidden=\"true\"><\/i>\n\t\t\t\t\t\t\t\t\t\t\t\t\t<\/span>\n\t\t\t\t\t\t\t\t\t\t<span class=\"elementor-icon-list-text\">L\u00e4s dikten p\u00e5 Litteraturbanken<\/span>\n\t\t\t\t\t\t\t\t\t\t\t<\/a>\n\t\t\t\t\t\t\t\t\t<\/li>\n\t\t\t\t\t\t\t\t<li class=\"elementor-icon-list-item\">\n\t\t\t\t\t\t\t\t\t\t\t<a href=\"https:\/\/litteraturbanken.se\/skolan\/?page_id=261\" target=\"_blank\">\n\n\t\t\t\t\t\t\t\t\t\t\t\t<span class=\"elementor-icon-list-icon\">\n\t\t\t\t\t\t\t\t\t\t\t\t\t\t\t\t<i class=\"fa fa-file-text-o\" aria-hidden=\"true\"><\/i>\n\t\t\t\t\t\t\t\t\t\t\t\t\t<\/span>\n\t\t\t\t\t\t\t\t\t\t<span class=\"elementor-icon-list-text\">Termer och begrepp<\/span>\n\t\t\t\t\t\t\t\t\t\t\t<\/a>\n\t\t\t\t\t\t\t\t\t<\/li>\n\t\t\t\t\t\t<\/ul>\n\t\t\t\t\t\t<\/div>\n\t\t\t\t<\/div>\n\t\t\t\t<div class=\"elementor-element elementor-element-d3ba243 elementor-align-center elementor-widget elementor-widget-button\" data-id=\"d3ba243\" data-element_type=\"widget\" data-e-type=\"widget\" data-widget_type=\"button.default\">\n\t\t\t\t<div class=\"elementor-widget-container\">\n\t\t\t\t\t\t\t\t\t<div class=\"elementor-button-wrapper\">\n\t\t\t\t\t<a class=\"elementor-button elementor-button-link elementor-size-md elementor-animation-grow\" href=\"#uppgift\">\n\t\t\t\t\t\t<span class=\"elementor-button-content-wrapper\">\n\t\t\t\t\t\t<span class=\"elementor-button-icon\">\n\t\t\t\t\t\t\t\t\t<i class=\"fa fa-pencil\" aria-hidden=\"true\"><\/i>\n\t\t\t\t\t\t\t<\/span>\n\t\t\t\t\t\t\t\t\t<span class=\"elementor-button-text\">Uppgift, \u00c5k 7\u20139<\/span>\n\t\t\t\t\t<\/span>\n\t\t\t\t\t<\/a>\n\t\t\t\t<\/div>\n\t\t\t\t\t\t\t\t<\/div>\n\t\t\t\t<\/div>\n\t\t\t\t<div class=\"elementor-element elementor-element-d77babb elementor-widget elementor-widget-image\" data-id=\"d77babb\" data-element_type=\"widget\" data-e-type=\"widget\" data-widget_type=\"image.default\">\n\t\t\t\t<div class=\"elementor-widget-container\">\n\t\t\t\t\t\t\t\t\t\t\t\t\t\t\t<img fetchpriority=\"high\" decoding=\"async\" width=\"300\" height=\"300\" src=\"https:\/\/litteraturbanken.se\/skolan\/wp-content\/uploads\/2019\/03\/lb_skolan_2019_knapp_f\u00f6rfattarbild_kolmodin_gr\u00f6n-e1553013438112.jpg\" class=\"attachment-full size-full wp-image-13751\" alt=\"\" \/>\t\t\t\t\t\t\t\t\t\t\t\t\t\t\t<\/div>\n\t\t\t\t<\/div>\n\t\t\t\t\t<\/div>\n\t\t<\/div>\n\t\t\t\t\t<\/div>\n\t\t<\/section>\n\t\t\t\t<section class=\"elementor-section elementor-top-section elementor-element elementor-element-17db9a4 elementor-section-boxed elementor-section-height-default elementor-section-height-default\" data-id=\"17db9a4\" data-element_type=\"section\" data-e-type=\"section\">\n\t\t\t\t\t\t<div class=\"elementor-container elementor-column-gap-default\">\n\t\t\t\t\t<div class=\"elementor-column elementor-col-100 elementor-top-column elementor-element elementor-element-0601dcd\" data-id=\"0601dcd\" data-element_type=\"column\" data-e-type=\"column\">\n\t\t\t<div class=\"elementor-widget-wrap elementor-element-populated\">\n\t\t\t\t\t\t<div class=\"elementor-element elementor-element-3d71556 elementor-widget elementor-widget-spacer\" data-id=\"3d71556\" data-element_type=\"widget\" data-e-type=\"widget\" data-widget_type=\"spacer.default\">\n\t\t\t\t<div class=\"elementor-widget-container\">\n\t\t\t\t\t\t\t<div class=\"elementor-spacer\">\n\t\t\t<div class=\"elementor-spacer-inner\"><\/div>\n\t\t<\/div>\n\t\t\t\t\t\t<\/div>\n\t\t\t\t<\/div>\n\t\t\t\t\t<\/div>\n\t\t<\/div>\n\t\t\t\t\t<\/div>\n\t\t<\/section>\n\t\t\t\t<section class=\"elementor-section elementor-top-section elementor-element elementor-element-372e3ea elementor-section-boxed elementor-section-height-default elementor-section-height-default\" data-id=\"372e3ea\" data-element_type=\"section\" data-e-type=\"section\">\n\t\t\t\t\t\t<div class=\"elementor-container elementor-column-gap-default\">\n\t\t\t\t\t<div class=\"elementor-column elementor-col-100 elementor-top-column elementor-element elementor-element-3509b99\" data-id=\"3509b99\" data-element_type=\"column\" data-e-type=\"column\" data-settings=\"{&quot;background_background&quot;:&quot;classic&quot;}\">\n\t\t\t<div class=\"elementor-widget-wrap elementor-element-populated\">\n\t\t\t\t\t\t<div class=\"elementor-element elementor-element-7d3b1f0 elementor-widget elementor-widget-menu-anchor\" data-id=\"7d3b1f0\" data-element_type=\"widget\" data-e-type=\"widget\" data-widget_type=\"menu-anchor.default\">\n\t\t\t\t<div class=\"elementor-widget-container\">\n\t\t\t\t\t\t\t<div class=\"elementor-menu-anchor\" id=\"uppgift\"><\/div>\n\t\t\t\t\t\t<\/div>\n\t\t\t\t<\/div>\n\t\t\t\t<section class=\"elementor-section elementor-inner-section elementor-element elementor-element-1231cc6 elementor-section-boxed elementor-section-height-default elementor-section-height-default\" data-id=\"1231cc6\" data-element_type=\"section\" data-e-type=\"section\">\n\t\t\t\t\t\t<div class=\"elementor-container elementor-column-gap-default\">\n\t\t\t\t\t<div class=\"elementor-column elementor-col-100 elementor-inner-column elementor-element elementor-element-b30439b\" data-id=\"b30439b\" data-element_type=\"column\" data-e-type=\"column\">\n\t\t\t<div class=\"elementor-widget-wrap elementor-element-populated\">\n\t\t\t\t\t\t<div class=\"elementor-element elementor-element-cc97b96 elementor-view-framed elementor-shape-circle elementor-widget elementor-widget-icon\" data-id=\"cc97b96\" data-element_type=\"widget\" data-e-type=\"widget\" data-widget_type=\"icon.default\">\n\t\t\t\t<div class=\"elementor-widget-container\">\n\t\t\t\t\t\t\t<div class=\"elementor-icon-wrapper\">\n\t\t\t<div class=\"elementor-icon\">\n\t\t\t\t\t\t\t<i class=\"fa fa-pencil\" aria-hidden=\"true\"><\/i>\n\t\t\t\t\t\t<\/div>\n\t\t<\/div>\n\t\t\t\t\t\t<\/div>\n\t\t\t\t<\/div>\n\t\t\t\t<div class=\"elementor-element elementor-element-6b4e729 elementor-widget elementor-widget-toggle\" data-id=\"6b4e729\" data-element_type=\"widget\" data-e-type=\"widget\" data-widget_type=\"toggle.default\">\n\t\t\t\t<div class=\"elementor-widget-container\">\n\t\t\t\t\t\t\t<div class=\"elementor-toggle\">\n\t\t\t\t\t\t\t<div class=\"elementor-toggle-item\">\n\t\t\t\t\t<div id=\"elementor-tab-title-1121\" class=\"elementor-tab-title\" data-tab=\"1\" role=\"button\" aria-controls=\"elementor-tab-content-1121\" aria-expanded=\"false\">\n\t\t\t\t\t\t\t\t\t\t\t\t<span class=\"elementor-toggle-icon elementor-toggle-icon-left\" aria-hidden=\"true\">\n\t\t\t\t\t\t\t\t\t\t\t\t\t\t\t<i class=\"elementor-toggle-icon-closed fa fa-chevron-right\"><\/i>\n\t\t\t\t\t\t\t\t<i class=\"elementor-toggle-icon-opened fa fa-chevron-down\"><\/i>\n\t\t\t\t\t\t\t\t\t\t\t\t\t<\/span>\n\t\t\t\t\t\t\t\t\t\t\t\t<a class=\"elementor-toggle-title\" tabindex=\"0\">\u00c5rskurs 7\u20139<\/a>\n\t\t\t\t\t<\/div>\n\n\t\t\t\t\t<div id=\"elementor-tab-content-1121\" class=\"elementor-tab-content elementor-clearfix\" data-tab=\"1\" role=\"region\" aria-labelledby=\"elementor-tab-title-1121\"><h3>Fr\u00e5gor n\u00e4ra texten<\/h3><p>1 Vad betyder diktens titel?\u00a0<\/p><p>2 De tv\u00e5 f\u00f6rsta stroferna sjungs ofta vid skolavslutningar. L\u00e4s dem och g\u00e5 tillsammans igenom sv\u00e5ra ord och annat som kan verka konstigt eller gammaldags, till exempel pluralb\u00f6jningar av verb.\u00a0<\/p><p>3 Vad slags uppfattning om den tidens m\u00e4nniskor ger dikten?\u00a0<\/p><p>4 Vilken uppfattning om sommaren finns i de tv\u00e5 stroferna man brukar sjunga?\u00a0<\/p><p>5 Samtala om p\u00e5 vilka olika s\u00e4tt sommaren kan vara viktig f\u00f6r m\u00e4nniskor som lever i dag och m\u00e4nniskor som levde f\u00f6rr i tiden?<\/p><\/div>\n\t\t\t\t<\/div>\n\t\t\t\t\t\t\t\t<\/div>\n\t\t\t\t\t\t<\/div>\n\t\t\t\t<\/div>\n\t\t\t\t\t<\/div>\n\t\t<\/div>\n\t\t\t\t\t<\/div>\n\t\t<\/section>\n\t\t\t\t<div class=\"elementor-element elementor-element-28abb10 elementor-widget elementor-widget-spacer\" data-id=\"28abb10\" data-element_type=\"widget\" data-e-type=\"widget\" data-widget_type=\"spacer.default\">\n\t\t\t\t<div class=\"elementor-widget-container\">\n\t\t\t\t\t\t\t<div class=\"elementor-spacer\">\n\t\t\t<div class=\"elementor-spacer-inner\"><\/div>\n\t\t<\/div>\n\t\t\t\t\t\t<\/div>\n\t\t\t\t<\/div>\n\t\t\t\t\t<\/div>\n\t\t<\/div>\n\t\t\t\t\t<\/div>\n\t\t<\/section>\n\t\t\t\t<section class=\"elementor-section elementor-top-section elementor-element elementor-element-39acd1e elementor-section-boxed elementor-section-height-default elementor-section-height-default\" data-id=\"39acd1e\" data-element_type=\"section\" data-e-type=\"section\">\n\t\t\t\t\t\t<div class=\"elementor-container elementor-column-gap-default\">\n\t\t\t\t\t<div class=\"elementor-column elementor-col-100 elementor-top-column elementor-element elementor-element-2dec77c\" data-id=\"2dec77c\" data-element_type=\"column\" data-e-type=\"column\">\n\t\t\t<div class=\"elementor-widget-wrap elementor-element-populated\">\n\t\t\t\t\t\t<div class=\"elementor-element elementor-element-7dba915 elementor-widget elementor-widget-spacer\" data-id=\"7dba915\" data-element_type=\"widget\" data-e-type=\"widget\" data-widget_type=\"spacer.default\">\n\t\t\t\t<div class=\"elementor-widget-container\">\n\t\t\t\t\t\t\t<div class=\"elementor-spacer\">\n\t\t\t<div class=\"elementor-spacer-inner\"><\/div>\n\t\t<\/div>\n\t\t\t\t\t\t<\/div>\n\t\t\t\t<\/div>\n\t\t\t\t\t<\/div>\n\t\t<\/div>\n\t\t\t\t\t<\/div>\n\t\t<\/section>\n\t\t\t\t<\/div>\n\t\t","protected":false},"excerpt":{"rendered":"<p>Den blomstertid nu kommer Av\u00a0Israel Kolmodin Ur:\u00a0Then Swenska Psalm-Boken\u00a0(1694)\u00a0\u00a0\u00c5rskurs:\u00a07\u20139\u00a0\u00a0\u00a0Tema:\u00a01600-tal 1. Den\u00a0blomstertid\u00a0nu\u00a0kommerMed\u00a0lust\u00a0och\u00a0f\u00e4gring\u00a0stor,Nu\u00a0nalkas\u00a0ljuve\u00a0Sommar,D\u00e5\u00a0gr\u00e4s\u00a0och\u00a0\u00f6rter\u00a0gror.Den\u00a0blida\u00a0Sol\u00a0uppv\u00e4rmerAllt\u00a0vad\u00a0har\u00a0varit\u00a0d\u00f6tt;D\u00e5\u00a0hon\u00a0oss\u00a0skrider\u00a0n\u00e4rmer,Blir\u00a0det\u00a0p\u00e5\u00a0nyo\u00a0f\u00f6tt. 2.\u00a0 De\u00a0fagra\u00a0blomster\u00e4ngarOch\u00a0\u00e5krens\u00a0\u00e4dla\u00a0s\u00e4d,De\u00a0gr\u00f6nskand\u2019\u00a0\u00f6rtes\u00e4ngarOch\u00a0alla\u00a0gr\u00f6na\u00a0tr\u00e4d,De\u00a0skola\u00a0oss\u00a0p\u00e5minnaGuds\u00a0godhets\u00a0rikedom:Att\u00a0vi\u00a0Guds\u00a0n\u00e5d\u00a0besinna,Som\u00a0r\u00e4cker\u00a0\u00e5ret\u00a0om. 3.\u00a0 Man\u00a0h\u00f6rer\u00a0f\u00e5glar\u00a0sjungaMed\u00a0m\u00e5ngahanda\u00a0ljud;Skall\u00a0icke\u00a0d\u00e5\u00a0v\u00e5r\u00a0tungaLovs\u00e4ga\u00a0Herran\u00a0Gud?Min\u00a0sj\u00e4l,\u00a0upph\u00f6j\u00a0Guds\u00a0\u00e4raMed\u00a0lov\u00a0och\u00a0gl\u00e4djes\u00e5ng,Som\u00a0fr\u00f6jda\u00a0vill\u00a0och\u00a0n\u00e4raOss\u00a0med\u00a0v\u00e4lg\u00e4rning\u00a0m\u00e5ng. 4.\u00a0 Du\u00a0\u00e4dle\u00a0Jesu\u00a0Kriste,V\u00e5r\u00a0gl\u00e4dje-Sol\u00a0och\u00a0skin,Bliv\u00a0hos\u00a0oss\u00a0till\u00a0v\u00e5rt\u00a0siste;Uppv\u00e4rm\u00a0v\u00e5rt\u00a0kalla\u00a0sinn:Giv\u00a0k\u00e4rleks\u00a0eld\u00a0i\u00a0hj\u00e4rta:F\u00f6rnya\u00a0sj\u00e4l\u00a0och\u00a0and:V\u00e4nd\u00a0bort\u00a0all\u00a0sorg\u00a0och\u00a0sm\u00e4rta,Med\u00a0dine\u00a0milda\u00a0hand. 5.\u00a0 Du\u00a0Sarons\u00a0blomster\u00a0sk\u00f6na,Du\u00a0Lilja\u00a0i\u00a0gr\u00f6n\u00a0dal,Ack!\u00a0v\u00e4rdes\u00a0sj\u00e4len\u00a0kr\u00f6naMed\u00a0dygder\u00a0till\u00a0stort\u00a0tal:Din\u00a0n\u00e5d\u00a0l\u00e5t\u00a0henne\u00a0fuktaSom\u00a0dagg\u00a0utav\u00a0Sion;Att\u00a0hon\u00a0m\u00e5\u00a0ljuvligt\u00a0lukta,Som\u00a0ros\u00a0i\u00a0Libanon. 6.\u00a0 V\u00e4lsigna\u00a0\u00e5rets\u00a0gr\u00f6da,Och\u00a0vattna\u00a0du\u00a0v\u00e5rt\u00a0land:Giv\u00a0oss\u00a0n\u00f6dtorftig\u00a0f\u00f6da;V\u00e4lsigna\u00a0sj\u00f6\u00a0och\u00a0strand.Din\u00a0fotsp\u00e5r\u00a0drype\u00a0av\u00a0fetma.Bespisa\u00a0med\u00a0ditt\u00a0Ord,Och\u00a0med\u00a0dess\u00a0ljuve\u00a0s\u00f6tma,Oss\u00a0upp\u00e5\u00a0denna\u00a0jord. L\u00e4s dikten p\u00e5 Litteraturbanken Termer och begrepp Uppgift, \u00c5k 7\u20139 \u00c5rskurs 7\u20139 Fr\u00e5gor n\u00e4ra texten 1 Vad betyder diktens titel?\u00a0 2 De tv\u00e5 f\u00f6rsta stroferna sjungs ofta vid skolavslutningar. L\u00e4s dem och g\u00e5 tillsammans [&hellip;]<\/p>\n","protected":false},"author":5,"featured_media":0,"parent":0,"menu_order":0,"comment_status":"closed","ping_status":"closed","template":"","meta":{"ocean_post_layout":"full-screen","ocean_both_sidebars_style":"","ocean_both_sidebars_content_width":0,"ocean_both_sidebars_sidebars_width":0,"ocean_sidebar":"0","ocean_second_sidebar":"0","ocean_disable_margins":"enable","ocean_add_body_class":"","ocean_shortcode_before_top_bar":"","ocean_shortcode_after_top_bar":"","ocean_shortcode_before_header":"","ocean_shortcode_after_header":"","ocean_has_shortcode":"","ocean_shortcode_after_title":"","ocean_shortcode_before_footer_widgets":"","ocean_shortcode_after_footer_widgets":"","ocean_shortcode_before_footer_bottom":"","ocean_shortcode_after_footer_bottom":"","ocean_display_top_bar":"default","ocean_display_header":"default","ocean_header_style":"","ocean_center_header_left_menu":"0","ocean_custom_header_template":"0","ocean_custom_logo":0,"ocean_custom_retina_logo":0,"ocean_custom_logo_max_width":0,"ocean_custom_logo_tablet_max_width":0,"ocean_custom_logo_mobile_max_width":0,"ocean_custom_logo_max_height":0,"ocean_custom_logo_tablet_max_height":0,"ocean_custom_logo_mobile_max_height":0,"ocean_header_custom_menu":"0","ocean_menu_typo_font_family":"0","ocean_menu_typo_font_subset":"","ocean_menu_typo_font_size":0,"ocean_menu_typo_font_size_tablet":0,"ocean_menu_typo_font_size_mobile":0,"ocean_menu_typo_font_size_unit":"px","ocean_menu_typo_font_weight":"","ocean_menu_typo_font_weight_tablet":"","ocean_menu_typo_font_weight_mobile":"","ocean_menu_typo_transform":"","ocean_menu_typo_transform_tablet":"","ocean_menu_typo_transform_mobile":"","ocean_menu_typo_line_height":0,"ocean_menu_typo_line_height_tablet":0,"ocean_menu_typo_line_height_mobile":0,"ocean_menu_typo_line_height_unit":"","ocean_menu_typo_spacing":0,"ocean_menu_typo_spacing_tablet":0,"ocean_menu_typo_spacing_mobile":0,"ocean_menu_typo_spacing_unit":"","ocean_menu_link_color":"","ocean_menu_link_color_hover":"","ocean_menu_link_color_active":"","ocean_menu_link_background":"","ocean_menu_link_hover_background":"","ocean_menu_link_active_background":"","ocean_menu_social_links_bg":"","ocean_menu_social_hover_links_bg":"","ocean_menu_social_links_color":"","ocean_menu_social_hover_links_color":"","ocean_disable_title":"on","ocean_disable_heading":"default","ocean_post_title":"","ocean_post_subheading":"","ocean_post_title_style":"","ocean_post_title_background_color":"","ocean_post_title_background":0,"ocean_post_title_bg_image_position":"","ocean_post_title_bg_image_attachment":"","ocean_post_title_bg_image_repeat":"","ocean_post_title_bg_image_size":"","ocean_post_title_height":0,"ocean_post_title_bg_overlay":0.5,"ocean_post_title_bg_overlay_color":"","ocean_disable_breadcrumbs":"default","ocean_breadcrumbs_color":"","ocean_breadcrumbs_separator_color":"","ocean_breadcrumbs_links_color":"","ocean_breadcrumbs_links_hover_color":"","ocean_display_footer_widgets":"default","ocean_display_footer_bottom":"default","ocean_custom_footer_template":"0","footnotes":""},"class_list":["post-3479","page","type-page","status-publish","hentry","entry"],"_links":{"self":[{"href":"https:\/\/litteraturbanken.se\/skolan\/wp-json\/wp\/v2\/pages\/3479","targetHints":{"allow":["GET"]}}],"collection":[{"href":"https:\/\/litteraturbanken.se\/skolan\/wp-json\/wp\/v2\/pages"}],"about":[{"href":"https:\/\/litteraturbanken.se\/skolan\/wp-json\/wp\/v2\/types\/page"}],"author":[{"embeddable":true,"href":"https:\/\/litteraturbanken.se\/skolan\/wp-json\/wp\/v2\/users\/5"}],"replies":[{"embeddable":true,"href":"https:\/\/litteraturbanken.se\/skolan\/wp-json\/wp\/v2\/comments?post=3479"}],"version-history":[{"count":26,"href":"https:\/\/litteraturbanken.se\/skolan\/wp-json\/wp\/v2\/pages\/3479\/revisions"}],"predecessor-version":[{"id":20014,"href":"https:\/\/litteraturbanken.se\/skolan\/wp-json\/wp\/v2\/pages\/3479\/revisions\/20014"}],"wp:attachment":[{"href":"https:\/\/litteraturbanken.se\/skolan\/wp-json\/wp\/v2\/media?parent=3479"}],"curies":[{"name":"wp","href":"https:\/\/api.w.org\/{rel}","templated":true}]}}