{"id":3567,"date":"2018-07-19T12:28:18","date_gmt":"2018-07-19T10:28:18","guid":{"rendered":"https:\/\/litteraturbanken.se\/skoladev\/?page_id=3567"},"modified":"2020-03-09T11:50:18","modified_gmt":"2020-03-09T10:50:18","slug":"poesi-forfattare-birger-sjoberg-om","status":"publish","type":"page","link":"https:\/\/litteraturbanken.se\/skolan\/poesi-forfattare-birger-sjoberg-om\/","title":{"rendered":"Poesi\/F\u00f6rfattare\/Birger Sj\u00f6berg\/Mer om"},"content":{"rendered":"\t\t<div data-elementor-type=\"wp-post\" data-elementor-id=\"3567\" class=\"elementor elementor-3567\">\n\t\t\t\t\t\t<section class=\"elementor-section elementor-top-section elementor-element elementor-element-872060c elementor-section-full_width elementor-section-height-default elementor-section-height-default\" data-id=\"872060c\" data-element_type=\"section\" data-e-type=\"section\" data-settings=\"{&quot;background_background&quot;:&quot;classic&quot;}\">\n\t\t\t\t\t\t<div class=\"elementor-container elementor-column-gap-default\">\n\t\t\t\t\t<div class=\"elementor-column elementor-col-25 elementor-top-column elementor-element elementor-element-a1af7af\" data-id=\"a1af7af\" data-element_type=\"column\" data-e-type=\"column\">\n\t\t\t<div class=\"elementor-widget-wrap\">\n\t\t\t\t\t\t\t<\/div>\n\t\t<\/div>\n\t\t\t\t<div class=\"elementor-column elementor-col-25 elementor-top-column elementor-element elementor-element-b28b2cc\" data-id=\"b28b2cc\" data-element_type=\"column\" data-e-type=\"column\" data-settings=\"{&quot;background_background&quot;:&quot;classic&quot;}\">\n\t\t\t<div class=\"elementor-widget-wrap elementor-element-populated\">\n\t\t\t\t\t\t<div class=\"elementor-element elementor-element-107ae7f elementor-widget elementor-widget-spacer\" data-id=\"107ae7f\" data-element_type=\"widget\" data-e-type=\"widget\" data-widget_type=\"spacer.default\">\n\t\t\t\t<div class=\"elementor-widget-container\">\n\t\t\t\t\t\t\t<div class=\"elementor-spacer\">\n\t\t\t<div class=\"elementor-spacer-inner\"><\/div>\n\t\t<\/div>\n\t\t\t\t\t\t<\/div>\n\t\t\t\t<\/div>\n\t\t\t\t<div class=\"elementor-element elementor-element-931c879 elementor-widget elementor-widget-text-editor\" data-id=\"931c879\" data-element_type=\"widget\" data-e-type=\"widget\" data-widget_type=\"text-editor.default\">\n\t\t\t\t<div class=\"elementor-widget-container\">\n\t\t\t\t\t\t\t\t\t<h1 class=\"elementor-heading-title elementor-size-default\">Birger Sj\u00f6berg<\/h1>\t\t\t\t\t\t\t\t<\/div>\n\t\t\t\t<\/div>\n\t\t\t\t<div class=\"elementor-element elementor-element-8f090a0 elementor-widget elementor-widget-text-editor\" data-id=\"8f090a0\" data-element_type=\"widget\" data-e-type=\"widget\" data-widget_type=\"text-editor.default\">\n\t\t\t\t<div class=\"elementor-widget-container\">\n\t\t\t\t\t\t\t\t\t<div><div><div><div><p><em>BIRGER SJ\u00d6BERG (1885\u20131929) blev med vissamlingen\u00a0Fridas bok\u00a0(1922) omedelbart \u00e4lskad av publiken, som diktare och trubadur, och upph\u00f6jd till den nye Bellman.<\/em><\/p><p><em>Fridas litter\u00e4ra sm\u00e5stadsv\u00e4rld, inte l\u00e5ngt fr\u00e5n Sj\u00f6bergs eget V\u00e4nersborg, \u00e4r en solbelyst, trygg och tindrande idyll \u00f6ver vilken h\u00f6rs den \u201dsvenska l\u00e4rkans drill\u201d. N\u00e5got m\u00f6rkt str\u00e5k smyger sig tidvis in, som i \u201dBleka d\u00f6dens minut\u201d d\u00e4r det ob\u00f6nh\u00f6rliga livsslutet frammanas, men i \u00f6vrigt skildras livet i den lilla staden i \u00f6verv\u00e4gande komiska, stundtals gr\u00e4nsande till <a href=\"https:\/\/litteraturbanken.se\/skolan\/termer-och-begrepp\/\">satiriserande<\/a>, ordalag. Klanger genljuder fr\u00e5n\u00a0Snoilsky\u00a0och Tegn\u00e9r och, framf\u00f6r allt, fr\u00e5n\u00a0Bellmans\u00a0Fredmansdiktning. Parodi, pastisch, ironi och\u00a0<a href=\"https:\/\/litteraturbanken.se\/skolan\/termer-och-begrepp\/\">satir<\/a>\u00a0skiktar texten i m\u00e5ngtaliga lager d\u00e4r s\u00e5v\u00e4l diktarens egen som diktjagets r\u00f6ster kan avlyssnas i en sjungande ekokammare.<\/em><\/p><p>Sj\u00f6bergs litter\u00e4ra framg\u00e5ngar fortsatte med romanen\u00a0<i>Kvartetten som spr\u00e4ngdes<\/i> (1924). \u00c4ven h\u00e4r \u00e4r den sm\u00e5borgerliga sm\u00e5staden ber\u00e4ttelsens nav. Stadens str\u00e5kkvartett ger sig in i ekonomiska spekulationer och konflikten mellan fri konstn\u00e4rlighet och s\u00e4ker b\u00e4rgning l\u00f6per som en r\u00f6d tr\u00e5d genom romanen. Idyllen f\u00f6rm\u00f6rkas av b\u00f6rskrasch och bel\u00e5ning, men grundtonen \u00e4r trots detta muntrande i tron p\u00e5 f\u00f6rn\u00f6jsamhetens och anspr\u00e5ksl\u00f6shetens l\u00f6n.<\/p><p>Med diktsamlingen\u00a0<i>Kriser och kransar\u00a0<\/i>(1926) spr\u00e4nger Sj\u00f6berg pl\u00f6tsligt idyllen. H\u00e4r m\u00f6ter en omedelbar och s\u00e4regen modernism, tillkommen i ett febrilt skaparrus och under inflytande av modern bildkonst. Sj\u00f6bergs bildspr\u00e5k \u00e4r suggestivt, expressivt, konkret och sp\u00e4nt till bristningsgr\u00e4nsen i skildringen av brustenhet, splittring och sj\u00e4lsn\u00f6d. Som hugget i sten st\u00e5r det k\u00e4rva, of\u00f6rst\u00e4llda spr\u00e5ket drivet till en hallucinatorisk intensitet d\u00e4r falskhet och l\u00f6gn kl\u00e4s av och st\u00e4lls ut i en oblidkelig och tvingande belysning. Kriser och kransar m\u00f6ttes med of\u00f6rst\u00e5nd av kritiker och publik d\u00e5 den gavs ut; idag ses den som ett av den svenska litteraturens stora banbrytande m\u00e4sterverk.<\/p><\/div><div><em>Lotta Lotass<\/em><\/div><div>\u00a0<\/div><div>k\u00e4lla:\u00a0<i>Den svenska litteraturen. V: Modernister och arbetardiktare 1920\u20131950<\/i>, red. Lars L\u00f6nnroth &amp; Sven Delblanc<\/div><\/div><\/div><\/div>\t\t\t\t\t\t\t\t<\/div>\n\t\t\t\t<\/div>\n\t\t\t\t\t<\/div>\n\t\t<\/div>\n\t\t\t\t<div class=\"elementor-column elementor-col-25 elementor-top-column elementor-element elementor-element-b5e0228\" data-id=\"b5e0228\" data-element_type=\"column\" data-e-type=\"column\">\n\t\t\t<div class=\"elementor-widget-wrap elementor-element-populated\">\n\t\t\t\t\t\t<div class=\"elementor-element elementor-element-01a8394 elementor-widget elementor-widget-spacer\" data-id=\"01a8394\" data-element_type=\"widget\" data-e-type=\"widget\" data-widget_type=\"spacer.default\">\n\t\t\t\t<div class=\"elementor-widget-container\">\n\t\t\t\t\t\t\t<div class=\"elementor-spacer\">\n\t\t\t<div class=\"elementor-spacer-inner\"><\/div>\n\t\t<\/div>\n\t\t\t\t\t\t<\/div>\n\t\t\t\t<\/div>\n\t\t\t\t<div class=\"elementor-element elementor-element-0c00688 elementor-widget elementor-widget-image\" data-id=\"0c00688\" data-element_type=\"widget\" data-e-type=\"widget\" data-widget_type=\"image.default\">\n\t\t\t\t<div class=\"elementor-widget-container\">\n\t\t\t\t\t\t\t\t\t\t\t\t\t\t\t<img fetchpriority=\"high\" decoding=\"async\" width=\"300\" height=\"300\" src=\"https:\/\/litteraturbanken.se\/skolan\/wp-content\/uploads\/2019\/03\/lb_skolan_2019_knapp_f\u00f6rfattarbild_sj\u00f6berg_brun-e1553013267697.jpg\" class=\"attachment-full size-full wp-image-13779\" alt=\"\" \/>\t\t\t\t\t\t\t\t\t\t\t\t\t\t\t<\/div>\n\t\t\t\t<\/div>\n\t\t\t\t<div class=\"elementor-element elementor-element-065f061 elementor-widget elementor-widget-spacer\" data-id=\"065f061\" data-element_type=\"widget\" data-e-type=\"widget\" data-widget_type=\"spacer.default\">\n\t\t\t\t<div class=\"elementor-widget-container\">\n\t\t\t\t\t\t\t<div class=\"elementor-spacer\">\n\t\t\t<div class=\"elementor-spacer-inner\"><\/div>\n\t\t<\/div>\n\t\t\t\t\t\t<\/div>\n\t\t\t\t<\/div>\n\t\t\t\t\t<\/div>\n\t\t<\/div>\n\t\t\t\t<div class=\"elementor-column elementor-col-25 elementor-top-column elementor-element elementor-element-6ceaaf6\" data-id=\"6ceaaf6\" data-element_type=\"column\" data-e-type=\"column\">\n\t\t\t<div class=\"elementor-widget-wrap elementor-element-populated\">\n\t\t\t\t\t\t<div class=\"elementor-element elementor-element-b3893e9 elementor-widget elementor-widget-spacer\" data-id=\"b3893e9\" data-element_type=\"widget\" data-e-type=\"widget\" data-widget_type=\"spacer.default\">\n\t\t\t\t<div class=\"elementor-widget-container\">\n\t\t\t\t\t\t\t<div class=\"elementor-spacer\">\n\t\t\t<div class=\"elementor-spacer-inner\"><\/div>\n\t\t<\/div>\n\t\t\t\t\t\t<\/div>\n\t\t\t\t<\/div>\n\t\t\t\t<div class=\"elementor-element elementor-element-237136b elementor-widget elementor-widget-spacer\" data-id=\"237136b\" data-element_type=\"widget\" data-e-type=\"widget\" data-widget_type=\"spacer.default\">\n\t\t\t\t<div class=\"elementor-widget-container\">\n\t\t\t\t\t\t\t<div class=\"elementor-spacer\">\n\t\t\t<div class=\"elementor-spacer-inner\"><\/div>\n\t\t<\/div>\n\t\t\t\t\t\t<\/div>\n\t\t\t\t<\/div>\n\t\t\t\t\t<\/div>\n\t\t<\/div>\n\t\t\t\t\t<\/div>\n\t\t<\/section>\n\t\t\t\t<\/div>\n\t\t","protected":false},"excerpt":{"rendered":"<p>Birger Sj\u00f6berg BIRGER SJ\u00d6BERG (1885\u20131929) blev med vissamlingen\u00a0Fridas bok\u00a0(1922) omedelbart \u00e4lskad av publiken, som diktare och trubadur, och upph\u00f6jd till den nye Bellman. Fridas litter\u00e4ra sm\u00e5stadsv\u00e4rld, inte l\u00e5ngt fr\u00e5n Sj\u00f6bergs eget V\u00e4nersborg, \u00e4r en solbelyst, trygg och tindrande idyll \u00f6ver vilken h\u00f6rs den \u201dsvenska l\u00e4rkans drill\u201d. N\u00e5got m\u00f6rkt str\u00e5k smyger sig tidvis in, som i [&hellip;]<\/p>\n","protected":false},"author":5,"featured_media":0,"parent":0,"menu_order":0,"comment_status":"closed","ping_status":"closed","template":"","meta":{"ocean_post_layout":"full-screen","ocean_both_sidebars_style":"","ocean_both_sidebars_content_width":0,"ocean_both_sidebars_sidebars_width":0,"ocean_sidebar":"0","ocean_second_sidebar":"0","ocean_disable_margins":"enable","ocean_add_body_class":"","ocean_shortcode_before_top_bar":"","ocean_shortcode_after_top_bar":"","ocean_shortcode_before_header":"","ocean_shortcode_after_header":"","ocean_has_shortcode":"","ocean_shortcode_after_title":"","ocean_shortcode_before_footer_widgets":"","ocean_shortcode_after_footer_widgets":"","ocean_shortcode_before_footer_bottom":"","ocean_shortcode_after_footer_bottom":"","ocean_display_top_bar":"default","ocean_display_header":"default","ocean_header_style":"","ocean_center_header_left_menu":"0","ocean_custom_header_template":"0","ocean_custom_logo":0,"ocean_custom_retina_logo":0,"ocean_custom_logo_max_width":0,"ocean_custom_logo_tablet_max_width":0,"ocean_custom_logo_mobile_max_width":0,"ocean_custom_logo_max_height":0,"ocean_custom_logo_tablet_max_height":0,"ocean_custom_logo_mobile_max_height":0,"ocean_header_custom_menu":"0","ocean_menu_typo_font_family":"0","ocean_menu_typo_font_subset":"","ocean_menu_typo_font_size":0,"ocean_menu_typo_font_size_tablet":0,"ocean_menu_typo_font_size_mobile":0,"ocean_menu_typo_font_size_unit":"px","ocean_menu_typo_font_weight":"","ocean_menu_typo_font_weight_tablet":"","ocean_menu_typo_font_weight_mobile":"","ocean_menu_typo_transform":"","ocean_menu_typo_transform_tablet":"","ocean_menu_typo_transform_mobile":"","ocean_menu_typo_line_height":0,"ocean_menu_typo_line_height_tablet":0,"ocean_menu_typo_line_height_mobile":0,"ocean_menu_typo_line_height_unit":"","ocean_menu_typo_spacing":0,"ocean_menu_typo_spacing_tablet":0,"ocean_menu_typo_spacing_mobile":0,"ocean_menu_typo_spacing_unit":"","ocean_menu_link_color":"","ocean_menu_link_color_hover":"","ocean_menu_link_color_active":"","ocean_menu_link_background":"","ocean_menu_link_hover_background":"","ocean_menu_link_active_background":"","ocean_menu_social_links_bg":"","ocean_menu_social_hover_links_bg":"","ocean_menu_social_links_color":"","ocean_menu_social_hover_links_color":"","ocean_disable_title":"on","ocean_disable_heading":"default","ocean_post_title":"","ocean_post_subheading":"","ocean_post_title_style":"","ocean_post_title_background_color":"","ocean_post_title_background":0,"ocean_post_title_bg_image_position":"","ocean_post_title_bg_image_attachment":"","ocean_post_title_bg_image_repeat":"","ocean_post_title_bg_image_size":"","ocean_post_title_height":0,"ocean_post_title_bg_overlay":0.5,"ocean_post_title_bg_overlay_color":"","ocean_disable_breadcrumbs":"default","ocean_breadcrumbs_color":"","ocean_breadcrumbs_separator_color":"","ocean_breadcrumbs_links_color":"","ocean_breadcrumbs_links_hover_color":"","ocean_display_footer_widgets":"default","ocean_display_footer_bottom":"default","ocean_custom_footer_template":"0","footnotes":""},"class_list":["post-3567","page","type-page","status-publish","hentry","entry"],"_links":{"self":[{"href":"https:\/\/litteraturbanken.se\/skolan\/wp-json\/wp\/v2\/pages\/3567","targetHints":{"allow":["GET"]}}],"collection":[{"href":"https:\/\/litteraturbanken.se\/skolan\/wp-json\/wp\/v2\/pages"}],"about":[{"href":"https:\/\/litteraturbanken.se\/skolan\/wp-json\/wp\/v2\/types\/page"}],"author":[{"embeddable":true,"href":"https:\/\/litteraturbanken.se\/skolan\/wp-json\/wp\/v2\/users\/5"}],"replies":[{"embeddable":true,"href":"https:\/\/litteraturbanken.se\/skolan\/wp-json\/wp\/v2\/comments?post=3567"}],"version-history":[{"count":16,"href":"https:\/\/litteraturbanken.se\/skolan\/wp-json\/wp\/v2\/pages\/3567\/revisions"}],"predecessor-version":[{"id":20501,"href":"https:\/\/litteraturbanken.se\/skolan\/wp-json\/wp\/v2\/pages\/3567\/revisions\/20501"}],"wp:attachment":[{"href":"https:\/\/litteraturbanken.se\/skolan\/wp-json\/wp\/v2\/media?parent=3567"}],"curies":[{"name":"wp","href":"https:\/\/api.w.org\/{rel}","templated":true}]}}