{"id":3616,"date":"2018-07-19T12:51:00","date_gmt":"2018-07-19T10:51:00","guid":{"rendered":"https:\/\/litteraturbanken.se\/skoladev\/?page_id=3616"},"modified":"2020-03-09T11:38:52","modified_gmt":"2020-03-09T10:38:52","slug":"poesi-forfattare-johan-ludvig-runeberg-om","status":"publish","type":"page","link":"https:\/\/litteraturbanken.se\/skolan\/poesi-forfattare-johan-ludvig-runeberg-om\/","title":{"rendered":"Poesi\/F\u00f6rfattare\/Johan Ludvig Runeberg\/Mer om"},"content":{"rendered":"\t\t<div data-elementor-type=\"wp-post\" data-elementor-id=\"3616\" class=\"elementor elementor-3616\">\n\t\t\t\t\t\t<section class=\"elementor-section elementor-top-section elementor-element elementor-element-ce1a8a3 elementor-section-full_width elementor-section-height-default elementor-section-height-default\" data-id=\"ce1a8a3\" data-element_type=\"section\" data-e-type=\"section\" data-settings=\"{&quot;background_background&quot;:&quot;classic&quot;}\">\n\t\t\t\t\t\t<div class=\"elementor-container elementor-column-gap-default\">\n\t\t\t\t\t<div class=\"elementor-column elementor-col-25 elementor-top-column elementor-element elementor-element-984653e\" data-id=\"984653e\" data-element_type=\"column\" data-e-type=\"column\">\n\t\t\t<div class=\"elementor-widget-wrap\">\n\t\t\t\t\t\t\t<\/div>\n\t\t<\/div>\n\t\t\t\t<div class=\"elementor-column elementor-col-25 elementor-top-column elementor-element elementor-element-076f528\" data-id=\"076f528\" data-element_type=\"column\" data-e-type=\"column\" data-settings=\"{&quot;background_background&quot;:&quot;classic&quot;}\">\n\t\t\t<div class=\"elementor-widget-wrap elementor-element-populated\">\n\t\t\t\t\t\t<div class=\"elementor-element elementor-element-f269d70 elementor-widget elementor-widget-spacer\" data-id=\"f269d70\" data-element_type=\"widget\" data-e-type=\"widget\" data-widget_type=\"spacer.default\">\n\t\t\t\t<div class=\"elementor-widget-container\">\n\t\t\t\t\t\t\t<div class=\"elementor-spacer\">\n\t\t\t<div class=\"elementor-spacer-inner\"><\/div>\n\t\t<\/div>\n\t\t\t\t\t\t<\/div>\n\t\t\t\t<\/div>\n\t\t\t\t<div class=\"elementor-element elementor-element-d51589e elementor-widget elementor-widget-text-editor\" data-id=\"d51589e\" data-element_type=\"widget\" data-e-type=\"widget\" data-widget_type=\"text-editor.default\">\n\t\t\t\t<div class=\"elementor-widget-container\">\n\t\t\t\t\t\t\t\t\t<h1 class=\"elementor-heading-title elementor-size-default\">Johan Ludvig Runeberg<\/h1>\t\t\t\t\t\t\t\t<\/div>\n\t\t\t\t<\/div>\n\t\t\t\t<div class=\"elementor-element elementor-element-3a01c8d elementor-widget elementor-widget-text-editor\" data-id=\"3a01c8d\" data-element_type=\"widget\" data-e-type=\"widget\" data-widget_type=\"text-editor.default\">\n\t\t\t\t<div class=\"elementor-widget-container\">\n\t\t\t\t\t\t\t\t\t<div class=\"ng-binding\"><div class=\"ng-binding\"><div class=\"ng-binding\"><div class=\"ng-binding\"><p><em>JOHAN LUDVIG RUNEBERG (1804\u201377) \u2013 Finlands nationalskald \u2013 kan s\u00e4gas ha ett i k\u00e4nsla och k\u00e4rnfullhet s\u00e4rpr\u00e4glat och skarpt utmejslat f\u00f6rfattarskap. <\/em><\/p><p><em>Genomg\u00e5ende i hans tre st\u00f6rre samlingar\u00a0Dikter\u00a0(1830, 1833 och 1843) \u00e4r en p\u00e5 samma g\u00e5ng k\u00e4rv, vemodig och ink\u00e4nnande enkelhet i \u00e4mnesval och uttryck. Till grund f\u00f6r m\u00e5nga av dikterna ligger dels de intryck Runeberg tog d\u00e5 han som informator, vid mitten av 1820-talet, vistades i Saarij\u00e4rvi d\u00e4r han m\u00f6tte inlandets skogsb\u00f6nder, dels influenser fr\u00e5n hans l\u00e4sning av serbisk folkpoesi med dess idealiserande hj\u00e4lteportr\u00e4tt. Med s\u00e4regen ordknapphet och saklighet ingjuter Runeberg en ny st\u00e4mning i den romantiska poesin. I <a href=\"https:\/\/litteraturbanken.se\/skolan\/termer-och-begrepp\/\">centrallyriska<\/a> dikter,\u00a0<a href=\"https:\/\/litteraturbanken.se\/skolan\/termer-och-begrepp\/\">epigram<\/a>\u00a0och miniatyrer f\u00e5ngas f\u00f6rt\u00e4tade \u00f6gonblick och of\u00f6rg\u00e4tliga gestalter p\u00e5 intensiva och innerligt ciselerade rader.<\/em><\/p><p>Samma samlande, poetiska blick ger Runeberg uttryck f\u00f6r i\u00a0<i>Elgskyttarne<\/i>\u00a0(1832) d\u00e4r allmogemotiv och hembygdsm\u00e5lningar tecknas med n\u00e4rmast etnografisk omsorg. Folklagrens skilda villkor beskrivs, dock som ing\u00e5ende i en harmonisk, organisk gemenskap.<\/p><p>Runebergs mest k\u00e4nda och l\u00e4sta\u00a0verk\u00a0torde vara\u00a0<i>F\u00e4nrik St\u00e5ls s\u00e4gner<\/i>\u00a0(2 band, 1848 och 1860), d\u00e4r kriget mellan Sverige och Ryssland 1808\u201309 skildras med en s\u00e4rpr\u00e4glad f\u00f6rening av \u00f6vergripande idealism och detaljskarp realism.<\/p><p>Runeberg hade en obruten tilltro till den poetiska kraften. I en reflexion skriver han:\u00a0\u201dPoesin ser och \u00e5terger det verkliga, den sanna verkligheten, rotad i Gud och genomblommande v\u00e4rlden. Poesin upphj\u00e4lper icke naturen, g\u00f6r den icke h\u00e4rligare \u00e4n den \u00e4r, men den hj\u00e4lper m\u00e4nskligheten att se sin egen och v\u00e4rldens h\u00e4rlighet, att genomsk\u00e5da ytans f\u00f6rvirring. M\u00e4nskligheten sitter vid lifvets strand och gr\u00e5ter \u00f6fver den m\u00f6rka v\u00e5gens skum och oro. D\u00e5 kommer poesin, en solblick mellan molnen, och l\u00e5ter henne se hur djup, klar och ren den sj\u00f6 \u00e4r, som s\u00e5 svallar.\u201d<\/p><\/div><div class=\"introauthor\"><em class=\"ng-binding\">Lotta Lotass<\/em><\/div><div>\u00a0<\/div><div class=\"source ng-scope\"><span class=\"source_header sc ng-scope\">k\u00e4lla:\u00a0<\/span><em>Den svenska litteraturen. III: De liberala genombrotten 1830\u20131890<\/em>, red. Lars L\u00f6nnroth &amp; Sven Delblanc<\/div><\/div><\/div><\/div>\t\t\t\t\t\t\t\t<\/div>\n\t\t\t\t<\/div>\n\t\t\t\t\t<\/div>\n\t\t<\/div>\n\t\t\t\t<div class=\"elementor-column elementor-col-25 elementor-top-column elementor-element elementor-element-8ba16fc\" data-id=\"8ba16fc\" data-element_type=\"column\" data-e-type=\"column\">\n\t\t\t<div class=\"elementor-widget-wrap elementor-element-populated\">\n\t\t\t\t\t\t<div class=\"elementor-element elementor-element-897c7b7 elementor-widget elementor-widget-spacer\" data-id=\"897c7b7\" data-element_type=\"widget\" data-e-type=\"widget\" data-widget_type=\"spacer.default\">\n\t\t\t\t<div class=\"elementor-widget-container\">\n\t\t\t\t\t\t\t<div class=\"elementor-spacer\">\n\t\t\t<div class=\"elementor-spacer-inner\"><\/div>\n\t\t<\/div>\n\t\t\t\t\t\t<\/div>\n\t\t\t\t<\/div>\n\t\t\t\t<div class=\"elementor-element elementor-element-c3a2b89 elementor-widget elementor-widget-image\" data-id=\"c3a2b89\" data-element_type=\"widget\" data-e-type=\"widget\" data-widget_type=\"image.default\">\n\t\t\t\t<div class=\"elementor-widget-container\">\n\t\t\t\t\t\t\t\t\t\t\t\t\t\t\t<img fetchpriority=\"high\" decoding=\"async\" width=\"300\" height=\"300\" src=\"https:\/\/litteraturbanken.se\/skolan\/wp-content\/uploads\/2019\/03\/lb_skolan_2019_knapp_f\u00f6rfattarbild_runeberg_r\u00f6d-e1553013294765.jpg\" class=\"attachment-full size-full wp-image-13774\" alt=\"\" \/>\t\t\t\t\t\t\t\t\t\t\t\t\t\t\t<\/div>\n\t\t\t\t<\/div>\n\t\t\t\t<div class=\"elementor-element elementor-element-42a2c20 elementor-widget elementor-widget-spacer\" data-id=\"42a2c20\" data-element_type=\"widget\" data-e-type=\"widget\" data-widget_type=\"spacer.default\">\n\t\t\t\t<div class=\"elementor-widget-container\">\n\t\t\t\t\t\t\t<div class=\"elementor-spacer\">\n\t\t\t<div class=\"elementor-spacer-inner\"><\/div>\n\t\t<\/div>\n\t\t\t\t\t\t<\/div>\n\t\t\t\t<\/div>\n\t\t\t\t\t<\/div>\n\t\t<\/div>\n\t\t\t\t<div class=\"elementor-column elementor-col-25 elementor-top-column elementor-element elementor-element-de25854\" data-id=\"de25854\" data-element_type=\"column\" data-e-type=\"column\">\n\t\t\t<div class=\"elementor-widget-wrap elementor-element-populated\">\n\t\t\t\t\t\t<div class=\"elementor-element elementor-element-d7ce3b8 elementor-widget elementor-widget-spacer\" data-id=\"d7ce3b8\" data-element_type=\"widget\" data-e-type=\"widget\" data-widget_type=\"spacer.default\">\n\t\t\t\t<div class=\"elementor-widget-container\">\n\t\t\t\t\t\t\t<div class=\"elementor-spacer\">\n\t\t\t<div class=\"elementor-spacer-inner\"><\/div>\n\t\t<\/div>\n\t\t\t\t\t\t<\/div>\n\t\t\t\t<\/div>\n\t\t\t\t<div class=\"elementor-element elementor-element-7150acf elementor-widget elementor-widget-spacer\" data-id=\"7150acf\" data-element_type=\"widget\" data-e-type=\"widget\" data-widget_type=\"spacer.default\">\n\t\t\t\t<div class=\"elementor-widget-container\">\n\t\t\t\t\t\t\t<div class=\"elementor-spacer\">\n\t\t\t<div class=\"elementor-spacer-inner\"><\/div>\n\t\t<\/div>\n\t\t\t\t\t\t<\/div>\n\t\t\t\t<\/div>\n\t\t\t\t\t<\/div>\n\t\t<\/div>\n\t\t\t\t\t<\/div>\n\t\t<\/section>\n\t\t\t\t<\/div>\n\t\t","protected":false},"excerpt":{"rendered":"<p>Johan Ludvig Runeberg JOHAN LUDVIG RUNEBERG (1804\u201377) \u2013 Finlands nationalskald \u2013 kan s\u00e4gas ha ett i k\u00e4nsla och k\u00e4rnfullhet s\u00e4rpr\u00e4glat och skarpt utmejslat f\u00f6rfattarskap. Genomg\u00e5ende i hans tre st\u00f6rre samlingar\u00a0Dikter\u00a0(1830, 1833 och 1843) \u00e4r en p\u00e5 samma g\u00e5ng k\u00e4rv, vemodig och ink\u00e4nnande enkelhet i \u00e4mnesval och uttryck. Till grund f\u00f6r m\u00e5nga av dikterna ligger dels [&hellip;]<\/p>\n","protected":false},"author":5,"featured_media":0,"parent":0,"menu_order":0,"comment_status":"closed","ping_status":"closed","template":"","meta":{"ocean_post_layout":"full-screen","ocean_both_sidebars_style":"","ocean_both_sidebars_content_width":0,"ocean_both_sidebars_sidebars_width":0,"ocean_sidebar":"0","ocean_second_sidebar":"0","ocean_disable_margins":"enable","ocean_add_body_class":"","ocean_shortcode_before_top_bar":"","ocean_shortcode_after_top_bar":"","ocean_shortcode_before_header":"","ocean_shortcode_after_header":"","ocean_has_shortcode":"","ocean_shortcode_after_title":"","ocean_shortcode_before_footer_widgets":"","ocean_shortcode_after_footer_widgets":"","ocean_shortcode_before_footer_bottom":"","ocean_shortcode_after_footer_bottom":"","ocean_display_top_bar":"default","ocean_display_header":"default","ocean_header_style":"","ocean_center_header_left_menu":"0","ocean_custom_header_template":"0","ocean_custom_logo":0,"ocean_custom_retina_logo":0,"ocean_custom_logo_max_width":0,"ocean_custom_logo_tablet_max_width":0,"ocean_custom_logo_mobile_max_width":0,"ocean_custom_logo_max_height":0,"ocean_custom_logo_tablet_max_height":0,"ocean_custom_logo_mobile_max_height":0,"ocean_header_custom_menu":"0","ocean_menu_typo_font_family":"0","ocean_menu_typo_font_subset":"","ocean_menu_typo_font_size":0,"ocean_menu_typo_font_size_tablet":0,"ocean_menu_typo_font_size_mobile":0,"ocean_menu_typo_font_size_unit":"px","ocean_menu_typo_font_weight":"","ocean_menu_typo_font_weight_tablet":"","ocean_menu_typo_font_weight_mobile":"","ocean_menu_typo_transform":"","ocean_menu_typo_transform_tablet":"","ocean_menu_typo_transform_mobile":"","ocean_menu_typo_line_height":0,"ocean_menu_typo_line_height_tablet":0,"ocean_menu_typo_line_height_mobile":0,"ocean_menu_typo_line_height_unit":"","ocean_menu_typo_spacing":0,"ocean_menu_typo_spacing_tablet":0,"ocean_menu_typo_spacing_mobile":0,"ocean_menu_typo_spacing_unit":"","ocean_menu_link_color":"","ocean_menu_link_color_hover":"","ocean_menu_link_color_active":"","ocean_menu_link_background":"","ocean_menu_link_hover_background":"","ocean_menu_link_active_background":"","ocean_menu_social_links_bg":"","ocean_menu_social_hover_links_bg":"","ocean_menu_social_links_color":"","ocean_menu_social_hover_links_color":"","ocean_disable_title":"on","ocean_disable_heading":"default","ocean_post_title":"","ocean_post_subheading":"","ocean_post_title_style":"","ocean_post_title_background_color":"","ocean_post_title_background":0,"ocean_post_title_bg_image_position":"","ocean_post_title_bg_image_attachment":"","ocean_post_title_bg_image_repeat":"","ocean_post_title_bg_image_size":"","ocean_post_title_height":0,"ocean_post_title_bg_overlay":0.5,"ocean_post_title_bg_overlay_color":"","ocean_disable_breadcrumbs":"default","ocean_breadcrumbs_color":"","ocean_breadcrumbs_separator_color":"","ocean_breadcrumbs_links_color":"","ocean_breadcrumbs_links_hover_color":"","ocean_display_footer_widgets":"default","ocean_display_footer_bottom":"default","ocean_custom_footer_template":"0","footnotes":""},"class_list":["post-3616","page","type-page","status-publish","hentry","entry"],"_links":{"self":[{"href":"https:\/\/litteraturbanken.se\/skolan\/wp-json\/wp\/v2\/pages\/3616","targetHints":{"allow":["GET"]}}],"collection":[{"href":"https:\/\/litteraturbanken.se\/skolan\/wp-json\/wp\/v2\/pages"}],"about":[{"href":"https:\/\/litteraturbanken.se\/skolan\/wp-json\/wp\/v2\/types\/page"}],"author":[{"embeddable":true,"href":"https:\/\/litteraturbanken.se\/skolan\/wp-json\/wp\/v2\/users\/5"}],"replies":[{"embeddable":true,"href":"https:\/\/litteraturbanken.se\/skolan\/wp-json\/wp\/v2\/comments?post=3616"}],"version-history":[{"count":14,"href":"https:\/\/litteraturbanken.se\/skolan\/wp-json\/wp\/v2\/pages\/3616\/revisions"}],"predecessor-version":[{"id":20496,"href":"https:\/\/litteraturbanken.se\/skolan\/wp-json\/wp\/v2\/pages\/3616\/revisions\/20496"}],"wp:attachment":[{"href":"https:\/\/litteraturbanken.se\/skolan\/wp-json\/wp\/v2\/media?parent=3616"}],"curies":[{"name":"wp","href":"https:\/\/api.w.org\/{rel}","templated":true}]}}