{"id":3630,"date":"2018-07-19T12:57:01","date_gmt":"2018-07-19T10:57:01","guid":{"rendered":"https:\/\/litteraturbanken.se\/skoladev\/?page_id=3630"},"modified":"2025-08-09T05:17:46","modified_gmt":"2025-08-09T03:17:46","slug":"poesi-forfattare-karin-boye-om","status":"publish","type":"page","link":"https:\/\/litteraturbanken.se\/skolan\/poesi-forfattare-karin-boye-om\/","title":{"rendered":"Poesi\/F\u00f6rfattare\/Karin Boye\/Mer om"},"content":{"rendered":"\t\t<div data-elementor-type=\"wp-post\" data-elementor-id=\"3630\" class=\"elementor elementor-3630\">\n\t\t\t\t\t\t<section class=\"elementor-section elementor-top-section elementor-element elementor-element-4c97c7c elementor-section-full_width elementor-section-height-default elementor-section-height-default\" data-id=\"4c97c7c\" data-element_type=\"section\" data-e-type=\"section\" data-settings=\"{&quot;background_background&quot;:&quot;classic&quot;}\">\n\t\t\t\t\t\t<div class=\"elementor-container elementor-column-gap-default\">\n\t\t\t\t\t<div class=\"elementor-column elementor-col-25 elementor-top-column elementor-element elementor-element-3d74531\" data-id=\"3d74531\" data-element_type=\"column\" data-e-type=\"column\">\n\t\t\t<div class=\"elementor-widget-wrap\">\n\t\t\t\t\t\t\t<\/div>\n\t\t<\/div>\n\t\t\t\t<div class=\"elementor-column elementor-col-25 elementor-top-column elementor-element elementor-element-c6aa8fa\" data-id=\"c6aa8fa\" data-element_type=\"column\" data-e-type=\"column\" data-settings=\"{&quot;background_background&quot;:&quot;classic&quot;}\">\n\t\t\t<div class=\"elementor-widget-wrap elementor-element-populated\">\n\t\t\t\t\t\t<div class=\"elementor-element elementor-element-92cc860 elementor-widget elementor-widget-spacer\" data-id=\"92cc860\" data-element_type=\"widget\" data-e-type=\"widget\" data-widget_type=\"spacer.default\">\n\t\t\t\t<div class=\"elementor-widget-container\">\n\t\t\t\t\t\t\t<div class=\"elementor-spacer\">\n\t\t\t<div class=\"elementor-spacer-inner\"><\/div>\n\t\t<\/div>\n\t\t\t\t\t\t<\/div>\n\t\t\t\t<\/div>\n\t\t\t\t<div class=\"elementor-element elementor-element-1401598 elementor-widget elementor-widget-text-editor\" data-id=\"1401598\" data-element_type=\"widget\" data-e-type=\"widget\" data-widget_type=\"text-editor.default\">\n\t\t\t\t<div class=\"elementor-widget-container\">\n\t\t\t\t\t\t\t\t\t<h1 class=\"elementor-heading-title elementor-size-default\">Karin Boye<\/h1>\t\t\t\t\t\t\t\t<\/div>\n\t\t\t\t<\/div>\n\t\t\t\t<div class=\"elementor-element elementor-element-8f25642 elementor-widget elementor-widget-text-editor\" data-id=\"8f25642\" data-element_type=\"widget\" data-e-type=\"widget\" data-widget_type=\"text-editor.default\">\n\t\t\t\t<div class=\"elementor-widget-container\">\n\t\t\t\t\t\t\t\t\t<div class=\"ng-binding\">\n<p>K<em>ARIN BOYE (1900\u20131941) drevs i sitt liv och sin dikt av en oavl\u00e5tlig vilja till uppror och uppbrott, till r\u00f6relse och frihet. <\/em><\/p>\n<p><em>Tidigt i livet l\u00e4ste hon Schopenhauer och&nbsp;Nietzsche och brottades med fr\u00e5gor kring individens r\u00e4tt till sj\u00e4lvbest\u00e4mning, Guds r\u00e5dighet \u00f6ver m\u00e4nniskan och existensens krav och tv\u00e5ng och normernas f\u00e4rdiga handlingsm\u00f6nster. Boye debuterade med diktsamlingen&nbsp;Moln&nbsp;(1922). <\/em><\/p>\n<p>Hennes starkaste influenser kom fr\u00e5n&nbsp;Gustaf Fr\u00f6dings&nbsp;graaldiktning,&nbsp;Vilhelm Ekelunds&nbsp;str\u00e4nga allvar och&nbsp;Edith S\u00f6dergrans&nbsp;kosmiska visioner. Sk\u00f6nhetsdyrkan, kampvilja och dynamisk r\u00f6relse var hos Boye, alltifr\u00e5n f\u00f6rsta stund, starkt koncentrerade och st\u00f6pta i en s\u00e4regen, stringent och egensinnig rytmisk form. I de d\u00e4rp\u00e5 f\u00f6ljande diktsamlingarna&nbsp;<i>G\u00f6<\/i><i>mda land<\/i>&nbsp;(1924) och&nbsp;<i>H\u00e4rdarna<\/i>&nbsp;(1927) manade dikterna, med grund i kristna&nbsp;motiv, till tapperhet, till seger, strid och offer.<\/p>\n<p>Boye var vid denna tid ocks\u00e5 medlem av&nbsp;<i>Clart\u00e9s<\/i>&nbsp;redaktion och en av tidskriftens starkaste r\u00f6ster, s\u00e5v\u00e4l i debatt som i sk\u00f6nlitter\u00e4ra bidrag. Hon var ocks\u00e5 en av grundarna av tidskriften&nbsp;<i>Spektrum<\/i>&nbsp;(1931\u201333), i vilken hennes och Erik Mestertons \u00f6vers\u00e4ttning av T. S. Eliots&nbsp;<i>The Waste Land<\/i>&nbsp;(<i>Det \u00f6de landet<\/i>) publicerades 1932. Boye skrev \u00e4ven ett antal novellsamlingar \u2013&nbsp;<i>Uppg\u00f6relser<\/i>&nbsp;(1934),&nbsp;<i>Ur funktion<\/i>&nbsp;(1940),&nbsp;<i>Beb\u00e5delse<\/i>&nbsp;(utgiven posthumt 1941) \u2013 och flera romaner. I hennes f\u00f6rsta roman \u2013&nbsp;<i>Astarte<\/i>&nbsp;(1931) \u2013 \u00e4r huvudgestalten en skyltdocka, kring vilken ett antal m\u00e4nniskor r\u00f6r sig i kritik av det moderna konsumtionssamh\u00e4llet.&nbsp;<i>Merit vaknar<\/i>&nbsp;(1933) ber\u00e4ttar om k\u00e4rlekens makt till f\u00f6rsoning. I&nbsp;<i>F\u00f6r lite<\/i>&nbsp;(1936) gestaltas konstn\u00e4rens dilemma mellan skapande frihet och pekuni\u00e4rt ansvar. I romanen&nbsp;<i>Kris<\/i>&nbsp;(1934) m\u00f6ter l\u00e4saren den unga seminaristen Malin Forst, vars sj\u00e4lsliga omv\u00e4lvningar framst\u00e4lls i strama dialoger mellan stiliserade karakt\u00e4rer, iakttagare och makter. Forsts av r\u00e4dsla pr\u00e4glade livsm\u00f6nster bryts f\u00f6rst n\u00e4r hon m\u00f6ter sk\u00f6nheten och omedelbarheten hos kamraten Siv.<\/p>\n<p>Boyes mest l\u00e4sta roman&nbsp;<i>Kallocain<\/i>&nbsp;(1940) \u00e4r en framtidsskildring med drag av Aldous Huxleys sk\u00f6na nya v\u00e4rld, d\u00e4r individens r\u00e4tt till frihet och sj\u00e4lvst\u00e4ndighet st\u00e4lls mot kollektivets och Statens organisations- och kontrollbehov.<\/p>\n<p>Bland Boyes diktsamlingar skall ocks\u00e5 n\u00e4mnas&nbsp;<i>F\u00f6r tr\u00e4dets skull<\/i>&nbsp;(1935) d\u00e4r hon g\u00f6r m\u00e4sterligt bruk av den tr\u00e4dsymbolik vilken \u00e5terkommer genom hela hennes f\u00f6rfattarskap. Samlingen kritiserades i sin samtid f\u00f6r att vara modernistiskt dunkel, men har av sentida l\u00e4sare kommit att ses som Boyes starkaste. H\u00e4r \u00e5terfinns hennes kanske mest k\u00e4nda dikt \u2013&nbsp;<a href=\"https:\/\/litteraturbanken.se\/skolan\/?page_id=2717\">\u201dJa visst g\u00f6r det ont n\u00e4r knoppar brister\u201d&nbsp;<\/a>\u2013 d\u00e4r tilliten till v\u00e4rlden och till livets kraft ger tr\u00e4det mod att sl\u00e5 ut. Posthumt utgavs den ofullbordade diktsamlingen&nbsp;<i>De sju d\u00f6dssynderna<\/i>&nbsp;(1941), vars k\u00e4rna \u00e4r en diktcykel d\u00e4r konflikten mellan rotfasthet och r\u00f6relse, st\u00e4lle och v\u00e4g, ligger till grund f\u00f6r ett metafysiskt drama med religi\u00f6sa f\u00f6rtecken. Den dialog som h\u00e4r f\u00f6rs inf\u00f6r Guds tron, i k\u00f6rer, solost\u00e4mmor och koraler, ger i sitt ob\u00f6jliga s\u00f6kande efter svar en stark bild av den vilja till strid och frihetskamp som genomstr\u00f6mmar Boyes diktning.<\/p>\n<\/div>\n<div class=\"introauthor\"><em class=\"ng-binding\">Lotta Lotass<\/em><\/div>\n<div>&nbsp;<\/div>\n<div class=\"source ng-scope\"><span class=\"source_header sc ng-scope\">k\u00e4lla:&nbsp;<\/span>Erik Hjalmar Linder,&nbsp;<i>Ny illustrerad svensk litteraturhistoria. Fem decennier av nittonhundratalet<\/i>, 1965.<\/div>\n<div class=\"source ng-scope\">&nbsp;<\/div>\n<div class=\"source ng-scope\">&nbsp;<\/div>\t\t\t\t\t\t\t\t<\/div>\n\t\t\t\t<\/div>\n\t\t\t\t<div class=\"elementor-element elementor-element-248cae2 elementor-widget elementor-widget-heading\" data-id=\"248cae2\" data-element_type=\"widget\" data-e-type=\"widget\" data-widget_type=\"heading.default\">\n\t\t\t\t<div class=\"elementor-widget-container\">\n\t\t\t\t\t<h2 class=\"elementor-heading-title elementor-size-default\">H\u00f6r Karin Boye l\u00e4sa sina egna dikter<\/h2>\t\t\t\t<\/div>\n\t\t\t\t<\/div>\n\t\t\t\t<div class=\"elementor-element elementor-element-5be64cf elementor-widget elementor-widget-text-editor\" data-id=\"5be64cf\" data-element_type=\"widget\" data-e-type=\"widget\" data-widget_type=\"text-editor.default\">\n\t\t\t\t<div class=\"elementor-widget-container\">\n\t\t\t\t\t\t\t\t\t<p><span style=\"font-family: 'Roboto Condensed', 'Roboto Condensed'; font-size: 16px; font-style: normal; font-variant-ligatures: normal; font-variant-caps: normal; font-weight: 400; color: #ff0000;\">H\u00e4r kan du h\u00f6ra inspelningar fr\u00e5n Sveriges Radio d\u00e4r Karin Boye l\u00e4ser sina egna dikter.\u00a0<\/span><\/p><p><div class=\"wp-playlist wp-audio-playlist wp-playlist-light\">\n\t\t\t<div class=\"wp-playlist-current-item\"><\/div>\n\t\t<audio controls=\"controls\" preload=\"none\" width=\"1178\"\n\t\t\t><\/audio>\n\t<div class=\"wp-playlist-next\"><\/div>\n\t<div class=\"wp-playlist-prev\"><\/div>\n\t<noscript>\n\t<ol>\n\t\t<li><a href='https:\/\/litteraturbanken.se\/skolan\/wp-content\/uploads\/2019\/03\/boye_irorelse_boye.mp3'>I r\u00f6relse<\/a><\/li><li><a href='https:\/\/litteraturbanken.se\/skolan\/wp-content\/uploads\/2019\/03\/boye_javisstgordetont_boye.mp3'>Ja visst g\u00f6r det ont \u2026<\/a><\/li><li><a href='https:\/\/litteraturbanken.se\/skolan\/wp-content\/uploads\/2019\/03\/boye_omkringossstortarallt_boye.mp3'>Hur kan f\u00f6rtr\u00f6stan leva<\/a><\/li><li><a href='https:\/\/litteraturbanken.se\/skolan\/wp-content\/uploads\/2019\/03\/boye_osarbar_boye.mp3'>Os\u00e5rbar<\/a><\/li><li><a href='https:\/\/litteraturbanken.se\/skolan\/wp-content\/uploads\/2019\/03\/boye_onskenatt_boye.mp3'>\u00d6nskenatt<\/a><\/li><li><a href='https:\/\/litteraturbanken.se\/skolan\/wp-content\/uploads\/2019\/03\/boye_idyll_boye.mp3'>Idyll<\/a><\/li><li><a href='https:\/\/litteraturbanken.se\/skolan\/wp-content\/uploads\/2019\/03\/boye_fordenstoraforodmjukelsenstimme_boye.mp3'>F\u00f6r den stora f\u00f6r\u00f6dmjukelsens timme<\/a><\/li><li><a href='https:\/\/litteraturbanken.se\/skolan\/wp-content\/uploads\/2019\/03\/boye_evighet_boye.mp3'>Evighet<\/a><\/li><li><a href='https:\/\/litteraturbanken.se\/skolan\/wp-content\/uploads\/2019\/03\/boye_duarfroet_boye.mp3'>Du \u00e4r fr\u00f6et<\/a><\/li>\t<\/ol>\n\t<\/noscript>\n\t<script type=\"application\/json\" class=\"wp-playlist-script\">{\"type\":\"audio\",\"tracklist\":true,\"tracknumbers\":true,\"images\":true,\"artists\":true,\"tracks\":[{\"src\":\"https:\/\/litteraturbanken.se\/skolan\/wp-content\/uploads\/2019\/03\/boye_irorelse_boye.mp3\",\"type\":\"audio\/mpeg\",\"title\":\"I r\\u00f6relse\",\"caption\":\"\",\"description\":\"\\\"I r\\u00f6relse\\\" fr\\u00e5n Karin Boye av Boye, Karin.\",\"meta\":{\"artist\":\"Karin Boye\",\"album\":\"Karin Boye\",\"length_formatted\":\"1:00\"},\"image\":{\"src\":\"https:\/\/litteraturbanken.se\/skolan\/wp-includes\/images\/media\/audio.svg\",\"width\":48,\"height\":64},\"thumb\":{\"src\":\"https:\/\/litteraturbanken.se\/skolan\/wp-includes\/images\/media\/audio.svg\",\"width\":48,\"height\":64}},{\"src\":\"https:\/\/litteraturbanken.se\/skolan\/wp-content\/uploads\/2019\/03\/boye_javisstgordetont_boye.mp3\",\"type\":\"audio\/mpeg\",\"title\":\"Ja visst g\\u00f6r det ont \\u2026\",\"caption\":\"\",\"description\":\"\\\"Ja visst g\\u00f6r det ont \\u2026\\\" fr\\u00e5n Karin Boye av Boye, Karin.\",\"meta\":{\"artist\":\"Karin Boye\",\"album\":\"Karin Boye\"},\"image\":{\"src\":\"https:\/\/litteraturbanken.se\/skolan\/wp-includes\/images\/media\/audio.svg\",\"width\":48,\"height\":64},\"thumb\":{\"src\":\"https:\/\/litteraturbanken.se\/skolan\/wp-includes\/images\/media\/audio.svg\",\"width\":48,\"height\":64}},{\"src\":\"https:\/\/litteraturbanken.se\/skolan\/wp-content\/uploads\/2019\/03\/boye_omkringossstortarallt_boye.mp3\",\"type\":\"audio\/mpeg\",\"title\":\"Hur kan f\\u00f6rtr\\u00f6stan leva\",\"caption\":\"\",\"description\":\"\\\"Omkring oss st\\u00f6rtar allt\\\" fr\\u00e5n Karin Boye av Boye, Karin.\",\"meta\":{\"artist\":\"Karin Boye\",\"album\":\"Karin Boye\",\"length_formatted\":\"2:02\"},\"image\":{\"src\":\"https:\/\/litteraturbanken.se\/skolan\/wp-includes\/images\/media\/audio.svg\",\"width\":48,\"height\":64},\"thumb\":{\"src\":\"https:\/\/litteraturbanken.se\/skolan\/wp-includes\/images\/media\/audio.svg\",\"width\":48,\"height\":64}},{\"src\":\"https:\/\/litteraturbanken.se\/skolan\/wp-content\/uploads\/2019\/03\/boye_osarbar_boye.mp3\",\"type\":\"audio\/mpeg\",\"title\":\"Os\\u00e5rbar\",\"caption\":\"\",\"description\":\"\\\"Os\\u00e5rbar\\\" fr\\u00e5n Karin Boye av Boye, Karin.\",\"meta\":{\"artist\":\"Karin Boye\",\"album\":\"Karin Boye\",\"length_formatted\":\"1:10\"},\"image\":{\"src\":\"https:\/\/litteraturbanken.se\/skolan\/wp-includes\/images\/media\/audio.svg\",\"width\":48,\"height\":64},\"thumb\":{\"src\":\"https:\/\/litteraturbanken.se\/skolan\/wp-includes\/images\/media\/audio.svg\",\"width\":48,\"height\":64}},{\"src\":\"https:\/\/litteraturbanken.se\/skolan\/wp-content\/uploads\/2019\/03\/boye_onskenatt_boye.mp3\",\"type\":\"audio\/mpeg\",\"title\":\"\\u00d6nskenatt\",\"caption\":\"\",\"description\":\"\\\"\\u00d6nskenatt\\\" fr\\u00e5n Karin Boye av Boye, Karin.\",\"meta\":{\"artist\":\"Karin Boye\",\"album\":\"Karin Boye\",\"length_formatted\":\"1:11\"},\"image\":{\"src\":\"https:\/\/litteraturbanken.se\/skolan\/wp-includes\/images\/media\/audio.svg\",\"width\":48,\"height\":64},\"thumb\":{\"src\":\"https:\/\/litteraturbanken.se\/skolan\/wp-includes\/images\/media\/audio.svg\",\"width\":48,\"height\":64}},{\"src\":\"https:\/\/litteraturbanken.se\/skolan\/wp-content\/uploads\/2019\/03\/boye_idyll_boye.mp3\",\"type\":\"audio\/mpeg\",\"title\":\"Idyll\",\"caption\":\"\",\"description\":\"\\\"Din r\\u00f6st\\\" fr\\u00e5n Karin Boye av Boye, Karin.\",\"meta\":{\"artist\":\"Karin Boye\",\"album\":\"Karin Boye\"},\"image\":{\"src\":\"https:\/\/litteraturbanken.se\/skolan\/wp-includes\/images\/media\/audio.svg\",\"width\":48,\"height\":64},\"thumb\":{\"src\":\"https:\/\/litteraturbanken.se\/skolan\/wp-includes\/images\/media\/audio.svg\",\"width\":48,\"height\":64}},{\"src\":\"https:\/\/litteraturbanken.se\/skolan\/wp-content\/uploads\/2019\/03\/boye_fordenstoraforodmjukelsenstimme_boye.mp3\",\"type\":\"audio\/mpeg\",\"title\":\"F\\u00f6r den stora f\\u00f6r\\u00f6dmjukelsens timme\",\"caption\":\"\",\"description\":\"\\\"F\\u00f6r den stora f\\u00f6r\\u00f6dmjukelsens timme\\\" fr\\u00e5n Karin Boye av Boye, Karin.\",\"meta\":{\"artist\":\"Karin Boye\",\"album\":\"Karin Boye\"},\"image\":{\"src\":\"https:\/\/litteraturbanken.se\/skolan\/wp-includes\/images\/media\/audio.svg\",\"width\":48,\"height\":64},\"thumb\":{\"src\":\"https:\/\/litteraturbanken.se\/skolan\/wp-includes\/images\/media\/audio.svg\",\"width\":48,\"height\":64}},{\"src\":\"https:\/\/litteraturbanken.se\/skolan\/wp-content\/uploads\/2019\/03\/boye_evighet_boye.mp3\",\"type\":\"audio\/mpeg\",\"title\":\"Evighet\",\"caption\":\"\",\"description\":\"\\\"Evighet\\\" fr\\u00e5n Karin Boye av Boye, Karin.\",\"meta\":{\"artist\":\"Karin Boye\",\"album\":\"Karin Boye\"},\"image\":{\"src\":\"https:\/\/litteraturbanken.se\/skolan\/wp-includes\/images\/media\/audio.svg\",\"width\":48,\"height\":64},\"thumb\":{\"src\":\"https:\/\/litteraturbanken.se\/skolan\/wp-includes\/images\/media\/audio.svg\",\"width\":48,\"height\":64}},{\"src\":\"https:\/\/litteraturbanken.se\/skolan\/wp-content\/uploads\/2019\/03\/boye_duarfroet_boye.mp3\",\"type\":\"audio\/mpeg\",\"title\":\"Du \\u00e4r fr\\u00f6et\",\"caption\":\"\",\"description\":\"\\\"Du \\u00e4r fr\\u00f6et\\\" fr\\u00e5n Karin Boye av Boye, Karin.\",\"meta\":{\"artist\":\"Karin Boye\",\"album\":\"Karin Boye\"},\"image\":{\"src\":\"https:\/\/litteraturbanken.se\/skolan\/wp-includes\/images\/media\/audio.svg\",\"width\":48,\"height\":64},\"thumb\":{\"src\":\"https:\/\/litteraturbanken.se\/skolan\/wp-includes\/images\/media\/audio.svg\",\"width\":48,\"height\":64}}]}<\/script>\n<\/div>\n\t<\/p>\t\t\t\t\t\t\t\t<\/div>\n\t\t\t\t<\/div>\n\t\t\t\t\t<\/div>\n\t\t<\/div>\n\t\t\t\t<div class=\"elementor-column elementor-col-25 elementor-top-column elementor-element elementor-element-2b14bed\" data-id=\"2b14bed\" data-element_type=\"column\" data-e-type=\"column\">\n\t\t\t<div class=\"elementor-widget-wrap elementor-element-populated\">\n\t\t\t\t\t\t<div class=\"elementor-element elementor-element-2830652 elementor-widget elementor-widget-spacer\" data-id=\"2830652\" data-element_type=\"widget\" data-e-type=\"widget\" data-widget_type=\"spacer.default\">\n\t\t\t\t<div class=\"elementor-widget-container\">\n\t\t\t\t\t\t\t<div class=\"elementor-spacer\">\n\t\t\t<div class=\"elementor-spacer-inner\"><\/div>\n\t\t<\/div>\n\t\t\t\t\t\t<\/div>\n\t\t\t\t<\/div>\n\t\t\t\t<div class=\"elementor-element elementor-element-4a82cf9 elementor-widget elementor-widget-image\" data-id=\"4a82cf9\" data-element_type=\"widget\" data-e-type=\"widget\" data-widget_type=\"image.default\">\n\t\t\t\t<div class=\"elementor-widget-container\">\n\t\t\t\t\t\t\t\t\t\t\t\t\t\t\t<img fetchpriority=\"high\" decoding=\"async\" width=\"300\" height=\"300\" src=\"https:\/\/litteraturbanken.se\/skolan\/wp-content\/uploads\/2019\/03\/lb_skolan_2019_knapp_f\u00f6rfattarbild_karinboye_gr\u00f6n-e1553014665518.jpg\" class=\"attachment-full size-full wp-image-12922\" alt=\"\" \/>\t\t\t\t\t\t\t\t\t\t\t\t\t\t\t<\/div>\n\t\t\t\t<\/div>\n\t\t\t\t<div class=\"elementor-element elementor-element-473f976 elementor-icon-list--layout-traditional elementor-list-item-link-full_width elementor-widget elementor-widget-icon-list\" data-id=\"473f976\" data-element_type=\"widget\" data-e-type=\"widget\" data-widget_type=\"icon-list.default\">\n\t\t\t\t<div class=\"elementor-widget-container\">\n\t\t\t\t\t\t\t<ul class=\"elementor-icon-list-items\">\n\t\t\t\t\t\t\t<li class=\"elementor-icon-list-item\">\n\t\t\t\t\t\t\t\t\t\t\t<a href=\"https:\/\/litteraturbanken.se\/skolan\/wp-content\/uploads\/2019\/01\/BoyeK_presentation.pdf\" target=\"_blank\">\n\n\t\t\t\t\t\t\t\t\t\t\t\t<span class=\"elementor-icon-list-icon\">\n\t\t\t\t\t\t\t\t\t\t\t\t\t\t\t\t<i class=\"fa fa-file-text-o\" aria-hidden=\"true\"><\/i>\n\t\t\t\t\t\t\t\t\t\t\t\t\t<\/span>\n\t\t\t\t\t\t\t\t\t\t<span class=\"elementor-icon-list-text\">L\u00e4s \u00e4nnu mer om Karin Boye (PDF)<\/span>\n\t\t\t\t\t\t\t\t\t\t\t<\/a>\n\t\t\t\t\t\t\t\t\t<\/li>\n\t\t\t\t\t\t<\/ul>\n\t\t\t\t\t\t<\/div>\n\t\t\t\t<\/div>\n\t\t\t\t<div class=\"elementor-element elementor-element-99c0e4f elementor-widget elementor-widget-spacer\" data-id=\"99c0e4f\" data-element_type=\"widget\" data-e-type=\"widget\" data-widget_type=\"spacer.default\">\n\t\t\t\t<div class=\"elementor-widget-container\">\n\t\t\t\t\t\t\t<div class=\"elementor-spacer\">\n\t\t\t<div class=\"elementor-spacer-inner\"><\/div>\n\t\t<\/div>\n\t\t\t\t\t\t<\/div>\n\t\t\t\t<\/div>\n\t\t\t\t\t<\/div>\n\t\t<\/div>\n\t\t\t\t<div class=\"elementor-column elementor-col-25 elementor-top-column elementor-element elementor-element-6c00c23\" data-id=\"6c00c23\" data-element_type=\"column\" data-e-type=\"column\">\n\t\t\t<div class=\"elementor-widget-wrap elementor-element-populated\">\n\t\t\t\t\t\t<div class=\"elementor-element elementor-element-1748cf7 elementor-widget elementor-widget-spacer\" data-id=\"1748cf7\" data-element_type=\"widget\" data-e-type=\"widget\" data-widget_type=\"spacer.default\">\n\t\t\t\t<div class=\"elementor-widget-container\">\n\t\t\t\t\t\t\t<div class=\"elementor-spacer\">\n\t\t\t<div class=\"elementor-spacer-inner\"><\/div>\n\t\t<\/div>\n\t\t\t\t\t\t<\/div>\n\t\t\t\t<\/div>\n\t\t\t\t<div class=\"elementor-element elementor-element-9259cdc elementor-widget elementor-widget-spacer\" data-id=\"9259cdc\" data-element_type=\"widget\" data-e-type=\"widget\" data-widget_type=\"spacer.default\">\n\t\t\t\t<div class=\"elementor-widget-container\">\n\t\t\t\t\t\t\t<div class=\"elementor-spacer\">\n\t\t\t<div class=\"elementor-spacer-inner\"><\/div>\n\t\t<\/div>\n\t\t\t\t\t\t<\/div>\n\t\t\t\t<\/div>\n\t\t\t\t\t<\/div>\n\t\t<\/div>\n\t\t\t\t\t<\/div>\n\t\t<\/section>\n\t\t\t\t<section class=\"elementor-section elementor-top-section elementor-element elementor-element-70c5e2d elementor-section-boxed elementor-section-height-default elementor-section-height-default\" data-id=\"70c5e2d\" data-element_type=\"section\" data-e-type=\"section\">\n\t\t\t\t\t\t<div class=\"elementor-container elementor-column-gap-default\">\n\t\t\t\t\t<div class=\"elementor-column elementor-col-100 elementor-top-column elementor-element elementor-element-96b71fa\" data-id=\"96b71fa\" data-element_type=\"column\" data-e-type=\"column\">\n\t\t\t<div class=\"elementor-widget-wrap\">\n\t\t\t\t\t\t\t<\/div>\n\t\t<\/div>\n\t\t\t\t\t<\/div>\n\t\t<\/section>\n\t\t\t\t<\/div>\n\t\t","protected":false},"excerpt":{"rendered":"<p>Karin Boye KARIN BOYE (1900\u20131941) drevs i sitt liv och sin dikt av en oavl\u00e5tlig vilja till uppror och uppbrott, till r\u00f6relse och frihet. Tidigt i livet l\u00e4ste hon Schopenhauer och&nbsp;Nietzsche och brottades med fr\u00e5gor kring individens r\u00e4tt till sj\u00e4lvbest\u00e4mning, Guds r\u00e5dighet \u00f6ver m\u00e4nniskan och existensens krav och tv\u00e5ng och normernas f\u00e4rdiga handlingsm\u00f6nster. Boye debuterade [&hellip;]<\/p>\n","protected":false},"author":5,"featured_media":0,"parent":0,"menu_order":0,"comment_status":"closed","ping_status":"closed","template":"","meta":{"ocean_post_layout":"full-screen","ocean_both_sidebars_style":"","ocean_both_sidebars_content_width":0,"ocean_both_sidebars_sidebars_width":0,"ocean_sidebar":"0","ocean_second_sidebar":"0","ocean_disable_margins":"enable","ocean_add_body_class":"","ocean_shortcode_before_top_bar":"","ocean_shortcode_after_top_bar":"","ocean_shortcode_before_header":"","ocean_shortcode_after_header":"","ocean_has_shortcode":"","ocean_shortcode_after_title":"","ocean_shortcode_before_footer_widgets":"","ocean_shortcode_after_footer_widgets":"","ocean_shortcode_before_footer_bottom":"","ocean_shortcode_after_footer_bottom":"","ocean_display_top_bar":"default","ocean_display_header":"default","ocean_header_style":"","ocean_center_header_left_menu":"0","ocean_custom_header_template":"0","ocean_custom_logo":0,"ocean_custom_retina_logo":0,"ocean_custom_logo_max_width":0,"ocean_custom_logo_tablet_max_width":0,"ocean_custom_logo_mobile_max_width":0,"ocean_custom_logo_max_height":0,"ocean_custom_logo_tablet_max_height":0,"ocean_custom_logo_mobile_max_height":0,"ocean_header_custom_menu":"0","ocean_menu_typo_font_family":"0","ocean_menu_typo_font_subset":"","ocean_menu_typo_font_size":0,"ocean_menu_typo_font_size_tablet":0,"ocean_menu_typo_font_size_mobile":0,"ocean_menu_typo_font_size_unit":"px","ocean_menu_typo_font_weight":"","ocean_menu_typo_font_weight_tablet":"","ocean_menu_typo_font_weight_mobile":"","ocean_menu_typo_transform":"","ocean_menu_typo_transform_tablet":"","ocean_menu_typo_transform_mobile":"","ocean_menu_typo_line_height":0,"ocean_menu_typo_line_height_tablet":0,"ocean_menu_typo_line_height_mobile":0,"ocean_menu_typo_line_height_unit":"","ocean_menu_typo_spacing":0,"ocean_menu_typo_spacing_tablet":0,"ocean_menu_typo_spacing_mobile":0,"ocean_menu_typo_spacing_unit":"","ocean_menu_link_color":"","ocean_menu_link_color_hover":"","ocean_menu_link_color_active":"","ocean_menu_link_background":"","ocean_menu_link_hover_background":"","ocean_menu_link_active_background":"","ocean_menu_social_links_bg":"","ocean_menu_social_hover_links_bg":"","ocean_menu_social_links_color":"","ocean_menu_social_hover_links_color":"","ocean_disable_title":"on","ocean_disable_heading":"default","ocean_post_title":"","ocean_post_subheading":"","ocean_post_title_style":"","ocean_post_title_background_color":"","ocean_post_title_background":0,"ocean_post_title_bg_image_position":"","ocean_post_title_bg_image_attachment":"","ocean_post_title_bg_image_repeat":"","ocean_post_title_bg_image_size":"","ocean_post_title_height":0,"ocean_post_title_bg_overlay":0.5,"ocean_post_title_bg_overlay_color":"","ocean_disable_breadcrumbs":"default","ocean_breadcrumbs_color":"","ocean_breadcrumbs_separator_color":"","ocean_breadcrumbs_links_color":"","ocean_breadcrumbs_links_hover_color":"","ocean_display_footer_widgets":"default","ocean_display_footer_bottom":"default","ocean_custom_footer_template":"0","footnotes":""},"class_list":["post-3630","page","type-page","status-publish","hentry","entry"],"_links":{"self":[{"href":"https:\/\/litteraturbanken.se\/skolan\/wp-json\/wp\/v2\/pages\/3630","targetHints":{"allow":["GET"]}}],"collection":[{"href":"https:\/\/litteraturbanken.se\/skolan\/wp-json\/wp\/v2\/pages"}],"about":[{"href":"https:\/\/litteraturbanken.se\/skolan\/wp-json\/wp\/v2\/types\/page"}],"author":[{"embeddable":true,"href":"https:\/\/litteraturbanken.se\/skolan\/wp-json\/wp\/v2\/users\/5"}],"replies":[{"embeddable":true,"href":"https:\/\/litteraturbanken.se\/skolan\/wp-json\/wp\/v2\/comments?post=3630"}],"version-history":[{"count":23,"href":"https:\/\/litteraturbanken.se\/skolan\/wp-json\/wp\/v2\/pages\/3630\/revisions"}],"predecessor-version":[{"id":27604,"href":"https:\/\/litteraturbanken.se\/skolan\/wp-json\/wp\/v2\/pages\/3630\/revisions\/27604"}],"wp:attachment":[{"href":"https:\/\/litteraturbanken.se\/skolan\/wp-json\/wp\/v2\/media?parent=3630"}],"curies":[{"name":"wp","href":"https:\/\/api.w.org\/{rel}","templated":true}]}}