{"id":3639,"date":"2018-07-19T13:00:53","date_gmt":"2018-07-19T11:00:53","guid":{"rendered":"https:\/\/litteraturbanken.se\/skoladev\/?page_id=3639"},"modified":"2020-03-02T13:28:57","modified_gmt":"2020-03-02T12:28:57","slug":"poesi-forfattare-vilhelm-ekelund-om","status":"publish","type":"page","link":"https:\/\/litteraturbanken.se\/skolan\/poesi-forfattare-vilhelm-ekelund-om\/","title":{"rendered":"Poesi\/F\u00f6rfattare\/Vilhelm Ekelund\/Mer om"},"content":{"rendered":"\t\t<div data-elementor-type=\"wp-post\" data-elementor-id=\"3639\" class=\"elementor elementor-3639\">\n\t\t\t\t\t\t<section class=\"elementor-section elementor-top-section elementor-element elementor-element-5712a63 elementor-section-full_width elementor-section-height-default elementor-section-height-default\" data-id=\"5712a63\" data-element_type=\"section\" data-e-type=\"section\" data-settings=\"{&quot;background_background&quot;:&quot;classic&quot;}\">\n\t\t\t\t\t\t<div class=\"elementor-container elementor-column-gap-default\">\n\t\t\t\t\t<div class=\"elementor-column elementor-col-25 elementor-top-column elementor-element elementor-element-5e36a85\" data-id=\"5e36a85\" data-element_type=\"column\" data-e-type=\"column\">\n\t\t\t<div class=\"elementor-widget-wrap\">\n\t\t\t\t\t\t\t<\/div>\n\t\t<\/div>\n\t\t\t\t<div class=\"elementor-column elementor-col-25 elementor-top-column elementor-element elementor-element-5a7854d\" data-id=\"5a7854d\" data-element_type=\"column\" data-e-type=\"column\" data-settings=\"{&quot;background_background&quot;:&quot;classic&quot;}\">\n\t\t\t<div class=\"elementor-widget-wrap elementor-element-populated\">\n\t\t\t\t\t\t<div class=\"elementor-element elementor-element-c397e1e elementor-widget elementor-widget-spacer\" data-id=\"c397e1e\" data-element_type=\"widget\" data-e-type=\"widget\" data-widget_type=\"spacer.default\">\n\t\t\t\t<div class=\"elementor-widget-container\">\n\t\t\t\t\t\t\t<div class=\"elementor-spacer\">\n\t\t\t<div class=\"elementor-spacer-inner\"><\/div>\n\t\t<\/div>\n\t\t\t\t\t\t<\/div>\n\t\t\t\t<\/div>\n\t\t\t\t<div class=\"elementor-element elementor-element-50abafc elementor-widget elementor-widget-text-editor\" data-id=\"50abafc\" data-element_type=\"widget\" data-e-type=\"widget\" data-widget_type=\"text-editor.default\">\n\t\t\t\t<div class=\"elementor-widget-container\">\n\t\t\t\t\t\t\t\t\t<h1 class=\"elementor-heading-title elementor-size-default\">Vilhelm Ekelund<\/h1>\t\t\t\t\t\t\t\t<\/div>\n\t\t\t\t<\/div>\n\t\t\t\t<div class=\"elementor-element elementor-element-7d465de elementor-widget elementor-widget-text-editor\" data-id=\"7d465de\" data-element_type=\"widget\" data-e-type=\"widget\" data-widget_type=\"text-editor.default\">\n\t\t\t\t<div class=\"elementor-widget-container\">\n\t\t\t\t\t\t\t\t\t<div class=\"ng-binding\"><div class=\"ng-binding\"><div class=\"ng-binding\"><div class=\"ng-binding\"><p><em>VILHELM EKELUND (1880\u20131949) var det tidiga svenska 1900-talets store litter\u00e4re forskningsresande. Fr\u00e5n det sk\u00e5nska landskapet till de europeiska metropolerna, fr\u00e5n den svenska samtiden genom filosofins och litteraturens historia r\u00f6rde han sig i st\u00e4ndigt samtal med meningsfr\u00e4nder och i oupph\u00f6rligt registrerande av st\u00e4mningar och dagrar.<\/em><\/p><p><em>Ekelund debuterade som poet med samlingen\u00a0V\u00e5rbris\u00a0(1900). Sex \u00e5r och sju diktsamlingar senare l\u00e4mnade han lyriken med\u00a0Dithyramber i aftonglans\u00a0(1906). Ekelund hade d\u00e5 drivit den i samtiden omdebatterade fria versen till en ny, f\u00f6rt\u00e4tad, n\u00e4rmast skulptural\u00a0rytm. Han l\u00e4ste tidigt den samtida modernistiska litteraturen och skrev redan 1901 i\u00a0Malm\u00f6-Tidningen\u00a0introducerande artiklar om bland andra Hugo von Hofmannsthal och St\u00e9phane Mallarm\u00e9.<\/em><\/p><p>Han reste ocks\u00e5 sj\u00e4lv ut i Europa och rapporterade hem om det brusande, rusande moderna storstadslivet. Ekelund kom sedermera att bos\u00e4tta sig i Berlin och K\u00f6penhamn. Efter att ha l\u00e4mnat poesin fann han nya uttryck i prosa, ess\u00e4istik och aforistik. Med\u00a0<i>Antikt ideal<\/i>\u00a0(1909),\u00a0<i>B\u00f6cker och vandringar<\/i>\u00a0(1910) och\u00a0<i>B\u00e5ge och lyra<\/i>\u00a0(1912) inleddes den l\u00e5nga rad av prosab\u00f6cker Ekelund kom att ge ut. I ess\u00e4er och aforismer skriver han fram en tankens diktning d\u00e4r valfr\u00e4ndskaperna Nietzsche, H\u00f6lderlin och Goethe \u00e5terkommer med uppfordrande r\u00f6ster. I\u00a0<i>Nordiskt och klassiskt<\/i>\u00a0(1914) och\u00a0<i>V\u00e4st-\u00f6stligt<\/i>\u00a0(1925) g\u00f6r han uppt\u00e4cktsf\u00e4rder bland g\u00e5ngna tiders vederlikar.<\/p><p>\u00c5terkommande hos Ekelund \u00e4r kritiken mot marknadens p\u00e5verkan p\u00e5 det litter\u00e4ra livet och mot den f\u00f6rfattare som s\u00e4ljer ut sina ideal f\u00f6r att f\u00e5 filistrarnas beundran och stigande f\u00f6rs\u00e4ljningssiffror. Det g\u00e4llde i st\u00e4llet att s\u00f6ka sig bort fr\u00e5n marknaden, bort fr\u00e5n appl\u00e5der och bifallsrop och mot det kryptiska, mot den hemliga formeln, mot chiffret. Ekelund kom d\u00e4rvid att pr\u00f6va fragmentets form i ett alltmer koncentrerat uttryck; det han sj\u00e4lv kallade \u2019f\u00f6rkortningar\u2019. Motst\u00e5ndet fr\u00e5n f\u00f6rl\u00e4ggare, kritiker och l\u00e4sare var starkt. Sina sena b\u00f6cker fick han ge ut p\u00e5 eget f\u00f6rlag och, sedermera, med hj\u00e4lp av Ekelund-samfundet. I detta motst\u00e5nd fann Ekelund bekr\u00e4ftelse, giltighet och kraft. \u201dAtt ha uttalat n\u00e5got som ej v\u00e4cker ett motst\u00e5nd \u00e4r att icke ha uttalat n\u00e5got\u201d heter det i\u00a0<i>Lefnadsst\u00e4mning<\/i>\u00a0(1925).<\/p><\/div><div class=\"introauthor\"><em class=\"ng-binding\">Lotta Lotass<\/em><\/div><div>\u00a0<\/div><div class=\"source ng-scope\"><span class=\"source_header sc ng-scope\">k\u00e4lla:\u00a0<\/span><i>Den svenska litteraturen. IV: Den storsvenska generationen 1890\u20131920<\/i>\u00a0red. Lars L\u00f6nnroth &amp; Sven Delblanc<\/div><\/div><\/div><\/div>\t\t\t\t\t\t\t\t<\/div>\n\t\t\t\t<\/div>\n\t\t\t\t<div class=\"elementor-element elementor-element-0839c36 elementor-widget elementor-widget-spacer\" data-id=\"0839c36\" data-element_type=\"widget\" data-e-type=\"widget\" data-widget_type=\"spacer.default\">\n\t\t\t\t<div class=\"elementor-widget-container\">\n\t\t\t\t\t\t\t<div class=\"elementor-spacer\">\n\t\t\t<div class=\"elementor-spacer-inner\"><\/div>\n\t\t<\/div>\n\t\t\t\t\t\t<\/div>\n\t\t\t\t<\/div>\n\t\t\t\t\t<\/div>\n\t\t<\/div>\n\t\t\t\t<div class=\"elementor-column elementor-col-25 elementor-top-column elementor-element elementor-element-365deb9\" data-id=\"365deb9\" data-element_type=\"column\" data-e-type=\"column\">\n\t\t\t<div class=\"elementor-widget-wrap elementor-element-populated\">\n\t\t\t\t\t\t<div class=\"elementor-element elementor-element-9e11ca4 elementor-widget elementor-widget-spacer\" data-id=\"9e11ca4\" data-element_type=\"widget\" data-e-type=\"widget\" data-widget_type=\"spacer.default\">\n\t\t\t\t<div class=\"elementor-widget-container\">\n\t\t\t\t\t\t\t<div class=\"elementor-spacer\">\n\t\t\t<div class=\"elementor-spacer-inner\"><\/div>\n\t\t<\/div>\n\t\t\t\t\t\t<\/div>\n\t\t\t\t<\/div>\n\t\t\t\t<div class=\"elementor-element elementor-element-55b727d elementor-widget elementor-widget-image\" data-id=\"55b727d\" data-element_type=\"widget\" data-e-type=\"widget\" data-widget_type=\"image.default\">\n\t\t\t\t<div class=\"elementor-widget-container\">\n\t\t\t\t\t\t\t\t\t\t\t\t\t\t\t<img fetchpriority=\"high\" decoding=\"async\" width=\"300\" height=\"300\" src=\"https:\/\/litteraturbanken.se\/skolan\/wp-content\/uploads\/2019\/03\/lb_skolan_2019_knapp_f\u00f6rfattarbild_ekelund_lila-e1553013755275.jpg\" class=\"attachment-full size-full wp-image-13715\" alt=\"\" \/>\t\t\t\t\t\t\t\t\t\t\t\t\t\t\t<\/div>\n\t\t\t\t<\/div>\n\t\t\t\t<div class=\"elementor-element elementor-element-f762c69 elementor-widget elementor-widget-spacer\" data-id=\"f762c69\" data-element_type=\"widget\" data-e-type=\"widget\" data-widget_type=\"spacer.default\">\n\t\t\t\t<div class=\"elementor-widget-container\">\n\t\t\t\t\t\t\t<div class=\"elementor-spacer\">\n\t\t\t<div class=\"elementor-spacer-inner\"><\/div>\n\t\t<\/div>\n\t\t\t\t\t\t<\/div>\n\t\t\t\t<\/div>\n\t\t\t\t\t<\/div>\n\t\t<\/div>\n\t\t\t\t<div class=\"elementor-column elementor-col-25 elementor-top-column elementor-element elementor-element-8577cbb\" data-id=\"8577cbb\" data-element_type=\"column\" data-e-type=\"column\">\n\t\t\t<div class=\"elementor-widget-wrap elementor-element-populated\">\n\t\t\t\t\t\t<div class=\"elementor-element elementor-element-c4b0c39 elementor-widget elementor-widget-spacer\" data-id=\"c4b0c39\" data-element_type=\"widget\" data-e-type=\"widget\" data-widget_type=\"spacer.default\">\n\t\t\t\t<div class=\"elementor-widget-container\">\n\t\t\t\t\t\t\t<div class=\"elementor-spacer\">\n\t\t\t<div class=\"elementor-spacer-inner\"><\/div>\n\t\t<\/div>\n\t\t\t\t\t\t<\/div>\n\t\t\t\t<\/div>\n\t\t\t\t<div class=\"elementor-element elementor-element-bef6591 elementor-widget elementor-widget-spacer\" data-id=\"bef6591\" data-element_type=\"widget\" data-e-type=\"widget\" data-widget_type=\"spacer.default\">\n\t\t\t\t<div class=\"elementor-widget-container\">\n\t\t\t\t\t\t\t<div class=\"elementor-spacer\">\n\t\t\t<div class=\"elementor-spacer-inner\"><\/div>\n\t\t<\/div>\n\t\t\t\t\t\t<\/div>\n\t\t\t\t<\/div>\n\t\t\t\t\t<\/div>\n\t\t<\/div>\n\t\t\t\t\t<\/div>\n\t\t<\/section>\n\t\t\t\t<\/div>\n\t\t","protected":false},"excerpt":{"rendered":"<p>Vilhelm Ekelund VILHELM EKELUND (1880\u20131949) var det tidiga svenska 1900-talets store litter\u00e4re forskningsresande. Fr\u00e5n det sk\u00e5nska landskapet till de europeiska metropolerna, fr\u00e5n den svenska samtiden genom filosofins och litteraturens historia r\u00f6rde han sig i st\u00e4ndigt samtal med meningsfr\u00e4nder och i oupph\u00f6rligt registrerande av st\u00e4mningar och dagrar. Ekelund debuterade som poet med samlingen\u00a0V\u00e5rbris\u00a0(1900). Sex \u00e5r och [&hellip;]<\/p>\n","protected":false},"author":5,"featured_media":0,"parent":0,"menu_order":0,"comment_status":"closed","ping_status":"closed","template":"","meta":{"ocean_post_layout":"full-screen","ocean_both_sidebars_style":"","ocean_both_sidebars_content_width":0,"ocean_both_sidebars_sidebars_width":0,"ocean_sidebar":"0","ocean_second_sidebar":"0","ocean_disable_margins":"enable","ocean_add_body_class":"","ocean_shortcode_before_top_bar":"","ocean_shortcode_after_top_bar":"","ocean_shortcode_before_header":"","ocean_shortcode_after_header":"","ocean_has_shortcode":"","ocean_shortcode_after_title":"","ocean_shortcode_before_footer_widgets":"","ocean_shortcode_after_footer_widgets":"","ocean_shortcode_before_footer_bottom":"","ocean_shortcode_after_footer_bottom":"","ocean_display_top_bar":"default","ocean_display_header":"default","ocean_header_style":"","ocean_center_header_left_menu":"0","ocean_custom_header_template":"0","ocean_custom_logo":0,"ocean_custom_retina_logo":0,"ocean_custom_logo_max_width":0,"ocean_custom_logo_tablet_max_width":0,"ocean_custom_logo_mobile_max_width":0,"ocean_custom_logo_max_height":0,"ocean_custom_logo_tablet_max_height":0,"ocean_custom_logo_mobile_max_height":0,"ocean_header_custom_menu":"0","ocean_menu_typo_font_family":"0","ocean_menu_typo_font_subset":"","ocean_menu_typo_font_size":0,"ocean_menu_typo_font_size_tablet":0,"ocean_menu_typo_font_size_mobile":0,"ocean_menu_typo_font_size_unit":"px","ocean_menu_typo_font_weight":"","ocean_menu_typo_font_weight_tablet":"","ocean_menu_typo_font_weight_mobile":"","ocean_menu_typo_transform":"","ocean_menu_typo_transform_tablet":"","ocean_menu_typo_transform_mobile":"","ocean_menu_typo_line_height":0,"ocean_menu_typo_line_height_tablet":0,"ocean_menu_typo_line_height_mobile":0,"ocean_menu_typo_line_height_unit":"","ocean_menu_typo_spacing":0,"ocean_menu_typo_spacing_tablet":0,"ocean_menu_typo_spacing_mobile":0,"ocean_menu_typo_spacing_unit":"","ocean_menu_link_color":"","ocean_menu_link_color_hover":"","ocean_menu_link_color_active":"","ocean_menu_link_background":"","ocean_menu_link_hover_background":"","ocean_menu_link_active_background":"","ocean_menu_social_links_bg":"","ocean_menu_social_hover_links_bg":"","ocean_menu_social_links_color":"","ocean_menu_social_hover_links_color":"","ocean_disable_title":"on","ocean_disable_heading":"default","ocean_post_title":"","ocean_post_subheading":"","ocean_post_title_style":"","ocean_post_title_background_color":"","ocean_post_title_background":0,"ocean_post_title_bg_image_position":"","ocean_post_title_bg_image_attachment":"","ocean_post_title_bg_image_repeat":"","ocean_post_title_bg_image_size":"","ocean_post_title_height":0,"ocean_post_title_bg_overlay":0.5,"ocean_post_title_bg_overlay_color":"","ocean_disable_breadcrumbs":"default","ocean_breadcrumbs_color":"","ocean_breadcrumbs_separator_color":"","ocean_breadcrumbs_links_color":"","ocean_breadcrumbs_links_hover_color":"","ocean_display_footer_widgets":"default","ocean_display_footer_bottom":"default","ocean_custom_footer_template":"0","footnotes":""},"class_list":["post-3639","page","type-page","status-publish","hentry","entry"],"_links":{"self":[{"href":"https:\/\/litteraturbanken.se\/skolan\/wp-json\/wp\/v2\/pages\/3639","targetHints":{"allow":["GET"]}}],"collection":[{"href":"https:\/\/litteraturbanken.se\/skolan\/wp-json\/wp\/v2\/pages"}],"about":[{"href":"https:\/\/litteraturbanken.se\/skolan\/wp-json\/wp\/v2\/types\/page"}],"author":[{"embeddable":true,"href":"https:\/\/litteraturbanken.se\/skolan\/wp-json\/wp\/v2\/users\/5"}],"replies":[{"embeddable":true,"href":"https:\/\/litteraturbanken.se\/skolan\/wp-json\/wp\/v2\/comments?post=3639"}],"version-history":[{"count":10,"href":"https:\/\/litteraturbanken.se\/skolan\/wp-json\/wp\/v2\/pages\/3639\/revisions"}],"predecessor-version":[{"id":20378,"href":"https:\/\/litteraturbanken.se\/skolan\/wp-json\/wp\/v2\/pages\/3639\/revisions\/20378"}],"wp:attachment":[{"href":"https:\/\/litteraturbanken.se\/skolan\/wp-json\/wp\/v2\/media?parent=3639"}],"curies":[{"name":"wp","href":"https:\/\/api.w.org\/{rel}","templated":true}]}}