{"id":5870,"date":"2018-09-13T10:53:28","date_gmt":"2018-09-13T08:53:28","guid":{"rendered":"https:\/\/litteraturbanken.se\/skoladev\/?page_id=5870"},"modified":"2020-02-28T13:59:43","modified_gmt":"2020-02-28T12:59:43","slug":"poesi-forfattare-edith-sodergran-dagen-svalnar","status":"publish","type":"page","link":"https:\/\/litteraturbanken.se\/skolan\/poesi-forfattare-edith-sodergran-dagen-svalnar\/","title":{"rendered":"Poesi\/F\u00f6rfattare\/Edith S\u00f6dergran\/Dagen svalnar"},"content":{"rendered":"\t\t<div data-elementor-type=\"wp-post\" data-elementor-id=\"5870\" class=\"elementor elementor-5870\">\n\t\t\t\t\t\t<section class=\"elementor-section elementor-top-section elementor-element elementor-element-9ad64aa elementor-section-boxed elementor-section-height-default elementor-section-height-default\" data-id=\"9ad64aa\" data-element_type=\"section\" data-e-type=\"section\">\n\t\t\t\t\t\t<div class=\"elementor-container elementor-column-gap-default\">\n\t\t\t\t\t<div class=\"elementor-column elementor-col-100 elementor-top-column elementor-element elementor-element-49b80d7\" data-id=\"49b80d7\" data-element_type=\"column\" data-e-type=\"column\">\n\t\t\t<div class=\"elementor-widget-wrap elementor-element-populated\">\n\t\t\t\t\t\t<div class=\"elementor-element elementor-element-5cf9e0e elementor-widget elementor-widget-spacer\" data-id=\"5cf9e0e\" data-element_type=\"widget\" data-e-type=\"widget\" data-widget_type=\"spacer.default\">\n\t\t\t\t<div class=\"elementor-widget-container\">\n\t\t\t\t\t\t\t<div class=\"elementor-spacer\">\n\t\t\t<div class=\"elementor-spacer-inner\"><\/div>\n\t\t<\/div>\n\t\t\t\t\t\t<\/div>\n\t\t\t\t<\/div>\n\t\t\t\t\t<\/div>\n\t\t<\/div>\n\t\t\t\t\t<\/div>\n\t\t<\/section>\n\t\t\t\t<section class=\"elementor-section elementor-inner-section elementor-element elementor-element-f00954e elementor-section-boxed elementor-section-height-default elementor-section-height-default\" data-id=\"f00954e\" data-element_type=\"section\" data-e-type=\"section\">\n\t\t\t\t\t\t<div class=\"elementor-container elementor-column-gap-default\">\n\t\t\t\t\t<div class=\"elementor-column elementor-col-66 elementor-inner-column elementor-element elementor-element-371b0bc\" data-id=\"371b0bc\" data-element_type=\"column\" data-e-type=\"column\" data-settings=\"{&quot;background_background&quot;:&quot;classic&quot;}\">\n\t\t\t<div class=\"elementor-widget-wrap elementor-element-populated\">\n\t\t\t\t\t\t<div class=\"elementor-element elementor-element-1b008b7 elementor-widget elementor-widget-heading\" data-id=\"1b008b7\" data-element_type=\"widget\" data-e-type=\"widget\" data-widget_type=\"heading.default\">\n\t\t\t\t<div class=\"elementor-widget-container\">\n\t\t\t\t\t<h2 class=\"elementor-heading-title elementor-size-default\">Dagen svalnar \u2026<\/h2>\t\t\t\t<\/div>\n\t\t\t\t<\/div>\n\t\t\t\t<div class=\"elementor-element elementor-element-5a2e70d elementor-widget elementor-widget-text-editor\" data-id=\"5a2e70d\" data-element_type=\"widget\" data-e-type=\"widget\" data-widget_type=\"text-editor.default\">\n\t\t\t\t<div class=\"elementor-widget-container\">\n\t\t\t\t\t\t\t\t\t<p>Av <a href=\"https:\/\/litteraturbanken.se\/skolan\/?page_id=80\"><em>Edith S\u00f6dergran<\/em><\/a><\/p>\t\t\t\t\t\t\t\t<\/div>\n\t\t\t\t<\/div>\n\t\t\t\t<div class=\"elementor-element elementor-element-5130e46 elementor-widget elementor-widget-text-editor\" data-id=\"5130e46\" data-element_type=\"widget\" data-e-type=\"widget\" data-widget_type=\"text-editor.default\">\n\t\t\t\t<div class=\"elementor-widget-container\">\n\t\t\t\t\t\t\t\t\t<p><strong>Ur:<\/strong>\u00a0<em>Dikter<\/em>\u00a0(1916) \u00a0<strong>\u00c5rskurs<\/strong><span style=\"font-family: Montserrat, sans-serif; font-size: 15px; font-style: normal; font-variant-ligatures: normal; font-variant-caps: normal; letter-spacing: 0.6px; font-weight: 600; text-align: left;\">:<\/span>\u00a0Gymnasium\u00a0 <strong>\u00a0\u00a0Tema:<\/strong> Kvinnosak,\u00a0K\u00e4rlek,\u00a0Olycklig k\u00e4rlek<\/p>\t\t\t\t\t\t\t\t<\/div>\n\t\t\t\t<\/div>\n\t\t\t\t<div class=\"elementor-element elementor-element-7b14cf0 elementor-widget elementor-widget-text-editor\" data-id=\"7b14cf0\" data-element_type=\"widget\" data-e-type=\"widget\" data-widget_type=\"text-editor.default\">\n\t\t\t\t<div class=\"elementor-widget-container\">\n\t\t\t\t\t\t\t\t\t<div class=\"_head b center chaptername\"><div class=\"sect3\"><div class=\"titlepage\"><div><div><h3 class=\"title\">I.<\/h3><\/div><\/div><\/div><div class=\"literallayout\"><p>Dagen\u00a0svalnar\u00a0mot\u00a0kv\u00e4llen\u00a0&#8230;<br \/>Drick\u00a0v\u00e4rmen\u00a0ur\u00a0min\u00a0hand,<br \/>min\u00a0hand\u00a0har\u00a0samma\u00a0blod\u00a0som\u00a0v\u00e5ren.<br \/>Tag\u00a0min\u00a0hand,\u00a0tag\u00a0min\u00a0vita\u00a0arm,<br \/>tag\u00a0mina\u00a0smala\u00a0axlars\u00a0l\u00e4ngtan\u00a0&#8230;<br \/>Det\u00a0vore\u00a0underligt\u00a0att\u00a0k\u00e4nna,<br \/>en\u00a0enda\u00a0natt,\u00a0en\u00a0natt\u00a0som\u00a0denna<br \/>ditt\u00a0tunga\u00a0huvud\u00a0mot\u00a0mitt\u00a0br\u00f6st.<\/p><\/div><\/div><div class=\"sect3\"><div class=\"titlepage\"><div><div><h3 class=\"title\"><a id=\"idm140206850894288\"><\/a>II.<\/h3><\/div><\/div><\/div><div class=\"literallayout\"><p>Du\u00a0kastade\u00a0din\u00a0k\u00e4rleks\u00a0r\u00f6da\u00a0ros<br \/>i\u00a0mitt\u00a0vita\u00a0sk\u00f6te\u00a0\u2013<br \/>jag\u00a0h\u00e5ller\u00a0fast\u00a0i\u00a0mina\u00a0heta\u00a0h\u00e4nder<br \/>din\u00a0k\u00e4rleks\u00a0r\u00f6da\u00a0ros\u00a0som\u00a0vissnar\u00a0snart\u00a0&#8230;<br \/>O\u00a0du\u00a0h\u00e4rskare\u00a0med\u00a0kalla\u00a0\u00f6gon,<br \/>jag\u00a0tar\u00a0emot\u00a0den\u00a0krona\u00a0du\u00a0r\u00e4cker\u00a0mig,<br \/>som\u00a0b\u00f6jer\u00a0ned\u00a0mitt\u00a0huvud\u00a0mot\u00a0mitt\u00a0hj\u00e4rta\u00a0&#8230;<\/p><\/div><\/div><div class=\"sect3\"><div class=\"titlepage\"><div><div><h3 class=\"title\"><a id=\"idm140206850893296\"><\/a>III.<\/h3><\/div><\/div><\/div><div class=\"literallayout\"><p>Jag\u00a0s\u00e5g\u00a0min\u00a0herre\u00a0f\u00f6r\u00a0f\u00f6rsta\u00a0g\u00e5ngen\u00a0i\u00a0dag,<br \/>darrande\u00a0k\u00e4nde\u00a0jag\u00a0genast\u00a0igen\u00a0honom.<br \/>Nu\u00a0k\u00e4nner\u00a0jag\u00a0ren\u00a0hans\u00a0tunga\u00a0hand\u00a0p\u00e5\u00a0min\u00a0l\u00e4tta\u00a0arm\u00a0&#8230;<br \/>Var\u00a0\u00e4r\u00a0mitt\u00a0klingande\u00a0jungfruskratt,<br \/>min\u00a0kvinnofrihet\u00a0med\u00a0h\u00f6gburet\u00a0huvud?<br \/>Nu\u00a0k\u00e4nner\u00a0jag\u00a0ren\u00a0hans\u00a0fasta\u00a0grepp\u00a0om\u00a0min\u00a0sk\u00e4lvande\u00a0kropp,<br \/>nu\u00a0h\u00f6r\u00a0jag\u00a0verklighetens\u00a0h\u00e5rda\u00a0klang<br \/>mot\u00a0mina\u00a0sk\u00f6ra,\u00a0sk\u00f6ra\u00a0dr\u00f6mmar.<\/p><\/div><\/div><div class=\"sect3\"><div class=\"titlepage\"><div><div><h3 class=\"title\"><a id=\"idm140206850891536\"><\/a>IV.<\/h3><\/div><\/div><\/div><div class=\"literallayout\"><p>Du\u00a0s\u00f6kte\u00a0en\u00a0blomma<br \/>och\u00a0fann\u00a0en\u00a0frukt.<br \/>Du\u00a0s\u00f6kte\u00a0en\u00a0k\u00e4lla<br \/>och\u00a0fann\u00a0ett\u00a0hav.<br \/>Du\u00a0s\u00f6kte\u00a0en\u00a0kvinna<br \/>och\u00a0fann\u00a0en\u00a0sj\u00e4l\u00a0\u2013<br \/>du\u00a0\u00e4r\u00a0besviken.<\/p><\/div><\/div><\/div>\t\t\t\t\t\t\t\t<\/div>\n\t\t\t\t<\/div>\n\t\t\t\t\t<\/div>\n\t\t<\/div>\n\t\t\t\t<div class=\"elementor-column elementor-col-33 elementor-inner-column elementor-element elementor-element-38413fa\" data-id=\"38413fa\" data-element_type=\"column\" data-e-type=\"column\">\n\t\t\t<div class=\"elementor-widget-wrap elementor-element-populated\">\n\t\t\t\t\t\t<div class=\"elementor-element elementor-element-c4aa651 elementor-widget elementor-widget-wp-widget-media_audio\" data-id=\"c4aa651\" data-element_type=\"widget\" data-e-type=\"widget\" data-widget_type=\"wp-widget-media_audio.default\">\n\t\t\t\t<div class=\"elementor-widget-container\">\n\t\t\t\t\t<h5>Agneta Pleijel l\u00e4ser \u201dDagen svalnar \u2026\u201d<\/h5><audio class=\"wp-audio-shortcode\" id=\"audio-5870-1\" preload=\"none\" style=\"width: 100%;\" controls=\"controls\"><source type=\"audio\/mpeg\" src=\"https:\/\/litteraturbanken.se\/red\/ljud\/pleijel\/sodergran_dagensvalnar_pleijel.mp3?_=1\" \/><source type=\"audio\/mpeg\" src=\"https:\/\/litteraturbanken.se\/red\/ljud\/pleijel\/sodergran_dagensvalnar_pleijel.mp3?_=1\" \/><a href=\"https:\/\/litteraturbanken.se\/red\/ljud\/pleijel\/sodergran_dagensvalnar_pleijel.mp3\">https:\/\/litteraturbanken.se\/red\/ljud\/pleijel\/sodergran_dagensvalnar_pleijel.mp3<\/a><\/audio>\t\t\t\t<\/div>\n\t\t\t\t<\/div>\n\t\t\t\t<div class=\"elementor-element elementor-element-09e0354 elementor-icon-list--layout-traditional elementor-list-item-link-full_width elementor-widget elementor-widget-icon-list\" data-id=\"09e0354\" data-element_type=\"widget\" data-e-type=\"widget\" data-widget_type=\"icon-list.default\">\n\t\t\t\t<div class=\"elementor-widget-container\">\n\t\t\t\t\t\t\t<ul class=\"elementor-icon-list-items\">\n\t\t\t\t\t\t\t<li class=\"elementor-icon-list-item\">\n\t\t\t\t\t\t\t\t\t\t\t<a href=\"https:\/\/litteraturbanken.se\/forfattare\/SodergranE\/titlar\/SamladeSkrifter1\/sida\/25\/etext\" target=\"_blank\">\n\n\t\t\t\t\t\t\t\t\t\t\t\t<span class=\"elementor-icon-list-icon\">\n\t\t\t\t\t\t\t\t\t\t\t\t\t\t\t\t<i class=\"fa fa-file-text-o\" aria-hidden=\"true\"><\/i>\n\t\t\t\t\t\t\t\t\t\t\t\t\t<\/span>\n\t\t\t\t\t\t\t\t\t\t<span class=\"elementor-icon-list-text\">L\u00e4s dikten p\u00e5 Litteraturbanken<\/span>\n\t\t\t\t\t\t\t\t\t\t\t<\/a>\n\t\t\t\t\t\t\t\t\t<\/li>\n\t\t\t\t\t\t\t\t<li class=\"elementor-icon-list-item\">\n\t\t\t\t\t\t\t\t\t\t\t<a href=\"https:\/\/litteraturbanken.se\/skolan\/?page_id=261\" target=\"_blank\">\n\n\t\t\t\t\t\t\t\t\t\t\t\t<span class=\"elementor-icon-list-icon\">\n\t\t\t\t\t\t\t\t\t\t\t\t\t\t\t\t<i class=\"fa fa-file-text-o\" aria-hidden=\"true\"><\/i>\n\t\t\t\t\t\t\t\t\t\t\t\t\t<\/span>\n\t\t\t\t\t\t\t\t\t\t<span class=\"elementor-icon-list-text\">Termer och begrepp<\/span>\n\t\t\t\t\t\t\t\t\t\t\t<\/a>\n\t\t\t\t\t\t\t\t\t<\/li>\n\t\t\t\t\t\t<\/ul>\n\t\t\t\t\t\t<\/div>\n\t\t\t\t<\/div>\n\t\t\t\t<div class=\"elementor-element elementor-element-ee6e2bf elementor-align-center elementor-widget elementor-widget-button\" data-id=\"ee6e2bf\" data-element_type=\"widget\" data-e-type=\"widget\" data-widget_type=\"button.default\">\n\t\t\t\t<div class=\"elementor-widget-container\">\n\t\t\t\t\t\t\t\t\t<div class=\"elementor-button-wrapper\">\n\t\t\t\t\t<a class=\"elementor-button elementor-button-link elementor-size-md elementor-animation-grow\" href=\"#uppgift\">\n\t\t\t\t\t\t<span class=\"elementor-button-content-wrapper\">\n\t\t\t\t\t\t<span class=\"elementor-button-icon\">\n\t\t\t\t\t\t\t\t\t<i class=\"fa fa-pencil\" aria-hidden=\"true\"><\/i>\n\t\t\t\t\t\t\t<\/span>\n\t\t\t\t\t\t\t\t\t<span class=\"elementor-button-text\">Uppgift, Gymnasium<\/span>\n\t\t\t\t\t<\/span>\n\t\t\t\t\t<\/a>\n\t\t\t\t<\/div>\n\t\t\t\t\t\t\t\t<\/div>\n\t\t\t\t<\/div>\n\t\t\t\t<div class=\"elementor-element elementor-element-31e36b3 elementor-widget elementor-widget-image\" data-id=\"31e36b3\" data-element_type=\"widget\" data-e-type=\"widget\" data-widget_type=\"image.default\">\n\t\t\t\t<div class=\"elementor-widget-container\">\n\t\t\t\t\t\t\t\t\t\t\t\t\t\t\t<img fetchpriority=\"high\" decoding=\"async\" width=\"300\" height=\"300\" src=\"https:\/\/litteraturbanken.se\/skolan\/wp-content\/uploads\/2019\/03\/lb_skolan_2019_knapp_f\u00f6rfattarbild_s\u00f6dergran_gul-e1553013169957.jpg\" class=\"attachment-full size-full wp-image-13792\" alt=\"\" \/>\t\t\t\t\t\t\t\t\t\t\t\t\t\t\t<\/div>\n\t\t\t\t<\/div>\n\t\t\t\t\t<\/div>\n\t\t<\/div>\n\t\t\t\t\t<\/div>\n\t\t<\/section>\n\t\t\t\t<section class=\"elementor-section elementor-top-section elementor-element elementor-element-c04b630 elementor-section-boxed elementor-section-height-default elementor-section-height-default\" data-id=\"c04b630\" data-element_type=\"section\" data-e-type=\"section\">\n\t\t\t\t\t\t<div class=\"elementor-container elementor-column-gap-default\">\n\t\t\t\t\t<div class=\"elementor-column elementor-col-100 elementor-top-column elementor-element elementor-element-a60d8a1\" data-id=\"a60d8a1\" data-element_type=\"column\" data-e-type=\"column\">\n\t\t\t<div class=\"elementor-widget-wrap elementor-element-populated\">\n\t\t\t\t\t\t<div class=\"elementor-element elementor-element-6927186 elementor-widget elementor-widget-spacer\" data-id=\"6927186\" data-element_type=\"widget\" data-e-type=\"widget\" data-widget_type=\"spacer.default\">\n\t\t\t\t<div class=\"elementor-widget-container\">\n\t\t\t\t\t\t\t<div class=\"elementor-spacer\">\n\t\t\t<div class=\"elementor-spacer-inner\"><\/div>\n\t\t<\/div>\n\t\t\t\t\t\t<\/div>\n\t\t\t\t<\/div>\n\t\t\t\t\t<\/div>\n\t\t<\/div>\n\t\t\t\t\t<\/div>\n\t\t<\/section>\n\t\t\t\t<section class=\"elementor-section elementor-top-section elementor-element elementor-element-eca0e55 elementor-section-boxed elementor-section-height-default elementor-section-height-default\" data-id=\"eca0e55\" data-element_type=\"section\" data-e-type=\"section\">\n\t\t\t\t\t\t<div class=\"elementor-container elementor-column-gap-default\">\n\t\t\t\t\t<div class=\"elementor-column elementor-col-100 elementor-top-column elementor-element elementor-element-07d7c15\" data-id=\"07d7c15\" data-element_type=\"column\" data-e-type=\"column\" data-settings=\"{&quot;background_background&quot;:&quot;classic&quot;}\">\n\t\t\t<div class=\"elementor-widget-wrap elementor-element-populated\">\n\t\t\t\t\t\t<section class=\"elementor-section elementor-inner-section elementor-element elementor-element-8a74291 elementor-section-boxed elementor-section-height-default elementor-section-height-default\" data-id=\"8a74291\" data-element_type=\"section\" data-e-type=\"section\">\n\t\t\t\t\t\t<div class=\"elementor-container elementor-column-gap-default\">\n\t\t\t\t\t<div class=\"elementor-column elementor-col-100 elementor-inner-column elementor-element elementor-element-b6574f5\" data-id=\"b6574f5\" data-element_type=\"column\" data-e-type=\"column\">\n\t\t\t<div class=\"elementor-widget-wrap elementor-element-populated\">\n\t\t\t\t\t\t<div class=\"elementor-element elementor-element-3df09de elementor-widget elementor-widget-menu-anchor\" data-id=\"3df09de\" data-element_type=\"widget\" data-e-type=\"widget\" data-widget_type=\"menu-anchor.default\">\n\t\t\t\t<div class=\"elementor-widget-container\">\n\t\t\t\t\t\t\t<div class=\"elementor-menu-anchor\" id=\"uppgift\"><\/div>\n\t\t\t\t\t\t<\/div>\n\t\t\t\t<\/div>\n\t\t\t\t<div class=\"elementor-element elementor-element-c7b7208 elementor-view-framed elementor-shape-circle elementor-widget elementor-widget-icon\" data-id=\"c7b7208\" data-element_type=\"widget\" data-e-type=\"widget\" data-widget_type=\"icon.default\">\n\t\t\t\t<div class=\"elementor-widget-container\">\n\t\t\t\t\t\t\t<div class=\"elementor-icon-wrapper\">\n\t\t\t<div class=\"elementor-icon\">\n\t\t\t\t\t\t\t<i class=\"fa fa-pencil\" aria-hidden=\"true\"><\/i>\n\t\t\t\t\t\t<\/div>\n\t\t<\/div>\n\t\t\t\t\t\t<\/div>\n\t\t\t\t<\/div>\n\t\t\t\t<div class=\"elementor-element elementor-element-e989444 elementor-widget elementor-widget-toggle\" data-id=\"e989444\" data-element_type=\"widget\" data-e-type=\"widget\" data-widget_type=\"toggle.default\">\n\t\t\t\t<div class=\"elementor-widget-container\">\n\t\t\t\t\t\t\t<div class=\"elementor-toggle\">\n\t\t\t\t\t\t\t<div class=\"elementor-toggle-item\">\n\t\t\t\t\t<div id=\"elementor-tab-title-2441\" class=\"elementor-tab-title\" data-tab=\"1\" role=\"button\" aria-controls=\"elementor-tab-content-2441\" aria-expanded=\"false\">\n\t\t\t\t\t\t\t\t\t\t\t\t<span class=\"elementor-toggle-icon elementor-toggle-icon-left\" aria-hidden=\"true\">\n\t\t\t\t\t\t\t\t\t\t\t\t\t\t\t<i class=\"elementor-toggle-icon-closed fa fa-chevron-right\"><\/i>\n\t\t\t\t\t\t\t\t<i class=\"elementor-toggle-icon-opened fa fa-chevron-down\"><\/i>\n\t\t\t\t\t\t\t\t\t\t\t\t\t<\/span>\n\t\t\t\t\t\t\t\t\t\t\t\t<a class=\"elementor-toggle-title\" tabindex=\"0\">Gymnasium<\/a>\n\t\t\t\t\t<\/div>\n\n\t\t\t\t\t<div id=\"elementor-tab-content-2441\" class=\"elementor-tab-content elementor-clearfix\" data-tab=\"1\" role=\"region\" aria-labelledby=\"elementor-tab-title-2441\"><p>I de fyra stroferna beskriver en kvinna en k\u00e4rlekshistoria. Hon v\u00e4nder sig till den \u00e4lskade mannen som hon tilltalar som \u201ddu\u201d. Ett undantag \u00e4r strof III d\u00e4r tilltalet \u00e4r i tredje person s\u00e5 att den \u00e4lskade blir \u201dhan\u201d och \u201dmin herre\u201d.<\/p><p>1 \u00c5terber\u00e4tta deras k\u00e4rlekshistoria \u2013 b\u00e5de det som st\u00e5r i dikten och det som inte st\u00e5r utskrivet.<\/p><p>2 Samtala utifr\u00e5n f\u00f6ljande fr\u00e5gest\u00e4llningar:<\/p><ul><li>Varf\u00f6r \u00e4r strof III inte riktad direkt till honom?<\/li><li>Varf\u00f6r p\u00e5st\u00e5r kvinnan att hon s\u00e5g honom \u201df\u00f6r f\u00f6rsta g\u00e5ngen idag\u201d?<\/li><li>Varf\u00f6r \u00e4r hon besviken?<\/li><\/ul><p>Det finns inte n\u00e5gra exakta svar p\u00e5 dessa fr\u00e5gor utan h\u00e4r f\u00e5r ni spekulera.<\/p><p>3 Dikten \u00e4r en av f\u00f6rfattarens mest k\u00e4nda och ing\u00e5r i debutsamlingen\u00a0<em><span class=\"italic\">Dikter<\/span>\u00a0(<\/em>1916). N\u00e4r den kom ut hade m\u00e5nga sv\u00e5rt att f\u00f6rst\u00e5 den.<\/p><p>4 L\u00e4s om\u00a0<a href=\"https:\/\/litteraturbanken.se\/skolan\/?page_id=3582&amp;preview_nonce=7fdcaa1d1c\"><span class=\"personname\">S\u00f6dergran<\/span><\/a>.<\/p><p>5 I en tidning kallades den f\u00f6r \u201dD\u00e5rdikter\u201d. Diskutera vad som kan ha f\u00f6refallit d\u00e5raktigt, sv\u00e5rt att f\u00f6rst\u00e5 och uppseendev\u00e4ckande i den h\u00e4r dikten n\u00e4r den kom ut.<\/p><p>6 I en svensk diktantologi fr\u00e5n 1928,<i>\u00a0<span class=\"italic\">Levande svensk dikt<\/span><\/i>, har sista strofen utel\u00e4mnats. Diskutera vad ni tror att det berodde p\u00e5.<\/p><\/div>\n\t\t\t\t<\/div>\n\t\t\t\t\t\t\t\t<\/div>\n\t\t\t\t\t\t<\/div>\n\t\t\t\t<\/div>\n\t\t\t\t\t<\/div>\n\t\t<\/div>\n\t\t\t\t\t<\/div>\n\t\t<\/section>\n\t\t\t\t<div class=\"elementor-element elementor-element-37639be elementor-widget elementor-widget-spacer\" data-id=\"37639be\" data-element_type=\"widget\" data-e-type=\"widget\" data-widget_type=\"spacer.default\">\n\t\t\t\t<div class=\"elementor-widget-container\">\n\t\t\t\t\t\t\t<div class=\"elementor-spacer\">\n\t\t\t<div class=\"elementor-spacer-inner\"><\/div>\n\t\t<\/div>\n\t\t\t\t\t\t<\/div>\n\t\t\t\t<\/div>\n\t\t\t\t\t<\/div>\n\t\t<\/div>\n\t\t\t\t\t<\/div>\n\t\t<\/section>\n\t\t\t\t<section class=\"elementor-section elementor-top-section elementor-element elementor-element-8d91ca9 elementor-section-boxed elementor-section-height-default elementor-section-height-default\" data-id=\"8d91ca9\" data-element_type=\"section\" data-e-type=\"section\">\n\t\t\t\t\t\t<div class=\"elementor-container elementor-column-gap-default\">\n\t\t\t\t\t<div class=\"elementor-column elementor-col-100 elementor-top-column elementor-element elementor-element-0f83b5b\" data-id=\"0f83b5b\" data-element_type=\"column\" data-e-type=\"column\">\n\t\t\t<div class=\"elementor-widget-wrap elementor-element-populated\">\n\t\t\t\t\t\t<div class=\"elementor-element elementor-element-31215e4 elementor-widget elementor-widget-spacer\" data-id=\"31215e4\" data-element_type=\"widget\" data-e-type=\"widget\" data-widget_type=\"spacer.default\">\n\t\t\t\t<div class=\"elementor-widget-container\">\n\t\t\t\t\t\t\t<div class=\"elementor-spacer\">\n\t\t\t<div class=\"elementor-spacer-inner\"><\/div>\n\t\t<\/div>\n\t\t\t\t\t\t<\/div>\n\t\t\t\t<\/div>\n\t\t\t\t\t<\/div>\n\t\t<\/div>\n\t\t\t\t\t<\/div>\n\t\t<\/section>\n\t\t\t\t<\/div>\n\t\t","protected":false},"excerpt":{"rendered":"<p>Dagen svalnar \u2026 Av Edith S\u00f6dergran Ur:\u00a0Dikter\u00a0(1916) \u00a0\u00c5rskurs:\u00a0Gymnasium\u00a0 \u00a0\u00a0Tema: Kvinnosak,\u00a0K\u00e4rlek,\u00a0Olycklig k\u00e4rlek I. Dagen\u00a0svalnar\u00a0mot\u00a0kv\u00e4llen\u00a0&#8230;Drick\u00a0v\u00e4rmen\u00a0ur\u00a0min\u00a0hand,min\u00a0hand\u00a0har\u00a0samma\u00a0blod\u00a0som\u00a0v\u00e5ren.Tag\u00a0min\u00a0hand,\u00a0tag\u00a0min\u00a0vita\u00a0arm,tag\u00a0mina\u00a0smala\u00a0axlars\u00a0l\u00e4ngtan\u00a0&#8230;Det\u00a0vore\u00a0underligt\u00a0att\u00a0k\u00e4nna,en\u00a0enda\u00a0natt,\u00a0en\u00a0natt\u00a0som\u00a0dennaditt\u00a0tunga\u00a0huvud\u00a0mot\u00a0mitt\u00a0br\u00f6st. II. Du\u00a0kastade\u00a0din\u00a0k\u00e4rleks\u00a0r\u00f6da\u00a0rosi\u00a0mitt\u00a0vita\u00a0sk\u00f6te\u00a0\u2013jag\u00a0h\u00e5ller\u00a0fast\u00a0i\u00a0mina\u00a0heta\u00a0h\u00e4nderdin\u00a0k\u00e4rleks\u00a0r\u00f6da\u00a0ros\u00a0som\u00a0vissnar\u00a0snart\u00a0&#8230;O\u00a0du\u00a0h\u00e4rskare\u00a0med\u00a0kalla\u00a0\u00f6gon,jag\u00a0tar\u00a0emot\u00a0den\u00a0krona\u00a0du\u00a0r\u00e4cker\u00a0mig,som\u00a0b\u00f6jer\u00a0ned\u00a0mitt\u00a0huvud\u00a0mot\u00a0mitt\u00a0hj\u00e4rta\u00a0&#8230; III. Jag\u00a0s\u00e5g\u00a0min\u00a0herre\u00a0f\u00f6r\u00a0f\u00f6rsta\u00a0g\u00e5ngen\u00a0i\u00a0dag,darrande\u00a0k\u00e4nde\u00a0jag\u00a0genast\u00a0igen\u00a0honom.Nu\u00a0k\u00e4nner\u00a0jag\u00a0ren\u00a0hans\u00a0tunga\u00a0hand\u00a0p\u00e5\u00a0min\u00a0l\u00e4tta\u00a0arm\u00a0&#8230;Var\u00a0\u00e4r\u00a0mitt\u00a0klingande\u00a0jungfruskratt,min\u00a0kvinnofrihet\u00a0med\u00a0h\u00f6gburet\u00a0huvud?Nu\u00a0k\u00e4nner\u00a0jag\u00a0ren\u00a0hans\u00a0fasta\u00a0grepp\u00a0om\u00a0min\u00a0sk\u00e4lvande\u00a0kropp,nu\u00a0h\u00f6r\u00a0jag\u00a0verklighetens\u00a0h\u00e5rda\u00a0klangmot\u00a0mina\u00a0sk\u00f6ra,\u00a0sk\u00f6ra\u00a0dr\u00f6mmar. IV. Du\u00a0s\u00f6kte\u00a0en\u00a0blommaoch\u00a0fann\u00a0en\u00a0frukt.Du\u00a0s\u00f6kte\u00a0en\u00a0k\u00e4llaoch\u00a0fann\u00a0ett\u00a0hav.Du\u00a0s\u00f6kte\u00a0en\u00a0kvinnaoch\u00a0fann\u00a0en\u00a0sj\u00e4l\u00a0\u2013du\u00a0\u00e4r\u00a0besviken. L\u00e4s dikten p\u00e5 Litteraturbanken Termer och begrepp Uppgift, Gymnasium Gymnasium I de fyra stroferna beskriver en kvinna en k\u00e4rlekshistoria. Hon v\u00e4nder sig till den \u00e4lskade mannen som hon tilltalar som \u201ddu\u201d. Ett undantag \u00e4r strof III [&hellip;]<\/p>\n","protected":false},"author":5,"featured_media":0,"parent":0,"menu_order":0,"comment_status":"closed","ping_status":"closed","template":"","meta":{"ocean_post_layout":"full-screen","ocean_both_sidebars_style":"","ocean_both_sidebars_content_width":0,"ocean_both_sidebars_sidebars_width":0,"ocean_sidebar":"0","ocean_second_sidebar":"0","ocean_disable_margins":"enable","ocean_add_body_class":"","ocean_shortcode_before_top_bar":"","ocean_shortcode_after_top_bar":"","ocean_shortcode_before_header":"","ocean_shortcode_after_header":"","ocean_has_shortcode":"","ocean_shortcode_after_title":"","ocean_shortcode_before_footer_widgets":"","ocean_shortcode_after_footer_widgets":"","ocean_shortcode_before_footer_bottom":"","ocean_shortcode_after_footer_bottom":"","ocean_display_top_bar":"default","ocean_display_header":"default","ocean_header_style":"","ocean_center_header_left_menu":"0","ocean_custom_header_template":"0","ocean_custom_logo":0,"ocean_custom_retina_logo":0,"ocean_custom_logo_max_width":0,"ocean_custom_logo_tablet_max_width":0,"ocean_custom_logo_mobile_max_width":0,"ocean_custom_logo_max_height":0,"ocean_custom_logo_tablet_max_height":0,"ocean_custom_logo_mobile_max_height":0,"ocean_header_custom_menu":"0","ocean_menu_typo_font_family":"0","ocean_menu_typo_font_subset":"","ocean_menu_typo_font_size":0,"ocean_menu_typo_font_size_tablet":0,"ocean_menu_typo_font_size_mobile":0,"ocean_menu_typo_font_size_unit":"px","ocean_menu_typo_font_weight":"","ocean_menu_typo_font_weight_tablet":"","ocean_menu_typo_font_weight_mobile":"","ocean_menu_typo_transform":"","ocean_menu_typo_transform_tablet":"","ocean_menu_typo_transform_mobile":"","ocean_menu_typo_line_height":0,"ocean_menu_typo_line_height_tablet":0,"ocean_menu_typo_line_height_mobile":0,"ocean_menu_typo_line_height_unit":"","ocean_menu_typo_spacing":0,"ocean_menu_typo_spacing_tablet":0,"ocean_menu_typo_spacing_mobile":0,"ocean_menu_typo_spacing_unit":"","ocean_menu_link_color":"","ocean_menu_link_color_hover":"","ocean_menu_link_color_active":"","ocean_menu_link_background":"","ocean_menu_link_hover_background":"","ocean_menu_link_active_background":"","ocean_menu_social_links_bg":"","ocean_menu_social_hover_links_bg":"","ocean_menu_social_links_color":"","ocean_menu_social_hover_links_color":"","ocean_disable_title":"on","ocean_disable_heading":"default","ocean_post_title":"","ocean_post_subheading":"","ocean_post_title_style":"","ocean_post_title_background_color":"","ocean_post_title_background":0,"ocean_post_title_bg_image_position":"","ocean_post_title_bg_image_attachment":"","ocean_post_title_bg_image_repeat":"","ocean_post_title_bg_image_size":"","ocean_post_title_height":0,"ocean_post_title_bg_overlay":0.5,"ocean_post_title_bg_overlay_color":"","ocean_disable_breadcrumbs":"default","ocean_breadcrumbs_color":"","ocean_breadcrumbs_separator_color":"","ocean_breadcrumbs_links_color":"","ocean_breadcrumbs_links_hover_color":"","ocean_display_footer_widgets":"default","ocean_display_footer_bottom":"default","ocean_custom_footer_template":"0","footnotes":""},"class_list":["post-5870","page","type-page","status-publish","hentry","entry"],"_links":{"self":[{"href":"https:\/\/litteraturbanken.se\/skolan\/wp-json\/wp\/v2\/pages\/5870","targetHints":{"allow":["GET"]}}],"collection":[{"href":"https:\/\/litteraturbanken.se\/skolan\/wp-json\/wp\/v2\/pages"}],"about":[{"href":"https:\/\/litteraturbanken.se\/skolan\/wp-json\/wp\/v2\/types\/page"}],"author":[{"embeddable":true,"href":"https:\/\/litteraturbanken.se\/skolan\/wp-json\/wp\/v2\/users\/5"}],"replies":[{"embeddable":true,"href":"https:\/\/litteraturbanken.se\/skolan\/wp-json\/wp\/v2\/comments?post=5870"}],"version-history":[{"count":35,"href":"https:\/\/litteraturbanken.se\/skolan\/wp-json\/wp\/v2\/pages\/5870\/revisions"}],"predecessor-version":[{"id":20272,"href":"https:\/\/litteraturbanken.se\/skolan\/wp-json\/wp\/v2\/pages\/5870\/revisions\/20272"}],"wp:attachment":[{"href":"https:\/\/litteraturbanken.se\/skolan\/wp-json\/wp\/v2\/media?parent=5870"}],"curies":[{"name":"wp","href":"https:\/\/api.w.org\/{rel}","templated":true}]}}