{"id":6669,"date":"2018-10-09T21:48:51","date_gmt":"2018-10-09T19:48:51","guid":{"rendered":"https:\/\/litteraturbanken.se\/skoladev\/?page_id=6669"},"modified":"2020-03-02T11:14:18","modified_gmt":"2020-03-02T10:14:18","slug":"poesi-forfattare-carl-michael-bellman-fjariln-vingad-syns-pa-haga","status":"publish","type":"page","link":"https:\/\/litteraturbanken.se\/skolan\/poesi-forfattare-carl-michael-bellman-fjariln-vingad-syns-pa-haga\/","title":{"rendered":"Poesi\/F\u00f6rfattare\/Carl Michael Bellman\/Fj\u00e4riln vingad syns p\u00e5 Haga"},"content":{"rendered":"\t\t<div data-elementor-type=\"wp-post\" data-elementor-id=\"6669\" class=\"elementor elementor-6669\">\n\t\t\t\t\t\t<section class=\"elementor-section elementor-top-section elementor-element elementor-element-a349ebf elementor-section-boxed elementor-section-height-default elementor-section-height-default\" data-id=\"a349ebf\" data-element_type=\"section\" data-e-type=\"section\">\n\t\t\t\t\t\t<div class=\"elementor-container elementor-column-gap-default\">\n\t\t\t\t\t<div class=\"elementor-column elementor-col-100 elementor-top-column elementor-element elementor-element-6774d6e\" data-id=\"6774d6e\" data-element_type=\"column\" data-e-type=\"column\">\n\t\t\t<div class=\"elementor-widget-wrap elementor-element-populated\">\n\t\t\t\t\t\t<div class=\"elementor-element elementor-element-7208fbd elementor-widget elementor-widget-spacer\" data-id=\"7208fbd\" data-element_type=\"widget\" data-e-type=\"widget\" data-widget_type=\"spacer.default\">\n\t\t\t\t<div class=\"elementor-widget-container\">\n\t\t\t\t\t\t\t<div class=\"elementor-spacer\">\n\t\t\t<div class=\"elementor-spacer-inner\"><\/div>\n\t\t<\/div>\n\t\t\t\t\t\t<\/div>\n\t\t\t\t<\/div>\n\t\t\t\t\t<\/div>\n\t\t<\/div>\n\t\t\t\t\t<\/div>\n\t\t<\/section>\n\t\t\t\t<section class=\"elementor-section elementor-inner-section elementor-element elementor-element-ad52f35 elementor-section-boxed elementor-section-height-default elementor-section-height-default\" data-id=\"ad52f35\" data-element_type=\"section\" data-e-type=\"section\">\n\t\t\t\t\t\t<div class=\"elementor-container elementor-column-gap-default\">\n\t\t\t\t\t<div class=\"elementor-column elementor-col-66 elementor-inner-column elementor-element elementor-element-36d91be\" data-id=\"36d91be\" data-element_type=\"column\" data-e-type=\"column\" data-settings=\"{&quot;background_background&quot;:&quot;classic&quot;}\">\n\t\t\t<div class=\"elementor-widget-wrap elementor-element-populated\">\n\t\t\t\t\t\t<div class=\"elementor-element elementor-element-db4cd95 elementor-widget elementor-widget-heading\" data-id=\"db4cd95\" data-element_type=\"widget\" data-e-type=\"widget\" data-widget_type=\"heading.default\">\n\t\t\t\t<div class=\"elementor-widget-container\">\n\t\t\t\t\t<h2 class=\"elementor-heading-title elementor-size-default\">\u201dFj\u00e4riln vingad syns p\u00e5 Haga\u201d<\/h2>\t\t\t\t<\/div>\n\t\t\t\t<\/div>\n\t\t\t\t<div class=\"elementor-element elementor-element-52f46ed elementor-widget elementor-widget-heading\" data-id=\"52f46ed\" data-element_type=\"widget\" data-e-type=\"widget\" data-widget_type=\"heading.default\">\n\t\t\t\t<div class=\"elementor-widget-container\">\n\t\t\t\t\t<h2 class=\"elementor-heading-title elementor-size-default\">S\u00e5ng N:o 64 <\/h2>\t\t\t\t<\/div>\n\t\t\t\t<\/div>\n\t\t\t\t<div class=\"elementor-element elementor-element-96d6f99 elementor-widget elementor-widget-text-editor\" data-id=\"96d6f99\" data-element_type=\"widget\" data-e-type=\"widget\" data-widget_type=\"text-editor.default\">\n\t\t\t\t<div class=\"elementor-widget-container\">\n\t\t\t\t\t\t\t\t\t<p>Av <a href=\"https:\/\/litteraturbanken.se\/skolan\/?page_id=5789\">Carl Michael Bellman<\/a><\/p>\t\t\t\t\t\t\t\t<\/div>\n\t\t\t\t<\/div>\n\t\t\t\t<div class=\"elementor-element elementor-element-e69fc96 elementor-widget elementor-widget-text-editor\" data-id=\"e69fc96\" data-element_type=\"widget\" data-e-type=\"widget\" data-widget_type=\"text-editor.default\">\n\t\t\t\t<div class=\"elementor-widget-container\">\n\t\t\t\t\t\t\t\t\t<p><strong>Ur:<\/strong> <em>Fredmans s\u00e5nger\u00a0<\/em>(1791)<span style=\"font-size: 15px; letter-spacing: 0.6px;\">\u00a0\u00a0<\/span><strong>\u00c5rskurs:<\/strong>\u00a07\u20139\u00a0 \u00a0<strong>Tema:<\/strong>\u00a01700-tal,\u00a0Humor och satir\u00a0<\/p>\t\t\t\t\t\t\t\t<\/div>\n\t\t\t\t<\/div>\n\t\t\t\t<div class=\"elementor-element elementor-element-ab249bb elementor-widget elementor-widget-text-editor\" data-id=\"ab249bb\" data-element_type=\"widget\" data-e-type=\"widget\" data-widget_type=\"text-editor.default\">\n\t\t\t\t<div class=\"elementor-widget-container\">\n\t\t\t\t\t\t\t\t\t<div class=\"titlepage\"><div class=\"titlepage\"><p class=\"title\">Fj\u00e4riln\u00a0vingad\u00a0syns\u00a0p\u00e5\u00a0Haga,<br \/>Mellan\u00a0dimmors\u00a0frost\u00a0och\u00a0dun,<br \/>Sig\u00a0sitt\u00a0gr\u00f6na\u00a0skjul\u00a0tillaga,<br \/>Och\u00a0i\u00a0blomman,\u00a0sin\u00a0paulun;<br \/>Minsta\u00a0kr\u00e4k\u00a0i\u00a0k\u00e4rr\u00a0och\u00a0syra,<br \/>Nyss\u00a0av\u00a0Solens\u00a0v\u00e4rma\u00a0v\u00e4ckt,<br \/>Till\u00a0en\u00a0ny\u00a0h\u00f6gtidlig\u00a0yra<br \/>Eldas\u00a0vid\u00a0Zephyrens\u00a0fl\u00e4kt.<br \/><br \/>\u00a0\u00a0\u00a0***<br \/><br \/>Haga\u00a0i\u00a0ditt\u00a0sk\u00f6te\u00a0r\u00f6jes<br \/>Gr\u00e4sets\u00a0brodd\u00a0och\u00a0gula\u00a0plan;<br \/>Stolt\u00a0i\u00a0dina\u00a0r\u00e4nnlar\u00a0h\u00f6jes,<br \/>Gungande\u00a0den\u00a0vita\u00a0Svan;<br \/>L\u00e4ngst\u00a0ur\u00a0skogens\u00a0glesa\u00a0kamrar<br \/>H\u00f6ras\u00a0t\u00e4ta\u00a0\u00e5terskall,<br \/>\u00c4n\u00a0fr\u00e5n\u00a0den\u00a0graniten\u00a0hamrar,<br \/>\u00c4n\u00a0fr\u00e5n\u00a0yx\u00a0i\u00a0bj\u00f6rk\u00a0och\u00a0tall.<br \/><br \/>\u00a0\u00a0\u00a0***<br \/><br \/>Se\u00a0Brunnsvikens\u00a0sm\u00e5\u00a0Najader<br \/>H\u00f6ja\u00a0sina\u00a0gyllne\u00a0horn,<br \/>Och\u00a0de\u00a0frusande\u00a0kaskader<br \/>Sprutas\u00a0\u00f6ver\u00a0Solna\u00a0torn;<br \/>Under\u00a0skygd\u00a0av\u00a0v\u00e4lvda\u00a0stammar,<br \/>P\u00e5\u00a0den\u00a0v\u00e4g\u00a0man\u00a0st\u00e4dad\u00a0ser,<br \/>F\u00e5len\u00a0yvs\u00a0och\u00a0hjulet\u00a0dammar,<br \/>Bonden\u00a0milt\u00a0\u00e5t\u00a0Haga\u00a0ler.<br \/><br \/>\u00a0\u00a0\u00a0***<br \/><br \/>Vad\u00a0Gudomlig\u00a0lust\u00a0att\u00a0r\u00f6na<br \/>Inom\u00a0en\u00a0s\u00e5\u00a0ljuvlig\u00a0Park,<br \/>D\u00e5\u00a0man\u00a0h\u00e4lsad\u00a0av\u00a0sin\u00a0Sk\u00f6na,<br \/>\u00d6gnas\u00a0av\u00a0en\u00a0mild\u00a0Monark!<br \/>Varje\u00a0blick\u00a0hans\u00a0\u00f6ga\u00a0skickar,<br \/>Lockar\u00a0tacksamhetens\u00a0t\u00e5r;<br \/>R\u00f6rd\u00a0och\u00a0tjust\u00a0av\u00a0dessa\u00a0blickar,<br \/>Sj\u00e4lv\u00a0den\u00a0trumpne\u00a0gl\u00e4ttig\u00a0g\u00e5r.<\/p><\/div><\/div>\t\t\t\t\t\t\t\t<\/div>\n\t\t\t\t<\/div>\n\t\t\t\t\t<\/div>\n\t\t<\/div>\n\t\t\t\t<div class=\"elementor-column elementor-col-33 elementor-inner-column elementor-element elementor-element-e4e620b\" data-id=\"e4e620b\" data-element_type=\"column\" data-e-type=\"column\">\n\t\t\t<div class=\"elementor-widget-wrap elementor-element-populated\">\n\t\t\t\t\t\t<div class=\"elementor-element elementor-element-6588019 elementor-icon-list--layout-traditional elementor-list-item-link-full_width elementor-widget elementor-widget-icon-list\" data-id=\"6588019\" data-element_type=\"widget\" data-e-type=\"widget\" data-widget_type=\"icon-list.default\">\n\t\t\t\t<div class=\"elementor-widget-container\">\n\t\t\t\t\t\t\t<ul class=\"elementor-icon-list-items\">\n\t\t\t\t\t\t\t<li class=\"elementor-icon-list-item\">\n\t\t\t\t\t\t\t\t\t\t\t<a href=\"https:\/\/litteraturbanken.se\/forfattare\/BellmanCM\/titlar\/FredmansSanger\/sida\/152\/faksimil\" target=\"_blank\">\n\n\t\t\t\t\t\t\t\t\t\t\t\t<span class=\"elementor-icon-list-icon\">\n\t\t\t\t\t\t\t\t\t\t\t\t\t\t\t\t<i class=\"fa fa-file-text-o\" aria-hidden=\"true\"><\/i>\n\t\t\t\t\t\t\t\t\t\t\t\t\t<\/span>\n\t\t\t\t\t\t\t\t\t\t<span class=\"elementor-icon-list-text\">L\u00e4s dikten p\u00e5 Litteraturbanken<\/span>\n\t\t\t\t\t\t\t\t\t\t\t<\/a>\n\t\t\t\t\t\t\t\t\t<\/li>\n\t\t\t\t\t\t\t\t<li class=\"elementor-icon-list-item\">\n\t\t\t\t\t\t\t\t\t\t\t<a href=\"https:\/\/litteraturbanken.se\/skolan\/?page_id=261\" target=\"_blank\">\n\n\t\t\t\t\t\t\t\t\t\t\t\t<span class=\"elementor-icon-list-icon\">\n\t\t\t\t\t\t\t\t\t\t\t\t\t\t\t\t<i class=\"fa fa-file-text-o\" aria-hidden=\"true\"><\/i>\n\t\t\t\t\t\t\t\t\t\t\t\t\t<\/span>\n\t\t\t\t\t\t\t\t\t\t<span class=\"elementor-icon-list-text\">Termer och begrepp<\/span>\n\t\t\t\t\t\t\t\t\t\t\t<\/a>\n\t\t\t\t\t\t\t\t\t<\/li>\n\t\t\t\t\t\t<\/ul>\n\t\t\t\t\t\t<\/div>\n\t\t\t\t<\/div>\n\t\t\t\t<div class=\"elementor-element elementor-element-5fd7525 elementor-align-center elementor-widget elementor-widget-button\" data-id=\"5fd7525\" data-element_type=\"widget\" data-e-type=\"widget\" data-widget_type=\"button.default\">\n\t\t\t\t<div class=\"elementor-widget-container\">\n\t\t\t\t\t\t\t\t\t<div class=\"elementor-button-wrapper\">\n\t\t\t\t\t<a class=\"elementor-button elementor-button-link elementor-size-md elementor-animation-grow\" href=\"#7\">\n\t\t\t\t\t\t<span class=\"elementor-button-content-wrapper\">\n\t\t\t\t\t\t<span class=\"elementor-button-icon\">\n\t\t\t\t\t\t\t\t\t<i class=\"fa fa-pencil\" aria-hidden=\"true\"><\/i>\n\t\t\t\t\t\t\t<\/span>\n\t\t\t\t\t\t\t\t\t<span class=\"elementor-button-text\">Uppgift, \u00e5k 7\u20139<\/span>\n\t\t\t\t\t<\/span>\n\t\t\t\t\t<\/a>\n\t\t\t\t<\/div>\n\t\t\t\t\t\t\t\t<\/div>\n\t\t\t\t<\/div>\n\t\t\t\t<div class=\"elementor-element elementor-element-bf278b0 elementor-icon-list--layout-traditional elementor-list-item-link-full_width elementor-widget elementor-widget-icon-list\" data-id=\"bf278b0\" data-element_type=\"widget\" data-e-type=\"widget\" data-widget_type=\"icon-list.default\">\n\t\t\t\t<div class=\"elementor-widget-container\">\n\t\t\t\t\t\t\t<ul class=\"elementor-icon-list-items\">\n\t\t\t\t\t\t\t<li class=\"elementor-icon-list-item\">\n\t\t\t\t\t\t\t\t\t\t\t<span class=\"elementor-icon-list-icon\">\n\t\t\t\t\t\t\t\t\t\t\t\t\t\t\t\t<i class=\"fa fa-lightbulb-o\" aria-hidden=\"true\"><\/i>\n\t\t\t\t\t\t\t\t\t\t\t\t\t<\/span>\n\t\t\t\t\t\t\t\t\t\t<span class=\"elementor-icon-list-text\">Ordf\u00f6rst\u00e5else<\/span>\n\t\t\t\t\t\t\t\t\t<\/li>\n\t\t\t\t\t\t<\/ul>\n\t\t\t\t\t\t<\/div>\n\t\t\t\t<\/div>\n\t\t\t\t<div class=\"elementor-element elementor-element-796a2f8 elementor-widget elementor-widget-text-editor\" data-id=\"796a2f8\" data-element_type=\"widget\" data-e-type=\"widget\" data-widget_type=\"text-editor.default\">\n\t\t\t\t<div class=\"elementor-widget-container\">\n\t\t\t\t\t\t\t\t\t<div class=\"uppslag\"><strong>Paulun<\/strong>:(himmels-)s\u00e4ng<\/div><div><div class=\"uppslag\"><strong>Kr\u00e4k<\/strong>: kryp<\/div><div><div class=\"uppslag\"><strong>Syra<\/strong>: sur fuktig mark<\/div><div><div class=\"uppslag\"><strong>Zephir<\/strong>:\u00a0I grekisk mytologi kallades v\u00e4stanvinden f\u00f6r\u00a0<i>Zephyrus<\/i>.<\/div><div><div class=\"uppslag\"><strong>Gr\u00e4sets brodd<\/strong>: det nya sp\u00e4da gr\u00e4set.<\/div><div><div class=\"uppslag\"><strong>R\u00e4nlar<\/strong>: r\u00e4nnilar<\/div><div><div class=\"uppslag\"><strong>Brunnsviken<\/strong>: Sj\u00f6 p\u00e5 gr\u00e4nsen mellan Stockholm och Solna, med Hagaparken p\u00e5 v\u00e4stra stranden.<\/div><div><div class=\"uppslag\"><strong>Najader<\/strong>: I grekisk\/romersk mytologi finns nymfer, kvinnliga naturv\u00e4sen, av olika slag.\u00a0<i>Dryaderna\u00a0<\/i>befolkade tr\u00e4den,\u00a0<i>oreader<\/i>\u00a0fanns i bergen,\u00a0<i>nereiderna<\/i>\u00a0befolkade havet och\u00a0<i>najaderna<\/i>\u00a0levde i sj\u00f6ar och floder.<\/div><div><div class=\"uppslag\"><strong>R\u00f6na<\/strong>: uppleva<\/div><\/div><\/div><\/div><\/div><\/div><\/div><\/div><\/div>\t\t\t\t\t\t\t\t<\/div>\n\t\t\t\t<\/div>\n\t\t\t\t<div class=\"elementor-element elementor-element-ac13a31 elementor-widget elementor-widget-image\" data-id=\"ac13a31\" data-element_type=\"widget\" data-e-type=\"widget\" data-widget_type=\"image.default\">\n\t\t\t\t<div class=\"elementor-widget-container\">\n\t\t\t\t\t\t\t\t\t\t\t\t\t\t\t<img fetchpriority=\"high\" decoding=\"async\" width=\"300\" height=\"300\" src=\"https:\/\/litteraturbanken.se\/skolan\/wp-content\/uploads\/2019\/03\/lb_skolan_2019_knapp_bellman_ny_r\u00f6d-e1553013796489.jpg\" class=\"attachment-full size-full wp-image-13709\" alt=\"\" \/>\t\t\t\t\t\t\t\t\t\t\t\t\t\t\t<\/div>\n\t\t\t\t<\/div>\n\t\t\t\t\t<\/div>\n\t\t<\/div>\n\t\t\t\t\t<\/div>\n\t\t<\/section>\n\t\t\t\t<section class=\"elementor-section elementor-top-section elementor-element elementor-element-b14b264 elementor-section-boxed elementor-section-height-default elementor-section-height-default\" data-id=\"b14b264\" data-element_type=\"section\" data-e-type=\"section\">\n\t\t\t\t\t\t<div class=\"elementor-container elementor-column-gap-default\">\n\t\t\t\t\t<div class=\"elementor-column elementor-col-100 elementor-top-column elementor-element elementor-element-7de3956\" data-id=\"7de3956\" data-element_type=\"column\" data-e-type=\"column\">\n\t\t\t<div class=\"elementor-widget-wrap elementor-element-populated\">\n\t\t\t\t\t\t<div class=\"elementor-element elementor-element-7ed0ac5 elementor-widget elementor-widget-spacer\" data-id=\"7ed0ac5\" data-element_type=\"widget\" data-e-type=\"widget\" data-widget_type=\"spacer.default\">\n\t\t\t\t<div class=\"elementor-widget-container\">\n\t\t\t\t\t\t\t<div class=\"elementor-spacer\">\n\t\t\t<div class=\"elementor-spacer-inner\"><\/div>\n\t\t<\/div>\n\t\t\t\t\t\t<\/div>\n\t\t\t\t<\/div>\n\t\t\t\t\t<\/div>\n\t\t<\/div>\n\t\t\t\t\t<\/div>\n\t\t<\/section>\n\t\t\t\t<section class=\"elementor-section elementor-top-section elementor-element elementor-element-7ed7cfe elementor-section-boxed elementor-section-height-default elementor-section-height-default\" data-id=\"7ed7cfe\" data-element_type=\"section\" data-e-type=\"section\">\n\t\t\t\t\t\t<div class=\"elementor-container elementor-column-gap-default\">\n\t\t\t\t\t<div class=\"elementor-column elementor-col-100 elementor-top-column elementor-element elementor-element-ca39f38\" data-id=\"ca39f38\" data-element_type=\"column\" data-e-type=\"column\" data-settings=\"{&quot;background_background&quot;:&quot;classic&quot;}\">\n\t\t\t<div class=\"elementor-widget-wrap elementor-element-populated\">\n\t\t\t\t\t\t<div class=\"elementor-element elementor-element-d0fa610 elementor-widget elementor-widget-menu-anchor\" data-id=\"d0fa610\" data-element_type=\"widget\" data-e-type=\"widget\" data-widget_type=\"menu-anchor.default\">\n\t\t\t\t<div class=\"elementor-widget-container\">\n\t\t\t\t\t\t\t<div class=\"elementor-menu-anchor\" id=\"7\"><\/div>\n\t\t\t\t\t\t<\/div>\n\t\t\t\t<\/div>\n\t\t\t\t<section class=\"elementor-section elementor-inner-section elementor-element elementor-element-881898f elementor-section-boxed elementor-section-height-default elementor-section-height-default\" data-id=\"881898f\" data-element_type=\"section\" data-e-type=\"section\">\n\t\t\t\t\t\t<div class=\"elementor-container elementor-column-gap-default\">\n\t\t\t\t\t<div class=\"elementor-column elementor-col-100 elementor-inner-column elementor-element elementor-element-cc4333b\" data-id=\"cc4333b\" data-element_type=\"column\" data-e-type=\"column\">\n\t\t\t<div class=\"elementor-widget-wrap elementor-element-populated\">\n\t\t\t\t\t\t<div class=\"elementor-element elementor-element-a9198bb elementor-view-framed elementor-shape-circle elementor-widget elementor-widget-icon\" data-id=\"a9198bb\" data-element_type=\"widget\" data-e-type=\"widget\" data-widget_type=\"icon.default\">\n\t\t\t\t<div class=\"elementor-widget-container\">\n\t\t\t\t\t\t\t<div class=\"elementor-icon-wrapper\">\n\t\t\t<div class=\"elementor-icon\">\n\t\t\t\t\t\t\t<i class=\"fa fa-pencil\" aria-hidden=\"true\"><\/i>\n\t\t\t\t\t\t<\/div>\n\t\t<\/div>\n\t\t\t\t\t\t<\/div>\n\t\t\t\t<\/div>\n\t\t\t\t<div class=\"elementor-element elementor-element-3a9add3 elementor-widget elementor-widget-toggle\" data-id=\"3a9add3\" data-element_type=\"widget\" data-e-type=\"widget\" data-widget_type=\"toggle.default\">\n\t\t\t\t<div class=\"elementor-widget-container\">\n\t\t\t\t\t\t\t<div class=\"elementor-toggle\">\n\t\t\t\t\t\t\t<div class=\"elementor-toggle-item\">\n\t\t\t\t\t<div id=\"elementor-tab-title-6141\" class=\"elementor-tab-title\" data-tab=\"1\" role=\"button\" aria-controls=\"elementor-tab-content-6141\" aria-expanded=\"false\">\n\t\t\t\t\t\t\t\t\t\t\t\t<span class=\"elementor-toggle-icon elementor-toggle-icon-left\" aria-hidden=\"true\">\n\t\t\t\t\t\t\t\t\t\t\t\t\t\t\t<i class=\"elementor-toggle-icon-closed fa fa-chevron-right\"><\/i>\n\t\t\t\t\t\t\t\t<i class=\"elementor-toggle-icon-opened fa fa-chevron-down\"><\/i>\n\t\t\t\t\t\t\t\t\t\t\t\t\t<\/span>\n\t\t\t\t\t\t\t\t\t\t\t\t<a class=\"elementor-toggle-title\" tabindex=\"0\">\u00c5rskurs 7\u20139<\/a>\n\t\t\t\t\t<\/div>\n\n\t\t\t\t\t<div id=\"elementor-tab-content-6141\" class=\"elementor-tab-content elementor-clearfix\" data-tab=\"1\" role=\"region\" aria-labelledby=\"elementor-tab-title-6141\"><p>Just den h\u00e4r dikten \u00e4r inte kopplad till n\u00e5gon specifik uppgift, utan h\u00e4r skall du v\u00e4lja ett av f\u00f6rslagen p\u00e5 sidan \u201d6 s\u00e4tt att analysera dikter\u201d som finns h\u00e4r:\u00a0<a href=\"https:\/\/litteraturbanken.se\/skolan\/poesi-analysmodeller\/\" target=\"_blank\" rel=\"noopener\">https:\/\/litteraturbanken.se\/skolan\/poesi-analysmodeller\/<\/a>\u00a0 Arbeta sedan med dikten med hj\u00e4lp av n\u00e5gon av metoderna d\u00e4r.<\/p><\/div>\n\t\t\t\t<\/div>\n\t\t\t\t\t\t\t\t<\/div>\n\t\t\t\t\t\t<\/div>\n\t\t\t\t<\/div>\n\t\t\t\t\t<\/div>\n\t\t<\/div>\n\t\t\t\t\t<\/div>\n\t\t<\/section>\n\t\t\t\t<div class=\"elementor-element elementor-element-a4e2e9f elementor-widget elementor-widget-spacer\" data-id=\"a4e2e9f\" data-element_type=\"widget\" data-e-type=\"widget\" data-widget_type=\"spacer.default\">\n\t\t\t\t<div class=\"elementor-widget-container\">\n\t\t\t\t\t\t\t<div class=\"elementor-spacer\">\n\t\t\t<div class=\"elementor-spacer-inner\"><\/div>\n\t\t<\/div>\n\t\t\t\t\t\t<\/div>\n\t\t\t\t<\/div>\n\t\t\t\t\t<\/div>\n\t\t<\/div>\n\t\t\t\t\t<\/div>\n\t\t<\/section>\n\t\t\t\t<section class=\"elementor-section elementor-top-section elementor-element elementor-element-3cfba06 elementor-section-boxed elementor-section-height-default elementor-section-height-default\" data-id=\"3cfba06\" data-element_type=\"section\" data-e-type=\"section\">\n\t\t\t\t\t\t<div class=\"elementor-container elementor-column-gap-default\">\n\t\t\t\t\t<div class=\"elementor-column elementor-col-100 elementor-top-column elementor-element elementor-element-5d00a78\" data-id=\"5d00a78\" data-element_type=\"column\" data-e-type=\"column\">\n\t\t\t<div class=\"elementor-widget-wrap elementor-element-populated\">\n\t\t\t\t\t\t<div class=\"elementor-element elementor-element-3a0eb78 elementor-widget elementor-widget-spacer\" data-id=\"3a0eb78\" data-element_type=\"widget\" data-e-type=\"widget\" data-widget_type=\"spacer.default\">\n\t\t\t\t<div class=\"elementor-widget-container\">\n\t\t\t\t\t\t\t<div class=\"elementor-spacer\">\n\t\t\t<div class=\"elementor-spacer-inner\"><\/div>\n\t\t<\/div>\n\t\t\t\t\t\t<\/div>\n\t\t\t\t<\/div>\n\t\t\t\t\t<\/div>\n\t\t<\/div>\n\t\t\t\t\t<\/div>\n\t\t<\/section>\n\t\t\t\t<\/div>\n\t\t","protected":false},"excerpt":{"rendered":"<p>\u201dFj\u00e4riln vingad syns p\u00e5 Haga\u201d S\u00e5ng N:o 64 Av Carl Michael Bellman Ur: Fredmans s\u00e5nger\u00a0(1791)\u00a0\u00a0\u00c5rskurs:\u00a07\u20139\u00a0 \u00a0Tema:\u00a01700-tal,\u00a0Humor och satir\u00a0 Fj\u00e4riln\u00a0vingad\u00a0syns\u00a0p\u00e5\u00a0Haga,Mellan\u00a0dimmors\u00a0frost\u00a0och\u00a0dun,Sig\u00a0sitt\u00a0gr\u00f6na\u00a0skjul\u00a0tillaga,Och\u00a0i\u00a0blomman,\u00a0sin\u00a0paulun;Minsta\u00a0kr\u00e4k\u00a0i\u00a0k\u00e4rr\u00a0och\u00a0syra,Nyss\u00a0av\u00a0Solens\u00a0v\u00e4rma\u00a0v\u00e4ckt,Till\u00a0en\u00a0ny\u00a0h\u00f6gtidlig\u00a0yraEldas\u00a0vid\u00a0Zephyrens\u00a0fl\u00e4kt. \u00a0\u00a0\u00a0*** Haga\u00a0i\u00a0ditt\u00a0sk\u00f6te\u00a0r\u00f6jesGr\u00e4sets\u00a0brodd\u00a0och\u00a0gula\u00a0plan;Stolt\u00a0i\u00a0dina\u00a0r\u00e4nnlar\u00a0h\u00f6jes,Gungande\u00a0den\u00a0vita\u00a0Svan;L\u00e4ngst\u00a0ur\u00a0skogens\u00a0glesa\u00a0kamrarH\u00f6ras\u00a0t\u00e4ta\u00a0\u00e5terskall,\u00c4n\u00a0fr\u00e5n\u00a0den\u00a0graniten\u00a0hamrar,\u00c4n\u00a0fr\u00e5n\u00a0yx\u00a0i\u00a0bj\u00f6rk\u00a0och\u00a0tall. \u00a0\u00a0\u00a0*** Se\u00a0Brunnsvikens\u00a0sm\u00e5\u00a0NajaderH\u00f6ja\u00a0sina\u00a0gyllne\u00a0horn,Och\u00a0de\u00a0frusande\u00a0kaskaderSprutas\u00a0\u00f6ver\u00a0Solna\u00a0torn;Under\u00a0skygd\u00a0av\u00a0v\u00e4lvda\u00a0stammar,P\u00e5\u00a0den\u00a0v\u00e4g\u00a0man\u00a0st\u00e4dad\u00a0ser,F\u00e5len\u00a0yvs\u00a0och\u00a0hjulet\u00a0dammar,Bonden\u00a0milt\u00a0\u00e5t\u00a0Haga\u00a0ler. \u00a0\u00a0\u00a0*** Vad\u00a0Gudomlig\u00a0lust\u00a0att\u00a0r\u00f6naInom\u00a0en\u00a0s\u00e5\u00a0ljuvlig\u00a0Park,D\u00e5\u00a0man\u00a0h\u00e4lsad\u00a0av\u00a0sin\u00a0Sk\u00f6na,\u00d6gnas\u00a0av\u00a0en\u00a0mild\u00a0Monark!Varje\u00a0blick\u00a0hans\u00a0\u00f6ga\u00a0skickar,Lockar\u00a0tacksamhetens\u00a0t\u00e5r;R\u00f6rd\u00a0och\u00a0tjust\u00a0av\u00a0dessa\u00a0blickar,Sj\u00e4lv\u00a0den\u00a0trumpne\u00a0gl\u00e4ttig\u00a0g\u00e5r. L\u00e4s dikten p\u00e5 Litteraturbanken Termer och begrepp Uppgift, \u00e5k 7\u20139 Ordf\u00f6rst\u00e5else Paulun:(himmels-)s\u00e4ngKr\u00e4k: krypSyra: sur fuktig markZephir:\u00a0I grekisk mytologi kallades v\u00e4stanvinden f\u00f6r\u00a0Zephyrus.Gr\u00e4sets brodd: det nya sp\u00e4da gr\u00e4set.R\u00e4nlar: r\u00e4nnilarBrunnsviken: Sj\u00f6 p\u00e5 gr\u00e4nsen [&hellip;]<\/p>\n","protected":false},"author":5,"featured_media":0,"parent":0,"menu_order":0,"comment_status":"closed","ping_status":"closed","template":"","meta":{"ocean_post_layout":"full-screen","ocean_both_sidebars_style":"","ocean_both_sidebars_content_width":0,"ocean_both_sidebars_sidebars_width":0,"ocean_sidebar":"0","ocean_second_sidebar":"0","ocean_disable_margins":"enable","ocean_add_body_class":"","ocean_shortcode_before_top_bar":"","ocean_shortcode_after_top_bar":"","ocean_shortcode_before_header":"","ocean_shortcode_after_header":"","ocean_has_shortcode":"","ocean_shortcode_after_title":"","ocean_shortcode_before_footer_widgets":"","ocean_shortcode_after_footer_widgets":"","ocean_shortcode_before_footer_bottom":"","ocean_shortcode_after_footer_bottom":"","ocean_display_top_bar":"default","ocean_display_header":"default","ocean_header_style":"","ocean_center_header_left_menu":"0","ocean_custom_header_template":"0","ocean_custom_logo":0,"ocean_custom_retina_logo":0,"ocean_custom_logo_max_width":0,"ocean_custom_logo_tablet_max_width":0,"ocean_custom_logo_mobile_max_width":0,"ocean_custom_logo_max_height":0,"ocean_custom_logo_tablet_max_height":0,"ocean_custom_logo_mobile_max_height":0,"ocean_header_custom_menu":"0","ocean_menu_typo_font_family":"0","ocean_menu_typo_font_subset":"","ocean_menu_typo_font_size":0,"ocean_menu_typo_font_size_tablet":0,"ocean_menu_typo_font_size_mobile":0,"ocean_menu_typo_font_size_unit":"px","ocean_menu_typo_font_weight":"","ocean_menu_typo_font_weight_tablet":"","ocean_menu_typo_font_weight_mobile":"","ocean_menu_typo_transform":"","ocean_menu_typo_transform_tablet":"","ocean_menu_typo_transform_mobile":"","ocean_menu_typo_line_height":0,"ocean_menu_typo_line_height_tablet":0,"ocean_menu_typo_line_height_mobile":0,"ocean_menu_typo_line_height_unit":"","ocean_menu_typo_spacing":0,"ocean_menu_typo_spacing_tablet":0,"ocean_menu_typo_spacing_mobile":0,"ocean_menu_typo_spacing_unit":"","ocean_menu_link_color":"","ocean_menu_link_color_hover":"","ocean_menu_link_color_active":"","ocean_menu_link_background":"","ocean_menu_link_hover_background":"","ocean_menu_link_active_background":"","ocean_menu_social_links_bg":"","ocean_menu_social_hover_links_bg":"","ocean_menu_social_links_color":"","ocean_menu_social_hover_links_color":"","ocean_disable_title":"on","ocean_disable_heading":"default","ocean_post_title":"","ocean_post_subheading":"","ocean_post_title_style":"","ocean_post_title_background_color":"","ocean_post_title_background":0,"ocean_post_title_bg_image_position":"","ocean_post_title_bg_image_attachment":"","ocean_post_title_bg_image_repeat":"","ocean_post_title_bg_image_size":"","ocean_post_title_height":0,"ocean_post_title_bg_overlay":0.5,"ocean_post_title_bg_overlay_color":"","ocean_disable_breadcrumbs":"default","ocean_breadcrumbs_color":"","ocean_breadcrumbs_separator_color":"","ocean_breadcrumbs_links_color":"","ocean_breadcrumbs_links_hover_color":"","ocean_display_footer_widgets":"default","ocean_display_footer_bottom":"default","ocean_custom_footer_template":"0","footnotes":""},"class_list":["post-6669","page","type-page","status-publish","hentry","entry"],"_links":{"self":[{"href":"https:\/\/litteraturbanken.se\/skolan\/wp-json\/wp\/v2\/pages\/6669","targetHints":{"allow":["GET"]}}],"collection":[{"href":"https:\/\/litteraturbanken.se\/skolan\/wp-json\/wp\/v2\/pages"}],"about":[{"href":"https:\/\/litteraturbanken.se\/skolan\/wp-json\/wp\/v2\/types\/page"}],"author":[{"embeddable":true,"href":"https:\/\/litteraturbanken.se\/skolan\/wp-json\/wp\/v2\/users\/5"}],"replies":[{"embeddable":true,"href":"https:\/\/litteraturbanken.se\/skolan\/wp-json\/wp\/v2\/comments?post=6669"}],"version-history":[{"count":29,"href":"https:\/\/litteraturbanken.se\/skolan\/wp-json\/wp\/v2\/pages\/6669\/revisions"}],"predecessor-version":[{"id":20325,"href":"https:\/\/litteraturbanken.se\/skolan\/wp-json\/wp\/v2\/pages\/6669\/revisions\/20325"}],"wp:attachment":[{"href":"https:\/\/litteraturbanken.se\/skolan\/wp-json\/wp\/v2\/media?parent=6669"}],"curies":[{"name":"wp","href":"https:\/\/api.w.org\/{rel}","templated":true}]}}