{"id":6737,"date":"2018-10-09T22:44:43","date_gmt":"2018-10-09T20:44:43","guid":{"rendered":"https:\/\/litteraturbanken.se\/skoladev\/?page_id=6737"},"modified":"2020-06-22T14:18:27","modified_gmt":"2020-06-22T12:18:27","slug":"poesi-forfattare-august-strindberg-flojeln-sjunger","status":"publish","type":"page","link":"https:\/\/litteraturbanken.se\/skolan\/poesi-forfattare-august-strindberg-flojeln-sjunger\/","title":{"rendered":"Poesi\/F\u00f6rfattare\/August Strindberg\/Fl\u00f6jeln sjunger"},"content":{"rendered":"\t\t<div data-elementor-type=\"wp-post\" data-elementor-id=\"6737\" class=\"elementor elementor-6737\">\n\t\t\t\t\t\t<section class=\"elementor-section elementor-top-section elementor-element elementor-element-6066ed3 elementor-section-boxed elementor-section-height-default elementor-section-height-default\" data-id=\"6066ed3\" data-element_type=\"section\" data-e-type=\"section\">\n\t\t\t\t\t\t<div class=\"elementor-container elementor-column-gap-default\">\n\t\t\t\t\t<div class=\"elementor-column elementor-col-100 elementor-top-column elementor-element elementor-element-e2c7cda\" data-id=\"e2c7cda\" data-element_type=\"column\" data-e-type=\"column\">\n\t\t\t<div class=\"elementor-widget-wrap elementor-element-populated\">\n\t\t\t\t\t\t<div class=\"elementor-element elementor-element-fbaca88 elementor-widget elementor-widget-spacer\" data-id=\"fbaca88\" data-element_type=\"widget\" data-e-type=\"widget\" data-widget_type=\"spacer.default\">\n\t\t\t\t<div class=\"elementor-widget-container\">\n\t\t\t\t\t\t\t<div class=\"elementor-spacer\">\n\t\t\t<div class=\"elementor-spacer-inner\"><\/div>\n\t\t<\/div>\n\t\t\t\t\t\t<\/div>\n\t\t\t\t<\/div>\n\t\t\t\t\t<\/div>\n\t\t<\/div>\n\t\t\t\t\t<\/div>\n\t\t<\/section>\n\t\t\t\t<section class=\"elementor-section elementor-inner-section elementor-element elementor-element-d0068d3 elementor-section-boxed elementor-section-height-default elementor-section-height-default\" data-id=\"d0068d3\" data-element_type=\"section\" data-e-type=\"section\">\n\t\t\t\t\t\t<div class=\"elementor-container elementor-column-gap-default\">\n\t\t\t\t\t<div class=\"elementor-column elementor-col-66 elementor-inner-column elementor-element elementor-element-589a4df\" data-id=\"589a4df\" data-element_type=\"column\" data-e-type=\"column\" data-settings=\"{&quot;background_background&quot;:&quot;classic&quot;}\">\n\t\t\t<div class=\"elementor-widget-wrap elementor-element-populated\">\n\t\t\t\t\t\t<div class=\"elementor-element elementor-element-17397ef elementor-widget elementor-widget-heading\" data-id=\"17397ef\" data-element_type=\"widget\" data-e-type=\"widget\" data-widget_type=\"heading.default\">\n\t\t\t\t<div class=\"elementor-widget-container\">\n\t\t\t\t\t<h2 class=\"elementor-heading-title elementor-size-default\">Fl\u00f6jeln sjunger<\/h2>\t\t\t\t<\/div>\n\t\t\t\t<\/div>\n\t\t\t\t<div class=\"elementor-element elementor-element-c149831 elementor-widget elementor-widget-text-editor\" data-id=\"c149831\" data-element_type=\"widget\" data-e-type=\"widget\" data-widget_type=\"text-editor.default\">\n\t\t\t\t<div class=\"elementor-widget-container\">\n\t\t\t\t\t\t\t\t\t<p>Av\u00a0<a href=\"https:\/\/litteraturbanken.se\/skolan\/?page_id=6730\"><em>August Strindberg<\/em><\/a><\/p>\t\t\t\t\t\t\t\t<\/div>\n\t\t\t\t<\/div>\n\t\t\t\t<div class=\"elementor-element elementor-element-a33583f elementor-widget elementor-widget-text-editor\" data-id=\"a33583f\" data-element_type=\"widget\" data-e-type=\"widget\" data-widget_type=\"text-editor.default\">\n\t\t\t\t<div class=\"elementor-widget-container\">\n\t\t\t\t\t\t\t\t\t<p><strong>Ur:<\/strong>\u00a0<em>Samlade verk 51. Ordalek och sm\u00e5konst och annan 1900-talslyrik\u00a0<\/em>(1989)<span style=\"font-size: 15px; letter-spacing: 0.6px;\">\u00a0 \u00a0<\/span><strong>\u00c5rskurs<\/strong>:\u00a07\u20139 \u00a0 <br \/><strong>Tema:<\/strong> Humor och satir<\/p>\t\t\t\t\t\t\t\t<\/div>\n\t\t\t\t<\/div>\n\t\t\t\t<div class=\"elementor-element elementor-element-b29d4fb elementor-widget elementor-widget-text-editor\" data-id=\"b29d4fb\" data-element_type=\"widget\" data-e-type=\"widget\" data-widget_type=\"text-editor.default\">\n\t\t\t\t<div class=\"elementor-widget-container\">\n\t\t\t\t\t\t\t\t\t<div class=\"titlepage\"><p>Det\u00a0sitter\u00a0en\u00a0fl\u00f6jel\u00a0p\u00e5\u00a0ladans\u00a0tak,<br \/>Tobaksladans\u00a0\u2013\u00a0\u2013\u00a0\u2013<br \/>Han\u00a0sjunger\u00a0bara\u00a0rakt\u00a0p\u00e5\u00a0sak<br \/>Vid\u00a0nordlig\u00a0vind\u00a0\u2013\u00a0\u2013\u00a0\u2013<\/p><p>I\u00a0frost,<br \/>Med\u00a0rost-<br \/>igt\u00a0gap;<br \/>Skrap;<br \/>Skrap;<br \/>Det\u00a0\u00e4r\u00a0en\u00a0drake<br \/>P\u00e5\u00a0en\u00a0hake;<br \/>Vassa\u00a0t\u00e4nder;<br \/>Vinden\u00a0v\u00e4nder.<br \/>Vip;<br \/>Rip;<br \/>Lip;<br \/>Lipa.<br \/>Stripa,<br \/>Bladen.<br \/>Va\u00a0sa\u2019\u00a0den?<br \/>Tobaksbladen.<\/p><p>Ala;<br \/>Mala;<br \/>Snus,<br \/>Kardus;<br \/>Karduser<br \/>F\u00f6rtjuser<br \/>Magistern.<br \/>Gardister;<br \/>Sprit,<br \/>Split<br \/>Plit<br \/>P\u00e5\u00a0baln!<br \/>Korpraln!!!<\/p><p>M\u00e4starn,<br \/>Tobaksm\u00e4starn<br \/>P\u00e5\u00a0lur,<br \/>ur,\u00a0ur,\u00a0ur,<br \/>Ursinnig,<br \/>Finnig;<br \/>irr\u00a0irr\u00a0irr<br \/>Klirr;<br \/>Klirrsporre;<br \/>Orre,<br \/>Rus,<br \/>Sinkadus,<br \/>Kris\u00a0\u2013\u00a0\u2013\u00a0\u2013<br \/>Polis!!!<\/p><p>\u00a0\u00a0\u00a0*<\/p><p>Det\u00a0sitter\u00a0en\u00a0fl\u00f6jel\u00a0p\u00e5\u00a0ladans\u00a0tak,<br \/>Tobaksladans<br \/>Han visar stundom mera smak,<br \/>Vid sydlig vind.<\/p><p>H\u00f6st,<br \/>Tr\u00f6st!<br \/>Tr\u00f6sta mej!<br \/>Br\u00f6sta dej<br \/>Ej!<br \/>J\u00e4rn brytes,<br \/>Ljus snytes.<br \/>Du hoppas \u2013<br \/>Du snoppas.<br \/>Draken<br \/>P\u00e5 haken<br \/>Visslar<br \/>Gnisslar<br \/>T\u00e4nder;<br \/>B\u00e4nder ..<br \/>Vicka<br \/>Vricka \u2013<br \/>Err err err,<br \/>Sp\u00e4rr \u2013<br \/>Skall jag sp\u00e4rras?<br \/>F\u00f6rv\u00e4rras<br \/>Slit, slit, slit.<br \/>\u00c4n en bit.<br \/>V\u00e4nster H\u00f6ger<br \/>Rostig Tr\u00f6ger<br \/>Norr och S\u00f6der<br \/>Sorg och D\u00f6der<br \/>Lip,<br \/>Lip.<\/p><\/div>\t\t\t\t\t\t\t\t<\/div>\n\t\t\t\t<\/div>\n\t\t\t\t\t<\/div>\n\t\t<\/div>\n\t\t\t\t<div class=\"elementor-column elementor-col-33 elementor-inner-column elementor-element elementor-element-5d6fc85\" data-id=\"5d6fc85\" data-element_type=\"column\" data-e-type=\"column\">\n\t\t\t<div class=\"elementor-widget-wrap elementor-element-populated\">\n\t\t\t\t\t\t<div class=\"elementor-element elementor-element-50af568 elementor-widget elementor-widget-wp-widget-media_audio\" data-id=\"50af568\" data-element_type=\"widget\" data-e-type=\"widget\" data-widget_type=\"wp-widget-media_audio.default\">\n\t\t\t\t<div class=\"elementor-widget-container\">\n\t\t\t\t\t<h5>Paulina Helgeson l\u00e4ser \u201dFl\u00f6jeln sjunger\u201d av August Strindberg.<\/h5><audio class=\"wp-audio-shortcode\" id=\"audio-6737-1\" preload=\"none\" style=\"width: 100%;\" controls=\"controls\"><source type=\"audio\/mpeg\" src=\"https:\/\/litteraturbanken.se\/skolan\/wp-content\/uploads\/2019\/03\/strindberg_flojelnsjunger_helgeson.mp3?_=1\" \/><source type=\"audio\/mpeg\" src=\"https:\/\/litteraturbanken.se\/skolan\/wp-content\/uploads\/2019\/03\/strindberg_flojelnsjunger_helgeson.mp3?_=1\" \/><a href=\"https:\/\/litteraturbanken.se\/skolan\/wp-content\/uploads\/2019\/03\/strindberg_flojelnsjunger_helgeson.mp3\">https:\/\/litteraturbanken.se\/skolan\/wp-content\/uploads\/2019\/03\/strindberg_flojelnsjunger_helgeson.mp3<\/a><\/audio>\t\t\t\t<\/div>\n\t\t\t\t<\/div>\n\t\t\t\t<div class=\"elementor-element elementor-element-0010f85 elementor-icon-list--layout-traditional elementor-list-item-link-full_width elementor-widget elementor-widget-icon-list\" data-id=\"0010f85\" data-element_type=\"widget\" data-e-type=\"widget\" data-widget_type=\"icon-list.default\">\n\t\t\t\t<div class=\"elementor-widget-container\">\n\t\t\t\t\t\t\t<ul class=\"elementor-icon-list-items\">\n\t\t\t\t\t\t\t<li class=\"elementor-icon-list-item\">\n\t\t\t\t\t\t\t\t\t\t\t<a href=\"https:\/\/litteraturbanken.se\/forfattare\/StrindbergA\/titlar\/OrdalekOchSmakonst\/sida\/41\/etext\" target=\"_blank\">\n\n\t\t\t\t\t\t\t\t\t\t\t\t<span class=\"elementor-icon-list-icon\">\n\t\t\t\t\t\t\t\t\t\t\t\t\t\t\t\t<i class=\"fa fa-file-text-o\" aria-hidden=\"true\"><\/i>\n\t\t\t\t\t\t\t\t\t\t\t\t\t<\/span>\n\t\t\t\t\t\t\t\t\t\t<span class=\"elementor-icon-list-text\">L\u00e4s dikten p\u00e5 Litteraturbanken<\/span>\n\t\t\t\t\t\t\t\t\t\t\t<\/a>\n\t\t\t\t\t\t\t\t\t<\/li>\n\t\t\t\t\t\t\t\t<li class=\"elementor-icon-list-item\">\n\t\t\t\t\t\t\t\t\t\t\t<a href=\"https:\/\/litteraturbanken.se\/skolan\/?page_id=261\" target=\"_blank\">\n\n\t\t\t\t\t\t\t\t\t\t\t\t<span class=\"elementor-icon-list-icon\">\n\t\t\t\t\t\t\t\t\t\t\t\t\t\t\t\t<i class=\"fa fa-file-text-o\" aria-hidden=\"true\"><\/i>\n\t\t\t\t\t\t\t\t\t\t\t\t\t<\/span>\n\t\t\t\t\t\t\t\t\t\t<span class=\"elementor-icon-list-text\">Termer och begrepp<\/span>\n\t\t\t\t\t\t\t\t\t\t\t<\/a>\n\t\t\t\t\t\t\t\t\t<\/li>\n\t\t\t\t\t\t<\/ul>\n\t\t\t\t\t\t<\/div>\n\t\t\t\t<\/div>\n\t\t\t\t<div class=\"elementor-element elementor-element-abfafe4 elementor-align-center elementor-widget elementor-widget-button\" data-id=\"abfafe4\" data-element_type=\"widget\" data-e-type=\"widget\" data-widget_type=\"button.default\">\n\t\t\t\t<div class=\"elementor-widget-container\">\n\t\t\t\t\t\t\t\t\t<div class=\"elementor-button-wrapper\">\n\t\t\t\t\t<a class=\"elementor-button elementor-button-link elementor-size-md elementor-animation-grow\" href=\"#7\">\n\t\t\t\t\t\t<span class=\"elementor-button-content-wrapper\">\n\t\t\t\t\t\t<span class=\"elementor-button-icon\">\n\t\t\t\t\t\t\t\t\t<i class=\"fa fa-pencil\" aria-hidden=\"true\"><\/i>\n\t\t\t\t\t\t\t<\/span>\n\t\t\t\t\t\t\t\t\t<span class=\"elementor-button-text\">Uppgift, \u00c5k 7\u20139<\/span>\n\t\t\t\t\t<\/span>\n\t\t\t\t\t<\/a>\n\t\t\t\t<\/div>\n\t\t\t\t\t\t\t\t<\/div>\n\t\t\t\t<\/div>\n\t\t\t\t<div class=\"elementor-element elementor-element-7662f95 elementor-widget elementor-widget-image\" data-id=\"7662f95\" data-element_type=\"widget\" data-e-type=\"widget\" data-widget_type=\"image.default\">\n\t\t\t\t<div class=\"elementor-widget-container\">\n\t\t\t\t\t\t\t\t\t\t\t\t\t\t\t<img fetchpriority=\"high\" decoding=\"async\" width=\"300\" height=\"300\" src=\"https:\/\/litteraturbanken.se\/skolan\/wp-content\/uploads\/2019\/03\/lb_skolan_2019_knapp_f\u00f6rfattarbild_strindberg_gr\u00f6n-e1553013241668.jpg\" class=\"attachment-full size-full wp-image-13784\" alt=\"\" \/>\t\t\t\t\t\t\t\t\t\t\t\t\t\t\t<\/div>\n\t\t\t\t<\/div>\n\t\t\t\t\t<\/div>\n\t\t<\/div>\n\t\t\t\t\t<\/div>\n\t\t<\/section>\n\t\t\t\t<section class=\"elementor-section elementor-top-section elementor-element elementor-element-5c5ba89 elementor-section-boxed elementor-section-height-default elementor-section-height-default\" data-id=\"5c5ba89\" data-element_type=\"section\" data-e-type=\"section\">\n\t\t\t\t\t\t<div class=\"elementor-container elementor-column-gap-default\">\n\t\t\t\t\t<div class=\"elementor-column elementor-col-100 elementor-top-column elementor-element elementor-element-88bb5e9\" data-id=\"88bb5e9\" data-element_type=\"column\" data-e-type=\"column\">\n\t\t\t<div class=\"elementor-widget-wrap elementor-element-populated\">\n\t\t\t\t\t\t<div class=\"elementor-element elementor-element-9606f1d elementor-widget elementor-widget-spacer\" data-id=\"9606f1d\" data-element_type=\"widget\" data-e-type=\"widget\" data-widget_type=\"spacer.default\">\n\t\t\t\t<div class=\"elementor-widget-container\">\n\t\t\t\t\t\t\t<div class=\"elementor-spacer\">\n\t\t\t<div class=\"elementor-spacer-inner\"><\/div>\n\t\t<\/div>\n\t\t\t\t\t\t<\/div>\n\t\t\t\t<\/div>\n\t\t\t\t\t<\/div>\n\t\t<\/div>\n\t\t\t\t\t<\/div>\n\t\t<\/section>\n\t\t\t\t<section class=\"elementor-section elementor-top-section elementor-element elementor-element-fbb9bbb elementor-section-boxed elementor-section-height-default elementor-section-height-default\" data-id=\"fbb9bbb\" data-element_type=\"section\" data-e-type=\"section\">\n\t\t\t\t\t\t<div class=\"elementor-container elementor-column-gap-default\">\n\t\t\t\t\t<div class=\"elementor-column elementor-col-100 elementor-top-column elementor-element elementor-element-59052c5\" data-id=\"59052c5\" data-element_type=\"column\" data-e-type=\"column\" data-settings=\"{&quot;background_background&quot;:&quot;classic&quot;}\">\n\t\t\t<div class=\"elementor-widget-wrap elementor-element-populated\">\n\t\t\t\t\t\t<div class=\"elementor-element elementor-element-57b9aa0 elementor-widget elementor-widget-menu-anchor\" data-id=\"57b9aa0\" data-element_type=\"widget\" data-e-type=\"widget\" data-widget_type=\"menu-anchor.default\">\n\t\t\t\t<div class=\"elementor-widget-container\">\n\t\t\t\t\t\t\t<div class=\"elementor-menu-anchor\" id=\"7\"><\/div>\n\t\t\t\t\t\t<\/div>\n\t\t\t\t<\/div>\n\t\t\t\t<section class=\"elementor-section elementor-inner-section elementor-element elementor-element-56a548b elementor-section-boxed elementor-section-height-default elementor-section-height-default\" data-id=\"56a548b\" data-element_type=\"section\" data-e-type=\"section\">\n\t\t\t\t\t\t<div class=\"elementor-container elementor-column-gap-default\">\n\t\t\t\t\t<div class=\"elementor-column elementor-col-100 elementor-inner-column elementor-element elementor-element-0e185a5\" data-id=\"0e185a5\" data-element_type=\"column\" data-e-type=\"column\">\n\t\t\t<div class=\"elementor-widget-wrap elementor-element-populated\">\n\t\t\t\t\t\t<div class=\"elementor-element elementor-element-945fcab elementor-view-framed elementor-shape-circle elementor-widget elementor-widget-icon\" data-id=\"945fcab\" data-element_type=\"widget\" data-e-type=\"widget\" data-widget_type=\"icon.default\">\n\t\t\t\t<div class=\"elementor-widget-container\">\n\t\t\t\t\t\t\t<div class=\"elementor-icon-wrapper\">\n\t\t\t<div class=\"elementor-icon\">\n\t\t\t\t\t\t\t<i class=\"fa fa-pencil\" aria-hidden=\"true\"><\/i>\n\t\t\t\t\t\t<\/div>\n\t\t<\/div>\n\t\t\t\t\t\t<\/div>\n\t\t\t\t<\/div>\n\t\t\t\t<div class=\"elementor-element elementor-element-ebc6d2c elementor-widget elementor-widget-toggle\" data-id=\"ebc6d2c\" data-element_type=\"widget\" data-e-type=\"widget\" data-widget_type=\"toggle.default\">\n\t\t\t\t<div class=\"elementor-widget-container\">\n\t\t\t\t\t\t\t<div class=\"elementor-toggle\">\n\t\t\t\t\t\t\t<div class=\"elementor-toggle-item\">\n\t\t\t\t\t<div id=\"elementor-tab-title-2471\" class=\"elementor-tab-title\" data-tab=\"1\" role=\"button\" aria-controls=\"elementor-tab-content-2471\" aria-expanded=\"false\">\n\t\t\t\t\t\t\t\t\t\t\t\t<span class=\"elementor-toggle-icon elementor-toggle-icon-left\" aria-hidden=\"true\">\n\t\t\t\t\t\t\t\t\t\t\t\t\t\t\t<i class=\"elementor-toggle-icon-closed fa fa-chevron-right\"><\/i>\n\t\t\t\t\t\t\t\t<i class=\"elementor-toggle-icon-opened fa fa-chevron-down\"><\/i>\n\t\t\t\t\t\t\t\t\t\t\t\t\t<\/span>\n\t\t\t\t\t\t\t\t\t\t\t\t<a class=\"elementor-toggle-title\" tabindex=\"0\">\u00c5rskurs 7\u20139<\/a>\n\t\t\t\t\t<\/div>\n\n\t\t\t\t\t<div id=\"elementor-tab-content-2471\" class=\"elementor-tab-content elementor-clearfix\" data-tab=\"1\" role=\"region\" aria-labelledby=\"elementor-tab-title-2471\"><p>1 Ta reda p\u00e5 vad en vindfl\u00f6jel \u00e4r.<\/p><p>2 Vad menas med \u201dtobaksladan\u201d?<\/p><p>3 Hur beskrivs fl\u00f6jeln?<\/p><p>4 Vad \u00e4r det fl\u00f6jeln f\u00f6rs\u00f6ker s\u00e4ga?<\/p><p>5 Anv\u00e4nd orden i fl\u00f6jelns s\u00e5ng och fyll p\u00e5 med egna ord till en ber\u00e4ttelse.<\/p><\/div>\n\t\t\t\t<\/div>\n\t\t\t\t\t\t\t\t<\/div>\n\t\t\t\t\t\t<\/div>\n\t\t\t\t<\/div>\n\t\t\t\t\t<\/div>\n\t\t<\/div>\n\t\t\t\t\t<\/div>\n\t\t<\/section>\n\t\t\t\t<div class=\"elementor-element elementor-element-5c8ab3f elementor-widget elementor-widget-spacer\" data-id=\"5c8ab3f\" data-element_type=\"widget\" data-e-type=\"widget\" data-widget_type=\"spacer.default\">\n\t\t\t\t<div class=\"elementor-widget-container\">\n\t\t\t\t\t\t\t<div class=\"elementor-spacer\">\n\t\t\t<div class=\"elementor-spacer-inner\"><\/div>\n\t\t<\/div>\n\t\t\t\t\t\t<\/div>\n\t\t\t\t<\/div>\n\t\t\t\t\t<\/div>\n\t\t<\/div>\n\t\t\t\t\t<\/div>\n\t\t<\/section>\n\t\t\t\t<\/div>\n\t\t","protected":false},"excerpt":{"rendered":"<p>Fl\u00f6jeln sjunger Av\u00a0August Strindberg Ur:\u00a0Samlade verk 51. Ordalek och sm\u00e5konst och annan 1900-talslyrik\u00a0(1989)\u00a0 \u00a0\u00c5rskurs:\u00a07\u20139 \u00a0 Tema: Humor och satir Det\u00a0sitter\u00a0en\u00a0fl\u00f6jel\u00a0p\u00e5\u00a0ladans\u00a0tak,Tobaksladans\u00a0\u2013\u00a0\u2013\u00a0\u2013Han\u00a0sjunger\u00a0bara\u00a0rakt\u00a0p\u00e5\u00a0sakVid\u00a0nordlig\u00a0vind\u00a0\u2013\u00a0\u2013\u00a0\u2013 I\u00a0frost,Med\u00a0rost-igt\u00a0gap;Skrap;Skrap;Det\u00a0\u00e4r\u00a0en\u00a0drakeP\u00e5\u00a0en\u00a0hake;Vassa\u00a0t\u00e4nder;Vinden\u00a0v\u00e4nder.Vip;Rip;Lip;Lipa.Stripa,Bladen.Va\u00a0sa\u2019\u00a0den?Tobaksbladen. Ala;Mala;Snus,Kardus;KarduserF\u00f6rtjuserMagistern.Gardister;Sprit,SplitPlitP\u00e5\u00a0baln!Korpraln!!! M\u00e4starn,Tobaksm\u00e4starnP\u00e5\u00a0lur,ur,\u00a0ur,\u00a0ur,Ursinnig,Finnig;irr\u00a0irr\u00a0irrKlirr;Klirrsporre;Orre,Rus,Sinkadus,Kris\u00a0\u2013\u00a0\u2013\u00a0\u2013Polis!!! \u00a0\u00a0\u00a0* Det\u00a0sitter\u00a0en\u00a0fl\u00f6jel\u00a0p\u00e5\u00a0ladans\u00a0tak,TobaksladansHan visar stundom mera smak,Vid sydlig vind. H\u00f6st,Tr\u00f6st!Tr\u00f6sta mej!Br\u00f6sta dejEj!J\u00e4rn brytes,Ljus snytes.Du hoppas \u2013Du snoppas.DrakenP\u00e5 hakenVisslarGnisslarT\u00e4nder;B\u00e4nder ..VickaVricka \u2013Err err err,Sp\u00e4rr \u2013Skall jag sp\u00e4rras?F\u00f6rv\u00e4rrasSlit, slit, slit.\u00c4n en bit.V\u00e4nster H\u00f6gerRostig Tr\u00f6gerNorr och S\u00f6derSorg [&hellip;]<\/p>\n","protected":false},"author":5,"featured_media":0,"parent":0,"menu_order":0,"comment_status":"closed","ping_status":"closed","template":"","meta":{"ocean_post_layout":"full-screen","ocean_both_sidebars_style":"","ocean_both_sidebars_content_width":0,"ocean_both_sidebars_sidebars_width":0,"ocean_sidebar":"0","ocean_second_sidebar":"0","ocean_disable_margins":"enable","ocean_add_body_class":"","ocean_shortcode_before_top_bar":"","ocean_shortcode_after_top_bar":"","ocean_shortcode_before_header":"","ocean_shortcode_after_header":"","ocean_has_shortcode":"","ocean_shortcode_after_title":"","ocean_shortcode_before_footer_widgets":"","ocean_shortcode_after_footer_widgets":"","ocean_shortcode_before_footer_bottom":"","ocean_shortcode_after_footer_bottom":"","ocean_display_top_bar":"default","ocean_display_header":"default","ocean_header_style":"","ocean_center_header_left_menu":"0","ocean_custom_header_template":"0","ocean_custom_logo":0,"ocean_custom_retina_logo":0,"ocean_custom_logo_max_width":0,"ocean_custom_logo_tablet_max_width":0,"ocean_custom_logo_mobile_max_width":0,"ocean_custom_logo_max_height":0,"ocean_custom_logo_tablet_max_height":0,"ocean_custom_logo_mobile_max_height":0,"ocean_header_custom_menu":"0","ocean_menu_typo_font_family":"0","ocean_menu_typo_font_subset":"","ocean_menu_typo_font_size":0,"ocean_menu_typo_font_size_tablet":0,"ocean_menu_typo_font_size_mobile":0,"ocean_menu_typo_font_size_unit":"px","ocean_menu_typo_font_weight":"","ocean_menu_typo_font_weight_tablet":"","ocean_menu_typo_font_weight_mobile":"","ocean_menu_typo_transform":"","ocean_menu_typo_transform_tablet":"","ocean_menu_typo_transform_mobile":"","ocean_menu_typo_line_height":0,"ocean_menu_typo_line_height_tablet":0,"ocean_menu_typo_line_height_mobile":0,"ocean_menu_typo_line_height_unit":"","ocean_menu_typo_spacing":0,"ocean_menu_typo_spacing_tablet":0,"ocean_menu_typo_spacing_mobile":0,"ocean_menu_typo_spacing_unit":"","ocean_menu_link_color":"","ocean_menu_link_color_hover":"","ocean_menu_link_color_active":"","ocean_menu_link_background":"","ocean_menu_link_hover_background":"","ocean_menu_link_active_background":"","ocean_menu_social_links_bg":"","ocean_menu_social_hover_links_bg":"","ocean_menu_social_links_color":"","ocean_menu_social_hover_links_color":"","ocean_disable_title":"on","ocean_disable_heading":"default","ocean_post_title":"","ocean_post_subheading":"","ocean_post_title_style":"","ocean_post_title_background_color":"","ocean_post_title_background":0,"ocean_post_title_bg_image_position":"","ocean_post_title_bg_image_attachment":"","ocean_post_title_bg_image_repeat":"","ocean_post_title_bg_image_size":"","ocean_post_title_height":0,"ocean_post_title_bg_overlay":0.5,"ocean_post_title_bg_overlay_color":"","ocean_disable_breadcrumbs":"default","ocean_breadcrumbs_color":"","ocean_breadcrumbs_separator_color":"","ocean_breadcrumbs_links_color":"","ocean_breadcrumbs_links_hover_color":"","ocean_display_footer_widgets":"default","ocean_display_footer_bottom":"default","ocean_custom_footer_template":"0","footnotes":""},"class_list":["post-6737","page","type-page","status-publish","hentry","entry"],"_links":{"self":[{"href":"https:\/\/litteraturbanken.se\/skolan\/wp-json\/wp\/v2\/pages\/6737","targetHints":{"allow":["GET"]}}],"collection":[{"href":"https:\/\/litteraturbanken.se\/skolan\/wp-json\/wp\/v2\/pages"}],"about":[{"href":"https:\/\/litteraturbanken.se\/skolan\/wp-json\/wp\/v2\/types\/page"}],"author":[{"embeddable":true,"href":"https:\/\/litteraturbanken.se\/skolan\/wp-json\/wp\/v2\/users\/5"}],"replies":[{"embeddable":true,"href":"https:\/\/litteraturbanken.se\/skolan\/wp-json\/wp\/v2\/comments?post=6737"}],"version-history":[{"count":26,"href":"https:\/\/litteraturbanken.se\/skolan\/wp-json\/wp\/v2\/pages\/6737\/revisions"}],"predecessor-version":[{"id":21485,"href":"https:\/\/litteraturbanken.se\/skolan\/wp-json\/wp\/v2\/pages\/6737\/revisions\/21485"}],"wp:attachment":[{"href":"https:\/\/litteraturbanken.se\/skolan\/wp-json\/wp\/v2\/media?parent=6737"}],"curies":[{"name":"wp","href":"https:\/\/api.w.org\/{rel}","templated":true}]}}