{"id":6757,"date":"2018-10-09T23:05:35","date_gmt":"2018-10-09T21:05:35","guid":{"rendered":"https:\/\/litteraturbanken.se\/skoladev\/?page_id=6757"},"modified":"2020-02-10T10:53:24","modified_gmt":"2020-02-10T09:53:24","slug":"poesi-forfattare-verner-von-heidenstam-kon-gulleborg","status":"publish","type":"page","link":"https:\/\/litteraturbanken.se\/skolan\/poesi-forfattare-verner-von-heidenstam-kon-gulleborg\/","title":{"rendered":"Poesi\/F\u00f6rfattare\/Verner von Heidenstam\/Kon Gulleborg"},"content":{"rendered":"\t\t<div data-elementor-type=\"wp-post\" data-elementor-id=\"6757\" class=\"elementor elementor-6757\">\n\t\t\t\t\t\t<section class=\"elementor-section elementor-top-section elementor-element elementor-element-1598e1a elementor-section-boxed elementor-section-height-default elementor-section-height-default\" data-id=\"1598e1a\" data-element_type=\"section\" data-e-type=\"section\">\n\t\t\t\t\t\t<div class=\"elementor-container elementor-column-gap-default\">\n\t\t\t\t\t<div class=\"elementor-column elementor-col-100 elementor-top-column elementor-element elementor-element-9f04de1\" data-id=\"9f04de1\" data-element_type=\"column\" data-e-type=\"column\">\n\t\t\t<div class=\"elementor-widget-wrap elementor-element-populated\">\n\t\t\t\t\t\t<div class=\"elementor-element elementor-element-59905c5 elementor-widget elementor-widget-spacer\" data-id=\"59905c5\" data-element_type=\"widget\" data-e-type=\"widget\" data-widget_type=\"spacer.default\">\n\t\t\t\t<div class=\"elementor-widget-container\">\n\t\t\t\t\t\t\t<div class=\"elementor-spacer\">\n\t\t\t<div class=\"elementor-spacer-inner\"><\/div>\n\t\t<\/div>\n\t\t\t\t\t\t<\/div>\n\t\t\t\t<\/div>\n\t\t\t\t\t<\/div>\n\t\t<\/div>\n\t\t\t\t\t<\/div>\n\t\t<\/section>\n\t\t\t\t<section class=\"elementor-section elementor-inner-section elementor-element elementor-element-1c69e44 elementor-section-boxed elementor-section-height-default elementor-section-height-default\" data-id=\"1c69e44\" data-element_type=\"section\" data-e-type=\"section\">\n\t\t\t\t\t\t<div class=\"elementor-container elementor-column-gap-default\">\n\t\t\t\t\t<div class=\"elementor-column elementor-col-66 elementor-inner-column elementor-element elementor-element-5f4b57b\" data-id=\"5f4b57b\" data-element_type=\"column\" data-e-type=\"column\" data-settings=\"{&quot;background_background&quot;:&quot;classic&quot;}\">\n\t\t\t<div class=\"elementor-widget-wrap elementor-element-populated\">\n\t\t\t\t\t\t<div class=\"elementor-element elementor-element-c827e38 elementor-widget elementor-widget-heading\" data-id=\"c827e38\" data-element_type=\"widget\" data-e-type=\"widget\" data-widget_type=\"heading.default\">\n\t\t\t\t<div class=\"elementor-widget-container\">\n\t\t\t\t\t<h2 class=\"elementor-heading-title elementor-size-default\">Kon Gulleborg<\/h2>\t\t\t\t<\/div>\n\t\t\t\t<\/div>\n\t\t\t\t<div class=\"elementor-element elementor-element-8c1d81d elementor-widget elementor-widget-text-editor\" data-id=\"8c1d81d\" data-element_type=\"widget\" data-e-type=\"widget\" data-widget_type=\"text-editor.default\">\n\t\t\t\t<div class=\"elementor-widget-container\">\n\t\t\t\t\t\t\t\t\t<p>Av <a href=\"https:\/\/litteraturbanken.se\/skolan\/?page_id=124\"><em>Verner von Heidenstam<\/em><\/a><\/p>\t\t\t\t\t\t\t\t<\/div>\n\t\t\t\t<\/div>\n\t\t\t\t<div class=\"elementor-element elementor-element-df8737c elementor-widget elementor-widget-text-editor\" data-id=\"df8737c\" data-element_type=\"widget\" data-e-type=\"widget\" data-widget_type=\"text-editor.default\">\n\t\t\t\t<div class=\"elementor-widget-container\">\n\t\t\t\t\t\t\t\t\t<p><strong>Ur:\u00a0<\/strong><em>Dikter\u00a0<\/em><a class=\"title ng-binding\"><span class=\"ng-binding\" aria-hidden=\"false\">(1895)<\/span><\/a><span style=\"font-size: 15px; letter-spacing: 0.6px;\">\u00a0\u00a0<\/span><strong>\u00c5rskurs:\u00a0<\/strong>7\u20139\u00a0\u00a0<strong>Tema:<\/strong>\u00a0Folktro och skr\u00e4ck<\/p>\t\t\t\t\t\t\t\t<\/div>\n\t\t\t\t<\/div>\n\t\t\t\t<div class=\"elementor-element elementor-element-2f10655 elementor-widget elementor-widget-text-editor\" data-id=\"2f10655\" data-element_type=\"widget\" data-e-type=\"widget\" data-widget_type=\"text-editor.default\">\n\t\t\t\t<div class=\"elementor-widget-container\">\n\t\t\t\t\t\t\t\t\t<div class=\"titlepage\"><p>Det\u00a0\u00e4r\u00a0f\u00f6rbi\u00a0med\u00a0m\u00e5nga\u00a0troll.<br \/>De\u00a0m\u00e4ktiga,\u00a0som\u00a0trygga<br \/>p\u00e5\u00a0vintergatans\u00a0brygga<br \/>med\u00a0sol\u00a0och\u00a0stj\u00e4rnor\u00a0slogo\u00a0boll,<br \/>och\u00a0pysslingar\u00a0och\u00a0pyren,<br \/>som\u00a0sm\u00f6go\u00a0kring\u00a0med\u00a0gram\u00a0och\u00a0groll<br \/>i\u00a0ljungen\u00a0och\u00a0p\u00e5\u00a0myren,<br \/>de\u00a0schasas\u00a0bort\u00a0\u00e5t\u00a0alla\u00a0h\u00e5ll.<br \/><br \/>Men\u00a0n\u00e4r\u00a0en\u00a0natt\u00a0i\u00a0skogen<br \/>jag\u00a0ser\u00a0den\u00a0gamla\u00a0logen,<br \/>som\u00a0byggd\u00a0av\u00a0forna\u00a0j\u00e4ttetr\u00e4d<br \/>st\u00e5r\u00a0kvar,\u00a0d\u00e4r\u00a0torpet\u00a0brunnit\u00a0ned,<br \/>d\u00e5\u00a0rasslar\u00a0det\u00a0och\u00a0rullar;<br \/>ty\u00a0det\u00a0finns\u00a0troll,\u00a0som\u00a0aldrig\u00a0d\u00f6<br \/>men\u00a0gr\u00e4va\u00a0g\u00e5ngar\u00a0under\u00a0h\u00f6<br \/>p\u00e5\u00a0logar\u00a0och\u00a0p\u00e5\u00a0skullar.<br \/>De\u00a0ha\u00a0ej\u00a0f\u00f6tter\u00a0till\u00a0att\u00a0g\u00e5.<br \/>Likt\u00a0s\u00e4larna\u00a0i\u00a0havets\u00a0bl\u00e5,<br \/>fast\u00a0med\u00a0en\u00a0kvinnas\u00a0l\u00e4ppar<br \/>och\u00a0gyllne\u00a0\u00f6ronkl\u00e4ppar,<br \/>de\u00a0dyka\u00a0upp\u00a0bland\u00a0ax\u00a0och\u00a0str\u00e5<br \/>och\u00a0deras\u00a0smycken\u00a0klirra.<br \/>Som\u00a0bark\u00a0s\u00e5\u00a0r\u00f6d\u00a0st\u00e5r\u00a0pannans\u00a0lugg<br \/>och\u00a0fr\u00e5n\u00a0var\u00a0springa\u00a0och\u00a0var\u00a0glugg<br \/>de\u00a0\u00f6ver\u00a0v\u00e4gen\u00a0stirra.<br \/><br \/>Med\u00a0ens\u00a0de\u00a0st\u00e4mma\u00a0i\u00a0ett\u00a0skrik<br \/>och\u00a0svaras\u00a0av\u00a0en\u00a0sk\u00e4lla,<br \/>som\u00a0flyr\u00a0och\u00a0flyr\u00a0vid\u00a0k\u00e4rrets\u00a0vik<br \/>bland\u00a0tr\u00e4den\u00a0med\u00a0sin\u00a0g\u00e4lla<br \/>och\u00a0snabba\u00a0och\u00a0f\u00f6rskr\u00e4mda\u00a0klang.<br \/>Det\u00a0\u00e4r\u00a0kon\u00a0Gulleborg,\u00a0som\u00a0sprang<br \/>till\u00a0skogs\u00a0p\u00e5\u00a0vallg\u00e5ngsdagen.<br \/>Men\u00a0ej\u00a0den\u00a0dagen\u00a0sken\u00a0ig\u00e5r,<br \/>ty\u00a0flickorna\u00a0i\u00a0hagen,<br \/>de\u00a0h\u00f6rt\u00a0fr\u00e5n\u00a0\u00f6demarkens\u00a0sn\u00e5r<br \/>sen\u00a0fyra\u00a0hundra\u00a0l\u00e5nga\u00a0\u00e5r<br \/>de\u00a0rostet\u00a0brustna\u00a0slagen.<br \/>Och\u00a0barnen\u00a0h\u00f6rt\u00a0dem\u00a0vid\u00a0sin\u00a0korg<br \/>i\u00a0hallonrisets\u00a0skreva.<br \/>Kon\u00a0Gulleborg,\u00a0kon\u00a0Gulleborg<br \/>hon\u00a0minns\u00a0ej\u00a0b\u00e5s\u00a0och\u00a0st\u00e4va.<br \/>Bland\u00a0fur\u00a0och\u00a0gran\u00a0hon\u00a0flyr\u00a0och\u00a0flyr<br \/>och\u00a0ryggens\u00a0vita\u00a0strimma<br \/>f\u00f6rsvinner\u00a0\u00f6ver\u00a0\u00f6de\u00a0myr<br \/>i\u00a0sommarnattens\u00a0dimma.<br \/>Och\u00a0stj\u00e4rnorna\u00a0de\u00a0glimma<br \/>och\u00a0vallargossens\u00a0v\u00e4g\u00a0blir\u00a0l\u00e5ng<br \/>tills\u00a0trastens\u00a0f\u00f6rsta\u00a0djupa\u00a0s\u00e5ng<br \/>beb\u00e5dar\u00a0solens\u00a0timma.<\/p><\/div>\t\t\t\t\t\t\t\t<\/div>\n\t\t\t\t<\/div>\n\t\t\t\t\t<\/div>\n\t\t<\/div>\n\t\t\t\t<div class=\"elementor-column elementor-col-33 elementor-inner-column elementor-element elementor-element-8350cb5\" data-id=\"8350cb5\" data-element_type=\"column\" data-e-type=\"column\">\n\t\t\t<div class=\"elementor-widget-wrap elementor-element-populated\">\n\t\t\t\t\t\t<div class=\"elementor-element elementor-element-9f6b719 elementor-widget elementor-widget-wp-widget-media_audio\" data-id=\"9f6b719\" data-element_type=\"widget\" data-e-type=\"widget\" data-widget_type=\"wp-widget-media_audio.default\">\n\t\t\t\t<div class=\"elementor-widget-container\">\n\t\t\t\t\t<h5>Dick Cla\u00e9sson l\u00e4ser \u201dKon Gulleborg\u201d av Verner von Heidenstam.<\/h5><audio class=\"wp-audio-shortcode\" id=\"audio-6757-1\" preload=\"none\" style=\"width: 100%;\" controls=\"controls\"><source type=\"audio\/mpeg\" src=\"https:\/\/litteraturbanken.se\/skolan\/wp-content\/uploads\/2019\/03\/heidenstam_kongulleborg_claesson.mp3?_=1\" \/><source type=\"audio\/mpeg\" src=\"https:\/\/litteraturbanken.se\/skolan\/wp-content\/uploads\/2019\/03\/heidenstam_kongulleborg_claesson.mp3?_=1\" \/><a href=\"https:\/\/litteraturbanken.se\/skolan\/wp-content\/uploads\/2019\/03\/heidenstam_kongulleborg_claesson.mp3\">https:\/\/litteraturbanken.se\/skolan\/wp-content\/uploads\/2019\/03\/heidenstam_kongulleborg_claesson.mp3<\/a><\/audio>\t\t\t\t<\/div>\n\t\t\t\t<\/div>\n\t\t\t\t<div class=\"elementor-element elementor-element-89f566c elementor-icon-list--layout-traditional elementor-list-item-link-full_width elementor-widget elementor-widget-icon-list\" data-id=\"89f566c\" data-element_type=\"widget\" data-e-type=\"widget\" data-widget_type=\"icon-list.default\">\n\t\t\t\t<div class=\"elementor-widget-container\">\n\t\t\t\t\t\t\t<ul class=\"elementor-icon-list-items\">\n\t\t\t\t\t\t\t<li class=\"elementor-icon-list-item\">\n\t\t\t\t\t\t\t\t\t\t\t<a href=\"https:\/\/litteraturbanken.se\/forfattare\/HeidenstamV\/titlar\/Dikter\/sida\/53\/etext\" target=\"_blank\">\n\n\t\t\t\t\t\t\t\t\t\t\t\t<span class=\"elementor-icon-list-icon\">\n\t\t\t\t\t\t\t\t\t\t\t\t\t\t\t\t<i class=\"fa fa-file-text-o\" aria-hidden=\"true\"><\/i>\n\t\t\t\t\t\t\t\t\t\t\t\t\t<\/span>\n\t\t\t\t\t\t\t\t\t\t<span class=\"elementor-icon-list-text\">L\u00e4s dikten p\u00e5 Litteraturbanken<\/span>\n\t\t\t\t\t\t\t\t\t\t\t<\/a>\n\t\t\t\t\t\t\t\t\t<\/li>\n\t\t\t\t\t\t\t\t<li class=\"elementor-icon-list-item\">\n\t\t\t\t\t\t\t\t\t\t\t<a href=\"https:\/\/litteraturbanken.se\/skolan\/?page_id=261\" target=\"_blank\">\n\n\t\t\t\t\t\t\t\t\t\t\t\t<span class=\"elementor-icon-list-icon\">\n\t\t\t\t\t\t\t\t\t\t\t\t\t\t\t\t<i class=\"fa fa-file-text-o\" aria-hidden=\"true\"><\/i>\n\t\t\t\t\t\t\t\t\t\t\t\t\t<\/span>\n\t\t\t\t\t\t\t\t\t\t<span class=\"elementor-icon-list-text\">Termer och begrepp<\/span>\n\t\t\t\t\t\t\t\t\t\t\t<\/a>\n\t\t\t\t\t\t\t\t\t<\/li>\n\t\t\t\t\t\t<\/ul>\n\t\t\t\t\t\t<\/div>\n\t\t\t\t<\/div>\n\t\t\t\t<div class=\"elementor-element elementor-element-69e5609 elementor-align-center elementor-widget elementor-widget-button\" data-id=\"69e5609\" data-element_type=\"widget\" data-e-type=\"widget\" data-widget_type=\"button.default\">\n\t\t\t\t<div class=\"elementor-widget-container\">\n\t\t\t\t\t\t\t\t\t<div class=\"elementor-button-wrapper\">\n\t\t\t\t\t<a class=\"elementor-button elementor-button-link elementor-size-md elementor-animation-grow\" href=\"#7\">\n\t\t\t\t\t\t<span class=\"elementor-button-content-wrapper\">\n\t\t\t\t\t\t<span class=\"elementor-button-icon\">\n\t\t\t\t\t\t\t\t\t<i class=\"fa fa-pencil\" aria-hidden=\"true\"><\/i>\n\t\t\t\t\t\t\t<\/span>\n\t\t\t\t\t\t\t\t\t<span class=\"elementor-button-text\">Uppgift, \u00c5k 7\u20139<\/span>\n\t\t\t\t\t<\/span>\n\t\t\t\t\t<\/a>\n\t\t\t\t<\/div>\n\t\t\t\t\t\t\t\t<\/div>\n\t\t\t\t<\/div>\n\t\t\t\t<div class=\"elementor-element elementor-element-2e4f3d8 elementor-widget elementor-widget-image\" data-id=\"2e4f3d8\" data-element_type=\"widget\" data-e-type=\"widget\" data-widget_type=\"image.default\">\n\t\t\t\t<div class=\"elementor-widget-container\">\n\t\t\t\t\t\t\t\t\t\t\t\t\t\t\t<img fetchpriority=\"high\" decoding=\"async\" width=\"300\" height=\"300\" src=\"https:\/\/litteraturbanken.se\/skolan\/wp-content\/uploads\/2019\/03\/lb_skolan_2019_knapp_f\u00f6rfattarbild_heidenstam_gr\u00f6n-e1553013788370.jpg\" class=\"attachment-full size-full wp-image-13711\" alt=\"\" \/>\t\t\t\t\t\t\t\t\t\t\t\t\t\t\t<\/div>\n\t\t\t\t<\/div>\n\t\t\t\t\t<\/div>\n\t\t<\/div>\n\t\t\t\t\t<\/div>\n\t\t<\/section>\n\t\t\t\t<section class=\"elementor-section elementor-top-section elementor-element elementor-element-74214d0 elementor-section-boxed elementor-section-height-default elementor-section-height-default\" data-id=\"74214d0\" data-element_type=\"section\" data-e-type=\"section\">\n\t\t\t\t\t\t<div class=\"elementor-container elementor-column-gap-default\">\n\t\t\t\t\t<div class=\"elementor-column elementor-col-100 elementor-top-column elementor-element elementor-element-c6322a7\" data-id=\"c6322a7\" data-element_type=\"column\" data-e-type=\"column\">\n\t\t\t<div class=\"elementor-widget-wrap elementor-element-populated\">\n\t\t\t\t\t\t<div class=\"elementor-element elementor-element-ec4f68f elementor-widget elementor-widget-spacer\" data-id=\"ec4f68f\" data-element_type=\"widget\" data-e-type=\"widget\" data-widget_type=\"spacer.default\">\n\t\t\t\t<div class=\"elementor-widget-container\">\n\t\t\t\t\t\t\t<div class=\"elementor-spacer\">\n\t\t\t<div class=\"elementor-spacer-inner\"><\/div>\n\t\t<\/div>\n\t\t\t\t\t\t<\/div>\n\t\t\t\t<\/div>\n\t\t\t\t\t<\/div>\n\t\t<\/div>\n\t\t\t\t\t<\/div>\n\t\t<\/section>\n\t\t\t\t<section class=\"elementor-section elementor-top-section elementor-element elementor-element-f2811e2 elementor-section-boxed elementor-section-height-default elementor-section-height-default\" data-id=\"f2811e2\" data-element_type=\"section\" data-e-type=\"section\">\n\t\t\t\t\t\t<div class=\"elementor-container elementor-column-gap-default\">\n\t\t\t\t\t<div class=\"elementor-column elementor-col-100 elementor-top-column elementor-element elementor-element-1968ad0\" data-id=\"1968ad0\" data-element_type=\"column\" data-e-type=\"column\" data-settings=\"{&quot;background_background&quot;:&quot;classic&quot;}\">\n\t\t\t<div class=\"elementor-widget-wrap elementor-element-populated\">\n\t\t\t\t\t\t<div class=\"elementor-element elementor-element-9ce9392 elementor-widget elementor-widget-menu-anchor\" data-id=\"9ce9392\" data-element_type=\"widget\" data-e-type=\"widget\" data-widget_type=\"menu-anchor.default\">\n\t\t\t\t<div class=\"elementor-widget-container\">\n\t\t\t\t\t\t\t<div class=\"elementor-menu-anchor\" id=\"7\"><\/div>\n\t\t\t\t\t\t<\/div>\n\t\t\t\t<\/div>\n\t\t\t\t<section class=\"elementor-section elementor-inner-section elementor-element elementor-element-5184cfe elementor-section-boxed elementor-section-height-default elementor-section-height-default\" data-id=\"5184cfe\" data-element_type=\"section\" data-e-type=\"section\">\n\t\t\t\t\t\t<div class=\"elementor-container elementor-column-gap-default\">\n\t\t\t\t\t<div class=\"elementor-column elementor-col-100 elementor-inner-column elementor-element elementor-element-e4a2076\" data-id=\"e4a2076\" data-element_type=\"column\" data-e-type=\"column\">\n\t\t\t<div class=\"elementor-widget-wrap elementor-element-populated\">\n\t\t\t\t\t\t<div class=\"elementor-element elementor-element-121a4f0 elementor-view-framed elementor-shape-circle elementor-widget elementor-widget-icon\" data-id=\"121a4f0\" data-element_type=\"widget\" data-e-type=\"widget\" data-widget_type=\"icon.default\">\n\t\t\t\t<div class=\"elementor-widget-container\">\n\t\t\t\t\t\t\t<div class=\"elementor-icon-wrapper\">\n\t\t\t<div class=\"elementor-icon\">\n\t\t\t\t\t\t\t<i class=\"fa fa-pencil\" aria-hidden=\"true\"><\/i>\n\t\t\t\t\t\t<\/div>\n\t\t<\/div>\n\t\t\t\t\t\t<\/div>\n\t\t\t\t<\/div>\n\t\t\t\t<div class=\"elementor-element elementor-element-1d4c961 elementor-widget elementor-widget-toggle\" data-id=\"1d4c961\" data-element_type=\"widget\" data-e-type=\"widget\" data-widget_type=\"toggle.default\">\n\t\t\t\t<div class=\"elementor-widget-container\">\n\t\t\t\t\t\t\t<div class=\"elementor-toggle\">\n\t\t\t\t\t\t\t<div class=\"elementor-toggle-item\">\n\t\t\t\t\t<div id=\"elementor-tab-title-3071\" class=\"elementor-tab-title\" data-tab=\"1\" role=\"button\" aria-controls=\"elementor-tab-content-3071\" aria-expanded=\"false\">\n\t\t\t\t\t\t\t\t\t\t\t\t<span class=\"elementor-toggle-icon elementor-toggle-icon-left\" aria-hidden=\"true\">\n\t\t\t\t\t\t\t\t\t\t\t\t\t\t\t<i class=\"elementor-toggle-icon-closed fa fa-chevron-right\"><\/i>\n\t\t\t\t\t\t\t\t<i class=\"elementor-toggle-icon-opened fa fa-chevron-down\"><\/i>\n\t\t\t\t\t\t\t\t\t\t\t\t\t<\/span>\n\t\t\t\t\t\t\t\t\t\t\t\t<a class=\"elementor-toggle-title\" tabindex=\"0\">\u00c5rskurs 7\u20139<\/a>\n\t\t\t\t\t<\/div>\n\n\t\t\t\t\t<div id=\"elementor-tab-content-3071\" class=\"elementor-tab-content elementor-clearfix\" data-tab=\"1\" role=\"region\" aria-labelledby=\"elementor-tab-title-3071\"><p>1 Vilka uppfattningar om troll f\u00f6rmedlas i dikten?<\/p><p>2 Finns troll eller finns de inte?<\/p><p>3 Vad har h\u00e4nt kon Gulleborg?<\/p><p>4 Fundera \u00f6ver om kon Gulleborg kan vara en symbol och i s\u00e5 fall f\u00f6r vad?<\/p><\/div>\n\t\t\t\t<\/div>\n\t\t\t\t\t\t\t\t<\/div>\n\t\t\t\t\t\t<\/div>\n\t\t\t\t<\/div>\n\t\t\t\t\t<\/div>\n\t\t<\/div>\n\t\t\t\t\t<\/div>\n\t\t<\/section>\n\t\t\t\t<div class=\"elementor-element elementor-element-58c13ba elementor-widget elementor-widget-spacer\" data-id=\"58c13ba\" data-element_type=\"widget\" data-e-type=\"widget\" data-widget_type=\"spacer.default\">\n\t\t\t\t<div class=\"elementor-widget-container\">\n\t\t\t\t\t\t\t<div class=\"elementor-spacer\">\n\t\t\t<div class=\"elementor-spacer-inner\"><\/div>\n\t\t<\/div>\n\t\t\t\t\t\t<\/div>\n\t\t\t\t<\/div>\n\t\t\t\t\t<\/div>\n\t\t<\/div>\n\t\t\t\t\t<\/div>\n\t\t<\/section>\n\t\t\t\t<section class=\"elementor-section elementor-top-section elementor-element elementor-element-65ca4d6 elementor-section-boxed elementor-section-height-default elementor-section-height-default\" data-id=\"65ca4d6\" data-element_type=\"section\" data-e-type=\"section\">\n\t\t\t\t\t\t<div class=\"elementor-container elementor-column-gap-default\">\n\t\t\t\t\t<div class=\"elementor-column elementor-col-100 elementor-top-column elementor-element elementor-element-0edd357\" data-id=\"0edd357\" data-element_type=\"column\" data-e-type=\"column\">\n\t\t\t<div class=\"elementor-widget-wrap elementor-element-populated\">\n\t\t\t\t\t\t<div class=\"elementor-element elementor-element-77e99d2 elementor-widget elementor-widget-spacer\" data-id=\"77e99d2\" data-element_type=\"widget\" data-e-type=\"widget\" data-widget_type=\"spacer.default\">\n\t\t\t\t<div class=\"elementor-widget-container\">\n\t\t\t\t\t\t\t<div class=\"elementor-spacer\">\n\t\t\t<div class=\"elementor-spacer-inner\"><\/div>\n\t\t<\/div>\n\t\t\t\t\t\t<\/div>\n\t\t\t\t<\/div>\n\t\t\t\t\t<\/div>\n\t\t<\/div>\n\t\t\t\t\t<\/div>\n\t\t<\/section>\n\t\t\t\t<\/div>\n\t\t","protected":false},"excerpt":{"rendered":"<p>Kon Gulleborg Av Verner von Heidenstam Ur:\u00a0Dikter\u00a0(1895)\u00a0\u00a0\u00c5rskurs:\u00a07\u20139\u00a0\u00a0Tema:\u00a0Folktro och skr\u00e4ck Det\u00a0\u00e4r\u00a0f\u00f6rbi\u00a0med\u00a0m\u00e5nga\u00a0troll.De\u00a0m\u00e4ktiga,\u00a0som\u00a0tryggap\u00e5\u00a0vintergatans\u00a0bryggamed\u00a0sol\u00a0och\u00a0stj\u00e4rnor\u00a0slogo\u00a0boll,och\u00a0pysslingar\u00a0och\u00a0pyren,som\u00a0sm\u00f6go\u00a0kring\u00a0med\u00a0gram\u00a0och\u00a0grolli\u00a0ljungen\u00a0och\u00a0p\u00e5\u00a0myren,de\u00a0schasas\u00a0bort\u00a0\u00e5t\u00a0alla\u00a0h\u00e5ll. Men\u00a0n\u00e4r\u00a0en\u00a0natt\u00a0i\u00a0skogenjag\u00a0ser\u00a0den\u00a0gamla\u00a0logen,som\u00a0byggd\u00a0av\u00a0forna\u00a0j\u00e4ttetr\u00e4dst\u00e5r\u00a0kvar,\u00a0d\u00e4r\u00a0torpet\u00a0brunnit\u00a0ned,d\u00e5\u00a0rasslar\u00a0det\u00a0och\u00a0rullar;ty\u00a0det\u00a0finns\u00a0troll,\u00a0som\u00a0aldrig\u00a0d\u00f6men\u00a0gr\u00e4va\u00a0g\u00e5ngar\u00a0under\u00a0h\u00f6p\u00e5\u00a0logar\u00a0och\u00a0p\u00e5\u00a0skullar.De\u00a0ha\u00a0ej\u00a0f\u00f6tter\u00a0till\u00a0att\u00a0g\u00e5.Likt\u00a0s\u00e4larna\u00a0i\u00a0havets\u00a0bl\u00e5,fast\u00a0med\u00a0en\u00a0kvinnas\u00a0l\u00e4pparoch\u00a0gyllne\u00a0\u00f6ronkl\u00e4ppar,de\u00a0dyka\u00a0upp\u00a0bland\u00a0ax\u00a0och\u00a0str\u00e5och\u00a0deras\u00a0smycken\u00a0klirra.Som\u00a0bark\u00a0s\u00e5\u00a0r\u00f6d\u00a0st\u00e5r\u00a0pannans\u00a0luggoch\u00a0fr\u00e5n\u00a0var\u00a0springa\u00a0och\u00a0var\u00a0gluggde\u00a0\u00f6ver\u00a0v\u00e4gen\u00a0stirra. Med\u00a0ens\u00a0de\u00a0st\u00e4mma\u00a0i\u00a0ett\u00a0skrikoch\u00a0svaras\u00a0av\u00a0en\u00a0sk\u00e4lla,som\u00a0flyr\u00a0och\u00a0flyr\u00a0vid\u00a0k\u00e4rrets\u00a0vikbland\u00a0tr\u00e4den\u00a0med\u00a0sin\u00a0g\u00e4llaoch\u00a0snabba\u00a0och\u00a0f\u00f6rskr\u00e4mda\u00a0klang.Det\u00a0\u00e4r\u00a0kon\u00a0Gulleborg,\u00a0som\u00a0sprangtill\u00a0skogs\u00a0p\u00e5\u00a0vallg\u00e5ngsdagen.Men\u00a0ej\u00a0den\u00a0dagen\u00a0sken\u00a0ig\u00e5r,ty\u00a0flickorna\u00a0i\u00a0hagen,de\u00a0h\u00f6rt\u00a0fr\u00e5n\u00a0\u00f6demarkens\u00a0sn\u00e5rsen\u00a0fyra\u00a0hundra\u00a0l\u00e5nga\u00a0\u00e5rde\u00a0rostet\u00a0brustna\u00a0slagen.Och\u00a0barnen\u00a0h\u00f6rt\u00a0dem\u00a0vid\u00a0sin\u00a0korgi\u00a0hallonrisets\u00a0skreva.Kon\u00a0Gulleborg,\u00a0kon\u00a0Gulleborghon\u00a0minns\u00a0ej\u00a0b\u00e5s\u00a0och\u00a0st\u00e4va.Bland\u00a0fur\u00a0och\u00a0gran\u00a0hon\u00a0flyr\u00a0och\u00a0flyroch\u00a0ryggens\u00a0vita\u00a0strimmaf\u00f6rsvinner\u00a0\u00f6ver\u00a0\u00f6de\u00a0myri\u00a0sommarnattens\u00a0dimma.Och\u00a0stj\u00e4rnorna\u00a0de\u00a0glimmaoch\u00a0vallargossens\u00a0v\u00e4g\u00a0blir\u00a0l\u00e5ngtills\u00a0trastens\u00a0f\u00f6rsta\u00a0djupa\u00a0s\u00e5ngbeb\u00e5dar\u00a0solens\u00a0timma. L\u00e4s dikten p\u00e5 Litteraturbanken Termer och begrepp Uppgift, \u00c5k 7\u20139 \u00c5rskurs 7\u20139 1 Vilka uppfattningar om troll f\u00f6rmedlas i dikten? 2 Finns troll eller finns de inte? 3 Vad har h\u00e4nt kon Gulleborg? 4 Fundera \u00f6ver om kon Gulleborg kan vara en symbol [&hellip;]<\/p>\n","protected":false},"author":5,"featured_media":0,"parent":0,"menu_order":0,"comment_status":"closed","ping_status":"closed","template":"","meta":{"ocean_post_layout":"full-screen","ocean_both_sidebars_style":"","ocean_both_sidebars_content_width":0,"ocean_both_sidebars_sidebars_width":0,"ocean_sidebar":"0","ocean_second_sidebar":"0","ocean_disable_margins":"enable","ocean_add_body_class":"","ocean_shortcode_before_top_bar":"","ocean_shortcode_after_top_bar":"","ocean_shortcode_before_header":"","ocean_shortcode_after_header":"","ocean_has_shortcode":"","ocean_shortcode_after_title":"","ocean_shortcode_before_footer_widgets":"","ocean_shortcode_after_footer_widgets":"","ocean_shortcode_before_footer_bottom":"","ocean_shortcode_after_footer_bottom":"","ocean_display_top_bar":"default","ocean_display_header":"default","ocean_header_style":"","ocean_center_header_left_menu":"0","ocean_custom_header_template":"0","ocean_custom_logo":0,"ocean_custom_retina_logo":0,"ocean_custom_logo_max_width":0,"ocean_custom_logo_tablet_max_width":0,"ocean_custom_logo_mobile_max_width":0,"ocean_custom_logo_max_height":0,"ocean_custom_logo_tablet_max_height":0,"ocean_custom_logo_mobile_max_height":0,"ocean_header_custom_menu":"0","ocean_menu_typo_font_family":"0","ocean_menu_typo_font_subset":"","ocean_menu_typo_font_size":0,"ocean_menu_typo_font_size_tablet":0,"ocean_menu_typo_font_size_mobile":0,"ocean_menu_typo_font_size_unit":"px","ocean_menu_typo_font_weight":"","ocean_menu_typo_font_weight_tablet":"","ocean_menu_typo_font_weight_mobile":"","ocean_menu_typo_transform":"","ocean_menu_typo_transform_tablet":"","ocean_menu_typo_transform_mobile":"","ocean_menu_typo_line_height":0,"ocean_menu_typo_line_height_tablet":0,"ocean_menu_typo_line_height_mobile":0,"ocean_menu_typo_line_height_unit":"","ocean_menu_typo_spacing":0,"ocean_menu_typo_spacing_tablet":0,"ocean_menu_typo_spacing_mobile":0,"ocean_menu_typo_spacing_unit":"","ocean_menu_link_color":"","ocean_menu_link_color_hover":"","ocean_menu_link_color_active":"","ocean_menu_link_background":"","ocean_menu_link_hover_background":"","ocean_menu_link_active_background":"","ocean_menu_social_links_bg":"","ocean_menu_social_hover_links_bg":"","ocean_menu_social_links_color":"","ocean_menu_social_hover_links_color":"","ocean_disable_title":"on","ocean_disable_heading":"default","ocean_post_title":"","ocean_post_subheading":"","ocean_post_title_style":"","ocean_post_title_background_color":"","ocean_post_title_background":0,"ocean_post_title_bg_image_position":"","ocean_post_title_bg_image_attachment":"","ocean_post_title_bg_image_repeat":"","ocean_post_title_bg_image_size":"","ocean_post_title_height":0,"ocean_post_title_bg_overlay":0.5,"ocean_post_title_bg_overlay_color":"","ocean_disable_breadcrumbs":"default","ocean_breadcrumbs_color":"","ocean_breadcrumbs_separator_color":"","ocean_breadcrumbs_links_color":"","ocean_breadcrumbs_links_hover_color":"","ocean_display_footer_widgets":"default","ocean_display_footer_bottom":"default","ocean_custom_footer_template":"0","footnotes":""},"class_list":["post-6757","page","type-page","status-publish","hentry","entry"],"_links":{"self":[{"href":"https:\/\/litteraturbanken.se\/skolan\/wp-json\/wp\/v2\/pages\/6757","targetHints":{"allow":["GET"]}}],"collection":[{"href":"https:\/\/litteraturbanken.se\/skolan\/wp-json\/wp\/v2\/pages"}],"about":[{"href":"https:\/\/litteraturbanken.se\/skolan\/wp-json\/wp\/v2\/types\/page"}],"author":[{"embeddable":true,"href":"https:\/\/litteraturbanken.se\/skolan\/wp-json\/wp\/v2\/users\/5"}],"replies":[{"embeddable":true,"href":"https:\/\/litteraturbanken.se\/skolan\/wp-json\/wp\/v2\/comments?post=6757"}],"version-history":[{"count":22,"href":"https:\/\/litteraturbanken.se\/skolan\/wp-json\/wp\/v2\/pages\/6757\/revisions"}],"predecessor-version":[{"id":19862,"href":"https:\/\/litteraturbanken.se\/skolan\/wp-json\/wp\/v2\/pages\/6757\/revisions\/19862"}],"wp:attachment":[{"href":"https:\/\/litteraturbanken.se\/skolan\/wp-json\/wp\/v2\/media?parent=6757"}],"curies":[{"name":"wp","href":"https:\/\/api.w.org\/{rel}","templated":true}]}}