{"id":7031,"date":"2018-10-13T16:20:36","date_gmt":"2018-10-13T14:20:36","guid":{"rendered":"https:\/\/litteraturbanken.se\/skoladev\/?page_id=7031"},"modified":"2020-03-02T11:30:24","modified_gmt":"2020-03-02T10:30:24","slug":"poesi-forfattare-carl-michael-bellman-om","status":"publish","type":"page","link":"https:\/\/litteraturbanken.se\/skolan\/poesi-forfattare-carl-michael-bellman-om\/","title":{"rendered":"Poesi\/F\u00f6rfattare\/Carl Michael Bellman\/Mer om"},"content":{"rendered":"\t\t<div data-elementor-type=\"wp-post\" data-elementor-id=\"7031\" class=\"elementor elementor-7031\">\n\t\t\t\t\t\t<section class=\"elementor-section elementor-top-section elementor-element elementor-element-22b91eb elementor-section-full_width elementor-section-height-default elementor-section-height-default\" data-id=\"22b91eb\" data-element_type=\"section\" data-e-type=\"section\" data-settings=\"{&quot;background_background&quot;:&quot;classic&quot;}\">\n\t\t\t\t\t\t<div class=\"elementor-container elementor-column-gap-default\">\n\t\t\t\t\t<div class=\"elementor-column elementor-col-25 elementor-top-column elementor-element elementor-element-e52857e\" data-id=\"e52857e\" data-element_type=\"column\" data-e-type=\"column\">\n\t\t\t<div class=\"elementor-widget-wrap\">\n\t\t\t\t\t\t\t<\/div>\n\t\t<\/div>\n\t\t\t\t<div class=\"elementor-column elementor-col-25 elementor-top-column elementor-element elementor-element-2a6bdab\" data-id=\"2a6bdab\" data-element_type=\"column\" data-e-type=\"column\" data-settings=\"{&quot;background_background&quot;:&quot;classic&quot;}\">\n\t\t\t<div class=\"elementor-widget-wrap elementor-element-populated\">\n\t\t\t\t\t\t<div class=\"elementor-element elementor-element-1cd913b elementor-widget elementor-widget-spacer\" data-id=\"1cd913b\" data-element_type=\"widget\" data-e-type=\"widget\" data-widget_type=\"spacer.default\">\n\t\t\t\t<div class=\"elementor-widget-container\">\n\t\t\t\t\t\t\t<div class=\"elementor-spacer\">\n\t\t\t<div class=\"elementor-spacer-inner\"><\/div>\n\t\t<\/div>\n\t\t\t\t\t\t<\/div>\n\t\t\t\t<\/div>\n\t\t\t\t<div class=\"elementor-element elementor-element-f6b7d40 elementor-widget elementor-widget-text-editor\" data-id=\"f6b7d40\" data-element_type=\"widget\" data-e-type=\"widget\" data-widget_type=\"text-editor.default\">\n\t\t\t\t<div class=\"elementor-widget-container\">\n\t\t\t\t\t\t\t\t\t<h1 class=\"elementor-heading-title elementor-size-default\">Carl Michael Bellman<\/h1>\t\t\t\t\t\t\t\t<\/div>\n\t\t\t\t<\/div>\n\t\t\t\t<div class=\"elementor-element elementor-element-f54b99c elementor-widget elementor-widget-text-editor\" data-id=\"f54b99c\" data-element_type=\"widget\" data-e-type=\"widget\" data-widget_type=\"text-editor.default\">\n\t\t\t\t<div class=\"elementor-widget-container\">\n\t\t\t\t\t\t\t\t\t<div><div><div><p><em>CARL MICHAEL BELLMAN (1740-95) inledde en lovande karri\u00e4r som \u00e4mnessven i Vetenskapsakademien och tj\u00e4nsteman i Riksbanken. Efter att hans f\u00f6r\u00e4ldrar drabbats av ekonomiska sv\u00e5righeter f\u00f6rlorade Bellman sitt pekuni\u00e4ra fotf\u00e4ste samtidigt som han b\u00f6rjade umg\u00e5s i en ny bekantskapskrets d\u00e4r dryckeslag och allehanda f\u00f6rlustelser stod h\u00f6gt p\u00e5 dagordningen. \u00c4mbetsmannen blev i ett slag bohem och diktare. <\/em><\/p><p>Under 1760-talet n\u00e5r han ryktbarhet som viss\u00e5ngare och svirare. Som estrad\u00f6r g\u00f6r han sig ett namn med framtr\u00e4danden d\u00e4r han sjunger, spelar och ensam gestaltar flera roller. Visorna utarbetas efter en s\u00e4rskild ber\u00e4ttar- och framtr\u00e4dandeteknik d\u00e4r samtal, ljudh\u00e4rmande effekter och s\u00e5ngpartier v\u00e4xlar. I\u00a0<em>Fredmans epistlar<\/em>\u00a0\u2013 ett samlingsverk f\u00f6rst utgivet 1790 \u2013 blir det tydligt hur Bellman drivit denna blandteknik till sin spets.<\/p><p>Hans liv tar \u00e5ter en ny v\u00e4ndning d\u00e5 Gustaf III kommer till makten 1772. Bellman, som diktat kungens sk\u00e5l, blir hovpoet med kunglig pension och sedermera sekreterare i Nummerlotteriet. De gyllene salarna \u00f6ppnas d\u00e4rmed f\u00f6r den medell\u00f6se bohemen. Han blir k\u00e4nd som \u201dden svenske Anakreon\u201d och f\u00e5r status av full\u00f6dig poet. Genom sin karakt\u00e4r av s\u00e4llskapsdiktning, tillf\u00e4llesdikt och personhistoria ger Bellmans verk en m\u00e5ngfacetterad bild av sin samtids diktarroll och umg\u00e4ngesliv.<\/p><\/div><div><em>Lotta Lotass<\/em><\/div><div><p>k\u00e4lla<\/p><p><em>Den svenska litteraturen. II: Upplysning och romantik 1718-1830<\/em>, red. Lars L\u00f6nnroth &amp; Sven Delblanc<\/p><p>En\u00a0<em style=\"font-size: 15px;\">Ordbok till Fredmans Epistlar<\/em>\u00a0ing\u00e5r i den vetenskapliga utg\u00e5van av Bellmans dikter.<\/p><div><h3>Musik ur Fredmans epistlar<\/h3><p>Till Bellmans mest k\u00e4nda verk h\u00f6r\u00a0<i>Fredmans epistlar<\/i>\u00a0(1790). H\u00e4r nedan kan du lyssna p\u00e5 smakprov fr\u00e5n inspelningar p\u00e5 svenska, engelska och tyska. Melodierna kommer fr\u00e5n tre CD-skivor: Carl Michael Bellman, Fredmans epistlar och s\u00e5nger; Fredman\u2019s Epistles and Songs; Fredmans Episteln und Ges\u00e4nge, av Martin Bagge med Helena Ek, Maria Bana, Andreas Edlund, Kristina Lindg\u00e5rd, Mikael Paulsson och Ensemble Ginestra, B.E.L.L. musique (Proprius f\u00f6rlag AB), 2001-2002. (BRCD9180, BRCD9181, BRCD 9182)<\/p><\/div><div><h3>P\u00e5 svenska:<\/h3><\/div><\/div><\/div><\/div>\t\t\t\t\t\t\t\t<\/div>\n\t\t\t\t<\/div>\n\t\t\t\t<div class=\"elementor-element elementor-element-7ecfd9b elementor-widget elementor-widget-wp-widget-media_audio\" data-id=\"7ecfd9b\" data-element_type=\"widget\" data-e-type=\"widget\" data-widget_type=\"wp-widget-media_audio.default\">\n\t\t\t\t<div class=\"elementor-widget-container\">\n\t\t\t\t\t<h5>Tj\u00e4nare Mollberg<\/h5><audio class=\"wp-audio-shortcode\" id=\"audio-7031-1\" preload=\"none\" style=\"width: 100%;\" controls=\"controls\"><source type=\"audio\/mpeg\" src=\"https:\/\/litteraturbanken.se\/skolan\/wp-content\/uploads\/2018\/12\/TjanareMollbergFE45.mp3?_=1\" \/><source type=\"audio\/mpeg\" src=\"https:\/\/litteraturbanken.se\/skolan\/wp-content\/uploads\/2018\/12\/TjanareMollbergFE45.mp3?_=1\" \/><a href=\"https:\/\/litteraturbanken.se\/skolan\/wp-content\/uploads\/2018\/12\/TjanareMollbergFE45.mp3\">https:\/\/litteraturbanken.se\/skolan\/wp-content\/uploads\/2018\/12\/TjanareMollbergFE45.mp3<\/a><\/audio>\t\t\t\t<\/div>\n\t\t\t\t<\/div>\n\t\t\t\t<div class=\"elementor-element elementor-element-5508e93 elementor-widget elementor-widget-wp-widget-media_audio\" data-id=\"5508e93\" data-element_type=\"widget\" data-e-type=\"widget\" data-widget_type=\"wp-widget-media_audio.default\">\n\t\t\t\t<div class=\"elementor-widget-container\">\n\t\t\t\t\t<h5>Vila vid denna k\u00e4lla<\/h5><audio class=\"wp-audio-shortcode\" id=\"audio-7031-2\" preload=\"none\" style=\"width: 100%;\" controls=\"controls\"><source type=\"audio\/mpeg\" src=\"https:\/\/litteraturbanken.se\/skolan\/wp-content\/uploads\/2018\/12\/VilaVidDennaKallaFE82.mp3?_=2\" \/><source type=\"audio\/mpeg\" src=\"https:\/\/litteraturbanken.se\/skolan\/wp-content\/uploads\/2018\/12\/VilaVidDennaKallaFE82.mp3?_=2\" \/><a href=\"https:\/\/litteraturbanken.se\/skolan\/wp-content\/uploads\/2018\/12\/VilaVidDennaKallaFE82.mp3\">https:\/\/litteraturbanken.se\/skolan\/wp-content\/uploads\/2018\/12\/VilaVidDennaKallaFE82.mp3<\/a><\/audio>\t\t\t\t<\/div>\n\t\t\t\t<\/div>\n\t\t\t\t<div class=\"elementor-element elementor-element-60db6b8 elementor-widget elementor-widget-text-editor\" data-id=\"60db6b8\" data-element_type=\"widget\" data-e-type=\"widget\" data-widget_type=\"text-editor.default\">\n\t\t\t\t<div class=\"elementor-widget-container\">\n\t\t\t\t\t\t\t\t\t<div><div><div><div><h3>P\u00e5 engelska:<\/h3><\/div><\/div><\/div><\/div>\t\t\t\t\t\t\t\t<\/div>\n\t\t\t\t<\/div>\n\t\t\t\t<div class=\"elementor-element elementor-element-b12b4c5 elementor-widget elementor-widget-wp-widget-media_audio\" data-id=\"b12b4c5\" data-element_type=\"widget\" data-e-type=\"widget\" data-widget_type=\"wp-widget-media_audio.default\">\n\t\t\t\t<div class=\"elementor-widget-container\">\n\t\t\t\t\t<h5>Come now, ourselves reposing<\/h5><audio class=\"wp-audio-shortcode\" id=\"audio-7031-3\" preload=\"none\" style=\"width: 100%;\" controls=\"controls\"><source type=\"audio\/mpeg\" src=\"https:\/\/litteraturbanken.se\/skolan\/wp-content\/uploads\/2018\/12\/ComeNowFE82.mp3?_=3\" \/><source type=\"audio\/mpeg\" src=\"https:\/\/litteraturbanken.se\/skolan\/wp-content\/uploads\/2018\/12\/ComeNowFE82.mp3?_=3\" \/><a href=\"https:\/\/litteraturbanken.se\/skolan\/wp-content\/uploads\/2018\/12\/ComeNowFE82.mp3\">https:\/\/litteraturbanken.se\/skolan\/wp-content\/uploads\/2018\/12\/ComeNowFE82.mp3<\/a><\/audio>\t\t\t\t<\/div>\n\t\t\t\t<\/div>\n\t\t\t\t<div class=\"elementor-element elementor-element-0f18ee6 elementor-widget elementor-widget-wp-widget-media_audio\" data-id=\"0f18ee6\" data-element_type=\"widget\" data-e-type=\"widget\" data-widget_type=\"wp-widget-media_audio.default\">\n\t\t\t\t<div class=\"elementor-widget-container\">\n\t\t\t\t\t<h5>Servant, sir, Mollberg<\/h5><audio class=\"wp-audio-shortcode\" id=\"audio-7031-4\" preload=\"none\" style=\"width: 100%;\" controls=\"controls\"><source type=\"audio\/mpeg\" src=\"https:\/\/litteraturbanken.se\/skolan\/wp-content\/uploads\/2018\/12\/ServantSirMollbergFE45.mp3?_=4\" \/><source type=\"audio\/mpeg\" src=\"https:\/\/litteraturbanken.se\/skolan\/wp-content\/uploads\/2018\/12\/ServantSirMollbergFE45.mp3?_=4\" \/><a href=\"https:\/\/litteraturbanken.se\/skolan\/wp-content\/uploads\/2018\/12\/ServantSirMollbergFE45.mp3\">https:\/\/litteraturbanken.se\/skolan\/wp-content\/uploads\/2018\/12\/ServantSirMollbergFE45.mp3<\/a><\/audio>\t\t\t\t<\/div>\n\t\t\t\t<\/div>\n\t\t\t\t<div class=\"elementor-element elementor-element-f7e891b elementor-widget elementor-widget-text-editor\" data-id=\"f7e891b\" data-element_type=\"widget\" data-e-type=\"widget\" data-widget_type=\"text-editor.default\">\n\t\t\t\t<div class=\"elementor-widget-container\">\n\t\t\t\t\t\t\t\t\t<div><div><div><div><h3>P\u00e5 tyska:<\/h3><\/div><\/div><\/div><\/div>\t\t\t\t\t\t\t\t<\/div>\n\t\t\t\t<\/div>\n\t\t\t\t<div class=\"elementor-element elementor-element-01f1af2 elementor-widget elementor-widget-wp-widget-media_audio\" data-id=\"01f1af2\" data-element_type=\"widget\" data-e-type=\"widget\" data-widget_type=\"wp-widget-media_audio.default\">\n\t\t\t\t<div class=\"elementor-widget-container\">\n\t\t\t\t\t<h5>Ach, liebe Mutter!<\/h5><audio class=\"wp-audio-shortcode\" id=\"audio-7031-5\" preload=\"none\" style=\"width: 100%;\" controls=\"controls\"><source type=\"audio\/mpeg\" src=\"https:\/\/litteraturbanken.se\/skolan\/wp-content\/uploads\/2018\/12\/AchLiebeMutterFE23.mp3?_=5\" \/><source type=\"audio\/mpeg\" src=\"https:\/\/litteraturbanken.se\/skolan\/wp-content\/uploads\/2018\/12\/AchLiebeMutterFE23.mp3?_=5\" \/><a href=\"https:\/\/litteraturbanken.se\/skolan\/wp-content\/uploads\/2018\/12\/AchLiebeMutterFE23.mp3\">https:\/\/litteraturbanken.se\/skolan\/wp-content\/uploads\/2018\/12\/AchLiebeMutterFE23.mp3<\/a><\/audio>\t\t\t\t<\/div>\n\t\t\t\t<\/div>\n\t\t\t\t<div class=\"elementor-element elementor-element-9558b01 elementor-widget elementor-widget-wp-widget-media_audio\" data-id=\"9558b01\" data-element_type=\"widget\" data-e-type=\"widget\" data-widget_type=\"wp-widget-media_audio.default\">\n\t\t\t\t<div class=\"elementor-widget-container\">\n\t\t\t\t\t<h5>Weile An Dieser Quelle<\/h5><audio class=\"wp-audio-shortcode\" id=\"audio-7031-6\" preload=\"none\" style=\"width: 100%;\" controls=\"controls\"><source type=\"audio\/mpeg\" src=\"https:\/\/litteraturbanken.se\/skolan\/wp-content\/uploads\/2018\/12\/WeileAnDieserQuelleFE82.mp3?_=6\" \/><source type=\"audio\/mpeg\" src=\"https:\/\/litteraturbanken.se\/skolan\/wp-content\/uploads\/2018\/12\/WeileAnDieserQuelleFE82.mp3?_=6\" \/><a href=\"https:\/\/litteraturbanken.se\/skolan\/wp-content\/uploads\/2018\/12\/WeileAnDieserQuelleFE82.mp3\">https:\/\/litteraturbanken.se\/skolan\/wp-content\/uploads\/2018\/12\/WeileAnDieserQuelleFE82.mp3<\/a><\/audio>\t\t\t\t<\/div>\n\t\t\t\t<\/div>\n\t\t\t\t<div class=\"elementor-element elementor-element-3538bef elementor-widget elementor-widget-spacer\" data-id=\"3538bef\" data-element_type=\"widget\" data-e-type=\"widget\" data-widget_type=\"spacer.default\">\n\t\t\t\t<div class=\"elementor-widget-container\">\n\t\t\t\t\t\t\t<div class=\"elementor-spacer\">\n\t\t\t<div class=\"elementor-spacer-inner\"><\/div>\n\t\t<\/div>\n\t\t\t\t\t\t<\/div>\n\t\t\t\t<\/div>\n\t\t\t\t\t<\/div>\n\t\t<\/div>\n\t\t\t\t<div class=\"elementor-column elementor-col-25 elementor-top-column elementor-element elementor-element-bb2f8e8\" data-id=\"bb2f8e8\" data-element_type=\"column\" data-e-type=\"column\">\n\t\t\t<div class=\"elementor-widget-wrap elementor-element-populated\">\n\t\t\t\t\t\t<div class=\"elementor-element elementor-element-ef0c8bb elementor-widget elementor-widget-spacer\" data-id=\"ef0c8bb\" data-element_type=\"widget\" data-e-type=\"widget\" data-widget_type=\"spacer.default\">\n\t\t\t\t<div class=\"elementor-widget-container\">\n\t\t\t\t\t\t\t<div class=\"elementor-spacer\">\n\t\t\t<div class=\"elementor-spacer-inner\"><\/div>\n\t\t<\/div>\n\t\t\t\t\t\t<\/div>\n\t\t\t\t<\/div>\n\t\t\t\t<div class=\"elementor-element elementor-element-7e45a89 elementor-widget elementor-widget-image\" data-id=\"7e45a89\" data-element_type=\"widget\" data-e-type=\"widget\" data-widget_type=\"image.default\">\n\t\t\t\t<div class=\"elementor-widget-container\">\n\t\t\t\t\t\t\t\t\t\t\t\t\t\t\t<img fetchpriority=\"high\" decoding=\"async\" width=\"300\" height=\"300\" src=\"https:\/\/litteraturbanken.se\/skolan\/wp-content\/uploads\/2019\/03\/lb_skolan_2019_knapp_bellman_ny_r\u00f6d-e1553013796489.jpg\" class=\"attachment-full size-full wp-image-13709\" alt=\"\" \/>\t\t\t\t\t\t\t\t\t\t\t\t\t\t\t<\/div>\n\t\t\t\t<\/div>\n\t\t\t\t<div class=\"elementor-element elementor-element-1b369ae elementor-widget elementor-widget-spacer\" data-id=\"1b369ae\" data-element_type=\"widget\" data-e-type=\"widget\" data-widget_type=\"spacer.default\">\n\t\t\t\t<div class=\"elementor-widget-container\">\n\t\t\t\t\t\t\t<div class=\"elementor-spacer\">\n\t\t\t<div class=\"elementor-spacer-inner\"><\/div>\n\t\t<\/div>\n\t\t\t\t\t\t<\/div>\n\t\t\t\t<\/div>\n\t\t\t\t\t<\/div>\n\t\t<\/div>\n\t\t\t\t<div class=\"elementor-column elementor-col-25 elementor-top-column elementor-element elementor-element-8c3969a\" data-id=\"8c3969a\" data-element_type=\"column\" data-e-type=\"column\">\n\t\t\t<div class=\"elementor-widget-wrap elementor-element-populated\">\n\t\t\t\t\t\t<div class=\"elementor-element elementor-element-e705751 elementor-widget elementor-widget-spacer\" data-id=\"e705751\" data-element_type=\"widget\" data-e-type=\"widget\" data-widget_type=\"spacer.default\">\n\t\t\t\t<div class=\"elementor-widget-container\">\n\t\t\t\t\t\t\t<div class=\"elementor-spacer\">\n\t\t\t<div class=\"elementor-spacer-inner\"><\/div>\n\t\t<\/div>\n\t\t\t\t\t\t<\/div>\n\t\t\t\t<\/div>\n\t\t\t\t<div class=\"elementor-element elementor-element-658b5e2 elementor-widget elementor-widget-spacer\" data-id=\"658b5e2\" data-element_type=\"widget\" data-e-type=\"widget\" data-widget_type=\"spacer.default\">\n\t\t\t\t<div class=\"elementor-widget-container\">\n\t\t\t\t\t\t\t<div class=\"elementor-spacer\">\n\t\t\t<div class=\"elementor-spacer-inner\"><\/div>\n\t\t<\/div>\n\t\t\t\t\t\t<\/div>\n\t\t\t\t<\/div>\n\t\t\t\t\t<\/div>\n\t\t<\/div>\n\t\t\t\t\t<\/div>\n\t\t<\/section>\n\t\t\t\t<section class=\"elementor-section elementor-top-section elementor-element elementor-element-58b677f elementor-section-boxed elementor-section-height-default elementor-section-height-default\" data-id=\"58b677f\" data-element_type=\"section\" data-e-type=\"section\">\n\t\t\t\t\t\t<div class=\"elementor-container elementor-column-gap-default\">\n\t\t\t\t\t<div class=\"elementor-column elementor-col-100 elementor-top-column elementor-element elementor-element-543c065\" data-id=\"543c065\" data-element_type=\"column\" data-e-type=\"column\">\n\t\t\t<div class=\"elementor-widget-wrap\">\n\t\t\t\t\t\t\t<\/div>\n\t\t<\/div>\n\t\t\t\t\t<\/div>\n\t\t<\/section>\n\t\t\t\t<\/div>\n\t\t","protected":false},"excerpt":{"rendered":"<p>Carl Michael Bellman CARL MICHAEL BELLMAN (1740-95) inledde en lovande karri\u00e4r som \u00e4mnessven i Vetenskapsakademien och tj\u00e4nsteman i Riksbanken. Efter att hans f\u00f6r\u00e4ldrar drabbats av ekonomiska sv\u00e5righeter f\u00f6rlorade Bellman sitt pekuni\u00e4ra fotf\u00e4ste samtidigt som han b\u00f6rjade umg\u00e5s i en ny bekantskapskrets d\u00e4r dryckeslag och allehanda f\u00f6rlustelser stod h\u00f6gt p\u00e5 dagordningen. \u00c4mbetsmannen blev i ett slag [&hellip;]<\/p>\n","protected":false},"author":5,"featured_media":0,"parent":0,"menu_order":0,"comment_status":"closed","ping_status":"closed","template":"","meta":{"ocean_post_layout":"full-screen","ocean_both_sidebars_style":"","ocean_both_sidebars_content_width":0,"ocean_both_sidebars_sidebars_width":0,"ocean_sidebar":"0","ocean_second_sidebar":"0","ocean_disable_margins":"enable","ocean_add_body_class":"","ocean_shortcode_before_top_bar":"","ocean_shortcode_after_top_bar":"","ocean_shortcode_before_header":"","ocean_shortcode_after_header":"","ocean_has_shortcode":"","ocean_shortcode_after_title":"","ocean_shortcode_before_footer_widgets":"","ocean_shortcode_after_footer_widgets":"","ocean_shortcode_before_footer_bottom":"","ocean_shortcode_after_footer_bottom":"","ocean_display_top_bar":"default","ocean_display_header":"default","ocean_header_style":"","ocean_center_header_left_menu":"0","ocean_custom_header_template":"0","ocean_custom_logo":0,"ocean_custom_retina_logo":0,"ocean_custom_logo_max_width":0,"ocean_custom_logo_tablet_max_width":0,"ocean_custom_logo_mobile_max_width":0,"ocean_custom_logo_max_height":0,"ocean_custom_logo_tablet_max_height":0,"ocean_custom_logo_mobile_max_height":0,"ocean_header_custom_menu":"0","ocean_menu_typo_font_family":"0","ocean_menu_typo_font_subset":"","ocean_menu_typo_font_size":0,"ocean_menu_typo_font_size_tablet":0,"ocean_menu_typo_font_size_mobile":0,"ocean_menu_typo_font_size_unit":"px","ocean_menu_typo_font_weight":"","ocean_menu_typo_font_weight_tablet":"","ocean_menu_typo_font_weight_mobile":"","ocean_menu_typo_transform":"","ocean_menu_typo_transform_tablet":"","ocean_menu_typo_transform_mobile":"","ocean_menu_typo_line_height":0,"ocean_menu_typo_line_height_tablet":0,"ocean_menu_typo_line_height_mobile":0,"ocean_menu_typo_line_height_unit":"","ocean_menu_typo_spacing":0,"ocean_menu_typo_spacing_tablet":0,"ocean_menu_typo_spacing_mobile":0,"ocean_menu_typo_spacing_unit":"","ocean_menu_link_color":"","ocean_menu_link_color_hover":"","ocean_menu_link_color_active":"","ocean_menu_link_background":"","ocean_menu_link_hover_background":"","ocean_menu_link_active_background":"","ocean_menu_social_links_bg":"","ocean_menu_social_hover_links_bg":"","ocean_menu_social_links_color":"","ocean_menu_social_hover_links_color":"","ocean_disable_title":"on","ocean_disable_heading":"default","ocean_post_title":"","ocean_post_subheading":"","ocean_post_title_style":"","ocean_post_title_background_color":"","ocean_post_title_background":0,"ocean_post_title_bg_image_position":"","ocean_post_title_bg_image_attachment":"","ocean_post_title_bg_image_repeat":"","ocean_post_title_bg_image_size":"","ocean_post_title_height":0,"ocean_post_title_bg_overlay":0.5,"ocean_post_title_bg_overlay_color":"","ocean_disable_breadcrumbs":"default","ocean_breadcrumbs_color":"","ocean_breadcrumbs_separator_color":"","ocean_breadcrumbs_links_color":"","ocean_breadcrumbs_links_hover_color":"","ocean_display_footer_widgets":"default","ocean_display_footer_bottom":"default","ocean_custom_footer_template":"0","footnotes":""},"class_list":["post-7031","page","type-page","status-publish","hentry","entry"],"_links":{"self":[{"href":"https:\/\/litteraturbanken.se\/skolan\/wp-json\/wp\/v2\/pages\/7031","targetHints":{"allow":["GET"]}}],"collection":[{"href":"https:\/\/litteraturbanken.se\/skolan\/wp-json\/wp\/v2\/pages"}],"about":[{"href":"https:\/\/litteraturbanken.se\/skolan\/wp-json\/wp\/v2\/types\/page"}],"author":[{"embeddable":true,"href":"https:\/\/litteraturbanken.se\/skolan\/wp-json\/wp\/v2\/users\/5"}],"replies":[{"embeddable":true,"href":"https:\/\/litteraturbanken.se\/skolan\/wp-json\/wp\/v2\/comments?post=7031"}],"version-history":[{"count":29,"href":"https:\/\/litteraturbanken.se\/skolan\/wp-json\/wp\/v2\/pages\/7031\/revisions"}],"predecessor-version":[{"id":20333,"href":"https:\/\/litteraturbanken.se\/skolan\/wp-json\/wp\/v2\/pages\/7031\/revisions\/20333"}],"wp:attachment":[{"href":"https:\/\/litteraturbanken.se\/skolan\/wp-json\/wp\/v2\/media?parent=7031"}],"curies":[{"name":"wp","href":"https:\/\/api.w.org\/{rel}","templated":true}]}}