{"id":7105,"date":"2018-10-13T17:24:55","date_gmt":"2018-10-13T15:24:55","guid":{"rendered":"https:\/\/litteraturbanken.se\/skoladev\/?page_id=7105"},"modified":"2020-03-04T12:00:37","modified_gmt":"2020-03-04T11:00:37","slug":"poesi-forfattare-erik-gustaf-geijer-om","status":"publish","type":"page","link":"https:\/\/litteraturbanken.se\/skolan\/poesi-forfattare-erik-gustaf-geijer-om\/","title":{"rendered":"Poesi\/F\u00f6rfattare\/Erik Gustaf Geijer\/Mer om"},"content":{"rendered":"\t\t<div data-elementor-type=\"wp-post\" data-elementor-id=\"7105\" class=\"elementor elementor-7105\">\n\t\t\t\t\t\t<section class=\"elementor-section elementor-top-section elementor-element elementor-element-de9d9af elementor-section-full_width elementor-section-height-default elementor-section-height-default\" data-id=\"de9d9af\" data-element_type=\"section\" data-e-type=\"section\" data-settings=\"{&quot;background_background&quot;:&quot;classic&quot;}\">\n\t\t\t\t\t\t<div class=\"elementor-container elementor-column-gap-default\">\n\t\t\t\t\t<div class=\"elementor-column elementor-col-25 elementor-top-column elementor-element elementor-element-30b8275\" data-id=\"30b8275\" data-element_type=\"column\" data-e-type=\"column\">\n\t\t\t<div class=\"elementor-widget-wrap\">\n\t\t\t\t\t\t\t<\/div>\n\t\t<\/div>\n\t\t\t\t<div class=\"elementor-column elementor-col-25 elementor-top-column elementor-element elementor-element-bc6928e\" data-id=\"bc6928e\" data-element_type=\"column\" data-e-type=\"column\" data-settings=\"{&quot;background_background&quot;:&quot;classic&quot;}\">\n\t\t\t<div class=\"elementor-widget-wrap elementor-element-populated\">\n\t\t\t\t\t\t<div class=\"elementor-element elementor-element-28e741b elementor-widget elementor-widget-spacer\" data-id=\"28e741b\" data-element_type=\"widget\" data-e-type=\"widget\" data-widget_type=\"spacer.default\">\n\t\t\t\t<div class=\"elementor-widget-container\">\n\t\t\t\t\t\t\t<div class=\"elementor-spacer\">\n\t\t\t<div class=\"elementor-spacer-inner\"><\/div>\n\t\t<\/div>\n\t\t\t\t\t\t<\/div>\n\t\t\t\t<\/div>\n\t\t\t\t<div class=\"elementor-element elementor-element-490f4c3 elementor-widget elementor-widget-text-editor\" data-id=\"490f4c3\" data-element_type=\"widget\" data-e-type=\"widget\" data-widget_type=\"text-editor.default\">\n\t\t\t\t<div class=\"elementor-widget-container\">\n\t\t\t\t\t\t\t\t\t<h1 class=\"elementor-heading-title elementor-size-default\">Erik Gustaf Geijer<\/h1>\t\t\t\t\t\t\t\t<\/div>\n\t\t\t\t<\/div>\n\t\t\t\t<div class=\"elementor-element elementor-element-2178d09 elementor-widget elementor-widget-text-editor\" data-id=\"2178d09\" data-element_type=\"widget\" data-e-type=\"widget\" data-widget_type=\"text-editor.default\">\n\t\t\t\t<div class=\"elementor-widget-container\">\n\t\t\t\t\t\t\t\t\t<div class=\"ng-binding\"><p><em>ERIK GUSTAF GEIJER (1783\u20131847) f\u00f6renar i sitt f\u00f6rfattarskap snart sagt hela den sf\u00e4r som kallas humaniora. Inom s\u00e5v\u00e4l historia som filsofi, religion, samh\u00e4llsbyggnad och sk\u00f6nlitteratur skrev han \u00e4nnu levande, l\u00f6diga verk. Under hans ledning kom\u00a0Iduna, G\u00f6tiska f\u00f6rbundets tidskrift, att bli en av Sveriges ledande kulturtidskrifter. Det f\u00f6rsta numret, utgivet 1811, skrevs helt av Geijer sj\u00e4lv och ger en blixtbelysning av hans poetik och id\u00e9v\u00e4rld. H\u00e4r \u00e5terfinns bland annat de k\u00e4nda rolldikterna &#8221;Vikingen&#8221;, &#8221;Odalbonden&#8221; och &#8221;den siste k\u00e4mpen&#8221; j\u00e4mte nya tolkningar av dikter ur den isl\u00e4ndska skaldepoesin.\u00a0 Numret inleds med en belysande \u201dAnm\u00e4lan\u201d d\u00e4r Geijer beskriver den betydelse han menar att nationens levande minnen och traditioner har f\u00f6r folkkarakt\u00e4ren, f\u00f6r ett folks sj\u00e4lvmedvetande.<\/em><\/p><p>Geijer framh\u00f6ll i allt den nationella och samh\u00e4lleliga gemenskapen som en n\u00f6dv\u00e4ndig f\u00f6ruts\u00e4ttning f\u00f6r den enskilda m\u00e4nniskans utveckling. H\u00e4rvid kom studiet av historien, myterna och hj\u00e4ltesagorna att tilldelas st\u00f6rsta vikt.<\/p><p>Parad med upplysningsfilosofins tro p\u00e5 individens m\u00f6jlighet och frihet finns ocks\u00e5 hos Geijer en absolut tilltro till fantasin som oundg\u00e4ngligt verktyg f\u00f6r s\u00e5v\u00e4l statsm\u00e4n som diktare. F\u00f6rst\u00e5nd och inbillningskraft blir lika tungt v\u00e4gande delar i ett idealt t\u00e4nkande. I sin betoning av den enskilda m\u00e4nniskans ansvar, som del i en st\u00f6rre gemenskap, l\u00e4gger Geijer \u00e4ven stor vikt vid en i det dagliga livet praktiskt genomf\u00f6rd kristendom. Att leva \u00e4r f\u00f6r Geijer att verka, s\u00e5v\u00e4l i handling som i tanke.<\/p><\/div><div class=\"introauthor\"><em class=\"ng-binding\">Lotta Lotass<\/em><\/div><div class=\"source ng-scope\"><p><span class=\"source_header sc ng-scope\">k\u00e4llor<\/span><\/p><ul><li class=\"ng-scope\"><div class=\"source_content ng-binding\"><i>Svenskt biografiskt lexikon<\/i><\/div><\/li><li class=\"ng-scope\"><div class=\"source_content ng-binding\"><i>Den svenska litteraturen. II: Upplysning och romantik 1718\u20131830<\/i>, red. Lars L\u00f6nnroth &amp; Sven Delblanc<\/div><\/li><\/ul><\/div>\t\t\t\t\t\t\t\t<\/div>\n\t\t\t\t<\/div>\n\t\t\t\t\t<\/div>\n\t\t<\/div>\n\t\t\t\t<div class=\"elementor-column elementor-col-25 elementor-top-column elementor-element elementor-element-38467c0\" data-id=\"38467c0\" data-element_type=\"column\" data-e-type=\"column\">\n\t\t\t<div class=\"elementor-widget-wrap elementor-element-populated\">\n\t\t\t\t\t\t<div class=\"elementor-element elementor-element-c6dd4b1 elementor-widget elementor-widget-spacer\" data-id=\"c6dd4b1\" data-element_type=\"widget\" data-e-type=\"widget\" data-widget_type=\"spacer.default\">\n\t\t\t\t<div class=\"elementor-widget-container\">\n\t\t\t\t\t\t\t<div class=\"elementor-spacer\">\n\t\t\t<div class=\"elementor-spacer-inner\"><\/div>\n\t\t<\/div>\n\t\t\t\t\t\t<\/div>\n\t\t\t\t<\/div>\n\t\t\t\t<div class=\"elementor-element elementor-element-8ad2adf elementor-widget elementor-widget-image\" data-id=\"8ad2adf\" data-element_type=\"widget\" data-e-type=\"widget\" data-widget_type=\"image.default\">\n\t\t\t\t<div class=\"elementor-widget-container\">\n\t\t\t\t\t\t\t\t\t\t\t\t\t\t\t<img fetchpriority=\"high\" decoding=\"async\" width=\"300\" height=\"300\" src=\"https:\/\/litteraturbanken.se\/skolan\/wp-content\/uploads\/2019\/03\/lb_skolan_2019_knapp_f\u00f6rfattarbild_geijer_lila-e1553013565299.jpg\" class=\"attachment-full size-full wp-image-13735\" alt=\"\" \/>\t\t\t\t\t\t\t\t\t\t\t\t\t\t\t<\/div>\n\t\t\t\t<\/div>\n\t\t\t\t<div class=\"elementor-element elementor-element-e3538c3 elementor-widget elementor-widget-spacer\" data-id=\"e3538c3\" data-element_type=\"widget\" data-e-type=\"widget\" data-widget_type=\"spacer.default\">\n\t\t\t\t<div class=\"elementor-widget-container\">\n\t\t\t\t\t\t\t<div class=\"elementor-spacer\">\n\t\t\t<div class=\"elementor-spacer-inner\"><\/div>\n\t\t<\/div>\n\t\t\t\t\t\t<\/div>\n\t\t\t\t<\/div>\n\t\t\t\t\t<\/div>\n\t\t<\/div>\n\t\t\t\t<div class=\"elementor-column elementor-col-25 elementor-top-column elementor-element elementor-element-9efa318\" data-id=\"9efa318\" data-element_type=\"column\" data-e-type=\"column\">\n\t\t\t<div class=\"elementor-widget-wrap elementor-element-populated\">\n\t\t\t\t\t\t<div class=\"elementor-element elementor-element-36f44cf elementor-widget elementor-widget-spacer\" data-id=\"36f44cf\" data-element_type=\"widget\" data-e-type=\"widget\" data-widget_type=\"spacer.default\">\n\t\t\t\t<div class=\"elementor-widget-container\">\n\t\t\t\t\t\t\t<div class=\"elementor-spacer\">\n\t\t\t<div class=\"elementor-spacer-inner\"><\/div>\n\t\t<\/div>\n\t\t\t\t\t\t<\/div>\n\t\t\t\t<\/div>\n\t\t\t\t<div class=\"elementor-element elementor-element-d72b737 elementor-widget elementor-widget-spacer\" data-id=\"d72b737\" data-element_type=\"widget\" data-e-type=\"widget\" data-widget_type=\"spacer.default\">\n\t\t\t\t<div class=\"elementor-widget-container\">\n\t\t\t\t\t\t\t<div class=\"elementor-spacer\">\n\t\t\t<div class=\"elementor-spacer-inner\"><\/div>\n\t\t<\/div>\n\t\t\t\t\t\t<\/div>\n\t\t\t\t<\/div>\n\t\t\t\t\t<\/div>\n\t\t<\/div>\n\t\t\t\t\t<\/div>\n\t\t<\/section>\n\t\t\t\t<\/div>\n\t\t","protected":false},"excerpt":{"rendered":"<p>Erik Gustaf Geijer ERIK GUSTAF GEIJER (1783\u20131847) f\u00f6renar i sitt f\u00f6rfattarskap snart sagt hela den sf\u00e4r som kallas humaniora. Inom s\u00e5v\u00e4l historia som filsofi, religion, samh\u00e4llsbyggnad och sk\u00f6nlitteratur skrev han \u00e4nnu levande, l\u00f6diga verk. Under hans ledning kom\u00a0Iduna, G\u00f6tiska f\u00f6rbundets tidskrift, att bli en av Sveriges ledande kulturtidskrifter. Det f\u00f6rsta numret, utgivet 1811, skrevs helt [&hellip;]<\/p>\n","protected":false},"author":5,"featured_media":0,"parent":0,"menu_order":0,"comment_status":"closed","ping_status":"closed","template":"","meta":{"ocean_post_layout":"full-screen","ocean_both_sidebars_style":"","ocean_both_sidebars_content_width":0,"ocean_both_sidebars_sidebars_width":0,"ocean_sidebar":"0","ocean_second_sidebar":"0","ocean_disable_margins":"enable","ocean_add_body_class":"","ocean_shortcode_before_top_bar":"","ocean_shortcode_after_top_bar":"","ocean_shortcode_before_header":"","ocean_shortcode_after_header":"","ocean_has_shortcode":"","ocean_shortcode_after_title":"","ocean_shortcode_before_footer_widgets":"","ocean_shortcode_after_footer_widgets":"","ocean_shortcode_before_footer_bottom":"","ocean_shortcode_after_footer_bottom":"","ocean_display_top_bar":"default","ocean_display_header":"default","ocean_header_style":"","ocean_center_header_left_menu":"0","ocean_custom_header_template":"0","ocean_custom_logo":0,"ocean_custom_retina_logo":0,"ocean_custom_logo_max_width":0,"ocean_custom_logo_tablet_max_width":0,"ocean_custom_logo_mobile_max_width":0,"ocean_custom_logo_max_height":0,"ocean_custom_logo_tablet_max_height":0,"ocean_custom_logo_mobile_max_height":0,"ocean_header_custom_menu":"0","ocean_menu_typo_font_family":"0","ocean_menu_typo_font_subset":"","ocean_menu_typo_font_size":0,"ocean_menu_typo_font_size_tablet":0,"ocean_menu_typo_font_size_mobile":0,"ocean_menu_typo_font_size_unit":"px","ocean_menu_typo_font_weight":"","ocean_menu_typo_font_weight_tablet":"","ocean_menu_typo_font_weight_mobile":"","ocean_menu_typo_transform":"","ocean_menu_typo_transform_tablet":"","ocean_menu_typo_transform_mobile":"","ocean_menu_typo_line_height":0,"ocean_menu_typo_line_height_tablet":0,"ocean_menu_typo_line_height_mobile":0,"ocean_menu_typo_line_height_unit":"","ocean_menu_typo_spacing":0,"ocean_menu_typo_spacing_tablet":0,"ocean_menu_typo_spacing_mobile":0,"ocean_menu_typo_spacing_unit":"","ocean_menu_link_color":"","ocean_menu_link_color_hover":"","ocean_menu_link_color_active":"","ocean_menu_link_background":"","ocean_menu_link_hover_background":"","ocean_menu_link_active_background":"","ocean_menu_social_links_bg":"","ocean_menu_social_hover_links_bg":"","ocean_menu_social_links_color":"","ocean_menu_social_hover_links_color":"","ocean_disable_title":"on","ocean_disable_heading":"default","ocean_post_title":"","ocean_post_subheading":"","ocean_post_title_style":"","ocean_post_title_background_color":"","ocean_post_title_background":0,"ocean_post_title_bg_image_position":"","ocean_post_title_bg_image_attachment":"","ocean_post_title_bg_image_repeat":"","ocean_post_title_bg_image_size":"","ocean_post_title_height":0,"ocean_post_title_bg_overlay":0.5,"ocean_post_title_bg_overlay_color":"","ocean_disable_breadcrumbs":"default","ocean_breadcrumbs_color":"","ocean_breadcrumbs_separator_color":"","ocean_breadcrumbs_links_color":"","ocean_breadcrumbs_links_hover_color":"","ocean_display_footer_widgets":"default","ocean_display_footer_bottom":"default","ocean_custom_footer_template":"0","footnotes":""},"class_list":["post-7105","page","type-page","status-publish","hentry","entry"],"_links":{"self":[{"href":"https:\/\/litteraturbanken.se\/skolan\/wp-json\/wp\/v2\/pages\/7105","targetHints":{"allow":["GET"]}}],"collection":[{"href":"https:\/\/litteraturbanken.se\/skolan\/wp-json\/wp\/v2\/pages"}],"about":[{"href":"https:\/\/litteraturbanken.se\/skolan\/wp-json\/wp\/v2\/types\/page"}],"author":[{"embeddable":true,"href":"https:\/\/litteraturbanken.se\/skolan\/wp-json\/wp\/v2\/users\/5"}],"replies":[{"embeddable":true,"href":"https:\/\/litteraturbanken.se\/skolan\/wp-json\/wp\/v2\/comments?post=7105"}],"version-history":[{"count":13,"href":"https:\/\/litteraturbanken.se\/skolan\/wp-json\/wp\/v2\/pages\/7105\/revisions"}],"predecessor-version":[{"id":20433,"href":"https:\/\/litteraturbanken.se\/skolan\/wp-json\/wp\/v2\/pages\/7105\/revisions\/20433"}],"wp:attachment":[{"href":"https:\/\/litteraturbanken.se\/skolan\/wp-json\/wp\/v2\/media?parent=7105"}],"curies":[{"name":"wp","href":"https:\/\/api.w.org\/{rel}","templated":true}]}}