{"id":7161,"date":"2018-10-14T00:00:00","date_gmt":"2018-10-13T22:00:00","guid":{"rendered":"https:\/\/litteraturbanken.se\/skoladev\/?page_id=7161"},"modified":"2020-03-09T11:24:20","modified_gmt":"2020-03-09T10:24:20","slug":"poesi-forfattare-hedvig-charlotta-nordenflycht-om","status":"publish","type":"page","link":"https:\/\/litteraturbanken.se\/skolan\/poesi-forfattare-hedvig-charlotta-nordenflycht-om\/","title":{"rendered":"Poesi\/F\u00f6rfattare\/Hedvig Charlotta Nordenflycht\/Mer om"},"content":{"rendered":"\t\t<div data-elementor-type=\"wp-post\" data-elementor-id=\"7161\" class=\"elementor elementor-7161\">\n\t\t\t\t\t\t<section class=\"elementor-section elementor-top-section elementor-element elementor-element-f07ad83 elementor-section-boxed elementor-section-height-default elementor-section-height-default\" data-id=\"f07ad83\" data-element_type=\"section\" data-e-type=\"section\">\n\t\t\t\t\t\t<div class=\"elementor-container elementor-column-gap-default\">\n\t\t\t\t\t<div class=\"elementor-column elementor-col-100 elementor-top-column elementor-element elementor-element-df0d6c5\" data-id=\"df0d6c5\" data-element_type=\"column\" data-e-type=\"column\">\n\t\t\t<div class=\"elementor-widget-wrap\">\n\t\t\t\t\t\t\t<\/div>\n\t\t<\/div>\n\t\t\t\t\t<\/div>\n\t\t<\/section>\n\t\t\t\t<section class=\"elementor-section elementor-top-section elementor-element elementor-element-bd69b29 elementor-section-full_width elementor-section-height-default elementor-section-height-default\" data-id=\"bd69b29\" data-element_type=\"section\" data-e-type=\"section\" data-settings=\"{&quot;background_background&quot;:&quot;classic&quot;}\">\n\t\t\t\t\t\t<div class=\"elementor-container elementor-column-gap-default\">\n\t\t\t\t\t<div class=\"elementor-column elementor-col-25 elementor-top-column elementor-element elementor-element-b48b321\" data-id=\"b48b321\" data-element_type=\"column\" data-e-type=\"column\">\n\t\t\t<div class=\"elementor-widget-wrap\">\n\t\t\t\t\t\t\t<\/div>\n\t\t<\/div>\n\t\t\t\t<div class=\"elementor-column elementor-col-25 elementor-top-column elementor-element elementor-element-7ab9f6f\" data-id=\"7ab9f6f\" data-element_type=\"column\" data-e-type=\"column\" data-settings=\"{&quot;background_background&quot;:&quot;classic&quot;}\">\n\t\t\t<div class=\"elementor-widget-wrap elementor-element-populated\">\n\t\t\t\t\t\t<div class=\"elementor-element elementor-element-299fe0c elementor-widget elementor-widget-spacer\" data-id=\"299fe0c\" data-element_type=\"widget\" data-e-type=\"widget\" data-widget_type=\"spacer.default\">\n\t\t\t\t<div class=\"elementor-widget-container\">\n\t\t\t\t\t\t\t<div class=\"elementor-spacer\">\n\t\t\t<div class=\"elementor-spacer-inner\"><\/div>\n\t\t<\/div>\n\t\t\t\t\t\t<\/div>\n\t\t\t\t<\/div>\n\t\t\t\t<div class=\"elementor-element elementor-element-0f26a4b elementor-widget elementor-widget-text-editor\" data-id=\"0f26a4b\" data-element_type=\"widget\" data-e-type=\"widget\" data-widget_type=\"text-editor.default\">\n\t\t\t\t<div class=\"elementor-widget-container\">\n\t\t\t\t\t\t\t\t\t<h1 class=\"elementor-heading-title elementor-size-default\">Hedvig Charlotta Nordenflycht<\/h1>\t\t\t\t\t\t\t\t<\/div>\n\t\t\t\t<\/div>\n\t\t\t\t<div class=\"elementor-element elementor-element-364552a elementor-widget elementor-widget-text-editor\" data-id=\"364552a\" data-element_type=\"widget\" data-e-type=\"widget\" data-widget_type=\"text-editor.default\">\n\t\t\t\t<div class=\"elementor-widget-container\">\n\t\t\t\t\t\t\t\t\t<div class=\"ng-binding\"><div class=\"ng-binding\"><div class=\"ng-binding\"><div class=\"ng-binding\"><p><em>HEDVIG CHARLOTTA NORDENFLYCHT (1718\u20131763) kom fr\u00e5n ett v\u00e4lb\u00e4rgat hem och fick tidigt m\u00f6jlighet att studera och f\u00f6rdjupa sig i sina litter\u00e4ra intressen. Hon f\u00f6rlovade sig s\u00e5 sm\u00e5ningom med sin privatl\u00e4rare i franska, Jacob Fabricius, och paret gifte sig p\u00e5 v\u00e5ren 1741. <\/em><\/p><p><em>I december samma \u00e5r dog Fabricius hastigt och Nordenflycht kastades ned i den djupaste sorg. Den f\u00f6rtvivlan hon k\u00e4nde kom till uttryck i\u00a0Den s\u00f6rgande turtur\u2013dufvan\u00a0(1743); en samling klagodikter d\u00e4r den ensammas livsleda och \u00f6vergivenhet ljuder med en stark och sm\u00e4rtsam ton. Det personligt k\u00e4nslom\u00e4ttade tilltalet i dikterna var n\u00e5got helt nytt i samtida litteratur. Nordenflycht blev, efter makens d\u00f6d, h\u00e4nvisad till att tj\u00e4na sin utkomst genom sin litter\u00e4ra beg\u00e5vning. <\/em><\/p><p>I slutet av 1742 hade hennes dikt \u00f6ver Ulrika Eleonora \u2013\u00a0<i>Svenska fruntimrets klagan<\/i>\u00a0\u2013 utgivits och Nordenflycht hade samtidigt ans\u00f6kt om statlig pension. I maj 1743, efter att kung Fredrik givit henne sitt s\u00e4rskilda st\u00f6d, erh\u00f6ll hon ekonomiskt bist\u00e5nd. Som tack kom Nordenflycht att rikta flera poetiska hyllningar till kungahuset och fick ocks\u00e5 sedermera regelbundet ett bidrag ur Lovisa Ulrikas handkassa. De pengar hon f\u00f6rtj\u00e4nade p\u00e5 tillf\u00e4llesdiktning gav henne d\u00e4rmed, tillsammans med underst\u00f6det, en dr\u00e4glig tillvaro.<\/p><p>Nordenflycht var m\u00e5n om att skapa sig ett namn som kvinnlig f\u00f6rfattare, dels f\u00f6r att trygga sin egen ekonomi, dels som ett led i hennes kamp f\u00f6r kvinnans intellektuella j\u00e4mst\u00e4lldhet. Sina dikter samlade hon vartefter i fyra volymer under titeln\u00a0<i>Qvinligit tankespel<\/i>; den f\u00f6rsta av volymerna gav hon ut under pseudonymen En Herdinna i Norden.<\/p><p>I april 1753 blev Nordenflycht medlem av den nygrundade Tankebyggarorden, som under \u00e5ren 1753\u201356 gav ut samlingarna\u00a0<i>V\u00e5ra f\u00f6rs\u00f6k<\/i>\u00a01\u20133. Sedermera blev hon centralgestalt f\u00f6r en grupp av ordens skalder och gav, tillsammans med sina n\u00e4rmaste v\u00e4nner Gustaf Fredrik Gyllenborg och Gustav Philip Creutz, ut tv\u00e5 volymer\u00a0<i>Witterhetsarbeten<\/i>\u00a0(1759 och 1762); dessa tv\u00e5 samlingar blev genombrottet f\u00f6r franskklassicismen i Sverige. Nordenflycht skrev d\u00e4r stramare och mer h\u00f6gst\u00e4mda dikter, som \u201dT\u00e5get \u00f6fver B\u00e4lt\u201d och \u201dTil Storfursten av Ryssland, Paul Petrowitz\u201d.<\/p><p>Nordenflychts sista \u00e5r i livet kom att skuggas av olycklig k\u00e4rlek och sjukdom. \u00c5ter blev det starkt k\u00e4nslom\u00e4ttade, subjektiva uttrycket hennes egenart. H\u00e4r kan n\u00e4mnas den vemodiga dikten\u00a0\u201d\u00d6fver en Hyacint\u201d, d\u00e4r den \u00e4lskande som ej f\u00e5r gensvar f\u00f6r sin k\u00e4nsla till slut resignerar.<\/p><\/div><div class=\"introauthor\"><em class=\"ng-binding\">Lotta Lotass<\/em><\/div><div>\u00a0<\/div><div class=\"source ng-scope\"><p><span class=\"source_header sc ng-scope\">k\u00e4lla<\/span><\/p><p><i>Svenskt biografiskt lexikon<\/i><\/p><\/div><\/div><\/div><\/div>\t\t\t\t\t\t\t\t<\/div>\n\t\t\t\t<\/div>\n\t\t\t\t\t<\/div>\n\t\t<\/div>\n\t\t\t\t<div class=\"elementor-column elementor-col-25 elementor-top-column elementor-element elementor-element-52218da\" data-id=\"52218da\" data-element_type=\"column\" data-e-type=\"column\">\n\t\t\t<div class=\"elementor-widget-wrap elementor-element-populated\">\n\t\t\t\t\t\t<div class=\"elementor-element elementor-element-0cf0cd3 elementor-widget elementor-widget-spacer\" data-id=\"0cf0cd3\" data-element_type=\"widget\" data-e-type=\"widget\" data-widget_type=\"spacer.default\">\n\t\t\t\t<div class=\"elementor-widget-container\">\n\t\t\t\t\t\t\t<div class=\"elementor-spacer\">\n\t\t\t<div class=\"elementor-spacer-inner\"><\/div>\n\t\t<\/div>\n\t\t\t\t\t\t<\/div>\n\t\t\t\t<\/div>\n\t\t\t\t<div class=\"elementor-element elementor-element-a2e79ab elementor-widget elementor-widget-image\" data-id=\"a2e79ab\" data-element_type=\"widget\" data-e-type=\"widget\" data-widget_type=\"image.default\">\n\t\t\t\t<div class=\"elementor-widget-container\">\n\t\t\t\t\t\t\t\t\t\t\t\t\t\t\t<img fetchpriority=\"high\" decoding=\"async\" width=\"300\" height=\"300\" src=\"https:\/\/litteraturbanken.se\/skolan\/wp-content\/uploads\/2019\/03\/lb_skolan_2019_knapp_f\u00f6rfattarbild_nordenflycht_gul-e1553013336154.jpg\" class=\"attachment-full size-full wp-image-13767\" alt=\"\" \/>\t\t\t\t\t\t\t\t\t\t\t\t\t\t\t<\/div>\n\t\t\t\t<\/div>\n\t\t\t\t<div class=\"elementor-element elementor-element-34c83e6 elementor-widget elementor-widget-spacer\" data-id=\"34c83e6\" data-element_type=\"widget\" data-e-type=\"widget\" data-widget_type=\"spacer.default\">\n\t\t\t\t<div class=\"elementor-widget-container\">\n\t\t\t\t\t\t\t<div class=\"elementor-spacer\">\n\t\t\t<div class=\"elementor-spacer-inner\"><\/div>\n\t\t<\/div>\n\t\t\t\t\t\t<\/div>\n\t\t\t\t<\/div>\n\t\t\t\t\t<\/div>\n\t\t<\/div>\n\t\t\t\t<div class=\"elementor-column elementor-col-25 elementor-top-column elementor-element elementor-element-ca7bfb3\" data-id=\"ca7bfb3\" data-element_type=\"column\" data-e-type=\"column\">\n\t\t\t<div class=\"elementor-widget-wrap elementor-element-populated\">\n\t\t\t\t\t\t<div class=\"elementor-element elementor-element-2b91e8d elementor-widget elementor-widget-spacer\" data-id=\"2b91e8d\" data-element_type=\"widget\" data-e-type=\"widget\" data-widget_type=\"spacer.default\">\n\t\t\t\t<div class=\"elementor-widget-container\">\n\t\t\t\t\t\t\t<div class=\"elementor-spacer\">\n\t\t\t<div class=\"elementor-spacer-inner\"><\/div>\n\t\t<\/div>\n\t\t\t\t\t\t<\/div>\n\t\t\t\t<\/div>\n\t\t\t\t<div class=\"elementor-element elementor-element-21593c7 elementor-widget elementor-widget-spacer\" data-id=\"21593c7\" data-element_type=\"widget\" data-e-type=\"widget\" data-widget_type=\"spacer.default\">\n\t\t\t\t<div class=\"elementor-widget-container\">\n\t\t\t\t\t\t\t<div class=\"elementor-spacer\">\n\t\t\t<div class=\"elementor-spacer-inner\"><\/div>\n\t\t<\/div>\n\t\t\t\t\t\t<\/div>\n\t\t\t\t<\/div>\n\t\t\t\t\t<\/div>\n\t\t<\/div>\n\t\t\t\t\t<\/div>\n\t\t<\/section>\n\t\t\t\t<\/div>\n\t\t","protected":false},"excerpt":{"rendered":"<p>Hedvig Charlotta Nordenflycht HEDVIG CHARLOTTA NORDENFLYCHT (1718\u20131763) kom fr\u00e5n ett v\u00e4lb\u00e4rgat hem och fick tidigt m\u00f6jlighet att studera och f\u00f6rdjupa sig i sina litter\u00e4ra intressen. Hon f\u00f6rlovade sig s\u00e5 sm\u00e5ningom med sin privatl\u00e4rare i franska, Jacob Fabricius, och paret gifte sig p\u00e5 v\u00e5ren 1741. I december samma \u00e5r dog Fabricius hastigt och Nordenflycht kastades ned [&hellip;]<\/p>\n","protected":false},"author":5,"featured_media":0,"parent":0,"menu_order":0,"comment_status":"closed","ping_status":"closed","template":"","meta":{"ocean_post_layout":"full-screen","ocean_both_sidebars_style":"","ocean_both_sidebars_content_width":0,"ocean_both_sidebars_sidebars_width":0,"ocean_sidebar":"0","ocean_second_sidebar":"0","ocean_disable_margins":"enable","ocean_add_body_class":"","ocean_shortcode_before_top_bar":"","ocean_shortcode_after_top_bar":"","ocean_shortcode_before_header":"","ocean_shortcode_after_header":"","ocean_has_shortcode":"","ocean_shortcode_after_title":"","ocean_shortcode_before_footer_widgets":"","ocean_shortcode_after_footer_widgets":"","ocean_shortcode_before_footer_bottom":"","ocean_shortcode_after_footer_bottom":"","ocean_display_top_bar":"default","ocean_display_header":"default","ocean_header_style":"","ocean_center_header_left_menu":"0","ocean_custom_header_template":"0","ocean_custom_logo":0,"ocean_custom_retina_logo":0,"ocean_custom_logo_max_width":0,"ocean_custom_logo_tablet_max_width":0,"ocean_custom_logo_mobile_max_width":0,"ocean_custom_logo_max_height":0,"ocean_custom_logo_tablet_max_height":0,"ocean_custom_logo_mobile_max_height":0,"ocean_header_custom_menu":"0","ocean_menu_typo_font_family":"0","ocean_menu_typo_font_subset":"","ocean_menu_typo_font_size":0,"ocean_menu_typo_font_size_tablet":0,"ocean_menu_typo_font_size_mobile":0,"ocean_menu_typo_font_size_unit":"px","ocean_menu_typo_font_weight":"","ocean_menu_typo_font_weight_tablet":"","ocean_menu_typo_font_weight_mobile":"","ocean_menu_typo_transform":"","ocean_menu_typo_transform_tablet":"","ocean_menu_typo_transform_mobile":"","ocean_menu_typo_line_height":0,"ocean_menu_typo_line_height_tablet":0,"ocean_menu_typo_line_height_mobile":0,"ocean_menu_typo_line_height_unit":"","ocean_menu_typo_spacing":0,"ocean_menu_typo_spacing_tablet":0,"ocean_menu_typo_spacing_mobile":0,"ocean_menu_typo_spacing_unit":"","ocean_menu_link_color":"","ocean_menu_link_color_hover":"","ocean_menu_link_color_active":"","ocean_menu_link_background":"","ocean_menu_link_hover_background":"","ocean_menu_link_active_background":"","ocean_menu_social_links_bg":"","ocean_menu_social_hover_links_bg":"","ocean_menu_social_links_color":"","ocean_menu_social_hover_links_color":"","ocean_disable_title":"on","ocean_disable_heading":"default","ocean_post_title":"","ocean_post_subheading":"","ocean_post_title_style":"","ocean_post_title_background_color":"","ocean_post_title_background":0,"ocean_post_title_bg_image_position":"","ocean_post_title_bg_image_attachment":"","ocean_post_title_bg_image_repeat":"","ocean_post_title_bg_image_size":"","ocean_post_title_height":0,"ocean_post_title_bg_overlay":0.5,"ocean_post_title_bg_overlay_color":"","ocean_disable_breadcrumbs":"default","ocean_breadcrumbs_color":"","ocean_breadcrumbs_separator_color":"","ocean_breadcrumbs_links_color":"","ocean_breadcrumbs_links_hover_color":"","ocean_display_footer_widgets":"default","ocean_display_footer_bottom":"default","ocean_custom_footer_template":"0","footnotes":""},"class_list":["post-7161","page","type-page","status-publish","hentry","entry"],"_links":{"self":[{"href":"https:\/\/litteraturbanken.se\/skolan\/wp-json\/wp\/v2\/pages\/7161","targetHints":{"allow":["GET"]}}],"collection":[{"href":"https:\/\/litteraturbanken.se\/skolan\/wp-json\/wp\/v2\/pages"}],"about":[{"href":"https:\/\/litteraturbanken.se\/skolan\/wp-json\/wp\/v2\/types\/page"}],"author":[{"embeddable":true,"href":"https:\/\/litteraturbanken.se\/skolan\/wp-json\/wp\/v2\/users\/5"}],"replies":[{"embeddable":true,"href":"https:\/\/litteraturbanken.se\/skolan\/wp-json\/wp\/v2\/comments?post=7161"}],"version-history":[{"count":9,"href":"https:\/\/litteraturbanken.se\/skolan\/wp-json\/wp\/v2\/pages\/7161\/revisions"}],"predecessor-version":[{"id":20490,"href":"https:\/\/litteraturbanken.se\/skolan\/wp-json\/wp\/v2\/pages\/7161\/revisions\/20490"}],"wp:attachment":[{"href":"https:\/\/litteraturbanken.se\/skolan\/wp-json\/wp\/v2\/media?parent=7161"}],"curies":[{"name":"wp","href":"https:\/\/api.w.org\/{rel}","templated":true}]}}