{"id":8813,"date":"2018-12-04T21:22:09","date_gmt":"2018-12-04T20:22:09","guid":{"rendered":"https:\/\/litteraturbanken.se\/skoladev\/?page_id=8813"},"modified":"2020-03-09T13:47:25","modified_gmt":"2020-03-09T12:47:25","slug":"poesi-forfattare-august-strindberg-om","status":"publish","type":"page","link":"https:\/\/litteraturbanken.se\/skolan\/poesi-forfattare-august-strindberg-om\/","title":{"rendered":"Poesi\/F\u00f6rfattare\/August Strindberg\/Mer om"},"content":{"rendered":"\t\t<div data-elementor-type=\"wp-post\" data-elementor-id=\"8813\" class=\"elementor elementor-8813\">\n\t\t\t\t\t\t<section class=\"elementor-section elementor-top-section elementor-element elementor-element-8851b06 elementor-section-full_width elementor-section-height-default elementor-section-height-default\" data-id=\"8851b06\" data-element_type=\"section\" data-e-type=\"section\" data-settings=\"{&quot;background_background&quot;:&quot;classic&quot;}\">\n\t\t\t\t\t\t<div class=\"elementor-container elementor-column-gap-default\">\n\t\t\t\t\t<div class=\"elementor-column elementor-col-25 elementor-top-column elementor-element elementor-element-a199a55\" data-id=\"a199a55\" data-element_type=\"column\" data-e-type=\"column\">\n\t\t\t<div class=\"elementor-widget-wrap\">\n\t\t\t\t\t\t\t<\/div>\n\t\t<\/div>\n\t\t\t\t<div class=\"elementor-column elementor-col-25 elementor-top-column elementor-element elementor-element-592f578\" data-id=\"592f578\" data-element_type=\"column\" data-e-type=\"column\" data-settings=\"{&quot;background_background&quot;:&quot;classic&quot;}\">\n\t\t\t<div class=\"elementor-widget-wrap elementor-element-populated\">\n\t\t\t\t\t\t<div class=\"elementor-element elementor-element-b4b7700 elementor-widget elementor-widget-spacer\" data-id=\"b4b7700\" data-element_type=\"widget\" data-e-type=\"widget\" data-widget_type=\"spacer.default\">\n\t\t\t\t<div class=\"elementor-widget-container\">\n\t\t\t\t\t\t\t<div class=\"elementor-spacer\">\n\t\t\t<div class=\"elementor-spacer-inner\"><\/div>\n\t\t<\/div>\n\t\t\t\t\t\t<\/div>\n\t\t\t\t<\/div>\n\t\t\t\t<div class=\"elementor-element elementor-element-de02cef elementor-widget elementor-widget-text-editor\" data-id=\"de02cef\" data-element_type=\"widget\" data-e-type=\"widget\" data-widget_type=\"text-editor.default\">\n\t\t\t\t<div class=\"elementor-widget-container\">\n\t\t\t\t\t\t\t\t\t<h1 class=\"elementor-heading-title elementor-size-default\">August Strindberg<\/h1>\t\t\t\t\t\t\t\t<\/div>\n\t\t\t\t<\/div>\n\t\t\t\t<div class=\"elementor-element elementor-element-b376ef5 elementor-widget elementor-widget-text-editor\" data-id=\"b376ef5\" data-element_type=\"widget\" data-e-type=\"widget\" data-widget_type=\"text-editor.default\">\n\t\t\t\t<div class=\"elementor-widget-container\">\n\t\t\t\t\t\t\t\t\t<div class=\"ng-binding\"><div class=\"ng-binding\"><div class=\"ng-binding\"><div class=\"ng-binding\"><div class=\"ng-binding\"><p><em>AUGUST STRINDBERG (1849\u20131912) var och f\u00f6rblir en av Sveriges starkast lysande f\u00f6rfattare. Verksam i snart sagt alla litter\u00e4ra genrer, och inte minst som bildkonstn\u00e4r, blev han ocks\u00e5 en banbrytare l\u00e4ngs alla de konstn\u00e4rliga v\u00e4gar han slog in p\u00e5.<\/em><\/p><p><em>Sitt genombrott fick han med romanen\u00a0R\u00f6da rummet\u00a0(1879) d\u00e4r den unge Arvid Falk pr\u00f6vas p\u00e5 sin v\u00e4g genom det samtida Stockholms bohemiska konstn\u00e4rskretsar och mer borgerliga salonger. Med det flerskiktade portr\u00e4ttet av Falk och hans stundtals brant stupande bildningsg\u00e5ng, tecknat med ett nytt, modernt spr\u00e5k, utan retorik och idealism, f\u00f6rnyade Strindberg i ett slag den svenska romankonsten.<\/em><\/p><p><em>I\u00a0Det nya riket\u00a0(1882) \u2013 med undertiteln \u201dskildringar fr\u00e5n attentatens och jubelfesternas tidevarv\u201d \u2013 ber\u00e4ttar han i reportagets form \u00e5nyo om m\u00f6tet mellan gammalt och nytt, i vassa betraktelser av det oskarianska Sveriges akademier, riddarhus, universitet med mera.<\/em><\/p><p>Strindberg drog sig inte f\u00f6r personangrepp p\u00e5 flera, av honom avskydda \u201dsamh\u00e4llspelare\u201d och boken gjorde stor skandal. Sj\u00e4lv l\u00e4mnade han landet, reste till Paris och kom att tillbringa de f\u00f6ljande \u00e5ren utomlands. Efter novellsamlingen\u00a0<i>Giftas I\u00a0<\/i>(1884), d\u00e4r han i ett antal situationer genomlyser och kritiserar k\u00e4rnfamiljen som social institution, tvingades han tillf\u00e4lligt hem till bokens f\u00f6rsvar. Verket hade blivit r\u00e4ttssak d\u00e5 Strindberg, i novellen \u201dDygdens l\u00f6n\u201d, kallat Jesus f\u00f6r folkuppviglare och nattvarden f\u00f6r ett of\u00f6rsk\u00e4mt bedr\u00e4geri. Strindberg frik\u00e4ndes dock efter att ha h\u00e5llit ett tal inf\u00f6r r\u00e4tten d\u00e4r han f\u00f6rklarade sig vara deist.<\/p><p>Med\u00a0<i>Tj\u00e4nstekvinnans son<\/i>\u00a0(1\u20133, 1886\u201387) v\u00e4nder sig Strindberg in\u00e5t i ett mer psykologiskt orienterat skrivande, i det att han beskriver en sj\u00e4ls \u2013 sin egen \u2013 utvecklingshistoria. Unders\u00f6kningen av de egna k\u00e4nslorna forts\u00e4tter i\u00a0<i>En d\u00e5res f\u00f6rsvarstal<\/i>\u00a0(f\u00f6rst utgiven p\u00e5 franska 1895, i svensk \u00f6vers\u00e4ttning 1915) d\u00e4r kampen mellan mannen och hustrun skildras i uppslitande ordalag, och i\u00a0<i>Inferno<\/i>\u00a0(1897) d\u00e4r Strindberg skildrar sin sj\u00e4lsliga kris.<\/p><p>Sin v\u00e4rldsber\u00f6mmelse har Strindberg n\u00e5tt framf\u00f6r allt som dramatiker. Under slutet av 1880-talet skrev han bland annat dramerna\u00a0<i>Fadren<\/i>\u00a0(1887),\u00a0<i>Fr\u00f6ken Julie\u00a0<\/i>(1888) och\u00a0<i>Fordrings\u00e4gare<\/i>\u00a0(1888), i vilka ett genomg\u00e5ende tema \u00e4r den till underg\u00e5ng ledande kampen mellan styrka och svaghet. Bland hans dramatik skall ocks\u00e5 n\u00e4mnas\u00a0<i>Till Damaskus I<\/i>\u00a0(1898), ett omv\u00e4ndelsedrama om relationen mellan Gud och m\u00e4nniskan,\u00a0<i>D\u00f6dsdansen I<\/i>\u00a0(1901), om \u00e4ktenskapets ob\u00f6nh\u00f6rliga strid, och det inom s\u00e5v\u00e4l scenkonst som scenteknik banbrytande\u00a0<i>Ett dr\u00f6mspel<\/i>\u00a0(1902), tabl\u00e5er om m\u00e4nniskans lidande. Strindberg skrev ocks\u00e5 ett flertal historiska dramer bland vilka kan n\u00e4mnas\u00a0<i>M\u00e4ster Olof\u00a0<\/i>(1872),\u00a0<i>Gustaf Vasa<\/i>\u00a0(1899) och\u00a0<i>Gustaf III<\/i>\u00a0(1902).<\/p><p>Under den period i hans liv som kallats Infernokrisen dokumenterade Strindberg sina upplevelser av tillvarons makter och mystiska samband i den stora\u00a0<i>Ockulta dagboken<\/i>\u00a0(p\u00e5b\u00f6rjad i februari 1896, avslutad i juli 1908). Upphittade papperslappar, molnformationer, tidningsnotiser med mera b\u00e4r alla syn f\u00f6r s\u00e4gen om magiska inneb\u00f6rder, knappt tolkningsbara.<\/p><p>Strindbergs namn var ocks\u00e5, \u00e4nda till slutet av hans liv, f\u00f6rknippat med strider och\u00a0fejder. I nidskriften\u00a0<i>Svarta fanor<\/i>\u00a0(1907) gick han till storms mot sina fiender, bland dem\u00a0Gustaf af Geijerstam\u00a0och\u00a0Ellen Key. Bland hans sista st\u00f6rre verk \u00e5terfinns ocks\u00e5 den mosaikartade\u00a0<i>En bl\u00e5 bok\u00a0<\/i>(1\u20134, 1907\u20131912, sista delen posthumt) d\u00e4r Strindberg blandar noveller, minnen, vetenskapliga betraktelser och anteckningar i ett f\u00f6rs\u00f6k att samtidigt belysa och gestalta sina tankar kring vetenskap, religion och kring livet sj\u00e4lvt.<\/p><\/div><div class=\"introauthor\"><em class=\"ng-binding\">Lotta Lotass<\/em><\/div><div class=\"source ng-scope\"><p><span class=\"source_header sc ng-scope\">k\u00e4llor<\/span><\/p><ul><li class=\"ng-scope\"><div class=\"source_content ng-binding\"><i>Den svenska litteraturen. III: De liberala genombrotten 1830\u20131890<\/i><\/div><\/li><li class=\"ng-scope\"><div class=\"source_content ng-binding\"><i>IV: Den storsvenska generationen 1890\u20131920<\/i>\u00a0red. Lars L\u00f6nnroth &amp; Sven Delblanc<\/div><\/li><\/ul><\/div><\/div><\/div><\/div><\/div>\t\t\t\t\t\t\t\t<\/div>\n\t\t\t\t<\/div>\n\t\t\t\t\t<\/div>\n\t\t<\/div>\n\t\t\t\t<div class=\"elementor-column elementor-col-25 elementor-top-column elementor-element elementor-element-7b04b5c\" data-id=\"7b04b5c\" data-element_type=\"column\" data-e-type=\"column\">\n\t\t\t<div class=\"elementor-widget-wrap elementor-element-populated\">\n\t\t\t\t\t\t<div class=\"elementor-element elementor-element-7c36aa8 elementor-widget elementor-widget-spacer\" data-id=\"7c36aa8\" data-element_type=\"widget\" data-e-type=\"widget\" data-widget_type=\"spacer.default\">\n\t\t\t\t<div class=\"elementor-widget-container\">\n\t\t\t\t\t\t\t<div class=\"elementor-spacer\">\n\t\t\t<div class=\"elementor-spacer-inner\"><\/div>\n\t\t<\/div>\n\t\t\t\t\t\t<\/div>\n\t\t\t\t<\/div>\n\t\t\t\t<div class=\"elementor-element elementor-element-7f828d0 elementor-widget elementor-widget-image\" data-id=\"7f828d0\" data-element_type=\"widget\" data-e-type=\"widget\" data-widget_type=\"image.default\">\n\t\t\t\t<div class=\"elementor-widget-container\">\n\t\t\t\t\t\t\t\t\t\t\t\t\t\t\t<img fetchpriority=\"high\" decoding=\"async\" width=\"300\" height=\"300\" src=\"https:\/\/litteraturbanken.se\/skolan\/wp-content\/uploads\/2019\/03\/lb_skolan_2019_knapp_f\u00f6rfattarbild_strindberg_rosa-e1553013250660.jpg\" class=\"attachment-full size-full wp-image-13783\" alt=\"\" \/>\t\t\t\t\t\t\t\t\t\t\t\t\t\t\t<\/div>\n\t\t\t\t<\/div>\n\t\t\t\t<div class=\"elementor-element elementor-element-a2f7954 elementor-widget elementor-widget-spacer\" data-id=\"a2f7954\" data-element_type=\"widget\" data-e-type=\"widget\" data-widget_type=\"spacer.default\">\n\t\t\t\t<div class=\"elementor-widget-container\">\n\t\t\t\t\t\t\t<div class=\"elementor-spacer\">\n\t\t\t<div class=\"elementor-spacer-inner\"><\/div>\n\t\t<\/div>\n\t\t\t\t\t\t<\/div>\n\t\t\t\t<\/div>\n\t\t\t\t\t<\/div>\n\t\t<\/div>\n\t\t\t\t<div class=\"elementor-column elementor-col-25 elementor-top-column elementor-element elementor-element-0879745\" data-id=\"0879745\" data-element_type=\"column\" data-e-type=\"column\">\n\t\t\t<div class=\"elementor-widget-wrap elementor-element-populated\">\n\t\t\t\t\t\t<div class=\"elementor-element elementor-element-6091b80 elementor-widget elementor-widget-spacer\" data-id=\"6091b80\" data-element_type=\"widget\" data-e-type=\"widget\" data-widget_type=\"spacer.default\">\n\t\t\t\t<div class=\"elementor-widget-container\">\n\t\t\t\t\t\t\t<div class=\"elementor-spacer\">\n\t\t\t<div class=\"elementor-spacer-inner\"><\/div>\n\t\t<\/div>\n\t\t\t\t\t\t<\/div>\n\t\t\t\t<\/div>\n\t\t\t\t<div class=\"elementor-element elementor-element-c972a1a elementor-widget elementor-widget-spacer\" data-id=\"c972a1a\" data-element_type=\"widget\" data-e-type=\"widget\" data-widget_type=\"spacer.default\">\n\t\t\t\t<div class=\"elementor-widget-container\">\n\t\t\t\t\t\t\t<div class=\"elementor-spacer\">\n\t\t\t<div class=\"elementor-spacer-inner\"><\/div>\n\t\t<\/div>\n\t\t\t\t\t\t<\/div>\n\t\t\t\t<\/div>\n\t\t\t\t\t<\/div>\n\t\t<\/div>\n\t\t\t\t\t<\/div>\n\t\t<\/section>\n\t\t\t\t<section class=\"elementor-section elementor-top-section elementor-element elementor-element-37c67ad elementor-section-boxed elementor-section-height-default elementor-section-height-default\" data-id=\"37c67ad\" data-element_type=\"section\" data-e-type=\"section\">\n\t\t\t\t\t\t<div class=\"elementor-container elementor-column-gap-default\">\n\t\t\t\t\t<div class=\"elementor-column elementor-col-100 elementor-top-column elementor-element elementor-element-5556ce0\" data-id=\"5556ce0\" data-element_type=\"column\" data-e-type=\"column\">\n\t\t\t<div class=\"elementor-widget-wrap\">\n\t\t\t\t\t\t\t<\/div>\n\t\t<\/div>\n\t\t\t\t\t<\/div>\n\t\t<\/section>\n\t\t\t\t<\/div>\n\t\t","protected":false},"excerpt":{"rendered":"<p>August Strindberg AUGUST STRINDBERG (1849\u20131912) var och f\u00f6rblir en av Sveriges starkast lysande f\u00f6rfattare. Verksam i snart sagt alla litter\u00e4ra genrer, och inte minst som bildkonstn\u00e4r, blev han ocks\u00e5 en banbrytare l\u00e4ngs alla de konstn\u00e4rliga v\u00e4gar han slog in p\u00e5. Sitt genombrott fick han med romanen\u00a0R\u00f6da rummet\u00a0(1879) d\u00e4r den unge Arvid Falk pr\u00f6vas p\u00e5 sin [&hellip;]<\/p>\n","protected":false},"author":5,"featured_media":0,"parent":0,"menu_order":0,"comment_status":"closed","ping_status":"closed","template":"","meta":{"ocean_post_layout":"full-screen","ocean_both_sidebars_style":"","ocean_both_sidebars_content_width":0,"ocean_both_sidebars_sidebars_width":0,"ocean_sidebar":"0","ocean_second_sidebar":"0","ocean_disable_margins":"enable","ocean_add_body_class":"","ocean_shortcode_before_top_bar":"","ocean_shortcode_after_top_bar":"","ocean_shortcode_before_header":"","ocean_shortcode_after_header":"","ocean_has_shortcode":"","ocean_shortcode_after_title":"","ocean_shortcode_before_footer_widgets":"","ocean_shortcode_after_footer_widgets":"","ocean_shortcode_before_footer_bottom":"","ocean_shortcode_after_footer_bottom":"","ocean_display_top_bar":"default","ocean_display_header":"default","ocean_header_style":"","ocean_center_header_left_menu":"0","ocean_custom_header_template":"0","ocean_custom_logo":0,"ocean_custom_retina_logo":0,"ocean_custom_logo_max_width":0,"ocean_custom_logo_tablet_max_width":0,"ocean_custom_logo_mobile_max_width":0,"ocean_custom_logo_max_height":0,"ocean_custom_logo_tablet_max_height":0,"ocean_custom_logo_mobile_max_height":0,"ocean_header_custom_menu":"0","ocean_menu_typo_font_family":"0","ocean_menu_typo_font_subset":"","ocean_menu_typo_font_size":0,"ocean_menu_typo_font_size_tablet":0,"ocean_menu_typo_font_size_mobile":0,"ocean_menu_typo_font_size_unit":"px","ocean_menu_typo_font_weight":"","ocean_menu_typo_font_weight_tablet":"","ocean_menu_typo_font_weight_mobile":"","ocean_menu_typo_transform":"","ocean_menu_typo_transform_tablet":"","ocean_menu_typo_transform_mobile":"","ocean_menu_typo_line_height":0,"ocean_menu_typo_line_height_tablet":0,"ocean_menu_typo_line_height_mobile":0,"ocean_menu_typo_line_height_unit":"","ocean_menu_typo_spacing":0,"ocean_menu_typo_spacing_tablet":0,"ocean_menu_typo_spacing_mobile":0,"ocean_menu_typo_spacing_unit":"","ocean_menu_link_color":"","ocean_menu_link_color_hover":"","ocean_menu_link_color_active":"","ocean_menu_link_background":"","ocean_menu_link_hover_background":"","ocean_menu_link_active_background":"","ocean_menu_social_links_bg":"","ocean_menu_social_hover_links_bg":"","ocean_menu_social_links_color":"","ocean_menu_social_hover_links_color":"","ocean_disable_title":"on","ocean_disable_heading":"default","ocean_post_title":"","ocean_post_subheading":"","ocean_post_title_style":"","ocean_post_title_background_color":"","ocean_post_title_background":0,"ocean_post_title_bg_image_position":"","ocean_post_title_bg_image_attachment":"","ocean_post_title_bg_image_repeat":"","ocean_post_title_bg_image_size":"","ocean_post_title_height":0,"ocean_post_title_bg_overlay":0.5,"ocean_post_title_bg_overlay_color":"","ocean_disable_breadcrumbs":"default","ocean_breadcrumbs_color":"","ocean_breadcrumbs_separator_color":"","ocean_breadcrumbs_links_color":"","ocean_breadcrumbs_links_hover_color":"","ocean_display_footer_widgets":"default","ocean_display_footer_bottom":"default","ocean_custom_footer_template":"0","footnotes":""},"class_list":["post-8813","page","type-page","status-publish","hentry","entry"],"_links":{"self":[{"href":"https:\/\/litteraturbanken.se\/skolan\/wp-json\/wp\/v2\/pages\/8813","targetHints":{"allow":["GET"]}}],"collection":[{"href":"https:\/\/litteraturbanken.se\/skolan\/wp-json\/wp\/v2\/pages"}],"about":[{"href":"https:\/\/litteraturbanken.se\/skolan\/wp-json\/wp\/v2\/types\/page"}],"author":[{"embeddable":true,"href":"https:\/\/litteraturbanken.se\/skolan\/wp-json\/wp\/v2\/users\/5"}],"replies":[{"embeddable":true,"href":"https:\/\/litteraturbanken.se\/skolan\/wp-json\/wp\/v2\/comments?post=8813"}],"version-history":[{"count":12,"href":"https:\/\/litteraturbanken.se\/skolan\/wp-json\/wp\/v2\/pages\/8813\/revisions"}],"predecessor-version":[{"id":20508,"href":"https:\/\/litteraturbanken.se\/skolan\/wp-json\/wp\/v2\/pages\/8813\/revisions\/20508"}],"wp:attachment":[{"href":"https:\/\/litteraturbanken.se\/skolan\/wp-json\/wp\/v2\/media?parent=8813"}],"curies":[{"name":"wp","href":"https:\/\/api.w.org\/{rel}","templated":true}]}}