{"id":8819,"date":"2018-12-04T21:26:52","date_gmt":"2018-12-04T20:26:52","guid":{"rendered":"https:\/\/litteraturbanken.se\/skoladev\/?page_id=8819"},"modified":"2020-03-09T16:30:49","modified_gmt":"2020-03-09T15:30:49","slug":"poesi-forfattare-johan-olof-wallin-om","status":"publish","type":"page","link":"https:\/\/litteraturbanken.se\/skolan\/poesi-forfattare-johan-olof-wallin-om\/","title":{"rendered":"Poesi\/F\u00f6rfattare\/Johan Olof Wallin\/Mer om"},"content":{"rendered":"\t\t<div data-elementor-type=\"wp-post\" data-elementor-id=\"8819\" class=\"elementor elementor-8819\">\n\t\t\t\t\t\t<section class=\"elementor-section elementor-top-section elementor-element elementor-element-653f2f4 elementor-section-full_width elementor-section-height-default elementor-section-height-default\" data-id=\"653f2f4\" data-element_type=\"section\" data-e-type=\"section\" data-settings=\"{&quot;background_background&quot;:&quot;classic&quot;}\">\n\t\t\t\t\t\t<div class=\"elementor-container elementor-column-gap-default\">\n\t\t\t\t\t<div class=\"elementor-column elementor-col-25 elementor-top-column elementor-element elementor-element-a411176\" data-id=\"a411176\" data-element_type=\"column\" data-e-type=\"column\">\n\t\t\t<div class=\"elementor-widget-wrap\">\n\t\t\t\t\t\t\t<\/div>\n\t\t<\/div>\n\t\t\t\t<div class=\"elementor-column elementor-col-25 elementor-top-column elementor-element elementor-element-f6b00f3\" data-id=\"f6b00f3\" data-element_type=\"column\" data-e-type=\"column\" data-settings=\"{&quot;background_background&quot;:&quot;classic&quot;}\">\n\t\t\t<div class=\"elementor-widget-wrap elementor-element-populated\">\n\t\t\t\t\t\t<div class=\"elementor-element elementor-element-15cc8b9 elementor-widget elementor-widget-spacer\" data-id=\"15cc8b9\" data-element_type=\"widget\" data-e-type=\"widget\" data-widget_type=\"spacer.default\">\n\t\t\t\t<div class=\"elementor-widget-container\">\n\t\t\t\t\t\t\t<div class=\"elementor-spacer\">\n\t\t\t<div class=\"elementor-spacer-inner\"><\/div>\n\t\t<\/div>\n\t\t\t\t\t\t<\/div>\n\t\t\t\t<\/div>\n\t\t\t\t<div class=\"elementor-element elementor-element-e3defe9 elementor-widget elementor-widget-text-editor\" data-id=\"e3defe9\" data-element_type=\"widget\" data-e-type=\"widget\" data-widget_type=\"text-editor.default\">\n\t\t\t\t<div class=\"elementor-widget-container\">\n\t\t\t\t\t\t\t\t\t<h1 class=\"elementor-heading-title elementor-size-default\">Johan Olof Wallin<\/h1>\t\t\t\t\t\t\t\t<\/div>\n\t\t\t\t<\/div>\n\t\t\t\t<div class=\"elementor-element elementor-element-b480ead elementor-widget elementor-widget-text-editor\" data-id=\"b480ead\" data-element_type=\"widget\" data-e-type=\"widget\" data-widget_type=\"text-editor.default\">\n\t\t\t\t<div class=\"elementor-widget-container\">\n\t\t\t\t\t\t\t\t\t<div class=\"ng-binding\"><div class=\"ng-binding\"><div class=\"ng-binding\"><div class=\"ng-binding\"><div class=\"ng-binding\"><p><em>JOHAN OLOF WALLIN (1779\u20131839) fick under 1800-talets f\u00f6rsta \u00e5r flera pris av\u00a0Svenska Akademien\u00a0f\u00f6r sina \u00f6vers\u00e4ttningar av Horatius och Vergilius, och \u00e4ven f\u00f6r sin egen skaldekonst. <\/em><\/p><p><em>Omtalad, och mycket kritiserad f\u00f6r kvinnosynen, blev hans \u201dUppfostraren\u201d som prisbel\u00f6nades 1805. Wallin skrev \u00e4ven gravs\u00e5nger, s\u00e4llskapsvisor och tillf\u00e4llesdikter, bland de senare kan n\u00e4mnas \u201dDithyramb \u00f6fver den 24de Januari 1808\u201d i vilken Wallin i ord tolkar Sergels staty av Gustaf III till vars avt\u00e4ckande dikten skrevs. <\/em><\/p><p><em>Wallin pr\u00e4stvigdes 1806 och blev sedermera \u00e4rkebiskop 1837. Hans k\u00e4nsla f\u00f6r f\u00f6rsamlingarnas behov och f\u00f6r det religi\u00f6sa spr\u00e5ket gjorde honom till en m\u00e4sterlig psalmdiktare. Han var ledamot av 1811 \u00e5rs psalmkommitt\u00e9, men tog avst\u00e5nd fr\u00e5n det f\u00f6rslag kommitt\u00e9n kom att framl\u00e4gga. <\/em><\/p><p>Wallin arbetade i st\u00e4llet fram ett eget f\u00f6rslag till ny psalmbok, och detta antogs och stadf\u00e4stes 1819. Psalmboken kan i stort s\u00e4gas vara hans eget verk d\u00e5 han sj\u00e4lv skrev 128 av psalmerna samt till svenska \u00f6versatte andra och omarbetade flera av de \u00e4ldre. Ett genomg\u00e5ende tema i Wallins psalmdiktning \u00e4r l\u00e4ngtan bort fr\u00e5n det jordiska livet till det himmelskas f\u00f6rening med Gud i frid och vila.<\/p><p>\u00c4ven i sina profana dikter \u00e5terkommer han till denna l\u00e4ngtan, s\u00e5 i \u201dHemsjukan\u201d (1821) d\u00e4r diktjaget \u201dvill \u00f6ver havet till ok\u00e4nda land\u201d, s\u00e5 i \u201dD\u00f6dens engel\u201d (1834) d\u00e4r livstr\u00f6sten \u00e4r den od\u00f6dlighet som v\u00e4ntar i Guds k\u00e4rlek. I sin samtid gjorde Wallin det allra st\u00f6rsta intrycket som talare, i predikningar och h\u00f6gtidstal, i vilka hans spr\u00e5kk\u00e4nsla och innerlighet f\u00f6renades till storartad talekonst.<\/p><\/div><div class=\"introauthor\"><em class=\"ng-binding\">Lotta Lotass<\/em><\/div><div class=\"source ng-scope\"><p><span class=\"source_header sc ng-scope\" style=\"box-sizing: border-box; font-family: 'Requiem Text SC A', 'Requiem Text SC B'; text-transform: lowercase; margin-top: 1.5em; margin-bottom: 0.5em; vertical-align: top; display: inline-block;\">k\u00e4llor<\/span><\/p><ul><li class=\"ng-scope\"><div class=\"source_content ng-binding\"><i>Nordisk familjebok<\/i><\/div><\/li><li class=\"ng-scope\"><div class=\"source_content ng-binding\"><i>Den svenska litteraturen. II: Upplysning och romantik 1718-1830<\/i>, red. Lars L\u00f6nnroth &amp; Sven Delblanc<\/div><\/li><\/ul><\/div><\/div><\/div><\/div><\/div>\t\t\t\t\t\t\t\t<\/div>\n\t\t\t\t<\/div>\n\t\t\t\t\t<\/div>\n\t\t<\/div>\n\t\t\t\t<div class=\"elementor-column elementor-col-25 elementor-top-column elementor-element elementor-element-2fc3654\" data-id=\"2fc3654\" data-element_type=\"column\" data-e-type=\"column\">\n\t\t\t<div class=\"elementor-widget-wrap elementor-element-populated\">\n\t\t\t\t\t\t<div class=\"elementor-element elementor-element-f1b50ec elementor-widget elementor-widget-spacer\" data-id=\"f1b50ec\" data-element_type=\"widget\" data-e-type=\"widget\" data-widget_type=\"spacer.default\">\n\t\t\t\t<div class=\"elementor-widget-container\">\n\t\t\t\t\t\t\t<div class=\"elementor-spacer\">\n\t\t\t<div class=\"elementor-spacer-inner\"><\/div>\n\t\t<\/div>\n\t\t\t\t\t\t<\/div>\n\t\t\t\t<\/div>\n\t\t\t\t<div class=\"elementor-element elementor-element-371cd9b elementor-widget elementor-widget-image\" data-id=\"371cd9b\" data-element_type=\"widget\" data-e-type=\"widget\" data-widget_type=\"image.default\">\n\t\t\t\t<div class=\"elementor-widget-container\">\n\t\t\t\t\t\t\t\t\t\t\t\t\t\t\t<img fetchpriority=\"high\" decoding=\"async\" width=\"300\" height=\"300\" src=\"https:\/\/litteraturbanken.se\/skolan\/wp-content\/uploads\/2019\/03\/lb_skolan_2019_knapp_f\u00f6rfattarbild_wallin_bl\u00e5-e1553013142578.jpg\" class=\"attachment-full size-full wp-image-13797\" alt=\"\" \/>\t\t\t\t\t\t\t\t\t\t\t\t\t\t\t<\/div>\n\t\t\t\t<\/div>\n\t\t\t\t<div class=\"elementor-element elementor-element-ec81b38 elementor-widget elementor-widget-spacer\" data-id=\"ec81b38\" data-element_type=\"widget\" data-e-type=\"widget\" data-widget_type=\"spacer.default\">\n\t\t\t\t<div class=\"elementor-widget-container\">\n\t\t\t\t\t\t\t<div class=\"elementor-spacer\">\n\t\t\t<div class=\"elementor-spacer-inner\"><\/div>\n\t\t<\/div>\n\t\t\t\t\t\t<\/div>\n\t\t\t\t<\/div>\n\t\t\t\t\t<\/div>\n\t\t<\/div>\n\t\t\t\t<div class=\"elementor-column elementor-col-25 elementor-top-column elementor-element elementor-element-c06f968\" data-id=\"c06f968\" data-element_type=\"column\" data-e-type=\"column\">\n\t\t\t<div class=\"elementor-widget-wrap elementor-element-populated\">\n\t\t\t\t\t\t<div class=\"elementor-element elementor-element-dd81ffe elementor-widget elementor-widget-spacer\" data-id=\"dd81ffe\" data-element_type=\"widget\" data-e-type=\"widget\" data-widget_type=\"spacer.default\">\n\t\t\t\t<div class=\"elementor-widget-container\">\n\t\t\t\t\t\t\t<div class=\"elementor-spacer\">\n\t\t\t<div class=\"elementor-spacer-inner\"><\/div>\n\t\t<\/div>\n\t\t\t\t\t\t<\/div>\n\t\t\t\t<\/div>\n\t\t\t\t<div class=\"elementor-element elementor-element-b65c9f4 elementor-widget elementor-widget-spacer\" data-id=\"b65c9f4\" data-element_type=\"widget\" data-e-type=\"widget\" data-widget_type=\"spacer.default\">\n\t\t\t\t<div class=\"elementor-widget-container\">\n\t\t\t\t\t\t\t<div class=\"elementor-spacer\">\n\t\t\t<div class=\"elementor-spacer-inner\"><\/div>\n\t\t<\/div>\n\t\t\t\t\t\t<\/div>\n\t\t\t\t<\/div>\n\t\t\t\t\t<\/div>\n\t\t<\/div>\n\t\t\t\t\t<\/div>\n\t\t<\/section>\n\t\t\t\t<\/div>\n\t\t","protected":false},"excerpt":{"rendered":"<p>Johan Olof Wallin JOHAN OLOF WALLIN (1779\u20131839) fick under 1800-talets f\u00f6rsta \u00e5r flera pris av\u00a0Svenska Akademien\u00a0f\u00f6r sina \u00f6vers\u00e4ttningar av Horatius och Vergilius, och \u00e4ven f\u00f6r sin egen skaldekonst. Omtalad, och mycket kritiserad f\u00f6r kvinnosynen, blev hans \u201dUppfostraren\u201d som prisbel\u00f6nades 1805. Wallin skrev \u00e4ven gravs\u00e5nger, s\u00e4llskapsvisor och tillf\u00e4llesdikter, bland de senare kan n\u00e4mnas \u201dDithyramb \u00f6fver den [&hellip;]<\/p>\n","protected":false},"author":5,"featured_media":0,"parent":0,"menu_order":0,"comment_status":"closed","ping_status":"closed","template":"","meta":{"ocean_post_layout":"full-screen","ocean_both_sidebars_style":"","ocean_both_sidebars_content_width":0,"ocean_both_sidebars_sidebars_width":0,"ocean_sidebar":"0","ocean_second_sidebar":"0","ocean_disable_margins":"enable","ocean_add_body_class":"","ocean_shortcode_before_top_bar":"","ocean_shortcode_after_top_bar":"","ocean_shortcode_before_header":"","ocean_shortcode_after_header":"","ocean_has_shortcode":"","ocean_shortcode_after_title":"","ocean_shortcode_before_footer_widgets":"","ocean_shortcode_after_footer_widgets":"","ocean_shortcode_before_footer_bottom":"","ocean_shortcode_after_footer_bottom":"","ocean_display_top_bar":"default","ocean_display_header":"default","ocean_header_style":"","ocean_center_header_left_menu":"0","ocean_custom_header_template":"0","ocean_custom_logo":0,"ocean_custom_retina_logo":0,"ocean_custom_logo_max_width":0,"ocean_custom_logo_tablet_max_width":0,"ocean_custom_logo_mobile_max_width":0,"ocean_custom_logo_max_height":0,"ocean_custom_logo_tablet_max_height":0,"ocean_custom_logo_mobile_max_height":0,"ocean_header_custom_menu":"0","ocean_menu_typo_font_family":"0","ocean_menu_typo_font_subset":"","ocean_menu_typo_font_size":0,"ocean_menu_typo_font_size_tablet":0,"ocean_menu_typo_font_size_mobile":0,"ocean_menu_typo_font_size_unit":"px","ocean_menu_typo_font_weight":"","ocean_menu_typo_font_weight_tablet":"","ocean_menu_typo_font_weight_mobile":"","ocean_menu_typo_transform":"","ocean_menu_typo_transform_tablet":"","ocean_menu_typo_transform_mobile":"","ocean_menu_typo_line_height":0,"ocean_menu_typo_line_height_tablet":0,"ocean_menu_typo_line_height_mobile":0,"ocean_menu_typo_line_height_unit":"","ocean_menu_typo_spacing":0,"ocean_menu_typo_spacing_tablet":0,"ocean_menu_typo_spacing_mobile":0,"ocean_menu_typo_spacing_unit":"","ocean_menu_link_color":"","ocean_menu_link_color_hover":"","ocean_menu_link_color_active":"","ocean_menu_link_background":"","ocean_menu_link_hover_background":"","ocean_menu_link_active_background":"","ocean_menu_social_links_bg":"","ocean_menu_social_hover_links_bg":"","ocean_menu_social_links_color":"","ocean_menu_social_hover_links_color":"","ocean_disable_title":"on","ocean_disable_heading":"default","ocean_post_title":"","ocean_post_subheading":"","ocean_post_title_style":"","ocean_post_title_background_color":"","ocean_post_title_background":0,"ocean_post_title_bg_image_position":"","ocean_post_title_bg_image_attachment":"","ocean_post_title_bg_image_repeat":"","ocean_post_title_bg_image_size":"","ocean_post_title_height":0,"ocean_post_title_bg_overlay":0.5,"ocean_post_title_bg_overlay_color":"","ocean_disable_breadcrumbs":"default","ocean_breadcrumbs_color":"","ocean_breadcrumbs_separator_color":"","ocean_breadcrumbs_links_color":"","ocean_breadcrumbs_links_hover_color":"","ocean_display_footer_widgets":"default","ocean_display_footer_bottom":"default","ocean_custom_footer_template":"0","footnotes":""},"class_list":["post-8819","page","type-page","status-publish","hentry","entry"],"_links":{"self":[{"href":"https:\/\/litteraturbanken.se\/skolan\/wp-json\/wp\/v2\/pages\/8819","targetHints":{"allow":["GET"]}}],"collection":[{"href":"https:\/\/litteraturbanken.se\/skolan\/wp-json\/wp\/v2\/pages"}],"about":[{"href":"https:\/\/litteraturbanken.se\/skolan\/wp-json\/wp\/v2\/types\/page"}],"author":[{"embeddable":true,"href":"https:\/\/litteraturbanken.se\/skolan\/wp-json\/wp\/v2\/users\/5"}],"replies":[{"embeddable":true,"href":"https:\/\/litteraturbanken.se\/skolan\/wp-json\/wp\/v2\/comments?post=8819"}],"version-history":[{"count":6,"href":"https:\/\/litteraturbanken.se\/skolan\/wp-json\/wp\/v2\/pages\/8819\/revisions"}],"predecessor-version":[{"id":20521,"href":"https:\/\/litteraturbanken.se\/skolan\/wp-json\/wp\/v2\/pages\/8819\/revisions\/20521"}],"wp:attachment":[{"href":"https:\/\/litteraturbanken.se\/skolan\/wp-json\/wp\/v2\/media?parent=8819"}],"curies":[{"name":"wp","href":"https:\/\/api.w.org\/{rel}","templated":true}]}}