{"id":9133,"date":"2018-12-09T20:58:52","date_gmt":"2018-12-09T19:58:52","guid":{"rendered":"https:\/\/litteraturbanken.se\/skoladev\/?page_id=9133"},"modified":"2020-02-11T13:44:28","modified_gmt":"2020-02-11T12:44:28","slug":"poesi-forfattare-erik-axel-karlfeldt-nattyxne","status":"publish","type":"page","link":"https:\/\/litteraturbanken.se\/skolan\/poesi-forfattare-erik-axel-karlfeldt-nattyxne\/","title":{"rendered":"Poesi\/F\u00f6rfattare\/Erik Axel Karlfeldt\/Nattyxne"},"content":{"rendered":"\t\t<div data-elementor-type=\"wp-post\" data-elementor-id=\"9133\" class=\"elementor elementor-9133\">\n\t\t\t\t\t\t<section class=\"elementor-section elementor-top-section elementor-element elementor-element-4becf09 elementor-section-boxed elementor-section-height-default elementor-section-height-default\" data-id=\"4becf09\" data-element_type=\"section\" data-e-type=\"section\">\n\t\t\t\t\t\t<div class=\"elementor-container elementor-column-gap-default\">\n\t\t\t\t\t<div class=\"elementor-column elementor-col-100 elementor-top-column elementor-element elementor-element-f94153c\" data-id=\"f94153c\" data-element_type=\"column\" data-e-type=\"column\">\n\t\t\t<div class=\"elementor-widget-wrap elementor-element-populated\">\n\t\t\t\t\t\t<div class=\"elementor-element elementor-element-84ea9ac elementor-widget elementor-widget-spacer\" data-id=\"84ea9ac\" data-element_type=\"widget\" data-e-type=\"widget\" data-widget_type=\"spacer.default\">\n\t\t\t\t<div class=\"elementor-widget-container\">\n\t\t\t\t\t\t\t<div class=\"elementor-spacer\">\n\t\t\t<div class=\"elementor-spacer-inner\"><\/div>\n\t\t<\/div>\n\t\t\t\t\t\t<\/div>\n\t\t\t\t<\/div>\n\t\t\t\t\t<\/div>\n\t\t<\/div>\n\t\t\t\t\t<\/div>\n\t\t<\/section>\n\t\t\t\t<section class=\"elementor-section elementor-inner-section elementor-element elementor-element-dabf81f elementor-section-boxed elementor-section-height-default elementor-section-height-default\" data-id=\"dabf81f\" data-element_type=\"section\" data-e-type=\"section\">\n\t\t\t\t\t\t<div class=\"elementor-container elementor-column-gap-default\">\n\t\t\t\t\t<div class=\"elementor-column elementor-col-66 elementor-inner-column elementor-element elementor-element-e4d80cc\" data-id=\"e4d80cc\" data-element_type=\"column\" data-e-type=\"column\" data-settings=\"{&quot;background_background&quot;:&quot;classic&quot;}\">\n\t\t\t<div class=\"elementor-widget-wrap elementor-element-populated\">\n\t\t\t\t\t\t<div class=\"elementor-element elementor-element-608f4d6 elementor-widget elementor-widget-heading\" data-id=\"608f4d6\" data-element_type=\"widget\" data-e-type=\"widget\" data-widget_type=\"heading.default\">\n\t\t\t\t<div class=\"elementor-widget-container\">\n\t\t\t\t\t<h2 class=\"elementor-heading-title elementor-size-default\">Nattyxne<\/h2>\t\t\t\t<\/div>\n\t\t\t\t<\/div>\n\t\t\t\t<div class=\"elementor-element elementor-element-c257fb1 elementor-widget elementor-widget-text-editor\" data-id=\"c257fb1\" data-element_type=\"widget\" data-e-type=\"widget\" data-widget_type=\"text-editor.default\">\n\t\t\t\t<div class=\"elementor-widget-container\">\n\t\t\t\t\t\t\t\t\t<p>Av\u00a0<em><a href=\"https:\/\/litteraturbanken.se\/skolan\/?page_id=304\">Erik Axel Karlfeldt<\/a><\/em><\/p>\t\t\t\t\t\t\t\t<\/div>\n\t\t\t\t<\/div>\n\t\t\t\t<div class=\"elementor-element elementor-element-a7079f7 elementor-widget elementor-widget-text-editor\" data-id=\"a7079f7\" data-element_type=\"widget\" data-e-type=\"widget\" data-widget_type=\"text-editor.default\">\n\t\t\t\t<div class=\"elementor-widget-container\">\n\t\t\t\t\t\t\t\t\t<p><strong>Ur:<\/strong>\u00a0<em>Flora och Pomona<\/em><em>\u00a0<\/em><span style=\"font-size: 15px; letter-spacing: 0.6px;\"><span class=\"ng-binding\" aria-hidden=\"false\">(1906)<\/span>\u00a0<\/span><strong>\u00c5rskurs<\/strong><span style=\"font-family: Montserrat, sans-serif; font-size: 15px; font-style: normal; font-variant-ligatures: normal; font-variant-caps: normal; letter-spacing: 0.6px; font-weight: 600; text-align: left;\">:\u00a0<\/span>Gymnasium\u00a0 \u00a0<strong>Tema<\/strong>:\u00a0Erotik,\u00a0K\u00e4rlek\u00a0\u00a0<\/p>\t\t\t\t\t\t\t\t<\/div>\n\t\t\t\t<\/div>\n\t\t\t\t<div class=\"elementor-element elementor-element-7e96f1b elementor-widget elementor-widget-text-editor\" data-id=\"7e96f1b\" data-element_type=\"widget\" data-e-type=\"widget\" data-widget_type=\"text-editor.default\">\n\t\t\t\t<div class=\"elementor-widget-container\">\n\t\t\t\t\t\t\t\t\t<div class=\"_head b center chaptername\"><div class=\"_l\"><div class=\"literallayout\"><p>\u00d6ver\u00a0dig,\u00a0yxne,\u00a0\u00e4lskogs\u00f6rt,<br \/>susade\u00a0Veneris\u00a0flyende\u00a0sk\u00f6rt,<br \/>daggen\u00a0som\u00a0lopp\u00a0av\u00a0den\u00a0vita\u00a0foten<br \/>g\u00f6t\u00a0dig\u00a0i\u00a0roten<br \/>sin\u00a0v\u00e5rliga\u00a0v\u00f6rt.<br \/>Daggig\u00a0hon\u00a0kom\u00a0av\u00a0de\u00a0l\u00e5nga\u00a0hav,<br \/>daggig\u00a0av\u00a0lundarnas\u00a0f\u00e4rska\u00a0sav,<br \/>glidande\u00a0sakta\u00a0i\u00a0tungelnatten<br \/>nyckfullt\u00a0in\u00a0mot\u00a0de\u00a0sp\u00e4da\u00a0vatten,<br \/>sj\u00f6nk\u00a0som\u00a0en\u00a0svan<br \/>ned\u00a0mellan\u00a0kasdun\u00a0och\u00a0baldrian.<br \/><br \/>Veneris\u00a0blomma,\u00a0nattviol,<br \/>vinden\u00a0d\u00f6r\u00a0bort\u00a0som\u00a0en\u00a0matt\u00a0fiol,<br \/>str\u00e4ngad\u00a0med\u00a0dv\u00e4rgsn\u00e4t\u00a0fr\u00e5n\u00a0grenar\u00a0och\u00a0\u00e4ngar,<br \/>str\u00e4ngad\u00a0med\u00a0str\u00e4ngar<br \/>av\u00a0sjunkande\u00a0sol.<br \/>Vit\u00a0\u00e4r\u00a0din\u00a0kind,\u00a0och\u00a0all\u00a0dagen\u00a0du\u00a0g\u00f6mt<br \/>blicken\u00a0f\u00f6r\u00a0solen\u00a0och\u00a0lutat\u00a0och\u00a0dr\u00f6mt.<br \/>Vet\u00a0du\u00a0ditt\u00a0blod\u00a0som\u00a0en\u00a0jungfrus\u00a0\u00e4r\u00a0blandat?<br \/>Vet\u00a0du\u00a0ditt\u00a0dr\u00f6mliv\u00a0som\u00a0hennes\u00a0\u00e4r\u00a0andat<br \/>renast\u00a0och\u00a0b\u00e4st<br \/>blott\u00a0som\u00a0en\u00a0doft\u00a0vid\u00a0en\u00a0tungelf\u00e4st?<br \/><br \/>Veneris\u00a0blomma,\u00a0nosserot,<br \/>vinden\u00a0far\u00a0upp,\u00a0som\u00a0sov\u00a0vid\u00a0din\u00a0fot,<br \/>ur\u00a0m\u00f6rkret\u00a0ett\u00a0lidelsens\u00a0str\u00e5kdrag\u00a0svingar<br \/>p\u00e5\u00a0fl\u00e4dermusvingar<br \/>mot\u00a0m\u00e5nens\u00a0klot.<br \/>Jungfrublomma,\u00a0b\u00f6j\u00a0dina\u00a0kn\u00e4n,<br \/>oskuld\u00a0som\u00a0brytes,\u00a0dess\u00a0doft\u00a0\u00e4r\u00a0fr\u00e4n.<br \/>Vet\u00a0du\u00a0de\u00a0sk\u00e4ra\u00a0dr\u00f6mmarnas\u00a0\u00f6de?<br \/>Djupt\u00a0i\u00a0din\u00a0rot\u00a0g\u00e5r\u00a0ett\u00a0hemligt\u00a0fl\u00f6de,<br \/>en\u00a0jordbrygd\u00a0skum,<br \/>Veneris\u00a0blomma,\u00a0Satyrium.<\/p><\/div><p>Nattviolens blad och st\u00e4ngel avgiva, d\u00e5 de brytas, en fr\u00e4n lukt.<\/p><\/div><\/div>\t\t\t\t\t\t\t\t<\/div>\n\t\t\t\t<\/div>\n\t\t\t\t\t<\/div>\n\t\t<\/div>\n\t\t\t\t<div class=\"elementor-column elementor-col-33 elementor-inner-column elementor-element elementor-element-2ffd273\" data-id=\"2ffd273\" data-element_type=\"column\" data-e-type=\"column\">\n\t\t\t<div class=\"elementor-widget-wrap elementor-element-populated\">\n\t\t\t\t\t\t<div class=\"elementor-element elementor-element-d4d77df elementor-widget elementor-widget-wp-widget-media_audio\" data-id=\"d4d77df\" data-element_type=\"widget\" data-e-type=\"widget\" data-widget_type=\"wp-widget-media_audio.default\">\n\t\t\t\t<div class=\"elementor-widget-container\">\n\t\t\t\t\t<h5>Paulina Helgeson l\u00e4ser \u201dNattyxne\u201d av Erik Axel Karlfeldt.<\/h5><audio class=\"wp-audio-shortcode\" id=\"audio-9133-1\" preload=\"none\" style=\"width: 100%;\" controls=\"controls\"><source type=\"audio\/mpeg\" src=\"https:\/\/litteraturbanken.se\/skolan\/wp-content\/uploads\/2019\/03\/karlfeldt_nattyxne_helgeson.mp3?_=1\" \/><source type=\"audio\/mpeg\" src=\"https:\/\/litteraturbanken.se\/skolan\/wp-content\/uploads\/2019\/03\/karlfeldt_nattyxne_helgeson.mp3?_=1\" \/><a href=\"https:\/\/litteraturbanken.se\/skolan\/wp-content\/uploads\/2019\/03\/karlfeldt_nattyxne_helgeson.mp3\">https:\/\/litteraturbanken.se\/skolan\/wp-content\/uploads\/2019\/03\/karlfeldt_nattyxne_helgeson.mp3<\/a><\/audio>\t\t\t\t<\/div>\n\t\t\t\t<\/div>\n\t\t\t\t<div class=\"elementor-element elementor-element-217e049 elementor-icon-list--layout-traditional elementor-list-item-link-full_width elementor-widget elementor-widget-icon-list\" data-id=\"217e049\" data-element_type=\"widget\" data-e-type=\"widget\" data-widget_type=\"icon-list.default\">\n\t\t\t\t<div class=\"elementor-widget-container\">\n\t\t\t\t\t\t\t<ul class=\"elementor-icon-list-items\">\n\t\t\t\t\t\t\t<li class=\"elementor-icon-list-item\">\n\t\t\t\t\t\t\t\t\t\t\t<a href=\"https:\/\/litteraturbanken.se\/forfattare\/KarlfeldtEA\/titlar\/FloraOchPomona\/sida\/42\/etext\" target=\"_blank\">\n\n\t\t\t\t\t\t\t\t\t\t\t\t<span class=\"elementor-icon-list-icon\">\n\t\t\t\t\t\t\t\t\t\t\t\t\t\t\t\t<i class=\"fa fa-file-text-o\" aria-hidden=\"true\"><\/i>\n\t\t\t\t\t\t\t\t\t\t\t\t\t<\/span>\n\t\t\t\t\t\t\t\t\t\t<span class=\"elementor-icon-list-text\">L\u00e4s dikten p\u00e5 Litteraturbanken<\/span>\n\t\t\t\t\t\t\t\t\t\t\t<\/a>\n\t\t\t\t\t\t\t\t\t<\/li>\n\t\t\t\t\t\t\t\t<li class=\"elementor-icon-list-item\">\n\t\t\t\t\t\t\t\t\t\t\t<a href=\"https:\/\/litteraturbanken.se\/skolan\/?page_id=261\" target=\"_blank\">\n\n\t\t\t\t\t\t\t\t\t\t\t\t<span class=\"elementor-icon-list-icon\">\n\t\t\t\t\t\t\t\t\t\t\t\t\t\t\t\t<i class=\"fa fa-file-text-o\" aria-hidden=\"true\"><\/i>\n\t\t\t\t\t\t\t\t\t\t\t\t\t<\/span>\n\t\t\t\t\t\t\t\t\t\t<span class=\"elementor-icon-list-text\">Termer och begrepp<\/span>\n\t\t\t\t\t\t\t\t\t\t\t<\/a>\n\t\t\t\t\t\t\t\t\t<\/li>\n\t\t\t\t\t\t<\/ul>\n\t\t\t\t\t\t<\/div>\n\t\t\t\t<\/div>\n\t\t\t\t<div class=\"elementor-element elementor-element-b6206c9 elementor-align-center elementor-widget elementor-widget-button\" data-id=\"b6206c9\" data-element_type=\"widget\" data-e-type=\"widget\" data-widget_type=\"button.default\">\n\t\t\t\t<div class=\"elementor-widget-container\">\n\t\t\t\t\t\t\t\t\t<div class=\"elementor-button-wrapper\">\n\t\t\t\t\t<a class=\"elementor-button elementor-button-link elementor-size-md elementor-animation-grow\" href=\"#uppgift\">\n\t\t\t\t\t\t<span class=\"elementor-button-content-wrapper\">\n\t\t\t\t\t\t<span class=\"elementor-button-icon\">\n\t\t\t\t\t\t\t\t\t<i class=\"fa fa-pencil\" aria-hidden=\"true\"><\/i>\n\t\t\t\t\t\t\t<\/span>\n\t\t\t\t\t\t\t\t\t<span class=\"elementor-button-text\">Uppgift, Gymnasium<\/span>\n\t\t\t\t\t<\/span>\n\t\t\t\t\t<\/a>\n\t\t\t\t<\/div>\n\t\t\t\t\t\t\t\t<\/div>\n\t\t\t\t<\/div>\n\t\t\t\t<div class=\"elementor-element elementor-element-9d8b153 elementor-icon-list--layout-traditional elementor-list-item-link-full_width elementor-widget elementor-widget-icon-list\" data-id=\"9d8b153\" data-element_type=\"widget\" data-e-type=\"widget\" data-widget_type=\"icon-list.default\">\n\t\t\t\t<div class=\"elementor-widget-container\">\n\t\t\t\t\t\t\t<ul class=\"elementor-icon-list-items\">\n\t\t\t\t\t\t\t<li class=\"elementor-icon-list-item\">\n\t\t\t\t\t\t\t\t\t\t\t<span class=\"elementor-icon-list-icon\">\n\t\t\t\t\t\t\t\t\t\t\t\t\t\t\t\t<i class=\"fa fa-lightbulb-o\" aria-hidden=\"true\"><\/i>\n\t\t\t\t\t\t\t\t\t\t\t\t\t<\/span>\n\t\t\t\t\t\t\t\t\t\t<span class=\"elementor-icon-list-text\">Ordf\u00f6rst\u00e5else<\/span>\n\t\t\t\t\t\t\t\t\t<\/li>\n\t\t\t\t\t\t<\/ul>\n\t\t\t\t\t\t<\/div>\n\t\t\t\t<\/div>\n\t\t\t\t<div class=\"elementor-element elementor-element-333addd elementor-widget elementor-widget-text-editor\" data-id=\"333addd\" data-element_type=\"widget\" data-e-type=\"widget\" data-widget_type=\"text-editor.default\">\n\t\t\t\t<div class=\"elementor-widget-container\">\n\t\t\t\t\t\t\t\t\t<p><strong>Baldrian:\u00a0<\/strong>En v\u00e4xt<\/p><p><strong>Kasdun:<\/strong> En v\u00e4xt<\/p><p><strong>Nattyxne\u00a0<\/strong>(\u00e4ven kallad nattviol): En orkid\u00e9 som ans\u00e5gs sexuellt st\u00e4rkande.<\/p><p><strong>Tungel:<\/strong> Det samma som m\u00e5nsken<\/p><p><strong>Veneris<\/strong>: Ett annat namn p\u00e5 k\u00e4rleksgudinnan Venus.<\/p><p>\u00a0<\/p><p>\u00a0<\/p>\t\t\t\t\t\t\t\t<\/div>\n\t\t\t\t<\/div>\n\t\t\t\t<div class=\"elementor-element elementor-element-297d9c0 elementor-widget elementor-widget-image\" data-id=\"297d9c0\" data-element_type=\"widget\" data-e-type=\"widget\" data-widget_type=\"image.default\">\n\t\t\t\t<div class=\"elementor-widget-container\">\n\t\t\t\t\t\t\t\t\t\t\t\t\t\t\t<img fetchpriority=\"high\" decoding=\"async\" width=\"300\" height=\"300\" src=\"https:\/\/litteraturbanken.se\/skolan\/wp-content\/uploads\/2019\/03\/lb_skolan_2019_knapp_f\u00f6rfattarbild-karlfeldt_r\u00f6d-e1553013449132.jpg\" class=\"attachment-full size-full wp-image-13749\" alt=\"\" \/>\t\t\t\t\t\t\t\t\t\t\t\t\t\t\t<\/div>\n\t\t\t\t<\/div>\n\t\t\t\t\t<\/div>\n\t\t<\/div>\n\t\t\t\t\t<\/div>\n\t\t<\/section>\n\t\t\t\t<section class=\"elementor-section elementor-top-section elementor-element elementor-element-42e3025 elementor-section-boxed elementor-section-height-default elementor-section-height-default\" data-id=\"42e3025\" data-element_type=\"section\" data-e-type=\"section\">\n\t\t\t\t\t\t<div class=\"elementor-container elementor-column-gap-default\">\n\t\t\t\t\t<div class=\"elementor-column elementor-col-100 elementor-top-column elementor-element elementor-element-dbe5be4\" data-id=\"dbe5be4\" data-element_type=\"column\" data-e-type=\"column\">\n\t\t\t<div class=\"elementor-widget-wrap elementor-element-populated\">\n\t\t\t\t\t\t<div class=\"elementor-element elementor-element-0b385db elementor-widget elementor-widget-spacer\" data-id=\"0b385db\" data-element_type=\"widget\" data-e-type=\"widget\" data-widget_type=\"spacer.default\">\n\t\t\t\t<div class=\"elementor-widget-container\">\n\t\t\t\t\t\t\t<div class=\"elementor-spacer\">\n\t\t\t<div class=\"elementor-spacer-inner\"><\/div>\n\t\t<\/div>\n\t\t\t\t\t\t<\/div>\n\t\t\t\t<\/div>\n\t\t\t\t\t<\/div>\n\t\t<\/div>\n\t\t\t\t\t<\/div>\n\t\t<\/section>\n\t\t\t\t<section class=\"elementor-section elementor-top-section elementor-element elementor-element-23cfe81 elementor-section-boxed elementor-section-height-default elementor-section-height-default\" data-id=\"23cfe81\" data-element_type=\"section\" data-e-type=\"section\">\n\t\t\t\t\t\t<div class=\"elementor-container elementor-column-gap-default\">\n\t\t\t\t\t<div class=\"elementor-column elementor-col-100 elementor-top-column elementor-element elementor-element-38a2ae6\" data-id=\"38a2ae6\" data-element_type=\"column\" data-e-type=\"column\" data-settings=\"{&quot;background_background&quot;:&quot;classic&quot;}\">\n\t\t\t<div class=\"elementor-widget-wrap elementor-element-populated\">\n\t\t\t\t\t\t<section class=\"elementor-section elementor-inner-section elementor-element elementor-element-efe7976 elementor-section-boxed elementor-section-height-default elementor-section-height-default\" data-id=\"efe7976\" data-element_type=\"section\" data-e-type=\"section\">\n\t\t\t\t\t\t<div class=\"elementor-container elementor-column-gap-default\">\n\t\t\t\t\t<div class=\"elementor-column elementor-col-100 elementor-inner-column elementor-element elementor-element-a4e6d1f\" data-id=\"a4e6d1f\" data-element_type=\"column\" data-e-type=\"column\">\n\t\t\t<div class=\"elementor-widget-wrap elementor-element-populated\">\n\t\t\t\t\t\t<div class=\"elementor-element elementor-element-d32d203 elementor-widget elementor-widget-menu-anchor\" data-id=\"d32d203\" data-element_type=\"widget\" data-e-type=\"widget\" data-widget_type=\"menu-anchor.default\">\n\t\t\t\t<div class=\"elementor-widget-container\">\n\t\t\t\t\t\t\t<div class=\"elementor-menu-anchor\" id=\"uppgift\"><\/div>\n\t\t\t\t\t\t<\/div>\n\t\t\t\t<\/div>\n\t\t\t\t<div class=\"elementor-element elementor-element-4e53343 elementor-view-framed elementor-shape-circle elementor-widget elementor-widget-icon\" data-id=\"4e53343\" data-element_type=\"widget\" data-e-type=\"widget\" data-widget_type=\"icon.default\">\n\t\t\t\t<div class=\"elementor-widget-container\">\n\t\t\t\t\t\t\t<div class=\"elementor-icon-wrapper\">\n\t\t\t<div class=\"elementor-icon\">\n\t\t\t\t\t\t\t<i class=\"fa fa-pencil\" aria-hidden=\"true\"><\/i>\n\t\t\t\t\t\t<\/div>\n\t\t<\/div>\n\t\t\t\t\t\t<\/div>\n\t\t\t\t<\/div>\n\t\t\t\t<div class=\"elementor-element elementor-element-f863856 elementor-widget elementor-widget-toggle\" data-id=\"f863856\" data-element_type=\"widget\" data-e-type=\"widget\" data-widget_type=\"toggle.default\">\n\t\t\t\t<div class=\"elementor-widget-container\">\n\t\t\t\t\t\t\t<div class=\"elementor-toggle\">\n\t\t\t\t\t\t\t<div class=\"elementor-toggle-item\">\n\t\t\t\t\t<div id=\"elementor-tab-title-2601\" class=\"elementor-tab-title\" data-tab=\"1\" role=\"button\" aria-controls=\"elementor-tab-content-2601\" aria-expanded=\"false\">\n\t\t\t\t\t\t\t\t\t\t\t\t<span class=\"elementor-toggle-icon elementor-toggle-icon-left\" aria-hidden=\"true\">\n\t\t\t\t\t\t\t\t\t\t\t\t\t\t\t<i class=\"elementor-toggle-icon-closed fa fa-chevron-right\"><\/i>\n\t\t\t\t\t\t\t\t<i class=\"elementor-toggle-icon-opened fa fa-chevron-down\"><\/i>\n\t\t\t\t\t\t\t\t\t\t\t\t\t<\/span>\n\t\t\t\t\t\t\t\t\t\t\t\t<a class=\"elementor-toggle-title\" tabindex=\"0\">Gymnasium<\/a>\n\t\t\t\t\t<\/div>\n\n\t\t\t\t\t<div id=\"elementor-tab-content-2601\" class=\"elementor-tab-content elementor-clearfix\" data-tab=\"1\" role=\"region\" aria-labelledby=\"elementor-tab-title-2601\"><h3>N\u00e4rl\u00e4s<\/h3><p>1 N\u00e4rl\u00e4s dikten och frammana bilderna av den sp\u00e4da vita blomman, likt en ung oskuldsfull flicka i de tv\u00e5 f\u00f6rsta stroferna<\/p><p>2 J\u00e4mf\u00f6r bilden med den tredje strofens ordval med m\u00f6rker, lidelse, fladdermusvingar och fr\u00e4n doft.<\/p><p>3\u00a0<span style=\"font-size: 15px; letter-spacing: 0.6px;\">I en kommentar till dikten anger f\u00f6rfattaren att blomman avger en fr\u00e4n doft n\u00e4r den bryts av. Samtala om varf\u00f6r f\u00f6rfattaren har lagt till denna kommentar.<\/span><\/p><h3>J\u00e4mf\u00f6r<\/h3><p>1 J\u00e4mf\u00f6r dikten med Bengt Lidners dikt\u00a0<a href=\"https:\/\/litteraturbanken.se\/skolan\/?page_id=9743&amp;preview_nonce=c5fa1dd18e\" target=\"_blank\" rel=\"noopener\">\u201dNatt-violen\u201d<\/a>. Vad finns det f\u00f6r likheter och skillnader?<\/p><p>2 \u00c4ven i \u201dNatt-violen\u201d j\u00e4mf\u00f6rs blomman nattviol med en kvinna. Hur beskrivs hon?<\/p><p>3 Samtala om vilken av dikterna som kan ha skrivits f\u00f6rst.<\/p><p>4 Ta reda p\u00e5 n\u00e4r de \u00e4r skrivna.<\/p><\/div>\n\t\t\t\t<\/div>\n\t\t\t\t\t\t\t\t<\/div>\n\t\t\t\t\t\t<\/div>\n\t\t\t\t<\/div>\n\t\t\t\t\t<\/div>\n\t\t<\/div>\n\t\t\t\t\t<\/div>\n\t\t<\/section>\n\t\t\t\t<div class=\"elementor-element elementor-element-aa917bf elementor-widget elementor-widget-spacer\" data-id=\"aa917bf\" data-element_type=\"widget\" data-e-type=\"widget\" data-widget_type=\"spacer.default\">\n\t\t\t\t<div class=\"elementor-widget-container\">\n\t\t\t\t\t\t\t<div class=\"elementor-spacer\">\n\t\t\t<div class=\"elementor-spacer-inner\"><\/div>\n\t\t<\/div>\n\t\t\t\t\t\t<\/div>\n\t\t\t\t<\/div>\n\t\t\t\t\t<\/div>\n\t\t<\/div>\n\t\t\t\t\t<\/div>\n\t\t<\/section>\n\t\t\t\t<section class=\"elementor-section elementor-top-section elementor-element elementor-element-d641f6c elementor-section-boxed elementor-section-height-default elementor-section-height-default\" data-id=\"d641f6c\" data-element_type=\"section\" data-e-type=\"section\">\n\t\t\t\t\t\t<div class=\"elementor-container elementor-column-gap-default\">\n\t\t\t\t\t<div class=\"elementor-column elementor-col-100 elementor-top-column elementor-element elementor-element-b47078f\" data-id=\"b47078f\" data-element_type=\"column\" data-e-type=\"column\">\n\t\t\t<div class=\"elementor-widget-wrap elementor-element-populated\">\n\t\t\t\t\t\t<div class=\"elementor-element elementor-element-07dcfd2 elementor-widget elementor-widget-spacer\" data-id=\"07dcfd2\" data-element_type=\"widget\" data-e-type=\"widget\" data-widget_type=\"spacer.default\">\n\t\t\t\t<div class=\"elementor-widget-container\">\n\t\t\t\t\t\t\t<div class=\"elementor-spacer\">\n\t\t\t<div class=\"elementor-spacer-inner\"><\/div>\n\t\t<\/div>\n\t\t\t\t\t\t<\/div>\n\t\t\t\t<\/div>\n\t\t\t\t\t<\/div>\n\t\t<\/div>\n\t\t\t\t\t<\/div>\n\t\t<\/section>\n\t\t\t\t<\/div>\n\t\t","protected":false},"excerpt":{"rendered":"<p>Nattyxne Av\u00a0Erik Axel Karlfeldt Ur:\u00a0Flora och Pomona\u00a0(1906)\u00a0\u00c5rskurs:\u00a0Gymnasium\u00a0 \u00a0Tema:\u00a0Erotik,\u00a0K\u00e4rlek\u00a0\u00a0 \u00d6ver\u00a0dig,\u00a0yxne,\u00a0\u00e4lskogs\u00f6rt,susade\u00a0Veneris\u00a0flyende\u00a0sk\u00f6rt,daggen\u00a0som\u00a0lopp\u00a0av\u00a0den\u00a0vita\u00a0foteng\u00f6t\u00a0dig\u00a0i\u00a0rotensin\u00a0v\u00e5rliga\u00a0v\u00f6rt.Daggig\u00a0hon\u00a0kom\u00a0av\u00a0de\u00a0l\u00e5nga\u00a0hav,daggig\u00a0av\u00a0lundarnas\u00a0f\u00e4rska\u00a0sav,glidande\u00a0sakta\u00a0i\u00a0tungelnattennyckfullt\u00a0in\u00a0mot\u00a0de\u00a0sp\u00e4da\u00a0vatten,sj\u00f6nk\u00a0som\u00a0en\u00a0svanned\u00a0mellan\u00a0kasdun\u00a0och\u00a0baldrian. Veneris\u00a0blomma,\u00a0nattviol,vinden\u00a0d\u00f6r\u00a0bort\u00a0som\u00a0en\u00a0matt\u00a0fiol,str\u00e4ngad\u00a0med\u00a0dv\u00e4rgsn\u00e4t\u00a0fr\u00e5n\u00a0grenar\u00a0och\u00a0\u00e4ngar,str\u00e4ngad\u00a0med\u00a0str\u00e4ngarav\u00a0sjunkande\u00a0sol.Vit\u00a0\u00e4r\u00a0din\u00a0kind,\u00a0och\u00a0all\u00a0dagen\u00a0du\u00a0g\u00f6mtblicken\u00a0f\u00f6r\u00a0solen\u00a0och\u00a0lutat\u00a0och\u00a0dr\u00f6mt.Vet\u00a0du\u00a0ditt\u00a0blod\u00a0som\u00a0en\u00a0jungfrus\u00a0\u00e4r\u00a0blandat?Vet\u00a0du\u00a0ditt\u00a0dr\u00f6mliv\u00a0som\u00a0hennes\u00a0\u00e4r\u00a0andatrenast\u00a0och\u00a0b\u00e4stblott\u00a0som\u00a0en\u00a0doft\u00a0vid\u00a0en\u00a0tungelf\u00e4st? Veneris\u00a0blomma,\u00a0nosserot,vinden\u00a0far\u00a0upp,\u00a0som\u00a0sov\u00a0vid\u00a0din\u00a0fot,ur\u00a0m\u00f6rkret\u00a0ett\u00a0lidelsens\u00a0str\u00e5kdrag\u00a0svingarp\u00e5\u00a0fl\u00e4dermusvingarmot\u00a0m\u00e5nens\u00a0klot.Jungfrublomma,\u00a0b\u00f6j\u00a0dina\u00a0kn\u00e4n,oskuld\u00a0som\u00a0brytes,\u00a0dess\u00a0doft\u00a0\u00e4r\u00a0fr\u00e4n.Vet\u00a0du\u00a0de\u00a0sk\u00e4ra\u00a0dr\u00f6mmarnas\u00a0\u00f6de?Djupt\u00a0i\u00a0din\u00a0rot\u00a0g\u00e5r\u00a0ett\u00a0hemligt\u00a0fl\u00f6de,en\u00a0jordbrygd\u00a0skum,Veneris\u00a0blomma,\u00a0Satyrium. Nattviolens blad och st\u00e4ngel avgiva, d\u00e5 de brytas, en fr\u00e4n lukt. L\u00e4s dikten p\u00e5 Litteraturbanken Termer och begrepp Uppgift, Gymnasium Ordf\u00f6rst\u00e5else Baldrian:\u00a0En v\u00e4xt Kasdun: En v\u00e4xt Nattyxne\u00a0(\u00e4ven kallad nattviol): En orkid\u00e9 som ans\u00e5gs sexuellt st\u00e4rkande. Tungel: Det samma som m\u00e5nsken Veneris: Ett annat namn [&hellip;]<\/p>\n","protected":false},"author":5,"featured_media":0,"parent":0,"menu_order":0,"comment_status":"closed","ping_status":"closed","template":"","meta":{"ocean_post_layout":"full-screen","ocean_both_sidebars_style":"","ocean_both_sidebars_content_width":0,"ocean_both_sidebars_sidebars_width":0,"ocean_sidebar":"0","ocean_second_sidebar":"0","ocean_disable_margins":"enable","ocean_add_body_class":"","ocean_shortcode_before_top_bar":"","ocean_shortcode_after_top_bar":"","ocean_shortcode_before_header":"","ocean_shortcode_after_header":"","ocean_has_shortcode":"","ocean_shortcode_after_title":"","ocean_shortcode_before_footer_widgets":"","ocean_shortcode_after_footer_widgets":"","ocean_shortcode_before_footer_bottom":"","ocean_shortcode_after_footer_bottom":"","ocean_display_top_bar":"default","ocean_display_header":"default","ocean_header_style":"","ocean_center_header_left_menu":"0","ocean_custom_header_template":"0","ocean_custom_logo":0,"ocean_custom_retina_logo":0,"ocean_custom_logo_max_width":0,"ocean_custom_logo_tablet_max_width":0,"ocean_custom_logo_mobile_max_width":0,"ocean_custom_logo_max_height":0,"ocean_custom_logo_tablet_max_height":0,"ocean_custom_logo_mobile_max_height":0,"ocean_header_custom_menu":"0","ocean_menu_typo_font_family":"0","ocean_menu_typo_font_subset":"","ocean_menu_typo_font_size":0,"ocean_menu_typo_font_size_tablet":0,"ocean_menu_typo_font_size_mobile":0,"ocean_menu_typo_font_size_unit":"px","ocean_menu_typo_font_weight":"","ocean_menu_typo_font_weight_tablet":"","ocean_menu_typo_font_weight_mobile":"","ocean_menu_typo_transform":"","ocean_menu_typo_transform_tablet":"","ocean_menu_typo_transform_mobile":"","ocean_menu_typo_line_height":0,"ocean_menu_typo_line_height_tablet":0,"ocean_menu_typo_line_height_mobile":0,"ocean_menu_typo_line_height_unit":"","ocean_menu_typo_spacing":0,"ocean_menu_typo_spacing_tablet":0,"ocean_menu_typo_spacing_mobile":0,"ocean_menu_typo_spacing_unit":"","ocean_menu_link_color":"","ocean_menu_link_color_hover":"","ocean_menu_link_color_active":"","ocean_menu_link_background":"","ocean_menu_link_hover_background":"","ocean_menu_link_active_background":"","ocean_menu_social_links_bg":"","ocean_menu_social_hover_links_bg":"","ocean_menu_social_links_color":"","ocean_menu_social_hover_links_color":"","ocean_disable_title":"on","ocean_disable_heading":"default","ocean_post_title":"","ocean_post_subheading":"","ocean_post_title_style":"","ocean_post_title_background_color":"","ocean_post_title_background":0,"ocean_post_title_bg_image_position":"","ocean_post_title_bg_image_attachment":"","ocean_post_title_bg_image_repeat":"","ocean_post_title_bg_image_size":"","ocean_post_title_height":0,"ocean_post_title_bg_overlay":0.5,"ocean_post_title_bg_overlay_color":"","ocean_disable_breadcrumbs":"default","ocean_breadcrumbs_color":"","ocean_breadcrumbs_separator_color":"","ocean_breadcrumbs_links_color":"","ocean_breadcrumbs_links_hover_color":"","ocean_display_footer_widgets":"default","ocean_display_footer_bottom":"default","ocean_custom_footer_template":"0","footnotes":""},"class_list":["post-9133","page","type-page","status-publish","hentry","entry"],"_links":{"self":[{"href":"https:\/\/litteraturbanken.se\/skolan\/wp-json\/wp\/v2\/pages\/9133","targetHints":{"allow":["GET"]}}],"collection":[{"href":"https:\/\/litteraturbanken.se\/skolan\/wp-json\/wp\/v2\/pages"}],"about":[{"href":"https:\/\/litteraturbanken.se\/skolan\/wp-json\/wp\/v2\/types\/page"}],"author":[{"embeddable":true,"href":"https:\/\/litteraturbanken.se\/skolan\/wp-json\/wp\/v2\/users\/5"}],"replies":[{"embeddable":true,"href":"https:\/\/litteraturbanken.se\/skolan\/wp-json\/wp\/v2\/comments?post=9133"}],"version-history":[{"count":19,"href":"https:\/\/litteraturbanken.se\/skolan\/wp-json\/wp\/v2\/pages\/9133\/revisions"}],"predecessor-version":[{"id":19986,"href":"https:\/\/litteraturbanken.se\/skolan\/wp-json\/wp\/v2\/pages\/9133\/revisions\/19986"}],"wp:attachment":[{"href":"https:\/\/litteraturbanken.se\/skolan\/wp-json\/wp\/v2\/media?parent=9133"}],"curies":[{"name":"wp","href":"https:\/\/api.w.org\/{rel}","templated":true}]}}