{"id":9142,"date":"2018-12-09T21:09:41","date_gmt":"2018-12-09T20:09:41","guid":{"rendered":"https:\/\/litteraturbanken.se\/skoladev\/?page_id=9142"},"modified":"2020-02-24T14:29:01","modified_gmt":"2020-02-24T13:29:01","slug":"poesi-forfattare-erik-johan-stagnelius-till-forruttnelsen","status":"publish","type":"page","link":"https:\/\/litteraturbanken.se\/skolan\/poesi-forfattare-erik-johan-stagnelius-till-forruttnelsen\/","title":{"rendered":"Poesi\/F\u00f6rfattare\/Erik Johan Stagnelius\/Till F\u00f6rruttnelsen"},"content":{"rendered":"\t\t<div data-elementor-type=\"wp-post\" data-elementor-id=\"9142\" class=\"elementor elementor-9142\">\n\t\t\t\t\t\t<section class=\"elementor-section elementor-top-section elementor-element elementor-element-0380c05 elementor-section-boxed elementor-section-height-default elementor-section-height-default\" data-id=\"0380c05\" data-element_type=\"section\" data-e-type=\"section\">\n\t\t\t\t\t\t<div class=\"elementor-container elementor-column-gap-default\">\n\t\t\t\t\t<div class=\"elementor-column elementor-col-100 elementor-top-column elementor-element elementor-element-471bffa\" data-id=\"471bffa\" data-element_type=\"column\" data-e-type=\"column\">\n\t\t\t<div class=\"elementor-widget-wrap elementor-element-populated\">\n\t\t\t\t\t\t<div class=\"elementor-element elementor-element-2685d7e elementor-widget elementor-widget-spacer\" data-id=\"2685d7e\" data-element_type=\"widget\" data-e-type=\"widget\" data-widget_type=\"spacer.default\">\n\t\t\t\t<div class=\"elementor-widget-container\">\n\t\t\t\t\t\t\t<div class=\"elementor-spacer\">\n\t\t\t<div class=\"elementor-spacer-inner\"><\/div>\n\t\t<\/div>\n\t\t\t\t\t\t<\/div>\n\t\t\t\t<\/div>\n\t\t\t\t\t<\/div>\n\t\t<\/div>\n\t\t\t\t\t<\/div>\n\t\t<\/section>\n\t\t\t\t<section class=\"elementor-section elementor-inner-section elementor-element elementor-element-0df53ae elementor-section-boxed elementor-section-height-default elementor-section-height-default\" data-id=\"0df53ae\" data-element_type=\"section\" data-e-type=\"section\">\n\t\t\t\t\t\t<div class=\"elementor-container elementor-column-gap-default\">\n\t\t\t\t\t<div class=\"elementor-column elementor-col-66 elementor-inner-column elementor-element elementor-element-a5b1147\" data-id=\"a5b1147\" data-element_type=\"column\" data-e-type=\"column\" data-settings=\"{&quot;background_background&quot;:&quot;classic&quot;}\">\n\t\t\t<div class=\"elementor-widget-wrap elementor-element-populated\">\n\t\t\t\t\t\t<div class=\"elementor-element elementor-element-62defa4 elementor-widget elementor-widget-heading\" data-id=\"62defa4\" data-element_type=\"widget\" data-e-type=\"widget\" data-widget_type=\"heading.default\">\n\t\t\t\t<div class=\"elementor-widget-container\">\n\t\t\t\t\t<h2 class=\"elementor-heading-title elementor-size-default\">Till F\u00f6rruttnelsen<\/h2>\t\t\t\t<\/div>\n\t\t\t\t<\/div>\n\t\t\t\t<div class=\"elementor-element elementor-element-980f864 elementor-widget elementor-widget-text-editor\" data-id=\"980f864\" data-element_type=\"widget\" data-e-type=\"widget\" data-widget_type=\"text-editor.default\">\n\t\t\t\t<div class=\"elementor-widget-container\">\n\t\t\t\t\t\t\t\t\t<p>Av\u00a0<em><a href=\"https:\/\/litteraturbanken.se\/skolan\/?page_id=8981&amp;preview_nonce=87c4a6883e\">Erik Johan Stagnelius<\/a><\/em><\/p>\t\t\t\t\t\t\t\t<\/div>\n\t\t\t\t<\/div>\n\t\t\t\t<div class=\"elementor-element elementor-element-cb09ed7 elementor-widget elementor-widget-text-editor\" data-id=\"cb09ed7\" data-element_type=\"widget\" data-e-type=\"widget\" data-widget_type=\"text-editor.default\">\n\t\t\t\t<div class=\"elementor-widget-container\">\n\t\t\t\t\t\t\t\t\t<p><strong>Ur:<\/strong>\u00a0<em>Samlade skrifter II\u00a0<\/em>(1913)<span style=\"font-size: 15px; letter-spacing: 0.6px;\">\u00a0 \u00a0<\/span><strong>\u00c5rskurs<\/strong>:\u00a0Gymnasium\u00a0 \u00a0<strong>Tema<\/strong>:\u00a0D\u00f6den, Erotik<\/p>\t\t\t\t\t\t\t\t<\/div>\n\t\t\t\t<\/div>\n\t\t\t\t<div class=\"elementor-element elementor-element-0e9743c elementor-widget elementor-widget-text-editor\" data-id=\"0e9743c\" data-element_type=\"widget\" data-e-type=\"widget\" data-widget_type=\"text-editor.default\">\n\t\t\t\t<div class=\"elementor-widget-container\">\n\t\t\t\t\t\t\t\t\t<div class=\"_lg\"><div class=\"_l\">F\u00f6rruttnelse!\u00a0hasta,\u00a0o\u00a0\u00e4lskade\u00a0Brud!<br \/>Att\u00a0b\u00e4dda\u00a0v\u00e5rt\u00a0ensliga\u00a0l\u00e4ger!<br \/>F\u00f6rskjuten\u00a0av\u00a0v\u00e4rlden,\u00a0f\u00f6rskjuten\u00a0av\u00a0Gud<br \/>Blott\u00a0dig\u00a0till\u00a0f\u00f6rhoppning\u00a0jag\u00a0\u00e4ger.<br \/>Fort,\u00a0smycka\u00a0v\u00e5r\u00a0kammar\u00a0\u2013\u00a0P\u00e5\u00a0svartkl\u00e4dda\u00a0b\u00e5ren<br \/>Den\u00a0suckande\u00a0\u00e4lskarn\u00a0din\u00a0boning\u00a0skall\u00a0n\u00e5.<br \/>Fort,\u00a0tillred\u00a0v\u00e5r\u00a0bruds\u00e4ng\u00a0\u2013\u00a0med\u00a0nejlikor\u00a0v\u00e5ren<br \/>Skall\u00a0henne\u00a0bes\u00e5.<br \/><br \/>Slut\u00a0\u00f6mt\u00a0i\u00a0ditt\u00a0sk\u00f6te\u00a0min\u00a0sm\u00e4ktande\u00a0kropp!<br \/>F\u00f6rkv\u00e4v\u00a0i\u00a0ditt\u00a0famntag\u00a0min\u00a0sm\u00e4rta.<br \/>I\u00a0maskar\u00a0l\u00f6s\u00a0tanken\u00a0och\u00a0k\u00e4nslorna\u00a0opp,<br \/>I\u00a0aska\u00a0mitt\u00a0brinnande\u00a0hj\u00e4rta.<br \/>Rik\u00a0\u00e4r\u00a0Du,\u00a0o\u00a0Flicka!\u00a0\u2013\u00a0i\u00a0hemgift\u00a0du\u00a0giver<br \/>Den\u00a0stora,\u00a0den\u00a0gr\u00f6nskande\u00a0jorden\u00a0\u00e5t\u00a0mig.<br \/>Jag\u00a0pl\u00e5gas\u00a0h\u00e4ruppe,\u00a0men\u00a0lycklig\u00a0jag\u00a0bliver<br \/>D\u00e4rnere\u00a0hos\u00a0dig.<br \/><br \/>Till\u00a0v\u00e4llustens\u00a0ljuva,\u00a0f\u00f6rtrollande\u00a0kvalm<br \/>Oss\u00a0svartkl\u00e4dda\u00a0brudsvenner\u00a0f\u00f6lja.<br \/>V\u00e5r\u00a0br\u00f6llopss\u00e5ng\u00a0ringes\u00a0av\u00a0klockornas\u00a0malm<br \/>Och\u00a0gr\u00f6na\u00a0gardiner\u00a0oss\u00a0d\u00f6lja.<br \/>N\u00e4r\u00a0stormarna\u00a0ute\u00a0p\u00e5\u00a0v\u00e4rldshavet\u00a0r\u00e5da,<br \/>N\u00e4r\u00a0fasor\u00a0den\u00a0blodade\u00a0jorden\u00a0bebo,<br \/>N\u00e4r\u00a0fejderna\u00a0rasa,\u00a0vi\u00a0slumra\u00a0dock\u00a0b\u00e5da<br \/>I\u00a0gyllene\u00a0ro.<\/div><\/div>\t\t\t\t\t\t\t\t<\/div>\n\t\t\t\t<\/div>\n\t\t\t\t\t<\/div>\n\t\t<\/div>\n\t\t\t\t<div class=\"elementor-column elementor-col-33 elementor-inner-column elementor-element elementor-element-56038c4\" data-id=\"56038c4\" data-element_type=\"column\" data-e-type=\"column\">\n\t\t\t<div class=\"elementor-widget-wrap elementor-element-populated\">\n\t\t\t\t\t\t<div class=\"elementor-element elementor-element-5c48b7f elementor-widget elementor-widget-wp-widget-media_audio\" data-id=\"5c48b7f\" data-element_type=\"widget\" data-e-type=\"widget\" data-widget_type=\"wp-widget-media_audio.default\">\n\t\t\t\t<div class=\"elementor-widget-container\">\n\t\t\t\t\t<h5>Agneta Pleijel l\u00e4ser \u201dTill F\u00f6rruttnelsen\u201d.<\/h5><audio class=\"wp-audio-shortcode\" id=\"audio-9142-1\" preload=\"none\" style=\"width: 100%;\" controls=\"controls\"><source type=\"audio\/mpeg\" src=\"https:\/\/litteraturbanken.se\/red\/ljud\/pleijel\/stagnelius_tillforruttnelsen_pleijel.mp3?_=1\" \/><source type=\"audio\/mpeg\" src=\"https:\/\/litteraturbanken.se\/red\/ljud\/pleijel\/stagnelius_tillforruttnelsen_pleijel.mp3?_=1\" \/><a href=\"https:\/\/litteraturbanken.se\/red\/ljud\/pleijel\/stagnelius_tillforruttnelsen_pleijel.mp3\">https:\/\/litteraturbanken.se\/red\/ljud\/pleijel\/stagnelius_tillforruttnelsen_pleijel.mp3<\/a><\/audio>\t\t\t\t<\/div>\n\t\t\t\t<\/div>\n\t\t\t\t<div class=\"elementor-element elementor-element-598eb50 elementor-icon-list--layout-traditional elementor-list-item-link-full_width elementor-widget elementor-widget-icon-list\" data-id=\"598eb50\" data-element_type=\"widget\" data-e-type=\"widget\" data-widget_type=\"icon-list.default\">\n\t\t\t\t<div class=\"elementor-widget-container\">\n\t\t\t\t\t\t\t<ul class=\"elementor-icon-list-items\">\n\t\t\t\t\t\t\t<li class=\"elementor-icon-list-item\">\n\t\t\t\t\t\t\t\t\t\t\t<a href=\"https:\/\/litteraturbanken.se\/forfattare\/StagneliusEJ\/titlar\/SamladeSkrifter2\/sida\/15\/etext\" target=\"_blank\">\n\n\t\t\t\t\t\t\t\t\t\t\t\t<span class=\"elementor-icon-list-icon\">\n\t\t\t\t\t\t\t\t\t\t\t\t\t\t\t\t<i class=\"fa fa-file-text-o\" aria-hidden=\"true\"><\/i>\n\t\t\t\t\t\t\t\t\t\t\t\t\t<\/span>\n\t\t\t\t\t\t\t\t\t\t<span class=\"elementor-icon-list-text\">L\u00e4s dikten p\u00e5 Litteraturbanken<\/span>\n\t\t\t\t\t\t\t\t\t\t\t<\/a>\n\t\t\t\t\t\t\t\t\t<\/li>\n\t\t\t\t\t\t\t\t<li class=\"elementor-icon-list-item\">\n\t\t\t\t\t\t\t\t\t\t\t<a href=\"https:\/\/litteraturbanken.se\/skolan\/?page_id=261\" target=\"_blank\">\n\n\t\t\t\t\t\t\t\t\t\t\t\t<span class=\"elementor-icon-list-icon\">\n\t\t\t\t\t\t\t\t\t\t\t\t\t\t\t\t<i class=\"fa fa-file-text-o\" aria-hidden=\"true\"><\/i>\n\t\t\t\t\t\t\t\t\t\t\t\t\t<\/span>\n\t\t\t\t\t\t\t\t\t\t<span class=\"elementor-icon-list-text\">Termer och begrepp<\/span>\n\t\t\t\t\t\t\t\t\t\t\t<\/a>\n\t\t\t\t\t\t\t\t\t<\/li>\n\t\t\t\t\t\t<\/ul>\n\t\t\t\t\t\t<\/div>\n\t\t\t\t<\/div>\n\t\t\t\t<div class=\"elementor-element elementor-element-e867c17 elementor-align-center elementor-widget elementor-widget-button\" data-id=\"e867c17\" data-element_type=\"widget\" data-e-type=\"widget\" data-widget_type=\"button.default\">\n\t\t\t\t<div class=\"elementor-widget-container\">\n\t\t\t\t\t\t\t\t\t<div class=\"elementor-button-wrapper\">\n\t\t\t\t\t<a class=\"elementor-button elementor-button-link elementor-size-md elementor-animation-grow\" href=\"#uppgiftF-3\">\n\t\t\t\t\t\t<span class=\"elementor-button-content-wrapper\">\n\t\t\t\t\t\t<span class=\"elementor-button-icon\">\n\t\t\t\t\t\t\t\t\t<i class=\"fa fa-pencil\" aria-hidden=\"true\"><\/i>\n\t\t\t\t\t\t\t<\/span>\n\t\t\t\t\t\t\t\t\t<span class=\"elementor-button-text\">Uppgift, Gymnasium<\/span>\n\t\t\t\t\t<\/span>\n\t\t\t\t\t<\/a>\n\t\t\t\t<\/div>\n\t\t\t\t\t\t\t\t<\/div>\n\t\t\t\t<\/div>\n\t\t\t\t<div class=\"elementor-element elementor-element-7954a11 elementor-widget elementor-widget-image\" data-id=\"7954a11\" data-element_type=\"widget\" data-e-type=\"widget\" data-widget_type=\"image.default\">\n\t\t\t\t<div class=\"elementor-widget-container\">\n\t\t\t\t\t\t\t\t\t\t\t\t\t\t\t<img fetchpriority=\"high\" decoding=\"async\" width=\"300\" height=\"300\" src=\"https:\/\/litteraturbanken.se\/skolan\/wp-content\/uploads\/2019\/03\/lb_skolan_2019_knapp_f\u00f6rfattarbild_portr\u00e4ttl\u00f6s_svart-e1553013532846.jpg\" class=\"attachment-full size-full wp-image-13740\" alt=\"\" \/>\t\t\t\t\t\t\t\t\t\t\t\t\t\t\t<\/div>\n\t\t\t\t<\/div>\n\t\t\t\t\t<\/div>\n\t\t<\/div>\n\t\t\t\t\t<\/div>\n\t\t<\/section>\n\t\t\t\t<section class=\"elementor-section elementor-top-section elementor-element elementor-element-3ace453 elementor-section-boxed elementor-section-height-default elementor-section-height-default\" data-id=\"3ace453\" data-element_type=\"section\" data-e-type=\"section\">\n\t\t\t\t\t\t<div class=\"elementor-container elementor-column-gap-default\">\n\t\t\t\t\t<div class=\"elementor-column elementor-col-100 elementor-top-column elementor-element elementor-element-24db32c\" data-id=\"24db32c\" data-element_type=\"column\" data-e-type=\"column\">\n\t\t\t<div class=\"elementor-widget-wrap elementor-element-populated\">\n\t\t\t\t\t\t<div class=\"elementor-element elementor-element-36da7ec elementor-widget elementor-widget-spacer\" data-id=\"36da7ec\" data-element_type=\"widget\" data-e-type=\"widget\" data-widget_type=\"spacer.default\">\n\t\t\t\t<div class=\"elementor-widget-container\">\n\t\t\t\t\t\t\t<div class=\"elementor-spacer\">\n\t\t\t<div class=\"elementor-spacer-inner\"><\/div>\n\t\t<\/div>\n\t\t\t\t\t\t<\/div>\n\t\t\t\t<\/div>\n\t\t\t\t\t<\/div>\n\t\t<\/div>\n\t\t\t\t\t<\/div>\n\t\t<\/section>\n\t\t\t\t<section class=\"elementor-section elementor-top-section elementor-element elementor-element-029226f elementor-section-boxed elementor-section-height-default elementor-section-height-default\" data-id=\"029226f\" data-element_type=\"section\" data-e-type=\"section\">\n\t\t\t\t\t\t<div class=\"elementor-container elementor-column-gap-default\">\n\t\t\t\t\t<div class=\"elementor-column elementor-col-100 elementor-top-column elementor-element elementor-element-0ffa187\" data-id=\"0ffa187\" data-element_type=\"column\" data-e-type=\"column\" data-settings=\"{&quot;background_background&quot;:&quot;classic&quot;}\">\n\t\t\t<div class=\"elementor-widget-wrap elementor-element-populated\">\n\t\t\t\t\t\t<section class=\"elementor-section elementor-inner-section elementor-element elementor-element-5dbb852 elementor-section-boxed elementor-section-height-default elementor-section-height-default\" data-id=\"5dbb852\" data-element_type=\"section\" data-e-type=\"section\">\n\t\t\t\t\t\t<div class=\"elementor-container elementor-column-gap-default\">\n\t\t\t\t\t<div class=\"elementor-column elementor-col-100 elementor-inner-column elementor-element elementor-element-6ea9343\" data-id=\"6ea9343\" data-element_type=\"column\" data-e-type=\"column\">\n\t\t\t<div class=\"elementor-widget-wrap elementor-element-populated\">\n\t\t\t\t\t\t<div class=\"elementor-element elementor-element-fcb8685 elementor-widget elementor-widget-menu-anchor\" data-id=\"fcb8685\" data-element_type=\"widget\" data-e-type=\"widget\" data-widget_type=\"menu-anchor.default\">\n\t\t\t\t<div class=\"elementor-widget-container\">\n\t\t\t\t\t\t\t<div class=\"elementor-menu-anchor\" id=\"uppgiftF-3\"><\/div>\n\t\t\t\t\t\t<\/div>\n\t\t\t\t<\/div>\n\t\t\t\t<div class=\"elementor-element elementor-element-c997d99 elementor-view-framed elementor-shape-circle elementor-widget elementor-widget-icon\" data-id=\"c997d99\" data-element_type=\"widget\" data-e-type=\"widget\" data-widget_type=\"icon.default\">\n\t\t\t\t<div class=\"elementor-widget-container\">\n\t\t\t\t\t\t\t<div class=\"elementor-icon-wrapper\">\n\t\t\t<div class=\"elementor-icon\">\n\t\t\t\t\t\t\t<i class=\"fa fa-pencil\" aria-hidden=\"true\"><\/i>\n\t\t\t\t\t\t<\/div>\n\t\t<\/div>\n\t\t\t\t\t\t<\/div>\n\t\t\t\t<\/div>\n\t\t\t\t<div class=\"elementor-element elementor-element-4dc7590 elementor-widget elementor-widget-toggle\" data-id=\"4dc7590\" data-element_type=\"widget\" data-e-type=\"widget\" data-widget_type=\"toggle.default\">\n\t\t\t\t<div class=\"elementor-widget-container\">\n\t\t\t\t\t\t\t<div class=\"elementor-toggle\">\n\t\t\t\t\t\t\t<div class=\"elementor-toggle-item\">\n\t\t\t\t\t<div id=\"elementor-tab-title-8151\" class=\"elementor-tab-title\" data-tab=\"1\" role=\"button\" aria-controls=\"elementor-tab-content-8151\" aria-expanded=\"false\">\n\t\t\t\t\t\t\t\t\t\t\t\t<span class=\"elementor-toggle-icon elementor-toggle-icon-left\" aria-hidden=\"true\">\n\t\t\t\t\t\t\t\t\t\t\t\t\t\t\t<i class=\"elementor-toggle-icon-closed fa fa-chevron-right\"><\/i>\n\t\t\t\t\t\t\t\t<i class=\"elementor-toggle-icon-opened fa fa-chevron-down\"><\/i>\n\t\t\t\t\t\t\t\t\t\t\t\t\t<\/span>\n\t\t\t\t\t\t\t\t\t\t\t\t<a class=\"elementor-toggle-title\" tabindex=\"0\">Gymnasium<\/a>\n\t\t\t\t\t<\/div>\n\n\t\t\t\t\t<div id=\"elementor-tab-content-8151\" class=\"elementor-tab-content elementor-clearfix\" data-tab=\"1\" role=\"region\" aria-labelledby=\"elementor-tab-title-8151\"><h3>Samtalsfr\u00e5gor<\/h3><p style=\"font-variant-ligatures: normal; font-variant-caps: normal; font-style: normal;\">1 Vad \u00e4r det som beskrivs i dikten?<\/p><p style=\"font-variant-ligatures: normal; font-variant-caps: normal; font-style: normal;\">2 Vad menas med titeln \u201dTill f\u00f6rruttnelsen\u201d?<\/p><p style=\"font-variant-ligatures: normal; font-variant-caps: normal; font-style: normal;\">3 V\u00e4cker dikten positiva eller negativa k\u00e4nslor?<\/p><\/div>\n\t\t\t\t<\/div>\n\t\t\t\t\t\t\t\t<\/div>\n\t\t\t\t\t\t<\/div>\n\t\t\t\t<\/div>\n\t\t\t\t\t<\/div>\n\t\t<\/div>\n\t\t\t\t\t<\/div>\n\t\t<\/section>\n\t\t\t\t\t<\/div>\n\t\t<\/div>\n\t\t\t\t\t<\/div>\n\t\t<\/section>\n\t\t\t\t<section class=\"elementor-section elementor-top-section elementor-element elementor-element-0aeed98 elementor-section-boxed elementor-section-height-default elementor-section-height-default\" data-id=\"0aeed98\" data-element_type=\"section\" data-e-type=\"section\">\n\t\t\t\t\t\t<div class=\"elementor-container elementor-column-gap-default\">\n\t\t\t\t\t<div class=\"elementor-column elementor-col-100 elementor-top-column elementor-element elementor-element-5105096\" data-id=\"5105096\" data-element_type=\"column\" data-e-type=\"column\">\n\t\t\t<div class=\"elementor-widget-wrap elementor-element-populated\">\n\t\t\t\t\t\t<div class=\"elementor-element elementor-element-321687d elementor-widget elementor-widget-spacer\" data-id=\"321687d\" data-element_type=\"widget\" data-e-type=\"widget\" data-widget_type=\"spacer.default\">\n\t\t\t\t<div class=\"elementor-widget-container\">\n\t\t\t\t\t\t\t<div class=\"elementor-spacer\">\n\t\t\t<div class=\"elementor-spacer-inner\"><\/div>\n\t\t<\/div>\n\t\t\t\t\t\t<\/div>\n\t\t\t\t<\/div>\n\t\t\t\t\t<\/div>\n\t\t<\/div>\n\t\t\t\t\t<\/div>\n\t\t<\/section>\n\t\t\t\t<\/div>\n\t\t","protected":false},"excerpt":{"rendered":"<p>Till F\u00f6rruttnelsen Av\u00a0Erik Johan Stagnelius Ur:\u00a0Samlade skrifter II\u00a0(1913)\u00a0 \u00a0\u00c5rskurs:\u00a0Gymnasium\u00a0 \u00a0Tema:\u00a0D\u00f6den, Erotik F\u00f6rruttnelse!\u00a0hasta,\u00a0o\u00a0\u00e4lskade\u00a0Brud!Att\u00a0b\u00e4dda\u00a0v\u00e5rt\u00a0ensliga\u00a0l\u00e4ger!F\u00f6rskjuten\u00a0av\u00a0v\u00e4rlden,\u00a0f\u00f6rskjuten\u00a0av\u00a0GudBlott\u00a0dig\u00a0till\u00a0f\u00f6rhoppning\u00a0jag\u00a0\u00e4ger.Fort,\u00a0smycka\u00a0v\u00e5r\u00a0kammar\u00a0\u2013\u00a0P\u00e5\u00a0svartkl\u00e4dda\u00a0b\u00e5renDen\u00a0suckande\u00a0\u00e4lskarn\u00a0din\u00a0boning\u00a0skall\u00a0n\u00e5.Fort,\u00a0tillred\u00a0v\u00e5r\u00a0bruds\u00e4ng\u00a0\u2013\u00a0med\u00a0nejlikor\u00a0v\u00e5renSkall\u00a0henne\u00a0bes\u00e5. Slut\u00a0\u00f6mt\u00a0i\u00a0ditt\u00a0sk\u00f6te\u00a0min\u00a0sm\u00e4ktande\u00a0kropp!F\u00f6rkv\u00e4v\u00a0i\u00a0ditt\u00a0famntag\u00a0min\u00a0sm\u00e4rta.I\u00a0maskar\u00a0l\u00f6s\u00a0tanken\u00a0och\u00a0k\u00e4nslorna\u00a0opp,I\u00a0aska\u00a0mitt\u00a0brinnande\u00a0hj\u00e4rta.Rik\u00a0\u00e4r\u00a0Du,\u00a0o\u00a0Flicka!\u00a0\u2013\u00a0i\u00a0hemgift\u00a0du\u00a0giverDen\u00a0stora,\u00a0den\u00a0gr\u00f6nskande\u00a0jorden\u00a0\u00e5t\u00a0mig.Jag\u00a0pl\u00e5gas\u00a0h\u00e4ruppe,\u00a0men\u00a0lycklig\u00a0jag\u00a0bliverD\u00e4rnere\u00a0hos\u00a0dig. Till\u00a0v\u00e4llustens\u00a0ljuva,\u00a0f\u00f6rtrollande\u00a0kvalmOss\u00a0svartkl\u00e4dda\u00a0brudsvenner\u00a0f\u00f6lja.V\u00e5r\u00a0br\u00f6llopss\u00e5ng\u00a0ringes\u00a0av\u00a0klockornas\u00a0malmOch\u00a0gr\u00f6na\u00a0gardiner\u00a0oss\u00a0d\u00f6lja.N\u00e4r\u00a0stormarna\u00a0ute\u00a0p\u00e5\u00a0v\u00e4rldshavet\u00a0r\u00e5da,N\u00e4r\u00a0fasor\u00a0den\u00a0blodade\u00a0jorden\u00a0bebo,N\u00e4r\u00a0fejderna\u00a0rasa,\u00a0vi\u00a0slumra\u00a0dock\u00a0b\u00e5daI\u00a0gyllene\u00a0ro. L\u00e4s dikten p\u00e5 Litteraturbanken Termer och begrepp Uppgift, Gymnasium Gymnasium Samtalsfr\u00e5gor 1 Vad \u00e4r det som beskrivs i dikten? 2 Vad menas med titeln \u201dTill f\u00f6rruttnelsen\u201d? 3 V\u00e4cker dikten positiva eller negativa k\u00e4nslor?<\/p>\n","protected":false},"author":5,"featured_media":0,"parent":0,"menu_order":0,"comment_status":"closed","ping_status":"closed","template":"","meta":{"ocean_post_layout":"full-screen","ocean_both_sidebars_style":"","ocean_both_sidebars_content_width":0,"ocean_both_sidebars_sidebars_width":0,"ocean_sidebar":"0","ocean_second_sidebar":"0","ocean_disable_margins":"enable","ocean_add_body_class":"","ocean_shortcode_before_top_bar":"","ocean_shortcode_after_top_bar":"","ocean_shortcode_before_header":"","ocean_shortcode_after_header":"","ocean_has_shortcode":"","ocean_shortcode_after_title":"","ocean_shortcode_before_footer_widgets":"","ocean_shortcode_after_footer_widgets":"","ocean_shortcode_before_footer_bottom":"","ocean_shortcode_after_footer_bottom":"","ocean_display_top_bar":"default","ocean_display_header":"default","ocean_header_style":"","ocean_center_header_left_menu":"0","ocean_custom_header_template":"0","ocean_custom_logo":0,"ocean_custom_retina_logo":0,"ocean_custom_logo_max_width":0,"ocean_custom_logo_tablet_max_width":0,"ocean_custom_logo_mobile_max_width":0,"ocean_custom_logo_max_height":0,"ocean_custom_logo_tablet_max_height":0,"ocean_custom_logo_mobile_max_height":0,"ocean_header_custom_menu":"0","ocean_menu_typo_font_family":"0","ocean_menu_typo_font_subset":"","ocean_menu_typo_font_size":0,"ocean_menu_typo_font_size_tablet":0,"ocean_menu_typo_font_size_mobile":0,"ocean_menu_typo_font_size_unit":"px","ocean_menu_typo_font_weight":"","ocean_menu_typo_font_weight_tablet":"","ocean_menu_typo_font_weight_mobile":"","ocean_menu_typo_transform":"","ocean_menu_typo_transform_tablet":"","ocean_menu_typo_transform_mobile":"","ocean_menu_typo_line_height":0,"ocean_menu_typo_line_height_tablet":0,"ocean_menu_typo_line_height_mobile":0,"ocean_menu_typo_line_height_unit":"","ocean_menu_typo_spacing":0,"ocean_menu_typo_spacing_tablet":0,"ocean_menu_typo_spacing_mobile":0,"ocean_menu_typo_spacing_unit":"","ocean_menu_link_color":"","ocean_menu_link_color_hover":"","ocean_menu_link_color_active":"","ocean_menu_link_background":"","ocean_menu_link_hover_background":"","ocean_menu_link_active_background":"","ocean_menu_social_links_bg":"","ocean_menu_social_hover_links_bg":"","ocean_menu_social_links_color":"","ocean_menu_social_hover_links_color":"","ocean_disable_title":"on","ocean_disable_heading":"default","ocean_post_title":"","ocean_post_subheading":"","ocean_post_title_style":"","ocean_post_title_background_color":"","ocean_post_title_background":0,"ocean_post_title_bg_image_position":"","ocean_post_title_bg_image_attachment":"","ocean_post_title_bg_image_repeat":"","ocean_post_title_bg_image_size":"","ocean_post_title_height":0,"ocean_post_title_bg_overlay":0.5,"ocean_post_title_bg_overlay_color":"","ocean_disable_breadcrumbs":"default","ocean_breadcrumbs_color":"","ocean_breadcrumbs_separator_color":"","ocean_breadcrumbs_links_color":"","ocean_breadcrumbs_links_hover_color":"","ocean_display_footer_widgets":"default","ocean_display_footer_bottom":"default","ocean_custom_footer_template":"0","footnotes":""},"class_list":["post-9142","page","type-page","status-publish","hentry","entry"],"_links":{"self":[{"href":"https:\/\/litteraturbanken.se\/skolan\/wp-json\/wp\/v2\/pages\/9142","targetHints":{"allow":["GET"]}}],"collection":[{"href":"https:\/\/litteraturbanken.se\/skolan\/wp-json\/wp\/v2\/pages"}],"about":[{"href":"https:\/\/litteraturbanken.se\/skolan\/wp-json\/wp\/v2\/types\/page"}],"author":[{"embeddable":true,"href":"https:\/\/litteraturbanken.se\/skolan\/wp-json\/wp\/v2\/users\/5"}],"replies":[{"embeddable":true,"href":"https:\/\/litteraturbanken.se\/skolan\/wp-json\/wp\/v2\/comments?post=9142"}],"version-history":[{"count":14,"href":"https:\/\/litteraturbanken.se\/skolan\/wp-json\/wp\/v2\/pages\/9142\/revisions"}],"predecessor-version":[{"id":20217,"href":"https:\/\/litteraturbanken.se\/skolan\/wp-json\/wp\/v2\/pages\/9142\/revisions\/20217"}],"wp:attachment":[{"href":"https:\/\/litteraturbanken.se\/skolan\/wp-json\/wp\/v2\/media?parent=9142"}],"curies":[{"name":"wp","href":"https:\/\/api.w.org\/{rel}","templated":true}]}}