{"id":9164,"date":"2018-12-09T21:22:14","date_gmt":"2018-12-09T20:22:14","guid":{"rendered":"https:\/\/litteraturbanken.se\/skoladev\/?page_id=9164"},"modified":"2020-03-02T13:54:27","modified_gmt":"2020-03-02T12:54:27","slug":"poesi-forfattare-gustaf-froding-en-ung-mor","status":"publish","type":"page","link":"https:\/\/litteraturbanken.se\/skolan\/poesi-forfattare-gustaf-froding-en-ung-mor\/","title":{"rendered":"Poesi\/F\u00f6rfattare\/Gustaf Fr\u00f6ding\/En ung mor"},"content":{"rendered":"\t\t<div data-elementor-type=\"wp-post\" data-elementor-id=\"9164\" class=\"elementor elementor-9164\">\n\t\t\t\t\t\t<section class=\"elementor-section elementor-top-section elementor-element elementor-element-177f98b elementor-section-boxed elementor-section-height-default elementor-section-height-default\" data-id=\"177f98b\" data-element_type=\"section\" data-e-type=\"section\">\n\t\t\t\t\t\t<div class=\"elementor-container elementor-column-gap-default\">\n\t\t\t\t\t<div class=\"elementor-column elementor-col-100 elementor-top-column elementor-element elementor-element-5727ea8\" data-id=\"5727ea8\" data-element_type=\"column\" data-e-type=\"column\">\n\t\t\t<div class=\"elementor-widget-wrap elementor-element-populated\">\n\t\t\t\t\t\t<div class=\"elementor-element elementor-element-cfc2a77 elementor-widget elementor-widget-spacer\" data-id=\"cfc2a77\" data-element_type=\"widget\" data-e-type=\"widget\" data-widget_type=\"spacer.default\">\n\t\t\t\t<div class=\"elementor-widget-container\">\n\t\t\t\t\t\t\t<div class=\"elementor-spacer\">\n\t\t\t<div class=\"elementor-spacer-inner\"><\/div>\n\t\t<\/div>\n\t\t\t\t\t\t<\/div>\n\t\t\t\t<\/div>\n\t\t\t\t\t<\/div>\n\t\t<\/div>\n\t\t\t\t\t<\/div>\n\t\t<\/section>\n\t\t\t\t<section class=\"elementor-section elementor-inner-section elementor-element elementor-element-8f42e10 elementor-section-boxed elementor-section-height-default elementor-section-height-default\" data-id=\"8f42e10\" data-element_type=\"section\" data-e-type=\"section\">\n\t\t\t\t\t\t<div class=\"elementor-container elementor-column-gap-default\">\n\t\t\t\t\t<div class=\"elementor-column elementor-col-66 elementor-inner-column elementor-element elementor-element-6f99158\" data-id=\"6f99158\" data-element_type=\"column\" data-e-type=\"column\" data-settings=\"{&quot;background_background&quot;:&quot;classic&quot;}\">\n\t\t\t<div class=\"elementor-widget-wrap elementor-element-populated\">\n\t\t\t\t\t\t<div class=\"elementor-element elementor-element-459f564 elementor-widget elementor-widget-heading\" data-id=\"459f564\" data-element_type=\"widget\" data-e-type=\"widget\" data-widget_type=\"heading.default\">\n\t\t\t\t<div class=\"elementor-widget-container\">\n\t\t\t\t\t<h2 class=\"elementor-heading-title elementor-size-default\">En ung mor<\/h2>\t\t\t\t<\/div>\n\t\t\t\t<\/div>\n\t\t\t\t<div class=\"elementor-element elementor-element-32ecd60 elementor-widget elementor-widget-text-editor\" data-id=\"32ecd60\" data-element_type=\"widget\" data-e-type=\"widget\" data-widget_type=\"text-editor.default\">\n\t\t\t\t<div class=\"elementor-widget-container\">\n\t\t\t\t\t\t\t\t\t<p>Av <a href=\"https:\/\/litteraturbanken.se\/skolan\/?page_id=113\"><em>Gustaf Fr\u00f6ding<\/em><\/a><\/p>\t\t\t\t\t\t\t\t<\/div>\n\t\t\t\t<\/div>\n\t\t\t\t<div class=\"elementor-element elementor-element-32c7f07 elementor-widget elementor-widget-text-editor\" data-id=\"32c7f07\" data-element_type=\"widget\" data-e-type=\"widget\" data-widget_type=\"text-editor.default\">\n\t\t\t\t<div class=\"elementor-widget-container\">\n\t\t\t\t\t\t\t\t\t<p><strong>Ur:<\/strong>\u00a0<em>Nytt och gammalt\u00a0<\/em>(1897) \u00a0 \u00a0<strong>\u00c5rskurs:<\/strong> Gymnasium \u00a0 \u00a0<strong>Tema:<\/strong> Fattigsverige<\/p>\t\t\t\t\t\t\t\t<\/div>\n\t\t\t\t<\/div>\n\t\t\t\t<div class=\"elementor-element elementor-element-9721730 elementor-widget elementor-widget-text-editor\" data-id=\"9721730\" data-element_type=\"widget\" data-e-type=\"widget\" data-widget_type=\"text-editor.default\">\n\t\t\t\t<div class=\"elementor-widget-container\">\n\t\t\t\t\t\t\t\t\t<p>Klen\u00a0och\u00a0svag\u00a0och\u00a0blek\u00a0om\u00a0kind,<br \/>kl\u00e4dd\u00a0i\u00a0lintyg\u00a0och\u00a0i\u00a0stubb,<br \/>i\u00a0en\u00a0liten\u00a0skrubb<br \/>p\u00e5\u00a0en\u00a0gammal\u00a0vind<br \/>satt\u00a0en\u00a0sjutton\u00e5rig\u00a0t\u00f6s<br \/>p\u00e5\u00a0en\u00a0kistas\u00a0lock\u00a0och\u00a0fr\u00f6s<br \/>med\u00a0ett\u00a0byltebarn,\u00a0som\u00a0gr\u00e4t<br \/>lagt\u00a0i\u00a0kn\u00e4t.<br \/><br \/>\u201dDet\u00a0blir\u00a0aldrig\u00a0v\u00e4l\u00a0igen,<br \/>v\u00e4l\u00a0igen\u00a0f\u00f6r\u00a0den,<br \/>som\u00a0har\u00a0ingen\u00a0enda\u00a0v\u00e4n,<br \/>Gud\u00a0vet\u00a0hur\u00a0det\u00a0g\u00e5r,<br \/>ty\u00a0i\u00a0lagen\u00a0st\u00e5r,<br \/>vad\u00a0en\u00a0f\u00e5r,\u00a0n\u00e4r\u00a0en\u00a0lagt\u00a0\u00e5\u00a0l\u00f6n,<br \/>Gud\u00a0som\u00a0haver,\u00a0Fader\u00a0v\u00e5r,<br \/>jag\u00a0f\u00e5r\u00a0g\u00e5\u00a0i\u00a0sj\u00f6n!<br \/><br \/>Ba,\u00a0ma,\u00a0l\u00e5t<br \/>lagom,\u00a0lilla\u00a0styggen,<br \/>jag\u00a0vill\u00a0v\u00e4nda\u00a0ryggen<br \/>\u00e5t\u00a0ditt\u00a0pip\u00a0och\u00a0l\u00e5t.<br \/><br \/>Skall\u00a0jag\u00a0kv\u00e4va\u2019t,\u00a0fy,\u00a0fy,\u00a0fy,<br \/>det\u00a0\u00e4r\u00a0grymt\u00a0att\u00a0kv\u00e4va,<br \/>jag\u00a0f\u00e5r\u00a0skura,\u00a0jag\u00a0f\u00e5r\u00a0sy<br \/>och\u00a0f\u00f6rs\u00f6ka\u00a0str\u00e4va.<br \/><br \/>Ba,\u00a0ma,\u00a0kanske\u00a0tror<br \/>det\u00a0att\u00a0mor<br \/>vill\u00a0ge\u00a0mat\u00a0och\u00a0skor,<br \/>vill\u00a0ge\u00a0kl\u00e4r<br \/>\u00e5t\u00a0ett\u00a0ot\u00e4ckt\u00a0tocket\u00a0d\u00e4r,<br \/>som\u00a0\u00e4r\u00a0f\u00f6tt\u00a0i\u00a0hor.<br \/>Jag\u00a0f\u00e5r\u00a0dra\u00a0mig\u00a0fram<br \/>genom\u00a0fattigdom\u00a0och\u00a0skam<br \/>och\u00a0den\u00a0usla\u00a0karln<br \/>f\u00e5r\u00a0betala\u00a0f\u00f6r\u00a0sitt\u00a0barn.<\/p>\t\t\t\t\t\t\t\t<\/div>\n\t\t\t\t<\/div>\n\t\t\t\t\t<\/div>\n\t\t<\/div>\n\t\t\t\t<div class=\"elementor-column elementor-col-33 elementor-inner-column elementor-element elementor-element-593515e\" data-id=\"593515e\" data-element_type=\"column\" data-e-type=\"column\">\n\t\t\t<div class=\"elementor-widget-wrap elementor-element-populated\">\n\t\t\t\t\t\t<div class=\"elementor-element elementor-element-85b2a0c elementor-widget elementor-widget-wp-widget-media_audio\" data-id=\"85b2a0c\" data-element_type=\"widget\" data-e-type=\"widget\" data-widget_type=\"wp-widget-media_audio.default\">\n\t\t\t\t<div class=\"elementor-widget-container\">\n\t\t\t\t\t<h5>Paulina Helgeson l\u00e4ser \u201dEn ung mor\u201d av Gustaf Fr\u00f6ding.<\/h5><audio class=\"wp-audio-shortcode\" id=\"audio-9164-1\" preload=\"none\" style=\"width: 100%;\" controls=\"controls\"><source type=\"audio\/mpeg\" src=\"https:\/\/litteraturbanken.se\/skolan\/wp-content\/uploads\/2019\/04\/froding_enungmor_helgeson.mp3?_=1\" \/><source type=\"audio\/mpeg\" src=\"https:\/\/litteraturbanken.se\/skolan\/wp-content\/uploads\/2019\/04\/froding_enungmor_helgeson.mp3?_=1\" \/><a href=\"https:\/\/litteraturbanken.se\/skolan\/wp-content\/uploads\/2019\/04\/froding_enungmor_helgeson.mp3\">https:\/\/litteraturbanken.se\/skolan\/wp-content\/uploads\/2019\/04\/froding_enungmor_helgeson.mp3<\/a><\/audio>\t\t\t\t<\/div>\n\t\t\t\t<\/div>\n\t\t\t\t<div class=\"elementor-element elementor-element-c59ee5f elementor-icon-list--layout-traditional elementor-list-item-link-full_width elementor-widget elementor-widget-icon-list\" data-id=\"c59ee5f\" data-element_type=\"widget\" data-e-type=\"widget\" data-widget_type=\"icon-list.default\">\n\t\t\t\t<div class=\"elementor-widget-container\">\n\t\t\t\t\t\t\t<ul class=\"elementor-icon-list-items\">\n\t\t\t\t\t\t\t<li class=\"elementor-icon-list-item\">\n\t\t\t\t\t\t\t\t\t\t\t<a href=\"https:\/\/litteraturbanken.se\/forfattare\/FrodingG\/titlar\/NyttOchGammalt\/sida\/77\/etext\" target=\"_blank\">\n\n\t\t\t\t\t\t\t\t\t\t\t\t<span class=\"elementor-icon-list-icon\">\n\t\t\t\t\t\t\t\t\t\t\t\t\t\t\t\t<i class=\"fa fa-file-text-o\" aria-hidden=\"true\"><\/i>\n\t\t\t\t\t\t\t\t\t\t\t\t\t<\/span>\n\t\t\t\t\t\t\t\t\t\t<span class=\"elementor-icon-list-text\">L\u00e4s dikten p\u00e5 Litteraturbanken<\/span>\n\t\t\t\t\t\t\t\t\t\t\t<\/a>\n\t\t\t\t\t\t\t\t\t<\/li>\n\t\t\t\t\t\t\t\t<li class=\"elementor-icon-list-item\">\n\t\t\t\t\t\t\t\t\t\t\t<a href=\"https:\/\/litteraturbanken.se\/skolan\/?page_id=261\" target=\"_blank\">\n\n\t\t\t\t\t\t\t\t\t\t\t\t<span class=\"elementor-icon-list-icon\">\n\t\t\t\t\t\t\t\t\t\t\t\t\t\t\t\t<i class=\"fa fa-file-text-o\" aria-hidden=\"true\"><\/i>\n\t\t\t\t\t\t\t\t\t\t\t\t\t<\/span>\n\t\t\t\t\t\t\t\t\t\t<span class=\"elementor-icon-list-text\">Termer och begrepp<\/span>\n\t\t\t\t\t\t\t\t\t\t\t<\/a>\n\t\t\t\t\t\t\t\t\t<\/li>\n\t\t\t\t\t\t<\/ul>\n\t\t\t\t\t\t<\/div>\n\t\t\t\t<\/div>\n\t\t\t\t<div class=\"elementor-element elementor-element-8d72ebe elementor-align-center elementor-widget elementor-widget-button\" data-id=\"8d72ebe\" data-element_type=\"widget\" data-e-type=\"widget\" data-widget_type=\"button.default\">\n\t\t\t\t<div class=\"elementor-widget-container\">\n\t\t\t\t\t\t\t\t\t<div class=\"elementor-button-wrapper\">\n\t\t\t\t\t<a class=\"elementor-button elementor-button-link elementor-size-md elementor-animation-grow\" href=\"#uppgiftF-3\">\n\t\t\t\t\t\t<span class=\"elementor-button-content-wrapper\">\n\t\t\t\t\t\t<span class=\"elementor-button-icon\">\n\t\t\t\t\t\t\t\t\t<i class=\"fa fa-pencil\" aria-hidden=\"true\"><\/i>\n\t\t\t\t\t\t\t<\/span>\n\t\t\t\t\t\t\t\t\t<span class=\"elementor-button-text\">Uppgift, Gymnasium<\/span>\n\t\t\t\t\t<\/span>\n\t\t\t\t\t<\/a>\n\t\t\t\t<\/div>\n\t\t\t\t\t\t\t\t<\/div>\n\t\t\t\t<\/div>\n\t\t\t\t<div class=\"elementor-element elementor-element-29f2994 elementor-widget elementor-widget-image\" data-id=\"29f2994\" data-element_type=\"widget\" data-e-type=\"widget\" data-widget_type=\"image.default\">\n\t\t\t\t<div class=\"elementor-widget-container\">\n\t\t\t\t\t\t\t\t\t\t\t\t\t\t\t<img fetchpriority=\"high\" decoding=\"async\" width=\"300\" height=\"300\" src=\"https:\/\/litteraturbanken.se\/skolan\/wp-content\/uploads\/2019\/03\/lb_skolan_2019_knapp_f\u00f6rfattarbild_fr\u00f6ding_r\u00f6d-e1553013674159.jpg\" class=\"attachment-full size-full wp-image-13726\" alt=\"\" \/>\t\t\t\t\t\t\t\t\t\t\t\t\t\t\t<\/div>\n\t\t\t\t<\/div>\n\t\t\t\t\t<\/div>\n\t\t<\/div>\n\t\t\t\t\t<\/div>\n\t\t<\/section>\n\t\t\t\t<section class=\"elementor-section elementor-top-section elementor-element elementor-element-88bb6c8 elementor-section-boxed elementor-section-height-default elementor-section-height-default\" data-id=\"88bb6c8\" data-element_type=\"section\" data-e-type=\"section\">\n\t\t\t\t\t\t<div class=\"elementor-container elementor-column-gap-default\">\n\t\t\t\t\t<div class=\"elementor-column elementor-col-100 elementor-top-column elementor-element elementor-element-c987051\" data-id=\"c987051\" data-element_type=\"column\" data-e-type=\"column\">\n\t\t\t<div class=\"elementor-widget-wrap elementor-element-populated\">\n\t\t\t\t\t\t<div class=\"elementor-element elementor-element-2fb24b2 elementor-widget elementor-widget-spacer\" data-id=\"2fb24b2\" data-element_type=\"widget\" data-e-type=\"widget\" data-widget_type=\"spacer.default\">\n\t\t\t\t<div class=\"elementor-widget-container\">\n\t\t\t\t\t\t\t<div class=\"elementor-spacer\">\n\t\t\t<div class=\"elementor-spacer-inner\"><\/div>\n\t\t<\/div>\n\t\t\t\t\t\t<\/div>\n\t\t\t\t<\/div>\n\t\t\t\t\t<\/div>\n\t\t<\/div>\n\t\t\t\t\t<\/div>\n\t\t<\/section>\n\t\t\t\t<section class=\"elementor-section elementor-top-section elementor-element elementor-element-6048090 elementor-section-boxed elementor-section-height-default elementor-section-height-default\" data-id=\"6048090\" data-element_type=\"section\" data-e-type=\"section\">\n\t\t\t\t\t\t<div class=\"elementor-container elementor-column-gap-default\">\n\t\t\t\t\t<div class=\"elementor-column elementor-col-100 elementor-top-column elementor-element elementor-element-c8bb419\" data-id=\"c8bb419\" data-element_type=\"column\" data-e-type=\"column\" data-settings=\"{&quot;background_background&quot;:&quot;classic&quot;}\">\n\t\t\t<div class=\"elementor-widget-wrap elementor-element-populated\">\n\t\t\t\t\t\t<section class=\"elementor-section elementor-inner-section elementor-element elementor-element-df6fcaf elementor-section-boxed elementor-section-height-default elementor-section-height-default\" data-id=\"df6fcaf\" data-element_type=\"section\" data-e-type=\"section\">\n\t\t\t\t\t\t<div class=\"elementor-container elementor-column-gap-default\">\n\t\t\t\t\t<div class=\"elementor-column elementor-col-100 elementor-inner-column elementor-element elementor-element-0bd2cc1\" data-id=\"0bd2cc1\" data-element_type=\"column\" data-e-type=\"column\">\n\t\t\t<div class=\"elementor-widget-wrap elementor-element-populated\">\n\t\t\t\t\t\t<div class=\"elementor-element elementor-element-b72950f elementor-widget elementor-widget-menu-anchor\" data-id=\"b72950f\" data-element_type=\"widget\" data-e-type=\"widget\" data-widget_type=\"menu-anchor.default\">\n\t\t\t\t<div class=\"elementor-widget-container\">\n\t\t\t\t\t\t\t<div class=\"elementor-menu-anchor\" id=\"uppgiftF-3\"><\/div>\n\t\t\t\t\t\t<\/div>\n\t\t\t\t<\/div>\n\t\t\t\t<div class=\"elementor-element elementor-element-4097aeb elementor-view-framed elementor-shape-circle elementor-widget elementor-widget-icon\" data-id=\"4097aeb\" data-element_type=\"widget\" data-e-type=\"widget\" data-widget_type=\"icon.default\">\n\t\t\t\t<div class=\"elementor-widget-container\">\n\t\t\t\t\t\t\t<div class=\"elementor-icon-wrapper\">\n\t\t\t<div class=\"elementor-icon\">\n\t\t\t\t\t\t\t<i class=\"fa fa-pencil\" aria-hidden=\"true\"><\/i>\n\t\t\t\t\t\t<\/div>\n\t\t<\/div>\n\t\t\t\t\t\t<\/div>\n\t\t\t\t<\/div>\n\t\t\t\t<div class=\"elementor-element elementor-element-cbdeac7 elementor-widget elementor-widget-toggle\" data-id=\"cbdeac7\" data-element_type=\"widget\" data-e-type=\"widget\" data-widget_type=\"toggle.default\">\n\t\t\t\t<div class=\"elementor-widget-container\">\n\t\t\t\t\t\t\t<div class=\"elementor-toggle\">\n\t\t\t\t\t\t\t<div class=\"elementor-toggle-item\">\n\t\t\t\t\t<div id=\"elementor-tab-title-2131\" class=\"elementor-tab-title\" data-tab=\"1\" role=\"button\" aria-controls=\"elementor-tab-content-2131\" aria-expanded=\"false\">\n\t\t\t\t\t\t\t\t\t\t\t\t<span class=\"elementor-toggle-icon elementor-toggle-icon-left\" aria-hidden=\"true\">\n\t\t\t\t\t\t\t\t\t\t\t\t\t\t\t<i class=\"elementor-toggle-icon-closed fa fa-chevron-right\"><\/i>\n\t\t\t\t\t\t\t\t<i class=\"elementor-toggle-icon-opened fa fa-chevron-down\"><\/i>\n\t\t\t\t\t\t\t\t\t\t\t\t\t<\/span>\n\t\t\t\t\t\t\t\t\t\t\t\t<a class=\"elementor-toggle-title\" tabindex=\"0\">Gymnasium<\/a>\n\t\t\t\t\t<\/div>\n\n\t\t\t\t\t<div id=\"elementor-tab-content-2131\" class=\"elementor-tab-content elementor-clearfix\" data-tab=\"1\" role=\"region\" aria-labelledby=\"elementor-tab-title-2131\"><h3>J\u00e4mf\u00f6r<\/h3><p>1 L\u00e4s dikten <a href=\"https:\/\/litteraturbanken.se\/skolan\/?page_id=2623&amp;preview_nonce=0b3e1c10a6\">&#8221;Elin i hagen&#8221;<\/a>. Vilka likheter hittar du mellan dikterna?<\/p><p>2 Ta reda p\u00e5 den historiska bakgrunden till ogifta mammors situation p\u00e5 1800-talet.\u00a0<\/p><\/div>\n\t\t\t\t<\/div>\n\t\t\t\t\t\t\t\t<\/div>\n\t\t\t\t\t\t<\/div>\n\t\t\t\t<\/div>\n\t\t\t\t\t<\/div>\n\t\t<\/div>\n\t\t\t\t\t<\/div>\n\t\t<\/section>\n\t\t\t\t\t<\/div>\n\t\t<\/div>\n\t\t\t\t\t<\/div>\n\t\t<\/section>\n\t\t\t\t<section class=\"elementor-section elementor-top-section elementor-element elementor-element-db4b2cb elementor-section-boxed elementor-section-height-default elementor-section-height-default\" data-id=\"db4b2cb\" data-element_type=\"section\" data-e-type=\"section\">\n\t\t\t\t\t\t<div class=\"elementor-container elementor-column-gap-default\">\n\t\t\t\t\t<div class=\"elementor-column elementor-col-100 elementor-top-column elementor-element elementor-element-28230c5\" data-id=\"28230c5\" data-element_type=\"column\" data-e-type=\"column\">\n\t\t\t<div class=\"elementor-widget-wrap elementor-element-populated\">\n\t\t\t\t\t\t<div class=\"elementor-element elementor-element-6fb2723 elementor-widget elementor-widget-spacer\" data-id=\"6fb2723\" data-element_type=\"widget\" data-e-type=\"widget\" data-widget_type=\"spacer.default\">\n\t\t\t\t<div class=\"elementor-widget-container\">\n\t\t\t\t\t\t\t<div class=\"elementor-spacer\">\n\t\t\t<div class=\"elementor-spacer-inner\"><\/div>\n\t\t<\/div>\n\t\t\t\t\t\t<\/div>\n\t\t\t\t<\/div>\n\t\t\t\t\t<\/div>\n\t\t<\/div>\n\t\t\t\t\t<\/div>\n\t\t<\/section>\n\t\t\t\t<\/div>\n\t\t","protected":false},"excerpt":{"rendered":"<p>En ung mor Av Gustaf Fr\u00f6ding Ur:\u00a0Nytt och gammalt\u00a0(1897) \u00a0 \u00a0\u00c5rskurs: Gymnasium \u00a0 \u00a0Tema: Fattigsverige Klen\u00a0och\u00a0svag\u00a0och\u00a0blek\u00a0om\u00a0kind,kl\u00e4dd\u00a0i\u00a0lintyg\u00a0och\u00a0i\u00a0stubb,i\u00a0en\u00a0liten\u00a0skrubbp\u00e5\u00a0en\u00a0gammal\u00a0vindsatt\u00a0en\u00a0sjutton\u00e5rig\u00a0t\u00f6sp\u00e5\u00a0en\u00a0kistas\u00a0lock\u00a0och\u00a0fr\u00f6smed\u00a0ett\u00a0byltebarn,\u00a0som\u00a0gr\u00e4tlagt\u00a0i\u00a0kn\u00e4t. \u201dDet\u00a0blir\u00a0aldrig\u00a0v\u00e4l\u00a0igen,v\u00e4l\u00a0igen\u00a0f\u00f6r\u00a0den,som\u00a0har\u00a0ingen\u00a0enda\u00a0v\u00e4n,Gud\u00a0vet\u00a0hur\u00a0det\u00a0g\u00e5r,ty\u00a0i\u00a0lagen\u00a0st\u00e5r,vad\u00a0en\u00a0f\u00e5r,\u00a0n\u00e4r\u00a0en\u00a0lagt\u00a0\u00e5\u00a0l\u00f6n,Gud\u00a0som\u00a0haver,\u00a0Fader\u00a0v\u00e5r,jag\u00a0f\u00e5r\u00a0g\u00e5\u00a0i\u00a0sj\u00f6n! Ba,\u00a0ma,\u00a0l\u00e5tlagom,\u00a0lilla\u00a0styggen,jag\u00a0vill\u00a0v\u00e4nda\u00a0ryggen\u00e5t\u00a0ditt\u00a0pip\u00a0och\u00a0l\u00e5t. Skall\u00a0jag\u00a0kv\u00e4va\u2019t,\u00a0fy,\u00a0fy,\u00a0fy,det\u00a0\u00e4r\u00a0grymt\u00a0att\u00a0kv\u00e4va,jag\u00a0f\u00e5r\u00a0skura,\u00a0jag\u00a0f\u00e5r\u00a0syoch\u00a0f\u00f6rs\u00f6ka\u00a0str\u00e4va. Ba,\u00a0ma,\u00a0kanske\u00a0trordet\u00a0att\u00a0morvill\u00a0ge\u00a0mat\u00a0och\u00a0skor,vill\u00a0ge\u00a0kl\u00e4r\u00e5t\u00a0ett\u00a0ot\u00e4ckt\u00a0tocket\u00a0d\u00e4r,som\u00a0\u00e4r\u00a0f\u00f6tt\u00a0i\u00a0hor.Jag\u00a0f\u00e5r\u00a0dra\u00a0mig\u00a0framgenom\u00a0fattigdom\u00a0och\u00a0skamoch\u00a0den\u00a0usla\u00a0karlnf\u00e5r\u00a0betala\u00a0f\u00f6r\u00a0sitt\u00a0barn. L\u00e4s dikten p\u00e5 Litteraturbanken Termer och begrepp Uppgift, Gymnasium Gymnasium J\u00e4mf\u00f6r 1 L\u00e4s dikten &#8221;Elin i hagen&#8221;. Vilka likheter hittar du mellan dikterna? 2 Ta reda p\u00e5 den historiska bakgrunden till ogifta mammors situation p\u00e5 [&hellip;]<\/p>\n","protected":false},"author":5,"featured_media":0,"parent":0,"menu_order":0,"comment_status":"closed","ping_status":"closed","template":"","meta":{"ocean_post_layout":"full-screen","ocean_both_sidebars_style":"","ocean_both_sidebars_content_width":0,"ocean_both_sidebars_sidebars_width":0,"ocean_sidebar":"0","ocean_second_sidebar":"0","ocean_disable_margins":"enable","ocean_add_body_class":"","ocean_shortcode_before_top_bar":"","ocean_shortcode_after_top_bar":"","ocean_shortcode_before_header":"","ocean_shortcode_after_header":"","ocean_has_shortcode":"","ocean_shortcode_after_title":"","ocean_shortcode_before_footer_widgets":"","ocean_shortcode_after_footer_widgets":"","ocean_shortcode_before_footer_bottom":"","ocean_shortcode_after_footer_bottom":"","ocean_display_top_bar":"default","ocean_display_header":"default","ocean_header_style":"","ocean_center_header_left_menu":"0","ocean_custom_header_template":"0","ocean_custom_logo":0,"ocean_custom_retina_logo":0,"ocean_custom_logo_max_width":0,"ocean_custom_logo_tablet_max_width":0,"ocean_custom_logo_mobile_max_width":0,"ocean_custom_logo_max_height":0,"ocean_custom_logo_tablet_max_height":0,"ocean_custom_logo_mobile_max_height":0,"ocean_header_custom_menu":"0","ocean_menu_typo_font_family":"0","ocean_menu_typo_font_subset":"","ocean_menu_typo_font_size":0,"ocean_menu_typo_font_size_tablet":0,"ocean_menu_typo_font_size_mobile":0,"ocean_menu_typo_font_size_unit":"px","ocean_menu_typo_font_weight":"","ocean_menu_typo_font_weight_tablet":"","ocean_menu_typo_font_weight_mobile":"","ocean_menu_typo_transform":"","ocean_menu_typo_transform_tablet":"","ocean_menu_typo_transform_mobile":"","ocean_menu_typo_line_height":0,"ocean_menu_typo_line_height_tablet":0,"ocean_menu_typo_line_height_mobile":0,"ocean_menu_typo_line_height_unit":"","ocean_menu_typo_spacing":0,"ocean_menu_typo_spacing_tablet":0,"ocean_menu_typo_spacing_mobile":0,"ocean_menu_typo_spacing_unit":"","ocean_menu_link_color":"","ocean_menu_link_color_hover":"","ocean_menu_link_color_active":"","ocean_menu_link_background":"","ocean_menu_link_hover_background":"","ocean_menu_link_active_background":"","ocean_menu_social_links_bg":"","ocean_menu_social_hover_links_bg":"","ocean_menu_social_links_color":"","ocean_menu_social_hover_links_color":"","ocean_disable_title":"on","ocean_disable_heading":"default","ocean_post_title":"","ocean_post_subheading":"","ocean_post_title_style":"","ocean_post_title_background_color":"","ocean_post_title_background":0,"ocean_post_title_bg_image_position":"","ocean_post_title_bg_image_attachment":"","ocean_post_title_bg_image_repeat":"","ocean_post_title_bg_image_size":"","ocean_post_title_height":0,"ocean_post_title_bg_overlay":0.5,"ocean_post_title_bg_overlay_color":"","ocean_disable_breadcrumbs":"default","ocean_breadcrumbs_color":"","ocean_breadcrumbs_separator_color":"","ocean_breadcrumbs_links_color":"","ocean_breadcrumbs_links_hover_color":"","ocean_display_footer_widgets":"default","ocean_display_footer_bottom":"default","ocean_custom_footer_template":"0","footnotes":""},"class_list":["post-9164","page","type-page","status-publish","hentry","entry"],"_links":{"self":[{"href":"https:\/\/litteraturbanken.se\/skolan\/wp-json\/wp\/v2\/pages\/9164","targetHints":{"allow":["GET"]}}],"collection":[{"href":"https:\/\/litteraturbanken.se\/skolan\/wp-json\/wp\/v2\/pages"}],"about":[{"href":"https:\/\/litteraturbanken.se\/skolan\/wp-json\/wp\/v2\/types\/page"}],"author":[{"embeddable":true,"href":"https:\/\/litteraturbanken.se\/skolan\/wp-json\/wp\/v2\/users\/5"}],"replies":[{"embeddable":true,"href":"https:\/\/litteraturbanken.se\/skolan\/wp-json\/wp\/v2\/comments?post=9164"}],"version-history":[{"count":15,"href":"https:\/\/litteraturbanken.se\/skolan\/wp-json\/wp\/v2\/pages\/9164\/revisions"}],"predecessor-version":[{"id":20396,"href":"https:\/\/litteraturbanken.se\/skolan\/wp-json\/wp\/v2\/pages\/9164\/revisions\/20396"}],"wp:attachment":[{"href":"https:\/\/litteraturbanken.se\/skolan\/wp-json\/wp\/v2\/media?parent=9164"}],"curies":[{"name":"wp","href":"https:\/\/api.w.org\/{rel}","templated":true}]}}