{"id":9190,"date":"2018-12-09T21:28:00","date_gmt":"2018-12-09T20:28:00","guid":{"rendered":"https:\/\/litteraturbanken.se\/skoladev\/?page_id=9190"},"modified":"2020-03-04T11:46:16","modified_gmt":"2020-03-04T10:46:16","slug":"poesi-forfattare-gustaf-froding-tre-trallande-jantor","status":"publish","type":"page","link":"https:\/\/litteraturbanken.se\/skolan\/poesi-forfattare-gustaf-froding-tre-trallande-jantor\/","title":{"rendered":"Poesi\/F\u00f6rfattare\/Gustaf Fr\u00f6ding\/Tre trallande j\u00e4ntor"},"content":{"rendered":"\t\t<div data-elementor-type=\"wp-post\" data-elementor-id=\"9190\" class=\"elementor elementor-9190\">\n\t\t\t\t\t\t<section class=\"elementor-section elementor-top-section elementor-element elementor-element-c713939 elementor-section-boxed elementor-section-height-default elementor-section-height-default\" data-id=\"c713939\" data-element_type=\"section\" data-e-type=\"section\">\n\t\t\t\t\t\t<div class=\"elementor-container elementor-column-gap-default\">\n\t\t\t\t\t<div class=\"elementor-column elementor-col-100 elementor-top-column elementor-element elementor-element-5609f71\" data-id=\"5609f71\" data-element_type=\"column\" data-e-type=\"column\">\n\t\t\t<div class=\"elementor-widget-wrap elementor-element-populated\">\n\t\t\t\t\t\t<div class=\"elementor-element elementor-element-c04c8ea elementor-widget elementor-widget-spacer\" data-id=\"c04c8ea\" data-element_type=\"widget\" data-e-type=\"widget\" data-widget_type=\"spacer.default\">\n\t\t\t\t<div class=\"elementor-widget-container\">\n\t\t\t\t\t\t\t<div class=\"elementor-spacer\">\n\t\t\t<div class=\"elementor-spacer-inner\"><\/div>\n\t\t<\/div>\n\t\t\t\t\t\t<\/div>\n\t\t\t\t<\/div>\n\t\t\t\t\t<\/div>\n\t\t<\/div>\n\t\t\t\t\t<\/div>\n\t\t<\/section>\n\t\t\t\t<section class=\"elementor-section elementor-inner-section elementor-element elementor-element-2e05598 elementor-section-boxed elementor-section-height-default elementor-section-height-default\" data-id=\"2e05598\" data-element_type=\"section\" data-e-type=\"section\">\n\t\t\t\t\t\t<div class=\"elementor-container elementor-column-gap-default\">\n\t\t\t\t\t<div class=\"elementor-column elementor-col-66 elementor-inner-column elementor-element elementor-element-d4f7e49\" data-id=\"d4f7e49\" data-element_type=\"column\" data-e-type=\"column\" data-settings=\"{&quot;background_background&quot;:&quot;classic&quot;}\">\n\t\t\t<div class=\"elementor-widget-wrap elementor-element-populated\">\n\t\t\t\t\t\t<div class=\"elementor-element elementor-element-5138db7 elementor-widget elementor-widget-heading\" data-id=\"5138db7\" data-element_type=\"widget\" data-e-type=\"widget\" data-widget_type=\"heading.default\">\n\t\t\t\t<div class=\"elementor-widget-container\">\n\t\t\t\t\t<h2 class=\"elementor-heading-title elementor-size-default\">Tre trallande j\u00e4ntor<\/h2>\t\t\t\t<\/div>\n\t\t\t\t<\/div>\n\t\t\t\t<div class=\"elementor-element elementor-element-2e5eb68 elementor-widget elementor-widget-text-editor\" data-id=\"2e5eb68\" data-element_type=\"widget\" data-e-type=\"widget\" data-widget_type=\"text-editor.default\">\n\t\t\t\t<div class=\"elementor-widget-container\">\n\t\t\t\t\t\t\t\t\t<p>Av <a href=\"https:\/\/litteraturbanken.se\/skolan\/?page_id=113\"><em>Gustaf Fr\u00f6ding<\/em><\/a><\/p>\t\t\t\t\t\t\t\t<\/div>\n\t\t\t\t<\/div>\n\t\t\t\t<div class=\"elementor-element elementor-element-fe92070 elementor-widget elementor-widget-text-editor\" data-id=\"fe92070\" data-element_type=\"widget\" data-e-type=\"widget\" data-widget_type=\"text-editor.default\">\n\t\t\t\t<div class=\"elementor-widget-container\">\n\t\t\t\t\t\t\t\t\t<p><strong>Ur:<\/strong>\u00a0<em>Nya dikter\u00a0<\/em>(1894) \u00a0 \u00a0<strong>\u00c5rskurs:<\/strong> Gymnasium \u00a0 \u00a0<strong>Tema:<\/strong> Humor och satir, V\u00e5r<\/p>\t\t\t\t\t\t\t\t<\/div>\n\t\t\t\t<\/div>\n\t\t\t\t<div class=\"elementor-element elementor-element-0c4f39b elementor-widget elementor-widget-text-editor\" data-id=\"0c4f39b\" data-element_type=\"widget\" data-e-type=\"widget\" data-widget_type=\"text-editor.default\">\n\t\t\t\t<div class=\"elementor-widget-container\">\n\t\t\t\t\t\t\t\t\t<p>D\u00e4r\u00a0gingo\u00a0tre\u00a0j\u00e4ntor\u00a0i\u00a0solen<br \/>p\u00e5\u00a0v\u00e4gen\u00a0vid\u00a0Lindane\u00a0Le,<br \/>de\u00a0sv\u00e4ngde,\u00a0de\u00a0svepte\u00a0med\u00a0kjolen,<br \/>de\u00a0trallade\u00a0alla\u00a0de\u00a0tre.<br \/><br \/>Och\u00a0gingo\u00a0i\u00a0takt\u00a0som\u00a0soldater<br \/>och\u00a0sedan\u00a0s\u00e5\u00a0valsade\u00a0de,<br \/>och\u00a0\u201dUdden\u00a0\u00e4r\u00a0s\u00e5\u00a0later\u201d<br \/>de\u00a0trallade\u00a0alla\u00a0de\u00a0tre.<br \/><br \/>Men\u00a0n\u00e4r\u00a0som\u00a0de\u00a0kommo\u00a0till\u00a0kr\u00f6ken<br \/>av\u00a0v\u00e4gen\u00a0vid\u00a0Lindane\u00a0Le,<br \/>de\u00a0ropade\u00a0alla:\u00a0\u201dh\u00f6r\u00a0g\u00f6ken!\u201d<br \/>sen\u00a0skv\u00e4tte\u00a0och\u00a0tystnade\u00a0de.<br \/><br \/>Och\u00a0tego\u00a0s\u00e5\u00a0tyst\u00a0som\u00a0de\u00a0d\u00f6da<br \/>och\u00a0rodnade,\u00a0alla\u00a0de\u00a0tre.<br \/>Men\u00a0varf\u00f6re\u00a0blevo\u00a0de\u00a0r\u00f6da<br \/>och\u00a0varf\u00f6re\u00a0tystnade\u00a0de?<br \/><br \/>Jo!<br \/><br \/>Det\u00a0stod\u00a0tre\u00a0studenter\u00a0vid\u00a0grinden<br \/>och\u00a0d\u00e4rf\u00f6r\u00a0s\u00e5\u00a0tystnade\u00a0de<br \/>och\u00a0blevo\u00a0s\u00e5\u00a0r\u00f6da\u00a0om\u00a0kinden,<br \/>de\u00a0trallande\u00a0j\u00e4ntorna\u00a0tre.<br \/><br \/>Det\u00a0stod\u00a0tre\u00a0studenter\u00a0vid\u00a0kr\u00f6ken<br \/>och\u00a0flinade,\u00a0alla\u00a0de\u00a0tre,<br \/>och\u00a0h\u00e4rmde\u00a0och\u00a0skreko:\u00a0h\u00f6r\u00a0g\u00f6ken!<br \/>och\u00a0alla\u00a0s\u00e5\u00a0trallade\u00a0de.<\/p>\t\t\t\t\t\t\t\t<\/div>\n\t\t\t\t<\/div>\n\t\t\t\t\t<\/div>\n\t\t<\/div>\n\t\t\t\t<div class=\"elementor-column elementor-col-33 elementor-inner-column elementor-element elementor-element-f882a01\" data-id=\"f882a01\" data-element_type=\"column\" data-e-type=\"column\">\n\t\t\t<div class=\"elementor-widget-wrap elementor-element-populated\">\n\t\t\t\t\t\t<div class=\"elementor-element elementor-element-586b1cc elementor-widget elementor-widget-wp-widget-media_audio\" data-id=\"586b1cc\" data-element_type=\"widget\" data-e-type=\"widget\" data-widget_type=\"wp-widget-media_audio.default\">\n\t\t\t\t<div class=\"elementor-widget-container\">\n\t\t\t\t\t<h5>Ann Boglind l\u00e4ser \u201dTre trallande j\u00e4ntor\u201d av Gustaf Fr\u00f6ding.<\/h5><audio class=\"wp-audio-shortcode\" id=\"audio-9190-1\" preload=\"none\" style=\"width: 100%;\" controls=\"controls\"><source type=\"audio\/mpeg\" src=\"https:\/\/litteraturbanken.se\/skolan\/wp-content\/uploads\/2019\/03\/froding_tretrallandejantor_boglind.mp3?_=1\" \/><source type=\"audio\/mpeg\" src=\"https:\/\/litteraturbanken.se\/skolan\/wp-content\/uploads\/2019\/03\/froding_tretrallandejantor_boglind.mp3?_=1\" \/><a href=\"https:\/\/litteraturbanken.se\/skolan\/wp-content\/uploads\/2019\/03\/froding_tretrallandejantor_boglind.mp3\">https:\/\/litteraturbanken.se\/skolan\/wp-content\/uploads\/2019\/03\/froding_tretrallandejantor_boglind.mp3<\/a><\/audio>\t\t\t\t<\/div>\n\t\t\t\t<\/div>\n\t\t\t\t<div class=\"elementor-element elementor-element-6bf18dc elementor-icon-list--layout-traditional elementor-list-item-link-full_width elementor-widget elementor-widget-icon-list\" data-id=\"6bf18dc\" data-element_type=\"widget\" data-e-type=\"widget\" data-widget_type=\"icon-list.default\">\n\t\t\t\t<div class=\"elementor-widget-container\">\n\t\t\t\t\t\t\t<ul class=\"elementor-icon-list-items\">\n\t\t\t\t\t\t\t<li class=\"elementor-icon-list-item\">\n\t\t\t\t\t\t\t\t\t\t\t<a href=\"https:\/\/litteraturbanken.se\/forfattare\/FrodingG\/titlar\/NyaDikter\/sida\/53\/etext\" target=\"_blank\">\n\n\t\t\t\t\t\t\t\t\t\t\t\t<span class=\"elementor-icon-list-icon\">\n\t\t\t\t\t\t\t\t\t\t\t\t\t\t\t\t<i class=\"fa fa-file-text-o\" aria-hidden=\"true\"><\/i>\n\t\t\t\t\t\t\t\t\t\t\t\t\t<\/span>\n\t\t\t\t\t\t\t\t\t\t<span class=\"elementor-icon-list-text\">L\u00e4s dikten p\u00e5 Litteraturbanken<\/span>\n\t\t\t\t\t\t\t\t\t\t\t<\/a>\n\t\t\t\t\t\t\t\t\t<\/li>\n\t\t\t\t\t\t\t\t<li class=\"elementor-icon-list-item\">\n\t\t\t\t\t\t\t\t\t\t\t<a href=\"https:\/\/litteraturbanken.se\/skolan\/?page_id=261\" target=\"_blank\">\n\n\t\t\t\t\t\t\t\t\t\t\t\t<span class=\"elementor-icon-list-icon\">\n\t\t\t\t\t\t\t\t\t\t\t\t\t\t\t\t<i class=\"fa fa-file-text-o\" aria-hidden=\"true\"><\/i>\n\t\t\t\t\t\t\t\t\t\t\t\t\t<\/span>\n\t\t\t\t\t\t\t\t\t\t<span class=\"elementor-icon-list-text\">Termer och begrepp<\/span>\n\t\t\t\t\t\t\t\t\t\t\t<\/a>\n\t\t\t\t\t\t\t\t\t<\/li>\n\t\t\t\t\t\t<\/ul>\n\t\t\t\t\t\t<\/div>\n\t\t\t\t<\/div>\n\t\t\t\t<div class=\"elementor-element elementor-element-ecc9d1e elementor-align-center elementor-widget elementor-widget-button\" data-id=\"ecc9d1e\" data-element_type=\"widget\" data-e-type=\"widget\" data-widget_type=\"button.default\">\n\t\t\t\t<div class=\"elementor-widget-container\">\n\t\t\t\t\t\t\t\t\t<div class=\"elementor-button-wrapper\">\n\t\t\t\t\t<a class=\"elementor-button elementor-button-link elementor-size-md elementor-animation-grow\" href=\"#uppgiftF-3\">\n\t\t\t\t\t\t<span class=\"elementor-button-content-wrapper\">\n\t\t\t\t\t\t<span class=\"elementor-button-icon\">\n\t\t\t\t\t\t\t\t\t<i class=\"fa fa-pencil\" aria-hidden=\"true\"><\/i>\n\t\t\t\t\t\t\t<\/span>\n\t\t\t\t\t\t\t\t\t<span class=\"elementor-button-text\">Uppgift, Gymnasium<\/span>\n\t\t\t\t\t<\/span>\n\t\t\t\t\t<\/a>\n\t\t\t\t<\/div>\n\t\t\t\t\t\t\t\t<\/div>\n\t\t\t\t<\/div>\n\t\t\t\t<div class=\"elementor-element elementor-element-d75a046 elementor-widget elementor-widget-image\" data-id=\"d75a046\" data-element_type=\"widget\" data-e-type=\"widget\" data-widget_type=\"image.default\">\n\t\t\t\t<div class=\"elementor-widget-container\">\n\t\t\t\t\t\t\t\t\t\t\t\t\t\t\t<img fetchpriority=\"high\" decoding=\"async\" width=\"300\" height=\"300\" src=\"https:\/\/litteraturbanken.se\/skolan\/wp-content\/uploads\/2019\/03\/lb_skolan_2019_knapp_f\u00f6rfattarbild_bl\u00e5-e1553013682353.jpg\" class=\"attachment-full size-full wp-image-13725\" alt=\"\" \/>\t\t\t\t\t\t\t\t\t\t\t\t\t\t\t<\/div>\n\t\t\t\t<\/div>\n\t\t\t\t\t<\/div>\n\t\t<\/div>\n\t\t\t\t\t<\/div>\n\t\t<\/section>\n\t\t\t\t<section class=\"elementor-section elementor-top-section elementor-element elementor-element-d6b5846 elementor-section-boxed elementor-section-height-default elementor-section-height-default\" data-id=\"d6b5846\" data-element_type=\"section\" data-e-type=\"section\">\n\t\t\t\t\t\t<div class=\"elementor-container elementor-column-gap-default\">\n\t\t\t\t\t<div class=\"elementor-column elementor-col-100 elementor-top-column elementor-element elementor-element-96618e0\" data-id=\"96618e0\" data-element_type=\"column\" data-e-type=\"column\">\n\t\t\t<div class=\"elementor-widget-wrap elementor-element-populated\">\n\t\t\t\t\t\t<div class=\"elementor-element elementor-element-9b128bb elementor-widget elementor-widget-spacer\" data-id=\"9b128bb\" data-element_type=\"widget\" data-e-type=\"widget\" data-widget_type=\"spacer.default\">\n\t\t\t\t<div class=\"elementor-widget-container\">\n\t\t\t\t\t\t\t<div class=\"elementor-spacer\">\n\t\t\t<div class=\"elementor-spacer-inner\"><\/div>\n\t\t<\/div>\n\t\t\t\t\t\t<\/div>\n\t\t\t\t<\/div>\n\t\t\t\t\t<\/div>\n\t\t<\/div>\n\t\t\t\t\t<\/div>\n\t\t<\/section>\n\t\t\t\t<section class=\"elementor-section elementor-top-section elementor-element elementor-element-14e368d elementor-section-boxed elementor-section-height-default elementor-section-height-default\" data-id=\"14e368d\" data-element_type=\"section\" data-e-type=\"section\">\n\t\t\t\t\t\t<div class=\"elementor-container elementor-column-gap-default\">\n\t\t\t\t\t<div class=\"elementor-column elementor-col-100 elementor-top-column elementor-element elementor-element-a90a50b\" data-id=\"a90a50b\" data-element_type=\"column\" data-e-type=\"column\" data-settings=\"{&quot;background_background&quot;:&quot;classic&quot;}\">\n\t\t\t<div class=\"elementor-widget-wrap elementor-element-populated\">\n\t\t\t\t\t\t<section class=\"elementor-section elementor-inner-section elementor-element elementor-element-d6fd9ed elementor-section-boxed elementor-section-height-default elementor-section-height-default\" data-id=\"d6fd9ed\" data-element_type=\"section\" data-e-type=\"section\">\n\t\t\t\t\t\t<div class=\"elementor-container elementor-column-gap-default\">\n\t\t\t\t\t<div class=\"elementor-column elementor-col-100 elementor-inner-column elementor-element elementor-element-a74095b\" data-id=\"a74095b\" data-element_type=\"column\" data-e-type=\"column\">\n\t\t\t<div class=\"elementor-widget-wrap elementor-element-populated\">\n\t\t\t\t\t\t<div class=\"elementor-element elementor-element-dd66995 elementor-widget elementor-widget-menu-anchor\" data-id=\"dd66995\" data-element_type=\"widget\" data-e-type=\"widget\" data-widget_type=\"menu-anchor.default\">\n\t\t\t\t<div class=\"elementor-widget-container\">\n\t\t\t\t\t\t\t<div class=\"elementor-menu-anchor\" id=\"uppgiftF-3\"><\/div>\n\t\t\t\t\t\t<\/div>\n\t\t\t\t<\/div>\n\t\t\t\t<div class=\"elementor-element elementor-element-f6525f1 elementor-view-framed elementor-shape-circle elementor-widget elementor-widget-icon\" data-id=\"f6525f1\" data-element_type=\"widget\" data-e-type=\"widget\" data-widget_type=\"icon.default\">\n\t\t\t\t<div class=\"elementor-widget-container\">\n\t\t\t\t\t\t\t<div class=\"elementor-icon-wrapper\">\n\t\t\t<div class=\"elementor-icon\">\n\t\t\t\t\t\t\t<i class=\"fa fa-pencil\" aria-hidden=\"true\"><\/i>\n\t\t\t\t\t\t<\/div>\n\t\t<\/div>\n\t\t\t\t\t\t<\/div>\n\t\t\t\t<\/div>\n\t\t\t\t<div class=\"elementor-element elementor-element-f35265b elementor-widget elementor-widget-toggle\" data-id=\"f35265b\" data-element_type=\"widget\" data-e-type=\"widget\" data-widget_type=\"toggle.default\">\n\t\t\t\t<div class=\"elementor-widget-container\">\n\t\t\t\t\t\t\t<div class=\"elementor-toggle\">\n\t\t\t\t\t\t\t<div class=\"elementor-toggle-item\">\n\t\t\t\t\t<div id=\"elementor-tab-title-2551\" class=\"elementor-tab-title\" data-tab=\"1\" role=\"button\" aria-controls=\"elementor-tab-content-2551\" aria-expanded=\"false\">\n\t\t\t\t\t\t\t\t\t\t\t\t<span class=\"elementor-toggle-icon elementor-toggle-icon-left\" aria-hidden=\"true\">\n\t\t\t\t\t\t\t\t\t\t\t\t\t\t\t<i class=\"elementor-toggle-icon-closed fa fa-chevron-right\"><\/i>\n\t\t\t\t\t\t\t\t<i class=\"elementor-toggle-icon-opened fa fa-chevron-down\"><\/i>\n\t\t\t\t\t\t\t\t\t\t\t\t\t<\/span>\n\t\t\t\t\t\t\t\t\t\t\t\t<a class=\"elementor-toggle-title\" tabindex=\"0\">Gymnasium<\/a>\n\t\t\t\t\t<\/div>\n\n\t\t\t\t\t<div id=\"elementor-tab-content-2551\" class=\"elementor-tab-content elementor-clearfix\" data-tab=\"1\" role=\"region\" aria-labelledby=\"elementor-tab-title-2551\"><h3>Dramatisera dikten<\/h3><p>L\u00e5t dikten vara utg\u00e5ngspunkt f\u00f6r en enkel dramatisering. En av er \u00e4r ber\u00e4ttare, tre \u00e4r de trallande flickorna och ytterligare tre \u00e4r studenterna.\u00a0<\/p><\/div>\n\t\t\t\t<\/div>\n\t\t\t\t\t\t\t\t<\/div>\n\t\t\t\t\t\t<\/div>\n\t\t\t\t<\/div>\n\t\t\t\t\t<\/div>\n\t\t<\/div>\n\t\t\t\t\t<\/div>\n\t\t<\/section>\n\t\t\t\t\t<\/div>\n\t\t<\/div>\n\t\t\t\t\t<\/div>\n\t\t<\/section>\n\t\t\t\t<section class=\"elementor-section elementor-top-section elementor-element elementor-element-f2aa391 elementor-section-boxed elementor-section-height-default elementor-section-height-default\" data-id=\"f2aa391\" data-element_type=\"section\" data-e-type=\"section\">\n\t\t\t\t\t\t<div class=\"elementor-container elementor-column-gap-default\">\n\t\t\t\t\t<div class=\"elementor-column elementor-col-100 elementor-top-column elementor-element elementor-element-88d1e91\" data-id=\"88d1e91\" data-element_type=\"column\" data-e-type=\"column\">\n\t\t\t<div class=\"elementor-widget-wrap elementor-element-populated\">\n\t\t\t\t\t\t<div class=\"elementor-element elementor-element-d050715 elementor-widget elementor-widget-spacer\" data-id=\"d050715\" data-element_type=\"widget\" data-e-type=\"widget\" data-widget_type=\"spacer.default\">\n\t\t\t\t<div class=\"elementor-widget-container\">\n\t\t\t\t\t\t\t<div class=\"elementor-spacer\">\n\t\t\t<div class=\"elementor-spacer-inner\"><\/div>\n\t\t<\/div>\n\t\t\t\t\t\t<\/div>\n\t\t\t\t<\/div>\n\t\t\t\t\t<\/div>\n\t\t<\/div>\n\t\t\t\t\t<\/div>\n\t\t<\/section>\n\t\t\t\t<\/div>\n\t\t","protected":false},"excerpt":{"rendered":"<p>Tre trallande j\u00e4ntor Av Gustaf Fr\u00f6ding Ur:\u00a0Nya dikter\u00a0(1894) \u00a0 \u00a0\u00c5rskurs: Gymnasium \u00a0 \u00a0Tema: Humor och satir, V\u00e5r D\u00e4r\u00a0gingo\u00a0tre\u00a0j\u00e4ntor\u00a0i\u00a0solenp\u00e5\u00a0v\u00e4gen\u00a0vid\u00a0Lindane\u00a0Le,de\u00a0sv\u00e4ngde,\u00a0de\u00a0svepte\u00a0med\u00a0kjolen,de\u00a0trallade\u00a0alla\u00a0de\u00a0tre. Och\u00a0gingo\u00a0i\u00a0takt\u00a0som\u00a0soldateroch\u00a0sedan\u00a0s\u00e5\u00a0valsade\u00a0de,och\u00a0\u201dUdden\u00a0\u00e4r\u00a0s\u00e5\u00a0later\u201dde\u00a0trallade\u00a0alla\u00a0de\u00a0tre. Men\u00a0n\u00e4r\u00a0som\u00a0de\u00a0kommo\u00a0till\u00a0kr\u00f6kenav\u00a0v\u00e4gen\u00a0vid\u00a0Lindane\u00a0Le,de\u00a0ropade\u00a0alla:\u00a0\u201dh\u00f6r\u00a0g\u00f6ken!\u201dsen\u00a0skv\u00e4tte\u00a0och\u00a0tystnade\u00a0de. Och\u00a0tego\u00a0s\u00e5\u00a0tyst\u00a0som\u00a0de\u00a0d\u00f6daoch\u00a0rodnade,\u00a0alla\u00a0de\u00a0tre.Men\u00a0varf\u00f6re\u00a0blevo\u00a0de\u00a0r\u00f6daoch\u00a0varf\u00f6re\u00a0tystnade\u00a0de? Jo! Det\u00a0stod\u00a0tre\u00a0studenter\u00a0vid\u00a0grindenoch\u00a0d\u00e4rf\u00f6r\u00a0s\u00e5\u00a0tystnade\u00a0deoch\u00a0blevo\u00a0s\u00e5\u00a0r\u00f6da\u00a0om\u00a0kinden,de\u00a0trallande\u00a0j\u00e4ntorna\u00a0tre. Det\u00a0stod\u00a0tre\u00a0studenter\u00a0vid\u00a0kr\u00f6kenoch\u00a0flinade,\u00a0alla\u00a0de\u00a0tre,och\u00a0h\u00e4rmde\u00a0och\u00a0skreko:\u00a0h\u00f6r\u00a0g\u00f6ken!och\u00a0alla\u00a0s\u00e5\u00a0trallade\u00a0de. L\u00e4s dikten p\u00e5 Litteraturbanken Termer och begrepp Uppgift, Gymnasium Gymnasium Dramatisera dikten L\u00e5t dikten vara utg\u00e5ngspunkt f\u00f6r en enkel dramatisering. En av er \u00e4r ber\u00e4ttare, tre \u00e4r de trallande flickorna och [&hellip;]<\/p>\n","protected":false},"author":5,"featured_media":0,"parent":0,"menu_order":0,"comment_status":"closed","ping_status":"closed","template":"","meta":{"ocean_post_layout":"full-screen","ocean_both_sidebars_style":"","ocean_both_sidebars_content_width":0,"ocean_both_sidebars_sidebars_width":0,"ocean_sidebar":"0","ocean_second_sidebar":"0","ocean_disable_margins":"enable","ocean_add_body_class":"","ocean_shortcode_before_top_bar":"","ocean_shortcode_after_top_bar":"","ocean_shortcode_before_header":"","ocean_shortcode_after_header":"","ocean_has_shortcode":"","ocean_shortcode_after_title":"","ocean_shortcode_before_footer_widgets":"","ocean_shortcode_after_footer_widgets":"","ocean_shortcode_before_footer_bottom":"","ocean_shortcode_after_footer_bottom":"","ocean_display_top_bar":"default","ocean_display_header":"default","ocean_header_style":"","ocean_center_header_left_menu":"0","ocean_custom_header_template":"0","ocean_custom_logo":0,"ocean_custom_retina_logo":0,"ocean_custom_logo_max_width":0,"ocean_custom_logo_tablet_max_width":0,"ocean_custom_logo_mobile_max_width":0,"ocean_custom_logo_max_height":0,"ocean_custom_logo_tablet_max_height":0,"ocean_custom_logo_mobile_max_height":0,"ocean_header_custom_menu":"0","ocean_menu_typo_font_family":"0","ocean_menu_typo_font_subset":"","ocean_menu_typo_font_size":0,"ocean_menu_typo_font_size_tablet":0,"ocean_menu_typo_font_size_mobile":0,"ocean_menu_typo_font_size_unit":"px","ocean_menu_typo_font_weight":"","ocean_menu_typo_font_weight_tablet":"","ocean_menu_typo_font_weight_mobile":"","ocean_menu_typo_transform":"","ocean_menu_typo_transform_tablet":"","ocean_menu_typo_transform_mobile":"","ocean_menu_typo_line_height":0,"ocean_menu_typo_line_height_tablet":0,"ocean_menu_typo_line_height_mobile":0,"ocean_menu_typo_line_height_unit":"","ocean_menu_typo_spacing":0,"ocean_menu_typo_spacing_tablet":0,"ocean_menu_typo_spacing_mobile":0,"ocean_menu_typo_spacing_unit":"","ocean_menu_link_color":"","ocean_menu_link_color_hover":"","ocean_menu_link_color_active":"","ocean_menu_link_background":"","ocean_menu_link_hover_background":"","ocean_menu_link_active_background":"","ocean_menu_social_links_bg":"","ocean_menu_social_hover_links_bg":"","ocean_menu_social_links_color":"","ocean_menu_social_hover_links_color":"","ocean_disable_title":"on","ocean_disable_heading":"default","ocean_post_title":"","ocean_post_subheading":"","ocean_post_title_style":"","ocean_post_title_background_color":"","ocean_post_title_background":0,"ocean_post_title_bg_image_position":"","ocean_post_title_bg_image_attachment":"","ocean_post_title_bg_image_repeat":"","ocean_post_title_bg_image_size":"","ocean_post_title_height":0,"ocean_post_title_bg_overlay":0.5,"ocean_post_title_bg_overlay_color":"","ocean_disable_breadcrumbs":"default","ocean_breadcrumbs_color":"","ocean_breadcrumbs_separator_color":"","ocean_breadcrumbs_links_color":"","ocean_breadcrumbs_links_hover_color":"","ocean_display_footer_widgets":"default","ocean_display_footer_bottom":"default","ocean_custom_footer_template":"0","footnotes":""},"class_list":["post-9190","page","type-page","status-publish","hentry","entry"],"_links":{"self":[{"href":"https:\/\/litteraturbanken.se\/skolan\/wp-json\/wp\/v2\/pages\/9190","targetHints":{"allow":["GET"]}}],"collection":[{"href":"https:\/\/litteraturbanken.se\/skolan\/wp-json\/wp\/v2\/pages"}],"about":[{"href":"https:\/\/litteraturbanken.se\/skolan\/wp-json\/wp\/v2\/types\/page"}],"author":[{"embeddable":true,"href":"https:\/\/litteraturbanken.se\/skolan\/wp-json\/wp\/v2\/users\/5"}],"replies":[{"embeddable":true,"href":"https:\/\/litteraturbanken.se\/skolan\/wp-json\/wp\/v2\/comments?post=9190"}],"version-history":[{"count":16,"href":"https:\/\/litteraturbanken.se\/skolan\/wp-json\/wp\/v2\/pages\/9190\/revisions"}],"predecessor-version":[{"id":20427,"href":"https:\/\/litteraturbanken.se\/skolan\/wp-json\/wp\/v2\/pages\/9190\/revisions\/20427"}],"wp:attachment":[{"href":"https:\/\/litteraturbanken.se\/skolan\/wp-json\/wp\/v2\/media?parent=9190"}],"curies":[{"name":"wp","href":"https:\/\/api.w.org\/{rel}","templated":true}]}}