{"id":9195,"date":"2018-12-09T21:29:09","date_gmt":"2018-12-09T20:29:09","guid":{"rendered":"https:\/\/litteraturbanken.se\/skoladev\/?page_id=9195"},"modified":"2020-03-04T11:48:40","modified_gmt":"2020-03-04T10:48:40","slug":"poesi-forfattare-gustaf-froding-varan-prost","status":"publish","type":"page","link":"https:\/\/litteraturbanken.se\/skolan\/poesi-forfattare-gustaf-froding-varan-prost\/","title":{"rendered":"Poesi\/F\u00f6rfattare\/Gustaf Fr\u00f6ding\/V\u00e5ran prost"},"content":{"rendered":"\t\t<div data-elementor-type=\"wp-post\" data-elementor-id=\"9195\" class=\"elementor elementor-9195\">\n\t\t\t\t\t\t<section class=\"elementor-section elementor-top-section elementor-element elementor-element-7ccbfda elementor-section-boxed elementor-section-height-default elementor-section-height-default\" data-id=\"7ccbfda\" data-element_type=\"section\" data-e-type=\"section\">\n\t\t\t\t\t\t<div class=\"elementor-container elementor-column-gap-default\">\n\t\t\t\t\t<div class=\"elementor-column elementor-col-100 elementor-top-column elementor-element elementor-element-23a3464\" data-id=\"23a3464\" data-element_type=\"column\" data-e-type=\"column\">\n\t\t\t<div class=\"elementor-widget-wrap elementor-element-populated\">\n\t\t\t\t\t\t<div class=\"elementor-element elementor-element-217dd4f elementor-widget elementor-widget-spacer\" data-id=\"217dd4f\" data-element_type=\"widget\" data-e-type=\"widget\" data-widget_type=\"spacer.default\">\n\t\t\t\t<div class=\"elementor-widget-container\">\n\t\t\t\t\t\t\t<div class=\"elementor-spacer\">\n\t\t\t<div class=\"elementor-spacer-inner\"><\/div>\n\t\t<\/div>\n\t\t\t\t\t\t<\/div>\n\t\t\t\t<\/div>\n\t\t\t\t\t<\/div>\n\t\t<\/div>\n\t\t\t\t\t<\/div>\n\t\t<\/section>\n\t\t\t\t<section class=\"elementor-section elementor-inner-section elementor-element elementor-element-0fabd42 elementor-section-boxed elementor-section-height-default elementor-section-height-default\" data-id=\"0fabd42\" data-element_type=\"section\" data-e-type=\"section\">\n\t\t\t\t\t\t<div class=\"elementor-container elementor-column-gap-default\">\n\t\t\t\t\t<div class=\"elementor-column elementor-col-66 elementor-inner-column elementor-element elementor-element-d66bdfc\" data-id=\"d66bdfc\" data-element_type=\"column\" data-e-type=\"column\" data-settings=\"{&quot;background_background&quot;:&quot;classic&quot;}\">\n\t\t\t<div class=\"elementor-widget-wrap elementor-element-populated\">\n\t\t\t\t\t\t<div class=\"elementor-element elementor-element-6ef876b elementor-widget elementor-widget-heading\" data-id=\"6ef876b\" data-element_type=\"widget\" data-e-type=\"widget\" data-widget_type=\"heading.default\">\n\t\t\t\t<div class=\"elementor-widget-container\">\n\t\t\t\t\t<h2 class=\"elementor-heading-title elementor-size-default\">V\u00e5ran prost<\/h2>\t\t\t\t<\/div>\n\t\t\t\t<\/div>\n\t\t\t\t<div class=\"elementor-element elementor-element-b1fb4c7 elementor-widget elementor-widget-text-editor\" data-id=\"b1fb4c7\" data-element_type=\"widget\" data-e-type=\"widget\" data-widget_type=\"text-editor.default\">\n\t\t\t\t<div class=\"elementor-widget-container\">\n\t\t\t\t\t\t\t\t\t<p>Av <a href=\"https:\/\/litteraturbanken.se\/skolan\/?page_id=113\"><em>Gustaf Fr\u00f6ding<\/em><\/a><\/p>\t\t\t\t\t\t\t\t<\/div>\n\t\t\t\t<\/div>\n\t\t\t\t<div class=\"elementor-element elementor-element-18f22b8 elementor-widget elementor-widget-text-editor\" data-id=\"18f22b8\" data-element_type=\"widget\" data-e-type=\"widget\" data-widget_type=\"text-editor.default\">\n\t\t\t\t<div class=\"elementor-widget-container\">\n\t\t\t\t\t\t\t\t\t<p><strong>Ur:<\/strong>\u00a0<em>Guitarr och dragharmonika\u00a0<\/em>(1891) \u00a0 \u00a0<strong>\u00c5rskurs:<\/strong> Gymnasium \u00a0 \u00a0<strong>Tema:<\/strong> Humor och satir<\/p>\t\t\t\t\t\t\t\t<\/div>\n\t\t\t\t<\/div>\n\t\t\t\t<div class=\"elementor-element elementor-element-5b7967e elementor-widget elementor-widget-text-editor\" data-id=\"5b7967e\" data-element_type=\"widget\" data-e-type=\"widget\" data-widget_type=\"text-editor.default\">\n\t\t\t\t<div class=\"elementor-widget-container\">\n\t\t\t\t\t\t\t\t\t<p>V\u00e5ran\u00a0prost<br \/>\u00e4r\u00a0rund\u00a0som\u00a0en\u00a0ost<br \/>och\u00a0l\u00e4rd\u00a0som\u00a0sj\u00e4lva\u00a0den\u00a0onde,<br \/>men\u00a0gemen\u00a0likv\u00e4l<br \/>och\u00a0en\u00a0v\u00e4nlig\u00a0sj\u00e4l<br \/>och\u00a0sk\u00e4ms\u00a0ej,\u00a0att\u00a0far\u00a0hans\u00a0var\u00a0bonde.<br \/>Han\u00a0lever\u00a0som\u00a0vi<br \/>och\u00a0dricker\u00a0sitt\u00a0kaffe\u00a0med\u00a0halva\u00a0i<br \/>som\u00a0vi<br \/>och\u00a0ratar\u00a0icke\u00a0buteljen,<br \/>\u00e4lskar\u00a0mat<br \/>som\u00a0vi<br \/>och\u00a0\u00e4r\u00a0lat<br \/>som\u00a0vi<br \/>\u2013\u00a0men\u00a0annat\u00a0\u00e4r\u00a0det\u00a0vid\u00a0helgen.<\/p><p>S\u00e5\u00a0fort\u00a0han\u00a0f\u00e5tt\u00a0pr\u00e4strocken\u00a0p\u00e5,<br \/>vi\u00a0andra\u00a0k\u00e4nna\u00a0oss\u00a0ynkligt\u00a0sm\u00e5,<br \/>men\u00a0prosten\u00a0likasom\u00a0v\u00e4xer,<br \/>f\u00f6r\u00a0d\u00e5\u00a0\u00e4r\u00a0han\u00a0prost\u00a0fr\u00e5n\u00a0topp\u00a0till\u00a0t\u00e5<br \/>och\u00a0det\u00a0en\u00a0hejdundrande\u00a0prost\u00a0\u00e4nd\u00e5<br \/>i\u00a0stort\u00a0pastorat\u00a0med\u00a0annexer.<br \/>Jag\u00a0gl\u00f6mmer\u00a0v\u00e4l\u00a0aldrig\u00a0i\u00a0all\u00a0min\u00a0dar,<br \/>hur\u00a0v\u00f6rdig\u00a0han\u00a0var<br \/>h\u00e4r\u00a0om\u00a0sistens\u00a0i\u00a0kappan\u00a0och\u00a0kragen,<br \/>hur\u00a0v\u00e4rldens\u00a0barn<br \/>han\u00a0malde\u00a0i\u00a0kvarn<br \/>och\u00a0l\u00e4ste\u00a0f\u00f6r\u00a0k\u00f6ttet\u00a0lagen!<br \/>Och\u00a0prosten\u00a0gr\u00e4t<br \/>\u2013\u00a0tacka\u00a0f\u00f6r\u00a0det,<br \/>han\u00a0talte\u00a0om\u00a0yttersta\u00a0dagen!<\/p><p>Och alla gr\u00e4to vi ymnigt med,<br \/>ty k\u00f6ttet sved<br \/>och sj\u00e4len var allt satt i kl\u00e4mma.<br \/>Och kyrkr\u00e5det sm\u00f6g sig med ryggen i kut<br \/>vid tj\u00e4nstens slut<br \/>efter prosten ut,<br \/>ty r\u00e5det var kalladt till st\u00e4mma.<br \/>Men det f\u00f6rst\u00e5s,<br \/>vi repade oss,<br \/>n\u00e4r prosten klarade strupen<br \/>till sist och sade: \u00bbv\u00e4lkomna<br \/>till sm\u00f6rg\u00e5sbordet och supen!\u00bb<\/p>\t\t\t\t\t\t\t\t<\/div>\n\t\t\t\t<\/div>\n\t\t\t\t\t<\/div>\n\t\t<\/div>\n\t\t\t\t<div class=\"elementor-column elementor-col-33 elementor-inner-column elementor-element elementor-element-d1f9452\" data-id=\"d1f9452\" data-element_type=\"column\" data-e-type=\"column\">\n\t\t\t<div class=\"elementor-widget-wrap elementor-element-populated\">\n\t\t\t\t\t\t<div class=\"elementor-element elementor-element-3d4358b elementor-widget elementor-widget-wp-widget-media_audio\" data-id=\"3d4358b\" data-element_type=\"widget\" data-e-type=\"widget\" data-widget_type=\"wp-widget-media_audio.default\">\n\t\t\t\t<div class=\"elementor-widget-container\">\n\t\t\t\t\t<h5>Anna Nordlund l\u00e4ser \u201dV\u00e5ran prost\u201d av Gustaf Fr\u00f6ding.<\/h5><audio class=\"wp-audio-shortcode\" id=\"audio-9195-1\" preload=\"none\" style=\"width: 100%;\" controls=\"controls\"><source type=\"audio\/mpeg\" src=\"https:\/\/litteraturbanken.se\/skolan\/wp-content\/uploads\/2019\/03\/froding_varanprost_nordlund.mp3?_=1\" \/><source type=\"audio\/mpeg\" src=\"https:\/\/litteraturbanken.se\/skolan\/wp-content\/uploads\/2019\/03\/froding_varanprost_nordlund.mp3?_=1\" \/><a href=\"https:\/\/litteraturbanken.se\/skolan\/wp-content\/uploads\/2019\/03\/froding_varanprost_nordlund.mp3\">https:\/\/litteraturbanken.se\/skolan\/wp-content\/uploads\/2019\/03\/froding_varanprost_nordlund.mp3<\/a><\/audio>\t\t\t\t<\/div>\n\t\t\t\t<\/div>\n\t\t\t\t<div class=\"elementor-element elementor-element-bbbdb9c elementor-icon-list--layout-traditional elementor-list-item-link-full_width elementor-widget elementor-widget-icon-list\" data-id=\"bbbdb9c\" data-element_type=\"widget\" data-e-type=\"widget\" data-widget_type=\"icon-list.default\">\n\t\t\t\t<div class=\"elementor-widget-container\">\n\t\t\t\t\t\t\t<ul class=\"elementor-icon-list-items\">\n\t\t\t\t\t\t\t<li class=\"elementor-icon-list-item\">\n\t\t\t\t\t\t\t\t\t\t\t<a href=\"https:\/\/litteraturbanken.se\/forfattare\/FrodingG\/titlar\/GuitarrOchDragharmonika\/sida\/28\/etext\" target=\"_blank\">\n\n\t\t\t\t\t\t\t\t\t\t\t\t<span class=\"elementor-icon-list-icon\">\n\t\t\t\t\t\t\t\t\t\t\t\t\t\t\t\t<i class=\"fa fa-file-text-o\" aria-hidden=\"true\"><\/i>\n\t\t\t\t\t\t\t\t\t\t\t\t\t<\/span>\n\t\t\t\t\t\t\t\t\t\t<span class=\"elementor-icon-list-text\">L\u00e4s dikten p\u00e5 Litteraturbanken<\/span>\n\t\t\t\t\t\t\t\t\t\t\t<\/a>\n\t\t\t\t\t\t\t\t\t<\/li>\n\t\t\t\t\t\t\t\t<li class=\"elementor-icon-list-item\">\n\t\t\t\t\t\t\t\t\t\t\t<a href=\"https:\/\/litteraturbanken.se\/skolan\/?page_id=261\" target=\"_blank\">\n\n\t\t\t\t\t\t\t\t\t\t\t\t<span class=\"elementor-icon-list-icon\">\n\t\t\t\t\t\t\t\t\t\t\t\t\t\t\t\t<i class=\"fa fa-file-text-o\" aria-hidden=\"true\"><\/i>\n\t\t\t\t\t\t\t\t\t\t\t\t\t<\/span>\n\t\t\t\t\t\t\t\t\t\t<span class=\"elementor-icon-list-text\">Termer och begrepp<\/span>\n\t\t\t\t\t\t\t\t\t\t\t<\/a>\n\t\t\t\t\t\t\t\t\t<\/li>\n\t\t\t\t\t\t<\/ul>\n\t\t\t\t\t\t<\/div>\n\t\t\t\t<\/div>\n\t\t\t\t<div class=\"elementor-element elementor-element-f177398 elementor-align-center elementor-widget elementor-widget-button\" data-id=\"f177398\" data-element_type=\"widget\" data-e-type=\"widget\" data-widget_type=\"button.default\">\n\t\t\t\t<div class=\"elementor-widget-container\">\n\t\t\t\t\t\t\t\t\t<div class=\"elementor-button-wrapper\">\n\t\t\t\t\t<a class=\"elementor-button elementor-button-link elementor-size-md elementor-animation-grow\" href=\"#uppgiftF-3\">\n\t\t\t\t\t\t<span class=\"elementor-button-content-wrapper\">\n\t\t\t\t\t\t<span class=\"elementor-button-icon\">\n\t\t\t\t\t\t\t\t\t<i class=\"fa fa-pencil\" aria-hidden=\"true\"><\/i>\n\t\t\t\t\t\t\t<\/span>\n\t\t\t\t\t\t\t\t\t<span class=\"elementor-button-text\">Uppgift, Gymnasium<\/span>\n\t\t\t\t\t<\/span>\n\t\t\t\t\t<\/a>\n\t\t\t\t<\/div>\n\t\t\t\t\t\t\t\t<\/div>\n\t\t\t\t<\/div>\n\t\t\t\t<div class=\"elementor-element elementor-element-9d7c67c elementor-widget elementor-widget-image\" data-id=\"9d7c67c\" data-element_type=\"widget\" data-e-type=\"widget\" data-widget_type=\"image.default\">\n\t\t\t\t<div class=\"elementor-widget-container\">\n\t\t\t\t\t\t\t\t\t\t\t\t\t\t\t<img fetchpriority=\"high\" decoding=\"async\" width=\"300\" height=\"300\" src=\"https:\/\/litteraturbanken.se\/skolan\/wp-content\/uploads\/2019\/03\/lb_skolan_2019_knapp_f\u00f6rfattarbild_fr\u00f6ding_gr\u00f6n-e1553013665512.jpg\" class=\"attachment-full size-full wp-image-13727\" alt=\"\" \/>\t\t\t\t\t\t\t\t\t\t\t\t\t\t\t<\/div>\n\t\t\t\t<\/div>\n\t\t\t\t\t<\/div>\n\t\t<\/div>\n\t\t\t\t\t<\/div>\n\t\t<\/section>\n\t\t\t\t<section class=\"elementor-section elementor-top-section elementor-element elementor-element-8dc0a21 elementor-section-boxed elementor-section-height-default elementor-section-height-default\" data-id=\"8dc0a21\" data-element_type=\"section\" data-e-type=\"section\">\n\t\t\t\t\t\t<div class=\"elementor-container elementor-column-gap-default\">\n\t\t\t\t\t<div class=\"elementor-column elementor-col-100 elementor-top-column elementor-element elementor-element-11906c3\" data-id=\"11906c3\" data-element_type=\"column\" data-e-type=\"column\">\n\t\t\t<div class=\"elementor-widget-wrap elementor-element-populated\">\n\t\t\t\t\t\t<div class=\"elementor-element elementor-element-1779f71 elementor-widget elementor-widget-spacer\" data-id=\"1779f71\" data-element_type=\"widget\" data-e-type=\"widget\" data-widget_type=\"spacer.default\">\n\t\t\t\t<div class=\"elementor-widget-container\">\n\t\t\t\t\t\t\t<div class=\"elementor-spacer\">\n\t\t\t<div class=\"elementor-spacer-inner\"><\/div>\n\t\t<\/div>\n\t\t\t\t\t\t<\/div>\n\t\t\t\t<\/div>\n\t\t\t\t\t<\/div>\n\t\t<\/div>\n\t\t\t\t\t<\/div>\n\t\t<\/section>\n\t\t\t\t<section class=\"elementor-section elementor-top-section elementor-element elementor-element-152c2d7 elementor-section-boxed elementor-section-height-default elementor-section-height-default\" data-id=\"152c2d7\" data-element_type=\"section\" data-e-type=\"section\">\n\t\t\t\t\t\t<div class=\"elementor-container elementor-column-gap-default\">\n\t\t\t\t\t<div class=\"elementor-column elementor-col-100 elementor-top-column elementor-element elementor-element-a9f3b5d\" data-id=\"a9f3b5d\" data-element_type=\"column\" data-e-type=\"column\" data-settings=\"{&quot;background_background&quot;:&quot;classic&quot;}\">\n\t\t\t<div class=\"elementor-widget-wrap elementor-element-populated\">\n\t\t\t\t\t\t<section class=\"elementor-section elementor-inner-section elementor-element elementor-element-31a0cd1 elementor-section-boxed elementor-section-height-default elementor-section-height-default\" data-id=\"31a0cd1\" data-element_type=\"section\" data-e-type=\"section\">\n\t\t\t\t\t\t<div class=\"elementor-container elementor-column-gap-default\">\n\t\t\t\t\t<div class=\"elementor-column elementor-col-100 elementor-inner-column elementor-element elementor-element-9aae960\" data-id=\"9aae960\" data-element_type=\"column\" data-e-type=\"column\">\n\t\t\t<div class=\"elementor-widget-wrap elementor-element-populated\">\n\t\t\t\t\t\t<div class=\"elementor-element elementor-element-cf891ac elementor-widget elementor-widget-menu-anchor\" data-id=\"cf891ac\" data-element_type=\"widget\" data-e-type=\"widget\" data-widget_type=\"menu-anchor.default\">\n\t\t\t\t<div class=\"elementor-widget-container\">\n\t\t\t\t\t\t\t<div class=\"elementor-menu-anchor\" id=\"uppgiftF-3\"><\/div>\n\t\t\t\t\t\t<\/div>\n\t\t\t\t<\/div>\n\t\t\t\t<div class=\"elementor-element elementor-element-1c1de89 elementor-view-framed elementor-shape-circle elementor-widget elementor-widget-icon\" data-id=\"1c1de89\" data-element_type=\"widget\" data-e-type=\"widget\" data-widget_type=\"icon.default\">\n\t\t\t\t<div class=\"elementor-widget-container\">\n\t\t\t\t\t\t\t<div class=\"elementor-icon-wrapper\">\n\t\t\t<div class=\"elementor-icon\">\n\t\t\t\t\t\t\t<i class=\"fa fa-pencil\" aria-hidden=\"true\"><\/i>\n\t\t\t\t\t\t<\/div>\n\t\t<\/div>\n\t\t\t\t\t\t<\/div>\n\t\t\t\t<\/div>\n\t\t\t\t<div class=\"elementor-element elementor-element-1320d98 elementor-widget elementor-widget-toggle\" data-id=\"1320d98\" data-element_type=\"widget\" data-e-type=\"widget\" data-widget_type=\"toggle.default\">\n\t\t\t\t<div class=\"elementor-widget-container\">\n\t\t\t\t\t\t\t<div class=\"elementor-toggle\">\n\t\t\t\t\t\t\t<div class=\"elementor-toggle-item\">\n\t\t\t\t\t<div id=\"elementor-tab-title-2001\" class=\"elementor-tab-title\" data-tab=\"1\" role=\"button\" aria-controls=\"elementor-tab-content-2001\" aria-expanded=\"false\">\n\t\t\t\t\t\t\t\t\t\t\t\t<span class=\"elementor-toggle-icon elementor-toggle-icon-left\" aria-hidden=\"true\">\n\t\t\t\t\t\t\t\t\t\t\t\t\t\t\t<i class=\"elementor-toggle-icon-closed fa fa-chevron-right\"><\/i>\n\t\t\t\t\t\t\t\t<i class=\"elementor-toggle-icon-opened fa fa-chevron-down\"><\/i>\n\t\t\t\t\t\t\t\t\t\t\t\t\t<\/span>\n\t\t\t\t\t\t\t\t\t\t\t\t<a class=\"elementor-toggle-title\" tabindex=\"0\">Gymnasium<\/a>\n\t\t\t\t\t<\/div>\n\n\t\t\t\t\t<div id=\"elementor-tab-content-2001\" class=\"elementor-tab-content elementor-clearfix\" data-tab=\"1\" role=\"region\" aria-labelledby=\"elementor-tab-title-2001\"><h3>Samtala om dikten<\/h3><p>1 Dikten handlar om en prost ur en grupp m\u00e4nniskors perspektiv. Samtala om vad som \u00e4r utm\u00e4rkande f\u00f6r dessa \u201dvi\u201d. Det finns i titeln en ledtr\u00e5d till vilken samh\u00e4llsklass dessa \u201dvi\u201d tillh\u00f6r.<\/p><p>2 Vad f\u00e5r l\u00e4saren veta om prostens bakgrund?<\/p><p>3 Vad h\u00e4nder n\u00e4r han \u201df\u00e5tt pr\u00e4strocken p\u00e5\u201d?<\/p><p>4 Samtala om tales\u00e4tten \u201dkl\u00e4derna g\u00f6r mannen\u201d och \u201dsom man \u00e4r kl\u00e4dd blir man h\u00e4dd\u201d och hur dessa kan kopplas till dikten.<\/p><\/div>\n\t\t\t\t<\/div>\n\t\t\t\t\t\t\t\t<\/div>\n\t\t\t\t\t\t<\/div>\n\t\t\t\t<\/div>\n\t\t\t\t\t<\/div>\n\t\t<\/div>\n\t\t\t\t\t<\/div>\n\t\t<\/section>\n\t\t\t\t\t<\/div>\n\t\t<\/div>\n\t\t\t\t\t<\/div>\n\t\t<\/section>\n\t\t\t\t<section class=\"elementor-section elementor-top-section elementor-element elementor-element-02901a6 elementor-section-boxed elementor-section-height-default elementor-section-height-default\" data-id=\"02901a6\" data-element_type=\"section\" data-e-type=\"section\">\n\t\t\t\t\t\t<div class=\"elementor-container elementor-column-gap-default\">\n\t\t\t\t\t<div class=\"elementor-column elementor-col-100 elementor-top-column elementor-element elementor-element-381bc03\" data-id=\"381bc03\" data-element_type=\"column\" data-e-type=\"column\">\n\t\t\t<div class=\"elementor-widget-wrap elementor-element-populated\">\n\t\t\t\t\t\t<div class=\"elementor-element elementor-element-f862878 elementor-widget elementor-widget-spacer\" data-id=\"f862878\" data-element_type=\"widget\" data-e-type=\"widget\" data-widget_type=\"spacer.default\">\n\t\t\t\t<div class=\"elementor-widget-container\">\n\t\t\t\t\t\t\t<div class=\"elementor-spacer\">\n\t\t\t<div class=\"elementor-spacer-inner\"><\/div>\n\t\t<\/div>\n\t\t\t\t\t\t<\/div>\n\t\t\t\t<\/div>\n\t\t\t\t\t<\/div>\n\t\t<\/div>\n\t\t\t\t\t<\/div>\n\t\t<\/section>\n\t\t\t\t<\/div>\n\t\t","protected":false},"excerpt":{"rendered":"<p>V\u00e5ran prost Av Gustaf Fr\u00f6ding Ur:\u00a0Guitarr och dragharmonika\u00a0(1891) \u00a0 \u00a0\u00c5rskurs: Gymnasium \u00a0 \u00a0Tema: Humor och satir V\u00e5ran\u00a0prost\u00e4r\u00a0rund\u00a0som\u00a0en\u00a0ostoch\u00a0l\u00e4rd\u00a0som\u00a0sj\u00e4lva\u00a0den\u00a0onde,men\u00a0gemen\u00a0likv\u00e4loch\u00a0en\u00a0v\u00e4nlig\u00a0sj\u00e4loch\u00a0sk\u00e4ms\u00a0ej,\u00a0att\u00a0far\u00a0hans\u00a0var\u00a0bonde.Han\u00a0lever\u00a0som\u00a0vioch\u00a0dricker\u00a0sitt\u00a0kaffe\u00a0med\u00a0halva\u00a0isom\u00a0vioch\u00a0ratar\u00a0icke\u00a0buteljen,\u00e4lskar\u00a0matsom\u00a0vioch\u00a0\u00e4r\u00a0latsom\u00a0vi\u2013\u00a0men\u00a0annat\u00a0\u00e4r\u00a0det\u00a0vid\u00a0helgen. S\u00e5\u00a0fort\u00a0han\u00a0f\u00e5tt\u00a0pr\u00e4strocken\u00a0p\u00e5,vi\u00a0andra\u00a0k\u00e4nna\u00a0oss\u00a0ynkligt\u00a0sm\u00e5,men\u00a0prosten\u00a0likasom\u00a0v\u00e4xer,f\u00f6r\u00a0d\u00e5\u00a0\u00e4r\u00a0han\u00a0prost\u00a0fr\u00e5n\u00a0topp\u00a0till\u00a0t\u00e5och\u00a0det\u00a0en\u00a0hejdundrande\u00a0prost\u00a0\u00e4nd\u00e5i\u00a0stort\u00a0pastorat\u00a0med\u00a0annexer.Jag\u00a0gl\u00f6mmer\u00a0v\u00e4l\u00a0aldrig\u00a0i\u00a0all\u00a0min\u00a0dar,hur\u00a0v\u00f6rdig\u00a0han\u00a0varh\u00e4r\u00a0om\u00a0sistens\u00a0i\u00a0kappan\u00a0och\u00a0kragen,hur\u00a0v\u00e4rldens\u00a0barnhan\u00a0malde\u00a0i\u00a0kvarnoch\u00a0l\u00e4ste\u00a0f\u00f6r\u00a0k\u00f6ttet\u00a0lagen!Och\u00a0prosten\u00a0gr\u00e4t\u2013\u00a0tacka\u00a0f\u00f6r\u00a0det,han\u00a0talte\u00a0om\u00a0yttersta\u00a0dagen! Och alla gr\u00e4to vi ymnigt med,ty k\u00f6ttet svedoch sj\u00e4len var allt satt i kl\u00e4mma.Och kyrkr\u00e5det sm\u00f6g sig med ryggen i kutvid tj\u00e4nstens slutefter prosten ut,ty r\u00e5det var kalladt till st\u00e4mma.Men det f\u00f6rst\u00e5s,vi repade oss,n\u00e4r prosten klarade strupentill [&hellip;]<\/p>\n","protected":false},"author":5,"featured_media":0,"parent":0,"menu_order":0,"comment_status":"closed","ping_status":"closed","template":"","meta":{"ocean_post_layout":"full-screen","ocean_both_sidebars_style":"","ocean_both_sidebars_content_width":0,"ocean_both_sidebars_sidebars_width":0,"ocean_sidebar":"0","ocean_second_sidebar":"0","ocean_disable_margins":"enable","ocean_add_body_class":"","ocean_shortcode_before_top_bar":"","ocean_shortcode_after_top_bar":"","ocean_shortcode_before_header":"","ocean_shortcode_after_header":"","ocean_has_shortcode":"","ocean_shortcode_after_title":"","ocean_shortcode_before_footer_widgets":"","ocean_shortcode_after_footer_widgets":"","ocean_shortcode_before_footer_bottom":"","ocean_shortcode_after_footer_bottom":"","ocean_display_top_bar":"default","ocean_display_header":"default","ocean_header_style":"","ocean_center_header_left_menu":"0","ocean_custom_header_template":"0","ocean_custom_logo":0,"ocean_custom_retina_logo":0,"ocean_custom_logo_max_width":0,"ocean_custom_logo_tablet_max_width":0,"ocean_custom_logo_mobile_max_width":0,"ocean_custom_logo_max_height":0,"ocean_custom_logo_tablet_max_height":0,"ocean_custom_logo_mobile_max_height":0,"ocean_header_custom_menu":"0","ocean_menu_typo_font_family":"0","ocean_menu_typo_font_subset":"","ocean_menu_typo_font_size":0,"ocean_menu_typo_font_size_tablet":0,"ocean_menu_typo_font_size_mobile":0,"ocean_menu_typo_font_size_unit":"px","ocean_menu_typo_font_weight":"","ocean_menu_typo_font_weight_tablet":"","ocean_menu_typo_font_weight_mobile":"","ocean_menu_typo_transform":"","ocean_menu_typo_transform_tablet":"","ocean_menu_typo_transform_mobile":"","ocean_menu_typo_line_height":0,"ocean_menu_typo_line_height_tablet":0,"ocean_menu_typo_line_height_mobile":0,"ocean_menu_typo_line_height_unit":"","ocean_menu_typo_spacing":0,"ocean_menu_typo_spacing_tablet":0,"ocean_menu_typo_spacing_mobile":0,"ocean_menu_typo_spacing_unit":"","ocean_menu_link_color":"","ocean_menu_link_color_hover":"","ocean_menu_link_color_active":"","ocean_menu_link_background":"","ocean_menu_link_hover_background":"","ocean_menu_link_active_background":"","ocean_menu_social_links_bg":"","ocean_menu_social_hover_links_bg":"","ocean_menu_social_links_color":"","ocean_menu_social_hover_links_color":"","ocean_disable_title":"on","ocean_disable_heading":"default","ocean_post_title":"","ocean_post_subheading":"","ocean_post_title_style":"","ocean_post_title_background_color":"","ocean_post_title_background":0,"ocean_post_title_bg_image_position":"","ocean_post_title_bg_image_attachment":"","ocean_post_title_bg_image_repeat":"","ocean_post_title_bg_image_size":"","ocean_post_title_height":0,"ocean_post_title_bg_overlay":0.5,"ocean_post_title_bg_overlay_color":"","ocean_disable_breadcrumbs":"default","ocean_breadcrumbs_color":"","ocean_breadcrumbs_separator_color":"","ocean_breadcrumbs_links_color":"","ocean_breadcrumbs_links_hover_color":"","ocean_display_footer_widgets":"default","ocean_display_footer_bottom":"default","ocean_custom_footer_template":"0","footnotes":""},"class_list":["post-9195","page","type-page","status-publish","hentry","entry"],"_links":{"self":[{"href":"https:\/\/litteraturbanken.se\/skolan\/wp-json\/wp\/v2\/pages\/9195","targetHints":{"allow":["GET"]}}],"collection":[{"href":"https:\/\/litteraturbanken.se\/skolan\/wp-json\/wp\/v2\/pages"}],"about":[{"href":"https:\/\/litteraturbanken.se\/skolan\/wp-json\/wp\/v2\/types\/page"}],"author":[{"embeddable":true,"href":"https:\/\/litteraturbanken.se\/skolan\/wp-json\/wp\/v2\/users\/5"}],"replies":[{"embeddable":true,"href":"https:\/\/litteraturbanken.se\/skolan\/wp-json\/wp\/v2\/comments?post=9195"}],"version-history":[{"count":15,"href":"https:\/\/litteraturbanken.se\/skolan\/wp-json\/wp\/v2\/pages\/9195\/revisions"}],"predecessor-version":[{"id":20429,"href":"https:\/\/litteraturbanken.se\/skolan\/wp-json\/wp\/v2\/pages\/9195\/revisions\/20429"}],"wp:attachment":[{"href":"https:\/\/litteraturbanken.se\/skolan\/wp-json\/wp\/v2\/media?parent=9195"}],"curies":[{"name":"wp","href":"https:\/\/api.w.org\/{rel}","templated":true}]}}