{"id":9260,"date":"2018-12-09T22:27:48","date_gmt":"2018-12-09T21:27:48","guid":{"rendered":"https:\/\/litteraturbanken.se\/skoladev\/?page_id=9260"},"modified":"2020-02-11T14:13:09","modified_gmt":"2020-02-11T13:13:09","slug":"poesi-forfattare-erik-axel-karlfeldt-svart-jul","status":"publish","type":"page","link":"https:\/\/litteraturbanken.se\/skolan\/poesi-forfattare-erik-axel-karlfeldt-svart-jul\/","title":{"rendered":"Poesi\/F\u00f6rfattare\/Erik Axel Karlfeldt\/Svart jul"},"content":{"rendered":"\t\t<div data-elementor-type=\"wp-post\" data-elementor-id=\"9260\" class=\"elementor elementor-9260\">\n\t\t\t\t\t\t<section class=\"elementor-section elementor-top-section elementor-element elementor-element-ab292e5 elementor-section-boxed elementor-section-height-default elementor-section-height-default\" data-id=\"ab292e5\" data-element_type=\"section\" data-e-type=\"section\">\n\t\t\t\t\t\t<div class=\"elementor-container elementor-column-gap-default\">\n\t\t\t\t\t<div class=\"elementor-column elementor-col-100 elementor-top-column elementor-element elementor-element-7222864\" data-id=\"7222864\" data-element_type=\"column\" data-e-type=\"column\">\n\t\t\t<div class=\"elementor-widget-wrap elementor-element-populated\">\n\t\t\t\t\t\t<div class=\"elementor-element elementor-element-b2000ad elementor-widget elementor-widget-spacer\" data-id=\"b2000ad\" data-element_type=\"widget\" data-e-type=\"widget\" data-widget_type=\"spacer.default\">\n\t\t\t\t<div class=\"elementor-widget-container\">\n\t\t\t\t\t\t\t<div class=\"elementor-spacer\">\n\t\t\t<div class=\"elementor-spacer-inner\"><\/div>\n\t\t<\/div>\n\t\t\t\t\t\t<\/div>\n\t\t\t\t<\/div>\n\t\t\t\t\t<\/div>\n\t\t<\/div>\n\t\t\t\t\t<\/div>\n\t\t<\/section>\n\t\t\t\t<section class=\"elementor-section elementor-inner-section elementor-element elementor-element-1d6ea30 elementor-section-boxed elementor-section-height-default elementor-section-height-default\" data-id=\"1d6ea30\" data-element_type=\"section\" data-e-type=\"section\">\n\t\t\t\t\t\t<div class=\"elementor-container elementor-column-gap-default\">\n\t\t\t\t\t<div class=\"elementor-column elementor-col-66 elementor-inner-column elementor-element elementor-element-db6b960\" data-id=\"db6b960\" data-element_type=\"column\" data-e-type=\"column\" data-settings=\"{&quot;background_background&quot;:&quot;classic&quot;}\">\n\t\t\t<div class=\"elementor-widget-wrap elementor-element-populated\">\n\t\t\t\t\t\t<div class=\"elementor-element elementor-element-064cafd elementor-widget elementor-widget-heading\" data-id=\"064cafd\" data-element_type=\"widget\" data-e-type=\"widget\" data-widget_type=\"heading.default\">\n\t\t\t\t<div class=\"elementor-widget-container\">\n\t\t\t\t\t<h2 class=\"elementor-heading-title elementor-size-default\">Svart jul<\/h2>\t\t\t\t<\/div>\n\t\t\t\t<\/div>\n\t\t\t\t<div class=\"elementor-element elementor-element-d12695c elementor-widget elementor-widget-text-editor\" data-id=\"d12695c\" data-element_type=\"widget\" data-e-type=\"widget\" data-widget_type=\"text-editor.default\">\n\t\t\t\t<div class=\"elementor-widget-container\">\n\t\t\t\t\t\t\t\t\t<p>Av\u00a0<a href=\"https:\/\/litteraturbanken.se\/skolan\/?page_id=304\"><em>Erik Axel Karlfeldt<\/em><\/a><\/p>\t\t\t\t\t\t\t\t<\/div>\n\t\t\t\t<\/div>\n\t\t\t\t<div class=\"elementor-element elementor-element-5511cb0 elementor-widget elementor-widget-text-editor\" data-id=\"5511cb0\" data-element_type=\"widget\" data-e-type=\"widget\" data-widget_type=\"text-editor.default\">\n\t\t\t\t<div class=\"elementor-widget-container\">\n\t\t\t\t\t\t\t\t\t<p><strong>Ur:<\/strong>\u00a0<em>Flora och Bellona\u00a0<\/em>(1918)<span style=\"font-size: 15px; letter-spacing: 0.6px;\">\u00a0\u00a0<\/span><strong>\u00c5rskurs<\/strong>:\u00a0<a href=\"https:\/\/litteraturbanken.se\/skolan\/?page_id=3472\">Gymnasium<\/a>\u00a0\u00a0<strong>Tema<\/strong>:\u00a0Krig,\u00a0Vinter och jul<\/p>\t\t\t\t\t\t\t\t<\/div>\n\t\t\t\t<\/div>\n\t\t\t\t<div class=\"elementor-element elementor-element-ec0a98d elementor-widget elementor-widget-text-editor\" data-id=\"ec0a98d\" data-element_type=\"widget\" data-e-type=\"widget\" data-widget_type=\"text-editor.default\">\n\t\t\t\t<div class=\"elementor-widget-container\">\n\t\t\t\t\t\t\t\t\t<p>T\u00e4nd\u00a0intet\u00a0ljus\u00a0i\u00a0denna\u00a0svarta\u00a0kv\u00e4ll,<br \/>d\u00e5\u00a0rymden\u00a0sj\u00e4lv\u00a0\u00e4r\u00a0som\u00a0ett\u00a0skjutet\u00a0spj\u00e4ll<br \/>och\u00a0ingen\u00a0Mikael\u00a0med\u00a0heligt\u00a0sv\u00e4rd<br \/>vill\u00a0klyva\u00a0skyn\u00a0f\u00f6r\u00a0hj\u00e4rtats\u00a0himmelsf\u00e4rd.<br \/>T\u00e4nk\u00a0ingen\u00a0psalmton,\u00a0tung\u00a0av\u00a0tr\u00f6st\u00a0och\u00a0tro,<br \/>i\u00a0h\u00f6gre\u00a0kor,\u00a0<span class=\"italic\">in\u00a0dulci\u00a0jubilo<\/span>.<br \/>\u201dM\u00f6rkt\u00a0och\u00a0f\u00f6rbi\u201d<br \/>\u00e4r\u00a0denna\u00a0jultids\u00a0dova\u00a0melodi.<br \/><br \/>En\u00a0ovis\u00a0jungfru\u00a0lik,\u00a0har\u00a0v\u00e4rlden\u00a0spillt<br \/>sin\u00a0lampas\u00a0olja,\u00a0veken\u00a0ryker\u00a0vilt,<br \/>brudgummen\u00a0dr\u00f6jer,\u00a0ingen\u00a0klockas\u00a0s\u00e5ng<br \/>f\u00f6rkunnar\u00a0furstars\u00a0t\u00e5g\u00a0och\u00a0stj\u00e4rnans\u00a0g\u00e5ng.<br \/>I\u00a0denna\u00a0natt\u00a0f\u00f6ds\u00a0ingen\u00a0gud\u00a0p\u00e5\u00a0nytt,<br \/>och\u00a0barnens\u00a0\u00e4ngladr\u00f6m\u00a0\u00e4r\u00a0grymt\u00a0f\u00f6rbytt:<br \/>tills\u00a0jul\u00a0g\u00e5r\u00a0ut,<br \/>svartalfer\u00a0st\u00e5\u00a0p\u00e5\u00a0vakt\u00a0vid\u00a0stugans\u00a0knut.<br \/><br \/>Med\u00a0m\u00f6da\u00a0h\u00e5ller\u00a0fattig\u00a0moder\u00a0varm<br \/>den\u00a0sp\u00e4de\u00a0sonen\u00a0vid\u00a0sin\u00a0klena\u00a0barm,<br \/>och\u00a0hennes\u00a0juldr\u00f6m\u00a0\u00e4r\u00a0Marias\u00a0n\u00f6d:<br \/>h\u00e4rb\u00e4rget\u00a0ger\u00a0ej\u00a0rum,\u00a0ej\u00a0logen\u00a0br\u00f6d,<br \/>Herodes\u00a0knektar\u00a0g\u00e5\u00a0fr\u00e5n\u00a0port\u00a0till\u00a0port\u00a0\u2014<br \/>svep\u00a0barnet\u00a0in\u00a0och\u00a0hasta\u00a0h\u00e4dan\u00a0fort!<br \/>Flykt\u00a0och\u00a0farv\u00e4l<br \/>\u00e4r\u00a0julens\u00a0ottes\u00e5ng,\u00a0du\u00a0tr\u00f6tta\u00a0sj\u00e4l.<br \/><br \/>Men\u00a0juldag\u00a0gryr,\u00a0nu\u00a0sk\u00e4lva\u00a0sky\u00a0och\u00a0lund,<br \/>och\u00a0jorden\u00a0vaknar\u00a0ur\u00a0sin\u00a0sm\u00e4rtas\u00a0blund,<br \/>och\u00a0jorden\u00a0vaknar\u00a0till\u00a0sin\u00a0sm\u00e4rtas\u00a0syn,<br \/>en\u00a0t\u00f6vind\u00a0stryker\u00a0hennes\u00a0\u00f6gonbryn,<br \/>och\u00a0t\u00e5rar\u00a0st\u00e4nka\u00a0fr\u00e5n\u00a0hans\u00a0svala\u00a0hand,<br \/>som\u00a0viftar\u00a0julfrid\u00a0\u00f6ver\u00a0skumma\u00a0land\u00a0\u2014<br \/>nej,\u00a0ett\u00a0adj\u00f6<br \/>till\u00a0m\u00f6drars\u00a0s\u00f6ner\u00a0som\u00a0st\u00e5\u00a0upp\u00a0att\u00a0d\u00f6.<\/p>\t\t\t\t\t\t\t\t<\/div>\n\t\t\t\t<\/div>\n\t\t\t\t\t<\/div>\n\t\t<\/div>\n\t\t\t\t<div class=\"elementor-column elementor-col-33 elementor-inner-column elementor-element elementor-element-841ada7\" data-id=\"841ada7\" data-element_type=\"column\" data-e-type=\"column\">\n\t\t\t<div class=\"elementor-widget-wrap elementor-element-populated\">\n\t\t\t\t\t\t<div class=\"elementor-element elementor-element-14372e6 elementor-widget elementor-widget-wp-widget-media_audio\" data-id=\"14372e6\" data-element_type=\"widget\" data-e-type=\"widget\" data-widget_type=\"wp-widget-media_audio.default\">\n\t\t\t\t<div class=\"elementor-widget-container\">\n\t\t\t\t\t<h5>Dick Cla\u00e9sson l\u00e4ser \u201dSvart jul\u201d av Erik Axel Karlfeldt.<\/h5><audio class=\"wp-audio-shortcode\" id=\"audio-9260-1\" preload=\"none\" style=\"width: 100%;\" controls=\"controls\"><source type=\"audio\/mpeg\" src=\"https:\/\/litteraturbanken.se\/skolan\/wp-content\/uploads\/2019\/03\/karlfeldt_svartjul_claesson.mp3?_=1\" \/><source type=\"audio\/mpeg\" src=\"https:\/\/litteraturbanken.se\/skolan\/wp-content\/uploads\/2019\/03\/karlfeldt_svartjul_claesson.mp3?_=1\" \/><a href=\"https:\/\/litteraturbanken.se\/skolan\/wp-content\/uploads\/2019\/03\/karlfeldt_svartjul_claesson.mp3\">https:\/\/litteraturbanken.se\/skolan\/wp-content\/uploads\/2019\/03\/karlfeldt_svartjul_claesson.mp3<\/a><\/audio>\t\t\t\t<\/div>\n\t\t\t\t<\/div>\n\t\t\t\t<div class=\"elementor-element elementor-element-eed14c1 elementor-icon-list--layout-traditional elementor-list-item-link-full_width elementor-widget elementor-widget-icon-list\" data-id=\"eed14c1\" data-element_type=\"widget\" data-e-type=\"widget\" data-widget_type=\"icon-list.default\">\n\t\t\t\t<div class=\"elementor-widget-container\">\n\t\t\t\t\t\t\t<ul class=\"elementor-icon-list-items\">\n\t\t\t\t\t\t\t<li class=\"elementor-icon-list-item\">\n\t\t\t\t\t\t\t\t\t\t\t<a href=\"https:\/\/litteraturbanken.se\/forfattare\/KarlfeldtEA\/titlar\/FloraOchBellona\/sida\/149\/etext\" target=\"_blank\">\n\n\t\t\t\t\t\t\t\t\t\t\t\t<span class=\"elementor-icon-list-icon\">\n\t\t\t\t\t\t\t\t\t\t\t\t\t\t\t\t<i class=\"fa fa-file-text-o\" aria-hidden=\"true\"><\/i>\n\t\t\t\t\t\t\t\t\t\t\t\t\t<\/span>\n\t\t\t\t\t\t\t\t\t\t<span class=\"elementor-icon-list-text\">L\u00e4s dikten p\u00e5 Litteraturbanken<\/span>\n\t\t\t\t\t\t\t\t\t\t\t<\/a>\n\t\t\t\t\t\t\t\t\t<\/li>\n\t\t\t\t\t\t\t\t<li class=\"elementor-icon-list-item\">\n\t\t\t\t\t\t\t\t\t\t\t<a href=\"https:\/\/litteraturbanken.se\/skolan\/?page_id=261\" target=\"_blank\">\n\n\t\t\t\t\t\t\t\t\t\t\t\t<span class=\"elementor-icon-list-icon\">\n\t\t\t\t\t\t\t\t\t\t\t\t\t\t\t\t<i class=\"fa fa-file-text-o\" aria-hidden=\"true\"><\/i>\n\t\t\t\t\t\t\t\t\t\t\t\t\t<\/span>\n\t\t\t\t\t\t\t\t\t\t<span class=\"elementor-icon-list-text\">Termer och begrepp<\/span>\n\t\t\t\t\t\t\t\t\t\t\t<\/a>\n\t\t\t\t\t\t\t\t\t<\/li>\n\t\t\t\t\t\t<\/ul>\n\t\t\t\t\t\t<\/div>\n\t\t\t\t<\/div>\n\t\t\t\t<div class=\"elementor-element elementor-element-8502ba1 elementor-align-center elementor-widget elementor-widget-button\" data-id=\"8502ba1\" data-element_type=\"widget\" data-e-type=\"widget\" data-widget_type=\"button.default\">\n\t\t\t\t<div class=\"elementor-widget-container\">\n\t\t\t\t\t\t\t\t\t<div class=\"elementor-button-wrapper\">\n\t\t\t\t\t<a class=\"elementor-button elementor-button-link elementor-size-md elementor-animation-grow\" href=\"#gy\">\n\t\t\t\t\t\t<span class=\"elementor-button-content-wrapper\">\n\t\t\t\t\t\t<span class=\"elementor-button-icon\">\n\t\t\t\t\t\t\t\t\t<i class=\"fa fa-pencil\" aria-hidden=\"true\"><\/i>\n\t\t\t\t\t\t\t<\/span>\n\t\t\t\t\t\t\t\t\t<span class=\"elementor-button-text\">Gymnasium<\/span>\n\t\t\t\t\t<\/span>\n\t\t\t\t\t<\/a>\n\t\t\t\t<\/div>\n\t\t\t\t\t\t\t\t<\/div>\n\t\t\t\t<\/div>\n\t\t\t\t<div class=\"elementor-element elementor-element-af074d9 elementor-icon-list--layout-traditional elementor-list-item-link-full_width elementor-widget elementor-widget-icon-list\" data-id=\"af074d9\" data-element_type=\"widget\" data-e-type=\"widget\" data-widget_type=\"icon-list.default\">\n\t\t\t\t<div class=\"elementor-widget-container\">\n\t\t\t\t\t\t\t<ul class=\"elementor-icon-list-items\">\n\t\t\t\t\t\t\t<li class=\"elementor-icon-list-item\">\n\t\t\t\t\t\t\t\t\t\t\t<span class=\"elementor-icon-list-icon\">\n\t\t\t\t\t\t\t\t\t\t\t\t\t\t\t\t<i class=\"fa fa-lightbulb-o\" aria-hidden=\"true\"><\/i>\n\t\t\t\t\t\t\t\t\t\t\t\t\t<\/span>\n\t\t\t\t\t\t\t\t\t\t<span class=\"elementor-icon-list-text\">Ordf\u00f6rst\u00e5else<\/span>\n\t\t\t\t\t\t\t\t\t<\/li>\n\t\t\t\t\t\t<\/ul>\n\t\t\t\t\t\t<\/div>\n\t\t\t\t<\/div>\n\t\t\t\t<div class=\"elementor-element elementor-element-19c8c31 elementor-widget elementor-widget-text-editor\" data-id=\"19c8c31\" data-element_type=\"widget\" data-e-type=\"widget\" data-widget_type=\"text-editor.default\">\n\t\t\t\t<div class=\"elementor-widget-container\">\n\t\t\t\t\t\t\t\t\t<p><strong>In\u00a0dulci\u00a0jubilo:<\/strong>\u00a0 &#8221;I jublande fr\u00f6jd&#8221; p\u00e5 latin. Orden \u00e4r inledningen till en gammal julpsalm.<\/p>\t\t\t\t\t\t\t\t<\/div>\n\t\t\t\t<\/div>\n\t\t\t\t<div class=\"elementor-element elementor-element-e8742bb elementor-widget elementor-widget-image\" data-id=\"e8742bb\" data-element_type=\"widget\" data-e-type=\"widget\" data-widget_type=\"image.default\">\n\t\t\t\t<div class=\"elementor-widget-container\">\n\t\t\t\t\t\t\t\t\t\t\t\t\t\t\t<img fetchpriority=\"high\" decoding=\"async\" width=\"300\" height=\"300\" src=\"https:\/\/litteraturbanken.se\/skolan\/wp-content\/uploads\/2019\/03\/lb_skolan_2019_knapp_f\u00f6rfattarbild_karlfeldt_gul-e1553013461938.jpg\" class=\"attachment-full size-full wp-image-13748\" alt=\"\" \/>\t\t\t\t\t\t\t\t\t\t\t\t\t\t\t<\/div>\n\t\t\t\t<\/div>\n\t\t\t\t\t<\/div>\n\t\t<\/div>\n\t\t\t\t\t<\/div>\n\t\t<\/section>\n\t\t\t\t<section class=\"elementor-section elementor-top-section elementor-element elementor-element-c253e1b elementor-section-boxed elementor-section-height-default elementor-section-height-default\" data-id=\"c253e1b\" data-element_type=\"section\" data-e-type=\"section\">\n\t\t\t\t\t\t<div class=\"elementor-container elementor-column-gap-default\">\n\t\t\t\t\t<div class=\"elementor-column elementor-col-100 elementor-top-column elementor-element elementor-element-3a970de\" data-id=\"3a970de\" data-element_type=\"column\" data-e-type=\"column\">\n\t\t\t<div class=\"elementor-widget-wrap elementor-element-populated\">\n\t\t\t\t\t\t<div class=\"elementor-element elementor-element-d40f965 elementor-widget elementor-widget-spacer\" data-id=\"d40f965\" data-element_type=\"widget\" data-e-type=\"widget\" data-widget_type=\"spacer.default\">\n\t\t\t\t<div class=\"elementor-widget-container\">\n\t\t\t\t\t\t\t<div class=\"elementor-spacer\">\n\t\t\t<div class=\"elementor-spacer-inner\"><\/div>\n\t\t<\/div>\n\t\t\t\t\t\t<\/div>\n\t\t\t\t<\/div>\n\t\t\t\t\t<\/div>\n\t\t<\/div>\n\t\t\t\t\t<\/div>\n\t\t<\/section>\n\t\t\t\t<section class=\"elementor-section elementor-top-section elementor-element elementor-element-082dc4b elementor-section-boxed elementor-section-height-default elementor-section-height-default\" data-id=\"082dc4b\" data-element_type=\"section\" data-e-type=\"section\">\n\t\t\t\t\t\t<div class=\"elementor-container elementor-column-gap-default\">\n\t\t\t\t\t<div class=\"elementor-column elementor-col-100 elementor-top-column elementor-element elementor-element-b20d227\" data-id=\"b20d227\" data-element_type=\"column\" data-e-type=\"column\" data-settings=\"{&quot;background_background&quot;:&quot;classic&quot;}\">\n\t\t\t<div class=\"elementor-widget-wrap elementor-element-populated\">\n\t\t\t\t\t\t<section class=\"elementor-section elementor-inner-section elementor-element elementor-element-7702399 elementor-section-boxed elementor-section-height-default elementor-section-height-default\" data-id=\"7702399\" data-element_type=\"section\" data-e-type=\"section\">\n\t\t\t\t\t\t<div class=\"elementor-container elementor-column-gap-default\">\n\t\t\t\t\t<div class=\"elementor-column elementor-col-100 elementor-inner-column elementor-element elementor-element-a6ed7cc\" data-id=\"a6ed7cc\" data-element_type=\"column\" data-e-type=\"column\">\n\t\t\t<div class=\"elementor-widget-wrap elementor-element-populated\">\n\t\t\t\t\t\t<div class=\"elementor-element elementor-element-434ca52 elementor-widget elementor-widget-menu-anchor\" data-id=\"434ca52\" data-element_type=\"widget\" data-e-type=\"widget\" data-widget_type=\"menu-anchor.default\">\n\t\t\t\t<div class=\"elementor-widget-container\">\n\t\t\t\t\t\t\t<div class=\"elementor-menu-anchor\" id=\"gy\"><\/div>\n\t\t\t\t\t\t<\/div>\n\t\t\t\t<\/div>\n\t\t\t\t<div class=\"elementor-element elementor-element-faa23a3 elementor-view-framed elementor-shape-circle elementor-widget elementor-widget-icon\" data-id=\"faa23a3\" data-element_type=\"widget\" data-e-type=\"widget\" data-widget_type=\"icon.default\">\n\t\t\t\t<div class=\"elementor-widget-container\">\n\t\t\t\t\t\t\t<div class=\"elementor-icon-wrapper\">\n\t\t\t<div class=\"elementor-icon\">\n\t\t\t\t\t\t\t<i class=\"fa fa-pencil\" aria-hidden=\"true\"><\/i>\n\t\t\t\t\t\t<\/div>\n\t\t<\/div>\n\t\t\t\t\t\t<\/div>\n\t\t\t\t<\/div>\n\t\t\t\t<div class=\"elementor-element elementor-element-7f54298 elementor-widget elementor-widget-toggle\" data-id=\"7f54298\" data-element_type=\"widget\" data-e-type=\"widget\" data-widget_type=\"toggle.default\">\n\t\t\t\t<div class=\"elementor-widget-container\">\n\t\t\t\t\t\t\t<div class=\"elementor-toggle\">\n\t\t\t\t\t\t\t<div class=\"elementor-toggle-item\">\n\t\t\t\t\t<div id=\"elementor-tab-title-1331\" class=\"elementor-tab-title\" data-tab=\"1\" role=\"button\" aria-controls=\"elementor-tab-content-1331\" aria-expanded=\"false\">\n\t\t\t\t\t\t\t\t\t\t\t\t<span class=\"elementor-toggle-icon elementor-toggle-icon-left\" aria-hidden=\"true\">\n\t\t\t\t\t\t\t\t\t\t\t\t\t\t\t<i class=\"elementor-toggle-icon-closed fa fa-chevron-right\"><\/i>\n\t\t\t\t\t\t\t\t<i class=\"elementor-toggle-icon-opened fa fa-chevron-down\"><\/i>\n\t\t\t\t\t\t\t\t\t\t\t\t\t<\/span>\n\t\t\t\t\t\t\t\t\t\t\t\t<a class=\"elementor-toggle-title\" tabindex=\"0\">Gymnasium<\/a>\n\t\t\t\t\t<\/div>\n\n\t\t\t\t\t<div id=\"elementor-tab-content-1331\" class=\"elementor-tab-content elementor-clearfix\" data-tab=\"1\" role=\"region\" aria-labelledby=\"elementor-tab-title-1331\"><h3>Om dikten<\/h3>\n<p>1917 var ett mycket dramatiskt \u00e5r. F\u00f6rsta v\u00e4rldskriget p\u00e5gick fortfarande och dessutom var det revolution i Ryssland. Kommunisternas makt\u00f6vertagande i slutet av \u00e5ret orsakade ett inb\u00f6rdeskrig d\u00e4r ocks\u00e5 Finland drogs in. Dessa historiska sammanhang skapar f\u00f6rst\u00e5else f\u00f6r den m\u00f6rka st\u00e4mningen i dikten och de sista raderna \u201dnej, ett adj\u00f6\/ till m\u00f6drars s\u00f6ner som st\u00e5r upp att d\u00f6\u201d.&nbsp;<\/p>\n<p><span style=\"font-family: 'Roboto Condensed', 'Roboto Condensed'; font-size: 16px; font-style: normal; font-variant-caps: normal;\">Just den h\u00e4r dikten \u00e4r inte kopplad till n\u00e5gon specifik uppgift, utan h\u00e4r skall du v\u00e4lja ett av f\u00f6rslagen p\u00e5 sidan <u><a href=\"https:\/\/litteraturbanken.se\/skolan\/poesi-analysmodeller\/\">\u201d6 s\u00e4tt att analysera dikter\u201d<\/a>.<\/u> <\/span><span style=\"font-family: 'Roboto Condensed', 'Roboto Condensed'; font-size: 16px; font-style: normal; font-variant-caps: normal;\">&nbsp;Arbeta sedan med dikten med hj\u00e4lp av n\u00e5gon av metoderna d\u00e4r.<\/span><\/p>\n<p><\/p><\/div>\n\t\t\t\t<\/div>\n\t\t\t\t\t\t\t\t<\/div>\n\t\t\t\t\t\t<\/div>\n\t\t\t\t<\/div>\n\t\t\t\t\t<\/div>\n\t\t<\/div>\n\t\t\t\t\t<\/div>\n\t\t<\/section>\n\t\t\t\t<div class=\"elementor-element elementor-element-e6b37ac elementor-widget elementor-widget-spacer\" data-id=\"e6b37ac\" data-element_type=\"widget\" data-e-type=\"widget\" data-widget_type=\"spacer.default\">\n\t\t\t\t<div class=\"elementor-widget-container\">\n\t\t\t\t\t\t\t<div class=\"elementor-spacer\">\n\t\t\t<div class=\"elementor-spacer-inner\"><\/div>\n\t\t<\/div>\n\t\t\t\t\t\t<\/div>\n\t\t\t\t<\/div>\n\t\t\t\t\t<\/div>\n\t\t<\/div>\n\t\t\t\t\t<\/div>\n\t\t<\/section>\n\t\t\t\t<section class=\"elementor-section elementor-top-section elementor-element elementor-element-27d577d elementor-section-boxed elementor-section-height-default elementor-section-height-default\" data-id=\"27d577d\" data-element_type=\"section\" data-e-type=\"section\">\n\t\t\t\t\t\t<div class=\"elementor-container elementor-column-gap-default\">\n\t\t\t\t\t<div class=\"elementor-column elementor-col-100 elementor-top-column elementor-element elementor-element-298e916\" data-id=\"298e916\" data-element_type=\"column\" data-e-type=\"column\">\n\t\t\t<div class=\"elementor-widget-wrap elementor-element-populated\">\n\t\t\t\t\t\t<div class=\"elementor-element elementor-element-983b9f2 elementor-widget elementor-widget-spacer\" data-id=\"983b9f2\" data-element_type=\"widget\" data-e-type=\"widget\" data-widget_type=\"spacer.default\">\n\t\t\t\t<div class=\"elementor-widget-container\">\n\t\t\t\t\t\t\t<div class=\"elementor-spacer\">\n\t\t\t<div class=\"elementor-spacer-inner\"><\/div>\n\t\t<\/div>\n\t\t\t\t\t\t<\/div>\n\t\t\t\t<\/div>\n\t\t\t\t\t<\/div>\n\t\t<\/div>\n\t\t\t\t\t<\/div>\n\t\t<\/section>\n\t\t\t\t<\/div>\n\t\t","protected":false},"excerpt":{"rendered":"<p>Svart jul Av\u00a0Erik Axel Karlfeldt Ur:\u00a0Flora och Bellona\u00a0(1918)\u00a0\u00a0\u00c5rskurs:\u00a0Gymnasium\u00a0\u00a0Tema:\u00a0Krig,\u00a0Vinter och jul T\u00e4nd\u00a0intet\u00a0ljus\u00a0i\u00a0denna\u00a0svarta\u00a0kv\u00e4ll,d\u00e5\u00a0rymden\u00a0sj\u00e4lv\u00a0\u00e4r\u00a0som\u00a0ett\u00a0skjutet\u00a0spj\u00e4lloch\u00a0ingen\u00a0Mikael\u00a0med\u00a0heligt\u00a0sv\u00e4rdvill\u00a0klyva\u00a0skyn\u00a0f\u00f6r\u00a0hj\u00e4rtats\u00a0himmelsf\u00e4rd.T\u00e4nk\u00a0ingen\u00a0psalmton,\u00a0tung\u00a0av\u00a0tr\u00f6st\u00a0och\u00a0tro,i\u00a0h\u00f6gre\u00a0kor,\u00a0in\u00a0dulci\u00a0jubilo.\u201dM\u00f6rkt\u00a0och\u00a0f\u00f6rbi\u201d\u00e4r\u00a0denna\u00a0jultids\u00a0dova\u00a0melodi. En\u00a0ovis\u00a0jungfru\u00a0lik,\u00a0har\u00a0v\u00e4rlden\u00a0spilltsin\u00a0lampas\u00a0olja,\u00a0veken\u00a0ryker\u00a0vilt,brudgummen\u00a0dr\u00f6jer,\u00a0ingen\u00a0klockas\u00a0s\u00e5ngf\u00f6rkunnar\u00a0furstars\u00a0t\u00e5g\u00a0och\u00a0stj\u00e4rnans\u00a0g\u00e5ng.I\u00a0denna\u00a0natt\u00a0f\u00f6ds\u00a0ingen\u00a0gud\u00a0p\u00e5\u00a0nytt,och\u00a0barnens\u00a0\u00e4ngladr\u00f6m\u00a0\u00e4r\u00a0grymt\u00a0f\u00f6rbytt:tills\u00a0jul\u00a0g\u00e5r\u00a0ut,svartalfer\u00a0st\u00e5\u00a0p\u00e5\u00a0vakt\u00a0vid\u00a0stugans\u00a0knut. Med\u00a0m\u00f6da\u00a0h\u00e5ller\u00a0fattig\u00a0moder\u00a0varmden\u00a0sp\u00e4de\u00a0sonen\u00a0vid\u00a0sin\u00a0klena\u00a0barm,och\u00a0hennes\u00a0juldr\u00f6m\u00a0\u00e4r\u00a0Marias\u00a0n\u00f6d:h\u00e4rb\u00e4rget\u00a0ger\u00a0ej\u00a0rum,\u00a0ej\u00a0logen\u00a0br\u00f6d,Herodes\u00a0knektar\u00a0g\u00e5\u00a0fr\u00e5n\u00a0port\u00a0till\u00a0port\u00a0\u2014svep\u00a0barnet\u00a0in\u00a0och\u00a0hasta\u00a0h\u00e4dan\u00a0fort!Flykt\u00a0och\u00a0farv\u00e4l\u00e4r\u00a0julens\u00a0ottes\u00e5ng,\u00a0du\u00a0tr\u00f6tta\u00a0sj\u00e4l. Men\u00a0juldag\u00a0gryr,\u00a0nu\u00a0sk\u00e4lva\u00a0sky\u00a0och\u00a0lund,och\u00a0jorden\u00a0vaknar\u00a0ur\u00a0sin\u00a0sm\u00e4rtas\u00a0blund,och\u00a0jorden\u00a0vaknar\u00a0till\u00a0sin\u00a0sm\u00e4rtas\u00a0syn,en\u00a0t\u00f6vind\u00a0stryker\u00a0hennes\u00a0\u00f6gonbryn,och\u00a0t\u00e5rar\u00a0st\u00e4nka\u00a0fr\u00e5n\u00a0hans\u00a0svala\u00a0hand,som\u00a0viftar\u00a0julfrid\u00a0\u00f6ver\u00a0skumma\u00a0land\u00a0\u2014nej,\u00a0ett\u00a0adj\u00f6till\u00a0m\u00f6drars\u00a0s\u00f6ner\u00a0som\u00a0st\u00e5\u00a0upp\u00a0att\u00a0d\u00f6. L\u00e4s dikten p\u00e5 Litteraturbanken Termer och begrepp Gymnasium Ordf\u00f6rst\u00e5else In\u00a0dulci\u00a0jubilo:\u00a0 &#8221;I jublande fr\u00f6jd&#8221; p\u00e5 latin. Orden \u00e4r inledningen till en gammal julpsalm. Gymnasium Om dikten 1917 var ett mycket dramatiskt \u00e5r. F\u00f6rsta v\u00e4rldskriget p\u00e5gick fortfarande och dessutom var det revolution i [&hellip;]<\/p>\n","protected":false},"author":5,"featured_media":0,"parent":0,"menu_order":0,"comment_status":"closed","ping_status":"closed","template":"","meta":{"ocean_post_layout":"full-screen","ocean_both_sidebars_style":"","ocean_both_sidebars_content_width":0,"ocean_both_sidebars_sidebars_width":0,"ocean_sidebar":"0","ocean_second_sidebar":"0","ocean_disable_margins":"enable","ocean_add_body_class":"","ocean_shortcode_before_top_bar":"","ocean_shortcode_after_top_bar":"","ocean_shortcode_before_header":"","ocean_shortcode_after_header":"","ocean_has_shortcode":"","ocean_shortcode_after_title":"","ocean_shortcode_before_footer_widgets":"","ocean_shortcode_after_footer_widgets":"","ocean_shortcode_before_footer_bottom":"","ocean_shortcode_after_footer_bottom":"","ocean_display_top_bar":"default","ocean_display_header":"default","ocean_header_style":"","ocean_center_header_left_menu":"0","ocean_custom_header_template":"0","ocean_custom_logo":0,"ocean_custom_retina_logo":0,"ocean_custom_logo_max_width":0,"ocean_custom_logo_tablet_max_width":0,"ocean_custom_logo_mobile_max_width":0,"ocean_custom_logo_max_height":0,"ocean_custom_logo_tablet_max_height":0,"ocean_custom_logo_mobile_max_height":0,"ocean_header_custom_menu":"0","ocean_menu_typo_font_family":"0","ocean_menu_typo_font_subset":"","ocean_menu_typo_font_size":0,"ocean_menu_typo_font_size_tablet":0,"ocean_menu_typo_font_size_mobile":0,"ocean_menu_typo_font_size_unit":"px","ocean_menu_typo_font_weight":"","ocean_menu_typo_font_weight_tablet":"","ocean_menu_typo_font_weight_mobile":"","ocean_menu_typo_transform":"","ocean_menu_typo_transform_tablet":"","ocean_menu_typo_transform_mobile":"","ocean_menu_typo_line_height":0,"ocean_menu_typo_line_height_tablet":0,"ocean_menu_typo_line_height_mobile":0,"ocean_menu_typo_line_height_unit":"","ocean_menu_typo_spacing":0,"ocean_menu_typo_spacing_tablet":0,"ocean_menu_typo_spacing_mobile":0,"ocean_menu_typo_spacing_unit":"","ocean_menu_link_color":"","ocean_menu_link_color_hover":"","ocean_menu_link_color_active":"","ocean_menu_link_background":"","ocean_menu_link_hover_background":"","ocean_menu_link_active_background":"","ocean_menu_social_links_bg":"","ocean_menu_social_hover_links_bg":"","ocean_menu_social_links_color":"","ocean_menu_social_hover_links_color":"","ocean_disable_title":"on","ocean_disable_heading":"default","ocean_post_title":"","ocean_post_subheading":"","ocean_post_title_style":"","ocean_post_title_background_color":"","ocean_post_title_background":0,"ocean_post_title_bg_image_position":"","ocean_post_title_bg_image_attachment":"","ocean_post_title_bg_image_repeat":"","ocean_post_title_bg_image_size":"","ocean_post_title_height":0,"ocean_post_title_bg_overlay":0.5,"ocean_post_title_bg_overlay_color":"","ocean_disable_breadcrumbs":"default","ocean_breadcrumbs_color":"","ocean_breadcrumbs_separator_color":"","ocean_breadcrumbs_links_color":"","ocean_breadcrumbs_links_hover_color":"","ocean_display_footer_widgets":"default","ocean_display_footer_bottom":"default","ocean_custom_footer_template":"0","footnotes":""},"class_list":["post-9260","page","type-page","status-publish","hentry","entry"],"_links":{"self":[{"href":"https:\/\/litteraturbanken.se\/skolan\/wp-json\/wp\/v2\/pages\/9260","targetHints":{"allow":["GET"]}}],"collection":[{"href":"https:\/\/litteraturbanken.se\/skolan\/wp-json\/wp\/v2\/pages"}],"about":[{"href":"https:\/\/litteraturbanken.se\/skolan\/wp-json\/wp\/v2\/types\/page"}],"author":[{"embeddable":true,"href":"https:\/\/litteraturbanken.se\/skolan\/wp-json\/wp\/v2\/users\/5"}],"replies":[{"embeddable":true,"href":"https:\/\/litteraturbanken.se\/skolan\/wp-json\/wp\/v2\/comments?post=9260"}],"version-history":[{"count":26,"href":"https:\/\/litteraturbanken.se\/skolan\/wp-json\/wp\/v2\/pages\/9260\/revisions"}],"predecessor-version":[{"id":20003,"href":"https:\/\/litteraturbanken.se\/skolan\/wp-json\/wp\/v2\/pages\/9260\/revisions\/20003"}],"wp:attachment":[{"href":"https:\/\/litteraturbanken.se\/skolan\/wp-json\/wp\/v2\/media?parent=9260"}],"curies":[{"name":"wp","href":"https:\/\/api.w.org\/{rel}","templated":true}]}}