{"id":9263,"date":"2018-12-09T22:28:26","date_gmt":"2018-12-09T21:28:26","guid":{"rendered":"https:\/\/litteraturbanken.se\/skoladev\/?page_id=9263"},"modified":"2020-02-11T14:17:34","modified_gmt":"2020-02-11T13:17:34","slug":"poesi-forfattare-erik-axel-karlfeldt-sang-efter-skordeanden","status":"publish","type":"page","link":"https:\/\/litteraturbanken.se\/skolan\/poesi-forfattare-erik-axel-karlfeldt-sang-efter-skordeanden\/","title":{"rendered":"Poesi\/F\u00f6rfattare\/Erik Axel Karlfeldt\/S\u00e5ng efter sk\u00f6rdeanden"},"content":{"rendered":"\t\t<div data-elementor-type=\"wp-post\" data-elementor-id=\"9263\" class=\"elementor elementor-9263\">\n\t\t\t\t\t\t<section class=\"elementor-section elementor-top-section elementor-element elementor-element-ae23cdf elementor-section-boxed elementor-section-height-default elementor-section-height-default\" data-id=\"ae23cdf\" data-element_type=\"section\" data-e-type=\"section\">\n\t\t\t\t\t\t<div class=\"elementor-container elementor-column-gap-default\">\n\t\t\t\t\t<div class=\"elementor-column elementor-col-100 elementor-top-column elementor-element elementor-element-9d7a24e\" data-id=\"9d7a24e\" data-element_type=\"column\" data-e-type=\"column\">\n\t\t\t<div class=\"elementor-widget-wrap elementor-element-populated\">\n\t\t\t\t\t\t<div class=\"elementor-element elementor-element-4f1f60f elementor-widget elementor-widget-spacer\" data-id=\"4f1f60f\" data-element_type=\"widget\" data-e-type=\"widget\" data-widget_type=\"spacer.default\">\n\t\t\t\t<div class=\"elementor-widget-container\">\n\t\t\t\t\t\t\t<div class=\"elementor-spacer\">\n\t\t\t<div class=\"elementor-spacer-inner\"><\/div>\n\t\t<\/div>\n\t\t\t\t\t\t<\/div>\n\t\t\t\t<\/div>\n\t\t\t\t\t<\/div>\n\t\t<\/div>\n\t\t\t\t\t<\/div>\n\t\t<\/section>\n\t\t\t\t<section class=\"elementor-section elementor-inner-section elementor-element elementor-element-0fa383d elementor-section-boxed elementor-section-height-default elementor-section-height-default\" data-id=\"0fa383d\" data-element_type=\"section\" data-e-type=\"section\">\n\t\t\t\t\t\t<div class=\"elementor-container elementor-column-gap-default\">\n\t\t\t\t\t<div class=\"elementor-column elementor-col-66 elementor-inner-column elementor-element elementor-element-79ddfd0\" data-id=\"79ddfd0\" data-element_type=\"column\" data-e-type=\"column\" data-settings=\"{&quot;background_background&quot;:&quot;classic&quot;}\">\n\t\t\t<div class=\"elementor-widget-wrap elementor-element-populated\">\n\t\t\t\t\t\t<div class=\"elementor-element elementor-element-cc10c20 elementor-widget elementor-widget-heading\" data-id=\"cc10c20\" data-element_type=\"widget\" data-e-type=\"widget\" data-widget_type=\"heading.default\">\n\t\t\t\t<div class=\"elementor-widget-container\">\n\t\t\t\t\t<h2 class=\"elementor-heading-title elementor-size-default\">S\u00e5ng efter sk\u00f6rdeanden<\/h2>\t\t\t\t<\/div>\n\t\t\t\t<\/div>\n\t\t\t\t<div class=\"elementor-element elementor-element-4785407 elementor-widget elementor-widget-text-editor\" data-id=\"4785407\" data-element_type=\"widget\" data-e-type=\"widget\" data-widget_type=\"text-editor.default\">\n\t\t\t\t<div class=\"elementor-widget-container\">\n\t\t\t\t\t\t\t\t\t<p>Av\u00a0<em><a href=\"https:\/\/litteraturbanken.se\/skolan\/?page_id=304\">Erik Axel Karlfeldt<\/a><\/em><\/p>\t\t\t\t\t\t\t\t<\/div>\n\t\t\t\t<\/div>\n\t\t\t\t<div class=\"elementor-element elementor-element-696161c elementor-widget elementor-widget-text-editor\" data-id=\"696161c\" data-element_type=\"widget\" data-e-type=\"widget\" data-widget_type=\"text-editor.default\">\n\t\t\t\t<div class=\"elementor-widget-container\">\n\t\t\t\t\t\t\t\t\t<p><strong>Ur:<\/strong>\u00a0<em>Fridolins visor<\/em><em>\u00a0<\/em><span style=\"font-size: 15px; letter-spacing: 0.6px;\"><span class=\"ng-binding\" aria-hidden=\"false\">(1898)<\/span>\u00a0<\/span><strong>\u00c5rskurs<\/strong>:\u00a0Gymnasium\u00a0 <strong>\u00a0Tema<\/strong>: Natur och m\u00e4nniska,\u00a0H\u00f6st,\u00a0Sommar<\/p>\t\t\t\t\t\t\t\t<\/div>\n\t\t\t\t<\/div>\n\t\t\t\t<div class=\"elementor-element elementor-element-db6c07e elementor-widget elementor-widget-text-editor\" data-id=\"db6c07e\" data-element_type=\"widget\" data-e-type=\"widget\" data-widget_type=\"text-editor.default\">\n\t\t\t\t<div class=\"elementor-widget-container\">\n\t\t\t\t\t\t\t\t\t<div class=\"_head b center chaptername\"><div class=\"_l\"><div class=\"literallayout\"><div class=\"_l\"><p>H\u00e4r\u00a0dansar\u00a0Fridolin,<br \/>han\u00a0\u00e4r\u00a0full\u00a0av\u00a0det\u00a0s\u00f6ta\u00a0vin,<br \/>av\u00a0sin\u00a0vet\u00e5kers\u00a0frukt,\u00a0sina\u00a0b\u00e4rmarkers\u00a0saft,<br \/>av\u00a0den\u00a0vinande\u00a0valsmelodin.<br \/>Se,\u00a0med\u00a0livrockens\u00a0v\u00e4ldiga\u00a0sk\u00f6rt\u00a0p\u00e5\u00a0sin\u00a0arm<br \/>hur\u00a0han\u00a0dansar\u00a0var\u00a0flicka\u00a0p\u00e5\u00a0balen\u00a0varm,<br \/>tills\u00a0hon\u00a0lutar\u00a0\u2014\u00a0lik\u00a0vallmon\u00a0p\u00e5\u00a0slokande\u00a0skaft\u00a0\u2014<br \/>s\u00e5\u00a0lycksaligen\u00a0matt\u00a0mot\u00a0hans\u00a0barm.<br \/><br \/>H\u00e4r\u00a0dansar\u00a0Fridolin,<br \/>han\u00a0\u00e4r\u00a0full\u00a0utav\u00a0minnenas\u00a0vin.<br \/>H\u00e4r\u00a0hugsvalades\u00a0far\u00a0och\u00a0farfar\u00a0en\u00a0g\u00e5ng<br \/>av\u00a0den\u00a0surrande\u00a0bondviolin.<br \/>Men\u00a0nu\u00a0soven\u00a0I,\u00a0gamle,\u00a0i\u00a0h\u00f6gtidens\u00a0natt,<br \/>och\u00a0den\u00a0hand\u00a0som\u00a0gned\u00a0str\u00e4ngarna\u00a0d\u00e5\u00a0\u00e4r\u00a0nu\u00a0matt,<br \/>och\u00a0ert\u00a0liv\u00a0samt\u00a0er\u00a0tid\u00a0\u00e4r\u00a0en\u00a0susande\u00a0s\u00e5ng,<br \/>som\u00a0har\u00a0toner\u00a0av\u00a0sucksamt\u00a0och\u00a0glatt.<br \/><br \/>Men\u00a0h\u00e4r\u00a0dansar\u00a0Fridolin!<br \/>Sen\u00a0er\u00a0son,\u00a0han\u00a0\u00e4r\u00a0stark,\u00a0han\u00a0\u00e4r\u00a0fin,<br \/>och\u00a0han\u00a0talar\u00a0med\u00a0b\u00f6nder\u00a0p\u00e5\u00a0b\u00f6ndernas\u00a0s\u00e4tt<br \/>men\u00a0med\u00a0l\u00e4rde\u00a0m\u00e4n\u00a0p\u00e5\u00a0latin.<br \/>Och\u00a0hans\u00a0lie\u00a0g\u00e5r\u00a0skarp\u00a0i\u00a0er\u00a0nyodlings\u00a0gull,<br \/>och\u00a0han\u00a0fr\u00f6jdas\u00a0som\u00a0I,\u00a0n\u00e4r\u00a0hans\u00a0loge\u00a0st\u00e5r\u00a0full,<br \/>och\u00a0han\u00a0lyfter\u00a0sin\u00a0m\u00f6\u00a0som\u00a0en\u00a0man\u00a0av\u00a0er\u00a0\u00e4tt<br \/>h\u00f6gt\u00a0mot\u00a0h\u00f6stm\u00e5nens\u00a0r\u00f6da\u00a0kastrull.<\/p><\/div><\/div><\/div><\/div>\t\t\t\t\t\t\t\t<\/div>\n\t\t\t\t<\/div>\n\t\t\t\t\t<\/div>\n\t\t<\/div>\n\t\t\t\t<div class=\"elementor-column elementor-col-33 elementor-inner-column elementor-element elementor-element-3896ef1\" data-id=\"3896ef1\" data-element_type=\"column\" data-e-type=\"column\">\n\t\t\t<div class=\"elementor-widget-wrap elementor-element-populated\">\n\t\t\t\t\t\t<div class=\"elementor-element elementor-element-4b57373 elementor-widget elementor-widget-wp-widget-media_audio\" data-id=\"4b57373\" data-element_type=\"widget\" data-e-type=\"widget\" data-widget_type=\"wp-widget-media_audio.default\">\n\t\t\t\t<div class=\"elementor-widget-container\">\n\t\t\t\t\t<h5>Ann Boglind l\u00e4ser \u201dS\u00e5ng efter sk\u00f6rdeanden\u201d av Erik Axel Karlfeldt.<\/h5><audio class=\"wp-audio-shortcode\" id=\"audio-9263-1\" preload=\"none\" style=\"width: 100%;\" controls=\"controls\"><source type=\"audio\/mpeg\" src=\"https:\/\/litteraturbanken.se\/skolan\/wp-content\/uploads\/2019\/03\/karlfeldt_sangefterskordeanden_boglind.mp3?_=1\" \/><source type=\"audio\/mpeg\" src=\"https:\/\/litteraturbanken.se\/skolan\/wp-content\/uploads\/2019\/03\/karlfeldt_sangefterskordeanden_boglind.mp3?_=1\" \/><a href=\"https:\/\/litteraturbanken.se\/skolan\/wp-content\/uploads\/2019\/03\/karlfeldt_sangefterskordeanden_boglind.mp3\">https:\/\/litteraturbanken.se\/skolan\/wp-content\/uploads\/2019\/03\/karlfeldt_sangefterskordeanden_boglind.mp3<\/a><\/audio>\t\t\t\t<\/div>\n\t\t\t\t<\/div>\n\t\t\t\t<div class=\"elementor-element elementor-element-46a845b elementor-icon-list--layout-traditional elementor-list-item-link-full_width elementor-widget elementor-widget-icon-list\" data-id=\"46a845b\" data-element_type=\"widget\" data-e-type=\"widget\" data-widget_type=\"icon-list.default\">\n\t\t\t\t<div class=\"elementor-widget-container\">\n\t\t\t\t\t\t\t<ul class=\"elementor-icon-list-items\">\n\t\t\t\t\t\t\t<li class=\"elementor-icon-list-item\">\n\t\t\t\t\t\t\t\t\t\t\t<a href=\"https:\/\/litteraturbanken.se\/forfattare\/KarlfeldtEA\/titlar\/FridolinsVisor\/sida\/45\/etext\" target=\"_blank\">\n\n\t\t\t\t\t\t\t\t\t\t\t\t<span class=\"elementor-icon-list-icon\">\n\t\t\t\t\t\t\t\t\t\t\t\t\t\t\t\t<i class=\"fa fa-file-text-o\" aria-hidden=\"true\"><\/i>\n\t\t\t\t\t\t\t\t\t\t\t\t\t<\/span>\n\t\t\t\t\t\t\t\t\t\t<span class=\"elementor-icon-list-text\">L\u00e4s dikten p\u00e5 Litteraturbanken<\/span>\n\t\t\t\t\t\t\t\t\t\t\t<\/a>\n\t\t\t\t\t\t\t\t\t<\/li>\n\t\t\t\t\t\t\t\t<li class=\"elementor-icon-list-item\">\n\t\t\t\t\t\t\t\t\t\t\t<a href=\"https:\/\/litteraturbanken.se\/skolan\/?page_id=261\" target=\"_blank\">\n\n\t\t\t\t\t\t\t\t\t\t\t\t<span class=\"elementor-icon-list-icon\">\n\t\t\t\t\t\t\t\t\t\t\t\t\t\t\t\t<i class=\"fa fa-file-text-o\" aria-hidden=\"true\"><\/i>\n\t\t\t\t\t\t\t\t\t\t\t\t\t<\/span>\n\t\t\t\t\t\t\t\t\t\t<span class=\"elementor-icon-list-text\">Termer och begrepp<\/span>\n\t\t\t\t\t\t\t\t\t\t\t<\/a>\n\t\t\t\t\t\t\t\t\t<\/li>\n\t\t\t\t\t\t<\/ul>\n\t\t\t\t\t\t<\/div>\n\t\t\t\t<\/div>\n\t\t\t\t<div class=\"elementor-element elementor-element-30acc7a elementor-align-center elementor-widget elementor-widget-button\" data-id=\"30acc7a\" data-element_type=\"widget\" data-e-type=\"widget\" data-widget_type=\"button.default\">\n\t\t\t\t<div class=\"elementor-widget-container\">\n\t\t\t\t\t\t\t\t\t<div class=\"elementor-button-wrapper\">\n\t\t\t\t\t<a class=\"elementor-button elementor-button-link elementor-size-md elementor-animation-grow\" href=\"#uppgift\">\n\t\t\t\t\t\t<span class=\"elementor-button-content-wrapper\">\n\t\t\t\t\t\t<span class=\"elementor-button-icon\">\n\t\t\t\t\t\t\t\t\t<i class=\"fa fa-pencil\" aria-hidden=\"true\"><\/i>\n\t\t\t\t\t\t\t<\/span>\n\t\t\t\t\t\t\t\t\t<span class=\"elementor-button-text\">Uppgift, Gymnasium<\/span>\n\t\t\t\t\t<\/span>\n\t\t\t\t\t<\/a>\n\t\t\t\t<\/div>\n\t\t\t\t\t\t\t\t<\/div>\n\t\t\t\t<\/div>\n\t\t\t\t<div class=\"elementor-element elementor-element-d9a12f5 elementor-widget elementor-widget-image\" data-id=\"d9a12f5\" data-element_type=\"widget\" data-e-type=\"widget\" data-widget_type=\"image.default\">\n\t\t\t\t<div class=\"elementor-widget-container\">\n\t\t\t\t\t\t\t\t\t\t\t\t\t\t\t<img fetchpriority=\"high\" decoding=\"async\" width=\"300\" height=\"300\" src=\"https:\/\/litteraturbanken.se\/skolan\/wp-content\/uploads\/2019\/03\/lb_skolan_2019_knapp_f\u00f6rfattarbild-karlfeldt_r\u00f6d-e1553013449132.jpg\" class=\"attachment-full size-full wp-image-13749\" alt=\"\" \/>\t\t\t\t\t\t\t\t\t\t\t\t\t\t\t<\/div>\n\t\t\t\t<\/div>\n\t\t\t\t\t<\/div>\n\t\t<\/div>\n\t\t\t\t\t<\/div>\n\t\t<\/section>\n\t\t\t\t<section class=\"elementor-section elementor-top-section elementor-element elementor-element-325ea83 elementor-section-boxed elementor-section-height-default elementor-section-height-default\" data-id=\"325ea83\" data-element_type=\"section\" data-e-type=\"section\">\n\t\t\t\t\t\t<div class=\"elementor-container elementor-column-gap-default\">\n\t\t\t\t\t<div class=\"elementor-column elementor-col-100 elementor-top-column elementor-element elementor-element-9928ed4\" data-id=\"9928ed4\" data-element_type=\"column\" data-e-type=\"column\">\n\t\t\t<div class=\"elementor-widget-wrap elementor-element-populated\">\n\t\t\t\t\t\t<div class=\"elementor-element elementor-element-80f2245 elementor-widget elementor-widget-spacer\" data-id=\"80f2245\" data-element_type=\"widget\" data-e-type=\"widget\" data-widget_type=\"spacer.default\">\n\t\t\t\t<div class=\"elementor-widget-container\">\n\t\t\t\t\t\t\t<div class=\"elementor-spacer\">\n\t\t\t<div class=\"elementor-spacer-inner\"><\/div>\n\t\t<\/div>\n\t\t\t\t\t\t<\/div>\n\t\t\t\t<\/div>\n\t\t\t\t\t<\/div>\n\t\t<\/div>\n\t\t\t\t\t<\/div>\n\t\t<\/section>\n\t\t\t\t<section class=\"elementor-section elementor-top-section elementor-element elementor-element-21c6351 elementor-section-boxed elementor-section-height-default elementor-section-height-default\" data-id=\"21c6351\" data-element_type=\"section\" data-e-type=\"section\">\n\t\t\t\t\t\t<div class=\"elementor-container elementor-column-gap-default\">\n\t\t\t\t\t<div class=\"elementor-column elementor-col-100 elementor-top-column elementor-element elementor-element-b214d37\" data-id=\"b214d37\" data-element_type=\"column\" data-e-type=\"column\" data-settings=\"{&quot;background_background&quot;:&quot;classic&quot;}\">\n\t\t\t<div class=\"elementor-widget-wrap elementor-element-populated\">\n\t\t\t\t\t\t<section class=\"elementor-section elementor-inner-section elementor-element elementor-element-a92d3a7 elementor-section-boxed elementor-section-height-default elementor-section-height-default\" data-id=\"a92d3a7\" data-element_type=\"section\" data-e-type=\"section\">\n\t\t\t\t\t\t<div class=\"elementor-container elementor-column-gap-default\">\n\t\t\t\t\t<div class=\"elementor-column elementor-col-100 elementor-inner-column elementor-element elementor-element-4d665ea\" data-id=\"4d665ea\" data-element_type=\"column\" data-e-type=\"column\">\n\t\t\t<div class=\"elementor-widget-wrap elementor-element-populated\">\n\t\t\t\t\t\t<div class=\"elementor-element elementor-element-6fc1491 elementor-widget elementor-widget-menu-anchor\" data-id=\"6fc1491\" data-element_type=\"widget\" data-e-type=\"widget\" data-widget_type=\"menu-anchor.default\">\n\t\t\t\t<div class=\"elementor-widget-container\">\n\t\t\t\t\t\t\t<div class=\"elementor-menu-anchor\" id=\"uppgift\"><\/div>\n\t\t\t\t\t\t<\/div>\n\t\t\t\t<\/div>\n\t\t\t\t<div class=\"elementor-element elementor-element-434a76c elementor-view-framed elementor-shape-circle elementor-widget elementor-widget-icon\" data-id=\"434a76c\" data-element_type=\"widget\" data-e-type=\"widget\" data-widget_type=\"icon.default\">\n\t\t\t\t<div class=\"elementor-widget-container\">\n\t\t\t\t\t\t\t<div class=\"elementor-icon-wrapper\">\n\t\t\t<div class=\"elementor-icon\">\n\t\t\t\t\t\t\t<i class=\"fa fa-pencil\" aria-hidden=\"true\"><\/i>\n\t\t\t\t\t\t<\/div>\n\t\t<\/div>\n\t\t\t\t\t\t<\/div>\n\t\t\t\t<\/div>\n\t\t\t\t<div class=\"elementor-element elementor-element-5530e8f elementor-widget elementor-widget-toggle\" data-id=\"5530e8f\" data-element_type=\"widget\" data-e-type=\"widget\" data-widget_type=\"toggle.default\">\n\t\t\t\t<div class=\"elementor-widget-container\">\n\t\t\t\t\t\t\t<div class=\"elementor-toggle\">\n\t\t\t\t\t\t\t<div class=\"elementor-toggle-item\">\n\t\t\t\t\t<div id=\"elementor-tab-title-8931\" class=\"elementor-tab-title\" data-tab=\"1\" role=\"button\" aria-controls=\"elementor-tab-content-8931\" aria-expanded=\"false\">\n\t\t\t\t\t\t\t\t\t\t\t\t<span class=\"elementor-toggle-icon elementor-toggle-icon-left\" aria-hidden=\"true\">\n\t\t\t\t\t\t\t\t\t\t\t\t\t\t\t<i class=\"elementor-toggle-icon-closed fa fa-chevron-right\"><\/i>\n\t\t\t\t\t\t\t\t<i class=\"elementor-toggle-icon-opened fa fa-chevron-down\"><\/i>\n\t\t\t\t\t\t\t\t\t\t\t\t\t<\/span>\n\t\t\t\t\t\t\t\t\t\t\t\t<a class=\"elementor-toggle-title\" tabindex=\"0\">Gymnasium<\/a>\n\t\t\t\t\t<\/div>\n\n\t\t\t\t\t<div id=\"elementor-tab-content-8931\" class=\"elementor-tab-content elementor-clearfix\" data-tab=\"1\" role=\"region\" aria-labelledby=\"elementor-tab-title-8931\"><h3>Samtala om dikten<\/h3><p>1 Samtala om vilka ord som anger n\u00e4r p\u00e5 \u00e5ret denna dans \u00e4ger rum.<\/p><p>2 P\u00e5 fj\u00e4rde raden st\u00e5r det att dansen \u00e4r vals, men de sista raderna d\u00e4r det st\u00e5r att Fridolin lyfter sin m\u00f6 g\u00e5r tankarna till polska. I varje fall \u00e4r det en fartfylld dans. N\u00e4rl\u00e4s och se hur Karlfeldt visar det.<\/p><p>3 Den andra strofens k\u00e4nsla och st\u00e4mning kan g\u00e4rna j\u00e4mf\u00f6ras med dikten <a href=\"https:\/\/litteraturbanken.se\/skolan\/?page_id=10516\">\u201dF\u00e4derna\u201d<\/a>. Vad kan f\u00f6rfattaren mena med raderna i tredje strofen: \u201doch han talar med b\u00f6nder p\u00e5 b\u00f6ndernas s\u00e4tt\/ och med l\u00e4rde m\u00e4n p\u00e5 latin\u201d?<\/p><p>4 Hur ska vi f\u00f6rst\u00e5 \u201dh\u00f6stm\u00e5nens r\u00f6da kastrull\u201d?<\/p><p>5 Vad \u00e4r den kastrullen gjord av?<\/p><\/div>\n\t\t\t\t<\/div>\n\t\t\t\t\t\t\t\t<\/div>\n\t\t\t\t\t\t<\/div>\n\t\t\t\t<\/div>\n\t\t\t\t\t<\/div>\n\t\t<\/div>\n\t\t\t\t\t<\/div>\n\t\t<\/section>\n\t\t\t\t<div class=\"elementor-element elementor-element-a11c7f6 elementor-widget elementor-widget-spacer\" data-id=\"a11c7f6\" data-element_type=\"widget\" data-e-type=\"widget\" data-widget_type=\"spacer.default\">\n\t\t\t\t<div class=\"elementor-widget-container\">\n\t\t\t\t\t\t\t<div class=\"elementor-spacer\">\n\t\t\t<div class=\"elementor-spacer-inner\"><\/div>\n\t\t<\/div>\n\t\t\t\t\t\t<\/div>\n\t\t\t\t<\/div>\n\t\t\t\t\t<\/div>\n\t\t<\/div>\n\t\t\t\t\t<\/div>\n\t\t<\/section>\n\t\t\t\t<section class=\"elementor-section elementor-top-section elementor-element elementor-element-37896b6 elementor-section-boxed elementor-section-height-default elementor-section-height-default\" data-id=\"37896b6\" data-element_type=\"section\" data-e-type=\"section\">\n\t\t\t\t\t\t<div class=\"elementor-container elementor-column-gap-default\">\n\t\t\t\t\t<div class=\"elementor-column elementor-col-100 elementor-top-column elementor-element elementor-element-203a21a\" data-id=\"203a21a\" data-element_type=\"column\" data-e-type=\"column\">\n\t\t\t<div class=\"elementor-widget-wrap elementor-element-populated\">\n\t\t\t\t\t\t<div class=\"elementor-element elementor-element-9246d10 elementor-widget elementor-widget-spacer\" data-id=\"9246d10\" data-element_type=\"widget\" data-e-type=\"widget\" data-widget_type=\"spacer.default\">\n\t\t\t\t<div class=\"elementor-widget-container\">\n\t\t\t\t\t\t\t<div class=\"elementor-spacer\">\n\t\t\t<div class=\"elementor-spacer-inner\"><\/div>\n\t\t<\/div>\n\t\t\t\t\t\t<\/div>\n\t\t\t\t<\/div>\n\t\t\t\t\t<\/div>\n\t\t<\/div>\n\t\t\t\t\t<\/div>\n\t\t<\/section>\n\t\t\t\t<\/div>\n\t\t","protected":false},"excerpt":{"rendered":"<p>S\u00e5ng efter sk\u00f6rdeanden Av\u00a0Erik Axel Karlfeldt Ur:\u00a0Fridolins visor\u00a0(1898)\u00a0\u00c5rskurs:\u00a0Gymnasium\u00a0 \u00a0Tema: Natur och m\u00e4nniska,\u00a0H\u00f6st,\u00a0Sommar H\u00e4r\u00a0dansar\u00a0Fridolin,han\u00a0\u00e4r\u00a0full\u00a0av\u00a0det\u00a0s\u00f6ta\u00a0vin,av\u00a0sin\u00a0vet\u00e5kers\u00a0frukt,\u00a0sina\u00a0b\u00e4rmarkers\u00a0saft,av\u00a0den\u00a0vinande\u00a0valsmelodin.Se,\u00a0med\u00a0livrockens\u00a0v\u00e4ldiga\u00a0sk\u00f6rt\u00a0p\u00e5\u00a0sin\u00a0armhur\u00a0han\u00a0dansar\u00a0var\u00a0flicka\u00a0p\u00e5\u00a0balen\u00a0varm,tills\u00a0hon\u00a0lutar\u00a0\u2014\u00a0lik\u00a0vallmon\u00a0p\u00e5\u00a0slokande\u00a0skaft\u00a0\u2014s\u00e5\u00a0lycksaligen\u00a0matt\u00a0mot\u00a0hans\u00a0barm. H\u00e4r\u00a0dansar\u00a0Fridolin,han\u00a0\u00e4r\u00a0full\u00a0utav\u00a0minnenas\u00a0vin.H\u00e4r\u00a0hugsvalades\u00a0far\u00a0och\u00a0farfar\u00a0en\u00a0g\u00e5ngav\u00a0den\u00a0surrande\u00a0bondviolin.Men\u00a0nu\u00a0soven\u00a0I,\u00a0gamle,\u00a0i\u00a0h\u00f6gtidens\u00a0natt,och\u00a0den\u00a0hand\u00a0som\u00a0gned\u00a0str\u00e4ngarna\u00a0d\u00e5\u00a0\u00e4r\u00a0nu\u00a0matt,och\u00a0ert\u00a0liv\u00a0samt\u00a0er\u00a0tid\u00a0\u00e4r\u00a0en\u00a0susande\u00a0s\u00e5ng,som\u00a0har\u00a0toner\u00a0av\u00a0sucksamt\u00a0och\u00a0glatt. Men\u00a0h\u00e4r\u00a0dansar\u00a0Fridolin!Sen\u00a0er\u00a0son,\u00a0han\u00a0\u00e4r\u00a0stark,\u00a0han\u00a0\u00e4r\u00a0fin,och\u00a0han\u00a0talar\u00a0med\u00a0b\u00f6nder\u00a0p\u00e5\u00a0b\u00f6ndernas\u00a0s\u00e4ttmen\u00a0med\u00a0l\u00e4rde\u00a0m\u00e4n\u00a0p\u00e5\u00a0latin.Och\u00a0hans\u00a0lie\u00a0g\u00e5r\u00a0skarp\u00a0i\u00a0er\u00a0nyodlings\u00a0gull,och\u00a0han\u00a0fr\u00f6jdas\u00a0som\u00a0I,\u00a0n\u00e4r\u00a0hans\u00a0loge\u00a0st\u00e5r\u00a0full,och\u00a0han\u00a0lyfter\u00a0sin\u00a0m\u00f6\u00a0som\u00a0en\u00a0man\u00a0av\u00a0er\u00a0\u00e4tth\u00f6gt\u00a0mot\u00a0h\u00f6stm\u00e5nens\u00a0r\u00f6da\u00a0kastrull. L\u00e4s dikten p\u00e5 Litteraturbanken Termer och begrepp Uppgift, Gymnasium Gymnasium Samtala om dikten 1 Samtala om vilka ord som anger n\u00e4r p\u00e5 \u00e5ret denna dans \u00e4ger rum. 2 P\u00e5 fj\u00e4rde raden st\u00e5r det att dansen \u00e4r vals, men de sista [&hellip;]<\/p>\n","protected":false},"author":5,"featured_media":0,"parent":0,"menu_order":0,"comment_status":"closed","ping_status":"closed","template":"","meta":{"ocean_post_layout":"full-screen","ocean_both_sidebars_style":"","ocean_both_sidebars_content_width":0,"ocean_both_sidebars_sidebars_width":0,"ocean_sidebar":"0","ocean_second_sidebar":"0","ocean_disable_margins":"enable","ocean_add_body_class":"","ocean_shortcode_before_top_bar":"","ocean_shortcode_after_top_bar":"","ocean_shortcode_before_header":"","ocean_shortcode_after_header":"","ocean_has_shortcode":"","ocean_shortcode_after_title":"","ocean_shortcode_before_footer_widgets":"","ocean_shortcode_after_footer_widgets":"","ocean_shortcode_before_footer_bottom":"","ocean_shortcode_after_footer_bottom":"","ocean_display_top_bar":"default","ocean_display_header":"default","ocean_header_style":"","ocean_center_header_left_menu":"0","ocean_custom_header_template":"0","ocean_custom_logo":0,"ocean_custom_retina_logo":0,"ocean_custom_logo_max_width":0,"ocean_custom_logo_tablet_max_width":0,"ocean_custom_logo_mobile_max_width":0,"ocean_custom_logo_max_height":0,"ocean_custom_logo_tablet_max_height":0,"ocean_custom_logo_mobile_max_height":0,"ocean_header_custom_menu":"0","ocean_menu_typo_font_family":"0","ocean_menu_typo_font_subset":"","ocean_menu_typo_font_size":0,"ocean_menu_typo_font_size_tablet":0,"ocean_menu_typo_font_size_mobile":0,"ocean_menu_typo_font_size_unit":"px","ocean_menu_typo_font_weight":"","ocean_menu_typo_font_weight_tablet":"","ocean_menu_typo_font_weight_mobile":"","ocean_menu_typo_transform":"","ocean_menu_typo_transform_tablet":"","ocean_menu_typo_transform_mobile":"","ocean_menu_typo_line_height":0,"ocean_menu_typo_line_height_tablet":0,"ocean_menu_typo_line_height_mobile":0,"ocean_menu_typo_line_height_unit":"","ocean_menu_typo_spacing":0,"ocean_menu_typo_spacing_tablet":0,"ocean_menu_typo_spacing_mobile":0,"ocean_menu_typo_spacing_unit":"","ocean_menu_link_color":"","ocean_menu_link_color_hover":"","ocean_menu_link_color_active":"","ocean_menu_link_background":"","ocean_menu_link_hover_background":"","ocean_menu_link_active_background":"","ocean_menu_social_links_bg":"","ocean_menu_social_hover_links_bg":"","ocean_menu_social_links_color":"","ocean_menu_social_hover_links_color":"","ocean_disable_title":"on","ocean_disable_heading":"default","ocean_post_title":"","ocean_post_subheading":"","ocean_post_title_style":"","ocean_post_title_background_color":"","ocean_post_title_background":0,"ocean_post_title_bg_image_position":"","ocean_post_title_bg_image_attachment":"","ocean_post_title_bg_image_repeat":"","ocean_post_title_bg_image_size":"","ocean_post_title_height":0,"ocean_post_title_bg_overlay":0.5,"ocean_post_title_bg_overlay_color":"","ocean_disable_breadcrumbs":"default","ocean_breadcrumbs_color":"","ocean_breadcrumbs_separator_color":"","ocean_breadcrumbs_links_color":"","ocean_breadcrumbs_links_hover_color":"","ocean_display_footer_widgets":"default","ocean_display_footer_bottom":"default","ocean_custom_footer_template":"0","footnotes":""},"class_list":["post-9263","page","type-page","status-publish","hentry","entry"],"_links":{"self":[{"href":"https:\/\/litteraturbanken.se\/skolan\/wp-json\/wp\/v2\/pages\/9263","targetHints":{"allow":["GET"]}}],"collection":[{"href":"https:\/\/litteraturbanken.se\/skolan\/wp-json\/wp\/v2\/pages"}],"about":[{"href":"https:\/\/litteraturbanken.se\/skolan\/wp-json\/wp\/v2\/types\/page"}],"author":[{"embeddable":true,"href":"https:\/\/litteraturbanken.se\/skolan\/wp-json\/wp\/v2\/users\/5"}],"replies":[{"embeddable":true,"href":"https:\/\/litteraturbanken.se\/skolan\/wp-json\/wp\/v2\/comments?post=9263"}],"version-history":[{"count":20,"href":"https:\/\/litteraturbanken.se\/skolan\/wp-json\/wp\/v2\/pages\/9263\/revisions"}],"predecessor-version":[{"id":20005,"href":"https:\/\/litteraturbanken.se\/skolan\/wp-json\/wp\/v2\/pages\/9263\/revisions\/20005"}],"wp:attachment":[{"href":"https:\/\/litteraturbanken.se\/skolan\/wp-json\/wp\/v2\/media?parent=9263"}],"curies":[{"name":"wp","href":"https:\/\/api.w.org\/{rel}","templated":true}]}}