{"id":9478,"date":"2018-12-15T13:56:43","date_gmt":"2018-12-15T12:56:43","guid":{"rendered":"https:\/\/litteraturbanken.se\/skoladev\/?page_id=9478"},"modified":"2020-03-09T12:01:21","modified_gmt":"2020-03-09T11:01:21","slug":"poesi-forfattare-erik-johan-stagnelius-om","status":"publish","type":"page","link":"https:\/\/litteraturbanken.se\/skolan\/poesi-forfattare-erik-johan-stagnelius-om\/","title":{"rendered":"Poesi\/F\u00f6rfattare\/Erik Johan Stagnelius\/Mer om"},"content":{"rendered":"\t\t<div data-elementor-type=\"wp-post\" data-elementor-id=\"9478\" class=\"elementor elementor-9478\">\n\t\t\t\t\t\t<section class=\"elementor-section elementor-top-section elementor-element elementor-element-96ebf93 elementor-section-full_width elementor-section-height-default elementor-section-height-default\" data-id=\"96ebf93\" data-element_type=\"section\" data-e-type=\"section\" data-settings=\"{&quot;background_background&quot;:&quot;classic&quot;}\">\n\t\t\t\t\t\t<div class=\"elementor-container elementor-column-gap-default\">\n\t\t\t\t\t<div class=\"elementor-column elementor-col-25 elementor-top-column elementor-element elementor-element-4903191\" data-id=\"4903191\" data-element_type=\"column\" data-e-type=\"column\">\n\t\t\t<div class=\"elementor-widget-wrap\">\n\t\t\t\t\t\t\t<\/div>\n\t\t<\/div>\n\t\t\t\t<div class=\"elementor-column elementor-col-25 elementor-top-column elementor-element elementor-element-96ce77c\" data-id=\"96ce77c\" data-element_type=\"column\" data-e-type=\"column\" data-settings=\"{&quot;background_background&quot;:&quot;classic&quot;}\">\n\t\t\t<div class=\"elementor-widget-wrap elementor-element-populated\">\n\t\t\t\t\t\t<div class=\"elementor-element elementor-element-3cfb581 elementor-widget elementor-widget-spacer\" data-id=\"3cfb581\" data-element_type=\"widget\" data-e-type=\"widget\" data-widget_type=\"spacer.default\">\n\t\t\t\t<div class=\"elementor-widget-container\">\n\t\t\t\t\t\t\t<div class=\"elementor-spacer\">\n\t\t\t<div class=\"elementor-spacer-inner\"><\/div>\n\t\t<\/div>\n\t\t\t\t\t\t<\/div>\n\t\t\t\t<\/div>\n\t\t\t\t<div class=\"elementor-element elementor-element-3d771ac elementor-widget elementor-widget-text-editor\" data-id=\"3d771ac\" data-element_type=\"widget\" data-e-type=\"widget\" data-widget_type=\"text-editor.default\">\n\t\t\t\t<div class=\"elementor-widget-container\">\n\t\t\t\t\t\t\t\t\t<h1 class=\"title\">Erik Johan Stagnelius<\/h1>\t\t\t\t\t\t\t\t<\/div>\n\t\t\t\t<\/div>\n\t\t\t\t<div class=\"elementor-element elementor-element-7238222 elementor-widget elementor-widget-text-editor\" data-id=\"7238222\" data-element_type=\"widget\" data-e-type=\"widget\" data-widget_type=\"text-editor.default\">\n\t\t\t\t<div class=\"elementor-widget-container\">\n\t\t\t\t\t\t\t\t\t<div class=\"ng-binding\"><div class=\"ng-binding\"><div class=\"ng-binding\"><div class=\"ng-binding\"><div class=\"ng-binding\"><div class=\"ng-binding\"><p><em>ERIK JOHAN STAGNELIUS (1793\u20131823) \u00e4r en av den svenska litteraturens stora spr\u00e5kmagiker. I sin samtid stod han utanf\u00f6r den litter\u00e4ra debatten och dess kotterier, den gamla och nya skolan. Av efterv\u00e4rlden kom han d\u00e4remot att uppfattas som en utpr\u00e4glat romantisk f\u00f6rfattare. Hans dikt k\u00e4nnetecknas av ett intensivt uttryck och formell briljans, och han \u00e4r ocks\u00e5 den av det tidiga 1800-talets svenska f\u00f6rfattare som kanske b\u00e4st har f\u00f6rm\u00e5tt locka en sentida publik. <\/em><\/p><p><em>Stagnelius f\u00f6rfattarskap sp\u00e4nner \u00f6ver m\u00e5nga genrer: fr\u00e5n epos som hexameterdikten\u00a0Wladimir den store, \u00f6ver dramer som\u00a0Albert och Julia\u00a0och\u00a0Bacchanterna, till filosofiska prosautkast och lyrik, som dikterna\u00a0\u201dEndymion\u201d,\u00a0\u201dN\u00e4cken\u201d,\u201dTill F\u00f6rruttnelsen\u201d,\u00a0\u201dV\u00e4n! i f\u00f6r\u00f6delsens stund\u201d\u00a0och\u00a0\u201dSuckarnes myst\u00e8r\u201d. <\/em><\/p><p>Idag \u00e4r Stagnelius mest uppskattad f\u00f6r sina lyriska dikter, vars gnostiska spekulation och k\u00e4rleksmystik har f\u00e5ngat intresset hos generationer av l\u00e4sare. S\u00e4rskilt kan man framh\u00e5lla den gnostiskt pr\u00e4glade samlingen\u00a0<i>Liljor i Saron<\/i>, som ocks\u00e5 inkluderar dramat\u00a0<i>Martyrerna<\/i>.<\/p><p>Stagnelius f\u00f6ddes i G\u00e4rdsl\u00f6sa p\u00e5 \u00d6land. Han v\u00e4xte upp i Kalmar, d\u00e4r fadern blev biskop, och studerade i Lund och Uppsala. Hans liv blev kort; blott 29 \u00e5r gammal avled han i Stockholm. Under sin livstid publicerade Stagnelius bara ett f\u00e5tal arbeten, och hans genombrott kom i st\u00e4llet postumt med den utg\u00e5va av hans samlade verk som gavs ut av\u00a0Lorenzo Hammarsk\u00f6ld\u00a01824\u20131826. Merparten av de efterl\u00e4mnade handskrifterna donerades sedan till Stiftsbiblioteket i Kalmar. En vetenskaplig utg\u00e5va av Stagnelius skrifter utgavs av Fredrik B\u00f6\u00f6k 1911\u20131919.<\/p><\/div><div class=\"introauthor\"><em class=\"ng-binding\">Paula Henrikson<\/em><\/div><\/div><\/div><\/div><\/div><\/div>\t\t\t\t\t\t\t\t<\/div>\n\t\t\t\t<\/div>\n\t\t\t\t\t<\/div>\n\t\t<\/div>\n\t\t\t\t<div class=\"elementor-column elementor-col-25 elementor-top-column elementor-element elementor-element-2b3391d\" data-id=\"2b3391d\" data-element_type=\"column\" data-e-type=\"column\">\n\t\t\t<div class=\"elementor-widget-wrap elementor-element-populated\">\n\t\t\t\t\t\t<div class=\"elementor-element elementor-element-8fe81ab elementor-widget elementor-widget-spacer\" data-id=\"8fe81ab\" data-element_type=\"widget\" data-e-type=\"widget\" data-widget_type=\"spacer.default\">\n\t\t\t\t<div class=\"elementor-widget-container\">\n\t\t\t\t\t\t\t<div class=\"elementor-spacer\">\n\t\t\t<div class=\"elementor-spacer-inner\"><\/div>\n\t\t<\/div>\n\t\t\t\t\t\t<\/div>\n\t\t\t\t<\/div>\n\t\t\t\t<div class=\"elementor-element elementor-element-b5ebc62 elementor-widget elementor-widget-image\" data-id=\"b5ebc62\" data-element_type=\"widget\" data-e-type=\"widget\" data-widget_type=\"image.default\">\n\t\t\t\t<div class=\"elementor-widget-container\">\n\t\t\t\t\t\t\t\t\t\t\t\t\t\t\t<img fetchpriority=\"high\" decoding=\"async\" width=\"300\" height=\"300\" src=\"https:\/\/litteraturbanken.se\/skolan\/wp-content\/uploads\/2019\/03\/lb_skolan_2019_knapp_f\u00f6rfattarbild_portr\u00e4ttl\u00f6s_bl\u00e5-e1553013524550.jpg\" class=\"attachment-full size-full wp-image-13741\" alt=\"\" \/>\t\t\t\t\t\t\t\t\t\t\t\t\t\t\t<\/div>\n\t\t\t\t<\/div>\n\t\t\t\t<div class=\"elementor-element elementor-element-38706e8 elementor-widget elementor-widget-spacer\" data-id=\"38706e8\" data-element_type=\"widget\" data-e-type=\"widget\" data-widget_type=\"spacer.default\">\n\t\t\t\t<div class=\"elementor-widget-container\">\n\t\t\t\t\t\t\t<div class=\"elementor-spacer\">\n\t\t\t<div class=\"elementor-spacer-inner\"><\/div>\n\t\t<\/div>\n\t\t\t\t\t\t<\/div>\n\t\t\t\t<\/div>\n\t\t\t\t\t<\/div>\n\t\t<\/div>\n\t\t\t\t<div class=\"elementor-column elementor-col-25 elementor-top-column elementor-element elementor-element-626ac3d\" data-id=\"626ac3d\" data-element_type=\"column\" data-e-type=\"column\">\n\t\t\t<div class=\"elementor-widget-wrap elementor-element-populated\">\n\t\t\t\t\t\t<div class=\"elementor-element elementor-element-f8a07e9 elementor-widget elementor-widget-spacer\" data-id=\"f8a07e9\" data-element_type=\"widget\" data-e-type=\"widget\" data-widget_type=\"spacer.default\">\n\t\t\t\t<div class=\"elementor-widget-container\">\n\t\t\t\t\t\t\t<div class=\"elementor-spacer\">\n\t\t\t<div class=\"elementor-spacer-inner\"><\/div>\n\t\t<\/div>\n\t\t\t\t\t\t<\/div>\n\t\t\t\t<\/div>\n\t\t\t\t<div class=\"elementor-element elementor-element-72bcde3 elementor-widget elementor-widget-spacer\" data-id=\"72bcde3\" data-element_type=\"widget\" data-e-type=\"widget\" data-widget_type=\"spacer.default\">\n\t\t\t\t<div class=\"elementor-widget-container\">\n\t\t\t\t\t\t\t<div class=\"elementor-spacer\">\n\t\t\t<div class=\"elementor-spacer-inner\"><\/div>\n\t\t<\/div>\n\t\t\t\t\t\t<\/div>\n\t\t\t\t<\/div>\n\t\t\t\t\t<\/div>\n\t\t<\/div>\n\t\t\t\t\t<\/div>\n\t\t<\/section>\n\t\t\t\t<\/div>\n\t\t","protected":false},"excerpt":{"rendered":"<p>Erik Johan Stagnelius ERIK JOHAN STAGNELIUS (1793\u20131823) \u00e4r en av den svenska litteraturens stora spr\u00e5kmagiker. I sin samtid stod han utanf\u00f6r den litter\u00e4ra debatten och dess kotterier, den gamla och nya skolan. Av efterv\u00e4rlden kom han d\u00e4remot att uppfattas som en utpr\u00e4glat romantisk f\u00f6rfattare. Hans dikt k\u00e4nnetecknas av ett intensivt uttryck och formell briljans, och [&hellip;]<\/p>\n","protected":false},"author":5,"featured_media":0,"parent":0,"menu_order":0,"comment_status":"closed","ping_status":"closed","template":"","meta":{"ocean_post_layout":"full-screen","ocean_both_sidebars_style":"","ocean_both_sidebars_content_width":0,"ocean_both_sidebars_sidebars_width":0,"ocean_sidebar":"0","ocean_second_sidebar":"0","ocean_disable_margins":"enable","ocean_add_body_class":"","ocean_shortcode_before_top_bar":"","ocean_shortcode_after_top_bar":"","ocean_shortcode_before_header":"","ocean_shortcode_after_header":"","ocean_has_shortcode":"","ocean_shortcode_after_title":"","ocean_shortcode_before_footer_widgets":"","ocean_shortcode_after_footer_widgets":"","ocean_shortcode_before_footer_bottom":"","ocean_shortcode_after_footer_bottom":"","ocean_display_top_bar":"default","ocean_display_header":"default","ocean_header_style":"","ocean_center_header_left_menu":"0","ocean_custom_header_template":"0","ocean_custom_logo":0,"ocean_custom_retina_logo":0,"ocean_custom_logo_max_width":0,"ocean_custom_logo_tablet_max_width":0,"ocean_custom_logo_mobile_max_width":0,"ocean_custom_logo_max_height":0,"ocean_custom_logo_tablet_max_height":0,"ocean_custom_logo_mobile_max_height":0,"ocean_header_custom_menu":"0","ocean_menu_typo_font_family":"0","ocean_menu_typo_font_subset":"","ocean_menu_typo_font_size":0,"ocean_menu_typo_font_size_tablet":0,"ocean_menu_typo_font_size_mobile":0,"ocean_menu_typo_font_size_unit":"px","ocean_menu_typo_font_weight":"","ocean_menu_typo_font_weight_tablet":"","ocean_menu_typo_font_weight_mobile":"","ocean_menu_typo_transform":"","ocean_menu_typo_transform_tablet":"","ocean_menu_typo_transform_mobile":"","ocean_menu_typo_line_height":0,"ocean_menu_typo_line_height_tablet":0,"ocean_menu_typo_line_height_mobile":0,"ocean_menu_typo_line_height_unit":"","ocean_menu_typo_spacing":0,"ocean_menu_typo_spacing_tablet":0,"ocean_menu_typo_spacing_mobile":0,"ocean_menu_typo_spacing_unit":"","ocean_menu_link_color":"","ocean_menu_link_color_hover":"","ocean_menu_link_color_active":"","ocean_menu_link_background":"","ocean_menu_link_hover_background":"","ocean_menu_link_active_background":"","ocean_menu_social_links_bg":"","ocean_menu_social_hover_links_bg":"","ocean_menu_social_links_color":"","ocean_menu_social_hover_links_color":"","ocean_disable_title":"on","ocean_disable_heading":"default","ocean_post_title":"","ocean_post_subheading":"","ocean_post_title_style":"","ocean_post_title_background_color":"","ocean_post_title_background":0,"ocean_post_title_bg_image_position":"","ocean_post_title_bg_image_attachment":"","ocean_post_title_bg_image_repeat":"","ocean_post_title_bg_image_size":"","ocean_post_title_height":0,"ocean_post_title_bg_overlay":0.5,"ocean_post_title_bg_overlay_color":"","ocean_disable_breadcrumbs":"default","ocean_breadcrumbs_color":"","ocean_breadcrumbs_separator_color":"","ocean_breadcrumbs_links_color":"","ocean_breadcrumbs_links_hover_color":"","ocean_display_footer_widgets":"default","ocean_display_footer_bottom":"default","ocean_custom_footer_template":"0","footnotes":""},"class_list":["post-9478","page","type-page","status-publish","hentry","entry"],"_links":{"self":[{"href":"https:\/\/litteraturbanken.se\/skolan\/wp-json\/wp\/v2\/pages\/9478","targetHints":{"allow":["GET"]}}],"collection":[{"href":"https:\/\/litteraturbanken.se\/skolan\/wp-json\/wp\/v2\/pages"}],"about":[{"href":"https:\/\/litteraturbanken.se\/skolan\/wp-json\/wp\/v2\/types\/page"}],"author":[{"embeddable":true,"href":"https:\/\/litteraturbanken.se\/skolan\/wp-json\/wp\/v2\/users\/5"}],"replies":[{"embeddable":true,"href":"https:\/\/litteraturbanken.se\/skolan\/wp-json\/wp\/v2\/comments?post=9478"}],"version-history":[{"count":6,"href":"https:\/\/litteraturbanken.se\/skolan\/wp-json\/wp\/v2\/pages\/9478\/revisions"}],"predecessor-version":[{"id":20505,"href":"https:\/\/litteraturbanken.se\/skolan\/wp-json\/wp\/v2\/pages\/9478\/revisions\/20505"}],"wp:attachment":[{"href":"https:\/\/litteraturbanken.se\/skolan\/wp-json\/wp\/v2\/media?parent=9478"}],"curies":[{"name":"wp","href":"https:\/\/api.w.org\/{rel}","templated":true}]}}