{"id":9738,"date":"2018-12-15T20:20:23","date_gmt":"2018-12-15T19:20:23","guid":{"rendered":"https:\/\/litteraturbanken.se\/skoladev\/?page_id=9738"},"modified":"2020-03-05T11:33:29","modified_gmt":"2020-03-05T10:33:29","slug":"poesi-forfattare-bengt-lidner-om","status":"publish","type":"page","link":"https:\/\/litteraturbanken.se\/skolan\/poesi-forfattare-bengt-lidner-om\/","title":{"rendered":"Poesi\/F\u00f6rfattare\/Bengt Lidner\/Mer om"},"content":{"rendered":"\t\t<div data-elementor-type=\"wp-page\" data-elementor-id=\"9738\" class=\"elementor elementor-9738\">\n\t\t\t\t\t\t<section class=\"elementor-section elementor-top-section elementor-element elementor-element-976a4d4 elementor-section-full_width elementor-section-height-default elementor-section-height-default\" data-id=\"976a4d4\" data-element_type=\"section\" data-e-type=\"section\" data-settings=\"{&quot;background_background&quot;:&quot;classic&quot;}\">\n\t\t\t\t\t\t<div class=\"elementor-container elementor-column-gap-default\">\n\t\t\t\t\t<div class=\"elementor-column elementor-col-25 elementor-top-column elementor-element elementor-element-cd8e5d8\" data-id=\"cd8e5d8\" data-element_type=\"column\" data-e-type=\"column\">\n\t\t\t<div class=\"elementor-widget-wrap\">\n\t\t\t\t\t\t\t<\/div>\n\t\t<\/div>\n\t\t\t\t<div class=\"elementor-column elementor-col-25 elementor-top-column elementor-element elementor-element-75e39f7\" data-id=\"75e39f7\" data-element_type=\"column\" data-e-type=\"column\" data-settings=\"{&quot;background_background&quot;:&quot;classic&quot;}\">\n\t\t\t<div class=\"elementor-widget-wrap elementor-element-populated\">\n\t\t\t\t\t\t<div class=\"elementor-element elementor-element-96bada2 elementor-widget elementor-widget-spacer\" data-id=\"96bada2\" data-element_type=\"widget\" data-e-type=\"widget\" data-widget_type=\"spacer.default\">\n\t\t\t\t<div class=\"elementor-widget-container\">\n\t\t\t\t\t\t\t<div class=\"elementor-spacer\">\n\t\t\t<div class=\"elementor-spacer-inner\"><\/div>\n\t\t<\/div>\n\t\t\t\t\t\t<\/div>\n\t\t\t\t<\/div>\n\t\t\t\t<div class=\"elementor-element elementor-element-2d05575 elementor-widget elementor-widget-text-editor\" data-id=\"2d05575\" data-element_type=\"widget\" data-e-type=\"widget\" data-widget_type=\"text-editor.default\">\n\t\t\t\t<div class=\"elementor-widget-container\">\n\t\t\t\t\t\t\t\t\t<h1 class=\"elementor-heading-title elementor-size-default\">Bengt Lidner<\/h1>\t\t\t\t\t\t\t\t<\/div>\n\t\t\t\t<\/div>\n\t\t\t\t<div class=\"elementor-element elementor-element-c30401d elementor-widget elementor-widget-text-editor\" data-id=\"c30401d\" data-element_type=\"widget\" data-e-type=\"widget\" data-widget_type=\"text-editor.default\">\n\t\t\t\t<div class=\"elementor-widget-container\">\n\t\t\t\t\t\t\t\t\t<div class=\"ng-binding\"><div class=\"ng-binding\"><div class=\"ng-binding\"><div class=\"ng-binding\"><p><em>BENGT LIDNER (1757-1793) levde ett skiftesrikt liv, pr\u00e4glat av knappa omst\u00e4ndigheter. Sitt levebr\u00f6d s\u00f6kte han p\u00e5 de mest skilda v\u00e4gar; en tid som jungman ombord p\u00e5 ett av Ostindiska kompaniets skepp (varifr\u00e5n han rymde), en tid som sekreterare \u00e5t\u00a0Gustaf Philip Creutz, Sveriges d\u00e5varande ambassad\u00f6r i Paris (varifr\u00e5n Lidner 1782 fick avsked efter att de b\u00e5da r\u00e5kat i delo). <\/em><\/p><p><em>\u00c4ven Lidners litter\u00e4ra alster pr\u00e4glas av h\u00e4ftighet och kast mellan ljus och m\u00f6rker; trygg f\u00f6rtr\u00f6stan p\u00e5 Gud och hopp om f\u00f6rsoning v\u00e4xlar med stormande k\u00e4nslor och djupaste tragedi. I sin dramatik hade Lidner tagit starkt intryck av Shakespeares nattliga, skickelsedigra st\u00e4mningar, vilket blir inte minst tydligt i\u00a0Erik XIV\u00a0(skrivet under vistelsen i Paris), av\u00a0Levertin\u00a0kallat Sveriges \u201df\u00f6rsta historiska tragedi\u201d, och i\u00a0Medea\u00a0(1784), ett av v\u00e5ldsam lidelse f\u00f6rt\u00e4tat operalibretto i tre akter d\u00e4r Lidner, som han sj\u00e4lv p\u00e5pekar, bryter mot de klassiska reglerna f\u00f6r vad som f\u00e5r visas p\u00e5 scenen. <\/em><\/p><p>Pr\u00e4glat av starka lidelser \u00e4r ocks\u00e5 hans mest k\u00e4nda verk: dikten\u00a0<i>Grefvinnan Spastaras d\u00f6d<\/i>\u00a0(tv\u00e5 versioner, 1783 och 1786). Verkets dokument\u00e4ra bakgrund \u00e4r jordb\u00e4vningen i Messina och den unga markisinnan Spadar som omkom d\u00e5 hon s\u00f6kte r\u00e4dda sin son ur ett sammanst\u00f6rtande hus. Dikten kastar sig mellan Messinas vackra v\u00e5rlandskap och den pl\u00f6tsliga katastrofen som med tord\u00f6n och eldt\u00f6cken omv\u00e4lver allt. Bland Lidners st\u00f6rre arbeten skall ocks\u00e5 n\u00e4mnas\u00a0<i>\u00c5ret MDCCLXXXIII<\/i>\u00a0(1784) i vilket han skildrar dagsaktuella h\u00e4ndelser, som det amerikanska frihetskriget och fransm\u00e4nnens stormning av Gibraltar, i kul\u00f6rer som handlade det om de yttersta av tider.<\/p><p>Lidner var ocks\u00e5 en religi\u00f6s diktare av m\u00e5tt; hans\u00a0<i>Yttersta Domen<\/i>\u00a0(1788), inspirerad av Dantes vandring och Miltons f\u00f6rlorade paradis, tecknar, i s\u00e5v\u00e4l hoppfulla som f\u00f6rtvivlade ordalag, m\u00e4nsklighetens hela v\u00e4g fr\u00e5n lustg\u00e5rd och syndafall till slutlig samling kring Guds tron.<\/p><p>I ett av hans sista arbeten,\u00a0<i>S\u00e5nger i Betlehem<\/i>\u00a0(1791), \u00e4r det f\u00f6rl\u00e5telsen och reningen genom Kristi blod som besjungs med st\u00f6rsta k\u00e4nslosamhet. M\u00e4ttat av k\u00e4nslor, om \u00e4n mer eldat av Sturm und Drang och med drag av Edward Youngs poesi, \u00e4r ocks\u00e5 eposet\u00a0<i>De galne<\/i>\u00a0(1792) vars scenografi \u00e4r kyrkog\u00e5rden och d\u00e5rhuset. Lidners verk \u00e4r genomg\u00e5ende en k\u00e4nslornas vida ekokammare, d\u00e4r v\u00e4ldighetens sublimitet, s\u00e5v\u00e4l i m\u00e4nniskans sj\u00e4l som i naturens krafter, ofta syns vara drivmedlet f\u00f6r poetens penna. Med sin stils\u00e4kra inlevelse i k\u00e4nslans alla skiftningar, och sin effektfulla utlevelse i skildringar av alla dess yttringar, blev Lidner en f\u00f6r sin tid s\u00e4regen gestalt och en f\u00f6reg\u00e5ngare f\u00f6r de svenska romantikerna.<\/p><\/div><div class=\"introauthor\"><em class=\"ng-binding\">Lotta Lotass<\/em><\/div><div class=\"source ng-scope\"><p><span class=\"source_header sc ng-scope\" style=\"box-sizing: border-box; font-family: 'Requiem Text SC A', 'Requiem Text SC B'; text-transform: lowercase !important; margin-top: 1.5em; margin-bottom: 0.5em; vertical-align: top; display: inline-block;\">k\u00e4llor<\/span><\/p><ul><li class=\"ng-scope\"><div class=\"source_content ng-binding\"><i>Svenskt biografiskt lexikon<\/i><\/div><\/li><li class=\"ng-scope\"><div class=\"source_content ng-binding\"><i>Den svenska litteraturen. II: Upplysning och romantik 1718-1830<\/i>, red. Lars L\u00f6nnroth &amp; Sven Delblanc<\/div><\/li><\/ul><\/div><\/div><\/div><\/div>\t\t\t\t\t\t\t\t<\/div>\n\t\t\t\t<\/div>\n\t\t\t\t\t<\/div>\n\t\t<\/div>\n\t\t\t\t<div class=\"elementor-column elementor-col-25 elementor-top-column elementor-element elementor-element-c28f30b\" data-id=\"c28f30b\" data-element_type=\"column\" data-e-type=\"column\">\n\t\t\t<div class=\"elementor-widget-wrap elementor-element-populated\">\n\t\t\t\t\t\t<div class=\"elementor-element elementor-element-6e753d3 elementor-widget elementor-widget-spacer\" data-id=\"6e753d3\" data-element_type=\"widget\" data-e-type=\"widget\" data-widget_type=\"spacer.default\">\n\t\t\t\t<div class=\"elementor-widget-container\">\n\t\t\t\t\t\t\t<div class=\"elementor-spacer\">\n\t\t\t<div class=\"elementor-spacer-inner\"><\/div>\n\t\t<\/div>\n\t\t\t\t\t\t<\/div>\n\t\t\t\t<\/div>\n\t\t\t\t<div class=\"elementor-element elementor-element-a0ec047 elementor-widget elementor-widget-spacer\" data-id=\"a0ec047\" data-element_type=\"widget\" data-e-type=\"widget\" data-widget_type=\"spacer.default\">\n\t\t\t\t<div class=\"elementor-widget-container\">\n\t\t\t\t\t\t\t<div class=\"elementor-spacer\">\n\t\t\t<div class=\"elementor-spacer-inner\"><\/div>\n\t\t<\/div>\n\t\t\t\t\t\t<\/div>\n\t\t\t\t<\/div>\n\t\t\t\t\t<\/div>\n\t\t<\/div>\n\t\t\t\t<div class=\"elementor-column elementor-col-25 elementor-top-column elementor-element elementor-element-7f840c9\" data-id=\"7f840c9\" data-element_type=\"column\" data-e-type=\"column\">\n\t\t\t<div class=\"elementor-widget-wrap elementor-element-populated\">\n\t\t\t\t\t\t<div class=\"elementor-element elementor-element-5c50d30 elementor-widget elementor-widget-spacer\" data-id=\"5c50d30\" data-element_type=\"widget\" data-e-type=\"widget\" data-widget_type=\"spacer.default\">\n\t\t\t\t<div class=\"elementor-widget-container\">\n\t\t\t\t\t\t\t<div class=\"elementor-spacer\">\n\t\t\t<div class=\"elementor-spacer-inner\"><\/div>\n\t\t<\/div>\n\t\t\t\t\t\t<\/div>\n\t\t\t\t<\/div>\n\t\t\t\t<div class=\"elementor-element elementor-element-cdbcf0b elementor-widget elementor-widget-spacer\" data-id=\"cdbcf0b\" data-element_type=\"widget\" data-e-type=\"widget\" data-widget_type=\"spacer.default\">\n\t\t\t\t<div class=\"elementor-widget-container\">\n\t\t\t\t\t\t\t<div class=\"elementor-spacer\">\n\t\t\t<div class=\"elementor-spacer-inner\"><\/div>\n\t\t<\/div>\n\t\t\t\t\t\t<\/div>\n\t\t\t\t<\/div>\n\t\t\t\t\t<\/div>\n\t\t<\/div>\n\t\t\t\t\t<\/div>\n\t\t<\/section>\n\t\t\t\t<\/div>\n\t\t","protected":false},"excerpt":{"rendered":"<p>Bengt Lidner BENGT LIDNER (1757-1793) levde ett skiftesrikt liv, pr\u00e4glat av knappa omst\u00e4ndigheter. Sitt levebr\u00f6d s\u00f6kte han p\u00e5 de mest skilda v\u00e4gar; en tid som jungman ombord p\u00e5 ett av Ostindiska kompaniets skepp (varifr\u00e5n han rymde), en tid som sekreterare \u00e5t\u00a0Gustaf Philip Creutz, Sveriges d\u00e5varande ambassad\u00f6r i Paris (varifr\u00e5n Lidner 1782 fick avsked efter att [&hellip;]<\/p>\n","protected":false},"author":5,"featured_media":0,"parent":0,"menu_order":0,"comment_status":"closed","ping_status":"closed","template":"","meta":{"ocean_post_layout":"full-screen","ocean_both_sidebars_style":"","ocean_both_sidebars_content_width":0,"ocean_both_sidebars_sidebars_width":0,"ocean_sidebar":"0","ocean_second_sidebar":"0","ocean_disable_margins":"enable","ocean_add_body_class":"","ocean_shortcode_before_top_bar":"","ocean_shortcode_after_top_bar":"","ocean_shortcode_before_header":"","ocean_shortcode_after_header":"","ocean_has_shortcode":"","ocean_shortcode_after_title":"","ocean_shortcode_before_footer_widgets":"","ocean_shortcode_after_footer_widgets":"","ocean_shortcode_before_footer_bottom":"","ocean_shortcode_after_footer_bottom":"","ocean_display_top_bar":"default","ocean_display_header":"default","ocean_header_style":"","ocean_center_header_left_menu":"0","ocean_custom_header_template":"0","ocean_custom_logo":0,"ocean_custom_retina_logo":0,"ocean_custom_logo_max_width":0,"ocean_custom_logo_tablet_max_width":0,"ocean_custom_logo_mobile_max_width":0,"ocean_custom_logo_max_height":0,"ocean_custom_logo_tablet_max_height":0,"ocean_custom_logo_mobile_max_height":0,"ocean_header_custom_menu":"0","ocean_menu_typo_font_family":"0","ocean_menu_typo_font_subset":"","ocean_menu_typo_font_size":0,"ocean_menu_typo_font_size_tablet":0,"ocean_menu_typo_font_size_mobile":0,"ocean_menu_typo_font_size_unit":"px","ocean_menu_typo_font_weight":"","ocean_menu_typo_font_weight_tablet":"","ocean_menu_typo_font_weight_mobile":"","ocean_menu_typo_transform":"","ocean_menu_typo_transform_tablet":"","ocean_menu_typo_transform_mobile":"","ocean_menu_typo_line_height":0,"ocean_menu_typo_line_height_tablet":0,"ocean_menu_typo_line_height_mobile":0,"ocean_menu_typo_line_height_unit":"","ocean_menu_typo_spacing":0,"ocean_menu_typo_spacing_tablet":0,"ocean_menu_typo_spacing_mobile":0,"ocean_menu_typo_spacing_unit":"","ocean_menu_link_color":"","ocean_menu_link_color_hover":"","ocean_menu_link_color_active":"","ocean_menu_link_background":"","ocean_menu_link_hover_background":"","ocean_menu_link_active_background":"","ocean_menu_social_links_bg":"","ocean_menu_social_hover_links_bg":"","ocean_menu_social_links_color":"","ocean_menu_social_hover_links_color":"","ocean_disable_title":"on","ocean_disable_heading":"default","ocean_post_title":"","ocean_post_subheading":"","ocean_post_title_style":"","ocean_post_title_background_color":"","ocean_post_title_background":0,"ocean_post_title_bg_image_position":"","ocean_post_title_bg_image_attachment":"","ocean_post_title_bg_image_repeat":"","ocean_post_title_bg_image_size":"","ocean_post_title_height":0,"ocean_post_title_bg_overlay":0.5,"ocean_post_title_bg_overlay_color":"","ocean_disable_breadcrumbs":"default","ocean_breadcrumbs_color":"","ocean_breadcrumbs_separator_color":"","ocean_breadcrumbs_links_color":"","ocean_breadcrumbs_links_hover_color":"","ocean_display_footer_widgets":"default","ocean_display_footer_bottom":"default","ocean_custom_footer_template":"0","footnotes":""},"class_list":["post-9738","page","type-page","status-publish","hentry","entry"],"_links":{"self":[{"href":"https:\/\/litteraturbanken.se\/skolan\/wp-json\/wp\/v2\/pages\/9738","targetHints":{"allow":["GET"]}}],"collection":[{"href":"https:\/\/litteraturbanken.se\/skolan\/wp-json\/wp\/v2\/pages"}],"about":[{"href":"https:\/\/litteraturbanken.se\/skolan\/wp-json\/wp\/v2\/types\/page"}],"author":[{"embeddable":true,"href":"https:\/\/litteraturbanken.se\/skolan\/wp-json\/wp\/v2\/users\/5"}],"replies":[{"embeddable":true,"href":"https:\/\/litteraturbanken.se\/skolan\/wp-json\/wp\/v2\/comments?post=9738"}],"version-history":[{"count":5,"href":"https:\/\/litteraturbanken.se\/skolan\/wp-json\/wp\/v2\/pages\/9738\/revisions"}],"predecessor-version":[{"id":20479,"href":"https:\/\/litteraturbanken.se\/skolan\/wp-json\/wp\/v2\/pages\/9738\/revisions\/20479"}],"wp:attachment":[{"href":"https:\/\/litteraturbanken.se\/skolan\/wp-json\/wp\/v2\/media?parent=9738"}],"curies":[{"name":"wp","href":"https:\/\/api.w.org\/{rel}","templated":true}]}}