{"id":9743,"date":"2018-12-15T20:22:46","date_gmt":"2018-12-15T19:22:46","guid":{"rendered":"https:\/\/litteraturbanken.se\/skoladev\/?page_id=9743"},"modified":"2020-02-13T08:59:49","modified_gmt":"2020-02-13T07:59:49","slug":"poesi-forfattare-bengt-lidner-natt-violen","status":"publish","type":"page","link":"https:\/\/litteraturbanken.se\/skolan\/poesi-forfattare-bengt-lidner-natt-violen\/","title":{"rendered":"Poesi\/F\u00f6rfattare\/Bengt Lidner\/Natt-violen"},"content":{"rendered":"\t\t<div data-elementor-type=\"wp-post\" data-elementor-id=\"9743\" class=\"elementor elementor-9743\">\n\t\t\t\t\t\t<section class=\"elementor-section elementor-top-section elementor-element elementor-element-172e6b2 elementor-section-boxed elementor-section-height-default elementor-section-height-default\" data-id=\"172e6b2\" data-element_type=\"section\" data-e-type=\"section\">\n\t\t\t\t\t\t<div class=\"elementor-container elementor-column-gap-default\">\n\t\t\t\t\t<div class=\"elementor-column elementor-col-100 elementor-top-column elementor-element elementor-element-6f78959\" data-id=\"6f78959\" data-element_type=\"column\" data-e-type=\"column\">\n\t\t\t<div class=\"elementor-widget-wrap elementor-element-populated\">\n\t\t\t\t\t\t<div class=\"elementor-element elementor-element-190875b elementor-widget elementor-widget-spacer\" data-id=\"190875b\" data-element_type=\"widget\" data-e-type=\"widget\" data-widget_type=\"spacer.default\">\n\t\t\t\t<div class=\"elementor-widget-container\">\n\t\t\t\t\t\t\t<div class=\"elementor-spacer\">\n\t\t\t<div class=\"elementor-spacer-inner\"><\/div>\n\t\t<\/div>\n\t\t\t\t\t\t<\/div>\n\t\t\t\t<\/div>\n\t\t\t\t\t<\/div>\n\t\t<\/div>\n\t\t\t\t\t<\/div>\n\t\t<\/section>\n\t\t\t\t<section class=\"elementor-section elementor-inner-section elementor-element elementor-element-601a024 elementor-section-boxed elementor-section-height-default elementor-section-height-default\" data-id=\"601a024\" data-element_type=\"section\" data-e-type=\"section\">\n\t\t\t\t\t\t<div class=\"elementor-container elementor-column-gap-default\">\n\t\t\t\t\t<div class=\"elementor-column elementor-col-66 elementor-inner-column elementor-element elementor-element-fc11620\" data-id=\"fc11620\" data-element_type=\"column\" data-e-type=\"column\" data-settings=\"{&quot;background_background&quot;:&quot;classic&quot;}\">\n\t\t\t<div class=\"elementor-widget-wrap elementor-element-populated\">\n\t\t\t\t\t\t<div class=\"elementor-element elementor-element-0014d3d elementor-widget elementor-widget-heading\" data-id=\"0014d3d\" data-element_type=\"widget\" data-e-type=\"widget\" data-widget_type=\"heading.default\">\n\t\t\t\t<div class=\"elementor-widget-container\">\n\t\t\t\t\t<h2 class=\"elementor-heading-title elementor-size-default\">Natt-violen<\/h2>\t\t\t\t<\/div>\n\t\t\t\t<\/div>\n\t\t\t\t<div class=\"elementor-element elementor-element-61115d6 elementor-widget elementor-widget-text-editor\" data-id=\"61115d6\" data-element_type=\"widget\" data-e-type=\"widget\" data-widget_type=\"text-editor.default\">\n\t\t\t\t<div class=\"elementor-widget-container\">\n\t\t\t\t\t\t\t\t\t<p>Av <a href=\"https:\/\/litteraturbanken.se\/skolan\/?page_id=9732\"><em>Bengt Lidner<\/em><\/a><\/p>\t\t\t\t\t\t\t\t<\/div>\n\t\t\t\t<\/div>\n\t\t\t\t<div class=\"elementor-element elementor-element-efabe95 elementor-widget elementor-widget-text-editor\" data-id=\"efabe95\" data-element_type=\"widget\" data-e-type=\"widget\" data-widget_type=\"text-editor.default\">\n\t\t\t\t<div class=\"elementor-widget-container\">\n\t\t\t\t\t\t\t\t\t<p><strong>Ur:<\/strong>\u00a0<em>Samlade skrifter I\u00a0<\/em>(1932)<span style=\"font-size: 15px; letter-spacing: 0.6px;\">\u00a0<strong>\u00a0<\/strong><\/span><strong>\u00c5rskurs:\u00a0<\/strong><a href=\"https:\/\/litteraturbanken.se\/skolan\/?page_id=3472\">Gymnasium<\/a>\u00a0 \u00a0<strong>Tema:\u00a0<\/strong><a href=\"https:\/\/litteraturbanken.se\/skolan\/?page_id=1616\">Erotik<\/a>\u00a0 \u00a0<\/p>\t\t\t\t\t\t\t\t<\/div>\n\t\t\t\t<\/div>\n\t\t\t\t<div class=\"elementor-element elementor-element-fe9fa35 elementor-widget elementor-widget-text-editor\" data-id=\"fe9fa35\" data-element_type=\"widget\" data-e-type=\"widget\" data-widget_type=\"text-editor.default\">\n\t\t\t\t<div class=\"elementor-widget-container\">\n\t\t\t\t\t\t\t\t\t<p>F\u00f6rn\u00f6jd\u00a0gick\u00a0Iris\u00a0i\u00a0det\u00a0gr\u00f6na,<br \/>Att\u00a0d\u00e4r\u00a0naturens\u00a0under\u00a0se,<br \/>D\u00e5\u00a0allt\u00a0det\u00a0fina\u00a0och\u00a0det\u00a0sk\u00f6na<br \/>\u00c5t\u00a0Iris\u00a0tycktes\u00a0offer\u00a0ge.<br \/>F\u00f6r\u00a0hennes\u00a0fot\u00a0sig\u00a0blomman\u00a0b\u00f6jde,<br \/>Och\u00a0knoppen\u00a0med\u00a0sin\u00a0mognad\u00a0dr\u00f6jde,<br \/>Att,\u00a0till\u00a0de\u00a0andra\u00a0rosors\u00a0harm,<br \/>F\u00e5\u00a0spricka\u00a0ut\u00a0i\u00a0Iris\u00a0barm.<br \/>Sin\u00a0vita\u00a0hand\u00a0hon\u00a0varsamt\u00a0r\u00e4ckte<br \/>Och\u00a0rosor\u00a0tog\u00a0av\u00a0alla\u00a0slag:<br \/>Kring\u00a0hennes\u00a0hals\u00a0de\u00a0bladen\u00a0str\u00e4ckte<br \/>Och\u00a0fingo\u00a0d\u00e4r\u00a0ett\u00a0nytt\u00a0behag,<br \/>Som\u00a0hela\u00a0parkens\u00a0avund\u00a0v\u00e4ckte.<br \/><br \/>Hon\u00a0till\u00a0en\u00a0Natt-Viol\u00a0syns\u00a0ila,<br \/>Och\u00a0mislynt\u00a0talar\u00a0henne\u00a0till:<br \/>Tro\u00a0ej,\u00a0att\u00a0jag\u00a0dig\u00a0plocka\u00a0vill.<br \/>Den\u00a0dig\u00a0vill\u00a0njuta,\u00a0f\u00e5r\u00a0ej\u00a0vila.<br \/>Du\u00a0blott\u00a0i\u00a0m\u00f6rkret\u00a0nytta\u00a0g\u00f6r:<br \/>Och\u00a0n\u00e4r\u00a0som\u00a0solen\u00a0p\u00e5\u00a0dig\u00a0brinner,<br \/>Din\u00a0f\u00e4gring\u00a0nog\u00a0mitt\u00a0\u00f6ga\u00a0r\u00f6r;<br \/>Men\u00a0sj\u00e4len\u00a0ingen\u00a0k\u00e4nsla\u00a0finner.<br \/>Den\u00a0dj\u00e4rva\u00a0Blomman\u00a0svarar\u00a0fritt:<br \/>Jag\u00a0blott\u00a0f\u00f6r\u00a0natten\u00a0skapad\u00a0blivit;<br \/>Men\u00a0d\u00e5\u00a0mitt\u00a0v\u00e4send\u00a0du\u00a0beskrivit,<br \/>Beskrev\u00a0du\u00a0ej\u00a0tillika\u00a0ditt?<\/p>\t\t\t\t\t\t\t\t<\/div>\n\t\t\t\t<\/div>\n\t\t\t\t\t<\/div>\n\t\t<\/div>\n\t\t\t\t<div class=\"elementor-column elementor-col-33 elementor-inner-column elementor-element elementor-element-41a271a\" data-id=\"41a271a\" data-element_type=\"column\" data-e-type=\"column\">\n\t\t\t<div class=\"elementor-widget-wrap elementor-element-populated\">\n\t\t\t\t\t\t<div class=\"elementor-element elementor-element-15de8c1 elementor-widget elementor-widget-wp-widget-media_audio\" data-id=\"15de8c1\" data-element_type=\"widget\" data-e-type=\"widget\" data-widget_type=\"wp-widget-media_audio.default\">\n\t\t\t\t<div class=\"elementor-widget-container\">\n\t\t\t\t\t<h5>Agneta Pleijel l\u00e4ser \u201dNatt-Violen\u201d.<\/h5><audio class=\"wp-audio-shortcode\" id=\"audio-9743-1\" preload=\"none\" style=\"width: 100%;\" controls=\"controls\"><source type=\"audio\/mpeg\" src=\"https:\/\/litteraturbanken.se\/red\/ljud\/pleijel\/lidner_nattviolen_pleijel.mp3?_=1\" \/><source type=\"audio\/mpeg\" src=\"https:\/\/litteraturbanken.se\/red\/ljud\/pleijel\/lidner_nattviolen_pleijel.mp3?_=1\" \/><a href=\"https:\/\/litteraturbanken.se\/red\/ljud\/pleijel\/lidner_nattviolen_pleijel.mp3\">https:\/\/litteraturbanken.se\/red\/ljud\/pleijel\/lidner_nattviolen_pleijel.mp3<\/a><\/audio>\t\t\t\t<\/div>\n\t\t\t\t<\/div>\n\t\t\t\t<div class=\"elementor-element elementor-element-a5a92cb elementor-icon-list--layout-traditional elementor-list-item-link-full_width elementor-widget elementor-widget-icon-list\" data-id=\"a5a92cb\" data-element_type=\"widget\" data-e-type=\"widget\" data-widget_type=\"icon-list.default\">\n\t\t\t\t<div class=\"elementor-widget-container\">\n\t\t\t\t\t\t\t<ul class=\"elementor-icon-list-items\">\n\t\t\t\t\t\t\t<li class=\"elementor-icon-list-item\">\n\t\t\t\t\t\t\t\t\t\t\t<a href=\"https:\/\/litteraturbanken.se\/forfattare\/LidnerB\/titlar\/SamladeSkrifter1\/sida\/150\/faksimil\" target=\"_blank\">\n\n\t\t\t\t\t\t\t\t\t\t\t\t<span class=\"elementor-icon-list-icon\">\n\t\t\t\t\t\t\t\t\t\t\t\t\t\t\t\t<i class=\"fa fa-file-text-o\" aria-hidden=\"true\"><\/i>\n\t\t\t\t\t\t\t\t\t\t\t\t\t<\/span>\n\t\t\t\t\t\t\t\t\t\t<span class=\"elementor-icon-list-text\">L\u00e4s dikten p\u00e5 Litteraturbanken<\/span>\n\t\t\t\t\t\t\t\t\t\t\t<\/a>\n\t\t\t\t\t\t\t\t\t<\/li>\n\t\t\t\t\t\t\t\t<li class=\"elementor-icon-list-item\">\n\t\t\t\t\t\t\t\t\t\t\t<a href=\"https:\/\/litteraturbanken.se\/skolan\/?page_id=261\" target=\"_blank\">\n\n\t\t\t\t\t\t\t\t\t\t\t\t<span class=\"elementor-icon-list-icon\">\n\t\t\t\t\t\t\t\t\t\t\t\t\t\t\t\t<i class=\"fa fa-file-text-o\" aria-hidden=\"true\"><\/i>\n\t\t\t\t\t\t\t\t\t\t\t\t\t<\/span>\n\t\t\t\t\t\t\t\t\t\t<span class=\"elementor-icon-list-text\">Termer och begrepp<\/span>\n\t\t\t\t\t\t\t\t\t\t\t<\/a>\n\t\t\t\t\t\t\t\t\t<\/li>\n\t\t\t\t\t\t<\/ul>\n\t\t\t\t\t\t<\/div>\n\t\t\t\t<\/div>\n\t\t\t\t<div class=\"elementor-element elementor-element-7401042 elementor-align-center elementor-widget elementor-widget-button\" data-id=\"7401042\" data-element_type=\"widget\" data-e-type=\"widget\" data-widget_type=\"button.default\">\n\t\t\t\t<div class=\"elementor-widget-container\">\n\t\t\t\t\t\t\t\t\t<div class=\"elementor-button-wrapper\">\n\t\t\t\t\t<a class=\"elementor-button elementor-button-link elementor-size-md elementor-animation-grow\" href=\"#uppgiftF-3\">\n\t\t\t\t\t\t<span class=\"elementor-button-content-wrapper\">\n\t\t\t\t\t\t<span class=\"elementor-button-icon\">\n\t\t\t\t\t\t\t\t\t<i class=\"fa fa-pencil\" aria-hidden=\"true\"><\/i>\n\t\t\t\t\t\t\t<\/span>\n\t\t\t\t\t\t\t\t\t<span class=\"elementor-button-text\">Gymnasium<\/span>\n\t\t\t\t\t<\/span>\n\t\t\t\t\t<\/a>\n\t\t\t\t<\/div>\n\t\t\t\t\t\t\t\t<\/div>\n\t\t\t\t<\/div>\n\t\t\t\t<div class=\"elementor-element elementor-element-ead5007 elementor-icon-list--layout-traditional elementor-list-item-link-full_width elementor-widget elementor-widget-icon-list\" data-id=\"ead5007\" data-element_type=\"widget\" data-e-type=\"widget\" data-widget_type=\"icon-list.default\">\n\t\t\t\t<div class=\"elementor-widget-container\">\n\t\t\t\t\t\t\t<ul class=\"elementor-icon-list-items\">\n\t\t\t\t\t\t\t<li class=\"elementor-icon-list-item\">\n\t\t\t\t\t\t\t\t\t\t\t<span class=\"elementor-icon-list-icon\">\n\t\t\t\t\t\t\t\t\t\t\t\t\t\t\t\t<i class=\"fa fa-lightbulb-o\" aria-hidden=\"true\"><\/i>\n\t\t\t\t\t\t\t\t\t\t\t\t\t<\/span>\n\t\t\t\t\t\t\t\t\t\t<span class=\"elementor-icon-list-text\">Ordf\u00f6rst\u00e5else<\/span>\n\t\t\t\t\t\t\t\t\t<\/li>\n\t\t\t\t\t\t<\/ul>\n\t\t\t\t\t\t<\/div>\n\t\t\t\t<\/div>\n\t\t\t\t<div class=\"elementor-element elementor-element-8d29000 elementor-widget elementor-widget-text-editor\" data-id=\"8d29000\" data-element_type=\"widget\" data-e-type=\"widget\" data-widget_type=\"text-editor.default\">\n\t\t\t\t<div class=\"elementor-widget-container\">\n\t\t\t\t\t\t\t\t\t<p><strong>Nattviol\u00a0<\/strong>(\u00e4ven kallad nattyxne): En orkid\u00e9 som ans\u00e5gs sexuellt st\u00e4rkande.<\/p><p>\u00a0<\/p>\t\t\t\t\t\t\t\t<\/div>\n\t\t\t\t<\/div>\n\t\t\t\t<div class=\"elementor-element elementor-element-5d73082 elementor-widget elementor-widget-image\" data-id=\"5d73082\" data-element_type=\"widget\" data-e-type=\"widget\" data-widget_type=\"image.default\">\n\t\t\t\t<div class=\"elementor-widget-container\">\n\t\t\t\t\t\t\t\t\t\t\t\t\t\t\t<img fetchpriority=\"high\" decoding=\"async\" width=\"300\" height=\"300\" src=\"https:\/\/litteraturbanken.se\/skolan\/wp-content\/uploads\/2019\/03\/lb_skolan_2019_knapp_f\u00f6rfattarbild_thorild_lila-e1553013395791.jpg\" class=\"attachment-full size-full wp-image-13757\" alt=\"\" \/>\t\t\t\t\t\t\t\t\t\t\t\t\t\t\t<\/div>\n\t\t\t\t<\/div>\n\t\t\t\t\t<\/div>\n\t\t<\/div>\n\t\t\t\t\t<\/div>\n\t\t<\/section>\n\t\t\t\t<section class=\"elementor-section elementor-top-section elementor-element elementor-element-8d604d8 elementor-section-boxed elementor-section-height-default elementor-section-height-default\" data-id=\"8d604d8\" data-element_type=\"section\" data-e-type=\"section\">\n\t\t\t\t\t\t<div class=\"elementor-container elementor-column-gap-default\">\n\t\t\t\t\t<div class=\"elementor-column elementor-col-100 elementor-top-column elementor-element elementor-element-0e5d6dc\" data-id=\"0e5d6dc\" data-element_type=\"column\" data-e-type=\"column\">\n\t\t\t<div class=\"elementor-widget-wrap elementor-element-populated\">\n\t\t\t\t\t\t<div class=\"elementor-element elementor-element-1a30fd0 elementor-widget elementor-widget-spacer\" data-id=\"1a30fd0\" data-element_type=\"widget\" data-e-type=\"widget\" data-widget_type=\"spacer.default\">\n\t\t\t\t<div class=\"elementor-widget-container\">\n\t\t\t\t\t\t\t<div class=\"elementor-spacer\">\n\t\t\t<div class=\"elementor-spacer-inner\"><\/div>\n\t\t<\/div>\n\t\t\t\t\t\t<\/div>\n\t\t\t\t<\/div>\n\t\t\t\t\t<\/div>\n\t\t<\/div>\n\t\t\t\t\t<\/div>\n\t\t<\/section>\n\t\t\t\t<section class=\"elementor-section elementor-top-section elementor-element elementor-element-613efb7 elementor-section-boxed elementor-section-height-default elementor-section-height-default\" data-id=\"613efb7\" data-element_type=\"section\" data-e-type=\"section\">\n\t\t\t\t\t\t<div class=\"elementor-container elementor-column-gap-default\">\n\t\t\t\t\t<div class=\"elementor-column elementor-col-100 elementor-top-column elementor-element elementor-element-bf8febc\" data-id=\"bf8febc\" data-element_type=\"column\" data-e-type=\"column\" data-settings=\"{&quot;background_background&quot;:&quot;classic&quot;}\">\n\t\t\t<div class=\"elementor-widget-wrap elementor-element-populated\">\n\t\t\t\t\t\t<section class=\"elementor-section elementor-inner-section elementor-element elementor-element-587e2c1 elementor-section-boxed elementor-section-height-default elementor-section-height-default\" data-id=\"587e2c1\" data-element_type=\"section\" data-e-type=\"section\">\n\t\t\t\t\t\t<div class=\"elementor-container elementor-column-gap-default\">\n\t\t\t\t\t<div class=\"elementor-column elementor-col-100 elementor-inner-column elementor-element elementor-element-965b51f\" data-id=\"965b51f\" data-element_type=\"column\" data-e-type=\"column\">\n\t\t\t<div class=\"elementor-widget-wrap elementor-element-populated\">\n\t\t\t\t\t\t<div class=\"elementor-element elementor-element-8ed0079 elementor-widget elementor-widget-menu-anchor\" data-id=\"8ed0079\" data-element_type=\"widget\" data-e-type=\"widget\" data-widget_type=\"menu-anchor.default\">\n\t\t\t\t<div class=\"elementor-widget-container\">\n\t\t\t\t\t\t\t<div class=\"elementor-menu-anchor\" id=\"uppgiftF-3\"><\/div>\n\t\t\t\t\t\t<\/div>\n\t\t\t\t<\/div>\n\t\t\t\t<div class=\"elementor-element elementor-element-1e392fb elementor-view-framed elementor-shape-circle elementor-widget elementor-widget-icon\" data-id=\"1e392fb\" data-element_type=\"widget\" data-e-type=\"widget\" data-widget_type=\"icon.default\">\n\t\t\t\t<div class=\"elementor-widget-container\">\n\t\t\t\t\t\t\t<div class=\"elementor-icon-wrapper\">\n\t\t\t<div class=\"elementor-icon\">\n\t\t\t\t\t\t\t<i class=\"fa fa-pencil\" aria-hidden=\"true\"><\/i>\n\t\t\t\t\t\t<\/div>\n\t\t<\/div>\n\t\t\t\t\t\t<\/div>\n\t\t\t\t<\/div>\n\t\t\t\t<div class=\"elementor-element elementor-element-cc7d187 elementor-widget elementor-widget-toggle\" data-id=\"cc7d187\" data-element_type=\"widget\" data-e-type=\"widget\" data-widget_type=\"toggle.default\">\n\t\t\t\t<div class=\"elementor-widget-container\">\n\t\t\t\t\t\t\t<div class=\"elementor-toggle\">\n\t\t\t\t\t\t\t<div class=\"elementor-toggle-item\">\n\t\t\t\t\t<div id=\"elementor-tab-title-2141\" class=\"elementor-tab-title\" data-tab=\"1\" role=\"button\" aria-controls=\"elementor-tab-content-2141\" aria-expanded=\"false\">\n\t\t\t\t\t\t\t\t\t\t\t\t<span class=\"elementor-toggle-icon elementor-toggle-icon-left\" aria-hidden=\"true\">\n\t\t\t\t\t\t\t\t\t\t\t\t\t\t\t<i class=\"elementor-toggle-icon-closed fa fa-chevron-right\"><\/i>\n\t\t\t\t\t\t\t\t<i class=\"elementor-toggle-icon-opened fa fa-chevron-down\"><\/i>\n\t\t\t\t\t\t\t\t\t\t\t\t\t<\/span>\n\t\t\t\t\t\t\t\t\t\t\t\t<a class=\"elementor-toggle-title\" tabindex=\"0\">Gymnasium<\/a>\n\t\t\t\t\t<\/div>\n\n\t\t\t\t\t<div id=\"elementor-tab-content-2141\" class=\"elementor-tab-content elementor-clearfix\" data-tab=\"1\" role=\"region\" aria-labelledby=\"elementor-tab-title-2141\"><h3>Fr\u00e5gor<\/h3>\n<p>1. I dikten beskrivs ett m\u00f6te mellan flickan Iris och blomman nattviolen. I f\u00f6rsta strofen g\u00e5r diktaren f\u00f6rst in i Iris och beskriver vad hon t\u00e4nker och sedan in i blomman och beskriver dess tankar. I andra strofen beskrivs ett meningsutbyte mellan Iris och nattviolen. Vad s\u00e4gs d\u00e4r och vad menas?<\/p>\n<h3>J\u00e4mf\u00f6r<\/h3>\n<p>1. J\u00e4mf\u00f6r dikten med Karlfeldts dikt&nbsp;<a href=\"https:\/\/litteraturbanken.se\/skolan\/?page_id=9133\" target=\"_blank\" rel=\"noopener\">\u201dNattyxne\u201d<\/a>. Vad finns det f\u00f6r likheter och skillnader?<\/p>\n<p>2. \u00c4ven i \u201dNattyxne\u201d j\u00e4mf\u00f6rs blomman nattviol med en kvinna. Hur beskrivs hon?<\/p><\/div>\n\t\t\t\t<\/div>\n\t\t\t\t\t\t\t\t<\/div>\n\t\t\t\t\t\t<\/div>\n\t\t\t\t<\/div>\n\t\t\t\t\t<\/div>\n\t\t<\/div>\n\t\t\t\t\t<\/div>\n\t\t<\/section>\n\t\t\t\t\t<\/div>\n\t\t<\/div>\n\t\t\t\t\t<\/div>\n\t\t<\/section>\n\t\t\t\t<section class=\"elementor-section elementor-top-section elementor-element elementor-element-c85e35c elementor-section-boxed elementor-section-height-default elementor-section-height-default\" data-id=\"c85e35c\" data-element_type=\"section\" data-e-type=\"section\">\n\t\t\t\t\t\t<div class=\"elementor-container elementor-column-gap-default\">\n\t\t\t\t\t<div class=\"elementor-column elementor-col-100 elementor-top-column elementor-element elementor-element-5711100\" data-id=\"5711100\" data-element_type=\"column\" data-e-type=\"column\">\n\t\t\t<div class=\"elementor-widget-wrap elementor-element-populated\">\n\t\t\t\t\t\t<div class=\"elementor-element elementor-element-da209ea elementor-widget elementor-widget-spacer\" data-id=\"da209ea\" data-element_type=\"widget\" data-e-type=\"widget\" data-widget_type=\"spacer.default\">\n\t\t\t\t<div class=\"elementor-widget-container\">\n\t\t\t\t\t\t\t<div class=\"elementor-spacer\">\n\t\t\t<div class=\"elementor-spacer-inner\"><\/div>\n\t\t<\/div>\n\t\t\t\t\t\t<\/div>\n\t\t\t\t<\/div>\n\t\t\t\t\t<\/div>\n\t\t<\/div>\n\t\t\t\t\t<\/div>\n\t\t<\/section>\n\t\t\t\t<\/div>\n\t\t","protected":false},"excerpt":{"rendered":"<p>Natt-violen Av Bengt Lidner Ur:\u00a0Samlade skrifter I\u00a0(1932)\u00a0\u00a0\u00c5rskurs:\u00a0Gymnasium\u00a0 \u00a0Tema:\u00a0Erotik\u00a0 \u00a0 F\u00f6rn\u00f6jd\u00a0gick\u00a0Iris\u00a0i\u00a0det\u00a0gr\u00f6na,Att\u00a0d\u00e4r\u00a0naturens\u00a0under\u00a0se,D\u00e5\u00a0allt\u00a0det\u00a0fina\u00a0och\u00a0det\u00a0sk\u00f6na\u00c5t\u00a0Iris\u00a0tycktes\u00a0offer\u00a0ge.F\u00f6r\u00a0hennes\u00a0fot\u00a0sig\u00a0blomman\u00a0b\u00f6jde,Och\u00a0knoppen\u00a0med\u00a0sin\u00a0mognad\u00a0dr\u00f6jde,Att,\u00a0till\u00a0de\u00a0andra\u00a0rosors\u00a0harm,F\u00e5\u00a0spricka\u00a0ut\u00a0i\u00a0Iris\u00a0barm.Sin\u00a0vita\u00a0hand\u00a0hon\u00a0varsamt\u00a0r\u00e4ckteOch\u00a0rosor\u00a0tog\u00a0av\u00a0alla\u00a0slag:Kring\u00a0hennes\u00a0hals\u00a0de\u00a0bladen\u00a0str\u00e4ckteOch\u00a0fingo\u00a0d\u00e4r\u00a0ett\u00a0nytt\u00a0behag,Som\u00a0hela\u00a0parkens\u00a0avund\u00a0v\u00e4ckte. Hon\u00a0till\u00a0en\u00a0Natt-Viol\u00a0syns\u00a0ila,Och\u00a0mislynt\u00a0talar\u00a0henne\u00a0till:Tro\u00a0ej,\u00a0att\u00a0jag\u00a0dig\u00a0plocka\u00a0vill.Den\u00a0dig\u00a0vill\u00a0njuta,\u00a0f\u00e5r\u00a0ej\u00a0vila.Du\u00a0blott\u00a0i\u00a0m\u00f6rkret\u00a0nytta\u00a0g\u00f6r:Och\u00a0n\u00e4r\u00a0som\u00a0solen\u00a0p\u00e5\u00a0dig\u00a0brinner,Din\u00a0f\u00e4gring\u00a0nog\u00a0mitt\u00a0\u00f6ga\u00a0r\u00f6r;Men\u00a0sj\u00e4len\u00a0ingen\u00a0k\u00e4nsla\u00a0finner.Den\u00a0dj\u00e4rva\u00a0Blomman\u00a0svarar\u00a0fritt:Jag\u00a0blott\u00a0f\u00f6r\u00a0natten\u00a0skapad\u00a0blivit;Men\u00a0d\u00e5\u00a0mitt\u00a0v\u00e4send\u00a0du\u00a0beskrivit,Beskrev\u00a0du\u00a0ej\u00a0tillika\u00a0ditt? L\u00e4s dikten p\u00e5 Litteraturbanken Termer och begrepp Gymnasium Ordf\u00f6rst\u00e5else Nattviol\u00a0(\u00e4ven kallad nattyxne): En orkid\u00e9 som ans\u00e5gs sexuellt st\u00e4rkande. \u00a0 Gymnasium Fr\u00e5gor 1. I dikten beskrivs ett m\u00f6te mellan flickan Iris och blomman nattviolen. I f\u00f6rsta strofen g\u00e5r diktaren f\u00f6rst in i Iris och beskriver [&hellip;]<\/p>\n","protected":false},"author":5,"featured_media":0,"parent":0,"menu_order":0,"comment_status":"closed","ping_status":"closed","template":"","meta":{"ocean_post_layout":"full-screen","ocean_both_sidebars_style":"","ocean_both_sidebars_content_width":0,"ocean_both_sidebars_sidebars_width":0,"ocean_sidebar":"0","ocean_second_sidebar":"0","ocean_disable_margins":"enable","ocean_add_body_class":"","ocean_shortcode_before_top_bar":"","ocean_shortcode_after_top_bar":"","ocean_shortcode_before_header":"","ocean_shortcode_after_header":"","ocean_has_shortcode":"","ocean_shortcode_after_title":"","ocean_shortcode_before_footer_widgets":"","ocean_shortcode_after_footer_widgets":"","ocean_shortcode_before_footer_bottom":"","ocean_shortcode_after_footer_bottom":"","ocean_display_top_bar":"default","ocean_display_header":"default","ocean_header_style":"","ocean_center_header_left_menu":"0","ocean_custom_header_template":"0","ocean_custom_logo":0,"ocean_custom_retina_logo":0,"ocean_custom_logo_max_width":0,"ocean_custom_logo_tablet_max_width":0,"ocean_custom_logo_mobile_max_width":0,"ocean_custom_logo_max_height":0,"ocean_custom_logo_tablet_max_height":0,"ocean_custom_logo_mobile_max_height":0,"ocean_header_custom_menu":"0","ocean_menu_typo_font_family":"0","ocean_menu_typo_font_subset":"","ocean_menu_typo_font_size":0,"ocean_menu_typo_font_size_tablet":0,"ocean_menu_typo_font_size_mobile":0,"ocean_menu_typo_font_size_unit":"px","ocean_menu_typo_font_weight":"","ocean_menu_typo_font_weight_tablet":"","ocean_menu_typo_font_weight_mobile":"","ocean_menu_typo_transform":"","ocean_menu_typo_transform_tablet":"","ocean_menu_typo_transform_mobile":"","ocean_menu_typo_line_height":0,"ocean_menu_typo_line_height_tablet":0,"ocean_menu_typo_line_height_mobile":0,"ocean_menu_typo_line_height_unit":"","ocean_menu_typo_spacing":0,"ocean_menu_typo_spacing_tablet":0,"ocean_menu_typo_spacing_mobile":0,"ocean_menu_typo_spacing_unit":"","ocean_menu_link_color":"","ocean_menu_link_color_hover":"","ocean_menu_link_color_active":"","ocean_menu_link_background":"","ocean_menu_link_hover_background":"","ocean_menu_link_active_background":"","ocean_menu_social_links_bg":"","ocean_menu_social_hover_links_bg":"","ocean_menu_social_links_color":"","ocean_menu_social_hover_links_color":"","ocean_disable_title":"on","ocean_disable_heading":"default","ocean_post_title":"","ocean_post_subheading":"","ocean_post_title_style":"","ocean_post_title_background_color":"","ocean_post_title_background":0,"ocean_post_title_bg_image_position":"","ocean_post_title_bg_image_attachment":"","ocean_post_title_bg_image_repeat":"","ocean_post_title_bg_image_size":"","ocean_post_title_height":0,"ocean_post_title_bg_overlay":0.5,"ocean_post_title_bg_overlay_color":"","ocean_disable_breadcrumbs":"default","ocean_breadcrumbs_color":"","ocean_breadcrumbs_separator_color":"","ocean_breadcrumbs_links_color":"","ocean_breadcrumbs_links_hover_color":"","ocean_display_footer_widgets":"default","ocean_display_footer_bottom":"default","ocean_custom_footer_template":"0","footnotes":""},"class_list":["post-9743","page","type-page","status-publish","hentry","entry"],"_links":{"self":[{"href":"https:\/\/litteraturbanken.se\/skolan\/wp-json\/wp\/v2\/pages\/9743","targetHints":{"allow":["GET"]}}],"collection":[{"href":"https:\/\/litteraturbanken.se\/skolan\/wp-json\/wp\/v2\/pages"}],"about":[{"href":"https:\/\/litteraturbanken.se\/skolan\/wp-json\/wp\/v2\/types\/page"}],"author":[{"embeddable":true,"href":"https:\/\/litteraturbanken.se\/skolan\/wp-json\/wp\/v2\/users\/5"}],"replies":[{"embeddable":true,"href":"https:\/\/litteraturbanken.se\/skolan\/wp-json\/wp\/v2\/comments?post=9743"}],"version-history":[{"count":19,"href":"https:\/\/litteraturbanken.se\/skolan\/wp-json\/wp\/v2\/pages\/9743\/revisions"}],"predecessor-version":[{"id":20111,"href":"https:\/\/litteraturbanken.se\/skolan\/wp-json\/wp\/v2\/pages\/9743\/revisions\/20111"}],"wp:attachment":[{"href":"https:\/\/litteraturbanken.se\/skolan\/wp-json\/wp\/v2\/media?parent=9743"}],"curies":[{"name":"wp","href":"https:\/\/api.w.org\/{rel}","templated":true}]}}