{"id":9795,"date":"2018-12-15T21:24:25","date_gmt":"2018-12-15T20:24:25","guid":{"rendered":"https:\/\/litteraturbanken.se\/skoladev\/?page_id=9795"},"modified":"2020-03-02T10:49:32","modified_gmt":"2020-03-02T09:49:32","slug":"poesi-forfattare-dan-andersson-minnet","status":"publish","type":"page","link":"https:\/\/litteraturbanken.se\/skolan\/poesi-forfattare-dan-andersson-minnet\/","title":{"rendered":"Poesi\/F\u00f6rfattare\/Dan Andersson\/Minnet"},"content":{"rendered":"\t\t<div data-elementor-type=\"wp-post\" data-elementor-id=\"9795\" class=\"elementor elementor-9795\">\n\t\t\t\t\t\t<section class=\"elementor-section elementor-top-section elementor-element elementor-element-2c6871e elementor-section-boxed elementor-section-height-default elementor-section-height-default\" data-id=\"2c6871e\" data-element_type=\"section\" data-e-type=\"section\" data-settings=\"{&quot;background_background&quot;:&quot;classic&quot;}\">\n\t\t\t\t\t\t<div class=\"elementor-container elementor-column-gap-default\">\n\t\t\t\t\t<div class=\"elementor-column elementor-col-100 elementor-top-column elementor-element elementor-element-a8efec5\" data-id=\"a8efec5\" data-element_type=\"column\" data-e-type=\"column\">\n\t\t\t<div class=\"elementor-widget-wrap elementor-element-populated\">\n\t\t\t\t\t\t<div class=\"elementor-element elementor-element-ee141e9 elementor-widget elementor-widget-spacer\" data-id=\"ee141e9\" data-element_type=\"widget\" data-e-type=\"widget\" data-widget_type=\"spacer.default\">\n\t\t\t\t<div class=\"elementor-widget-container\">\n\t\t\t\t\t\t\t<div class=\"elementor-spacer\">\n\t\t\t<div class=\"elementor-spacer-inner\"><\/div>\n\t\t<\/div>\n\t\t\t\t\t\t<\/div>\n\t\t\t\t<\/div>\n\t\t\t\t\t<\/div>\n\t\t<\/div>\n\t\t\t\t\t<\/div>\n\t\t<\/section>\n\t\t\t\t<section class=\"elementor-section elementor-inner-section elementor-element elementor-element-4530cb5 elementor-section-boxed elementor-section-height-default elementor-section-height-default\" data-id=\"4530cb5\" data-element_type=\"section\" data-e-type=\"section\" data-settings=\"{&quot;background_background&quot;:&quot;classic&quot;}\">\n\t\t\t\t\t\t<div class=\"elementor-container elementor-column-gap-default\">\n\t\t\t\t\t<div class=\"elementor-column elementor-col-66 elementor-inner-column elementor-element elementor-element-452e81c\" data-id=\"452e81c\" data-element_type=\"column\" data-e-type=\"column\" data-settings=\"{&quot;background_background&quot;:&quot;classic&quot;}\">\n\t\t\t<div class=\"elementor-widget-wrap elementor-element-populated\">\n\t\t\t\t\t\t<div class=\"elementor-element elementor-element-72744a5 elementor-widget elementor-widget-heading\" data-id=\"72744a5\" data-element_type=\"widget\" data-e-type=\"widget\" data-widget_type=\"heading.default\">\n\t\t\t\t<div class=\"elementor-widget-container\">\n\t\t\t\t\t<h2 class=\"elementor-heading-title elementor-size-default\">Minnet<\/h2>\t\t\t\t<\/div>\n\t\t\t\t<\/div>\n\t\t\t\t<div class=\"elementor-element elementor-element-4e01420 elementor-widget elementor-widget-text-editor\" data-id=\"4e01420\" data-element_type=\"widget\" data-e-type=\"widget\" data-widget_type=\"text-editor.default\">\n\t\t\t\t<div class=\"elementor-widget-container\">\n\t\t\t\t\t\t\t\t\t<p>Av <a href=\"https:\/\/litteraturbanken.se\/skolan\/?page_id=109\"><em>Dan Andersson<\/em><\/a><\/p>\t\t\t\t\t\t\t\t<\/div>\n\t\t\t\t<\/div>\n\t\t\t\t<div class=\"elementor-element elementor-element-b805c8b elementor-widget elementor-widget-text-editor\" data-id=\"b805c8b\" data-element_type=\"widget\" data-e-type=\"widget\" data-widget_type=\"text-editor.default\">\n\t\t\t\t<div class=\"elementor-widget-container\">\n\t\t\t\t\t\t\t\t\t<p><strong>Ur:<\/strong>\u00a0<em>Svarta ballader\u00a0<\/em>(1917)<span style=\"font-size: 15px; letter-spacing: 0.6px;\">\u00a0\u00a0<\/span><strong>\u00c5rskurs:<\/strong><span style=\"font-family: Montserrat, sans-serif; font-size: 15px; font-style: normal; font-variant-ligatures: normal; font-variant-caps: normal; font-weight: 400; letter-spacing: 0.6px; text-align: left;\">\u00a0<\/span>Gymnasium\u00a0\u00a0<strong>Tema:\u00a0<\/strong>Erotik,\u00a0K\u00e4rlek,\u00a0Vinter och jul<\/p>\t\t\t\t\t\t\t\t<\/div>\n\t\t\t\t<\/div>\n\t\t\t\t<div class=\"elementor-element elementor-element-4114cc5 elementor-widget elementor-widget-text-editor\" data-id=\"4114cc5\" data-element_type=\"widget\" data-e-type=\"widget\" data-widget_type=\"text-editor.default\">\n\t\t\t\t<div class=\"elementor-widget-container\">\n\t\t\t\t\t\t\t\t\t<div class=\"titlepage\"><div class=\"titlepage\"><div class=\"_lg\"><div class=\"_l\"><span id=\"w39_2\" class=\"w\">Vi<\/span>\u00a0<span id=\"w39_3\" class=\"w\">gingo<\/span>\u00a0<span id=\"w39_4\" class=\"w\">\u00f6ver<\/span>\u00a0<span id=\"w39_5\" class=\"w\">Raiskis<\/span><\/div><div class=\"_l\"><span id=\"w39_6\" class=\"w\">frusna<\/span><span id=\"w39_7\" class=\"w\">,<\/span>\u00a0<span id=\"w39_8\" class=\"w\">vida<\/span>\u00a0<span id=\"w39_9\" class=\"w\">vatten<\/span><span id=\"w39_10\" class=\"w\">,<\/span><\/div><div class=\"_l\"><span id=\"w39_11\" class=\"w\">och<\/span>\u00a0<span id=\"w39_12\" class=\"w\">s\u00e5go<\/span>\u00a0<span id=\"w39_13\" class=\"w\">masugnsflammorna<\/span><\/div><div class=\"_l\"><span id=\"w39_14\" class=\"w\">fr\u00e5n<\/span>\u00a0<span id=\"w39_15\" class=\"w\">Romebergabron<\/span><span id=\"w39_16\" class=\"w\">.<\/span><\/div><div class=\"_l\"><span id=\"w39_17\" class=\"w\">Och<\/span>\u00a0<span id=\"w39_18\" class=\"w\">solen<\/span>\u00a0<span id=\"w39_19\" class=\"w\">sj\u00f6nk<\/span>\u00a0<span id=\"w39_20\" class=\"w\">s\u00e5<\/span>\u00a0<span id=\"w39_21\" class=\"w\">sakta<\/span><span id=\"w39_22\" class=\"w\">,<\/span><\/div><div class=\"_l\"><span id=\"w39_23\" class=\"w\">i<\/span>\u00a0<span id=\"w39_24\" class=\"w\">st\u00e4nk<\/span>\u00a0<span id=\"w39_25\" class=\"w\">av<\/span>\u00a0<span id=\"w39_26\" class=\"w\">guld<\/span>\u00a0<span id=\"w39_27\" class=\"w\">mot<\/span>\u00a0<span id=\"w39_28\" class=\"w\">bergen<\/span><span id=\"w39_29\" class=\"w\">,<\/span><\/div><div class=\"_l\"><span id=\"w39_30\" class=\"w\">och<\/span>\u00a0<span id=\"w39_31\" class=\"w\">sakta<\/span>\u00a0<span id=\"w39_32\" class=\"w\">kr\u00f6po<\/span>\u00a0<span id=\"w39_33\" class=\"w\">skuggorna<\/span><\/div><div class=\"_l\"><span id=\"w39_34\" class=\"w\">bland<\/span>\u00a0<span id=\"w39_35\" class=\"w\">enarna<\/span>\u00a0<span id=\"w39_36\" class=\"w\">p\u00e5<\/span>\u00a0<span id=\"w39_37\" class=\"w\">mon<\/span><span id=\"w39_38\" class=\"w\">.<\/span><\/div><\/div><div class=\"_lg\"><div>\u00a0<\/div><div>\u00a0<\/div><div>\u00a0<\/div><div class=\"_l\"><span id=\"w39_39\" class=\"w\">Som<\/span>\u00a0<span id=\"w39_40\" class=\"w\">eld<\/span>\u00a0<span id=\"w39_41\" class=\"w\">och<\/span>\u00a0<span id=\"w39_42\" class=\"w\">ljus<\/span>\u00a0<span id=\"w39_43\" class=\"w\">mig<\/span>\u00a0<span id=\"w39_44\" class=\"w\">smekte<\/span><\/div><div class=\"_l\"><span id=\"w39_45\" class=\"w\">dina<\/span>\u00a0<span id=\"w39_46\" class=\"w\">mjuka<\/span>\u00a0<span id=\"w39_47\" class=\"w\">jungfruh\u00e4nder<\/span><span id=\"w39_48\" class=\"w\">,<\/span><\/div><div class=\"_l\"><span id=\"w39_49\" class=\"w\">i<\/span>\u00a0<span id=\"w39_50\" class=\"w\">himlens<\/span>\u00a0<span id=\"w39_51\" class=\"w\">kalla<\/span>\u00a0<span id=\"w39_52\" class=\"w\">stj\u00e4rnglans<\/span><\/div><div class=\"_l\"><span id=\"w39_53\" class=\"w\">s\u00e5g<\/span>\u00a0<span id=\"w39_54\" class=\"w\">jag<\/span>\u00a0<span id=\"w39_55\" class=\"w\">ditt<\/span>\u00a0<span id=\"w39_56\" class=\"w\">m\u00f6rka<\/span>\u00a0<span id=\"w39_57\" class=\"w\">h\u00e5r<\/span><span id=\"w39_58\" class=\"w\">.<\/span><\/div><div><div class=\"_lg\"><div class=\"_l\"><span id=\"w40_1\" class=\"w\">Och<\/span>\u00a0<span id=\"w40_2\" class=\"w\">het<\/span>\u00a0<span id=\"w40_3\" class=\"w\">av<\/span>\u00a0<span id=\"w40_4\" class=\"w\">lust<\/span>\u00a0<span id=\"w40_5\" class=\"w\">jag<\/span>\u00a0<span id=\"w40_6\" class=\"w\">smekte<\/span><\/div><div class=\"_l\"><span id=\"w40_7\" class=\"w\">ditt<\/span>\u00a0<span id=\"w40_8\" class=\"w\">br\u00f6st<\/span>\u00a0<span id=\"w40_9\" class=\"w\">och<\/span>\u00a0<span id=\"w40_10\" class=\"w\">dina<\/span>\u00a0<span id=\"w40_11\" class=\"w\">l\u00e4nder<\/span><span id=\"w40_12\" class=\"w\">,<\/span><\/div><div class=\"_l\"><span id=\"w40_13\" class=\"w\">och<\/span>\u00a0<span id=\"w40_14\" class=\"w\">fick<\/span>\u00a0<span id=\"w40_15\" class=\"w\">av<\/span>\u00a0<span id=\"w40_16\" class=\"w\">dig<\/span>\u00a0<span id=\"w40_17\" class=\"w\">det<\/span>\u00a0<span id=\"w40_18\" class=\"w\">heliga<\/span><\/div><div class=\"_l\"><span id=\"w40_19\" class=\"w\">som<\/span>\u00a0<span id=\"w40_20\" class=\"w\">endast<\/span>\u00a0<span id=\"w40_21\" class=\"w\">mannen<\/span>\u00a0<span id=\"w40_22\" class=\"w\">f\u00e5r<\/span><span id=\"w40_23\" class=\"w\">,<\/span><\/div><\/div><\/div><div><br \/><div class=\"_lg\"><div>\u00a0<\/div><div>\u00a0<\/div><div class=\"_l\"><span id=\"w40_24\" class=\"w\">och<\/span>\u00a0<span id=\"w40_25\" class=\"w\">nu<\/span>\u00a0<span id=\"w40_26\" class=\"w\">\u00e4r<\/span>\u00a0<span id=\"w40_27\" class=\"w\">allt<\/span>\u00a0<span id=\"w40_28\" class=\"w\">ett<\/span>\u00a0<span id=\"w40_29\" class=\"w\">minne<\/span><span id=\"w40_30\" class=\"w\">,<\/span><\/div><div class=\"_l\"><span id=\"w40_31\" class=\"w\">en<\/span>\u00a0<span id=\"w40_32\" class=\"w\">saga<\/span>\u00a0<span id=\"w40_33\" class=\"w\">fr\u00e5n<\/span>\u00a0<span id=\"w40_34\" class=\"w\">i<\/span>\u00a0<span id=\"w40_35\" class=\"w\">g\u00e5r<\/span><span id=\"w40_36\" class=\"w\">.<\/span><\/div><\/div><\/div><\/div><\/div><\/div>\t\t\t\t\t\t\t\t<\/div>\n\t\t\t\t<\/div>\n\t\t\t\t\t<\/div>\n\t\t<\/div>\n\t\t\t\t<div class=\"elementor-column elementor-col-33 elementor-inner-column elementor-element elementor-element-83b2781\" data-id=\"83b2781\" data-element_type=\"column\" data-e-type=\"column\">\n\t\t\t<div class=\"elementor-widget-wrap elementor-element-populated\">\n\t\t\t\t\t\t<div class=\"elementor-element elementor-element-b070fe4 elementor-widget elementor-widget-wp-widget-media_audio\" data-id=\"b070fe4\" data-element_type=\"widget\" data-e-type=\"widget\" data-widget_type=\"wp-widget-media_audio.default\">\n\t\t\t\t<div class=\"elementor-widget-container\">\n\t\t\t\t\t<h5>Paulina Helgeson l\u00e4ser \u201dMinnet\u201d av Dan Andersson.<\/h5><audio class=\"wp-audio-shortcode\" id=\"audio-9795-1\" preload=\"none\" style=\"width: 100%;\" controls=\"controls\"><source type=\"audio\/mpeg\" src=\"https:\/\/litteraturbanken.se\/skolan\/wp-content\/uploads\/2019\/03\/andersson_minnet_helgeson.mp3?_=1\" \/><source type=\"audio\/mpeg\" src=\"https:\/\/litteraturbanken.se\/skolan\/wp-content\/uploads\/2019\/03\/andersson_minnet_helgeson.mp3?_=1\" \/><a href=\"https:\/\/litteraturbanken.se\/skolan\/wp-content\/uploads\/2019\/03\/andersson_minnet_helgeson.mp3\">https:\/\/litteraturbanken.se\/skolan\/wp-content\/uploads\/2019\/03\/andersson_minnet_helgeson.mp3<\/a><\/audio>\t\t\t\t<\/div>\n\t\t\t\t<\/div>\n\t\t\t\t<div class=\"elementor-element elementor-element-4177ddc elementor-icon-list--layout-traditional elementor-list-item-link-full_width elementor-widget elementor-widget-icon-list\" data-id=\"4177ddc\" data-element_type=\"widget\" data-e-type=\"widget\" data-widget_type=\"icon-list.default\">\n\t\t\t\t<div class=\"elementor-widget-container\">\n\t\t\t\t\t\t\t<ul class=\"elementor-icon-list-items\">\n\t\t\t\t\t\t\t<li class=\"elementor-icon-list-item\">\n\t\t\t\t\t\t\t\t\t\t\t<a href=\"https:\/\/litteraturbanken.se\/forfattare\/AnderssonD\/titlar\/SvartaBallader\/sida\/41\/etext\" target=\"_blank\">\n\n\t\t\t\t\t\t\t\t\t\t\t\t<span class=\"elementor-icon-list-icon\">\n\t\t\t\t\t\t\t\t\t\t\t\t\t\t\t\t<i class=\"fa fa-file-text-o\" aria-hidden=\"true\"><\/i>\n\t\t\t\t\t\t\t\t\t\t\t\t\t<\/span>\n\t\t\t\t\t\t\t\t\t\t<span class=\"elementor-icon-list-text\">L\u00e4s dikten p\u00e5 Litteraturbanken<\/span>\n\t\t\t\t\t\t\t\t\t\t\t<\/a>\n\t\t\t\t\t\t\t\t\t<\/li>\n\t\t\t\t\t\t\t\t<li class=\"elementor-icon-list-item\">\n\t\t\t\t\t\t\t\t\t\t\t<a href=\"https:\/\/litteraturbanken.se\/skolan\/?page_id=261\" target=\"_blank\">\n\n\t\t\t\t\t\t\t\t\t\t\t\t<span class=\"elementor-icon-list-icon\">\n\t\t\t\t\t\t\t\t\t\t\t\t\t\t\t\t<i class=\"fa fa-file-text-o\" aria-hidden=\"true\"><\/i>\n\t\t\t\t\t\t\t\t\t\t\t\t\t<\/span>\n\t\t\t\t\t\t\t\t\t\t<span class=\"elementor-icon-list-text\">Termer och begrepp<\/span>\n\t\t\t\t\t\t\t\t\t\t\t<\/a>\n\t\t\t\t\t\t\t\t\t<\/li>\n\t\t\t\t\t\t<\/ul>\n\t\t\t\t\t\t<\/div>\n\t\t\t\t<\/div>\n\t\t\t\t<div class=\"elementor-element elementor-element-e657fcf elementor-align-center elementor-widget elementor-widget-button\" data-id=\"e657fcf\" data-element_type=\"widget\" data-e-type=\"widget\" data-widget_type=\"button.default\">\n\t\t\t\t<div class=\"elementor-widget-container\">\n\t\t\t\t\t\t\t\t\t<div class=\"elementor-button-wrapper\">\n\t\t\t\t\t<a class=\"elementor-button elementor-button-link elementor-size-md elementor-animation-grow\" href=\"#gy\">\n\t\t\t\t\t\t<span class=\"elementor-button-content-wrapper\">\n\t\t\t\t\t\t<span class=\"elementor-button-icon\">\n\t\t\t\t\t\t\t\t\t<i class=\"fa fa-pencil\" aria-hidden=\"true\"><\/i>\n\t\t\t\t\t\t\t<\/span>\n\t\t\t\t\t\t\t\t\t<span class=\"elementor-button-text\">Uppgift, Gymnasium<\/span>\n\t\t\t\t\t<\/span>\n\t\t\t\t\t<\/a>\n\t\t\t\t<\/div>\n\t\t\t\t\t\t\t\t<\/div>\n\t\t\t\t<\/div>\n\t\t\t\t<div class=\"elementor-element elementor-element-e775738 elementor-widget elementor-widget-image\" data-id=\"e775738\" data-element_type=\"widget\" data-e-type=\"widget\" data-widget_type=\"image.default\">\n\t\t\t\t<div class=\"elementor-widget-container\">\n\t\t\t\t\t\t\t\t\t\t\t\t\t\t\t<img fetchpriority=\"high\" decoding=\"async\" width=\"300\" height=\"300\" src=\"https:\/\/litteraturbanken.se\/skolan\/wp-content\/uploads\/2019\/02\/lb_skolan_2019_knapp_f\u00f6rfattarbild_danandersson-e1553014713857.jpg\" class=\"attachment-full size-full wp-image-12913\" alt=\"\" \/>\t\t\t\t\t\t\t\t\t\t\t\t\t\t\t<\/div>\n\t\t\t\t<\/div>\n\t\t\t\t\t<\/div>\n\t\t<\/div>\n\t\t\t\t\t<\/div>\n\t\t<\/section>\n\t\t\t\t<section class=\"elementor-section elementor-top-section elementor-element elementor-element-ef97384 elementor-section-boxed elementor-section-height-default elementor-section-height-default\" data-id=\"ef97384\" data-element_type=\"section\" data-e-type=\"section\" data-settings=\"{&quot;background_background&quot;:&quot;classic&quot;}\">\n\t\t\t\t\t\t<div class=\"elementor-container elementor-column-gap-default\">\n\t\t\t\t\t<div class=\"elementor-column elementor-col-100 elementor-top-column elementor-element elementor-element-96731cd\" data-id=\"96731cd\" data-element_type=\"column\" data-e-type=\"column\">\n\t\t\t<div class=\"elementor-widget-wrap elementor-element-populated\">\n\t\t\t\t\t\t<div class=\"elementor-element elementor-element-185fded elementor-widget elementor-widget-spacer\" data-id=\"185fded\" data-element_type=\"widget\" data-e-type=\"widget\" data-widget_type=\"spacer.default\">\n\t\t\t\t<div class=\"elementor-widget-container\">\n\t\t\t\t\t\t\t<div class=\"elementor-spacer\">\n\t\t\t<div class=\"elementor-spacer-inner\"><\/div>\n\t\t<\/div>\n\t\t\t\t\t\t<\/div>\n\t\t\t\t<\/div>\n\t\t\t\t\t<\/div>\n\t\t<\/div>\n\t\t\t\t\t<\/div>\n\t\t<\/section>\n\t\t\t\t<section class=\"elementor-section elementor-top-section elementor-element elementor-element-2e01902 elementor-section-boxed elementor-section-height-default elementor-section-height-default\" data-id=\"2e01902\" data-element_type=\"section\" data-e-type=\"section\" data-settings=\"{&quot;background_background&quot;:&quot;classic&quot;}\">\n\t\t\t\t\t\t<div class=\"elementor-container elementor-column-gap-default\">\n\t\t\t\t\t<div class=\"elementor-column elementor-col-100 elementor-top-column elementor-element elementor-element-56b09e7\" data-id=\"56b09e7\" data-element_type=\"column\" data-e-type=\"column\" data-settings=\"{&quot;background_background&quot;:&quot;classic&quot;}\">\n\t\t\t<div class=\"elementor-widget-wrap elementor-element-populated\">\n\t\t\t\t\t\t<section class=\"elementor-section elementor-inner-section elementor-element elementor-element-81938d3 elementor-section-boxed elementor-section-height-default elementor-section-height-default\" data-id=\"81938d3\" data-element_type=\"section\" data-e-type=\"section\">\n\t\t\t\t\t\t<div class=\"elementor-container elementor-column-gap-default\">\n\t\t\t\t\t<div class=\"elementor-column elementor-col-100 elementor-inner-column elementor-element elementor-element-81792b5\" data-id=\"81792b5\" data-element_type=\"column\" data-e-type=\"column\">\n\t\t\t<div class=\"elementor-widget-wrap elementor-element-populated\">\n\t\t\t\t\t\t<div class=\"elementor-element elementor-element-165ac9d elementor-widget elementor-widget-menu-anchor\" data-id=\"165ac9d\" data-element_type=\"widget\" data-e-type=\"widget\" data-widget_type=\"menu-anchor.default\">\n\t\t\t\t<div class=\"elementor-widget-container\">\n\t\t\t\t\t\t\t<div class=\"elementor-menu-anchor\" id=\"gy\"><\/div>\n\t\t\t\t\t\t<\/div>\n\t\t\t\t<\/div>\n\t\t\t\t<div class=\"elementor-element elementor-element-fba3e0d elementor-view-framed elementor-shape-circle elementor-widget elementor-widget-icon\" data-id=\"fba3e0d\" data-element_type=\"widget\" data-e-type=\"widget\" data-widget_type=\"icon.default\">\n\t\t\t\t<div class=\"elementor-widget-container\">\n\t\t\t\t\t\t\t<div class=\"elementor-icon-wrapper\">\n\t\t\t<div class=\"elementor-icon\">\n\t\t\t\t\t\t\t<i class=\"fa fa-pencil\" aria-hidden=\"true\"><\/i>\n\t\t\t\t\t\t<\/div>\n\t\t<\/div>\n\t\t\t\t\t\t<\/div>\n\t\t\t\t<\/div>\n\t\t\t\t<div class=\"elementor-element elementor-element-619e9f0 elementor-widget elementor-widget-toggle\" data-id=\"619e9f0\" data-element_type=\"widget\" data-e-type=\"widget\" data-widget_type=\"toggle.default\">\n\t\t\t\t<div class=\"elementor-widget-container\">\n\t\t\t\t\t\t\t<div class=\"elementor-toggle\">\n\t\t\t\t\t\t\t<div class=\"elementor-toggle-item\">\n\t\t\t\t\t<div id=\"elementor-tab-title-1021\" class=\"elementor-tab-title\" data-tab=\"1\" role=\"button\" aria-controls=\"elementor-tab-content-1021\" aria-expanded=\"false\">\n\t\t\t\t\t\t\t\t\t\t\t\t<span class=\"elementor-toggle-icon elementor-toggle-icon-left\" aria-hidden=\"true\">\n\t\t\t\t\t\t\t\t\t\t\t\t\t\t\t<i class=\"elementor-toggle-icon-closed fa fa-chevron-right\"><\/i>\n\t\t\t\t\t\t\t\t<i class=\"elementor-toggle-icon-opened fa fa-chevron-down\"><\/i>\n\t\t\t\t\t\t\t\t\t\t\t\t\t<\/span>\n\t\t\t\t\t\t\t\t\t\t\t\t<a class=\"elementor-toggle-title\" tabindex=\"0\">Gymnasium<\/a>\n\t\t\t\t\t<\/div>\n\n\t\t\t\t\t<div id=\"elementor-tab-content-1021\" class=\"elementor-tab-content elementor-clearfix\" data-tab=\"1\" role=\"region\" aria-labelledby=\"elementor-tab-title-1021\"><p>1. Vad tycker du att dikten beskriver.<\/p><p>2. Om man byter ut ordet \u201dmannens\u201d mot \u201dkvinnans\u201d p\u00e5 sista raden i andra strofen, l\u00e4ser man dikten annorlunda d\u00e5?<\/p><p>3. Framst\u00e5r det som ett ljust eller m\u00f6rkt minne f\u00f6r diktjaget?<\/p><p>4. Hur t\u00e4nker du att ett liknande minne skulle skrivits idag?<\/p><\/div>\n\t\t\t\t<\/div>\n\t\t\t\t\t\t\t\t<\/div>\n\t\t\t\t\t\t<\/div>\n\t\t\t\t<\/div>\n\t\t\t\t\t<\/div>\n\t\t<\/div>\n\t\t\t\t\t<\/div>\n\t\t<\/section>\n\t\t\t\t<div class=\"elementor-element elementor-element-d1d31b5 elementor-widget elementor-widget-spacer\" data-id=\"d1d31b5\" data-element_type=\"widget\" data-e-type=\"widget\" data-widget_type=\"spacer.default\">\n\t\t\t\t<div class=\"elementor-widget-container\">\n\t\t\t\t\t\t\t<div class=\"elementor-spacer\">\n\t\t\t<div class=\"elementor-spacer-inner\"><\/div>\n\t\t<\/div>\n\t\t\t\t\t\t<\/div>\n\t\t\t\t<\/div>\n\t\t\t\t\t<\/div>\n\t\t<\/div>\n\t\t\t\t\t<\/div>\n\t\t<\/section>\n\t\t\t\t<section class=\"elementor-section elementor-top-section elementor-element elementor-element-25c036a elementor-section-boxed elementor-section-height-default elementor-section-height-default\" data-id=\"25c036a\" data-element_type=\"section\" data-e-type=\"section\">\n\t\t\t\t\t\t<div class=\"elementor-container elementor-column-gap-default\">\n\t\t\t\t\t<div class=\"elementor-column elementor-col-100 elementor-top-column elementor-element elementor-element-403f694\" data-id=\"403f694\" data-element_type=\"column\" data-e-type=\"column\">\n\t\t\t<div class=\"elementor-widget-wrap elementor-element-populated\">\n\t\t\t\t\t\t<div class=\"elementor-element elementor-element-5552f88 elementor-widget elementor-widget-spacer\" data-id=\"5552f88\" data-element_type=\"widget\" data-e-type=\"widget\" data-widget_type=\"spacer.default\">\n\t\t\t\t<div class=\"elementor-widget-container\">\n\t\t\t\t\t\t\t<div class=\"elementor-spacer\">\n\t\t\t<div class=\"elementor-spacer-inner\"><\/div>\n\t\t<\/div>\n\t\t\t\t\t\t<\/div>\n\t\t\t\t<\/div>\n\t\t\t\t\t<\/div>\n\t\t<\/div>\n\t\t\t\t\t<\/div>\n\t\t<\/section>\n\t\t\t\t<\/div>\n\t\t","protected":false},"excerpt":{"rendered":"<p>Minnet Av Dan Andersson Ur:\u00a0Svarta ballader\u00a0(1917)\u00a0\u00a0\u00c5rskurs:\u00a0Gymnasium\u00a0\u00a0Tema:\u00a0Erotik,\u00a0K\u00e4rlek,\u00a0Vinter och jul Vi\u00a0gingo\u00a0\u00f6ver\u00a0Raiskisfrusna,\u00a0vida\u00a0vatten,och\u00a0s\u00e5go\u00a0masugnsflammornafr\u00e5n\u00a0Romebergabron.Och\u00a0solen\u00a0sj\u00f6nk\u00a0s\u00e5\u00a0sakta,i\u00a0st\u00e4nk\u00a0av\u00a0guld\u00a0mot\u00a0bergen,och\u00a0sakta\u00a0kr\u00f6po\u00a0skuggornabland\u00a0enarna\u00a0p\u00e5\u00a0mon.\u00a0\u00a0\u00a0Som\u00a0eld\u00a0och\u00a0ljus\u00a0mig\u00a0smektedina\u00a0mjuka\u00a0jungfruh\u00e4nder,i\u00a0himlens\u00a0kalla\u00a0stj\u00e4rnglanss\u00e5g\u00a0jag\u00a0ditt\u00a0m\u00f6rka\u00a0h\u00e5r.Och\u00a0het\u00a0av\u00a0lust\u00a0jag\u00a0smekteditt\u00a0br\u00f6st\u00a0och\u00a0dina\u00a0l\u00e4nder,och\u00a0fick\u00a0av\u00a0dig\u00a0det\u00a0heligasom\u00a0endast\u00a0mannen\u00a0f\u00e5r,\u00a0\u00a0och\u00a0nu\u00a0\u00e4r\u00a0allt\u00a0ett\u00a0minne,en\u00a0saga\u00a0fr\u00e5n\u00a0i\u00a0g\u00e5r. L\u00e4s dikten p\u00e5 Litteraturbanken Termer och begrepp Uppgift, Gymnasium Gymnasium 1. Vad tycker du att dikten beskriver. 2. Om man byter ut ordet \u201dmannens\u201d mot \u201dkvinnans\u201d p\u00e5 sista raden i andra strofen, l\u00e4ser man dikten annorlunda d\u00e5? 3. Framst\u00e5r det som ett ljust eller m\u00f6rkt minne [&hellip;]<\/p>\n","protected":false},"author":5,"featured_media":0,"parent":0,"menu_order":0,"comment_status":"closed","ping_status":"closed","template":"","meta":{"ocean_post_layout":"full-screen","ocean_both_sidebars_style":"","ocean_both_sidebars_content_width":0,"ocean_both_sidebars_sidebars_width":0,"ocean_sidebar":"0","ocean_second_sidebar":"0","ocean_disable_margins":"enable","ocean_add_body_class":"","ocean_shortcode_before_top_bar":"","ocean_shortcode_after_top_bar":"","ocean_shortcode_before_header":"","ocean_shortcode_after_header":"","ocean_has_shortcode":"","ocean_shortcode_after_title":"","ocean_shortcode_before_footer_widgets":"","ocean_shortcode_after_footer_widgets":"","ocean_shortcode_before_footer_bottom":"","ocean_shortcode_after_footer_bottom":"","ocean_display_top_bar":"default","ocean_display_header":"default","ocean_header_style":"","ocean_center_header_left_menu":"0","ocean_custom_header_template":"0","ocean_custom_logo":0,"ocean_custom_retina_logo":0,"ocean_custom_logo_max_width":0,"ocean_custom_logo_tablet_max_width":0,"ocean_custom_logo_mobile_max_width":0,"ocean_custom_logo_max_height":0,"ocean_custom_logo_tablet_max_height":0,"ocean_custom_logo_mobile_max_height":0,"ocean_header_custom_menu":"0","ocean_menu_typo_font_family":"0","ocean_menu_typo_font_subset":"","ocean_menu_typo_font_size":0,"ocean_menu_typo_font_size_tablet":0,"ocean_menu_typo_font_size_mobile":0,"ocean_menu_typo_font_size_unit":"px","ocean_menu_typo_font_weight":"","ocean_menu_typo_font_weight_tablet":"","ocean_menu_typo_font_weight_mobile":"","ocean_menu_typo_transform":"","ocean_menu_typo_transform_tablet":"","ocean_menu_typo_transform_mobile":"","ocean_menu_typo_line_height":0,"ocean_menu_typo_line_height_tablet":0,"ocean_menu_typo_line_height_mobile":0,"ocean_menu_typo_line_height_unit":"","ocean_menu_typo_spacing":0,"ocean_menu_typo_spacing_tablet":0,"ocean_menu_typo_spacing_mobile":0,"ocean_menu_typo_spacing_unit":"","ocean_menu_link_color":"","ocean_menu_link_color_hover":"","ocean_menu_link_color_active":"","ocean_menu_link_background":"","ocean_menu_link_hover_background":"","ocean_menu_link_active_background":"","ocean_menu_social_links_bg":"","ocean_menu_social_hover_links_bg":"","ocean_menu_social_links_color":"","ocean_menu_social_hover_links_color":"","ocean_disable_title":"on","ocean_disable_heading":"default","ocean_post_title":"","ocean_post_subheading":"","ocean_post_title_style":"","ocean_post_title_background_color":"","ocean_post_title_background":0,"ocean_post_title_bg_image_position":"","ocean_post_title_bg_image_attachment":"","ocean_post_title_bg_image_repeat":"","ocean_post_title_bg_image_size":"","ocean_post_title_height":0,"ocean_post_title_bg_overlay":0.5,"ocean_post_title_bg_overlay_color":"","ocean_disable_breadcrumbs":"default","ocean_breadcrumbs_color":"","ocean_breadcrumbs_separator_color":"","ocean_breadcrumbs_links_color":"","ocean_breadcrumbs_links_hover_color":"","ocean_display_footer_widgets":"default","ocean_display_footer_bottom":"default","ocean_custom_footer_template":"0","footnotes":""},"class_list":["post-9795","page","type-page","status-publish","hentry","entry"],"_links":{"self":[{"href":"https:\/\/litteraturbanken.se\/skolan\/wp-json\/wp\/v2\/pages\/9795","targetHints":{"allow":["GET"]}}],"collection":[{"href":"https:\/\/litteraturbanken.se\/skolan\/wp-json\/wp\/v2\/pages"}],"about":[{"href":"https:\/\/litteraturbanken.se\/skolan\/wp-json\/wp\/v2\/types\/page"}],"author":[{"embeddable":true,"href":"https:\/\/litteraturbanken.se\/skolan\/wp-json\/wp\/v2\/users\/5"}],"replies":[{"embeddable":true,"href":"https:\/\/litteraturbanken.se\/skolan\/wp-json\/wp\/v2\/comments?post=9795"}],"version-history":[{"count":25,"href":"https:\/\/litteraturbanken.se\/skolan\/wp-json\/wp\/v2\/pages\/9795\/revisions"}],"predecessor-version":[{"id":20311,"href":"https:\/\/litteraturbanken.se\/skolan\/wp-json\/wp\/v2\/pages\/9795\/revisions\/20311"}],"wp:attachment":[{"href":"https:\/\/litteraturbanken.se\/skolan\/wp-json\/wp\/v2\/media?parent=9795"}],"curies":[{"name":"wp","href":"https:\/\/api.w.org\/{rel}","templated":true}]}}