{"id":9813,"date":"2018-12-15T21:36:26","date_gmt":"2018-12-15T20:36:26","guid":{"rendered":"https:\/\/litteraturbanken.se\/skoladev\/?page_id=9813"},"modified":"2020-03-09T11:54:52","modified_gmt":"2020-03-09T10:54:52","slug":"poesi-forfattare-carl-snoilsky-om","status":"publish","type":"page","link":"https:\/\/litteraturbanken.se\/skolan\/poesi-forfattare-carl-snoilsky-om\/","title":{"rendered":"Poesi\/F\u00f6rfattare\/Carl Snoilsky\/Mer om"},"content":{"rendered":"\t\t<div data-elementor-type=\"wp-post\" data-elementor-id=\"9813\" class=\"elementor elementor-9813\">\n\t\t\t\t\t\t<section class=\"elementor-section elementor-top-section elementor-element elementor-element-d6c079b elementor-section-full_width elementor-section-height-default elementor-section-height-default\" data-id=\"d6c079b\" data-element_type=\"section\" data-e-type=\"section\" data-settings=\"{&quot;background_background&quot;:&quot;classic&quot;}\">\n\t\t\t\t\t\t<div class=\"elementor-container elementor-column-gap-default\">\n\t\t\t\t\t<div class=\"elementor-column elementor-col-25 elementor-top-column elementor-element elementor-element-7cd153a\" data-id=\"7cd153a\" data-element_type=\"column\" data-e-type=\"column\">\n\t\t\t<div class=\"elementor-widget-wrap\">\n\t\t\t\t\t\t\t<\/div>\n\t\t<\/div>\n\t\t\t\t<div class=\"elementor-column elementor-col-25 elementor-top-column elementor-element elementor-element-2fb7a4f\" data-id=\"2fb7a4f\" data-element_type=\"column\" data-e-type=\"column\" data-settings=\"{&quot;background_background&quot;:&quot;classic&quot;}\">\n\t\t\t<div class=\"elementor-widget-wrap elementor-element-populated\">\n\t\t\t\t\t\t<div class=\"elementor-element elementor-element-9278ca4 elementor-widget elementor-widget-spacer\" data-id=\"9278ca4\" data-element_type=\"widget\" data-e-type=\"widget\" data-widget_type=\"spacer.default\">\n\t\t\t\t<div class=\"elementor-widget-container\">\n\t\t\t\t\t\t\t<div class=\"elementor-spacer\">\n\t\t\t<div class=\"elementor-spacer-inner\"><\/div>\n\t\t<\/div>\n\t\t\t\t\t\t<\/div>\n\t\t\t\t<\/div>\n\t\t\t\t<div class=\"elementor-element elementor-element-0b38253 elementor-widget elementor-widget-text-editor\" data-id=\"0b38253\" data-element_type=\"widget\" data-e-type=\"widget\" data-widget_type=\"text-editor.default\">\n\t\t\t\t<div class=\"elementor-widget-container\">\n\t\t\t\t\t\t\t\t\t<h1 class=\"elementor-heading-title elementor-size-default\">Carl Snoilsky<\/h1>\t\t\t\t\t\t\t\t<\/div>\n\t\t\t\t<\/div>\n\t\t\t\t<div class=\"elementor-element elementor-element-58c38a3 elementor-widget elementor-widget-text-editor\" data-id=\"58c38a3\" data-element_type=\"widget\" data-e-type=\"widget\" data-widget_type=\"text-editor.default\">\n\t\t\t\t<div class=\"elementor-widget-container\">\n\t\t\t\t\t\t\t\t\t<div class=\"ng-binding\"><div class=\"ng-binding\"><div class=\"ng-binding\"><div class=\"ng-binding\"><p><em>CARL SNOILSKY (1841\u20131903) tillh\u00f6rde en av Sveriges f\u00f6rn\u00e4msta, grevliga sl\u00e4kter. Ett lejon i bur, skulle han komma att kalla sig sj\u00e4lv; f\u00e5ngad som han k\u00e4nde sig i f\u00f6rv\u00e4ntningar och konventioner. <\/em><\/p><p><em>Tv\u00e5ngsl\u00f6shet fann han i Uppsala, i Namnl\u00f6sa S\u00e4llskapet och dess krets av sk\u00f6nhets- och sannings\u00e4lskande poeter, bland vilka han upptogs f\u00f6r sina\u00a0Sm\u00e5dikter\u00a0(1861). En resa till Italien 1864 blev en m\u00f6jlighet att andas fritt, som gav till resultat den frihetsberusade diktsamlingen\u00a0Italienska bilder\u00a0(1865). <\/em><\/p><p><em>Efter hemkomsten v\u00e4ntade ett f\u00f6rhastat \u00e4ktenskap och en utstakad \u00e4mbetsmannakarri\u00e4r i Utrikesdepartementet. Snoilsky m\u00f6tte sitt \u00f6de med f\u00f6rst\u00e4mdhet. Tillflykt fann han i ett intensivt bok- och myntsamlande; stundtals tycks s\u00e4rskilt numismatiken ha betytt mer f\u00f6r honom \u00e4n litteraturen. <\/em><\/p><p>I juni 1879 flyr han pl\u00f6tsligt allt. Karri\u00e4ren l\u00e4mnas, \u00e4ktenskapet uppl\u00f6ses, myntsamlingen s\u00e4ljs, och flykten mot sydliga nejder b\u00e4r genast frukt i form av k\u00e4rlek, frihet och inspiration. Men han g\u00e5r inte alldeles fri fr\u00e5n en l\u00e4ngtan hem till fosterlandet; en l\u00e4ngtan som kan sp\u00e5ras i samlingen\u00a0<i>Svenska bilder<\/i>\u00a0(1886), Snoilskys kanske mest k\u00e4nda och \u00e4lskade verk d\u00e4r hj\u00e4lteportr\u00e4tt och historiska tabl\u00e5er samsas med skildringar av sm\u00e5folkets armod.<\/p><p>\u00c5r 1890 v\u00e4nde han \u00e5ter till Sverige och platsen som \u00f6verbibliotekarie vid Kungliga biblioteket. N\u00e5gra f\u00f6rh\u00e5llandevis lyckliga \u00e5r v\u00e4ntade innan han gick ur tiden.<\/p><\/div><div class=\"introauthor\"><em class=\"ng-binding\">Lotta Lotass<\/em><\/div><\/div><\/div><\/div>\t\t\t\t\t\t\t\t<\/div>\n\t\t\t\t<\/div>\n\t\t\t\t\t<\/div>\n\t\t<\/div>\n\t\t\t\t<div class=\"elementor-column elementor-col-25 elementor-top-column elementor-element elementor-element-54a2280\" data-id=\"54a2280\" data-element_type=\"column\" data-e-type=\"column\">\n\t\t\t<div class=\"elementor-widget-wrap elementor-element-populated\">\n\t\t\t\t\t\t<div class=\"elementor-element elementor-element-815e0d1 elementor-widget elementor-widget-spacer\" data-id=\"815e0d1\" data-element_type=\"widget\" data-e-type=\"widget\" data-widget_type=\"spacer.default\">\n\t\t\t\t<div class=\"elementor-widget-container\">\n\t\t\t\t\t\t\t<div class=\"elementor-spacer\">\n\t\t\t<div class=\"elementor-spacer-inner\"><\/div>\n\t\t<\/div>\n\t\t\t\t\t\t<\/div>\n\t\t\t\t<\/div>\n\t\t\t\t<div class=\"elementor-element elementor-element-c72ddaf elementor-widget elementor-widget-image\" data-id=\"c72ddaf\" data-element_type=\"widget\" data-e-type=\"widget\" data-widget_type=\"image.default\">\n\t\t\t\t<div class=\"elementor-widget-container\">\n\t\t\t\t\t\t\t\t\t\t\t\t\t\t\t<img fetchpriority=\"high\" decoding=\"async\" width=\"300\" height=\"300\" src=\"https:\/\/litteraturbanken.se\/skolan\/wp-content\/uploads\/2019\/03\/lb_skolan_2019_knapp_f\u00f6rfattarbild_snoilsky_gr\u00f6n-e1553013258650.jpg\" class=\"attachment-full size-full wp-image-13781\" alt=\"\" \/>\t\t\t\t\t\t\t\t\t\t\t\t\t\t\t<\/div>\n\t\t\t\t<\/div>\n\t\t\t\t<div class=\"elementor-element elementor-element-569389e elementor-widget elementor-widget-spacer\" data-id=\"569389e\" data-element_type=\"widget\" data-e-type=\"widget\" data-widget_type=\"spacer.default\">\n\t\t\t\t<div class=\"elementor-widget-container\">\n\t\t\t\t\t\t\t<div class=\"elementor-spacer\">\n\t\t\t<div class=\"elementor-spacer-inner\"><\/div>\n\t\t<\/div>\n\t\t\t\t\t\t<\/div>\n\t\t\t\t<\/div>\n\t\t\t\t\t<\/div>\n\t\t<\/div>\n\t\t\t\t<div class=\"elementor-column elementor-col-25 elementor-top-column elementor-element elementor-element-266981a\" data-id=\"266981a\" data-element_type=\"column\" data-e-type=\"column\">\n\t\t\t<div class=\"elementor-widget-wrap elementor-element-populated\">\n\t\t\t\t\t\t<div class=\"elementor-element elementor-element-9776658 elementor-widget elementor-widget-spacer\" data-id=\"9776658\" data-element_type=\"widget\" data-e-type=\"widget\" data-widget_type=\"spacer.default\">\n\t\t\t\t<div class=\"elementor-widget-container\">\n\t\t\t\t\t\t\t<div class=\"elementor-spacer\">\n\t\t\t<div class=\"elementor-spacer-inner\"><\/div>\n\t\t<\/div>\n\t\t\t\t\t\t<\/div>\n\t\t\t\t<\/div>\n\t\t\t\t<div class=\"elementor-element elementor-element-7417e01 elementor-widget elementor-widget-spacer\" data-id=\"7417e01\" data-element_type=\"widget\" data-e-type=\"widget\" data-widget_type=\"spacer.default\">\n\t\t\t\t<div class=\"elementor-widget-container\">\n\t\t\t\t\t\t\t<div class=\"elementor-spacer\">\n\t\t\t<div class=\"elementor-spacer-inner\"><\/div>\n\t\t<\/div>\n\t\t\t\t\t\t<\/div>\n\t\t\t\t<\/div>\n\t\t\t\t\t<\/div>\n\t\t<\/div>\n\t\t\t\t\t<\/div>\n\t\t<\/section>\n\t\t\t\t<\/div>\n\t\t","protected":false},"excerpt":{"rendered":"<p>Carl Snoilsky CARL SNOILSKY (1841\u20131903) tillh\u00f6rde en av Sveriges f\u00f6rn\u00e4msta, grevliga sl\u00e4kter. Ett lejon i bur, skulle han komma att kalla sig sj\u00e4lv; f\u00e5ngad som han k\u00e4nde sig i f\u00f6rv\u00e4ntningar och konventioner. Tv\u00e5ngsl\u00f6shet fann han i Uppsala, i Namnl\u00f6sa S\u00e4llskapet och dess krets av sk\u00f6nhets- och sannings\u00e4lskande poeter, bland vilka han upptogs f\u00f6r sina\u00a0Sm\u00e5dikter\u00a0(1861). En [&hellip;]<\/p>\n","protected":false},"author":5,"featured_media":0,"parent":0,"menu_order":0,"comment_status":"closed","ping_status":"closed","template":"","meta":{"ocean_post_layout":"full-screen","ocean_both_sidebars_style":"","ocean_both_sidebars_content_width":0,"ocean_both_sidebars_sidebars_width":0,"ocean_sidebar":"0","ocean_second_sidebar":"0","ocean_disable_margins":"enable","ocean_add_body_class":"","ocean_shortcode_before_top_bar":"","ocean_shortcode_after_top_bar":"","ocean_shortcode_before_header":"","ocean_shortcode_after_header":"","ocean_has_shortcode":"","ocean_shortcode_after_title":"","ocean_shortcode_before_footer_widgets":"","ocean_shortcode_after_footer_widgets":"","ocean_shortcode_before_footer_bottom":"","ocean_shortcode_after_footer_bottom":"","ocean_display_top_bar":"default","ocean_display_header":"default","ocean_header_style":"","ocean_center_header_left_menu":"0","ocean_custom_header_template":"0","ocean_custom_logo":0,"ocean_custom_retina_logo":0,"ocean_custom_logo_max_width":0,"ocean_custom_logo_tablet_max_width":0,"ocean_custom_logo_mobile_max_width":0,"ocean_custom_logo_max_height":0,"ocean_custom_logo_tablet_max_height":0,"ocean_custom_logo_mobile_max_height":0,"ocean_header_custom_menu":"0","ocean_menu_typo_font_family":"0","ocean_menu_typo_font_subset":"","ocean_menu_typo_font_size":0,"ocean_menu_typo_font_size_tablet":0,"ocean_menu_typo_font_size_mobile":0,"ocean_menu_typo_font_size_unit":"px","ocean_menu_typo_font_weight":"","ocean_menu_typo_font_weight_tablet":"","ocean_menu_typo_font_weight_mobile":"","ocean_menu_typo_transform":"","ocean_menu_typo_transform_tablet":"","ocean_menu_typo_transform_mobile":"","ocean_menu_typo_line_height":0,"ocean_menu_typo_line_height_tablet":0,"ocean_menu_typo_line_height_mobile":0,"ocean_menu_typo_line_height_unit":"","ocean_menu_typo_spacing":0,"ocean_menu_typo_spacing_tablet":0,"ocean_menu_typo_spacing_mobile":0,"ocean_menu_typo_spacing_unit":"","ocean_menu_link_color":"","ocean_menu_link_color_hover":"","ocean_menu_link_color_active":"","ocean_menu_link_background":"","ocean_menu_link_hover_background":"","ocean_menu_link_active_background":"","ocean_menu_social_links_bg":"","ocean_menu_social_hover_links_bg":"","ocean_menu_social_links_color":"","ocean_menu_social_hover_links_color":"","ocean_disable_title":"on","ocean_disable_heading":"default","ocean_post_title":"","ocean_post_subheading":"","ocean_post_title_style":"","ocean_post_title_background_color":"","ocean_post_title_background":0,"ocean_post_title_bg_image_position":"","ocean_post_title_bg_image_attachment":"","ocean_post_title_bg_image_repeat":"","ocean_post_title_bg_image_size":"","ocean_post_title_height":0,"ocean_post_title_bg_overlay":0.5,"ocean_post_title_bg_overlay_color":"","ocean_disable_breadcrumbs":"default","ocean_breadcrumbs_color":"","ocean_breadcrumbs_separator_color":"","ocean_breadcrumbs_links_color":"","ocean_breadcrumbs_links_hover_color":"","ocean_display_footer_widgets":"default","ocean_display_footer_bottom":"default","ocean_custom_footer_template":"0","footnotes":""},"class_list":["post-9813","page","type-page","status-publish","hentry","entry"],"_links":{"self":[{"href":"https:\/\/litteraturbanken.se\/skolan\/wp-json\/wp\/v2\/pages\/9813","targetHints":{"allow":["GET"]}}],"collection":[{"href":"https:\/\/litteraturbanken.se\/skolan\/wp-json\/wp\/v2\/pages"}],"about":[{"href":"https:\/\/litteraturbanken.se\/skolan\/wp-json\/wp\/v2\/types\/page"}],"author":[{"embeddable":true,"href":"https:\/\/litteraturbanken.se\/skolan\/wp-json\/wp\/v2\/users\/5"}],"replies":[{"embeddable":true,"href":"https:\/\/litteraturbanken.se\/skolan\/wp-json\/wp\/v2\/comments?post=9813"}],"version-history":[{"count":6,"href":"https:\/\/litteraturbanken.se\/skolan\/wp-json\/wp\/v2\/pages\/9813\/revisions"}],"predecessor-version":[{"id":20503,"href":"https:\/\/litteraturbanken.se\/skolan\/wp-json\/wp\/v2\/pages\/9813\/revisions\/20503"}],"wp:attachment":[{"href":"https:\/\/litteraturbanken.se\/skolan\/wp-json\/wp\/v2\/media?parent=9813"}],"curies":[{"name":"wp","href":"https:\/\/api.w.org\/{rel}","templated":true}]}}