{"id":9904,"date":"2018-12-15T23:30:01","date_gmt":"2018-12-15T22:30:01","guid":{"rendered":"https:\/\/litteraturbanken.se\/skoladev\/?page_id=9904"},"modified":"2020-02-11T13:39:45","modified_gmt":"2020-02-11T12:39:45","slug":"poesi-forfattare-erik-axel-karlfeldt-mossen","status":"publish","type":"page","link":"https:\/\/litteraturbanken.se\/skolan\/poesi-forfattare-erik-axel-karlfeldt-mossen\/","title":{"rendered":"Poesi\/F\u00f6rfattare\/Erik Axel Karlfeldt\/Mossen"},"content":{"rendered":"\t\t<div data-elementor-type=\"wp-post\" data-elementor-id=\"9904\" class=\"elementor elementor-9904\">\n\t\t\t\t\t\t<section class=\"elementor-section elementor-top-section elementor-element elementor-element-ddd14c3 elementor-section-boxed elementor-section-height-default elementor-section-height-default\" data-id=\"ddd14c3\" data-element_type=\"section\" data-e-type=\"section\">\n\t\t\t\t\t\t<div class=\"elementor-container elementor-column-gap-default\">\n\t\t\t\t\t<div class=\"elementor-column elementor-col-100 elementor-top-column elementor-element elementor-element-ff170f5\" data-id=\"ff170f5\" data-element_type=\"column\" data-e-type=\"column\">\n\t\t\t<div class=\"elementor-widget-wrap elementor-element-populated\">\n\t\t\t\t\t\t<div class=\"elementor-element elementor-element-587a08a elementor-widget elementor-widget-spacer\" data-id=\"587a08a\" data-element_type=\"widget\" data-e-type=\"widget\" data-widget_type=\"spacer.default\">\n\t\t\t\t<div class=\"elementor-widget-container\">\n\t\t\t\t\t\t\t<div class=\"elementor-spacer\">\n\t\t\t<div class=\"elementor-spacer-inner\"><\/div>\n\t\t<\/div>\n\t\t\t\t\t\t<\/div>\n\t\t\t\t<\/div>\n\t\t\t\t\t<\/div>\n\t\t<\/div>\n\t\t\t\t\t<\/div>\n\t\t<\/section>\n\t\t\t\t<section class=\"elementor-section elementor-inner-section elementor-element elementor-element-7440dc9 elementor-section-boxed elementor-section-height-default elementor-section-height-default\" data-id=\"7440dc9\" data-element_type=\"section\" data-e-type=\"section\">\n\t\t\t\t\t\t<div class=\"elementor-container elementor-column-gap-default\">\n\t\t\t\t\t<div class=\"elementor-column elementor-col-66 elementor-inner-column elementor-element elementor-element-a3dd9b4\" data-id=\"a3dd9b4\" data-element_type=\"column\" data-e-type=\"column\" data-settings=\"{&quot;background_background&quot;:&quot;classic&quot;}\">\n\t\t\t<div class=\"elementor-widget-wrap elementor-element-populated\">\n\t\t\t\t\t\t<div class=\"elementor-element elementor-element-2312a99 elementor-widget elementor-widget-heading\" data-id=\"2312a99\" data-element_type=\"widget\" data-e-type=\"widget\" data-widget_type=\"heading.default\">\n\t\t\t\t<div class=\"elementor-widget-container\">\n\t\t\t\t\t<h2 class=\"elementor-heading-title elementor-size-default\">Mossen<\/h2>\t\t\t\t<\/div>\n\t\t\t\t<\/div>\n\t\t\t\t<div class=\"elementor-element elementor-element-85e7536 elementor-widget elementor-widget-text-editor\" data-id=\"85e7536\" data-element_type=\"widget\" data-e-type=\"widget\" data-widget_type=\"text-editor.default\">\n\t\t\t\t<div class=\"elementor-widget-container\">\n\t\t\t\t\t\t\t\t\t<p>Av\u00a0<em><a href=\"https:\/\/litteraturbanken.se\/skolan\/?page_id=304\">Erik Axel Karlfeldt<\/a><\/em><\/p>\t\t\t\t\t\t\t\t<\/div>\n\t\t\t\t<\/div>\n\t\t\t\t<div class=\"elementor-element elementor-element-e6fd50f elementor-widget elementor-widget-text-editor\" data-id=\"e6fd50f\" data-element_type=\"widget\" data-e-type=\"widget\" data-widget_type=\"text-editor.default\">\n\t\t\t\t<div class=\"elementor-widget-container\">\n\t\t\t\t\t\t\t\t\t<p>Ur:\u00a0<i>Vildmarks- och k\u00e4rleksvisor\u00a0<\/i><span style=\"font-size: 15px; letter-spacing: 0.6px;\"><span class=\"ng-binding\" aria-hidden=\"false\">(1895)<\/span>\u00a0<\/span><strong>\u00c5rskurs<\/strong>:\u00a0Gymnasium\u00a0 \u00a0<strong>Tema<\/strong>:\u00a0Folktro och skr\u00e4c<a href=\"https:\/\/litteraturbanken.se\/skolan\/?page_id=1620\">k<\/a><\/p>\t\t\t\t\t\t\t\t<\/div>\n\t\t\t\t<\/div>\n\t\t\t\t<div class=\"elementor-element elementor-element-4b14bc0 elementor-widget elementor-widget-text-editor\" data-id=\"4b14bc0\" data-element_type=\"widget\" data-e-type=\"widget\" data-widget_type=\"text-editor.default\">\n\t\t\t\t<div class=\"elementor-widget-container\">\n\t\t\t\t\t\t\t\t\t<div class=\"_head b center chaptername\"><div class=\"_l\"><div class=\"literallayout\"><p>Nedom\u00a0berget,\u00a0bort\u00a0mot\u00a0skogens\u00a0gr\u00e4nser,<br \/>breder\u00a0mossen\u00a0ut\u00a0sig,\u00a0flack\u00a0och\u00a0sank.<br \/>Mellan\u00a0l\u00e5ga,\u00a0starrbev\u00e4xta\u00a0tuvor<br \/>skymtar\u00a0vattenytan\u00a0fet\u00a0och\u00a0blank.<br \/><br \/>N\u00e4r\u00a0om\u00a0v\u00e5ren\u00a0vildandsparet\u00a0kommer<br \/>och\u00a0sig\u00a0hit\u00e5t\u00a0s\u00e4nker\u00a0ned\u00a0ur\u00a0sky,<br \/>flyr\u00a0det\u00a0strax\u00a0\u00e5nyo,\u00a0vill\u00a0ej\u00a0smutsa<br \/>sina\u00a0vingar\u00a0i\u00a0den\u00a0bruna\u00a0dy.<br \/><br \/>Snart\u00a0st\u00e5r\u00a0berget\u00a0stolt\u00a0med\u00a0brokig\u00a0sammet,<br \/>sv\u00e4llande\u00a0och\u00a0ny,\u00a0kring\u00a0skrumpen\u00a0barm;<br \/>videsn\u00e5rens\u00a0mjuka\u00a0gr\u00f6nska\u00a0lyfter<br \/>som\u00a0i\u00a0l\u00e4ngtan\u00a0upp\u00a0mot\u00a0den\u00a0sin\u00a0arm.<br \/><br \/>\u00d6ver\u00a0skogsgemakens\u00a0tiljor\u00a0sp\u00e4nnas<br \/>mattor,\u00a0fl\u00e4tade\u00a0av\u00a0str\u00e5\u00a0och\u00a0ris.<br \/>Mellan\u00a0barrens\u00a0m\u00f6rka\u00a0draperier<br \/>spejar\u00a0blygt\u00a0en\u00a0h\u00e4gg\u00a0i\u00a0vit\u00a0chemise.<br \/><br \/>Men\u00a0med\u00a0stilla\u00a0sv\u00e5rmod\u00a0f\u00e4ster\u00a0mossen,<br \/>lik\u00a0en\u00a0fattig\u00a0och\u00a0f\u00f6rgr\u00e5ten\u00a0brud,<br \/>ljusa\u00a0hardun,\u00a0bleka\u00a0hjortronblommor<br \/>mellan\u00a0vecken\u00a0av\u00a0sin\u00a0blacka\u00a0skrud.<br \/><br \/>Och\u00a0n\u00e4r\u00a0inne\u00a0genom\u00a0tr\u00e4dens\u00a0skymning<br \/>vina\u00a0tj\u00e4derflykt\u00a0och\u00a0morkullsstr\u00e4ck,<br \/>surrar\u00a0h\u00e4r\u00a0blott\u00a0sl\u00e4ndan,\u00a0v\u00e4lva\u00a0grodans<br \/>simtag\u00a0tunga\u00a0v\u00e5gor\u00a0som\u00a0av\u00a0bl\u00e4ck.<br \/><br \/>Lilla\u00a0torparflickan,\u00a0vilken\u00a0s\u00f6ker<br \/>en\u00a0f\u00f6rirrad\u00a0ko\u00a0i\u00a0sommarkv\u00e4ll,\u00a0\u2013<br \/>kommer\u00a0hon\u00a0till\u00a0mossen,\u00a0tystnar\u00a0hastigt<br \/>hennes\u00a0lockning,\u00a0joddlande\u00a0och\u00a0g\u00e4ll.<br \/><br \/>Hon\u00a0har\u00a0h\u00f6rt,\u00a0att\u00a0h\u00e5llfast\u00a0gyttja\u00a0g\u00f6mmer<br \/>m\u00e5ngen\u00a0hemsk\u00a0och\u00a0blodig\u00a0hemlighet.<br \/>Stundom\u00a0som\u00a0ett\u00a0n\u00f6dskri\u00a0ut\u00a0till\u00a0bygden<br \/>ljuder\u00a0tranans\u00a0skr\u00e4llande\u00a0trumpet.<br \/><br \/>Barn,\u00a0av\u00a0sina\u00a0egna\u00a0m\u00f6drar\u00a0strypta,<br \/>n\u00e4r\u00a0\u00e4nnu\u00a0de\u00a0knappt\u00a0sett\u00a0livet\u00a0gry,<br \/>rike\u00a0f\u00e4rdm\u00e4n,\u00a0r\u00e5nade\u00a0och\u00a0dr\u00e4pte,<br \/>sova\u00a0i\u00a0den\u00a0bottenl\u00f6sa\u00a0dy&#8230;<br \/><br \/>Och\u00a0med\u00a0\u00f6gon\u00a0lysande\u00a0av\u00a0r\u00e4dsla<br \/>spanar\u00a0barnet\u00a0bak\u00a0en\u00a0k\u00e5dig\u00a0stam:<br \/>bleka,\u00a0v\u00e4senl\u00f6sa\u00a0dimgestalter<br \/>sv\u00e4va\u00a0sp\u00f6klikt\u00a0\u00f6ver\u00a0mossen\u00a0fram.<\/p><\/div><\/div><\/div>\t\t\t\t\t\t\t\t<\/div>\n\t\t\t\t<\/div>\n\t\t\t\t\t<\/div>\n\t\t<\/div>\n\t\t\t\t<div class=\"elementor-column elementor-col-33 elementor-inner-column elementor-element elementor-element-7c7f2a0\" data-id=\"7c7f2a0\" data-element_type=\"column\" data-e-type=\"column\">\n\t\t\t<div class=\"elementor-widget-wrap elementor-element-populated\">\n\t\t\t\t\t\t<div class=\"elementor-element elementor-element-972c8e2 elementor-widget elementor-widget-wp-widget-media_audio\" data-id=\"972c8e2\" data-element_type=\"widget\" data-e-type=\"widget\" data-widget_type=\"wp-widget-media_audio.default\">\n\t\t\t\t<div class=\"elementor-widget-container\">\n\t\t\t\t\t<h5>Paulina Helgeson l\u00e4ser \u201dMossen\u201d av Erik Axel Karlfeldt.<\/h5><audio class=\"wp-audio-shortcode\" id=\"audio-9904-1\" preload=\"none\" style=\"width: 100%;\" controls=\"controls\"><source type=\"audio\/mpeg\" src=\"https:\/\/litteraturbanken.se\/skolan\/wp-content\/uploads\/2019\/03\/karlfeldt_mossen_helgeson.mp3?_=1\" \/><source type=\"audio\/mpeg\" src=\"https:\/\/litteraturbanken.se\/skolan\/wp-content\/uploads\/2019\/03\/karlfeldt_mossen_helgeson.mp3?_=1\" \/><a href=\"https:\/\/litteraturbanken.se\/skolan\/wp-content\/uploads\/2019\/03\/karlfeldt_mossen_helgeson.mp3\">https:\/\/litteraturbanken.se\/skolan\/wp-content\/uploads\/2019\/03\/karlfeldt_mossen_helgeson.mp3<\/a><\/audio>\t\t\t\t<\/div>\n\t\t\t\t<\/div>\n\t\t\t\t<div class=\"elementor-element elementor-element-95b92d8 elementor-icon-list--layout-traditional elementor-list-item-link-full_width elementor-widget elementor-widget-icon-list\" data-id=\"95b92d8\" data-element_type=\"widget\" data-e-type=\"widget\" data-widget_type=\"icon-list.default\">\n\t\t\t\t<div class=\"elementor-widget-container\">\n\t\t\t\t\t\t\t<ul class=\"elementor-icon-list-items\">\n\t\t\t\t\t\t\t<li class=\"elementor-icon-list-item\">\n\t\t\t\t\t\t\t\t\t\t\t<a href=\"https:\/\/litteraturbanken.se\/forfattare\/KarlfeldtEA\/titlar\/VildmarksOchKarleksvisor\/sida\/50\/etext\" target=\"_blank\">\n\n\t\t\t\t\t\t\t\t\t\t\t\t<span class=\"elementor-icon-list-icon\">\n\t\t\t\t\t\t\t\t\t\t\t\t\t\t\t\t<i class=\"fa fa-file-text-o\" aria-hidden=\"true\"><\/i>\n\t\t\t\t\t\t\t\t\t\t\t\t\t<\/span>\n\t\t\t\t\t\t\t\t\t\t<span class=\"elementor-icon-list-text\">L\u00e4s dikten p\u00e5 Litteraturbanken<\/span>\n\t\t\t\t\t\t\t\t\t\t\t<\/a>\n\t\t\t\t\t\t\t\t\t<\/li>\n\t\t\t\t\t\t\t\t<li class=\"elementor-icon-list-item\">\n\t\t\t\t\t\t\t\t\t\t\t<a href=\"https:\/\/litteraturbanken.se\/skolan\/?page_id=261\" target=\"_blank\">\n\n\t\t\t\t\t\t\t\t\t\t\t\t<span class=\"elementor-icon-list-icon\">\n\t\t\t\t\t\t\t\t\t\t\t\t\t\t\t\t<i class=\"fa fa-file-text-o\" aria-hidden=\"true\"><\/i>\n\t\t\t\t\t\t\t\t\t\t\t\t\t<\/span>\n\t\t\t\t\t\t\t\t\t\t<span class=\"elementor-icon-list-text\">Termer och begrepp<\/span>\n\t\t\t\t\t\t\t\t\t\t\t<\/a>\n\t\t\t\t\t\t\t\t\t<\/li>\n\t\t\t\t\t\t<\/ul>\n\t\t\t\t\t\t<\/div>\n\t\t\t\t<\/div>\n\t\t\t\t<div class=\"elementor-element elementor-element-2e64dab elementor-align-center elementor-widget elementor-widget-button\" data-id=\"2e64dab\" data-element_type=\"widget\" data-e-type=\"widget\" data-widget_type=\"button.default\">\n\t\t\t\t<div class=\"elementor-widget-container\">\n\t\t\t\t\t\t\t\t\t<div class=\"elementor-button-wrapper\">\n\t\t\t\t\t<a class=\"elementor-button elementor-button-link elementor-size-md elementor-animation-grow\" href=\"#uppgift\">\n\t\t\t\t\t\t<span class=\"elementor-button-content-wrapper\">\n\t\t\t\t\t\t<span class=\"elementor-button-icon\">\n\t\t\t\t\t\t\t\t\t<i class=\"fa fa-pencil\" aria-hidden=\"true\"><\/i>\n\t\t\t\t\t\t\t<\/span>\n\t\t\t\t\t\t\t\t\t<span class=\"elementor-button-text\">Uppgift, Gymnasium<\/span>\n\t\t\t\t\t<\/span>\n\t\t\t\t\t<\/a>\n\t\t\t\t<\/div>\n\t\t\t\t\t\t\t\t<\/div>\n\t\t\t\t<\/div>\n\t\t\t\t<div class=\"elementor-element elementor-element-8e11ccb elementor-widget elementor-widget-image\" data-id=\"8e11ccb\" data-element_type=\"widget\" data-e-type=\"widget\" data-widget_type=\"image.default\">\n\t\t\t\t<div class=\"elementor-widget-container\">\n\t\t\t\t\t\t\t\t\t\t\t\t\t\t\t<img fetchpriority=\"high\" decoding=\"async\" width=\"300\" height=\"300\" src=\"https:\/\/litteraturbanken.se\/skolan\/wp-content\/uploads\/2019\/03\/lb_skolan_2019_knapp_f\u00f6rfattarbild_karlfeldt_gul-e1553013461938.jpg\" class=\"attachment-full size-full wp-image-13748\" alt=\"\" \/>\t\t\t\t\t\t\t\t\t\t\t\t\t\t\t<\/div>\n\t\t\t\t<\/div>\n\t\t\t\t\t<\/div>\n\t\t<\/div>\n\t\t\t\t\t<\/div>\n\t\t<\/section>\n\t\t\t\t<section class=\"elementor-section elementor-top-section elementor-element elementor-element-22d9828 elementor-section-boxed elementor-section-height-default elementor-section-height-default\" data-id=\"22d9828\" data-element_type=\"section\" data-e-type=\"section\">\n\t\t\t\t\t\t<div class=\"elementor-container elementor-column-gap-default\">\n\t\t\t\t\t<div class=\"elementor-column elementor-col-100 elementor-top-column elementor-element elementor-element-a35bab0\" data-id=\"a35bab0\" data-element_type=\"column\" data-e-type=\"column\">\n\t\t\t<div class=\"elementor-widget-wrap elementor-element-populated\">\n\t\t\t\t\t\t<div class=\"elementor-element elementor-element-ef9aba9 elementor-widget elementor-widget-spacer\" data-id=\"ef9aba9\" data-element_type=\"widget\" data-e-type=\"widget\" data-widget_type=\"spacer.default\">\n\t\t\t\t<div class=\"elementor-widget-container\">\n\t\t\t\t\t\t\t<div class=\"elementor-spacer\">\n\t\t\t<div class=\"elementor-spacer-inner\"><\/div>\n\t\t<\/div>\n\t\t\t\t\t\t<\/div>\n\t\t\t\t<\/div>\n\t\t\t\t\t<\/div>\n\t\t<\/div>\n\t\t\t\t\t<\/div>\n\t\t<\/section>\n\t\t\t\t<section class=\"elementor-section elementor-top-section elementor-element elementor-element-aadc6c2 elementor-section-boxed elementor-section-height-default elementor-section-height-default\" data-id=\"aadc6c2\" data-element_type=\"section\" data-e-type=\"section\">\n\t\t\t\t\t\t<div class=\"elementor-container elementor-column-gap-default\">\n\t\t\t\t\t<div class=\"elementor-column elementor-col-100 elementor-top-column elementor-element elementor-element-ed31189\" data-id=\"ed31189\" data-element_type=\"column\" data-e-type=\"column\" data-settings=\"{&quot;background_background&quot;:&quot;classic&quot;}\">\n\t\t\t<div class=\"elementor-widget-wrap elementor-element-populated\">\n\t\t\t\t\t\t<section class=\"elementor-section elementor-inner-section elementor-element elementor-element-cffa5d1 elementor-section-boxed elementor-section-height-default elementor-section-height-default\" data-id=\"cffa5d1\" data-element_type=\"section\" data-e-type=\"section\">\n\t\t\t\t\t\t<div class=\"elementor-container elementor-column-gap-default\">\n\t\t\t\t\t<div class=\"elementor-column elementor-col-100 elementor-inner-column elementor-element elementor-element-82eff0c\" data-id=\"82eff0c\" data-element_type=\"column\" data-e-type=\"column\">\n\t\t\t<div class=\"elementor-widget-wrap elementor-element-populated\">\n\t\t\t\t\t\t<div class=\"elementor-element elementor-element-d99e4f8 elementor-widget elementor-widget-menu-anchor\" data-id=\"d99e4f8\" data-element_type=\"widget\" data-e-type=\"widget\" data-widget_type=\"menu-anchor.default\">\n\t\t\t\t<div class=\"elementor-widget-container\">\n\t\t\t\t\t\t\t<div class=\"elementor-menu-anchor\" id=\"uppgift\"><\/div>\n\t\t\t\t\t\t<\/div>\n\t\t\t\t<\/div>\n\t\t\t\t<div class=\"elementor-element elementor-element-3d3911a elementor-view-framed elementor-shape-circle elementor-widget elementor-widget-icon\" data-id=\"3d3911a\" data-element_type=\"widget\" data-e-type=\"widget\" data-widget_type=\"icon.default\">\n\t\t\t\t<div class=\"elementor-widget-container\">\n\t\t\t\t\t\t\t<div class=\"elementor-icon-wrapper\">\n\t\t\t<div class=\"elementor-icon\">\n\t\t\t\t\t\t\t<i class=\"fa fa-pencil\" aria-hidden=\"true\"><\/i>\n\t\t\t\t\t\t<\/div>\n\t\t<\/div>\n\t\t\t\t\t\t<\/div>\n\t\t\t\t<\/div>\n\t\t\t\t<div class=\"elementor-element elementor-element-cde1b71 elementor-widget elementor-widget-toggle\" data-id=\"cde1b71\" data-element_type=\"widget\" data-e-type=\"widget\" data-widget_type=\"toggle.default\">\n\t\t\t\t<div class=\"elementor-widget-container\">\n\t\t\t\t\t\t\t<div class=\"elementor-toggle\">\n\t\t\t\t\t\t\t<div class=\"elementor-toggle-item\">\n\t\t\t\t\t<div id=\"elementor-tab-title-2151\" class=\"elementor-tab-title\" data-tab=\"1\" role=\"button\" aria-controls=\"elementor-tab-content-2151\" aria-expanded=\"false\">\n\t\t\t\t\t\t\t\t\t\t\t\t<span class=\"elementor-toggle-icon elementor-toggle-icon-left\" aria-hidden=\"true\">\n\t\t\t\t\t\t\t\t\t\t\t\t\t\t\t<i class=\"elementor-toggle-icon-closed fa fa-chevron-right\"><\/i>\n\t\t\t\t\t\t\t\t<i class=\"elementor-toggle-icon-opened fa fa-chevron-down\"><\/i>\n\t\t\t\t\t\t\t\t\t\t\t\t\t<\/span>\n\t\t\t\t\t\t\t\t\t\t\t\t<a class=\"elementor-toggle-title\" tabindex=\"0\">Gymnasium<\/a>\n\t\t\t\t\t<\/div>\n\n\t\t\t\t\t<div id=\"elementor-tab-content-2151\" class=\"elementor-tab-content elementor-clearfix\" data-tab=\"1\" role=\"region\" aria-labelledby=\"elementor-tab-title-2151\"><h3>M\u00e5la<\/h3><p>M\u00e5la den kusliga st\u00e4mningen p\u00e5 mossen. Hur bygger f\u00f6rfattaren upp st\u00e4mningen?<\/p><\/div>\n\t\t\t\t<\/div>\n\t\t\t\t\t\t\t\t<\/div>\n\t\t\t\t\t\t<\/div>\n\t\t\t\t<\/div>\n\t\t\t\t\t<\/div>\n\t\t<\/div>\n\t\t\t\t\t<\/div>\n\t\t<\/section>\n\t\t\t\t<div class=\"elementor-element elementor-element-306acb3 elementor-widget elementor-widget-spacer\" data-id=\"306acb3\" data-element_type=\"widget\" data-e-type=\"widget\" data-widget_type=\"spacer.default\">\n\t\t\t\t<div class=\"elementor-widget-container\">\n\t\t\t\t\t\t\t<div class=\"elementor-spacer\">\n\t\t\t<div class=\"elementor-spacer-inner\"><\/div>\n\t\t<\/div>\n\t\t\t\t\t\t<\/div>\n\t\t\t\t<\/div>\n\t\t\t\t\t<\/div>\n\t\t<\/div>\n\t\t\t\t\t<\/div>\n\t\t<\/section>\n\t\t\t\t<section class=\"elementor-section elementor-top-section elementor-element elementor-element-eb8b2d5 elementor-section-boxed elementor-section-height-default elementor-section-height-default\" data-id=\"eb8b2d5\" data-element_type=\"section\" data-e-type=\"section\">\n\t\t\t\t\t\t<div class=\"elementor-container elementor-column-gap-default\">\n\t\t\t\t\t<div class=\"elementor-column elementor-col-100 elementor-top-column elementor-element elementor-element-1acc0de\" data-id=\"1acc0de\" data-element_type=\"column\" data-e-type=\"column\">\n\t\t\t<div class=\"elementor-widget-wrap elementor-element-populated\">\n\t\t\t\t\t\t<div class=\"elementor-element elementor-element-fc15a15 elementor-widget elementor-widget-spacer\" data-id=\"fc15a15\" data-element_type=\"widget\" data-e-type=\"widget\" data-widget_type=\"spacer.default\">\n\t\t\t\t<div class=\"elementor-widget-container\">\n\t\t\t\t\t\t\t<div class=\"elementor-spacer\">\n\t\t\t<div class=\"elementor-spacer-inner\"><\/div>\n\t\t<\/div>\n\t\t\t\t\t\t<\/div>\n\t\t\t\t<\/div>\n\t\t\t\t\t<\/div>\n\t\t<\/div>\n\t\t\t\t\t<\/div>\n\t\t<\/section>\n\t\t\t\t<\/div>\n\t\t","protected":false},"excerpt":{"rendered":"<p>Mossen Av\u00a0Erik Axel Karlfeldt Ur:\u00a0Vildmarks- och k\u00e4rleksvisor\u00a0(1895)\u00a0\u00c5rskurs:\u00a0Gymnasium\u00a0 \u00a0Tema:\u00a0Folktro och skr\u00e4ck Nedom\u00a0berget,\u00a0bort\u00a0mot\u00a0skogens\u00a0gr\u00e4nser,breder\u00a0mossen\u00a0ut\u00a0sig,\u00a0flack\u00a0och\u00a0sank.Mellan\u00a0l\u00e5ga,\u00a0starrbev\u00e4xta\u00a0tuvorskymtar\u00a0vattenytan\u00a0fet\u00a0och\u00a0blank. N\u00e4r\u00a0om\u00a0v\u00e5ren\u00a0vildandsparet\u00a0kommeroch\u00a0sig\u00a0hit\u00e5t\u00a0s\u00e4nker\u00a0ned\u00a0ur\u00a0sky,flyr\u00a0det\u00a0strax\u00a0\u00e5nyo,\u00a0vill\u00a0ej\u00a0smutsasina\u00a0vingar\u00a0i\u00a0den\u00a0bruna\u00a0dy. Snart\u00a0st\u00e5r\u00a0berget\u00a0stolt\u00a0med\u00a0brokig\u00a0sammet,sv\u00e4llande\u00a0och\u00a0ny,\u00a0kring\u00a0skrumpen\u00a0barm;videsn\u00e5rens\u00a0mjuka\u00a0gr\u00f6nska\u00a0lyftersom\u00a0i\u00a0l\u00e4ngtan\u00a0upp\u00a0mot\u00a0den\u00a0sin\u00a0arm. \u00d6ver\u00a0skogsgemakens\u00a0tiljor\u00a0sp\u00e4nnasmattor,\u00a0fl\u00e4tade\u00a0av\u00a0str\u00e5\u00a0och\u00a0ris.Mellan\u00a0barrens\u00a0m\u00f6rka\u00a0draperierspejar\u00a0blygt\u00a0en\u00a0h\u00e4gg\u00a0i\u00a0vit\u00a0chemise. Men\u00a0med\u00a0stilla\u00a0sv\u00e5rmod\u00a0f\u00e4ster\u00a0mossen,lik\u00a0en\u00a0fattig\u00a0och\u00a0f\u00f6rgr\u00e5ten\u00a0brud,ljusa\u00a0hardun,\u00a0bleka\u00a0hjortronblommormellan\u00a0vecken\u00a0av\u00a0sin\u00a0blacka\u00a0skrud. Och\u00a0n\u00e4r\u00a0inne\u00a0genom\u00a0tr\u00e4dens\u00a0skymningvina\u00a0tj\u00e4derflykt\u00a0och\u00a0morkullsstr\u00e4ck,surrar\u00a0h\u00e4r\u00a0blott\u00a0sl\u00e4ndan,\u00a0v\u00e4lva\u00a0grodanssimtag\u00a0tunga\u00a0v\u00e5gor\u00a0som\u00a0av\u00a0bl\u00e4ck. Lilla\u00a0torparflickan,\u00a0vilken\u00a0s\u00f6keren\u00a0f\u00f6rirrad\u00a0ko\u00a0i\u00a0sommarkv\u00e4ll,\u00a0\u2013kommer\u00a0hon\u00a0till\u00a0mossen,\u00a0tystnar\u00a0hastigthennes\u00a0lockning,\u00a0joddlande\u00a0och\u00a0g\u00e4ll. Hon\u00a0har\u00a0h\u00f6rt,\u00a0att\u00a0h\u00e5llfast\u00a0gyttja\u00a0g\u00f6mmerm\u00e5ngen\u00a0hemsk\u00a0och\u00a0blodig\u00a0hemlighet.Stundom\u00a0som\u00a0ett\u00a0n\u00f6dskri\u00a0ut\u00a0till\u00a0bygdenljuder\u00a0tranans\u00a0skr\u00e4llande\u00a0trumpet. Barn,\u00a0av\u00a0sina\u00a0egna\u00a0m\u00f6drar\u00a0strypta,n\u00e4r\u00a0\u00e4nnu\u00a0de\u00a0knappt\u00a0sett\u00a0livet\u00a0gry,rike\u00a0f\u00e4rdm\u00e4n,\u00a0r\u00e5nade\u00a0och\u00a0dr\u00e4pte,sova\u00a0i\u00a0den\u00a0bottenl\u00f6sa\u00a0dy&#8230; Och\u00a0med\u00a0\u00f6gon\u00a0lysande\u00a0av\u00a0r\u00e4dslaspanar\u00a0barnet\u00a0bak\u00a0en\u00a0k\u00e5dig\u00a0stam:bleka,\u00a0v\u00e4senl\u00f6sa\u00a0dimgestaltersv\u00e4va\u00a0sp\u00f6klikt\u00a0\u00f6ver\u00a0mossen\u00a0fram. L\u00e4s dikten p\u00e5 Litteraturbanken Termer och begrepp Uppgift, Gymnasium Gymnasium M\u00e5la M\u00e5la den kusliga st\u00e4mningen p\u00e5 mossen. Hur bygger f\u00f6rfattaren upp st\u00e4mningen?<\/p>\n","protected":false},"author":5,"featured_media":0,"parent":0,"menu_order":0,"comment_status":"closed","ping_status":"closed","template":"","meta":{"ocean_post_layout":"full-screen","ocean_both_sidebars_style":"","ocean_both_sidebars_content_width":0,"ocean_both_sidebars_sidebars_width":0,"ocean_sidebar":"0","ocean_second_sidebar":"0","ocean_disable_margins":"enable","ocean_add_body_class":"","ocean_shortcode_before_top_bar":"","ocean_shortcode_after_top_bar":"","ocean_shortcode_before_header":"","ocean_shortcode_after_header":"","ocean_has_shortcode":"","ocean_shortcode_after_title":"","ocean_shortcode_before_footer_widgets":"","ocean_shortcode_after_footer_widgets":"","ocean_shortcode_before_footer_bottom":"","ocean_shortcode_after_footer_bottom":"","ocean_display_top_bar":"default","ocean_display_header":"default","ocean_header_style":"","ocean_center_header_left_menu":"0","ocean_custom_header_template":"0","ocean_custom_logo":0,"ocean_custom_retina_logo":0,"ocean_custom_logo_max_width":0,"ocean_custom_logo_tablet_max_width":0,"ocean_custom_logo_mobile_max_width":0,"ocean_custom_logo_max_height":0,"ocean_custom_logo_tablet_max_height":0,"ocean_custom_logo_mobile_max_height":0,"ocean_header_custom_menu":"0","ocean_menu_typo_font_family":"0","ocean_menu_typo_font_subset":"","ocean_menu_typo_font_size":0,"ocean_menu_typo_font_size_tablet":0,"ocean_menu_typo_font_size_mobile":0,"ocean_menu_typo_font_size_unit":"px","ocean_menu_typo_font_weight":"","ocean_menu_typo_font_weight_tablet":"","ocean_menu_typo_font_weight_mobile":"","ocean_menu_typo_transform":"","ocean_menu_typo_transform_tablet":"","ocean_menu_typo_transform_mobile":"","ocean_menu_typo_line_height":0,"ocean_menu_typo_line_height_tablet":0,"ocean_menu_typo_line_height_mobile":0,"ocean_menu_typo_line_height_unit":"","ocean_menu_typo_spacing":0,"ocean_menu_typo_spacing_tablet":0,"ocean_menu_typo_spacing_mobile":0,"ocean_menu_typo_spacing_unit":"","ocean_menu_link_color":"","ocean_menu_link_color_hover":"","ocean_menu_link_color_active":"","ocean_menu_link_background":"","ocean_menu_link_hover_background":"","ocean_menu_link_active_background":"","ocean_menu_social_links_bg":"","ocean_menu_social_hover_links_bg":"","ocean_menu_social_links_color":"","ocean_menu_social_hover_links_color":"","ocean_disable_title":"on","ocean_disable_heading":"default","ocean_post_title":"","ocean_post_subheading":"","ocean_post_title_style":"","ocean_post_title_background_color":"","ocean_post_title_background":0,"ocean_post_title_bg_image_position":"","ocean_post_title_bg_image_attachment":"","ocean_post_title_bg_image_repeat":"","ocean_post_title_bg_image_size":"","ocean_post_title_height":0,"ocean_post_title_bg_overlay":0.5,"ocean_post_title_bg_overlay_color":"","ocean_disable_breadcrumbs":"default","ocean_breadcrumbs_color":"","ocean_breadcrumbs_separator_color":"","ocean_breadcrumbs_links_color":"","ocean_breadcrumbs_links_hover_color":"","ocean_display_footer_widgets":"default","ocean_display_footer_bottom":"default","ocean_custom_footer_template":"0","footnotes":""},"class_list":["post-9904","page","type-page","status-publish","hentry","entry"],"_links":{"self":[{"href":"https:\/\/litteraturbanken.se\/skolan\/wp-json\/wp\/v2\/pages\/9904","targetHints":{"allow":["GET"]}}],"collection":[{"href":"https:\/\/litteraturbanken.se\/skolan\/wp-json\/wp\/v2\/pages"}],"about":[{"href":"https:\/\/litteraturbanken.se\/skolan\/wp-json\/wp\/v2\/types\/page"}],"author":[{"embeddable":true,"href":"https:\/\/litteraturbanken.se\/skolan\/wp-json\/wp\/v2\/users\/5"}],"replies":[{"embeddable":true,"href":"https:\/\/litteraturbanken.se\/skolan\/wp-json\/wp\/v2\/comments?post=9904"}],"version-history":[{"count":14,"href":"https:\/\/litteraturbanken.se\/skolan\/wp-json\/wp\/v2\/pages\/9904\/revisions"}],"predecessor-version":[{"id":19984,"href":"https:\/\/litteraturbanken.se\/skolan\/wp-json\/wp\/v2\/pages\/9904\/revisions\/19984"}],"wp:attachment":[{"href":"https:\/\/litteraturbanken.se\/skolan\/wp-json\/wp\/v2\/media?parent=9904"}],"curies":[{"name":"wp","href":"https:\/\/api.w.org\/{rel}","templated":true}]}}