{"id":9939,"date":"2018-12-15T23:55:22","date_gmt":"2018-12-15T22:55:22","guid":{"rendered":"https:\/\/litteraturbanken.se\/skoladev\/?page_id=9939"},"modified":"2020-03-09T11:44:21","modified_gmt":"2020-03-09T10:44:21","slug":"poesi-forfattare-viktor-rydberg-om","status":"publish","type":"page","link":"https:\/\/litteraturbanken.se\/skolan\/poesi-forfattare-viktor-rydberg-om\/","title":{"rendered":"Poesi\/F\u00f6rfattare\/Viktor Rydberg\/Mer om"},"content":{"rendered":"\t\t<div data-elementor-type=\"wp-post\" data-elementor-id=\"9939\" class=\"elementor elementor-9939\">\n\t\t\t\t\t\t<section class=\"elementor-section elementor-top-section elementor-element elementor-element-d6173d8 elementor-section-full_width elementor-section-height-default elementor-section-height-default\" data-id=\"d6173d8\" data-element_type=\"section\" data-e-type=\"section\" data-settings=\"{&quot;background_background&quot;:&quot;classic&quot;}\">\n\t\t\t\t\t\t<div class=\"elementor-container elementor-column-gap-default\">\n\t\t\t\t\t<div class=\"elementor-column elementor-col-25 elementor-top-column elementor-element elementor-element-db50fc7\" data-id=\"db50fc7\" data-element_type=\"column\" data-e-type=\"column\">\n\t\t\t<div class=\"elementor-widget-wrap\">\n\t\t\t\t\t\t\t<\/div>\n\t\t<\/div>\n\t\t\t\t<div class=\"elementor-column elementor-col-25 elementor-top-column elementor-element elementor-element-550366e\" data-id=\"550366e\" data-element_type=\"column\" data-e-type=\"column\" data-settings=\"{&quot;background_background&quot;:&quot;classic&quot;}\">\n\t\t\t<div class=\"elementor-widget-wrap elementor-element-populated\">\n\t\t\t\t\t\t<div class=\"elementor-element elementor-element-a227c95 elementor-widget elementor-widget-spacer\" data-id=\"a227c95\" data-element_type=\"widget\" data-e-type=\"widget\" data-widget_type=\"spacer.default\">\n\t\t\t\t<div class=\"elementor-widget-container\">\n\t\t\t\t\t\t\t<div class=\"elementor-spacer\">\n\t\t\t<div class=\"elementor-spacer-inner\"><\/div>\n\t\t<\/div>\n\t\t\t\t\t\t<\/div>\n\t\t\t\t<\/div>\n\t\t\t\t<div class=\"elementor-element elementor-element-18cab7e elementor-widget elementor-widget-text-editor\" data-id=\"18cab7e\" data-element_type=\"widget\" data-e-type=\"widget\" data-widget_type=\"text-editor.default\">\n\t\t\t\t<div class=\"elementor-widget-container\">\n\t\t\t\t\t\t\t\t\t<h1 class=\"title\">Viktor Rydberg<\/h1>\t\t\t\t\t\t\t\t<\/div>\n\t\t\t\t<\/div>\n\t\t\t\t<div class=\"elementor-element elementor-element-6126afd elementor-widget elementor-widget-text-editor\" data-id=\"6126afd\" data-element_type=\"widget\" data-e-type=\"widget\" data-widget_type=\"text-editor.default\">\n\t\t\t\t<div class=\"elementor-widget-container\">\n\t\t\t\t\t\t\t\t\t<div class=\"ng-binding\"><p><em>VIKTOR RYDBERG (1828\u201395), journalist, f\u00f6rfattare och forskare. Hans f\u00f6rfattarskap sp\u00e4nner \u00f6ver m\u00e5nga genrer, fr\u00e5n romaner och dikter till ess\u00e4er och avhandlingar i ett brett spektrum av \u00e4mnen. Allt pr\u00e4glat av ett starkt id\u00e9intresse, poetisk fantasi och klassisk klarhet i stilen. <\/em><\/p><p><em>F\u00f6ljetongen\u00a0Vampyren\u00a0(1848) tillh\u00f6rde de ungdomsverk han aldrig gav ut under eget namn; den \u201driktiga\u201d debuten blev ist\u00e4llet \u00e4ventyrsromanen\u00a0Fribytaren p\u00e5 \u00d6stersj\u00f6n\u00a0(1857). Id\u00e9romanen\u00a0Den siste Athenaren\u00a0(1859), d\u00e4r kristet och hellenskt st\u00e4lls mot varandra, blev hans litter\u00e4ra genombrott och kom via sitt f\u00f6rord att forma bilden av honom som stridsman f\u00f6r tankens frihet. <\/em><\/p><p><em>Men den stora ryktbarheten kom genom\u00a0Bibelns l\u00e4ra om Kristus\u00a0(1862), en teologisk pamflett som tr\u00e4ffade nationen \u201dsom en elektrisk st\u00f6t\u201d, skakade den svenska kyrkan och gjorde fundamentalismen om\u00f6jlig i bildade kretsar. <\/em><\/p><p>Kyrkokritiken f\u00f6ljdes upp i\u00a0<i>Medeltidens magi<\/i>\u00a0(1865), men d\u00e4refter f\u00f6ljde en omorientering, bort fr\u00e5n konfrontation och reformatorsroll. Efter en Italienresa 1874 br\u00f6t han en l\u00e5ng tystnad, debuterade som skald, er\u00f6vrade nya l\u00e4sargrupper och avancerade socialt. Kantaten till jubileumsfesten i Uppsala 1877 (tryckt i\u00a0<i>Dikter<\/i>, f\u00f6rsta samlingen, 1882) blev det perfekta poetiska uttrycket f\u00f6r hans och tidens idealism, och rollen som \u201dsiare\u201d lades till stridsmannen.<\/p><p>Under \u00e5ttiotalet retirerade Rydberg (som inte trivdes i realismens litter\u00e4ra klimat) in i ett missriktat f\u00f6rs\u00f6k att rekonstruera de gamla germanernas mytologi. Nittiotalet blev en ny \u00e5terkomst, med social diktning (\u201dDen nya grottes\u00e5ngen\u201d i\u00a0<i>Dikter<\/i>, andra samlingen, 1891) och en predikan f\u00f6r \u00f6ppenhet och tolerans i romanen\u00a0<i>Vapensmeden\u00a0<\/i>(1891).<\/p><p>Den romantiska k\u00e4rlekssagan\u00a0<i>Singoalla<\/i>, som han publicerat 1857 och uppdaterat hela livet, fick sitt genombrott med fj\u00e4rde upplagan (1894); den hade aldrig passat in i hans offentliga roll men blev senare hans mest l\u00e4sta och livskraftiga verk. Mot slutet av sitt liv framstod han som \u201dnationens l\u00e4rare\u201d, och hans verk beh\u00f6ll ett starkt inflytande c:a 50 \u00e5r efter hans d\u00f6d, inte minst f\u00f6r att han kunde fungera som referenspunkt f\u00f6r s\u00e5v\u00e4l konservativa som liberaler och socialister, liksom f\u00f6r b\u00e5de kristna och religi\u00f6st oppositionella.<\/p><\/div><div class=\"introauthor\"><em class=\"ng-binding\">Tore Lund<\/em><\/div>\t\t\t\t\t\t\t\t<\/div>\n\t\t\t\t<\/div>\n\t\t\t\t\t<\/div>\n\t\t<\/div>\n\t\t\t\t<div class=\"elementor-column elementor-col-25 elementor-top-column elementor-element elementor-element-1e5e67c\" data-id=\"1e5e67c\" data-element_type=\"column\" data-e-type=\"column\">\n\t\t\t<div class=\"elementor-widget-wrap elementor-element-populated\">\n\t\t\t\t\t\t<div class=\"elementor-element elementor-element-0647c6e elementor-widget elementor-widget-spacer\" data-id=\"0647c6e\" data-element_type=\"widget\" data-e-type=\"widget\" data-widget_type=\"spacer.default\">\n\t\t\t\t<div class=\"elementor-widget-container\">\n\t\t\t\t\t\t\t<div class=\"elementor-spacer\">\n\t\t\t<div class=\"elementor-spacer-inner\"><\/div>\n\t\t<\/div>\n\t\t\t\t\t\t<\/div>\n\t\t\t\t<\/div>\n\t\t\t\t<div class=\"elementor-element elementor-element-38a968a elementor-widget elementor-widget-image\" data-id=\"38a968a\" data-element_type=\"widget\" data-e-type=\"widget\" data-widget_type=\"image.default\">\n\t\t\t\t<div class=\"elementor-widget-container\">\n\t\t\t\t\t\t\t\t\t\t\t\t\t\t\t<img fetchpriority=\"high\" decoding=\"async\" width=\"300\" height=\"300\" src=\"https:\/\/litteraturbanken.se\/skolan\/wp-content\/uploads\/2019\/03\/lb_skolan_2019_knapp_f\u00f6rfattarbild_rydberg_r\u00f6d-e1553013285588.jpg\" class=\"attachment-full size-full wp-image-13776\" alt=\"\" \/>\t\t\t\t\t\t\t\t\t\t\t\t\t\t\t<\/div>\n\t\t\t\t<\/div>\n\t\t\t\t<div class=\"elementor-element elementor-element-243685e elementor-widget elementor-widget-spacer\" data-id=\"243685e\" data-element_type=\"widget\" data-e-type=\"widget\" data-widget_type=\"spacer.default\">\n\t\t\t\t<div class=\"elementor-widget-container\">\n\t\t\t\t\t\t\t<div class=\"elementor-spacer\">\n\t\t\t<div class=\"elementor-spacer-inner\"><\/div>\n\t\t<\/div>\n\t\t\t\t\t\t<\/div>\n\t\t\t\t<\/div>\n\t\t\t\t\t<\/div>\n\t\t<\/div>\n\t\t\t\t<div class=\"elementor-column elementor-col-25 elementor-top-column elementor-element elementor-element-1c6fd9c\" data-id=\"1c6fd9c\" data-element_type=\"column\" data-e-type=\"column\">\n\t\t\t<div class=\"elementor-widget-wrap elementor-element-populated\">\n\t\t\t\t\t\t<div class=\"elementor-element elementor-element-09c3702 elementor-widget elementor-widget-spacer\" data-id=\"09c3702\" data-element_type=\"widget\" data-e-type=\"widget\" data-widget_type=\"spacer.default\">\n\t\t\t\t<div class=\"elementor-widget-container\">\n\t\t\t\t\t\t\t<div class=\"elementor-spacer\">\n\t\t\t<div class=\"elementor-spacer-inner\"><\/div>\n\t\t<\/div>\n\t\t\t\t\t\t<\/div>\n\t\t\t\t<\/div>\n\t\t\t\t<div class=\"elementor-element elementor-element-3252b39 elementor-widget elementor-widget-spacer\" data-id=\"3252b39\" data-element_type=\"widget\" data-e-type=\"widget\" data-widget_type=\"spacer.default\">\n\t\t\t\t<div class=\"elementor-widget-container\">\n\t\t\t\t\t\t\t<div class=\"elementor-spacer\">\n\t\t\t<div class=\"elementor-spacer-inner\"><\/div>\n\t\t<\/div>\n\t\t\t\t\t\t<\/div>\n\t\t\t\t<\/div>\n\t\t\t\t\t<\/div>\n\t\t<\/div>\n\t\t\t\t\t<\/div>\n\t\t<\/section>\n\t\t\t\t<\/div>\n\t\t","protected":false},"excerpt":{"rendered":"<p>Viktor Rydberg VIKTOR RYDBERG (1828\u201395), journalist, f\u00f6rfattare och forskare. Hans f\u00f6rfattarskap sp\u00e4nner \u00f6ver m\u00e5nga genrer, fr\u00e5n romaner och dikter till ess\u00e4er och avhandlingar i ett brett spektrum av \u00e4mnen. Allt pr\u00e4glat av ett starkt id\u00e9intresse, poetisk fantasi och klassisk klarhet i stilen. F\u00f6ljetongen\u00a0Vampyren\u00a0(1848) tillh\u00f6rde de ungdomsverk han aldrig gav ut under eget namn; den \u201driktiga\u201d [&hellip;]<\/p>\n","protected":false},"author":5,"featured_media":0,"parent":0,"menu_order":0,"comment_status":"closed","ping_status":"closed","template":"","meta":{"ocean_post_layout":"full-screen","ocean_both_sidebars_style":"","ocean_both_sidebars_content_width":0,"ocean_both_sidebars_sidebars_width":0,"ocean_sidebar":"0","ocean_second_sidebar":"0","ocean_disable_margins":"enable","ocean_add_body_class":"","ocean_shortcode_before_top_bar":"","ocean_shortcode_after_top_bar":"","ocean_shortcode_before_header":"","ocean_shortcode_after_header":"","ocean_has_shortcode":"","ocean_shortcode_after_title":"","ocean_shortcode_before_footer_widgets":"","ocean_shortcode_after_footer_widgets":"","ocean_shortcode_before_footer_bottom":"","ocean_shortcode_after_footer_bottom":"","ocean_display_top_bar":"default","ocean_display_header":"default","ocean_header_style":"","ocean_center_header_left_menu":"0","ocean_custom_header_template":"0","ocean_custom_logo":0,"ocean_custom_retina_logo":0,"ocean_custom_logo_max_width":0,"ocean_custom_logo_tablet_max_width":0,"ocean_custom_logo_mobile_max_width":0,"ocean_custom_logo_max_height":0,"ocean_custom_logo_tablet_max_height":0,"ocean_custom_logo_mobile_max_height":0,"ocean_header_custom_menu":"0","ocean_menu_typo_font_family":"0","ocean_menu_typo_font_subset":"","ocean_menu_typo_font_size":0,"ocean_menu_typo_font_size_tablet":0,"ocean_menu_typo_font_size_mobile":0,"ocean_menu_typo_font_size_unit":"px","ocean_menu_typo_font_weight":"","ocean_menu_typo_font_weight_tablet":"","ocean_menu_typo_font_weight_mobile":"","ocean_menu_typo_transform":"","ocean_menu_typo_transform_tablet":"","ocean_menu_typo_transform_mobile":"","ocean_menu_typo_line_height":0,"ocean_menu_typo_line_height_tablet":0,"ocean_menu_typo_line_height_mobile":0,"ocean_menu_typo_line_height_unit":"","ocean_menu_typo_spacing":0,"ocean_menu_typo_spacing_tablet":0,"ocean_menu_typo_spacing_mobile":0,"ocean_menu_typo_spacing_unit":"","ocean_menu_link_color":"","ocean_menu_link_color_hover":"","ocean_menu_link_color_active":"","ocean_menu_link_background":"","ocean_menu_link_hover_background":"","ocean_menu_link_active_background":"","ocean_menu_social_links_bg":"","ocean_menu_social_hover_links_bg":"","ocean_menu_social_links_color":"","ocean_menu_social_hover_links_color":"","ocean_disable_title":"on","ocean_disable_heading":"default","ocean_post_title":"","ocean_post_subheading":"","ocean_post_title_style":"","ocean_post_title_background_color":"","ocean_post_title_background":0,"ocean_post_title_bg_image_position":"","ocean_post_title_bg_image_attachment":"","ocean_post_title_bg_image_repeat":"","ocean_post_title_bg_image_size":"","ocean_post_title_height":0,"ocean_post_title_bg_overlay":0.5,"ocean_post_title_bg_overlay_color":"","ocean_disable_breadcrumbs":"default","ocean_breadcrumbs_color":"","ocean_breadcrumbs_separator_color":"","ocean_breadcrumbs_links_color":"","ocean_breadcrumbs_links_hover_color":"","ocean_display_footer_widgets":"default","ocean_display_footer_bottom":"default","ocean_custom_footer_template":"0","footnotes":""},"class_list":["post-9939","page","type-page","status-publish","hentry","entry"],"_links":{"self":[{"href":"https:\/\/litteraturbanken.se\/skolan\/wp-json\/wp\/v2\/pages\/9939","targetHints":{"allow":["GET"]}}],"collection":[{"href":"https:\/\/litteraturbanken.se\/skolan\/wp-json\/wp\/v2\/pages"}],"about":[{"href":"https:\/\/litteraturbanken.se\/skolan\/wp-json\/wp\/v2\/types\/page"}],"author":[{"embeddable":true,"href":"https:\/\/litteraturbanken.se\/skolan\/wp-json\/wp\/v2\/users\/5"}],"replies":[{"embeddable":true,"href":"https:\/\/litteraturbanken.se\/skolan\/wp-json\/wp\/v2\/comments?post=9939"}],"version-history":[{"count":6,"href":"https:\/\/litteraturbanken.se\/skolan\/wp-json\/wp\/v2\/pages\/9939\/revisions"}],"predecessor-version":[{"id":20499,"href":"https:\/\/litteraturbanken.se\/skolan\/wp-json\/wp\/v2\/pages\/9939\/revisions\/20499"}],"wp:attachment":[{"href":"https:\/\/litteraturbanken.se\/skolan\/wp-json\/wp\/v2\/media?parent=9939"}],"curies":[{"name":"wp","href":"https:\/\/api.w.org\/{rel}","templated":true}]}}