{"id":9964,"date":"2018-12-18T20:02:23","date_gmt":"2018-12-18T19:02:23","guid":{"rendered":"https:\/\/litteraturbanken.se\/skoladev\/?page_id=9964"},"modified":"2020-03-04T11:38:34","modified_gmt":"2020-03-04T10:38:34","slug":"poesi-forfattare-gustaf-froding-skromt","status":"publish","type":"page","link":"https:\/\/litteraturbanken.se\/skolan\/poesi-forfattare-gustaf-froding-skromt\/","title":{"rendered":"Poesi\/F\u00f6rfattare\/Gustaf Fr\u00f6ding\/Skr\u00f6mt"},"content":{"rendered":"\t\t<div data-elementor-type=\"wp-post\" data-elementor-id=\"9964\" class=\"elementor elementor-9964\">\n\t\t\t\t\t\t<section class=\"elementor-section elementor-top-section elementor-element elementor-element-49da163 elementor-section-boxed elementor-section-height-default elementor-section-height-default\" data-id=\"49da163\" data-element_type=\"section\" data-e-type=\"section\">\n\t\t\t\t\t\t<div class=\"elementor-container elementor-column-gap-default\">\n\t\t\t\t\t<div class=\"elementor-column elementor-col-100 elementor-top-column elementor-element elementor-element-f6dd9d4\" data-id=\"f6dd9d4\" data-element_type=\"column\" data-e-type=\"column\">\n\t\t\t<div class=\"elementor-widget-wrap elementor-element-populated\">\n\t\t\t\t\t\t<div class=\"elementor-element elementor-element-f29f98e elementor-widget elementor-widget-spacer\" data-id=\"f29f98e\" data-element_type=\"widget\" data-e-type=\"widget\" data-widget_type=\"spacer.default\">\n\t\t\t\t<div class=\"elementor-widget-container\">\n\t\t\t\t\t\t\t<div class=\"elementor-spacer\">\n\t\t\t<div class=\"elementor-spacer-inner\"><\/div>\n\t\t<\/div>\n\t\t\t\t\t\t<\/div>\n\t\t\t\t<\/div>\n\t\t\t\t\t<\/div>\n\t\t<\/div>\n\t\t\t\t\t<\/div>\n\t\t<\/section>\n\t\t\t\t<section class=\"elementor-section elementor-inner-section elementor-element elementor-element-a90d3f3 elementor-section-boxed elementor-section-height-default elementor-section-height-default\" data-id=\"a90d3f3\" data-element_type=\"section\" data-e-type=\"section\">\n\t\t\t\t\t\t<div class=\"elementor-container elementor-column-gap-default\">\n\t\t\t\t\t<div class=\"elementor-column elementor-col-66 elementor-inner-column elementor-element elementor-element-6306c81\" data-id=\"6306c81\" data-element_type=\"column\" data-e-type=\"column\" data-settings=\"{&quot;background_background&quot;:&quot;classic&quot;}\">\n\t\t\t<div class=\"elementor-widget-wrap elementor-element-populated\">\n\t\t\t\t\t\t<div class=\"elementor-element elementor-element-e657430 elementor-widget elementor-widget-heading\" data-id=\"e657430\" data-element_type=\"widget\" data-e-type=\"widget\" data-widget_type=\"heading.default\">\n\t\t\t\t<div class=\"elementor-widget-container\">\n\t\t\t\t\t<h2 class=\"elementor-heading-title elementor-size-default\">Skr\u00f6mt<\/h2>\t\t\t\t<\/div>\n\t\t\t\t<\/div>\n\t\t\t\t<div class=\"elementor-element elementor-element-6a72291 elementor-widget elementor-widget-text-editor\" data-id=\"6a72291\" data-element_type=\"widget\" data-e-type=\"widget\" data-widget_type=\"text-editor.default\">\n\t\t\t\t<div class=\"elementor-widget-container\">\n\t\t\t\t\t\t\t\t\t<p>Av\u00a0<a href=\"https:\/\/litteraturbanken.se\/skolan\/?page_id=113&amp;preview_nonce=19f66f8b79\"><em>Gustaf Fr\u00f6ding<\/em><\/a><\/p>\t\t\t\t\t\t\t\t<\/div>\n\t\t\t\t<\/div>\n\t\t\t\t<div class=\"elementor-element elementor-element-81a70c1 elementor-widget elementor-widget-text-editor\" data-id=\"81a70c1\" data-element_type=\"widget\" data-e-type=\"widget\" data-widget_type=\"text-editor.default\">\n\t\t\t\t<div class=\"elementor-widget-container\">\n\t\t\t\t\t\t\t\t\t<p><strong>Ur:<\/strong>\u00a0<em>R\u00e4ggler \u00e5 paschaser [I]\u00a0<\/em>(1895) \u00a0 \u00a0<strong>\u00c5rskurs:<\/strong> F\u20133, 4\u20136 \u00a0 \u00a0<strong>Tema:<\/strong> Folktro och skr\u00e4ck<\/p>\t\t\t\t\t\t\t\t<\/div>\n\t\t\t\t<\/div>\n\t\t\t\t<div class=\"elementor-element elementor-element-35d243b elementor-widget elementor-widget-text-editor\" data-id=\"35d243b\" data-element_type=\"widget\" data-e-type=\"widget\" data-widget_type=\"text-editor.default\">\n\t\t\t\t<div class=\"elementor-widget-container\">\n\t\t\t\t\t\t\t\t\t<p>H\u00e4r\u00a0fr\u00e5ger\u00a0di,\u00a0va\u00a0Skr\u00f6mt\u00a0\u00e4!<br \/>Va\u00a0Skr\u00f6mt\u00a0\u00e4?\u00a0Va\u00a0Skr\u00f6mt\u00a0\u00e4?<br \/>D\u00e4\u00a0\u00e4\u00a0te\u00a0fr\u00e5ge\u00a0dumt.<br \/>Ja,\u00a0vell\u00a0I\u00a0se\u00a0va\u00a0Skr\u00f6mt\u00a0\u00e4,<br \/>va\u00a0Skr\u00f6mt\u00a0\u00e4,\u00a0va\u00a0Skr\u00f6mt\u00a0\u00e4,<br \/>s\u00e5\u00a0v\u00e4nt\u00a0te\u00a0d\u00e4\u00a0blir\u00a0skumt!<\/p><p>F\u00f6r\u00a0\u00e4n\u00a0\u00e4\u00a0d\u00e4\u00a0sm\u00e5\u00a0g\u00f4bber,<br \/>s\u00f4m\u00a0feschler\u00a0bak\u00a0m\u00e4\u00a0st\u00f4bber,<br \/>d\u00e4\u00a0s\u00f6ker\u00a0g\u00f6mt,\u00a0g\u00f6mt,\u00a0g\u00f6mt!<br \/>\u00c5\u00a0\u00e4n\u00a0bak\u00f4m\u00a0en\u00a0b\u00f4ske<br \/>ett\u00a0kvennf\u00f4lk\u00a0m\u00e4\u00a0a\u00a0r\u00f4ske<br \/>te\u00a0rygg,\u00a0d\u00e4\u00a0\u00e4\u00a0Skr\u00f6mt,\u00a0d\u00e4\u00a0\u00e4\u00a0Skr\u00f6mt.<\/p><p>\u00c5\u00a0\u00e4n\u00a0\u00e4\u00a0d\u00e4\u00a0ett\u00a0skimten,<br \/>ett\u00a0fl\u00e4mten,\u00a0ett\u00a0glimten,<br \/>d\u00e4\u00a0lyser\u00a0vitt,\u00a0vitt,\u00a0vitt,<br \/>d\u00e4\u00a0\u00e4\u00a0sm\u00e5\u00a0vite\u00a0t\u00f6ser,<br \/>som\u00a0danser\u00a0bak\u00a0m\u00e4\u00a0r\u00f6ser,<br \/>di\u00a0titter\u00a0ut,\u00a0titt,\u00a0titt.<\/p><p>\u00c5\u00a0\u00e4n\u00a0s\u00e5\u00a0ser\u00a0en\u00a0syner<br \/>t\u00e5\u00a0horn\u00a0\u00e5\u00a0t\u00e5\u00a0tryner,<br \/>d\u00e4\u00a0gr\u00f6mter\u00a0gr\u00f6mt,\u00a0gr\u00f6mt,\u00a0gr\u00f6mt.<br \/>Men\u00a0en\u00a0ska\u00a0inte\u00a0titt\u00a0n\u00f4,<br \/>f\u00f6r\u00a0da\u00a0s\u00e5\u00a0blir\u00a0d\u00e4\u00a0itn\u00f4,<br \/>n\u00e4\u00a0inte\u00a0d\u00e4\u00a0minste\u00a0t\u00e5\u00a0Skr\u00f6mt.<\/p><p>Va\u00a0Skr\u00f6mt\u00a0\u00e4,\u00a0va\u00a0Skr\u00f6mt\u00a0\u00e4?<br \/>Jo\u00a0d\u00e4\u00a0\u00e4\u00a0allt,\u00a0s\u00f4m\u00a0d\u00f6mt\u00a0\u00e4,<br \/>ja\u00a0allt\u00a0s\u00f4m\u00a0Gu\u00a0ha\u00a0d\u00f6mt,<br \/>ja\u00a0allt,\u00a0s\u00f4m\u00a0Gu\u00a0ha\u00a0d\u00f6mt\u00a0te<br \/>\u00e5\u00a0skr\u00f6mte\u00a0\u00e5\u00a0skr\u00f6mte<br \/>i\u00a0\u00e4vie\u00a0tier\u00a0\u00e4\u00a0Skr\u00f6mt!<\/p>\t\t\t\t\t\t\t\t<\/div>\n\t\t\t\t<\/div>\n\t\t\t\t\t<\/div>\n\t\t<\/div>\n\t\t\t\t<div class=\"elementor-column elementor-col-33 elementor-inner-column elementor-element elementor-element-e360caa\" data-id=\"e360caa\" data-element_type=\"column\" data-e-type=\"column\">\n\t\t\t<div class=\"elementor-widget-wrap elementor-element-populated\">\n\t\t\t\t\t\t<div class=\"elementor-element elementor-element-845808e elementor-icon-list--layout-traditional elementor-list-item-link-full_width elementor-widget elementor-widget-icon-list\" data-id=\"845808e\" data-element_type=\"widget\" data-e-type=\"widget\" data-widget_type=\"icon-list.default\">\n\t\t\t\t<div class=\"elementor-widget-container\">\n\t\t\t\t\t\t\t<ul class=\"elementor-icon-list-items\">\n\t\t\t\t\t\t\t<li class=\"elementor-icon-list-item\">\n\t\t\t\t\t\t\t\t\t\t\t<a href=\"https:\/\/litteraturbanken.se\/forfattare\/FrodingG\/titlar\/RagglerAPaschaserI\/sida\/73\/etext\" target=\"_blank\">\n\n\t\t\t\t\t\t\t\t\t\t\t\t<span class=\"elementor-icon-list-icon\">\n\t\t\t\t\t\t\t\t\t\t\t\t\t\t\t\t<i class=\"fa fa-file-text-o\" aria-hidden=\"true\"><\/i>\n\t\t\t\t\t\t\t\t\t\t\t\t\t<\/span>\n\t\t\t\t\t\t\t\t\t\t<span class=\"elementor-icon-list-text\">L\u00e4s dikten p\u00e5 Litteraturbanken<\/span>\n\t\t\t\t\t\t\t\t\t\t\t<\/a>\n\t\t\t\t\t\t\t\t\t<\/li>\n\t\t\t\t\t\t\t\t<li class=\"elementor-icon-list-item\">\n\t\t\t\t\t\t\t\t\t\t\t<a href=\"https:\/\/litteraturbanken.se\/skolan\/?page_id=261\" target=\"_blank\">\n\n\t\t\t\t\t\t\t\t\t\t\t\t<span class=\"elementor-icon-list-icon\">\n\t\t\t\t\t\t\t\t\t\t\t\t\t\t\t\t<i class=\"fa fa-file-text-o\" aria-hidden=\"true\"><\/i>\n\t\t\t\t\t\t\t\t\t\t\t\t\t<\/span>\n\t\t\t\t\t\t\t\t\t\t<span class=\"elementor-icon-list-text\">Termer och begrepp<\/span>\n\t\t\t\t\t\t\t\t\t\t\t<\/a>\n\t\t\t\t\t\t\t\t\t<\/li>\n\t\t\t\t\t\t<\/ul>\n\t\t\t\t\t\t<\/div>\n\t\t\t\t<\/div>\n\t\t\t\t<div class=\"elementor-element elementor-element-a0a41c6 elementor-align-center elementor-widget elementor-widget-button\" data-id=\"a0a41c6\" data-element_type=\"widget\" data-e-type=\"widget\" data-widget_type=\"button.default\">\n\t\t\t\t<div class=\"elementor-widget-container\">\n\t\t\t\t\t\t\t\t\t<div class=\"elementor-button-wrapper\">\n\t\t\t\t\t<a class=\"elementor-button elementor-button-link elementor-size-md elementor-animation-grow\" href=\"#uppgiftF-3\">\n\t\t\t\t\t\t<span class=\"elementor-button-content-wrapper\">\n\t\t\t\t\t\t<span class=\"elementor-button-icon\">\n\t\t\t\t\t\t\t\t\t<i class=\"fa fa-pencil\" aria-hidden=\"true\"><\/i>\n\t\t\t\t\t\t\t<\/span>\n\t\t\t\t\t\t\t\t\t<span class=\"elementor-button-text\">Uppgift, \u00e5k F\u20133<\/span>\n\t\t\t\t\t<\/span>\n\t\t\t\t\t<\/a>\n\t\t\t\t<\/div>\n\t\t\t\t\t\t\t\t<\/div>\n\t\t\t\t<\/div>\n\t\t\t\t<div class=\"elementor-element elementor-element-0028944 elementor-align-center elementor-widget elementor-widget-button\" data-id=\"0028944\" data-element_type=\"widget\" data-e-type=\"widget\" data-widget_type=\"button.default\">\n\t\t\t\t<div class=\"elementor-widget-container\">\n\t\t\t\t\t\t\t\t\t<div class=\"elementor-button-wrapper\">\n\t\t\t\t\t<a class=\"elementor-button elementor-button-link elementor-size-md elementor-animation-grow\" href=\"#uppgift4-6\">\n\t\t\t\t\t\t<span class=\"elementor-button-content-wrapper\">\n\t\t\t\t\t\t<span class=\"elementor-button-icon\">\n\t\t\t\t\t\t\t\t\t<i class=\"fa fa-pencil\" aria-hidden=\"true\"><\/i>\n\t\t\t\t\t\t\t<\/span>\n\t\t\t\t\t\t\t\t\t<span class=\"elementor-button-text\">Uppgift, \u00e5k 4\u20136<\/span>\n\t\t\t\t\t<\/span>\n\t\t\t\t\t<\/a>\n\t\t\t\t<\/div>\n\t\t\t\t\t\t\t\t<\/div>\n\t\t\t\t<\/div>\n\t\t\t\t<div class=\"elementor-element elementor-element-1ea03d2 elementor-widget elementor-widget-image\" data-id=\"1ea03d2\" data-element_type=\"widget\" data-e-type=\"widget\" data-widget_type=\"image.default\">\n\t\t\t\t<div class=\"elementor-widget-container\">\n\t\t\t\t\t\t\t\t\t\t\t\t\t\t\t<img fetchpriority=\"high\" decoding=\"async\" width=\"300\" height=\"300\" src=\"https:\/\/litteraturbanken.se\/skolan\/wp-content\/uploads\/2019\/03\/lb_skolan_2019_knapp_f\u00f6rfattarbild_bl\u00e5-e1553013682353.jpg\" class=\"attachment-full size-full wp-image-13725\" alt=\"\" \/>\t\t\t\t\t\t\t\t\t\t\t\t\t\t\t<\/div>\n\t\t\t\t<\/div>\n\t\t\t\t\t<\/div>\n\t\t<\/div>\n\t\t\t\t\t<\/div>\n\t\t<\/section>\n\t\t\t\t<section class=\"elementor-section elementor-top-section elementor-element elementor-element-068714d elementor-section-boxed elementor-section-height-default elementor-section-height-default\" data-id=\"068714d\" data-element_type=\"section\" data-e-type=\"section\">\n\t\t\t\t\t\t<div class=\"elementor-container elementor-column-gap-default\">\n\t\t\t\t\t<div class=\"elementor-column elementor-col-100 elementor-top-column elementor-element elementor-element-92a0c96\" data-id=\"92a0c96\" data-element_type=\"column\" data-e-type=\"column\">\n\t\t\t<div class=\"elementor-widget-wrap elementor-element-populated\">\n\t\t\t\t\t\t<div class=\"elementor-element elementor-element-537cdb8 elementor-widget elementor-widget-spacer\" data-id=\"537cdb8\" data-element_type=\"widget\" data-e-type=\"widget\" data-widget_type=\"spacer.default\">\n\t\t\t\t<div class=\"elementor-widget-container\">\n\t\t\t\t\t\t\t<div class=\"elementor-spacer\">\n\t\t\t<div class=\"elementor-spacer-inner\"><\/div>\n\t\t<\/div>\n\t\t\t\t\t\t<\/div>\n\t\t\t\t<\/div>\n\t\t\t\t\t<\/div>\n\t\t<\/div>\n\t\t\t\t\t<\/div>\n\t\t<\/section>\n\t\t\t\t<section class=\"elementor-section elementor-top-section elementor-element elementor-element-748ee81 elementor-section-boxed elementor-section-height-default elementor-section-height-default\" data-id=\"748ee81\" data-element_type=\"section\" data-e-type=\"section\">\n\t\t\t\t\t\t<div class=\"elementor-container elementor-column-gap-default\">\n\t\t\t\t\t<div class=\"elementor-column elementor-col-100 elementor-top-column elementor-element elementor-element-2132b63\" data-id=\"2132b63\" data-element_type=\"column\" data-e-type=\"column\" data-settings=\"{&quot;background_background&quot;:&quot;classic&quot;}\">\n\t\t\t<div class=\"elementor-widget-wrap elementor-element-populated\">\n\t\t\t\t\t\t<section class=\"elementor-section elementor-inner-section elementor-element elementor-element-9f0bf99 elementor-section-boxed elementor-section-height-default elementor-section-height-default\" data-id=\"9f0bf99\" data-element_type=\"section\" data-e-type=\"section\">\n\t\t\t\t\t\t<div class=\"elementor-container elementor-column-gap-default\">\n\t\t\t\t\t<div class=\"elementor-column elementor-col-100 elementor-inner-column elementor-element elementor-element-f2e7d49\" data-id=\"f2e7d49\" data-element_type=\"column\" data-e-type=\"column\">\n\t\t\t<div class=\"elementor-widget-wrap elementor-element-populated\">\n\t\t\t\t\t\t<div class=\"elementor-element elementor-element-b97f99a elementor-widget elementor-widget-menu-anchor\" data-id=\"b97f99a\" data-element_type=\"widget\" data-e-type=\"widget\" data-widget_type=\"menu-anchor.default\">\n\t\t\t\t<div class=\"elementor-widget-container\">\n\t\t\t\t\t\t\t<div class=\"elementor-menu-anchor\" id=\"uppgiftF-3\"><\/div>\n\t\t\t\t\t\t<\/div>\n\t\t\t\t<\/div>\n\t\t\t\t<div class=\"elementor-element elementor-element-d688a93 elementor-view-framed elementor-shape-circle elementor-widget elementor-widget-icon\" data-id=\"d688a93\" data-element_type=\"widget\" data-e-type=\"widget\" data-widget_type=\"icon.default\">\n\t\t\t\t<div class=\"elementor-widget-container\">\n\t\t\t\t\t\t\t<div class=\"elementor-icon-wrapper\">\n\t\t\t<div class=\"elementor-icon\">\n\t\t\t\t\t\t\t<i class=\"fa fa-pencil\" aria-hidden=\"true\"><\/i>\n\t\t\t\t\t\t<\/div>\n\t\t<\/div>\n\t\t\t\t\t\t<\/div>\n\t\t\t\t<\/div>\n\t\t\t\t\t<\/div>\n\t\t<\/div>\n\t\t\t\t\t<\/div>\n\t\t<\/section>\n\t\t\t\t<div class=\"elementor-element elementor-element-35ee46b elementor-widget elementor-widget-menu-anchor\" data-id=\"35ee46b\" data-element_type=\"widget\" data-e-type=\"widget\" data-widget_type=\"menu-anchor.default\">\n\t\t\t\t<div class=\"elementor-widget-container\">\n\t\t\t\t\t\t\t<div class=\"elementor-menu-anchor\" id=\"uppgift4-6\"><\/div>\n\t\t\t\t\t\t<\/div>\n\t\t\t\t<\/div>\n\t\t\t\t<div class=\"elementor-element elementor-element-9425dae elementor-widget elementor-widget-toggle\" data-id=\"9425dae\" data-element_type=\"widget\" data-e-type=\"widget\" data-widget_type=\"toggle.default\">\n\t\t\t\t<div class=\"elementor-widget-container\">\n\t\t\t\t\t\t\t<div class=\"elementor-toggle\">\n\t\t\t\t\t\t\t<div class=\"elementor-toggle-item\">\n\t\t\t\t\t<div id=\"elementor-tab-title-1551\" class=\"elementor-tab-title\" data-tab=\"1\" role=\"button\" aria-controls=\"elementor-tab-content-1551\" aria-expanded=\"false\">\n\t\t\t\t\t\t\t\t\t\t\t\t<span class=\"elementor-toggle-icon elementor-toggle-icon-left\" aria-hidden=\"true\">\n\t\t\t\t\t\t\t\t\t\t\t\t\t\t\t<i class=\"elementor-toggle-icon-closed fa fa-chevron-right\"><\/i>\n\t\t\t\t\t\t\t\t<i class=\"elementor-toggle-icon-opened fa fa-chevron-down\"><\/i>\n\t\t\t\t\t\t\t\t\t\t\t\t\t<\/span>\n\t\t\t\t\t\t\t\t\t\t\t\t<a class=\"elementor-toggle-title\" tabindex=\"0\">\u00c5rskurs F\u20133<\/a>\n\t\t\t\t\t<\/div>\n\n\t\t\t\t\t<div id=\"elementor-tab-content-1551\" class=\"elementor-tab-content elementor-clearfix\" data-tab=\"1\" role=\"region\" aria-labelledby=\"elementor-tab-title-1551\"><h3 class=\"lb_tonsatt\">L\u00e4s dikten tillsammans<\/h3><p>Dikten \u00e4r skriven p\u00e5 v\u00e4rml\u00e4ndska. L\u00e4s den h\u00f6gt tillsammans och f\u00f6rs\u00f6k att \u201d\u00f6vers\u00e4tta\u201d den till rikssvenska.<\/p><h3>Samtalsfr\u00e5gor<\/h3><p>1 Dikten fr\u00e5gar vad \u201dskr\u00f6mt\u201d \u00e4r f\u00f6r n\u00e5got. Vad f\u00e5r vi f\u00f6r svar p\u00e5 den fr\u00e5gan?<\/p><p>\u00a0<\/p><p>Dikten har tonsatts.<\/p><\/div>\n\t\t\t\t<\/div>\n\t\t\t\t\t\t\t\t<\/div>\n\t\t\t\t\t\t<\/div>\n\t\t\t\t<\/div>\n\t\t\t\t<div class=\"elementor-element elementor-element-92b2546 elementor-widget elementor-widget-toggle\" data-id=\"92b2546\" data-element_type=\"widget\" data-e-type=\"widget\" data-widget_type=\"toggle.default\">\n\t\t\t\t<div class=\"elementor-widget-container\">\n\t\t\t\t\t\t\t<div class=\"elementor-toggle\">\n\t\t\t\t\t\t\t<div class=\"elementor-toggle-item\">\n\t\t\t\t\t<div id=\"elementor-tab-title-1531\" class=\"elementor-tab-title\" data-tab=\"1\" role=\"button\" aria-controls=\"elementor-tab-content-1531\" aria-expanded=\"false\">\n\t\t\t\t\t\t\t\t\t\t\t\t<span class=\"elementor-toggle-icon elementor-toggle-icon-left\" aria-hidden=\"true\">\n\t\t\t\t\t\t\t\t\t\t\t\t\t\t\t<i class=\"elementor-toggle-icon-closed fa fa-chevron-right\"><\/i>\n\t\t\t\t\t\t\t\t<i class=\"elementor-toggle-icon-opened fa fa-chevron-down\"><\/i>\n\t\t\t\t\t\t\t\t\t\t\t\t\t<\/span>\n\t\t\t\t\t\t\t\t\t\t\t\t<a class=\"elementor-toggle-title\" tabindex=\"0\">\u00c5rskurs 4\u20136<\/a>\n\t\t\t\t\t<\/div>\n\n\t\t\t\t\t<div id=\"elementor-tab-content-1531\" class=\"elementor-tab-content elementor-clearfix\" data-tab=\"1\" role=\"region\" aria-labelledby=\"elementor-tab-title-1531\"><h3 class=\"lb_tonsatt\">L\u00e4s dikten tillsammans<\/h3><p>Dikten \u00e4r skriven p\u00e5 v\u00e4rml\u00e4ndska. L\u00e4s den h\u00f6gt tillsammans och f\u00f6rs\u00f6k att \u201d\u00f6vers\u00e4tta\u201d den till rikssvenska.<\/p><h3>Samtalsfr\u00e5gor<\/h3><p>1 Dikten fr\u00e5gar vad \u201dskr\u00f6mt\u201d \u00e4r f\u00f6r n\u00e5got. Vad f\u00e5r vi f\u00f6r svar p\u00e5 den fr\u00e5gan?<\/p><\/div>\n\t\t\t\t<\/div>\n\t\t\t\t\t\t\t\t<\/div>\n\t\t\t\t\t\t<\/div>\n\t\t\t\t<\/div>\n\t\t\t\t<div class=\"elementor-element elementor-element-2200b35 elementor-widget elementor-widget-spacer\" data-id=\"2200b35\" data-element_type=\"widget\" data-e-type=\"widget\" data-widget_type=\"spacer.default\">\n\t\t\t\t<div class=\"elementor-widget-container\">\n\t\t\t\t\t\t\t<div class=\"elementor-spacer\">\n\t\t\t<div class=\"elementor-spacer-inner\"><\/div>\n\t\t<\/div>\n\t\t\t\t\t\t<\/div>\n\t\t\t\t<\/div>\n\t\t\t\t\t<\/div>\n\t\t<\/div>\n\t\t\t\t\t<\/div>\n\t\t<\/section>\n\t\t\t\t<section class=\"elementor-section elementor-top-section elementor-element elementor-element-9cef80a elementor-section-boxed elementor-section-height-default elementor-section-height-default\" data-id=\"9cef80a\" data-element_type=\"section\" data-e-type=\"section\">\n\t\t\t\t\t\t<div class=\"elementor-container elementor-column-gap-default\">\n\t\t\t\t\t<div class=\"elementor-column elementor-col-100 elementor-top-column elementor-element elementor-element-c50ccf8\" data-id=\"c50ccf8\" data-element_type=\"column\" data-e-type=\"column\">\n\t\t\t<div class=\"elementor-widget-wrap elementor-element-populated\">\n\t\t\t\t\t\t<div class=\"elementor-element elementor-element-352f72d elementor-widget elementor-widget-spacer\" data-id=\"352f72d\" data-element_type=\"widget\" data-e-type=\"widget\" data-widget_type=\"spacer.default\">\n\t\t\t\t<div class=\"elementor-widget-container\">\n\t\t\t\t\t\t\t<div class=\"elementor-spacer\">\n\t\t\t<div class=\"elementor-spacer-inner\"><\/div>\n\t\t<\/div>\n\t\t\t\t\t\t<\/div>\n\t\t\t\t<\/div>\n\t\t\t\t\t<\/div>\n\t\t<\/div>\n\t\t\t\t\t<\/div>\n\t\t<\/section>\n\t\t\t\t<\/div>\n\t\t","protected":false},"excerpt":{"rendered":"<p>Skr\u00f6mt Av\u00a0Gustaf Fr\u00f6ding Ur:\u00a0R\u00e4ggler \u00e5 paschaser [I]\u00a0(1895) \u00a0 \u00a0\u00c5rskurs: F\u20133, 4\u20136 \u00a0 \u00a0Tema: Folktro och skr\u00e4ck H\u00e4r\u00a0fr\u00e5ger\u00a0di,\u00a0va\u00a0Skr\u00f6mt\u00a0\u00e4!Va\u00a0Skr\u00f6mt\u00a0\u00e4?\u00a0Va\u00a0Skr\u00f6mt\u00a0\u00e4?D\u00e4\u00a0\u00e4\u00a0te\u00a0fr\u00e5ge\u00a0dumt.Ja,\u00a0vell\u00a0I\u00a0se\u00a0va\u00a0Skr\u00f6mt\u00a0\u00e4,va\u00a0Skr\u00f6mt\u00a0\u00e4,\u00a0va\u00a0Skr\u00f6mt\u00a0\u00e4,s\u00e5\u00a0v\u00e4nt\u00a0te\u00a0d\u00e4\u00a0blir\u00a0skumt! F\u00f6r\u00a0\u00e4n\u00a0\u00e4\u00a0d\u00e4\u00a0sm\u00e5\u00a0g\u00f4bber,s\u00f4m\u00a0feschler\u00a0bak\u00a0m\u00e4\u00a0st\u00f4bber,d\u00e4\u00a0s\u00f6ker\u00a0g\u00f6mt,\u00a0g\u00f6mt,\u00a0g\u00f6mt!\u00c5\u00a0\u00e4n\u00a0bak\u00f4m\u00a0en\u00a0b\u00f4skeett\u00a0kvennf\u00f4lk\u00a0m\u00e4\u00a0a\u00a0r\u00f4skete\u00a0rygg,\u00a0d\u00e4\u00a0\u00e4\u00a0Skr\u00f6mt,\u00a0d\u00e4\u00a0\u00e4\u00a0Skr\u00f6mt. \u00c5\u00a0\u00e4n\u00a0\u00e4\u00a0d\u00e4\u00a0ett\u00a0skimten,ett\u00a0fl\u00e4mten,\u00a0ett\u00a0glimten,d\u00e4\u00a0lyser\u00a0vitt,\u00a0vitt,\u00a0vitt,d\u00e4\u00a0\u00e4\u00a0sm\u00e5\u00a0vite\u00a0t\u00f6ser,som\u00a0danser\u00a0bak\u00a0m\u00e4\u00a0r\u00f6ser,di\u00a0titter\u00a0ut,\u00a0titt,\u00a0titt. \u00c5\u00a0\u00e4n\u00a0s\u00e5\u00a0ser\u00a0en\u00a0synert\u00e5\u00a0horn\u00a0\u00e5\u00a0t\u00e5\u00a0tryner,d\u00e4\u00a0gr\u00f6mter\u00a0gr\u00f6mt,\u00a0gr\u00f6mt,\u00a0gr\u00f6mt.Men\u00a0en\u00a0ska\u00a0inte\u00a0titt\u00a0n\u00f4,f\u00f6r\u00a0da\u00a0s\u00e5\u00a0blir\u00a0d\u00e4\u00a0itn\u00f4,n\u00e4\u00a0inte\u00a0d\u00e4\u00a0minste\u00a0t\u00e5\u00a0Skr\u00f6mt. Va\u00a0Skr\u00f6mt\u00a0\u00e4,\u00a0va\u00a0Skr\u00f6mt\u00a0\u00e4?Jo\u00a0d\u00e4\u00a0\u00e4\u00a0allt,\u00a0s\u00f4m\u00a0d\u00f6mt\u00a0\u00e4,ja\u00a0allt\u00a0s\u00f4m\u00a0Gu\u00a0ha\u00a0d\u00f6mt,ja\u00a0allt,\u00a0s\u00f4m\u00a0Gu\u00a0ha\u00a0d\u00f6mt\u00a0te\u00e5\u00a0skr\u00f6mte\u00a0\u00e5\u00a0skr\u00f6mtei\u00a0\u00e4vie\u00a0tier\u00a0\u00e4\u00a0Skr\u00f6mt! L\u00e4s dikten p\u00e5 Litteraturbanken Termer och begrepp Uppgift, \u00e5k F\u20133 Uppgift, \u00e5k 4\u20136 \u00c5rskurs F\u20133 L\u00e4s dikten tillsammans Dikten \u00e4r skriven p\u00e5 v\u00e4rml\u00e4ndska. L\u00e4s den h\u00f6gt tillsammans och f\u00f6rs\u00f6k att \u201d\u00f6vers\u00e4tta\u201d den till rikssvenska. [&hellip;]<\/p>\n","protected":false},"author":5,"featured_media":0,"parent":0,"menu_order":0,"comment_status":"closed","ping_status":"closed","template":"","meta":{"ocean_post_layout":"full-screen","ocean_both_sidebars_style":"","ocean_both_sidebars_content_width":0,"ocean_both_sidebars_sidebars_width":0,"ocean_sidebar":"0","ocean_second_sidebar":"0","ocean_disable_margins":"enable","ocean_add_body_class":"","ocean_shortcode_before_top_bar":"","ocean_shortcode_after_top_bar":"","ocean_shortcode_before_header":"","ocean_shortcode_after_header":"","ocean_has_shortcode":"","ocean_shortcode_after_title":"","ocean_shortcode_before_footer_widgets":"","ocean_shortcode_after_footer_widgets":"","ocean_shortcode_before_footer_bottom":"","ocean_shortcode_after_footer_bottom":"","ocean_display_top_bar":"default","ocean_display_header":"default","ocean_header_style":"","ocean_center_header_left_menu":"0","ocean_custom_header_template":"0","ocean_custom_logo":0,"ocean_custom_retina_logo":0,"ocean_custom_logo_max_width":0,"ocean_custom_logo_tablet_max_width":0,"ocean_custom_logo_mobile_max_width":0,"ocean_custom_logo_max_height":0,"ocean_custom_logo_tablet_max_height":0,"ocean_custom_logo_mobile_max_height":0,"ocean_header_custom_menu":"0","ocean_menu_typo_font_family":"0","ocean_menu_typo_font_subset":"","ocean_menu_typo_font_size":0,"ocean_menu_typo_font_size_tablet":0,"ocean_menu_typo_font_size_mobile":0,"ocean_menu_typo_font_size_unit":"px","ocean_menu_typo_font_weight":"","ocean_menu_typo_font_weight_tablet":"","ocean_menu_typo_font_weight_mobile":"","ocean_menu_typo_transform":"","ocean_menu_typo_transform_tablet":"","ocean_menu_typo_transform_mobile":"","ocean_menu_typo_line_height":0,"ocean_menu_typo_line_height_tablet":0,"ocean_menu_typo_line_height_mobile":0,"ocean_menu_typo_line_height_unit":"","ocean_menu_typo_spacing":0,"ocean_menu_typo_spacing_tablet":0,"ocean_menu_typo_spacing_mobile":0,"ocean_menu_typo_spacing_unit":"","ocean_menu_link_color":"","ocean_menu_link_color_hover":"","ocean_menu_link_color_active":"","ocean_menu_link_background":"","ocean_menu_link_hover_background":"","ocean_menu_link_active_background":"","ocean_menu_social_links_bg":"","ocean_menu_social_hover_links_bg":"","ocean_menu_social_links_color":"","ocean_menu_social_hover_links_color":"","ocean_disable_title":"on","ocean_disable_heading":"default","ocean_post_title":"","ocean_post_subheading":"","ocean_post_title_style":"","ocean_post_title_background_color":"","ocean_post_title_background":0,"ocean_post_title_bg_image_position":"","ocean_post_title_bg_image_attachment":"","ocean_post_title_bg_image_repeat":"","ocean_post_title_bg_image_size":"","ocean_post_title_height":0,"ocean_post_title_bg_overlay":0.5,"ocean_post_title_bg_overlay_color":"","ocean_disable_breadcrumbs":"default","ocean_breadcrumbs_color":"","ocean_breadcrumbs_separator_color":"","ocean_breadcrumbs_links_color":"","ocean_breadcrumbs_links_hover_color":"","ocean_display_footer_widgets":"default","ocean_display_footer_bottom":"default","ocean_custom_footer_template":"0","footnotes":""},"class_list":["post-9964","page","type-page","status-publish","hentry","entry"],"_links":{"self":[{"href":"https:\/\/litteraturbanken.se\/skolan\/wp-json\/wp\/v2\/pages\/9964","targetHints":{"allow":["GET"]}}],"collection":[{"href":"https:\/\/litteraturbanken.se\/skolan\/wp-json\/wp\/v2\/pages"}],"about":[{"href":"https:\/\/litteraturbanken.se\/skolan\/wp-json\/wp\/v2\/types\/page"}],"author":[{"embeddable":true,"href":"https:\/\/litteraturbanken.se\/skolan\/wp-json\/wp\/v2\/users\/5"}],"replies":[{"embeddable":true,"href":"https:\/\/litteraturbanken.se\/skolan\/wp-json\/wp\/v2\/comments?post=9964"}],"version-history":[{"count":15,"href":"https:\/\/litteraturbanken.se\/skolan\/wp-json\/wp\/v2\/pages\/9964\/revisions"}],"predecessor-version":[{"id":20420,"href":"https:\/\/litteraturbanken.se\/skolan\/wp-json\/wp\/v2\/pages\/9964\/revisions\/20420"}],"wp:attachment":[{"href":"https:\/\/litteraturbanken.se\/skolan\/wp-json\/wp\/v2\/media?parent=9964"}],"curies":[{"name":"wp","href":"https:\/\/api.w.org\/{rel}","templated":true}]}}